
{"id":27178,"date":"2025-07-16T10:31:01","date_gmt":"2025-07-16T10:31:01","guid":{"rendered":"https:\/\/staging.daisyjames.eu\/bedingungen-und-konditionen\/"},"modified":"2026-01-19T10:18:46","modified_gmt":"2026-01-19T10:18:46","slug":"bedingungen-und-konditionen","status":"publish","type":"page","link":"https:\/\/daisyjames.eu\/de\/bedingungen-und-konditionen\/","title":{"rendered":"Bedingungen und Konditionen"},"content":{"rendered":"\n<div style=\"height:var(--wp--preset--spacing--xxxxxl)\" aria-hidden=\"true\" class=\"wp-block-spacer\"><\/div>\n\n\n\n<div class=\"wp-block-group has-global-padding is-layout-constrained wp-container-core-group-is-layout-be04af43 wp-block-group-is-layout-constrained\" style=\"margin-top:0;margin-bottom:0\">\n<div style=\"height:var(--wp--preset--spacing--xxxxxl)\" aria-hidden=\"true\" class=\"wp-block-spacer\"><\/div>\n\n\n\n<h1 data-aos-duration=\"1000\" data-aos=\"fade\" class=\"wp-block-heading has-text-align-center\" id=\"h-bedingungen-und-konditionen\" style=\"margin-top:0;margin-bottom:0\">BEDINGUNGEN UND KONDITIONEN<\/h1>\n\n\n\n<div style=\"margin-top:0;margin-bottom:0;height:var(--wp--preset--spacing--xxxxxxxl)\" aria-hidden=\"true\" class=\"wp-block-spacer\"><\/div>\n\n\n \n\t\t\t<div data-aos-duration=\"1500\" data-aos=\"width-full-rtl\" \n\t\t\t\tclass=\"wordpress-container !px-0 origin-left w-full m-0 py-[0px] box-border sm:box-border\"\n\t\t\t>\n\t\t\t\t<div\n\t\t\t\t\tclass=\"w-full h-[1px] bg-[#0d181c]\"\n\t\t\t\t><\/div>\n\t\t\t<\/div>\n\t\t<\/div>\n\n\n\n<div class=\"wp-block-group has-global-padding is-layout-constrained wp-container-core-group-is-layout-e54397f0 wp-block-group-is-layout-constrained\" style=\"padding-top:var(--wp--preset--spacing--xxxxxxxl);padding-right:0;padding-bottom:var(--wp--preset--spacing--xxxxxxxl);padding-left:0\">\n<p data-aos-duration=\"1000\" data-aos=\"fade\" class=\"has-primary-color has-text-color has-link-color wp-elements-a3ba2dc5233d91e2e8017f80175ff455\">Allgemeine Gesch\u00e4ftsbedingungen | <strong>daisy james<\/strong> Luxury Wallcoverings<\/p>\n\n\n\n<p data-aos-duration=\"1000\" data-aos=\"fade\" class=\"has-primary-color has-text-color has-link-color wp-elements-50739d56582513e0140ae71e0e5d7456\">Willkommen bei den offiziellen Gesch\u00e4ftsbedingungen von <strong>daisy james<\/strong>, Ihrem Spezialisten f\u00fcr exklusive Luxustapeten und ma\u00dfgefertigte Innendekoration. Diese Bedingungen umrei\u00dfen die Regeln, Rechte und Verantwortlichkeiten, die bei der Nutzung unserer Website, bei Bestellungen und bei der Zusammenarbeit an ma\u00dfgeschneiderten Wandverkleidungsprojekten gelten. Indem Sie auf unsere Website zugreifen und einen Kauf t\u00e4tigen, erkl\u00e4ren Sie sich mit diesen Bedingungen einverstanden.  <\/p>\n\n\n\n<p data-aos-duration=\"1000\" data-aos=\"fade\" class=\"has-primary-color has-text-color has-link-color wp-elements-f0e2f5d88df03aa3c8ac1310032b5e2e\">Wir empfehlen Ihnen, diese Allgemeinen Gesch\u00e4ftsbedingungen sorgf\u00e4ltig zu lesen, um den Umfang unserer Dienstleistungen, die Bestellverfahren, die R\u00fcckgabebedingungen und die Haftungsbeschr\u00e4nkungen vollst\u00e4ndig zu verstehen. Sollten Sie noch Fragen haben, steht Ihnen unser Team jederzeit gerne zur Verf\u00fcgung unter <strong><a href=\"mailto:info@daisyjames.nl\">info@daisyjames.nl<\/a><\/strong>. <\/p>\n<\/div>\n\n\n\n<div class=\"wp-block-group has-global-padding is-layout-constrained wp-container-core-group-is-layout-6b6a4723 wp-block-group-is-layout-constrained\" style=\"margin-top:0;margin-bottom:0;padding-bottom:0\"> \n\t\t\t<div data-aos-duration=\"1500\" data-aos=\"width-full-rtl\" \n\t\t\t\tclass=\"wordpress-container !px-0 origin-left w-full m-0 py-[0px] box-border sm:box-border\"\n\t\t\t>\n\t\t\t\t<div\n\t\t\t\t\tclass=\"w-full h-[1px] bg-[#0d181c]\"\n\t\t\t\t><\/div>\n\t\t\t<\/div>\n\t\t\n\n\n<div style=\"height:28px\" aria-hidden=\"true\" class=\"wp-block-spacer\"><\/div>\n\n\n\n<h2 data-aos-duration=\"1000\" data-aos=\"fade\" class=\"wp-block-heading alignfull has-text-align-center has-xxxxxl-font-size\" id=\"h-bedingungen-und-konditionen-0\" style=\"margin-top:0;margin-bottom:0;padding-top:var(--wp--preset--spacing--xxxxxxxl);padding-bottom:var(--wp--preset--spacing--xxxxxxxl);line-height:1;text-transform:uppercase\">BEDINGUNGEN UND KONDITIONEN<\/h2>\n<\/div>\n\n\n\n<div class=\"wp-block-group has-global-padding is-layout-constrained wp-container-core-group-is-layout-639b5052 wp-block-group-is-layout-constrained\" style=\"padding-top:0;padding-right:0;padding-bottom:0;padding-left:0\">\n<details data-aos-duration=\"1000\" data-aos=\"fade\" class=\"wp-block-details is-layout-flow wp-block-details-is-layout-flow\"><summary>Unternehmen Details<\/summary>\n<div class=\"wp-block-group has-global-padding is-layout-constrained wp-block-group-is-layout-constrained\" style=\"padding-top:var(--wp--preset--spacing--xl);padding-bottom:var(--wp--preset--spacing--xl)\">\n<p><strong>Firmenname:<\/strong> daisy james<br><strong>E-Mail:<\/strong> <a href=\"mailto:info@daisyjames.nl\">info@daisyjames.nl<\/a><br><strong>Registriert in:<\/strong> Die Niederlande<\/p>\n<\/div>\n<\/details>\n\n\n\n<details data-aos-duration=\"1000\" data-aos=\"fade\" class=\"wp-block-details is-layout-flow wp-block-details-is-layout-flow\" open><summary>Products &amp; Services<\/summary>\n<p style=\"padding-top:var(--wp--preset--spacing--xl);padding-bottom:var(--wp--preset--spacing--xl)\"><strong>daisy james<\/strong> entwirft und produziert ma\u00dfgeschneiderte Wandverkleidungen f\u00fcr Luxusprojekte und Privatwohnungen. Alle Produkte werden nach Ma\u00df gefertigt und die genauen Farben und Designs k\u00f6nnen leicht von der Online-Ansicht abweichen. <\/p>\n<\/details>\n\n\n\n<details data-aos-duration=\"1000\" data-aos=\"fade\" class=\"wp-block-details is-layout-flow wp-block-details-is-layout-flow\"><summary>Bestellung und Bezahlung<\/summary>\n<p style=\"padding-top:var(--wp--preset--spacing--xl);padding-bottom:var(--wp--preset--spacing--xl)\">Bestellungen werden nach Eingang der vollst\u00e4ndigen Zahlung best\u00e4tigt. Die Zahlungsarten werden w\u00e4hrend des Bestellvorgangs angegeben. Die Preise enthalten die gesetzliche Mehrwertsteuer, sofern nicht anders angegeben.  <\/p>\n<\/details>\n\n\n\n<details data-aos-duration=\"1000\" data-aos=\"fade\" class=\"wp-block-details is-layout-flow wp-block-details-is-layout-flow\"><summary>Lieferung<\/summary>\n<div class=\"wp-block-group has-global-padding is-layout-constrained wp-block-group-is-layout-constrained\" style=\"padding-top:var(--wp--preset--spacing--xl);padding-bottom:var(--wp--preset--spacing--xl)\">\n<p>Wir bem\u00fchen uns, die Produkte innerhalb des vereinbarten Zeitrahmens zu liefern. Die Lieferzeiten sind Sch\u00e4tzungen und k\u00f6nnen nicht garantiert werden. Etwaige Verz\u00f6gerungen werden umgehend mitgeteilt.  <\/p>\n<\/div>\n<\/details>\n\n\n\n<details data-aos-duration=\"1000\" data-aos=\"fade\" class=\"wp-block-details is-layout-flow wp-block-details-is-layout-flow\"><summary>R\u00fcckgabe- und Stornierungsbedingungen<\/summary>\n<p style=\"padding-top:var(--wp--preset--spacing--xl);padding-bottom:var(--wp--preset--spacing--xl)\">Da die Produkte auf Bestellung gefertigt werden, sind Stornierungen oder R\u00fccksendungen im Allgemeinen nicht m\u00f6glich, sobald die Produktion begonnen hat. Wenn Sie glauben, dass ein Produkt fehlerhaft ist oder nicht den Erwartungen entspricht, kontaktieren Sie uns bitte unter <strong><a href=\"mailto:info@daisyjames.nl\">info@daisyjames.nl<\/a><\/strong> innerhalb von 14 Tagen nach der Lieferung. Eine vollst\u00e4ndige <strong><a href=\"https:\/\/daisyjames.eu\/de\/ruckgaberecht\/\">R\u00fcckgabeerkl\u00e4rung<\/a><\/strong> ist verf\u00fcgbar.<\/p>\n<\/details>\n\n\n\n<details data-aos-duration=\"1000\" data-aos=\"fade\" class=\"wp-block-details is-layout-flow wp-block-details-is-layout-flow\"><summary>Datenschutzbestimmungen<\/summary>\n<p style=\"padding-top:var(--wp--preset--spacing--xl);padding-bottom:var(--wp--preset--spacing--xl)\">Ihre Privatsph\u00e4re ist uns wichtig. Wir erheben personenbezogene Daten nur, wenn es notwendig ist, und verarbeiten sie in \u00dcbereinstimmung mit den geltenden Datenschutzgesetzen. Weitere Einzelheiten finden Sie in unserer vollst\u00e4ndigen <a href=\"https:\/\/daisyjames.eu\/de\/datenschutzbestimmungen\/\"><strong>Datenschutzerkl\u00e4rung<\/strong>.<\/a><\/p>\n<\/details>\n\n\n\n<details data-aos-duration=\"1000\" data-aos=\"fade\" class=\"wp-block-details is-layout-flow wp-block-details-is-layout-flow\"><summary>Aufbewahrung von Daten<\/summary>\n<div class=\"wp-block-group has-global-padding is-layout-constrained wp-block-group-is-layout-constrained\" style=\"padding-top:var(--wp--preset--spacing--xl);padding-bottom:var(--wp--preset--spacing--xl)\">\n<p>Wir bewahren personenbezogene Daten nicht l\u00e4nger als n\u00f6tig auf:<\/p>\n\n\n\n<p>Verwaltungs- und Steuerdaten (Rechnungen): <strong>7 Jahre<\/strong><\/p>\n\n\n\n<p>Kunden- und Bestelldaten: <strong>2 Jahre Inaktivit\u00e4t<\/strong><\/p>\n<\/div>\n<\/details>\n\n\n\n<details data-aos-duration=\"1000\" data-aos=\"fade\" class=\"wp-block-details is-layout-flow wp-block-details-is-layout-flow\"><summary>Zugriff auf, \u00c4nderung oder L\u00f6schung von Daten<\/summary>\n<div class=\"wp-block-group has-global-padding is-layout-constrained wp-block-group-is-layout-constrained\" style=\"padding-top:var(--wp--preset--spacing--xl);padding-bottom:var(--wp--preset--spacing--xl)\">\n<p>Sie haben das Recht, Ihre pers\u00f6nlichen Daten einzusehen, zu korrigieren oder zu l\u00f6schen. Sie haben au\u00dferdem das Recht, Ihre Zustimmung zur Datenverarbeitung zur\u00fcckzuziehen, der Verarbeitung Ihrer personenbezogenen Daten durch <strong>daisy james<\/strong> zu widersprechen und Datenportabilit\u00e4t zu verlangen. Das bedeutet, dass Sie verlangen k\u00f6nnen, dass wir die personenbezogenen Daten, die wir \u00fcber Sie gespeichert haben, in einer digitalen Datei an Sie oder eine andere von Ihnen angegebene Organisation senden.  <\/p>\n\n\n\n<p>Wenn Sie einen Antrag auf Zugang, Berichtigung, L\u00f6schung, Daten\u00fcbertragung, Widerruf der Zustimmung oder Widerspruch gegen die Verarbeitung Ihrer pers\u00f6nlichen Daten stellen m\u00f6chten, kontaktieren Sie uns bitte unter <a href=\"mailto:info@daisyjames.nl\"><strong>info@daisyjames.nl<\/strong><\/a>. Um Ihre Identit\u00e4t zu \u00fcberpr\u00fcfen, bitten wir Sie, Ihrer Anfrage eine Kopie Ihres Personalausweises beizuf\u00fcgen. Bitte schw\u00e4rzen Sie Ihr Foto, die MRZ (maschinenlesbare Zone), die Passnummer und die B\u00fcrgerservicenummer (BSN), um Ihre Privatsph\u00e4re zu sch\u00fctzen. Wir werden Ihre Anfrage so schnell wie m\u00f6glich innerhalb von vier Wochen beantworten.<\/p>\n\n\n\n<p>Au\u00dferdem haben Sie die M\u00f6glichkeit, eine Beschwerde bei der niederl\u00e4ndischen Datenschutzbeh\u00f6rde (Autoriteit Persoonsgegevens), der nationalen Aufsichtsbeh\u00f6rde, einzureichen.<\/p>\n<\/div>\n<\/details>\n\n\n\n<details data-aos-duration=\"1000\" data-aos=\"fade\" class=\"wp-block-details is-layout-flow wp-block-details-is-layout-flow\"><summary>Verwendung von Cookies<\/summary>\n<p style=\"padding-top:var(--wp--preset--spacing--xl);padding-bottom:var(--wp--preset--spacing--xl)\">Unsere Website verwendet funktionale und anonymisierte analytische Cookies, um die Leistung und das Benutzererlebnis zu optimieren. Ausf\u00fchrliche Informationen finden Sie in unserer <strong><a href=\"https:\/\/daisyjames.eu\/de\/datenschutzbestimmungen\/\">Datenschutzrichtlinie<\/a><\/strong>. Bitte kontaktieren Sie uns unter <strong><a href=\"mailto:info@daisyjames.nl\">info@daisyjames.nl<\/a>.<\/strong><\/p>\n<\/details>\n\n\n\n<details data-aos-duration=\"1000\" data-aos=\"fade\" class=\"wp-block-details is-layout-flow wp-block-details-is-layout-flow\"><summary>Geistiges Eigentum<\/summary>\n<p style=\"padding-top:var(--wp--preset--spacing--xl);padding-bottom:var(--wp--preset--spacing--xl)\">Der gesamte Inhalt dieser Website &#8211; einschlie\u00dflich der Bilder, Texte, Designs und des Brandings &#8211; ist Eigentum von <strong>daisy james<\/strong> und urheberrechtlich gesch\u00fctzt. Kein Teil dieser Website darf ohne schriftliche Genehmigung vervielf\u00e4ltigt oder verbreitet werden. <\/p>\n<\/details>\n\n\n\n<details data-aos-duration=\"1000\" data-aos=\"fade\" class=\"wp-block-details is-layout-flow wp-block-details-is-layout-flow\"><summary>Haftung<\/summary>\n<p style=\"padding-top:var(--wp--preset--spacing--xl);padding-bottom:var(--wp--preset--spacing--xl)\">Obwohl wir uns um Genauigkeit bem\u00fchen, \u00fcbernimmt <strong>daisy james<\/strong> keine Haftung f\u00fcr Fehler oder Auslassungen in den Inhalten der Website. Aus dem Inhalt der Website k\u00f6nnen keine Rechte abgeleitet werden. <\/p>\n<\/details>\n\n\n\n<details data-aos-duration=\"1000\" data-aos=\"fade\" class=\"wp-block-details is-layout-flow wp-block-details-is-layout-flow\"><summary>\u00c4nderungen der Bedingungen<\/summary>\n<p style=\"padding-top:var(--wp--preset--spacing--xl);padding-bottom:var(--wp--preset--spacing--xl)\"><strong>daisy james<\/strong> beh\u00e4lt sich das Recht vor, diese Allgemeinen Gesch\u00e4ftsbedingungen jederzeit zu \u00e4ndern. Die aktuellste Version wird immer auf dieser Website ver\u00f6ffentlicht. <\/p>\n<\/details>\n\n\n\n<details data-aos-duration=\"1000\" data-aos=\"fade\" class=\"wp-block-details is-layout-flow wp-block-details-is-layout-flow\"><summary>Kontakt<\/summary>\n<p style=\"padding-top:var(--wp--preset--spacing--xl);padding-bottom:var(--wp--preset--spacing--xl)\">Wenn Sie Fragen zu diesen Allgemeinen Gesch\u00e4ftsbedingungen haben, kontaktieren Sie uns bitte unter: <strong><a>info@<\/a><a href=\"mailto:info@daisyjames.nl\">daisyjames.nl<\/a><\/strong><\/p>\n<\/details>\n<\/div>\n\n\n\n<div class=\"wp-block-group has-global-padding is-layout-constrained wp-block-group-is-layout-constrained\" style=\"margin-top:0;margin-bottom:0;padding-top:var(--wp--preset--spacing--xxxxxxxl);padding-bottom:var(--wp--preset--spacing--xxxxxxxl)\">\n<p data-aos-duration=\"1000\" data-aos=\"fade\"><\/p>\n\n\n\n<div data-aos-duration=\"1000\" data-aos=\"fade\" class=\"wp-block-buttons is-layout-flex wp-block-buttons-is-layout-flex\" style=\"margin-top:0;margin-bottom:var(--wp--preset--spacing--xxxxxxxl)\">\n<div class=\"wp-block-button is-style-download-icon\"><a class=\"wp-block-button__link wp-element-button\" href=\"\/wp-content\/uploads\/2024\/05\/privacyverklaring-daisyjames.pdf\" target=\"_blank\" rel=\"noreferrer noopener nofollow\">Download Allgemeine Gesch\u00e4ftsbedingungen (pdf)<\/a><\/div>\n<\/div>\n\n\n \n\t\t\t<div data-aos-duration=\"1500\" data-aos=\"width-full-rtl\" \n\t\t\t\tclass=\"wordpress-container !px-0 origin-left w-full m-0 py-[0px] box-border sm:box-border\"\n\t\t\t>\n\t\t\t\t<div\n\t\t\t\t\tclass=\"w-full h-[1px] bg-[#0d181c]\"\n\t\t\t\t><\/div>\n\t\t\t<\/div>\n\t\t<\/div>\n\n\n\n<div style=\"height:31px\" aria-hidden=\"true\" class=\"wp-block-spacer\"><\/div>\n\n\n\n<h1 class=\"wp-block-heading has-text-align-center\" id=\"h-luxus-tapeten-klare-bedingungen-dauerhafte-partnerschaften\">LUXUS-TAPETEN, KLARE BEDINGUNGEN, DAUERHAFTE PARTNERSCHAFTEN<\/h1>\n\n\n\n<div style=\"height:109px\" aria-hidden=\"true\" class=\"wp-block-spacer\"><\/div>\n\n\n \n\t\t\t<div data-aos-duration=\"1500\" data-aos=\"width-full-rtl\" \n\t\t\t\tclass=\"wordpress-container !px-0 origin-left w-full m-0 py-[0px] box-border sm:box-border\"\n\t\t\t>\n\t\t\t\t<div\n\t\t\t\t\tclass=\"w-full h-[1px] bg-[#0d181c]\"\n\t\t\t\t><\/div>\n\t\t\t<\/div>\n\t\t\n\n\n<div style=\"margin-top:0;margin-bottom:0;height:var(--wp--preset--spacing--xxxxxxxl)\" aria-hidden=\"true\" class=\"wp-block-spacer\"><\/div>\n\n\n\n<div style=\"margin-top:0;margin-bottom:0;height:var(--wp--preset--spacing--xxxxxxxl)\" aria-hidden=\"true\" class=\"wp-block-spacer\"><\/div>\n\n\n\n<p><\/p>\n","protected":false},"excerpt":{"rendered":"<p>BEDINGUNGEN UND KONDITIONEN Allgemeine Gesch\u00e4ftsbedingungen | daisy james Luxury Wallcoverings Willkommen bei den offiziellen Gesch\u00e4ftsbedingungen von daisy james, Ihrem Spezialisten f\u00fcr exklusive Luxustapeten und ma\u00dfgefertigte Innendekoration. Diese Bedingungen umrei\u00dfen die Regeln, Rechte und Verantwortlichkeiten, die bei der Nutzung unserer Website, bei Bestellungen und bei der Zusammenarbeit an ma\u00dfgeschneiderten Wandverkleidungsprojekten gelten. Indem Sie auf unsere Website [&hellip;]<\/p>\n","protected":false},"author":5,"featured_media":29004,"parent":0,"menu_order":1,"comment_status":"closed","ping_status":"closed","template":"","meta":{"_acf_changed":false,"footnotes":""},"class_list":["post-27178","page","type-page","status-publish","has-post-thumbnail","hentry"],"acf":[],"yoast_head":"<!-- This site is optimized with the Yoast SEO Premium plugin v27.3 (Yoast SEO v27.3) - https:\/\/yoast.com\/product\/yoast-seo-premium-wordpress\/ -->\n<title>Allgemeine Gesch\u00e4ftsbedingungen | daisy james Luxury Wallcoverings<\/title>\n<meta name=\"description\" content=\"Allgemeine Gesch\u00e4ftsbedingungen von daisy james, Ihrem Spezialisten f\u00fcr exklusive, ma\u00dfgeschneiderte Wandverkleidungen und ma\u00dfgefertigte Innenraumgestaltung. Lesen Sie \u00fcber unsere Liefer-, Zahlungs- und R\u00fcckgabebedingungen.\" \/>\n<meta name=\"robots\" content=\"index, follow, max-snippet:-1, max-image-preview:large, max-video-preview:-1\" \/>\n<link rel=\"canonical\" href=\"https:\/\/daisyjames.eu\/de\/bedingungen-und-konditionen\/\" \/>\n<script type=\"application\/ld+json\" class=\"yoast-schema-graph\">{\"@context\":\"https:\\\/\\\/schema.org\",\"@graph\":[{\"@type\":\"WebPage\",\"@id\":\"https:\\\/\\\/daisyjames.eu\\\/de\\\/bedingungen-und-konditionen\\\/\",\"url\":\"https:\\\/\\\/daisyjames.eu\\\/de\\\/bedingungen-und-konditionen\\\/\",\"name\":\"Allgemeine Gesch\u00e4ftsbedingungen | daisy james Luxury Wallcoverings\",\"isPartOf\":{\"@id\":\"https:\\\/\\\/daisyjames.eu\\\/#website\"},\"primaryImageOfPage\":{\"@id\":\"https:\\\/\\\/daisyjames.eu\\\/de\\\/bedingungen-und-konditionen\\\/#primaryimage\"},\"image\":{\"@id\":\"https:\\\/\\\/daisyjames.eu\\\/de\\\/bedingungen-und-konditionen\\\/#primaryimage\"},\"thumbnailUrl\":\"https:\\\/\\\/daisyjames.eu\\\/wp-content\\\/uploads\\\/2025\\\/09\\\/DJ_instagram_post_vierkant_salmon_3.jpg\",\"datePublished\":\"2025-07-16T10:31:01+00:00\",\"dateModified\":\"2026-01-19T10:18:46+00:00\",\"description\":\"Allgemeine Gesch\u00e4ftsbedingungen von daisy james, Ihrem Spezialisten f\u00fcr exklusive, ma\u00dfgeschneiderte Wandverkleidungen und ma\u00dfgefertigte Innenraumgestaltung. Lesen Sie \u00fcber unsere Liefer-, Zahlungs- und R\u00fcckgabebedingungen.\",\"breadcrumb\":{\"@id\":\"https:\\\/\\\/daisyjames.eu\\\/de\\\/bedingungen-und-konditionen\\\/#breadcrumb\"},\"inLanguage\":\"de\",\"potentialAction\":[{\"@type\":\"ReadAction\",\"target\":[\"https:\\\/\\\/daisyjames.eu\\\/de\\\/bedingungen-und-konditionen\\\/\"]}]},{\"@type\":\"ImageObject\",\"inLanguage\":\"de\",\"@id\":\"https:\\\/\\\/daisyjames.eu\\\/de\\\/bedingungen-und-konditionen\\\/#primaryimage\",\"url\":\"https:\\\/\\\/daisyjames.eu\\\/wp-content\\\/uploads\\\/2025\\\/09\\\/DJ_instagram_post_vierkant_salmon_3.jpg\",\"contentUrl\":\"https:\\\/\\\/daisyjames.eu\\\/wp-content\\\/uploads\\\/2025\\\/09\\\/DJ_instagram_post_vierkant_salmon_3.jpg\",\"width\":1080,\"height\":1080},{\"@type\":\"BreadcrumbList\",\"@id\":\"https:\\\/\\\/daisyjames.eu\\\/de\\\/bedingungen-und-konditionen\\\/#breadcrumb\",\"itemListElement\":[{\"@type\":\"ListItem\",\"position\":1,\"name\":\"Home\",\"item\":\"https:\\\/\\\/daisyjames.eu\\\/de\\\/\"},{\"@type\":\"ListItem\",\"position\":2,\"name\":\"Bedingungen und Konditionen\"}]},{\"@type\":\"WebSite\",\"@id\":\"https:\\\/\\\/daisyjames.eu\\\/#website\",\"url\":\"https:\\\/\\\/daisyjames.eu\\\/\",\"name\":\"Daisy James\",\"description\":\"\",\"publisher\":{\"@id\":\"https:\\\/\\\/daisyjames.eu\\\/#organization\"},\"potentialAction\":[{\"@type\":\"SearchAction\",\"target\":{\"@type\":\"EntryPoint\",\"urlTemplate\":\"https:\\\/\\\/daisyjames.eu\\\/?s={search_term_string}\"},\"query-input\":{\"@type\":\"PropertyValueSpecification\",\"valueRequired\":true,\"valueName\":\"search_term_string\"}}],\"inLanguage\":\"de\"},{\"@type\":\"Organization\",\"@id\":\"https:\\\/\\\/daisyjames.eu\\\/#organization\",\"name\":\"Daisy James\",\"url\":\"https:\\\/\\\/daisyjames.eu\\\/\",\"logo\":{\"@type\":\"ImageObject\",\"inLanguage\":\"de\",\"@id\":\"https:\\\/\\\/daisyjames.eu\\\/#\\\/schema\\\/logo\\\/image\\\/\",\"url\":\"https:\\\/\\\/daisyjames.eu\\\/wp-content\\\/uploads\\\/2024\\\/09\\\/LogoDJzwart-1.png\",\"contentUrl\":\"https:\\\/\\\/daisyjames.eu\\\/wp-content\\\/uploads\\\/2024\\\/09\\\/LogoDJzwart-1.png\",\"width\":1125,\"height\":199,\"caption\":\"Daisy James\"},\"image\":{\"@id\":\"https:\\\/\\\/daisyjames.eu\\\/#\\\/schema\\\/logo\\\/image\\\/\"},\"sameAs\":[\"https:\\\/\\\/www.facebook.com\\\/Daisyjamesinteriorwallcovering\\\/\",\"https:\\\/\\\/x.com\\\/daisyjamesinterior\",\"https:\\\/\\\/pinterest.com\\\/daisyjameswallcovers\\\/\",\"https:\\\/\\\/nl.linkedin.com\\\/company\\\/d-a-i-s-y-j-a-m-e-s-interior-collection\"]}]}<\/script>\n<!-- \/ Yoast SEO Premium plugin. -->","yoast_head_json":{"title":"Allgemeine Gesch\u00e4ftsbedingungen | daisy james Luxury Wallcoverings","description":"Allgemeine Gesch\u00e4ftsbedingungen von daisy james, Ihrem Spezialisten f\u00fcr exklusive, ma\u00dfgeschneiderte Wandverkleidungen und ma\u00dfgefertigte Innenraumgestaltung. Lesen Sie \u00fcber unsere Liefer-, Zahlungs- und R\u00fcckgabebedingungen.","robots":{"index":"index","follow":"follow","max-snippet":"max-snippet:-1","max-image-preview":"max-image-preview:large","max-video-preview":"max-video-preview:-1"},"canonical":"https:\/\/daisyjames.eu\/de\/bedingungen-und-konditionen\/","schema":{"@context":"https:\/\/schema.org","@graph":[{"@type":"WebPage","@id":"https:\/\/daisyjames.eu\/de\/bedingungen-und-konditionen\/","url":"https:\/\/daisyjames.eu\/de\/bedingungen-und-konditionen\/","name":"Allgemeine Gesch\u00e4ftsbedingungen | daisy james Luxury Wallcoverings","isPartOf":{"@id":"https:\/\/daisyjames.eu\/#website"},"primaryImageOfPage":{"@id":"https:\/\/daisyjames.eu\/de\/bedingungen-und-konditionen\/#primaryimage"},"image":{"@id":"https:\/\/daisyjames.eu\/de\/bedingungen-und-konditionen\/#primaryimage"},"thumbnailUrl":"https:\/\/daisyjames.eu\/wp-content\/uploads\/2025\/09\/DJ_instagram_post_vierkant_salmon_3.jpg","datePublished":"2025-07-16T10:31:01+00:00","dateModified":"2026-01-19T10:18:46+00:00","description":"Allgemeine Gesch\u00e4ftsbedingungen von daisy james, Ihrem Spezialisten f\u00fcr exklusive, ma\u00dfgeschneiderte Wandverkleidungen und ma\u00dfgefertigte Innenraumgestaltung. Lesen Sie \u00fcber unsere Liefer-, Zahlungs- und R\u00fcckgabebedingungen.","breadcrumb":{"@id":"https:\/\/daisyjames.eu\/de\/bedingungen-und-konditionen\/#breadcrumb"},"inLanguage":"de","potentialAction":[{"@type":"ReadAction","target":["https:\/\/daisyjames.eu\/de\/bedingungen-und-konditionen\/"]}]},{"@type":"ImageObject","inLanguage":"de","@id":"https:\/\/daisyjames.eu\/de\/bedingungen-und-konditionen\/#primaryimage","url":"https:\/\/daisyjames.eu\/wp-content\/uploads\/2025\/09\/DJ_instagram_post_vierkant_salmon_3.jpg","contentUrl":"https:\/\/daisyjames.eu\/wp-content\/uploads\/2025\/09\/DJ_instagram_post_vierkant_salmon_3.jpg","width":1080,"height":1080},{"@type":"BreadcrumbList","@id":"https:\/\/daisyjames.eu\/de\/bedingungen-und-konditionen\/#breadcrumb","itemListElement":[{"@type":"ListItem","position":1,"name":"Home","item":"https:\/\/daisyjames.eu\/de\/"},{"@type":"ListItem","position":2,"name":"Bedingungen und Konditionen"}]},{"@type":"WebSite","@id":"https:\/\/daisyjames.eu\/#website","url":"https:\/\/daisyjames.eu\/","name":"Daisy James","description":"","publisher":{"@id":"https:\/\/daisyjames.eu\/#organization"},"potentialAction":[{"@type":"SearchAction","target":{"@type":"EntryPoint","urlTemplate":"https:\/\/daisyjames.eu\/?s={search_term_string}"},"query-input":{"@type":"PropertyValueSpecification","valueRequired":true,"valueName":"search_term_string"}}],"inLanguage":"de"},{"@type":"Organization","@id":"https:\/\/daisyjames.eu\/#organization","name":"Daisy James","url":"https:\/\/daisyjames.eu\/","logo":{"@type":"ImageObject","inLanguage":"de","@id":"https:\/\/daisyjames.eu\/#\/schema\/logo\/image\/","url":"https:\/\/daisyjames.eu\/wp-content\/uploads\/2024\/09\/LogoDJzwart-1.png","contentUrl":"https:\/\/daisyjames.eu\/wp-content\/uploads\/2024\/09\/LogoDJzwart-1.png","width":1125,"height":199,"caption":"Daisy James"},"image":{"@id":"https:\/\/daisyjames.eu\/#\/schema\/logo\/image\/"},"sameAs":["https:\/\/www.facebook.com\/Daisyjamesinteriorwallcovering\/","https:\/\/x.com\/daisyjamesinterior","https:\/\/pinterest.com\/daisyjameswallcovers\/","https:\/\/nl.linkedin.com\/company\/d-a-i-s-y-j-a-m-e-s-interior-collection"]}]}},"_links":{"self":[{"href":"https:\/\/daisyjames.eu\/de\/wp-json\/wp\/v2\/pages\/27178","targetHints":{"allow":["GET"]}}],"collection":[{"href":"https:\/\/daisyjames.eu\/de\/wp-json\/wp\/v2\/pages"}],"about":[{"href":"https:\/\/daisyjames.eu\/de\/wp-json\/wp\/v2\/types\/page"}],"author":[{"embeddable":true,"href":"https:\/\/daisyjames.eu\/de\/wp-json\/wp\/v2\/users\/5"}],"replies":[{"embeddable":true,"href":"https:\/\/daisyjames.eu\/de\/wp-json\/wp\/v2\/comments?post=27178"}],"version-history":[{"count":2,"href":"https:\/\/daisyjames.eu\/de\/wp-json\/wp\/v2\/pages\/27178\/revisions"}],"predecessor-version":[{"id":34033,"href":"https:\/\/daisyjames.eu\/de\/wp-json\/wp\/v2\/pages\/27178\/revisions\/34033"}],"wp:featuredmedia":[{"embeddable":true,"href":"https:\/\/daisyjames.eu\/de\/wp-json\/wp\/v2\/media\/29004"}],"wp:attachment":[{"href":"https:\/\/daisyjames.eu\/de\/wp-json\/wp\/v2\/media?parent=27178"}],"curies":[{"name":"wp","href":"https:\/\/api.w.org\/{rel}","templated":true}]}}