
{"id":27184,"date":"2025-07-16T11:28:22","date_gmt":"2025-07-16T11:28:22","guid":{"rendered":"https:\/\/staging.daisyjames.eu\/versandpolitik\/"},"modified":"2026-01-19T09:28:35","modified_gmt":"2026-01-19T09:28:35","slug":"versandpolitik","status":"publish","type":"page","link":"https:\/\/daisyjames.eu\/de\/versandpolitik\/","title":{"rendered":"Versandpolitik"},"content":{"rendered":"\n<div class=\"wp-block-group has-global-padding is-layout-constrained wp-container-core-group-is-layout-be04af43 wp-block-group-is-layout-constrained\" style=\"margin-top:0;margin-bottom:0\">\n<div style=\"height:var(--wp--preset--spacing--xxxxxl)\" aria-hidden=\"true\" class=\"wp-block-spacer\"><\/div>\n\n\n\n<h1 data-aos-duration=\"1000\" data-aos=\"fade\" class=\"wp-block-heading has-text-align-center\" id=\"h-versandpolitik\" style=\"margin-top:0;margin-bottom:0\">Versandpolitik<\/h1>\n\n\n\n<div style=\"margin-top:0;margin-bottom:0;height:var(--wp--preset--spacing--xxxxxxxl)\" aria-hidden=\"true\" class=\"wp-block-spacer\"><\/div>\n\n\n \n\t\t\t<div data-aos-duration=\"1500\" data-aos=\"width-full-rtl\" \n\t\t\t\tclass=\"wordpress-container !px-0 origin-left w-full m-0 py-[0px] box-border sm:box-border\"\n\t\t\t>\n\t\t\t\t<div\n\t\t\t\t\tclass=\"w-full h-[1px] bg-[#0d181c]\"\n\t\t\t\t><\/div>\n\t\t\t<\/div>\n\t\t<\/div>\n\n\n\n<div class=\"wp-block-group has-global-padding is-layout-constrained wp-container-core-group-is-layout-e54397f0 wp-block-group-is-layout-constrained\" style=\"padding-top:var(--wp--preset--spacing--xxxxxxxl);padding-right:0;padding-bottom:var(--wp--preset--spacing--xxxxxxxl);padding-left:0\">\n<p data-aos-duration=\"1000\" data-aos=\"fade\" class=\"has-primary-color has-text-color has-link-color wp-elements-4abe6ffb08483edf06636a7be40ee90e\">Versandbedingungen | <strong>daisy james <\/strong>Exklusive Wandbekleidungen<\/p>\n\n\n\n<p data-aos-duration=\"1000\" data-aos=\"fade\" class=\"has-primary-color has-text-color has-link-color wp-elements-f198f8b6f0c8c6dd2168ff93703d8fc0\">Willkommen auf der offiziellen Website von <strong>daisy james<\/strong>, Ihrem Spezialisten f\u00fcr exklusive Luxustapeten und ma\u00dfgefertigte Wanddekorationen. Die Informationen auf dieser Website wurden mit der gr\u00f6\u00dftm\u00f6glichen Sorgfalt zusammengestellt. Indem Sie auf diese Website zugreifen und sie nutzen, erkl\u00e4ren Sie sich jedoch mit den Bedingungen dieses Haftungsausschlusses einverstanden. Auf dieser Seite werden die Haftungsbeschr\u00e4nkungen, die Rechte am geistigen Eigentum und andere wichtige Bedingungen f\u00fcr die Nutzung unserer Website und ihrer Inhalte erl\u00e4utert. Bitte lesen Sie sie sorgf\u00e4ltig durch, bevor Sie weiter surfen. Wenn Sie Fragen haben, k\u00f6nnen Sie uns gerne unter <a href=\"mailto:info@daisyjames.nl\">info@daisyjames.nl<\/a> kontaktieren .<\/p>\n<\/div>\n\n\n\n<div class=\"wp-block-group has-global-padding is-layout-constrained wp-container-core-group-is-layout-6b6a4723 wp-block-group-is-layout-constrained\" style=\"margin-top:0;margin-bottom:0;padding-bottom:0\"> \n\t\t\t<div data-aos-duration=\"1500\" data-aos=\"width-full-rtl\" \n\t\t\t\tclass=\"wordpress-container !px-0 origin-left w-full m-0 py-[0px] box-border sm:box-border\"\n\t\t\t>\n\t\t\t\t<div\n\t\t\t\t\tclass=\"w-full h-[1px] bg-[#0d181c]\"\n\t\t\t\t><\/div>\n\t\t\t<\/div>\n\t\t\n\n\n<h2 data-aos-duration=\"1000\" data-aos=\"fade\" class=\"wp-block-heading alignfull has-text-align-center has-xxxxxl-font-size\" id=\"h-versandpolitik-0\" style=\"margin-top:0;margin-bottom:0;padding-top:var(--wp--preset--spacing--xxxxxxxl);padding-bottom:var(--wp--preset--spacing--xxxxxxxl);line-height:1;text-transform:uppercase\">Versandpolitik<\/h2>\n<\/div>\n\n\n\n<div class=\"wp-block-group has-global-padding is-layout-constrained wp-container-core-group-is-layout-639b5052 wp-block-group-is-layout-constrained\" style=\"padding-top:0;padding-right:0;padding-bottom:0;padding-left:0\">\n<p> <strong>Versandziele<\/strong><br>Wir versenden weltweit. \u00dcbliche Zielorte sind die Niederlande, Belgien, Deutschland, Frankreich und andere EU-L\u00e4nder. Internationaler Versand au\u00dferhalb der EU ist auf Anfrage m\u00f6glich.  <\/p>\n\n\n\n<p><strong>Lieferzeiten<\/strong><br>Die durchschnittliche Lieferzeit betr\u00e4gt 10 bis 15 Arbeitstage ab dem Zeitpunkt, an dem Ihre Bestellung best\u00e4tigt und das Design genehmigt wurde. Da jedes St\u00fcck eine Sonderanfertigung ist, k\u00f6nnen die Lieferzeiten je nach Projekt variieren. Wir werden Sie w\u00e4hrend des gesamten Prozesses auf dem Laufenden halten.  <\/p>\n\n\n\n<p> <strong>Kosten f\u00fcr den Versand<\/strong><\/p>\n\n\n\n<ul class=\"wp-block-list\">\n<li><strong>Niederlande &amp; Belgien: <\/strong>Richtpreis von \u20ac35 pro Bestellung: Bitte beachten Sie: Alle Versandtarife sind indikativ. Die endg\u00fcltigen Versandkosten k\u00f6nnen je nach Bestellgr\u00f6\u00dfe, Material, Verpackungsart und Bestimmungsort variieren. Die endg\u00fcltigen Versandkosten werden Ihnen in Ihrem pers\u00f6nlichen Angebot best\u00e4tigt.<\/li>\n\n\n\n<li><strong>Andere EU-L\u00e4nder<\/strong>: Die Kosten variieren je nach Ort und Gr\u00f6\u00dfe (wird im Angebot angegeben)<\/li>\n\n\n\n<li><strong>International (Nicht-EU):<\/strong> auf Anfrage erh\u00e4ltlich<\/li>\n<\/ul>\n\n\n\n<p>Eventuelle Versandkosten werden Ihnen w\u00e4hrend des Angebots- oder Bestellvorgangs deutlich mitgeteilt.<\/p>\n\n\n\n<p> <strong>Produktion &amp; Bearbeitung<\/strong><br>Alle Wandbekleidungen werden auf Bestellung gefertigt. Sobald der Entwurf genehmigt ist und die Zahlung eingegangen ist, beginnen wir mit der Produktion. Die Versanddetails werden Ihnen mitgeteilt, sobald das Paket versandfertig ist.  <\/p>\n\n\n\n<p>Bitte beachten Sie: Alle Versandpreise sind Richtwerte. Die endg\u00fcltigen Versandkosten k\u00f6nnen je nach Bestellgr\u00f6\u00dfe, Material, Verpackungsart und Bestimmungsort variieren. Die endg\u00fcltigen Versandkosten werden Ihnen in Ihrem pers\u00f6nlichen Angebot best\u00e4tigt.  <\/p>\n\n\n\n<p><strong>Haben Sie Fragen?<\/strong><br>Wenn Sie Fragen zu Lieferzeiten, Versandoptionen oder Expressversand haben, k\u00f6nnen Sie uns gerne \u00fcber unsere <a href=\"mailto:info@daisyjames.nl\">info@daisyjames.nl <\/a> kontaktieren. Wir helfen Ihnen gerne weiter.<\/p>\n<\/div>\n\n\n\n<div class=\"wp-block-group has-global-padding is-layout-constrained wp-block-group-is-layout-constrained\" style=\"margin-top:0;margin-bottom:0;padding-top:var(--wp--preset--spacing--xxxxxxxl);padding-bottom:var(--wp--preset--spacing--xxxxxxxl)\"> \n\t\t\t<div data-aos-duration=\"1500\" data-aos=\"width-full-rtl\" \n\t\t\t\tclass=\"wordpress-container !px-0 origin-left w-full m-0 py-[0px] box-border sm:box-border\"\n\t\t\t>\n\t\t\t\t<div\n\t\t\t\t\tclass=\"w-full h-[1px] bg-[#0d181c]\"\n\t\t\t\t><\/div>\n\t\t\t<\/div>\n\t\t<\/div>\n\n\n\n<h1 class=\"wp-block-heading has-text-align-center\" id=\"h-der-weg-zu-einem-schonen-interieur-beginnt-mit-der-sorgfalt-mit-der-es-geliefert-wird\">Der Weg zu einem sch\u00f6nen Interieur beginnt mit der Sorgfalt, mit der es geliefert wird.<\/h1>\n\n\n\n<div style=\"height:var(--wp--preset--spacing--xxxxxxxl)\" aria-hidden=\"true\" class=\"wp-block-spacer\"><\/div>\n\n\n \n\t\t\t<div data-aos-duration=\"1500\" data-aos=\"width-full-rtl\" \n\t\t\t\tclass=\"wordpress-container !px-0 origin-left w-full m-0 py-[0px] box-border sm:box-border\"\n\t\t\t>\n\t\t\t\t<div\n\t\t\t\t\tclass=\"w-full h-[1px] bg-[#0d181c]\"\n\t\t\t\t><\/div>\n\t\t\t<\/div>\n\t\t\n\n\n<div style=\"height:157px\" aria-hidden=\"true\" class=\"wp-block-spacer\"><\/div>\n\n\n\n<p><\/p>\n","protected":false},"excerpt":{"rendered":"<p>Versandpolitik Versandbedingungen | daisy james Exklusive Wandbekleidungen Willkommen auf der offiziellen Website von daisy james, Ihrem Spezialisten f\u00fcr exklusive Luxustapeten und ma\u00dfgefertigte Wanddekorationen. Die Informationen auf dieser Website wurden mit der gr\u00f6\u00dftm\u00f6glichen Sorgfalt zusammengestellt. Indem Sie auf diese Website zugreifen und sie nutzen, erkl\u00e4ren Sie sich jedoch mit den Bedingungen dieses Haftungsausschlusses einverstanden. Auf dieser [&hellip;]<\/p>\n","protected":false},"author":5,"featured_media":29004,"parent":0,"menu_order":2,"comment_status":"closed","ping_status":"closed","template":"","meta":{"_acf_changed":false,"footnotes":""},"class_list":["post-27184","page","type-page","status-publish","has-post-thumbnail","hentry"],"acf":[],"yoast_head":"<!-- This site is optimized with the Yoast SEO Premium plugin v27.3 (Yoast SEO v27.3) - https:\/\/yoast.com\/product\/yoast-seo-premium-wordpress\/ -->\n<title>Shipping Policy | Bespoke Luxury Wallcoverings - daisy james<\/title>\n<meta name=\"description\" content=\"Entdecken Sie die Versandpolitik von daisy james. Informationen zu Lieferzeiten, Versandkosten und internationalen Optionen f\u00fcr unsere ma\u00dfgefertigten Luxus-Tapeten.\" \/>\n<meta name=\"robots\" content=\"index, follow, max-snippet:-1, max-image-preview:large, max-video-preview:-1\" \/>\n<link rel=\"canonical\" href=\"https:\/\/daisyjames.eu\/de\/versandpolitik\/\" \/>\n<script type=\"application\/ld+json\" class=\"yoast-schema-graph\">{\"@context\":\"https:\\\/\\\/schema.org\",\"@graph\":[{\"@type\":\"WebPage\",\"@id\":\"https:\\\/\\\/daisyjames.eu\\\/de\\\/versandpolitik\\\/\",\"url\":\"https:\\\/\\\/daisyjames.eu\\\/de\\\/versandpolitik\\\/\",\"name\":\"Shipping Policy | Bespoke Luxury Wallcoverings - daisy james\",\"isPartOf\":{\"@id\":\"https:\\\/\\\/daisyjames.eu\\\/#website\"},\"primaryImageOfPage\":{\"@id\":\"https:\\\/\\\/daisyjames.eu\\\/de\\\/versandpolitik\\\/#primaryimage\"},\"image\":{\"@id\":\"https:\\\/\\\/daisyjames.eu\\\/de\\\/versandpolitik\\\/#primaryimage\"},\"thumbnailUrl\":\"https:\\\/\\\/daisyjames.eu\\\/wp-content\\\/uploads\\\/2025\\\/09\\\/DJ_instagram_post_vierkant_salmon_3.jpg\",\"datePublished\":\"2025-07-16T11:28:22+00:00\",\"dateModified\":\"2026-01-19T09:28:35+00:00\",\"description\":\"Entdecken Sie die Versandpolitik von daisy james. Informationen zu Lieferzeiten, Versandkosten und internationalen Optionen f\u00fcr unsere ma\u00dfgefertigten Luxus-Tapeten.\",\"breadcrumb\":{\"@id\":\"https:\\\/\\\/daisyjames.eu\\\/de\\\/versandpolitik\\\/#breadcrumb\"},\"inLanguage\":\"de\",\"potentialAction\":[{\"@type\":\"ReadAction\",\"target\":[\"https:\\\/\\\/daisyjames.eu\\\/de\\\/versandpolitik\\\/\"]}]},{\"@type\":\"ImageObject\",\"inLanguage\":\"de\",\"@id\":\"https:\\\/\\\/daisyjames.eu\\\/de\\\/versandpolitik\\\/#primaryimage\",\"url\":\"https:\\\/\\\/daisyjames.eu\\\/wp-content\\\/uploads\\\/2025\\\/09\\\/DJ_instagram_post_vierkant_salmon_3.jpg\",\"contentUrl\":\"https:\\\/\\\/daisyjames.eu\\\/wp-content\\\/uploads\\\/2025\\\/09\\\/DJ_instagram_post_vierkant_salmon_3.jpg\",\"width\":1080,\"height\":1080},{\"@type\":\"BreadcrumbList\",\"@id\":\"https:\\\/\\\/daisyjames.eu\\\/de\\\/versandpolitik\\\/#breadcrumb\",\"itemListElement\":[{\"@type\":\"ListItem\",\"position\":1,\"name\":\"Home\",\"item\":\"https:\\\/\\\/daisyjames.eu\\\/de\\\/\"},{\"@type\":\"ListItem\",\"position\":2,\"name\":\"Versandpolitik\"}]},{\"@type\":\"WebSite\",\"@id\":\"https:\\\/\\\/daisyjames.eu\\\/#website\",\"url\":\"https:\\\/\\\/daisyjames.eu\\\/\",\"name\":\"Daisy James\",\"description\":\"\",\"publisher\":{\"@id\":\"https:\\\/\\\/daisyjames.eu\\\/#organization\"},\"potentialAction\":[{\"@type\":\"SearchAction\",\"target\":{\"@type\":\"EntryPoint\",\"urlTemplate\":\"https:\\\/\\\/daisyjames.eu\\\/?s={search_term_string}\"},\"query-input\":{\"@type\":\"PropertyValueSpecification\",\"valueRequired\":true,\"valueName\":\"search_term_string\"}}],\"inLanguage\":\"de\"},{\"@type\":\"Organization\",\"@id\":\"https:\\\/\\\/daisyjames.eu\\\/#organization\",\"name\":\"Daisy James\",\"url\":\"https:\\\/\\\/daisyjames.eu\\\/\",\"logo\":{\"@type\":\"ImageObject\",\"inLanguage\":\"de\",\"@id\":\"https:\\\/\\\/daisyjames.eu\\\/#\\\/schema\\\/logo\\\/image\\\/\",\"url\":\"https:\\\/\\\/daisyjames.eu\\\/wp-content\\\/uploads\\\/2024\\\/09\\\/LogoDJzwart-1.png\",\"contentUrl\":\"https:\\\/\\\/daisyjames.eu\\\/wp-content\\\/uploads\\\/2024\\\/09\\\/LogoDJzwart-1.png\",\"width\":1125,\"height\":199,\"caption\":\"Daisy James\"},\"image\":{\"@id\":\"https:\\\/\\\/daisyjames.eu\\\/#\\\/schema\\\/logo\\\/image\\\/\"},\"sameAs\":[\"https:\\\/\\\/www.facebook.com\\\/Daisyjamesinteriorwallcovering\\\/\",\"https:\\\/\\\/x.com\\\/daisyjamesinterior\",\"https:\\\/\\\/pinterest.com\\\/daisyjameswallcovers\\\/\",\"https:\\\/\\\/nl.linkedin.com\\\/company\\\/d-a-i-s-y-j-a-m-e-s-interior-collection\"]}]}<\/script>\n<!-- \/ Yoast SEO Premium plugin. -->","yoast_head_json":{"title":"Shipping Policy | Bespoke Luxury Wallcoverings - daisy james","description":"Entdecken Sie die Versandpolitik von daisy james. Informationen zu Lieferzeiten, Versandkosten und internationalen Optionen f\u00fcr unsere ma\u00dfgefertigten Luxus-Tapeten.","robots":{"index":"index","follow":"follow","max-snippet":"max-snippet:-1","max-image-preview":"max-image-preview:large","max-video-preview":"max-video-preview:-1"},"canonical":"https:\/\/daisyjames.eu\/de\/versandpolitik\/","schema":{"@context":"https:\/\/schema.org","@graph":[{"@type":"WebPage","@id":"https:\/\/daisyjames.eu\/de\/versandpolitik\/","url":"https:\/\/daisyjames.eu\/de\/versandpolitik\/","name":"Shipping Policy | Bespoke Luxury Wallcoverings - daisy james","isPartOf":{"@id":"https:\/\/daisyjames.eu\/#website"},"primaryImageOfPage":{"@id":"https:\/\/daisyjames.eu\/de\/versandpolitik\/#primaryimage"},"image":{"@id":"https:\/\/daisyjames.eu\/de\/versandpolitik\/#primaryimage"},"thumbnailUrl":"https:\/\/daisyjames.eu\/wp-content\/uploads\/2025\/09\/DJ_instagram_post_vierkant_salmon_3.jpg","datePublished":"2025-07-16T11:28:22+00:00","dateModified":"2026-01-19T09:28:35+00:00","description":"Entdecken Sie die Versandpolitik von daisy james. Informationen zu Lieferzeiten, Versandkosten und internationalen Optionen f\u00fcr unsere ma\u00dfgefertigten Luxus-Tapeten.","breadcrumb":{"@id":"https:\/\/daisyjames.eu\/de\/versandpolitik\/#breadcrumb"},"inLanguage":"de","potentialAction":[{"@type":"ReadAction","target":["https:\/\/daisyjames.eu\/de\/versandpolitik\/"]}]},{"@type":"ImageObject","inLanguage":"de","@id":"https:\/\/daisyjames.eu\/de\/versandpolitik\/#primaryimage","url":"https:\/\/daisyjames.eu\/wp-content\/uploads\/2025\/09\/DJ_instagram_post_vierkant_salmon_3.jpg","contentUrl":"https:\/\/daisyjames.eu\/wp-content\/uploads\/2025\/09\/DJ_instagram_post_vierkant_salmon_3.jpg","width":1080,"height":1080},{"@type":"BreadcrumbList","@id":"https:\/\/daisyjames.eu\/de\/versandpolitik\/#breadcrumb","itemListElement":[{"@type":"ListItem","position":1,"name":"Home","item":"https:\/\/daisyjames.eu\/de\/"},{"@type":"ListItem","position":2,"name":"Versandpolitik"}]},{"@type":"WebSite","@id":"https:\/\/daisyjames.eu\/#website","url":"https:\/\/daisyjames.eu\/","name":"Daisy James","description":"","publisher":{"@id":"https:\/\/daisyjames.eu\/#organization"},"potentialAction":[{"@type":"SearchAction","target":{"@type":"EntryPoint","urlTemplate":"https:\/\/daisyjames.eu\/?s={search_term_string}"},"query-input":{"@type":"PropertyValueSpecification","valueRequired":true,"valueName":"search_term_string"}}],"inLanguage":"de"},{"@type":"Organization","@id":"https:\/\/daisyjames.eu\/#organization","name":"Daisy James","url":"https:\/\/daisyjames.eu\/","logo":{"@type":"ImageObject","inLanguage":"de","@id":"https:\/\/daisyjames.eu\/#\/schema\/logo\/image\/","url":"https:\/\/daisyjames.eu\/wp-content\/uploads\/2024\/09\/LogoDJzwart-1.png","contentUrl":"https:\/\/daisyjames.eu\/wp-content\/uploads\/2024\/09\/LogoDJzwart-1.png","width":1125,"height":199,"caption":"Daisy James"},"image":{"@id":"https:\/\/daisyjames.eu\/#\/schema\/logo\/image\/"},"sameAs":["https:\/\/www.facebook.com\/Daisyjamesinteriorwallcovering\/","https:\/\/x.com\/daisyjamesinterior","https:\/\/pinterest.com\/daisyjameswallcovers\/","https:\/\/nl.linkedin.com\/company\/d-a-i-s-y-j-a-m-e-s-interior-collection"]}]}},"_links":{"self":[{"href":"https:\/\/daisyjames.eu\/de\/wp-json\/wp\/v2\/pages\/27184","targetHints":{"allow":["GET"]}}],"collection":[{"href":"https:\/\/daisyjames.eu\/de\/wp-json\/wp\/v2\/pages"}],"about":[{"href":"https:\/\/daisyjames.eu\/de\/wp-json\/wp\/v2\/types\/page"}],"author":[{"embeddable":true,"href":"https:\/\/daisyjames.eu\/de\/wp-json\/wp\/v2\/users\/5"}],"replies":[{"embeddable":true,"href":"https:\/\/daisyjames.eu\/de\/wp-json\/wp\/v2\/comments?post=27184"}],"version-history":[{"count":6,"href":"https:\/\/daisyjames.eu\/de\/wp-json\/wp\/v2\/pages\/27184\/revisions"}],"predecessor-version":[{"id":34000,"href":"https:\/\/daisyjames.eu\/de\/wp-json\/wp\/v2\/pages\/27184\/revisions\/34000"}],"wp:featuredmedia":[{"embeddable":true,"href":"https:\/\/daisyjames.eu\/de\/wp-json\/wp\/v2\/media\/29004"}],"wp:attachment":[{"href":"https:\/\/daisyjames.eu\/de\/wp-json\/wp\/v2\/media?parent=27184"}],"curies":[{"name":"wp","href":"https:\/\/api.w.org\/{rel}","templated":true}]}}