
{"id":27197,"date":"2025-07-16T10:33:18","date_gmt":"2025-07-16T10:33:18","guid":{"rendered":"https:\/\/staging.daisyjames.eu\/datenschutzbestimmungen\/"},"modified":"2025-10-07T12:36:42","modified_gmt":"2025-10-07T12:36:42","slug":"datenschutzbestimmungen","status":"publish","type":"page","link":"https:\/\/daisyjames.eu\/de\/datenschutzbestimmungen\/","title":{"rendered":"Datenschutzbestimmungen"},"content":{"rendered":"\n<div style=\"margin-top:0;margin-bottom:0;height:var(--wp--preset--spacing--xxxxxxxl)\" aria-hidden=\"true\" class=\"wp-block-spacer\"><\/div>\n\n<div class=\"wp-block-group has-global-padding is-layout-constrained wp-container-core-group-is-layout-be04af43 wp-block-group-is-layout-constrained\" style=\"margin-top:0;margin-bottom:0\">\n<div style=\"height:var(--wp--preset--spacing--xxxxxl)\" aria-hidden=\"true\" class=\"wp-block-spacer\"><\/div>\n\n\n\n<h1 data-aos-duration=\"1000\" data-aos=\"fade\" class=\"wp-block-heading has-text-align-center\" style=\"margin-top:0;margin-bottom:0\">Datenschutzbestimmungen<\/h1>\n\n\n\n<div style=\"margin-top:0;margin-bottom:0;height:var(--wp--preset--spacing--xxxxxxxl)\" aria-hidden=\"true\" class=\"wp-block-spacer\"><\/div>\n\n\n \n\t\t\t<div data-aos-duration=\"1500\" data-aos=\"width-full-rtl\" \n\t\t\t\tclass=\"wordpress-container !px-0 origin-left w-full m-0 py-[0px] box-border sm:box-border\"\n\t\t\t>\n\t\t\t\t<div\n\t\t\t\t\tclass=\"w-full h-[1px] bg-[#0d181c]\"\n\t\t\t\t><\/div>\n\t\t\t<\/div>\n\t\t<\/div>\n\n<div class=\"wp-block-group has-global-padding is-layout-constrained wp-container-core-group-is-layout-e54397f0 wp-block-group-is-layout-constrained\" style=\"padding-top:var(--wp--preset--spacing--xxxxxxxl);padding-right:0;padding-bottom:var(--wp--preset--spacing--xxxxxxxl);padding-left:0\">\n<p data-aos-duration=\"1000\" data-aos=\"fade\" class=\"has-primary-color has-text-color has-link-color wp-elements-4525008b8230478cbf20348f38c7d625\">Datenschutzerkl\u00e4rung | <strong>daisy james<\/strong> Luxury Wallcoverings<\/p>\n\n\n\n<p data-aos-duration=\"1000\" data-aos=\"fade\" class=\"has-primary-color has-text-color has-link-color wp-elements-ec85c8098b1388d660313173791b41c8\">Willkommen bei<strong> daisy james<\/strong>, Ihrem Spezialisten f\u00fcr luxuri\u00f6se Wandverkleidungen und ma\u00dfgeschneiderte Inneneinrichtungen. Wir bei <strong>daisy james<\/strong> verpflichten uns, Ihre Privatsph\u00e4re zu sch\u00fctzen und Ihre pers\u00f6nlichen Daten zu sichern. In dieser Datenschutzerkl\u00e4rung wird erl\u00e4utert, wie wir die pers\u00f6nlichen Daten, die Sie beim Besuch unserer Website oder bei der Inanspruchnahme unserer Dienstleistungen angeben, erfassen, verwenden, speichern und sch\u00fctzen.  <\/p>\n\n\n\n<p data-aos-duration=\"1000\" data-aos=\"fade\" class=\"has-primary-color has-text-color has-link-color wp-elements-b693a2294d6de6ec1112274e6e5c3c11\">Ganz gleich, ob Sie unsere exklusiven Tapetenkollektionen erkunden, Muster anfordern oder eine Bestellung f\u00fcr ein individuelles Design aufgeben, Ihre Daten werden sicher und transparent behandelt. Wir empfehlen Ihnen, diese Richtlinie sorgf\u00e4ltig zu lesen, um zu verstehen, wie wir Ihre Daten verwalten. Sollten Sie Fragen oder Bedenken haben, z\u00f6gern Sie bitte nicht, uns unter <a href=\"mailto:info@daisyjames.nl\">info@daisyjames.nl<\/a> zu kontaktieren.    <\/p>\n<\/div>\n\n<div class=\"wp-block-group has-global-padding is-layout-constrained wp-container-core-group-is-layout-6b6a4723 wp-block-group-is-layout-constrained\" style=\"margin-top:0;margin-bottom:0;padding-bottom:0\"> \n\t\t\t<div data-aos-duration=\"1500\" data-aos=\"width-full-rtl\" \n\t\t\t\tclass=\"wordpress-container !px-0 origin-left w-full m-0 py-[0px] box-border sm:box-border\"\n\t\t\t>\n\t\t\t\t<div\n\t\t\t\t\tclass=\"w-full h-[1px] bg-[#0d181c]\"\n\t\t\t\t><\/div>\n\t\t\t<\/div>\n\t\t\n\n\n<div style=\"margin-top:0;margin-bottom:0;height:var(--wp--preset--spacing--xxxxxxxl)\" aria-hidden=\"true\" class=\"wp-block-spacer\"><\/div>\n\n\n\n<h2 data-aos-duration=\"1000\" data-aos=\"fade\" class=\"wp-block-heading alignfull has-text-align-center has-xxxxxl-font-size\" style=\"margin-top:0;margin-bottom:0;padding-top:var(--wp--preset--spacing--xxxxxxxl);padding-bottom:var(--wp--preset--spacing--xxxxxxxl);line-height:1;text-transform:uppercase\">Datenschutzbestimmungen<\/h2>\n<\/div>\n\n<div class=\"wp-block-group has-global-padding is-layout-constrained wp-container-core-group-is-layout-639b5052 wp-block-group-is-layout-constrained\" style=\"padding-top:0;padding-right:0;padding-bottom:0;padding-left:0\">\n<details data-aos-duration=\"1000\" data-aos=\"fade\" class=\"wp-block-details is-layout-flow wp-block-details-is-layout-flow\" open><summary>Pers\u00f6nliche Daten<\/summary>\n<p style=\"padding-top:var(--wp--preset--spacing--xl);padding-bottom:var(--wp--preset--spacing--xl)\"><strong>daisy james<\/strong> verarbeitet Ihre pers\u00f6nlichen Daten, wenn Sie unsere Dienste nutzen und\/oder wenn Sie uns diese Daten selbst zur Verf\u00fcgung stellen. Im Folgenden finden Sie einen \u00dcberblick \u00fcber die personenbezogenen Daten, die wir verarbeiten: Kontonummer (falls erforderlich), Vor- und Nachname, Adressdaten, Telefonnummer und E-Mail-Adresse. <\/p>\n<\/details>\n\n\n\n<details data-aos-duration=\"1000\" data-aos=\"fade\" class=\"wp-block-details is-layout-flow wp-block-details-is-layout-flow\"><summary>Besondere und\/oder sensible pers\u00f6nliche Daten<\/summary>\n<p style=\"padding-top:var(--wp--preset--spacing--xl);padding-bottom:var(--wp--preset--spacing--xl)\">Unsere Website und Dienste beabsichtigen nicht, Daten von Besuchern unter 16 Jahren zu sammeln, es sei denn, sie haben die Erlaubnis ihrer Eltern oder Erziehungsberechtigten. Wir k\u00f6nnen jedoch nicht \u00fcberpr\u00fcfen, ob ein Besucher \u00fcber 16 Jahre alt ist. Daher empfehlen wir, dass Eltern in die Online-Aktivit\u00e4ten ihrer Kinder einbezogen werden, um zu verhindern, dass Daten \u00fcber Kinder ohne die Zustimmung der Eltern gesammelt werden. Wenn Sie glauben, dass wir personenbezogene Daten \u00fcber einen Minderj\u00e4hrigen ohne Erlaubnis gesammelt haben, kontaktieren Sie uns bitte unter <strong>\n  <a>info@daisyjames.nl,<\/a>\n<\/strong> und wir werden diese Informationen entfernen.   <\/p>\n<\/details>\n\n\n\n<details data-aos-duration=\"1000\" data-aos=\"fade\" class=\"wp-block-details is-layout-flow wp-block-details-is-layout-flow\"><summary>Zweck und Rechtsgrundlage f\u00fcr die Verarbeitung personenbezogener Daten<\/summary>\n<div class=\"wp-block-group has-global-padding is-layout-constrained wp-block-group-is-layout-constrained\" style=\"padding-top:var(--wp--preset--spacing--xl);padding-bottom:var(--wp--preset--spacing--xl)\">\n<p><strong>daisy james<\/strong> verarbeitet Ihre pers\u00f6nlichen Daten f\u00fcr die folgenden Zwecke:<\/p>\n\n\n\n<p>&#8211; Lieferung von Waren und Dienstleistungen an Sie<\/p>\n\n\n\n<p>&#8211; Bearbeitung Ihrer Zahlung<\/p>\n\n\n\n<p>&#8211; Kontaktaufnahme mit Ihnen per Telefon oder E-Mail, falls dies f\u00fcr die Erbringung unserer Dienstleistungen erforderlich ist<\/p>\n\n\n\n<p>&#8211; Sie \u00fcber \u00c4nderungen an unseren Dienstleistungen und Produkten zu informieren<\/p>\n\n\n\n<p>&#8211; <strong>daisy james<\/strong> verarbeitet auch personenbezogene Daten, wenn dies gesetzlich vorgeschrieben ist, wie z.B. Daten, die f\u00fcr unsere Steuererkl\u00e4rung ben\u00f6tigt werden.<\/p>\n<\/div>\n<\/details>\n\n\n\n<details data-aos-duration=\"1000\" data-aos=\"fade\" class=\"wp-block-details is-layout-flow wp-block-details-is-layout-flow\"><summary>Wie lange wir pers\u00f6nliche Daten aufbewahren<\/summary>\n<p style=\"padding-top:var(--wp--preset--spacing--xl);padding-bottom:var(--wp--preset--spacing--xl)\"><strong>daisy james<\/strong> bewahrt Ihre pers\u00f6nlichen Daten nicht l\u00e4nger auf als n\u00f6tig, um die Zwecke zu erreichen, f\u00fcr die sie erhoben wurden. Wir haben eine Aufbewahrungsfrist von 2 Jahren f\u00fcr die folgenden personenbezogenen Daten: pers\u00f6nliche Informationen, Adresse, Kontaktdaten, Bankverbindung und alle anderen Daten, die Sie uns zur Verf\u00fcgung stellen. Die Daten werden nach 2 Jahren der Inaktivit\u00e4t (letzte Aktivit\u00e4t, Lieferung und\/oder Zahlung) gel\u00f6scht. Wir haben eine Aufbewahrungsfrist von 7 Jahren f\u00fcr administrative Daten (Rechnungen) zu Steuerzwecken.   <\/p>\n<\/details>\n\n\n\n<details data-aos-duration=\"1000\" data-aos=\"fade\" class=\"wp-block-details is-layout-flow wp-block-details-is-layout-flow\"><summary>Weitergabe pers\u00f6nlicher Daten an Dritte<\/summary>\n<p style=\"padding-top:var(--wp--preset--spacing--xl);padding-bottom:var(--wp--preset--spacing--xl)\"><strong>daisy james<\/strong> verkauft Ihre Daten niemals an Dritte und stellt sie nur zur Verf\u00fcgung, wenn dies f\u00fcr die Ausf\u00fchrung unseres Vertrags mit Ihnen oder zur Erf\u00fcllung einer gesetzlichen Verpflichtung erforderlich ist. Wir schlie\u00dfen einen Datenverarbeitungsvertrag mit Unternehmen ab, die Ihre Daten in unserem Auftrag verarbeiten, um das gleiche Ma\u00df an Sicherheit und Vertraulichkeit Ihrer Daten zu gew\u00e4hrleisten. <strong>daisy james <\/strong>bleibt f\u00fcr diese Verarbeitungsaktivit\u00e4ten verantwortlich. <\/p>\n<\/details>\n\n\n\n<details data-aos-duration=\"1000\" data-aos=\"fade\" class=\"wp-block-details is-layout-flow wp-block-details-is-layout-flow\"><summary>Cookies und \u00e4hnliche Technologien, die wir verwenden<\/summary>\n<div class=\"wp-block-group has-global-padding is-layout-constrained wp-block-group-is-layout-constrained\" style=\"padding-top:var(--wp--preset--spacing--xl);padding-bottom:var(--wp--preset--spacing--xl)\">\n<p><strong>daisy james<\/strong> verwendet nur funktionale Cookies und analytische Cookies, die Ihre Privatsph\u00e4re nicht verletzen. Wir haben die folgenden Ma\u00dfnahmen ergriffen: <\/p>\n\n\n\n<p>1. Sie haben eine Vereinbarung zur Datenverarbeitung mit Google unterzeichnet.<\/p>\n\n\n\n<p>2. Anonymisierte IP-Adressen in Google Analytics.<\/p>\n\n\n\n<p>3. Deaktivieren Sie die gemeinsame Nutzung von Daten mit Google.<\/p>\n\n\n\n<p>4. Die gemeinsame Nutzung von Daten mit Google zu Werbezwecken wurde deaktiviert.<\/p>\n\n\n\n<p>5. Legen Sie eine Aufbewahrungsfrist f\u00fcr Google Analytics von 26 Monaten fest.<\/p>\n\n\n\n<p>Ein Cookie ist eine kleine Textdatei, die auf Ihrem Computer, Tablet oder Smartphone gespeichert wird, wenn Sie diese Website zum ersten Mal besuchen. Die Cookies, die wir verwenden, sind f\u00fcr den technischen Betrieb der Website und f\u00fcr Ihren eigenen Komfort notwendig. Sie stellen sicher, dass die Website ordnungsgem\u00e4\u00df funktioniert. Wir k\u00f6nnen sie auch verwenden, um unsere Website zu optimieren. Sie k\u00f6nnen Cookies ablehnen, indem Sie Ihren Internetbrowser so konfigurieren, dass er keine Cookies speichert.    <\/p>\n\n\n\n<p>Au\u00dferdem k\u00f6nnen Sie \u00fcber die Einstellungen Ihres Browsers alle zuvor gespeicherten Cookie-bezogenen Informationen l\u00f6schen.<\/p>\n<\/div>\n<\/details>\n\n\n\n<details data-aos-duration=\"1000\" data-aos=\"fade\" class=\"wp-block-details is-layout-flow wp-block-details-is-layout-flow\"><summary>Zugriff auf, \u00c4nderung oder L\u00f6schung von Daten<\/summary>\n<div class=\"wp-block-group has-global-padding is-layout-constrained wp-block-group-is-layout-constrained\" style=\"padding-top:var(--wp--preset--spacing--xl);padding-bottom:var(--wp--preset--spacing--xl)\">\n<p>Sie haben das Recht, Ihre pers\u00f6nlichen Daten einzusehen, zu korrigieren oder zu l\u00f6schen. Sie haben au\u00dferdem das Recht, Ihre Zustimmung zur Datenverarbeitung zur\u00fcckzuziehen, der Verarbeitung Ihrer personenbezogenen Daten durch <strong>daisy james<\/strong> zu widersprechen und Datenportabilit\u00e4t zu verlangen. Das bedeutet, dass Sie verlangen k\u00f6nnen, dass wir die personenbezogenen Daten, die wir \u00fcber Sie gespeichert haben, in einer digitalen Datei an Sie oder eine andere von Ihnen angegebene Organisation senden.  <\/p>\n\n\n\n<p>Wenn Sie einen Antrag auf Zugang, Berichtigung, L\u00f6schung, Daten\u00fcbertragung, Widerruf der Zustimmung oder Widerspruch gegen die Verarbeitung Ihrer pers\u00f6nlichen Daten stellen m\u00f6chten, kontaktieren Sie uns bitte unter <a>\n  <strong>info@daisyjames.nl<\/strong>\n<\/a>. Um Ihre Identit\u00e4t zu \u00fcberpr\u00fcfen, bitten wir Sie, Ihrer Anfrage eine Kopie Ihres Personalausweises beizuf\u00fcgen. Bitte schw\u00e4rzen Sie Ihr Foto, die MRZ (maschinenlesbare Zone), die Passnummer und die B\u00fcrgerservicenummer (BSN), um Ihre Privatsph\u00e4re zu sch\u00fctzen. Wir werden Ihre Anfrage so schnell wie m\u00f6glich innerhalb von vier Wochen beantworten.   <\/p>\n\n\n\n<p>Au\u00dferdem haben Sie die M\u00f6glichkeit, eine Beschwerde bei der niederl\u00e4ndischen Datenschutzbeh\u00f6rde (Autoriteit Persoonsgegevens), der nationalen Aufsichtsbeh\u00f6rde, einzureichen.<\/p>\n<\/div>\n<\/details>\n\n\n\n<details data-aos-duration=\"1000\" data-aos=\"fade\" class=\"wp-block-details is-layout-flow wp-block-details-is-layout-flow\"><summary>Wie wir pers\u00f6nliche Daten sch\u00fctzen<\/summary>\n<p style=\"padding-top:var(--wp--preset--spacing--xl);padding-bottom:var(--wp--preset--spacing--xl)\"><strong>daisy james<\/strong> verpflichtet sich, Ihre Daten zu sch\u00fctzen und hat entsprechende Ma\u00dfnahmen ergriffen, um Missbrauch, Verlust, unbefugten Zugriff, unerw\u00fcnschte Offenlegung und unbefugte \u00c4nderungen zu verhindern. Wenn Sie glauben, dass Ihre Daten nicht ausreichend gesch\u00fctzt sind oder wenn Sie einen Missbrauch vermuten, kontaktieren Sie uns bitte unter <strong>info@daisyjames.nl.<\/strong> <\/p>\n<\/details>\n<\/div>\n\n<div class=\"wp-block-group has-global-padding is-layout-constrained wp-block-group-is-layout-constrained\" style=\"margin-top:0;margin-bottom:0;padding-top:var(--wp--preset--spacing--xxxxxxxl);padding-bottom:var(--wp--preset--spacing--xxxxxxxl)\">\n<p data-aos-duration=\"1000\" data-aos=\"fade\">Sie k\u00f6nnen unsere Allgemeinen Gesch\u00e4ftsbedingungen unten herunterladen. Diese Richtlinien sollen allen Nutzern eine klare und positive Erfahrung erm\u00f6glichen. Wenn Sie Fragen haben, z\u00f6gern Sie bitte nicht, sich an uns zu wenden. Wir sind gerne f\u00fcr Sie da.   <\/p>\n\n\n\n<div data-aos-duration=\"1000\" data-aos=\"fade\" class=\"wp-block-buttons is-layout-flex wp-block-buttons-is-layout-flex\" style=\"margin-top:0;margin-bottom:var(--wp--preset--spacing--xxxxxxxl)\">\n<div class=\"wp-block-button is-style-download-icon\"><a class=\"wp-block-button__link wp-element-button\" href=\"\/wp-content\/uploads\/2024\/05\/privacyverklaring-daisyjames.pdf\" target=\"_blank\" rel=\"noreferrer noopener nofollow\">Download Allgemeine Gesch\u00e4ftsbedingungen (pdf)<\/a><\/div>\n<\/div>\n\n\n \n\t\t\t<div data-aos-duration=\"1500\" data-aos=\"width-full-rtl\" \n\t\t\t\tclass=\"wordpress-container !px-0 origin-left w-full m-0 py-[0px] box-border sm:box-border\"\n\t\t\t>\n\t\t\t\t<div\n\t\t\t\t\tclass=\"w-full h-[1px] bg-[#0d181c]\"\n\t\t\t\t><\/div>\n\t\t\t<\/div>\n\t\t<\/div>\n\n<div style=\"height:20px\" aria-hidden=\"true\" class=\"wp-block-spacer\"><\/div>\n\n<div class=\"wp-block-group has-global-padding is-layout-constrained wp-block-group-is-layout-constrained\">\n<h1 class=\"wp-block-heading has-text-align-center\">Wir sch\u00fctzen Ihre Privatsph\u00e4re und liefern weltweit exklusive Luxus-Tapeten.<\/h1>\n\n\n\n<div style=\"height:var(--wp--preset--spacing--xxxxxxxl)\" aria-hidden=\"true\" class=\"wp-block-spacer\"><\/div>\n<\/div>\n \n\t\t\t<div data-aos-duration=\"1500\" data-aos=\"width-full-rtl\" \n\t\t\t\tclass=\"wordpress-container !px-0 origin-left w-full m-0 py-[0px] box-border sm:box-border\"\n\t\t\t>\n\t\t\t\t<div\n\t\t\t\t\tclass=\"w-full h-[1px] bg-[#0d181c]\"\n\t\t\t\t><\/div>\n\t\t\t<\/div>\n\t\t\n<div style=\"height:var(--wp--preset--spacing--xxxxxxxl)\" aria-hidden=\"true\" class=\"wp-block-spacer\"><\/div>\n\n<div style=\"height:var(--wp--preset--spacing--xxxxxxxl)\" aria-hidden=\"true\" class=\"wp-block-spacer\"><\/div>\n","protected":false},"excerpt":{"rendered":"<p>Datenschutzbestimmungen Datenschutzerkl\u00e4rung | daisy james Luxury Wallcoverings Willkommen bei daisy james, Ihrem Spezialisten f\u00fcr luxuri\u00f6se Wandverkleidungen und ma\u00dfgeschneiderte Inneneinrichtungen. Wir bei daisy james verpflichten uns, Ihre Privatsph\u00e4re zu sch\u00fctzen und Ihre pers\u00f6nlichen Daten zu sichern. In dieser Datenschutzerkl\u00e4rung wird erl\u00e4utert, wie wir die pers\u00f6nlichen Daten, die Sie beim Besuch unserer Website oder bei der Inanspruchnahme [&hellip;]<\/p>\n","protected":false},"author":5,"featured_media":29004,"parent":0,"menu_order":3,"comment_status":"closed","ping_status":"closed","template":"","meta":{"_acf_changed":false,"footnotes":""},"class_list":["post-27197","page","type-page","status-publish","has-post-thumbnail","hentry"],"acf":[],"yoast_head":"<!-- This site is optimized with the Yoast SEO Premium plugin v27.3 (Yoast SEO v27.3) - https:\/\/yoast.com\/product\/yoast-seo-premium-wordpress\/ -->\n<title>datenschutzerkl\u00e4rung | Luxury Wallcoverings - daisy james<\/title>\n<meta name=\"description\" content=\"Entdecken Sie, wie daisy james Ihre Privatsph\u00e4re und Ihre pers\u00f6nlichen Daten sch\u00fctzt, w\u00e4hrend Sie unsere luxuri\u00f6sen Wandbekleidungen und ma\u00dfgeschneiderten Inneneinrichtungskollektionen erkunden. Lesen Sie hier unsere Datenschutzrichtlinie.\" \/>\n<meta name=\"robots\" content=\"index, follow, max-snippet:-1, max-image-preview:large, max-video-preview:-1\" \/>\n<link rel=\"canonical\" href=\"https:\/\/daisyjames.eu\/de\/datenschutzbestimmungen\/\" \/>\n<script type=\"application\/ld+json\" class=\"yoast-schema-graph\">{\"@context\":\"https:\\\/\\\/schema.org\",\"@graph\":[{\"@type\":\"WebPage\",\"@id\":\"https:\\\/\\\/daisyjames.eu\\\/de\\\/datenschutzbestimmungen\\\/\",\"url\":\"https:\\\/\\\/daisyjames.eu\\\/de\\\/datenschutzbestimmungen\\\/\",\"name\":\"datenschutzerkl\u00e4rung | Luxury Wallcoverings - daisy james\",\"isPartOf\":{\"@id\":\"https:\\\/\\\/daisyjames.eu\\\/de\\\/#website\"},\"primaryImageOfPage\":{\"@id\":\"https:\\\/\\\/daisyjames.eu\\\/de\\\/datenschutzbestimmungen\\\/#primaryimage\"},\"image\":{\"@id\":\"https:\\\/\\\/daisyjames.eu\\\/de\\\/datenschutzbestimmungen\\\/#primaryimage\"},\"thumbnailUrl\":\"https:\\\/\\\/daisyjames.eu\\\/wp-content\\\/uploads\\\/2025\\\/09\\\/DJ_instagram_post_vierkant_salmon_3.jpg\",\"datePublished\":\"2025-07-16T10:33:18+00:00\",\"dateModified\":\"2025-10-07T12:36:42+00:00\",\"description\":\"Entdecken Sie, wie daisy james Ihre Privatsph\u00e4re und Ihre pers\u00f6nlichen Daten sch\u00fctzt, w\u00e4hrend Sie unsere luxuri\u00f6sen Wandbekleidungen und ma\u00dfgeschneiderten Inneneinrichtungskollektionen erkunden. Lesen Sie hier unsere Datenschutzrichtlinie.\",\"breadcrumb\":{\"@id\":\"https:\\\/\\\/daisyjames.eu\\\/de\\\/datenschutzbestimmungen\\\/#breadcrumb\"},\"inLanguage\":\"de\",\"potentialAction\":[{\"@type\":\"ReadAction\",\"target\":[\"https:\\\/\\\/daisyjames.eu\\\/de\\\/datenschutzbestimmungen\\\/\"]}]},{\"@type\":\"ImageObject\",\"inLanguage\":\"de\",\"@id\":\"https:\\\/\\\/daisyjames.eu\\\/de\\\/datenschutzbestimmungen\\\/#primaryimage\",\"url\":\"https:\\\/\\\/daisyjames.eu\\\/wp-content\\\/uploads\\\/2025\\\/09\\\/DJ_instagram_post_vierkant_salmon_3.jpg\",\"contentUrl\":\"https:\\\/\\\/daisyjames.eu\\\/wp-content\\\/uploads\\\/2025\\\/09\\\/DJ_instagram_post_vierkant_salmon_3.jpg\",\"width\":1080,\"height\":1080},{\"@type\":\"BreadcrumbList\",\"@id\":\"https:\\\/\\\/daisyjames.eu\\\/de\\\/datenschutzbestimmungen\\\/#breadcrumb\",\"itemListElement\":[{\"@type\":\"ListItem\",\"position\":1,\"name\":\"Home\",\"item\":\"https:\\\/\\\/daisyjames.eu\\\/de\\\/\"},{\"@type\":\"ListItem\",\"position\":2,\"name\":\"Datenschutzbestimmungen\"}]},{\"@type\":\"WebSite\",\"@id\":\"https:\\\/\\\/daisyjames.eu\\\/de\\\/#website\",\"url\":\"https:\\\/\\\/daisyjames.eu\\\/de\\\/\",\"name\":\"Daisy James\",\"description\":\"\",\"publisher\":{\"@id\":\"https:\\\/\\\/daisyjames.eu\\\/de\\\/#organization\"},\"potentialAction\":[{\"@type\":\"SearchAction\",\"target\":{\"@type\":\"EntryPoint\",\"urlTemplate\":\"https:\\\/\\\/daisyjames.eu\\\/de\\\/?s={search_term_string}\"},\"query-input\":{\"@type\":\"PropertyValueSpecification\",\"valueRequired\":true,\"valueName\":\"search_term_string\"}}],\"inLanguage\":\"de\"},{\"@type\":\"Organization\",\"@id\":\"https:\\\/\\\/daisyjames.eu\\\/de\\\/#organization\",\"name\":\"Daisy James\",\"url\":\"https:\\\/\\\/daisyjames.eu\\\/de\\\/\",\"logo\":{\"@type\":\"ImageObject\",\"inLanguage\":\"de\",\"@id\":\"https:\\\/\\\/daisyjames.eu\\\/de\\\/#\\\/schema\\\/logo\\\/image\\\/\",\"url\":\"https:\\\/\\\/daisyjames.eu\\\/wp-content\\\/uploads\\\/2024\\\/09\\\/LogoDJzwart-1.png\",\"contentUrl\":\"https:\\\/\\\/daisyjames.eu\\\/wp-content\\\/uploads\\\/2024\\\/09\\\/LogoDJzwart-1.png\",\"width\":1125,\"height\":199,\"caption\":\"Daisy James\"},\"image\":{\"@id\":\"https:\\\/\\\/daisyjames.eu\\\/de\\\/#\\\/schema\\\/logo\\\/image\\\/\"},\"sameAs\":[\"https:\\\/\\\/www.facebook.com\\\/Daisyjamesinteriorwallcovering\\\/\",\"https:\\\/\\\/x.com\\\/daisyjamesinterior\",\"https:\\\/\\\/pinterest.com\\\/daisyjameswallcovers\\\/\",\"https:\\\/\\\/nl.linkedin.com\\\/company\\\/d-a-i-s-y-j-a-m-e-s-interior-collection\"]}]}<\/script>\n<!-- \/ Yoast SEO Premium plugin. -->","yoast_head_json":{"title":"datenschutzerkl\u00e4rung | Luxury Wallcoverings - daisy james","description":"Entdecken Sie, wie daisy james Ihre Privatsph\u00e4re und Ihre pers\u00f6nlichen Daten sch\u00fctzt, w\u00e4hrend Sie unsere luxuri\u00f6sen Wandbekleidungen und ma\u00dfgeschneiderten Inneneinrichtungskollektionen erkunden. Lesen Sie hier unsere Datenschutzrichtlinie.","robots":{"index":"index","follow":"follow","max-snippet":"max-snippet:-1","max-image-preview":"max-image-preview:large","max-video-preview":"max-video-preview:-1"},"canonical":"https:\/\/daisyjames.eu\/de\/datenschutzbestimmungen\/","schema":{"@context":"https:\/\/schema.org","@graph":[{"@type":"WebPage","@id":"https:\/\/daisyjames.eu\/de\/datenschutzbestimmungen\/","url":"https:\/\/daisyjames.eu\/de\/datenschutzbestimmungen\/","name":"datenschutzerkl\u00e4rung | Luxury Wallcoverings - daisy james","isPartOf":{"@id":"https:\/\/daisyjames.eu\/de\/#website"},"primaryImageOfPage":{"@id":"https:\/\/daisyjames.eu\/de\/datenschutzbestimmungen\/#primaryimage"},"image":{"@id":"https:\/\/daisyjames.eu\/de\/datenschutzbestimmungen\/#primaryimage"},"thumbnailUrl":"https:\/\/daisyjames.eu\/wp-content\/uploads\/2025\/09\/DJ_instagram_post_vierkant_salmon_3.jpg","datePublished":"2025-07-16T10:33:18+00:00","dateModified":"2025-10-07T12:36:42+00:00","description":"Entdecken Sie, wie daisy james Ihre Privatsph\u00e4re und Ihre pers\u00f6nlichen Daten sch\u00fctzt, w\u00e4hrend Sie unsere luxuri\u00f6sen Wandbekleidungen und ma\u00dfgeschneiderten Inneneinrichtungskollektionen erkunden. Lesen Sie hier unsere Datenschutzrichtlinie.","breadcrumb":{"@id":"https:\/\/daisyjames.eu\/de\/datenschutzbestimmungen\/#breadcrumb"},"inLanguage":"de","potentialAction":[{"@type":"ReadAction","target":["https:\/\/daisyjames.eu\/de\/datenschutzbestimmungen\/"]}]},{"@type":"ImageObject","inLanguage":"de","@id":"https:\/\/daisyjames.eu\/de\/datenschutzbestimmungen\/#primaryimage","url":"https:\/\/daisyjames.eu\/wp-content\/uploads\/2025\/09\/DJ_instagram_post_vierkant_salmon_3.jpg","contentUrl":"https:\/\/daisyjames.eu\/wp-content\/uploads\/2025\/09\/DJ_instagram_post_vierkant_salmon_3.jpg","width":1080,"height":1080},{"@type":"BreadcrumbList","@id":"https:\/\/daisyjames.eu\/de\/datenschutzbestimmungen\/#breadcrumb","itemListElement":[{"@type":"ListItem","position":1,"name":"Home","item":"https:\/\/daisyjames.eu\/de\/"},{"@type":"ListItem","position":2,"name":"Datenschutzbestimmungen"}]},{"@type":"WebSite","@id":"https:\/\/daisyjames.eu\/de\/#website","url":"https:\/\/daisyjames.eu\/de\/","name":"Daisy James","description":"","publisher":{"@id":"https:\/\/daisyjames.eu\/de\/#organization"},"potentialAction":[{"@type":"SearchAction","target":{"@type":"EntryPoint","urlTemplate":"https:\/\/daisyjames.eu\/de\/?s={search_term_string}"},"query-input":{"@type":"PropertyValueSpecification","valueRequired":true,"valueName":"search_term_string"}}],"inLanguage":"de"},{"@type":"Organization","@id":"https:\/\/daisyjames.eu\/de\/#organization","name":"Daisy James","url":"https:\/\/daisyjames.eu\/de\/","logo":{"@type":"ImageObject","inLanguage":"de","@id":"https:\/\/daisyjames.eu\/de\/#\/schema\/logo\/image\/","url":"https:\/\/daisyjames.eu\/wp-content\/uploads\/2024\/09\/LogoDJzwart-1.png","contentUrl":"https:\/\/daisyjames.eu\/wp-content\/uploads\/2024\/09\/LogoDJzwart-1.png","width":1125,"height":199,"caption":"Daisy James"},"image":{"@id":"https:\/\/daisyjames.eu\/de\/#\/schema\/logo\/image\/"},"sameAs":["https:\/\/www.facebook.com\/Daisyjamesinteriorwallcovering\/","https:\/\/x.com\/daisyjamesinterior","https:\/\/pinterest.com\/daisyjameswallcovers\/","https:\/\/nl.linkedin.com\/company\/d-a-i-s-y-j-a-m-e-s-interior-collection"]}]}},"_links":{"self":[{"href":"https:\/\/daisyjames.eu\/de\/wp-json\/wp\/v2\/pages\/27197","targetHints":{"allow":["GET"]}}],"collection":[{"href":"https:\/\/daisyjames.eu\/de\/wp-json\/wp\/v2\/pages"}],"about":[{"href":"https:\/\/daisyjames.eu\/de\/wp-json\/wp\/v2\/types\/page"}],"author":[{"embeddable":true,"href":"https:\/\/daisyjames.eu\/de\/wp-json\/wp\/v2\/users\/5"}],"replies":[{"embeddable":true,"href":"https:\/\/daisyjames.eu\/de\/wp-json\/wp\/v2\/comments?post=27197"}],"version-history":[{"count":2,"href":"https:\/\/daisyjames.eu\/de\/wp-json\/wp\/v2\/pages\/27197\/revisions"}],"predecessor-version":[{"id":29573,"href":"https:\/\/daisyjames.eu\/de\/wp-json\/wp\/v2\/pages\/27197\/revisions\/29573"}],"wp:featuredmedia":[{"embeddable":true,"href":"https:\/\/daisyjames.eu\/de\/wp-json\/wp\/v2\/media\/29004"}],"wp:attachment":[{"href":"https:\/\/daisyjames.eu\/de\/wp-json\/wp\/v2\/media?parent=27197"}],"curies":[{"name":"wp","href":"https:\/\/api.w.org\/{rel}","templated":true}]}}