
{"id":27232,"date":"2024-05-30T07:54:32","date_gmt":"2024-05-30T07:54:32","guid":{"rendered":"https:\/\/staging.daisyjames.eu\/sammlungen\/"},"modified":"2026-01-27T10:04:00","modified_gmt":"2026-01-27T10:04:00","slug":"sammlungen","status":"publish","type":"page","link":"https:\/\/daisyjames.eu\/de\/sammlungen\/","title":{"rendered":"Sammlungen"},"content":{"rendered":"\n<div class=\"wp-block-group has-global-padding is-layout-constrained wp-block-group-is-layout-constrained\">\n<div style=\"height:var(--wp--preset--spacing--xxxxxl)\" aria-hidden=\"true\" class=\"wp-block-spacer\"><\/div>\n\n\n\n<h1 data-aos-duration=\"1000\" data-aos=\"fade\" class=\"wp-block-heading has-text-align-center\" id=\"h-sammlungen\" style=\"margin-top:0;margin-bottom:0\">Sammlungen<\/h1>\n\n\n\n<div style=\"margin-top:0;margin-bottom:0;height:var(--wp--preset--spacing--xxxxxxxl)\" aria-hidden=\"true\" class=\"wp-block-spacer\"><\/div>\n\n\n \n\t\t\t<div data-aos-duration=\"1500\" data-aos=\"width-full-rtl\" \n\t\t\t\tclass=\"wordpress-container !px-0 origin-left w-full m-0 py-[0px] box-border sm:box-border\"\n\t\t\t>\n\t\t\t\t<div\n\t\t\t\t\tclass=\"w-full h-[1px] bg-[#0d181c]\"\n\t\t\t\t><\/div>\n\t\t\t<\/div>\n\t\t<\/div>\n\n\n\n<div class=\"wp-block-group has-global-padding is-layout-constrained wp-block-group-is-layout-constrained\" style=\"margin-top:0;margin-bottom:0;padding-top:var(--wp--preset--spacing--xxxxxxxl);padding-bottom:var(--wp--preset--spacing--xxxxxxxl)\">\n<p data-aos-duration=\"1000\" data-aos=\"fade\"><strong>FINDEN SIE LEICHT IHREN STIL<\/strong><\/p>\n\n\n\n<p data-aos-duration=\"1000\" data-aos=\"fade\">Entdecken Sie die exklusiven Tapetenkollektionen von <strong>daisy james<\/strong>. Mit \u00fcber 300 einzigartigen Luxus-Tapeten haben wir unsere Designs in 6 sorgf\u00e4ltig zusammengestellte Kollektionen unterteilt, die von klassisch und luxuri\u00f6s bis modern und gelassen reichen. Lassen Sie sich von raffinierten Mustern und exklusiven Designs inspirieren, in denen Kunst, Natur und zeitgen\u00f6ssische Innenraum\u00e4sthetik zusammenkommen. Ganz gleich, ob Sie eine auff\u00e4llige Wand gestalten oder einen subtilen Akzent in Ihrer Einrichtung setzen m\u00f6chten, unsere Kollektionen bieten die perfekte L\u00f6sung f\u00fcr jeden Raum und jeden Stil. Entdecken Sie, wie <strong>daisy james<\/strong> wallcoverings Ihr Interieur in eine exklusive und charaktervolle Umgebung verwandeln kann.    <\/p>\n\n\n\n<p data-aos-duration=\"1000\" data-aos=\"fade\"><strong>Klicken Sie unten und lassen Sie sich von der Welt der Luxus-Tapeten inspirieren.<\/strong><\/p>\n<\/div>\n\n\n\n<div class=\"wp-block-group has-global-padding is-layout-constrained wp-block-group-is-layout-constrained\" style=\"margin-top:0;margin-bottom:0\">\n<div class=\"wp-block-columns is-layout-flex wp-container-core-columns-is-layout-28f84493 wp-block-columns-is-layout-flex\">\n<div data-aos=\"fade-up\" class=\"wp-block-column is-layout-flow wp-block-column-is-layout-flow\"><div style=\"aspect-ratio:3\/4;min-height:unset;\" class=\"wp-block-cover is-light is-style-scale-on-hover has-aspect-ratio b-stretched-link\"><a href=\"https:\/\/daisyjames.eu\/de\/collection-details\/gelassenheit\/\" class=\"block-link\"><\/a>\n<img decoding=\"async\" class=\"wp-block-cover__image-background wp-image-26077 size-large\" alt=\"\" src=\"https:\/\/daisyjames.eu\/wp-content\/uploads\/2025\/08\/SERENETY-2-1-769x1024.jpg\" data-object-fit=\"cover\"\/><span aria-hidden=\"true\" class=\"wp-block-cover__background has-background-dim-0 has-background-dim\" style=\"background-color:#d5cfca\"><\/span><div class=\"wp-block-cover__inner-container has-global-padding is-layout-constrained wp-block-cover-is-layout-constrained\">\n<p class=\"has-text-align-center has-large-font-size\"><\/p>\n<\/div><\/div>\n<\/div>\n\n\n\n<div data-aos=\"fade-up\" class=\"wp-block-column is-layout-flow wp-block-column-is-layout-flow\"><div style=\"aspect-ratio:3\/4;min-height:unset;\" class=\"wp-block-cover is-style-scale-on-hover has-aspect-ratio b-stretched-link\"><a href=\"https:\/\/daisyjames.eu\/de\/collection-details\/kuehn\/\" class=\"block-link\"><\/a>\n<img loading=\"lazy\" decoding=\"async\" width=\"769\" height=\"1024\" class=\"wp-block-cover__image-background wp-image-26081 size-large\" alt=\"\" src=\"https:\/\/daisyjames.eu\/wp-content\/uploads\/2025\/08\/AUDACIOUS-2-1-769x1024.jpg\" data-object-fit=\"cover\" srcset=\"https:\/\/daisyjames.eu\/wp-content\/uploads\/2025\/08\/AUDACIOUS-2-1-769x1024.jpg 769w, https:\/\/daisyjames.eu\/wp-content\/uploads\/2025\/08\/AUDACIOUS-2-1-225x300.jpg 225w, https:\/\/daisyjames.eu\/wp-content\/uploads\/2025\/08\/AUDACIOUS-2-1-768x1023.jpg 768w, https:\/\/daisyjames.eu\/wp-content\/uploads\/2025\/08\/AUDACIOUS-2-1-1153x1536.jpg 1153w, https:\/\/daisyjames.eu\/wp-content\/uploads\/2025\/08\/AUDACIOUS-2-1-1200x1598.jpg 1200w, https:\/\/daisyjames.eu\/wp-content\/uploads\/2025\/08\/AUDACIOUS-2-1-600x799.jpg 600w, https:\/\/daisyjames.eu\/wp-content\/uploads\/2025\/08\/AUDACIOUS-2-1.jpg 1455w\" sizes=\"auto, (max-width: 769px) 100vw, 769px\" \/><span aria-hidden=\"true\" class=\"wp-block-cover__background has-background-dim-0 has-background-dim\" style=\"background-color:#505e5c\"><\/span><div class=\"wp-block-cover__inner-container has-global-padding is-layout-constrained wp-block-cover-is-layout-constrained\">\n<p class=\"has-text-align-center has-large-font-size\"><\/p>\n<\/div><\/div>\n<\/div>\n\n\n\n<div data-aos=\"fade-up\" class=\"wp-block-column is-layout-flow wp-block-column-is-layout-flow\"><div style=\"aspect-ratio:3\/4;min-height:unset;\" class=\"wp-block-cover is-style-scale-on-hover has-aspect-ratio b-stretched-link\"><a href=\"https:\/\/daisyjames.eu\/de\/collection-details\/allure\/\" class=\"block-link\"><\/a>\n<img loading=\"lazy\" decoding=\"async\" width=\"769\" height=\"1024\" class=\"wp-block-cover__image-background wp-image-26104 size-large\" alt=\"\" src=\"https:\/\/daisyjames.eu\/wp-content\/uploads\/2025\/08\/ALLURE-2-a-769x1024.jpg\" data-object-fit=\"cover\" srcset=\"https:\/\/daisyjames.eu\/wp-content\/uploads\/2025\/08\/ALLURE-2-a-769x1024.jpg 769w, https:\/\/daisyjames.eu\/wp-content\/uploads\/2025\/08\/ALLURE-2-a-225x300.jpg 225w, https:\/\/daisyjames.eu\/wp-content\/uploads\/2025\/08\/ALLURE-2-a-768x1023.jpg 768w, https:\/\/daisyjames.eu\/wp-content\/uploads\/2025\/08\/ALLURE-2-a-1153x1536.jpg 1153w, https:\/\/daisyjames.eu\/wp-content\/uploads\/2025\/08\/ALLURE-2-a-1200x1598.jpg 1200w, https:\/\/daisyjames.eu\/wp-content\/uploads\/2025\/08\/ALLURE-2-a-600x799.jpg 600w, https:\/\/daisyjames.eu\/wp-content\/uploads\/2025\/08\/ALLURE-2-a.jpg 1455w\" sizes=\"auto, (max-width: 769px) 100vw, 769px\" \/><span aria-hidden=\"true\" class=\"wp-block-cover__background has-background-dim-0 has-background-dim\" style=\"background-color:#472f1b\"><\/span><div class=\"wp-block-cover__inner-container has-global-padding is-layout-constrained wp-block-cover-is-layout-constrained\">\n<p class=\"has-text-align-center has-large-font-size\"><\/p>\n<\/div><\/div>\n<\/div>\n<\/div>\n\n\n\n<div data-aos=\"fade-up\" class=\"wp-block-columns is-layout-flex wp-container-core-columns-is-layout-28f84493 wp-block-columns-is-layout-flex\">\n<div data-aos=\"fade-up\" class=\"wp-block-column is-layout-flow wp-block-column-is-layout-flow\"><div style=\"aspect-ratio:3\/4;min-height:unset;\" class=\"wp-block-cover is-style-scale-on-hover has-aspect-ratio b-stretched-link\"><a href=\"https:\/\/daisyjames.eu\/de\/collection-details\/eternal\/\" class=\"block-link\"><\/a>\n<img loading=\"lazy\" decoding=\"async\" width=\"769\" height=\"1024\" class=\"wp-block-cover__image-background wp-image-26106 size-large\" alt=\"\" src=\"https:\/\/daisyjames.eu\/wp-content\/uploads\/2025\/08\/ETERNETY-2-2-769x1024.jpg\" data-object-fit=\"cover\" srcset=\"https:\/\/daisyjames.eu\/wp-content\/uploads\/2025\/08\/ETERNETY-2-2-769x1024.jpg 769w, https:\/\/daisyjames.eu\/wp-content\/uploads\/2025\/08\/ETERNETY-2-2-225x300.jpg 225w, https:\/\/daisyjames.eu\/wp-content\/uploads\/2025\/08\/ETERNETY-2-2-768x1023.jpg 768w, https:\/\/daisyjames.eu\/wp-content\/uploads\/2025\/08\/ETERNETY-2-2-1153x1536.jpg 1153w, https:\/\/daisyjames.eu\/wp-content\/uploads\/2025\/08\/ETERNETY-2-2-1200x1598.jpg 1200w, https:\/\/daisyjames.eu\/wp-content\/uploads\/2025\/08\/ETERNETY-2-2-600x799.jpg 600w, https:\/\/daisyjames.eu\/wp-content\/uploads\/2025\/08\/ETERNETY-2-2.jpg 1455w\" sizes=\"auto, (max-width: 769px) 100vw, 769px\" \/><span aria-hidden=\"true\" class=\"wp-block-cover__background has-background-dim-0 has-background-dim\" style=\"background-color:#d5cfca\"><\/span><div class=\"wp-block-cover__inner-container has-global-padding is-layout-constrained wp-block-cover-is-layout-constrained\">\n<p class=\"has-text-align-center has-large-font-size\"><\/p>\n<\/div><\/div>\n<\/div>\n\n\n\n<div data-aos=\"fade-up\" class=\"wp-block-column is-layout-flow wp-block-column-is-layout-flow\"><div style=\"aspect-ratio:3\/4;min-height:unset;\" class=\"wp-block-cover is-style-scale-on-hover has-aspect-ratio b-stretched-link\"><a href=\"https:\/\/daisyjames.eu\/de\/collection-details\/grunes-grun\/\" class=\"block-link\"><\/a>\n<img loading=\"lazy\" decoding=\"async\" width=\"769\" height=\"1024\" class=\"wp-block-cover__image-background wp-image-26071 size-large\" alt=\"\" src=\"https:\/\/daisyjames.eu\/wp-content\/uploads\/2025\/08\/VERDANT-2-1-769x1024.jpg\" data-object-fit=\"cover\" srcset=\"https:\/\/daisyjames.eu\/wp-content\/uploads\/2025\/08\/VERDANT-2-1-769x1024.jpg 769w, https:\/\/daisyjames.eu\/wp-content\/uploads\/2025\/08\/VERDANT-2-1-225x300.jpg 225w, https:\/\/daisyjames.eu\/wp-content\/uploads\/2025\/08\/VERDANT-2-1-768x1023.jpg 768w, https:\/\/daisyjames.eu\/wp-content\/uploads\/2025\/08\/VERDANT-2-1-1153x1536.jpg 1153w, https:\/\/daisyjames.eu\/wp-content\/uploads\/2025\/08\/VERDANT-2-1-1200x1598.jpg 1200w, https:\/\/daisyjames.eu\/wp-content\/uploads\/2025\/08\/VERDANT-2-1-600x799.jpg 600w, https:\/\/daisyjames.eu\/wp-content\/uploads\/2025\/08\/VERDANT-2-1.jpg 1455w\" sizes=\"auto, (max-width: 769px) 100vw, 769px\" \/><span aria-hidden=\"true\" class=\"wp-block-cover__background has-background-dim-0 has-background-dim\" style=\"background-color:#0c2719\"><\/span><div class=\"wp-block-cover__inner-container has-global-padding is-layout-constrained wp-block-cover-is-layout-constrained\">\n<p class=\"has-text-align-center has-large-font-size\"><\/p>\n<\/div><\/div>\n<\/div>\n\n\n\n<div data-aos=\"fade-up\" class=\"wp-block-column is-layout-flow wp-block-column-is-layout-flow\"><div style=\"aspect-ratio:3\/4;min-height:unset;\" class=\"wp-block-cover is-style-scale-on-hover has-aspect-ratio b-stretched-link\"><a href=\"https:\/\/daisyjames.eu\/de\/collection-details\/lebendigkeit\/\" class=\"block-link\"><\/a>\n<img loading=\"lazy\" decoding=\"async\" width=\"769\" height=\"1024\" class=\"wp-block-cover__image-background wp-image-26079 size-large\" alt=\"\" src=\"https:\/\/daisyjames.eu\/wp-content\/uploads\/2025\/08\/VIVACITY-2a-769x1024.jpg\" data-object-fit=\"cover\" srcset=\"https:\/\/daisyjames.eu\/wp-content\/uploads\/2025\/08\/VIVACITY-2a-769x1024.jpg 769w, https:\/\/daisyjames.eu\/wp-content\/uploads\/2025\/08\/VIVACITY-2a-225x300.jpg 225w, https:\/\/daisyjames.eu\/wp-content\/uploads\/2025\/08\/VIVACITY-2a-768x1023.jpg 768w, https:\/\/daisyjames.eu\/wp-content\/uploads\/2025\/08\/VIVACITY-2a-1153x1536.jpg 1153w, https:\/\/daisyjames.eu\/wp-content\/uploads\/2025\/08\/VIVACITY-2a-1200x1598.jpg 1200w, https:\/\/daisyjames.eu\/wp-content\/uploads\/2025\/08\/VIVACITY-2a-600x799.jpg 600w, https:\/\/daisyjames.eu\/wp-content\/uploads\/2025\/08\/VIVACITY-2a.jpg 1455w\" sizes=\"auto, (max-width: 769px) 100vw, 769px\" \/><span aria-hidden=\"true\" class=\"wp-block-cover__background has-background-dim-0 has-background-dim\" style=\"background-color:#a83e4f\"><\/span><div class=\"wp-block-cover__inner-container has-global-padding is-layout-constrained wp-block-cover-is-layout-constrained\">\n<p class=\"has-text-align-center has-large-font-size\"><\/p>\n<\/div><\/div>\n<\/div>\n<\/div>\n<\/div>\n\n\n\n<div style=\"height:90px\" aria-hidden=\"true\" class=\"wp-block-spacer\"><\/div>\n\n\n\n<h4 class=\"wp-block-heading\" id=\"h-haufig-gestellte-fragen-zur-daisy-james-kollektion\"><strong>H\u00c4UFIG GESTELLTE FRAGEN ZUR DAISY JAMES KOLLEKTION<\/strong><\/h4>\n\n\n\n<p><\/p>\n\n\n\n<div style=\"height:48px\" aria-hidden=\"true\" class=\"wp-block-spacer\"><\/div>\n\n\n\n<div class=\"wp-block-group has-global-padding is-layout-constrained wp-block-group-is-layout-constrained\">\n<p><strong>Sind die Kollektionen f\u00fcr Hotels oder Einrichtungsprojekte geeignet? <\/strong>Absolut. Die Kollektionen von <strong>daisy james <\/strong>werden weltweit in Luxushotels, B\u00fcros, Restaurants und hochwertigen Innenausstattungsprojekten verwendet. Dank ihrer strapazierf\u00e4higen Materialien und individuellen Gr\u00f6\u00dfenoptionen sind sie ideal f\u00fcr anspruchsvolle R\u00e4ume und architektonische Designs. <\/p>\n\n\n\n<p><strong>Was ist der Unterschied zwischen den daisy james-Kollektionen?<\/strong> Jede <strong>daisy james-Kollektion<\/strong> hat ihre eigene einzigartige Atmosph\u00e4re und visuelle Identit\u00e4t. <em>Allure<\/em> ist gepr\u00e4gt von dunklem Luxus und goldenen Akzenten, w\u00e4hrend <em>Serenity<\/em> Minimalismus und Ruhe verk\u00f6rpert. <em>Vivacity<\/em> dr\u00fcckt Natur und Bewegung aus, <em>Eternal<\/em> verbindet klassische und moderne Elemente, <em>Verdant<\/em> bringt die Natur ins Haus und <em>Audacious<\/em> zelebriert K\u00fchnheit und Individualit\u00e4t. Zusammen bilden sie eine vielseitige Auswahl, die zu einer breiten Palette von Einrichtungsstilen passt. <\/p>\n\n\n\n<p><\/p>\n<\/div>\n\n\n\n<div class=\"wp-block-group has-global-padding is-layout-constrained wp-block-group-is-layout-constrained\">\n<p><strong>Sind die daisy james Kollektionen nahtlos?<\/strong> Ja, alle <strong>daisy james-Tapeten<\/strong> werden als nahtlose Designs geliefert. Durch den hochwertigen Druck auf robustem Textil ist das Ergebnis eine glatte, durchgehende Oberfl\u00e4che ohne sichtbare N\u00e4hte. Das macht sie ideal f\u00fcr gro\u00dfe Fl\u00e4chen, Gastgewerbe und jeden Raum, in dem ein raffiniertes, ununterbrochenes Aussehen gew\u00fcnscht wird.  <\/p>\n<\/div>\n\n\n\n<div style=\"height:98px\" aria-hidden=\"true\" class=\"wp-block-spacer\"><\/div>\n\n\n\n<p><\/p>\n","protected":false},"excerpt":{"rendered":"<p>Sammlungen FINDEN SIE LEICHT IHREN STIL Entdecken Sie die exklusiven Tapetenkollektionen von daisy james. Mit \u00fcber 300 einzigartigen Luxus-Tapeten haben wir unsere Designs in 6 sorgf\u00e4ltig zusammengestellte Kollektionen unterteilt, die von klassisch und luxuri\u00f6s bis modern und gelassen reichen. Lassen Sie sich von raffinierten Mustern und exklusiven Designs inspirieren, in denen Kunst, Natur und zeitgen\u00f6ssische [&hellip;]<\/p>\n","protected":false},"author":1,"featured_media":27250,"parent":0,"menu_order":50,"comment_status":"closed","ping_status":"closed","template":"","meta":{"_acf_changed":false,"footnotes":""},"class_list":["post-27232","page","type-page","status-publish","has-post-thumbnail","hentry"],"acf":[],"yoast_head":"<!-- This site is optimized with the Yoast SEO Premium plugin v27.3 (Yoast SEO v27.3) - https:\/\/yoast.com\/product\/yoast-seo-premium-wordpress\/ -->\n<title>Luxuri\u00f6se Tapetenkollektionen | Exklusive Designs von daisy james<\/title>\n<meta name=\"description\" content=\"Entdecken Sie \u00fcber 300 exklusive Luxus-Tapeten von daisy james. Entdecken Sie 6 kuratierte Kollektionen mit raffinierten Designs, die von Kunst, Natur und zeitgen\u00f6ssischen Interieurs inspiriert sind.\" \/>\n<meta name=\"robots\" content=\"index, follow, max-snippet:-1, max-image-preview:large, max-video-preview:-1\" \/>\n<link rel=\"canonical\" href=\"https:\/\/daisyjames.eu\/de\/sammlungen\/\" \/>\n<script type=\"application\/ld+json\" class=\"yoast-schema-graph\">{\"@context\":\"https:\\\/\\\/schema.org\",\"@graph\":[{\"@type\":\"WebPage\",\"@id\":\"https:\\\/\\\/daisyjames.eu\\\/de\\\/sammlungen\\\/\",\"url\":\"https:\\\/\\\/daisyjames.eu\\\/de\\\/sammlungen\\\/\",\"name\":\"Luxuri\u00f6se Tapetenkollektionen | Exklusive Designs von daisy james\",\"isPartOf\":{\"@id\":\"https:\\\/\\\/daisyjames.eu\\\/#website\"},\"primaryImageOfPage\":{\"@id\":\"https:\\\/\\\/daisyjames.eu\\\/de\\\/sammlungen\\\/#primaryimage\"},\"image\":{\"@id\":\"https:\\\/\\\/daisyjames.eu\\\/de\\\/sammlungen\\\/#primaryimage\"},\"thumbnailUrl\":\"https:\\\/\\\/daisyjames.eu\\\/wp-content\\\/uploads\\\/2025\\\/07\\\/DJ_instagram_post_vierkant_salmon_3.jpg\",\"datePublished\":\"2024-05-30T07:54:32+00:00\",\"dateModified\":\"2026-01-27T10:04:00+00:00\",\"description\":\"Entdecken Sie \u00fcber 300 exklusive Luxus-Tapeten von daisy james. Entdecken Sie 6 kuratierte Kollektionen mit raffinierten Designs, die von Kunst, Natur und zeitgen\u00f6ssischen Interieurs inspiriert sind.\",\"breadcrumb\":{\"@id\":\"https:\\\/\\\/daisyjames.eu\\\/de\\\/sammlungen\\\/#breadcrumb\"},\"inLanguage\":\"de\",\"potentialAction\":[{\"@type\":\"ReadAction\",\"target\":[\"https:\\\/\\\/daisyjames.eu\\\/de\\\/sammlungen\\\/\"]}]},{\"@type\":\"ImageObject\",\"inLanguage\":\"de\",\"@id\":\"https:\\\/\\\/daisyjames.eu\\\/de\\\/sammlungen\\\/#primaryimage\",\"url\":\"https:\\\/\\\/daisyjames.eu\\\/wp-content\\\/uploads\\\/2025\\\/07\\\/DJ_instagram_post_vierkant_salmon_3.jpg\",\"contentUrl\":\"https:\\\/\\\/daisyjames.eu\\\/wp-content\\\/uploads\\\/2025\\\/07\\\/DJ_instagram_post_vierkant_salmon_3.jpg\",\"width\":1080,\"height\":1080},{\"@type\":\"BreadcrumbList\",\"@id\":\"https:\\\/\\\/daisyjames.eu\\\/de\\\/sammlungen\\\/#breadcrumb\",\"itemListElement\":[{\"@type\":\"ListItem\",\"position\":1,\"name\":\"Home\",\"item\":\"https:\\\/\\\/daisyjames.eu\\\/de\\\/\"},{\"@type\":\"ListItem\",\"position\":2,\"name\":\"Sammlungen\"}]},{\"@type\":\"WebSite\",\"@id\":\"https:\\\/\\\/daisyjames.eu\\\/#website\",\"url\":\"https:\\\/\\\/daisyjames.eu\\\/\",\"name\":\"Daisy James\",\"description\":\"\",\"publisher\":{\"@id\":\"https:\\\/\\\/daisyjames.eu\\\/#organization\"},\"potentialAction\":[{\"@type\":\"SearchAction\",\"target\":{\"@type\":\"EntryPoint\",\"urlTemplate\":\"https:\\\/\\\/daisyjames.eu\\\/?s={search_term_string}\"},\"query-input\":{\"@type\":\"PropertyValueSpecification\",\"valueRequired\":true,\"valueName\":\"search_term_string\"}}],\"inLanguage\":\"de\"},{\"@type\":\"Organization\",\"@id\":\"https:\\\/\\\/daisyjames.eu\\\/#organization\",\"name\":\"Daisy James\",\"url\":\"https:\\\/\\\/daisyjames.eu\\\/\",\"logo\":{\"@type\":\"ImageObject\",\"inLanguage\":\"de\",\"@id\":\"https:\\\/\\\/daisyjames.eu\\\/#\\\/schema\\\/logo\\\/image\\\/\",\"url\":\"https:\\\/\\\/daisyjames.eu\\\/wp-content\\\/uploads\\\/2024\\\/09\\\/LogoDJzwart-1.png\",\"contentUrl\":\"https:\\\/\\\/daisyjames.eu\\\/wp-content\\\/uploads\\\/2024\\\/09\\\/LogoDJzwart-1.png\",\"width\":1125,\"height\":199,\"caption\":\"Daisy James\"},\"image\":{\"@id\":\"https:\\\/\\\/daisyjames.eu\\\/#\\\/schema\\\/logo\\\/image\\\/\"},\"sameAs\":[\"https:\\\/\\\/www.facebook.com\\\/Daisyjamesinteriorwallcovering\\\/\",\"https:\\\/\\\/x.com\\\/daisyjamesinterior\",\"https:\\\/\\\/pinterest.com\\\/daisyjameswallcovers\\\/\",\"https:\\\/\\\/nl.linkedin.com\\\/company\\\/d-a-i-s-y-j-a-m-e-s-interior-collection\"]}]}<\/script>\n<!-- \/ Yoast SEO Premium plugin. -->","yoast_head_json":{"title":"Luxuri\u00f6se Tapetenkollektionen | Exklusive Designs von daisy james","description":"Entdecken Sie \u00fcber 300 exklusive Luxus-Tapeten von daisy james. Entdecken Sie 6 kuratierte Kollektionen mit raffinierten Designs, die von Kunst, Natur und zeitgen\u00f6ssischen Interieurs inspiriert sind.","robots":{"index":"index","follow":"follow","max-snippet":"max-snippet:-1","max-image-preview":"max-image-preview:large","max-video-preview":"max-video-preview:-1"},"canonical":"https:\/\/daisyjames.eu\/de\/sammlungen\/","schema":{"@context":"https:\/\/schema.org","@graph":[{"@type":"WebPage","@id":"https:\/\/daisyjames.eu\/de\/sammlungen\/","url":"https:\/\/daisyjames.eu\/de\/sammlungen\/","name":"Luxuri\u00f6se Tapetenkollektionen | Exklusive Designs von daisy james","isPartOf":{"@id":"https:\/\/daisyjames.eu\/#website"},"primaryImageOfPage":{"@id":"https:\/\/daisyjames.eu\/de\/sammlungen\/#primaryimage"},"image":{"@id":"https:\/\/daisyjames.eu\/de\/sammlungen\/#primaryimage"},"thumbnailUrl":"https:\/\/daisyjames.eu\/wp-content\/uploads\/2025\/07\/DJ_instagram_post_vierkant_salmon_3.jpg","datePublished":"2024-05-30T07:54:32+00:00","dateModified":"2026-01-27T10:04:00+00:00","description":"Entdecken Sie \u00fcber 300 exklusive Luxus-Tapeten von daisy james. Entdecken Sie 6 kuratierte Kollektionen mit raffinierten Designs, die von Kunst, Natur und zeitgen\u00f6ssischen Interieurs inspiriert sind.","breadcrumb":{"@id":"https:\/\/daisyjames.eu\/de\/sammlungen\/#breadcrumb"},"inLanguage":"de","potentialAction":[{"@type":"ReadAction","target":["https:\/\/daisyjames.eu\/de\/sammlungen\/"]}]},{"@type":"ImageObject","inLanguage":"de","@id":"https:\/\/daisyjames.eu\/de\/sammlungen\/#primaryimage","url":"https:\/\/daisyjames.eu\/wp-content\/uploads\/2025\/07\/DJ_instagram_post_vierkant_salmon_3.jpg","contentUrl":"https:\/\/daisyjames.eu\/wp-content\/uploads\/2025\/07\/DJ_instagram_post_vierkant_salmon_3.jpg","width":1080,"height":1080},{"@type":"BreadcrumbList","@id":"https:\/\/daisyjames.eu\/de\/sammlungen\/#breadcrumb","itemListElement":[{"@type":"ListItem","position":1,"name":"Home","item":"https:\/\/daisyjames.eu\/de\/"},{"@type":"ListItem","position":2,"name":"Sammlungen"}]},{"@type":"WebSite","@id":"https:\/\/daisyjames.eu\/#website","url":"https:\/\/daisyjames.eu\/","name":"Daisy James","description":"","publisher":{"@id":"https:\/\/daisyjames.eu\/#organization"},"potentialAction":[{"@type":"SearchAction","target":{"@type":"EntryPoint","urlTemplate":"https:\/\/daisyjames.eu\/?s={search_term_string}"},"query-input":{"@type":"PropertyValueSpecification","valueRequired":true,"valueName":"search_term_string"}}],"inLanguage":"de"},{"@type":"Organization","@id":"https:\/\/daisyjames.eu\/#organization","name":"Daisy James","url":"https:\/\/daisyjames.eu\/","logo":{"@type":"ImageObject","inLanguage":"de","@id":"https:\/\/daisyjames.eu\/#\/schema\/logo\/image\/","url":"https:\/\/daisyjames.eu\/wp-content\/uploads\/2024\/09\/LogoDJzwart-1.png","contentUrl":"https:\/\/daisyjames.eu\/wp-content\/uploads\/2024\/09\/LogoDJzwart-1.png","width":1125,"height":199,"caption":"Daisy James"},"image":{"@id":"https:\/\/daisyjames.eu\/#\/schema\/logo\/image\/"},"sameAs":["https:\/\/www.facebook.com\/Daisyjamesinteriorwallcovering\/","https:\/\/x.com\/daisyjamesinterior","https:\/\/pinterest.com\/daisyjameswallcovers\/","https:\/\/nl.linkedin.com\/company\/d-a-i-s-y-j-a-m-e-s-interior-collection"]}]}},"_links":{"self":[{"href":"https:\/\/daisyjames.eu\/de\/wp-json\/wp\/v2\/pages\/27232","targetHints":{"allow":["GET"]}}],"collection":[{"href":"https:\/\/daisyjames.eu\/de\/wp-json\/wp\/v2\/pages"}],"about":[{"href":"https:\/\/daisyjames.eu\/de\/wp-json\/wp\/v2\/types\/page"}],"author":[{"embeddable":true,"href":"https:\/\/daisyjames.eu\/de\/wp-json\/wp\/v2\/users\/1"}],"replies":[{"embeddable":true,"href":"https:\/\/daisyjames.eu\/de\/wp-json\/wp\/v2\/comments?post=27232"}],"version-history":[{"count":4,"href":"https:\/\/daisyjames.eu\/de\/wp-json\/wp\/v2\/pages\/27232\/revisions"}],"predecessor-version":[{"id":34386,"href":"https:\/\/daisyjames.eu\/de\/wp-json\/wp\/v2\/pages\/27232\/revisions\/34386"}],"wp:featuredmedia":[{"embeddable":true,"href":"https:\/\/daisyjames.eu\/de\/wp-json\/wp\/v2\/media\/27250"}],"wp:attachment":[{"href":"https:\/\/daisyjames.eu\/de\/wp-json\/wp\/v2\/media?parent=27232"}],"curies":[{"name":"wp","href":"https:\/\/api.w.org\/{rel}","templated":true}]}}