
{"id":27271,"date":"2024-05-17T09:53:17","date_gmt":"2024-05-17T09:53:17","guid":{"rendered":"https:\/\/staging.daisyjames.eu\/bedingungen-und-konditionen\/"},"modified":"2025-09-17T16:01:26","modified_gmt":"2025-09-17T16:01:26","slug":"bedingungen-und-konditionen-2","status":"publish","type":"page","link":"https:\/\/daisyjames.eu\/de\/bedingungen-und-konditionen-2\/","title":{"rendered":"Bedingungen und Konditionen"},"content":{"rendered":"\n<div class=\"wp-block-group has-global-padding is-layout-constrained wp-container-core-group-is-layout-be04af43 wp-block-group-is-layout-constrained\" style=\"margin-top:0;margin-bottom:0\">\n<div style=\"height:var(--wp--preset--spacing--xxxxxl)\" aria-hidden=\"true\" class=\"wp-block-spacer\"><\/div>\n\n\n\n<h1 data-aos-duration=\"1000\" data-aos=\"fade\" class=\"wp-block-heading has-text-align-center\" id=\"h-terms-and-conditions\" style=\"margin-top:0;margin-bottom:0\">BEDINGUNGEN UND KONDITIONEN<\/h1>\n\n\n\n<div style=\"margin-top:0;margin-bottom:0;height:var(--wp--preset--spacing--xxxxxxxl)\" aria-hidden=\"true\" class=\"wp-block-spacer\"><\/div>\n\n\n \n\t\t\t<div data-aos-duration=\"1500\" data-aos=\"width-full-rtl\" \n\t\t\t\tclass=\"wordpress-container !px-0 origin-left w-full m-0 py-[0px] box-border sm:box-border\"\n\t\t\t>\n\t\t\t\t<div\n\t\t\t\t\tclass=\"w-full h-[1px] bg-[#0d181c]\"\n\t\t\t\t><\/div>\n\t\t\t<\/div>\n\t\t<\/div>\n\n<div class=\"wp-block-group has-global-padding is-layout-constrained wp-container-core-group-is-layout-e54397f0 wp-block-group-is-layout-constrained\" style=\"padding-top:var(--wp--preset--spacing--xxxxxxxl);padding-right:0;padding-bottom:var(--wp--preset--spacing--xxxxxxxl);padding-left:0\">\n<p data-aos-duration=\"1000\" data-aos=\"fade\" class=\"has-primary-color has-text-color has-link-color wp-elements-11760acc0b08a4a27c9f47eccf54aa17\">Bei <strong>daisy james<\/strong> stehen Qualit\u00e4t, Service und Zuverl\u00e4ssigkeit im Mittelpunkt unseres Handelns. Auf dieser Seite finden Sie eine Zusammenfassung unserer wichtigsten Bedingungen und Richtlinien f\u00fcr die Nutzung unserer Website, die Aufgabe von Bestellungen und den Umgang mit pers\u00f6nlichen Daten. Die vollst\u00e4ndigen rechtlichen Dokumente finden Sie auf den entsprechenden Seiten in der Fu\u00dfzeile unserer Website.  <\/p>\n<\/div>\n\n<div class=\"wp-block-group has-global-padding is-layout-constrained wp-container-core-group-is-layout-6b6a4723 wp-block-group-is-layout-constrained\" style=\"margin-top:0;margin-bottom:0;padding-bottom:0\"> \n\t\t\t<div data-aos-duration=\"1500\" data-aos=\"width-full-rtl\" \n\t\t\t\tclass=\"wordpress-container !px-0 origin-left w-full m-0 py-[0px] box-border sm:box-border\"\n\t\t\t>\n\t\t\t\t<div\n\t\t\t\t\tclass=\"w-full h-[1px] bg-[#0d181c]\"\n\t\t\t\t><\/div>\n\t\t\t<\/div>\n\t\t\n\n\n<h2 data-aos-duration=\"1000\" data-aos=\"fade\" class=\"wp-block-heading alignfull has-text-align-center has-xxxxxl-font-size\" id=\"h-terms-and-conditions-0\" style=\"margin-top:0;margin-bottom:0;padding-top:var(--wp--preset--spacing--xxxxxxxl);padding-bottom:var(--wp--preset--spacing--xxxxxxxl);line-height:1;text-transform:uppercase\">BEDINGUNGEN UND KONDITIONEN<\/h2>\n<\/div>\n\n<div class=\"wp-block-group has-global-padding is-layout-constrained wp-container-core-group-is-layout-639b5052 wp-block-group-is-layout-constrained\" style=\"padding-top:0;padding-right:0;padding-bottom:0;padding-left:0\">\n<details data-aos-duration=\"1000\" data-aos=\"fade\" class=\"wp-block-details is-layout-flow wp-block-details-is-layout-flow\" open><summary>Website Nutzung<\/summary>\n<p style=\"padding-top:var(--wp--preset--spacing--xl);padding-bottom:var(--wp--preset--spacing--xl)\">Die Informationen auf unserer Website wurden mit Sorgfalt zusammengestellt. Obwohl wir uns bem\u00fchen, alle Inhalte aktuell und korrekt zu halten, kann <strong>daisy james<\/strong> nicht f\u00fcr Fehler, Auslassungen oder veraltete Informationen haftbar gemacht werden. Die Nutzung der Website und ihrer Inhalte erfolgt auf Ihr eigenes Risiko.  <\/p>\n<\/details>\n\n\n\n<details data-aos-duration=\"1000\" data-aos=\"fade\" class=\"wp-block-details is-layout-flow wp-block-details-is-layout-flow\"><summary>Orders &amp; Returns<\/summary>\n<p style=\"padding-top:var(--wp--preset--spacing--xl);padding-bottom:var(--wp--preset--spacing--xl)\">Sie haben das Recht, Ihre Bestellung innerhalb von 14 Tagen zur\u00fcckzusenden, sofern der Artikel unbenutzt, unbesch\u00e4digt und in der Originalverpackung ist. Ma\u00dfgefertigte Produkte k\u00f6nnen nur im Falle von Produktionsfehlern oder Sch\u00e4den w\u00e4hrend der Lieferung zur\u00fcckgegeben werden. Ausf\u00fchrliche Informationen finden Sie auf unserer Seite <a class=\"\" href=\"#\">R\u00fcckgaberecht<\/a>.  <\/p>\n<\/details>\n\n\n\n<details data-aos-duration=\"1000\" data-aos=\"fade\" class=\"wp-block-details is-layout-flow wp-block-details-is-layout-flow\"><summary>Privacy &amp; Data Protection<\/summary>\n<p style=\"padding-top:var(--wp--preset--spacing--xl);padding-bottom:var(--wp--preset--spacing--xl)\">Wir sch\u00e4tzen Ihre Privatsph\u00e4re und behandeln personenbezogene Daten in \u00dcbereinstimmung mit der GDPR. Lesen Sie unsere vollst\u00e4ndigen <a class=\"\" href=\"#\">Datenschutzrichtlinien<\/a>, um zu erfahren, wie wir Ihre Daten erfassen, verwenden und sch\u00fctzen. <\/p>\n<\/details>\n\n\n\n<details data-aos-duration=\"1000\" data-aos=\"fade\" class=\"wp-block-details is-layout-flow wp-block-details-is-layout-flow\"><summary>Geistiges Eigentum<\/summary>\n<p style=\"padding-top:var(--wp--preset--spacing--xl);padding-bottom:var(--wp--preset--spacing--xl)\">Alle Texte, Bilder und Designs auf dieser Website sind Eigentum von <strong>daisy james<\/strong> und d\u00fcrfen ohne schriftliche Genehmigung nicht kopiert, gespeichert oder weitergegeben werden.<\/p>\n<\/details>\n\n\n\n<details data-aos-duration=\"1000\" data-aos=\"fade\" class=\"wp-block-details is-layout-flow wp-block-details-is-layout-flow\"><summary>Haftungsausschluss<\/summary>\n<p style=\"padding-top:var(--wp--preset--spacing--xl);padding-bottom:var(--wp--preset--spacing--xl)\">Obwohl wir uns bem\u00fchen, genaue und aktuelle Inhalte anzubieten, k\u00f6nnen aus den Informationen auf unserer Website keine Rechte abgeleitet werden. Siehe unseren <a class=\"\" href=\"#\">Haftungsausschluss<\/a> f\u00fcr weitere Details. <\/p>\n<\/details>\n<\/div>\n\n<div class=\"wp-block-group has-global-padding is-layout-constrained wp-block-group-is-layout-constrained\" style=\"margin-top:0;margin-bottom:0;padding-top:var(--wp--preset--spacing--xxxxxxxl);padding-bottom:var(--wp--preset--spacing--xxxxxxxl)\">\n<p data-aos-duration=\"1000\" data-aos=\"fade\">Sie k\u00f6nnen unsere Allgemeinen Gesch\u00e4ftsbedingungen unten herunterladen. Diese Richtlinien sollen allen Nutzern eine klare und positive Erfahrung erm\u00f6glichen. Wenn Sie Fragen haben, z\u00f6gern Sie bitte nicht, sich an uns zu wenden. Wir sind gerne f\u00fcr Sie da.   <\/p>\n\n\n\n<div data-aos-duration=\"1000\" data-aos=\"fade\" class=\"wp-block-buttons is-layout-flex wp-block-buttons-is-layout-flex\" style=\"margin-top:0;margin-bottom:var(--wp--preset--spacing--xxxxxxxl)\">\n<div class=\"wp-block-button is-style-download-icon\"><a class=\"wp-block-button__link wp-element-button\" href=\"\/wp-content\/uploads\/2024\/05\/privacyverklaring-daisyjames.pdf\" target=\"_blank\" rel=\"noreferrer noopener nofollow\">Download Allgemeine Gesch\u00e4ftsbedingungen (pdf)<\/a><\/div>\n<\/div>\n\n\n \n\t\t\t<div data-aos-duration=\"1500\" data-aos=\"width-full-rtl\" \n\t\t\t\tclass=\"wordpress-container !px-0 origin-left w-full m-0 py-[0px] box-border sm:box-border\"\n\t\t\t>\n\t\t\t\t<div\n\t\t\t\t\tclass=\"w-full h-[1px] bg-[#0d181c]\"\n\t\t\t\t><\/div>\n\t\t\t<\/div>\n\t\t<\/div>\n\n<div style=\"height:51px\" aria-hidden=\"true\" class=\"wp-block-spacer\"><\/div>\n\n<h1 class=\"wp-block-heading has-text-align-center\" id=\"h-enduring-quality-transparent-terms\">DAUERHAFTE QUALIT\u00c4T, TRANSPARENTE BEDINGUNGEN.<\/h1>\n\n<div style=\"height:115px\" aria-hidden=\"true\" class=\"wp-block-spacer\"><\/div>\n \n\t\t\t<div data-aos-duration=\"1500\" data-aos=\"width-full-rtl\" \n\t\t\t\tclass=\"wordpress-container !px-0 origin-left w-full m-0 py-[0px] box-border sm:box-border\"\n\t\t\t>\n\t\t\t\t<div\n\t\t\t\t\tclass=\"w-full h-[1px] bg-[#0d181c]\"\n\t\t\t\t><\/div>\n\t\t\t<\/div>\n\t\t\n<div style=\"height:51px\" aria-hidden=\"true\" class=\"wp-block-spacer\"><\/div>\n\n<div style=\"height:51px\" aria-hidden=\"true\" class=\"wp-block-spacer\"><\/div>\n\n<div style=\"height:51px\" aria-hidden=\"true\" class=\"wp-block-spacer\"><\/div>\n\n<p><\/p>\n","protected":false},"excerpt":{"rendered":"<p>BEDINGUNGEN UND KONDITIONEN Bei daisy james stehen Qualit\u00e4t, Service und Zuverl\u00e4ssigkeit im Mittelpunkt unseres Handelns. Auf dieser Seite finden Sie eine Zusammenfassung unserer wichtigsten Bedingungen und Richtlinien f\u00fcr die Nutzung unserer Website, die Aufgabe von Bestellungen und den Umgang mit pers\u00f6nlichen Daten. Die vollst\u00e4ndigen rechtlichen Dokumente finden Sie auf den entsprechenden Seiten in der Fu\u00dfzeile [&hellip;]<\/p>\n","protected":false},"author":1,"featured_media":29004,"parent":0,"menu_order":55,"comment_status":"closed","ping_status":"closed","template":"","meta":{"_acf_changed":false,"footnotes":""},"class_list":["post-27271","page","type-page","status-publish","has-post-thumbnail","hentry"],"acf":[],"yoast_head":"<!-- This site is optimized with the Yoast SEO Premium plugin v27.5 (Yoast SEO v27.5) - https:\/\/yoast.com\/product\/yoast-seo-premium-wordpress\/ -->\n<title>Allgemeine Gesch\u00e4ftsbedingungen | daisy james Luxury Wallcoverings<\/title>\n<meta name=\"description\" content=\"Entdecken Sie die Allgemeinen Gesch\u00e4ftsbedingungen von daisy james. Alle Details zu Bestellungen, Lieferung, R\u00fcckgabe, Haftung und Datenschutz f\u00fcr unsere exklusiven Luxus-Tapeten.\" \/>\n<meta name=\"robots\" content=\"index, follow, max-snippet:-1, max-image-preview:large, max-video-preview:-1\" \/>\n<link rel=\"canonical\" href=\"https:\/\/daisyjames.eu\/de\/bedingungen-und-konditionen-2\/\" \/>\n<script type=\"application\/ld+json\" class=\"yoast-schema-graph\">{\"@context\":\"https:\\\/\\\/schema.org\",\"@graph\":[{\"@type\":\"WebPage\",\"@id\":\"https:\\\/\\\/daisyjames.eu\\\/de\\\/bedingungen-und-konditionen-2\\\/\",\"url\":\"https:\\\/\\\/daisyjames.eu\\\/de\\\/bedingungen-und-konditionen-2\\\/\",\"name\":\"Allgemeine Gesch\u00e4ftsbedingungen | daisy james Luxury Wallcoverings\",\"isPartOf\":{\"@id\":\"https:\\\/\\\/daisyjames.eu\\\/#website\"},\"primaryImageOfPage\":{\"@id\":\"https:\\\/\\\/daisyjames.eu\\\/de\\\/bedingungen-und-konditionen-2\\\/#primaryimage\"},\"image\":{\"@id\":\"https:\\\/\\\/daisyjames.eu\\\/de\\\/bedingungen-und-konditionen-2\\\/#primaryimage\"},\"thumbnailUrl\":\"https:\\\/\\\/daisyjames.eu\\\/wp-content\\\/uploads\\\/2025\\\/09\\\/DJ_instagram_post_vierkant_salmon_3.jpg\",\"datePublished\":\"2024-05-17T09:53:17+00:00\",\"dateModified\":\"2025-09-17T16:01:26+00:00\",\"description\":\"Entdecken Sie die Allgemeinen Gesch\u00e4ftsbedingungen von daisy james. Alle Details zu Bestellungen, Lieferung, R\u00fcckgabe, Haftung und Datenschutz f\u00fcr unsere exklusiven Luxus-Tapeten.\",\"breadcrumb\":{\"@id\":\"https:\\\/\\\/daisyjames.eu\\\/de\\\/bedingungen-und-konditionen-2\\\/#breadcrumb\"},\"inLanguage\":\"de\",\"potentialAction\":[{\"@type\":\"ReadAction\",\"target\":[\"https:\\\/\\\/daisyjames.eu\\\/de\\\/bedingungen-und-konditionen-2\\\/\"]}]},{\"@type\":\"ImageObject\",\"inLanguage\":\"de\",\"@id\":\"https:\\\/\\\/daisyjames.eu\\\/de\\\/bedingungen-und-konditionen-2\\\/#primaryimage\",\"url\":\"https:\\\/\\\/daisyjames.eu\\\/wp-content\\\/uploads\\\/2025\\\/09\\\/DJ_instagram_post_vierkant_salmon_3.jpg\",\"contentUrl\":\"https:\\\/\\\/daisyjames.eu\\\/wp-content\\\/uploads\\\/2025\\\/09\\\/DJ_instagram_post_vierkant_salmon_3.jpg\",\"width\":1080,\"height\":1080},{\"@type\":\"BreadcrumbList\",\"@id\":\"https:\\\/\\\/daisyjames.eu\\\/de\\\/bedingungen-und-konditionen-2\\\/#breadcrumb\",\"itemListElement\":[{\"@type\":\"ListItem\",\"position\":1,\"name\":\"Home\",\"item\":\"https:\\\/\\\/daisyjames.eu\\\/de\\\/\"},{\"@type\":\"ListItem\",\"position\":2,\"name\":\"Bedingungen und Konditionen\"}]},{\"@type\":\"WebSite\",\"@id\":\"https:\\\/\\\/daisyjames.eu\\\/#website\",\"url\":\"https:\\\/\\\/daisyjames.eu\\\/\",\"name\":\"Daisy James\",\"description\":\"\",\"publisher\":{\"@id\":\"https:\\\/\\\/daisyjames.eu\\\/#organization\"},\"potentialAction\":[{\"@type\":\"SearchAction\",\"target\":{\"@type\":\"EntryPoint\",\"urlTemplate\":\"https:\\\/\\\/daisyjames.eu\\\/?s={search_term_string}\"},\"query-input\":{\"@type\":\"PropertyValueSpecification\",\"valueRequired\":true,\"valueName\":\"search_term_string\"}}],\"inLanguage\":\"de\"},{\"@type\":\"Organization\",\"@id\":\"https:\\\/\\\/daisyjames.eu\\\/#organization\",\"name\":\"Daisy James\",\"url\":\"https:\\\/\\\/daisyjames.eu\\\/\",\"logo\":{\"@type\":\"ImageObject\",\"inLanguage\":\"de\",\"@id\":\"https:\\\/\\\/daisyjames.eu\\\/#\\\/schema\\\/logo\\\/image\\\/\",\"url\":\"https:\\\/\\\/daisyjames.eu\\\/wp-content\\\/uploads\\\/2024\\\/09\\\/LogoDJzwart-1.png\",\"contentUrl\":\"https:\\\/\\\/daisyjames.eu\\\/wp-content\\\/uploads\\\/2024\\\/09\\\/LogoDJzwart-1.png\",\"width\":1125,\"height\":199,\"caption\":\"Daisy James\"},\"image\":{\"@id\":\"https:\\\/\\\/daisyjames.eu\\\/#\\\/schema\\\/logo\\\/image\\\/\"},\"sameAs\":[\"https:\\\/\\\/www.facebook.com\\\/Daisyjamesinteriorwallcovering\\\/\",\"https:\\\/\\\/x.com\\\/daisyjamesinterior\",\"https:\\\/\\\/pinterest.com\\\/daisyjameswallcovers\\\/\",\"https:\\\/\\\/nl.linkedin.com\\\/company\\\/d-a-i-s-y-j-a-m-e-s-interior-collection\"]}]}<\/script>\n<!-- \/ Yoast SEO Premium plugin. -->","yoast_head_json":{"title":"Allgemeine Gesch\u00e4ftsbedingungen | daisy james Luxury Wallcoverings","description":"Entdecken Sie die Allgemeinen Gesch\u00e4ftsbedingungen von daisy james. Alle Details zu Bestellungen, Lieferung, R\u00fcckgabe, Haftung und Datenschutz f\u00fcr unsere exklusiven Luxus-Tapeten.","robots":{"index":"index","follow":"follow","max-snippet":"max-snippet:-1","max-image-preview":"max-image-preview:large","max-video-preview":"max-video-preview:-1"},"canonical":"https:\/\/daisyjames.eu\/de\/bedingungen-und-konditionen-2\/","schema":{"@context":"https:\/\/schema.org","@graph":[{"@type":"WebPage","@id":"https:\/\/daisyjames.eu\/de\/bedingungen-und-konditionen-2\/","url":"https:\/\/daisyjames.eu\/de\/bedingungen-und-konditionen-2\/","name":"Allgemeine Gesch\u00e4ftsbedingungen | daisy james Luxury Wallcoverings","isPartOf":{"@id":"https:\/\/daisyjames.eu\/#website"},"primaryImageOfPage":{"@id":"https:\/\/daisyjames.eu\/de\/bedingungen-und-konditionen-2\/#primaryimage"},"image":{"@id":"https:\/\/daisyjames.eu\/de\/bedingungen-und-konditionen-2\/#primaryimage"},"thumbnailUrl":"https:\/\/daisyjames.eu\/wp-content\/uploads\/2025\/09\/DJ_instagram_post_vierkant_salmon_3.jpg","datePublished":"2024-05-17T09:53:17+00:00","dateModified":"2025-09-17T16:01:26+00:00","description":"Entdecken Sie die Allgemeinen Gesch\u00e4ftsbedingungen von daisy james. Alle Details zu Bestellungen, Lieferung, R\u00fcckgabe, Haftung und Datenschutz f\u00fcr unsere exklusiven Luxus-Tapeten.","breadcrumb":{"@id":"https:\/\/daisyjames.eu\/de\/bedingungen-und-konditionen-2\/#breadcrumb"},"inLanguage":"de","potentialAction":[{"@type":"ReadAction","target":["https:\/\/daisyjames.eu\/de\/bedingungen-und-konditionen-2\/"]}]},{"@type":"ImageObject","inLanguage":"de","@id":"https:\/\/daisyjames.eu\/de\/bedingungen-und-konditionen-2\/#primaryimage","url":"https:\/\/daisyjames.eu\/wp-content\/uploads\/2025\/09\/DJ_instagram_post_vierkant_salmon_3.jpg","contentUrl":"https:\/\/daisyjames.eu\/wp-content\/uploads\/2025\/09\/DJ_instagram_post_vierkant_salmon_3.jpg","width":1080,"height":1080},{"@type":"BreadcrumbList","@id":"https:\/\/daisyjames.eu\/de\/bedingungen-und-konditionen-2\/#breadcrumb","itemListElement":[{"@type":"ListItem","position":1,"name":"Home","item":"https:\/\/daisyjames.eu\/de\/"},{"@type":"ListItem","position":2,"name":"Bedingungen und Konditionen"}]},{"@type":"WebSite","@id":"https:\/\/daisyjames.eu\/#website","url":"https:\/\/daisyjames.eu\/","name":"Daisy James","description":"","publisher":{"@id":"https:\/\/daisyjames.eu\/#organization"},"potentialAction":[{"@type":"SearchAction","target":{"@type":"EntryPoint","urlTemplate":"https:\/\/daisyjames.eu\/?s={search_term_string}"},"query-input":{"@type":"PropertyValueSpecification","valueRequired":true,"valueName":"search_term_string"}}],"inLanguage":"de"},{"@type":"Organization","@id":"https:\/\/daisyjames.eu\/#organization","name":"Daisy James","url":"https:\/\/daisyjames.eu\/","logo":{"@type":"ImageObject","inLanguage":"de","@id":"https:\/\/daisyjames.eu\/#\/schema\/logo\/image\/","url":"https:\/\/daisyjames.eu\/wp-content\/uploads\/2024\/09\/LogoDJzwart-1.png","contentUrl":"https:\/\/daisyjames.eu\/wp-content\/uploads\/2024\/09\/LogoDJzwart-1.png","width":1125,"height":199,"caption":"Daisy James"},"image":{"@id":"https:\/\/daisyjames.eu\/#\/schema\/logo\/image\/"},"sameAs":["https:\/\/www.facebook.com\/Daisyjamesinteriorwallcovering\/","https:\/\/x.com\/daisyjamesinterior","https:\/\/pinterest.com\/daisyjameswallcovers\/","https:\/\/nl.linkedin.com\/company\/d-a-i-s-y-j-a-m-e-s-interior-collection"]}]}},"_links":{"self":[{"href":"https:\/\/daisyjames.eu\/de\/wp-json\/wp\/v2\/pages\/27271","targetHints":{"allow":["GET"]}}],"collection":[{"href":"https:\/\/daisyjames.eu\/de\/wp-json\/wp\/v2\/pages"}],"about":[{"href":"https:\/\/daisyjames.eu\/de\/wp-json\/wp\/v2\/types\/page"}],"author":[{"embeddable":true,"href":"https:\/\/daisyjames.eu\/de\/wp-json\/wp\/v2\/users\/1"}],"replies":[{"embeddable":true,"href":"https:\/\/daisyjames.eu\/de\/wp-json\/wp\/v2\/comments?post=27271"}],"version-history":[{"count":2,"href":"https:\/\/daisyjames.eu\/de\/wp-json\/wp\/v2\/pages\/27271\/revisions"}],"predecessor-version":[{"id":29364,"href":"https:\/\/daisyjames.eu\/de\/wp-json\/wp\/v2\/pages\/27271\/revisions\/29364"}],"wp:featuredmedia":[{"embeddable":true,"href":"https:\/\/daisyjames.eu\/de\/wp-json\/wp\/v2\/media\/29004"}],"wp:attachment":[{"href":"https:\/\/daisyjames.eu\/de\/wp-json\/wp\/v2\/media?parent=27271"}],"curies":[{"name":"wp","href":"https:\/\/api.w.org\/{rel}","templated":true}]}}