
{"id":14107,"date":"2024-04-30T19:50:08","date_gmt":"2024-04-30T19:50:08","guid":{"rendered":"https:\/\/daisyjames.dev001.booom.digital\/collection\/the-splendour-no-2\/"},"modified":"2025-10-20T11:44:54","modified_gmt":"2025-10-20T11:44:54","slug":"the-splendour-no-2","status":"publish","type":"product","link":"https:\/\/daisyjames.eu\/de\/collections\/the-splendour-no-2\/","title":{"rendered":"The Splendour No.2"},"content":{"rendered":"","protected":false},"excerpt":{"rendered":"<p><em>&#8220;The Splendour No.2&#8221;<\/em> mag <strong>daisy<\/strong> <strong>james<\/strong>&#8216; <em>&#8220;The Splendour No.1&#8221;<\/em> auf den ersten Blick sehr \u00e4hnlich sein, aber bei genauerem Hinsehen gibt es tats\u00e4chlich einen Unterschied in der Farbpalette der beiden. W\u00e4hrend <em>&#8220;The Splendour No.1&#8221;<\/em> eher zu Rott\u00f6nen tendiert, weist <em>&#8220;The Splendour No.2&#8221;<\/em> lachsfarbene T\u00f6ne auf. Obwohl sie zur gleichen Familie geh\u00f6ren, hat jede der <em>&#8220;Splendour&#8221;<\/em> -Serien, einschlie\u00dflich No.1, No.2 und No.3, ihre eigene einzigartige Farbpalette. Die wundersch\u00f6nen gro\u00dfen Blumen mit ihren sich nicht wiederholenden Mustern bleiben jedoch bei allen drei Tapetendesigns im Mittelpunkt.<\/p>\n","protected":false},"featured_media":4597,"comment_status":"closed","ping_status":"closed","template":"","meta":{"_acf_changed":false},"product_brand":[],"product_cat":[535],"product_tag":[],"class_list":{"0":"post-14107","1":"product","2":"type-product","3":"status-publish","4":"has-post-thumbnail","6":"product_cat-modern-florals-de","7":"pa_colour-yellow-de","8":"pa_colour-yellow-green-de","9":"pa_colour-salmon-de","10":"pa_colour-multi-colours-de","11":"pa_colour-ocher-de","12":"pa_colour-orange-de","13":"pa_colour-rot","14":"pa_colour-terra-de","15":"pa_theme-leaves-de","16":"pa_theme-flowers-de","17":"pa_theme-nature-de","19":"first","20":"instock","21":"purchasable","22":"product-type-simple"},"acf":[],"yoast_head":"<!-- This site is optimized with the Yoast SEO Premium plugin v27.3 (Yoast SEO v27.3) - https:\/\/yoast.com\/product\/yoast-seo-premium-wordpress\/ -->\n<title>The Splendour No.2 - Lachsfarbene Blumentapete | daisy james<\/title>\n<meta name=\"description\" content=\"Entdecken Sie &quot;The Splendour No.2&quot; von daisy james, mit gro\u00dfen, sich nicht wiederholenden Blumenmustern in einem einzigartigen Lachston. Als Teil der Splendour-Serie hat jedes Design No.1, No.2 und No.3 seine eigene, unverwechselbare Farbpalette und zeigt die zeitlose Sch\u00f6nheit von k\u00fchnen Blumenmustern.\" \/>\n<meta name=\"robots\" content=\"index, follow, max-snippet:-1, max-image-preview:large, max-video-preview:-1\" \/>\n<link rel=\"canonical\" href=\"https:\/\/daisyjames.eu\/de\/collections\/the-splendour-no-2\/\" \/>\n<script type=\"application\/ld+json\" class=\"yoast-schema-graph\">{\"@context\":\"https:\\\/\\\/schema.org\",\"@graph\":[{\"@type\":\"WebPage\",\"@id\":\"https:\\\/\\\/daisyjames.eu\\\/de\\\/collections\\\/the-splendour-no-2\\\/\",\"url\":\"https:\\\/\\\/daisyjames.eu\\\/de\\\/collections\\\/the-splendour-no-2\\\/\",\"name\":\"The Splendour No.2 - Lachsfarbene Blumentapete | daisy james\",\"isPartOf\":{\"@id\":\"https:\\\/\\\/daisyjames.eu\\\/#website\"},\"primaryImageOfPage\":{\"@id\":\"https:\\\/\\\/daisyjames.eu\\\/de\\\/collections\\\/the-splendour-no-2\\\/#primaryimage\"},\"image\":{\"@id\":\"https:\\\/\\\/daisyjames.eu\\\/de\\\/collections\\\/the-splendour-no-2\\\/#primaryimage\"},\"thumbnailUrl\":\"https:\\\/\\\/daisyjames.eu\\\/wp-content\\\/uploads\\\/2024\\\/05\\\/dj352-the-splendour-no-2-3-scaled.jpg\",\"datePublished\":\"2024-04-30T19:50:08+00:00\",\"dateModified\":\"2025-10-20T11:44:54+00:00\",\"description\":\"Entdecken Sie \\\"The Splendour No.2\\\" von daisy james, mit gro\u00dfen, sich nicht wiederholenden Blumenmustern in einem einzigartigen Lachston. Als Teil der Splendour-Serie hat jedes Design No.1, No.2 und No.3 seine eigene, unverwechselbare Farbpalette und zeigt die zeitlose Sch\u00f6nheit von k\u00fchnen Blumenmustern.\",\"breadcrumb\":{\"@id\":\"https:\\\/\\\/daisyjames.eu\\\/de\\\/collections\\\/the-splendour-no-2\\\/#breadcrumb\"},\"inLanguage\":\"de\",\"potentialAction\":[{\"@type\":\"ReadAction\",\"target\":[\"https:\\\/\\\/daisyjames.eu\\\/de\\\/collections\\\/the-splendour-no-2\\\/\"]}]},{\"@type\":\"ImageObject\",\"inLanguage\":\"de\",\"@id\":\"https:\\\/\\\/daisyjames.eu\\\/de\\\/collections\\\/the-splendour-no-2\\\/#primaryimage\",\"url\":\"https:\\\/\\\/daisyjames.eu\\\/wp-content\\\/uploads\\\/2024\\\/05\\\/dj352-the-splendour-no-2-3-scaled.jpg\",\"contentUrl\":\"https:\\\/\\\/daisyjames.eu\\\/wp-content\\\/uploads\\\/2024\\\/05\\\/dj352-the-splendour-no-2-3-scaled.jpg\",\"width\":1707,\"height\":2560},{\"@type\":\"BreadcrumbList\",\"@id\":\"https:\\\/\\\/daisyjames.eu\\\/de\\\/collections\\\/the-splendour-no-2\\\/#breadcrumb\",\"itemListElement\":[{\"@type\":\"ListItem\",\"position\":1,\"name\":\"Home\",\"item\":\"https:\\\/\\\/daisyjames.eu\\\/de\\\/\"},{\"@type\":\"ListItem\",\"position\":2,\"name\":\"Alle Wandbekleidungen\",\"item\":\"https:\\\/\\\/daisyjames.eu\\\/de\\\/shop\\\/\"},{\"@type\":\"ListItem\",\"position\":3,\"name\":\"The Splendour No.2\"}]},{\"@type\":\"WebSite\",\"@id\":\"https:\\\/\\\/daisyjames.eu\\\/#website\",\"url\":\"https:\\\/\\\/daisyjames.eu\\\/\",\"name\":\"Daisy James\",\"description\":\"\",\"publisher\":{\"@id\":\"https:\\\/\\\/daisyjames.eu\\\/#organization\"},\"potentialAction\":[{\"@type\":\"SearchAction\",\"target\":{\"@type\":\"EntryPoint\",\"urlTemplate\":\"https:\\\/\\\/daisyjames.eu\\\/?s={search_term_string}\"},\"query-input\":{\"@type\":\"PropertyValueSpecification\",\"valueRequired\":true,\"valueName\":\"search_term_string\"}}],\"inLanguage\":\"de\"},{\"@type\":\"Organization\",\"@id\":\"https:\\\/\\\/daisyjames.eu\\\/#organization\",\"name\":\"Daisy James\",\"url\":\"https:\\\/\\\/daisyjames.eu\\\/\",\"logo\":{\"@type\":\"ImageObject\",\"inLanguage\":\"de\",\"@id\":\"https:\\\/\\\/daisyjames.eu\\\/#\\\/schema\\\/logo\\\/image\\\/\",\"url\":\"https:\\\/\\\/daisyjames.eu\\\/wp-content\\\/uploads\\\/2024\\\/09\\\/LogoDJzwart-1.png\",\"contentUrl\":\"https:\\\/\\\/daisyjames.eu\\\/wp-content\\\/uploads\\\/2024\\\/09\\\/LogoDJzwart-1.png\",\"width\":1125,\"height\":199,\"caption\":\"Daisy James\"},\"image\":{\"@id\":\"https:\\\/\\\/daisyjames.eu\\\/#\\\/schema\\\/logo\\\/image\\\/\"},\"sameAs\":[\"https:\\\/\\\/www.facebook.com\\\/Daisyjamesinteriorwallcovering\\\/\",\"https:\\\/\\\/x.com\\\/daisyjamesinterior\",\"https:\\\/\\\/pinterest.com\\\/daisyjameswallcovers\\\/\",\"https:\\\/\\\/nl.linkedin.com\\\/company\\\/d-a-i-s-y-j-a-m-e-s-interior-collection\"]}]}<\/script>\n<!-- \/ Yoast SEO Premium plugin. -->","yoast_head_json":{"title":"The Splendour No.2 - Lachsfarbene Blumentapete | daisy james","description":"Entdecken Sie \"The Splendour No.2\" von daisy james, mit gro\u00dfen, sich nicht wiederholenden Blumenmustern in einem einzigartigen Lachston. Als Teil der Splendour-Serie hat jedes Design No.1, No.2 und No.3 seine eigene, unverwechselbare Farbpalette und zeigt die zeitlose Sch\u00f6nheit von k\u00fchnen Blumenmustern.","robots":{"index":"index","follow":"follow","max-snippet":"max-snippet:-1","max-image-preview":"max-image-preview:large","max-video-preview":"max-video-preview:-1"},"canonical":"https:\/\/daisyjames.eu\/de\/collections\/the-splendour-no-2\/","schema":{"@context":"https:\/\/schema.org","@graph":[{"@type":"WebPage","@id":"https:\/\/daisyjames.eu\/de\/collections\/the-splendour-no-2\/","url":"https:\/\/daisyjames.eu\/de\/collections\/the-splendour-no-2\/","name":"The Splendour No.2 - Lachsfarbene Blumentapete | daisy james","isPartOf":{"@id":"https:\/\/daisyjames.eu\/#website"},"primaryImageOfPage":{"@id":"https:\/\/daisyjames.eu\/de\/collections\/the-splendour-no-2\/#primaryimage"},"image":{"@id":"https:\/\/daisyjames.eu\/de\/collections\/the-splendour-no-2\/#primaryimage"},"thumbnailUrl":"https:\/\/daisyjames.eu\/wp-content\/uploads\/2024\/05\/dj352-the-splendour-no-2-3-scaled.jpg","datePublished":"2024-04-30T19:50:08+00:00","dateModified":"2025-10-20T11:44:54+00:00","description":"Entdecken Sie \"The Splendour No.2\" von daisy james, mit gro\u00dfen, sich nicht wiederholenden Blumenmustern in einem einzigartigen Lachston. Als Teil der Splendour-Serie hat jedes Design No.1, No.2 und No.3 seine eigene, unverwechselbare Farbpalette und zeigt die zeitlose Sch\u00f6nheit von k\u00fchnen Blumenmustern.","breadcrumb":{"@id":"https:\/\/daisyjames.eu\/de\/collections\/the-splendour-no-2\/#breadcrumb"},"inLanguage":"de","potentialAction":[{"@type":"ReadAction","target":["https:\/\/daisyjames.eu\/de\/collections\/the-splendour-no-2\/"]}]},{"@type":"ImageObject","inLanguage":"de","@id":"https:\/\/daisyjames.eu\/de\/collections\/the-splendour-no-2\/#primaryimage","url":"https:\/\/daisyjames.eu\/wp-content\/uploads\/2024\/05\/dj352-the-splendour-no-2-3-scaled.jpg","contentUrl":"https:\/\/daisyjames.eu\/wp-content\/uploads\/2024\/05\/dj352-the-splendour-no-2-3-scaled.jpg","width":1707,"height":2560},{"@type":"BreadcrumbList","@id":"https:\/\/daisyjames.eu\/de\/collections\/the-splendour-no-2\/#breadcrumb","itemListElement":[{"@type":"ListItem","position":1,"name":"Home","item":"https:\/\/daisyjames.eu\/de\/"},{"@type":"ListItem","position":2,"name":"Alle Wandbekleidungen","item":"https:\/\/daisyjames.eu\/de\/shop\/"},{"@type":"ListItem","position":3,"name":"The Splendour No.2"}]},{"@type":"WebSite","@id":"https:\/\/daisyjames.eu\/#website","url":"https:\/\/daisyjames.eu\/","name":"Daisy James","description":"","publisher":{"@id":"https:\/\/daisyjames.eu\/#organization"},"potentialAction":[{"@type":"SearchAction","target":{"@type":"EntryPoint","urlTemplate":"https:\/\/daisyjames.eu\/?s={search_term_string}"},"query-input":{"@type":"PropertyValueSpecification","valueRequired":true,"valueName":"search_term_string"}}],"inLanguage":"de"},{"@type":"Organization","@id":"https:\/\/daisyjames.eu\/#organization","name":"Daisy James","url":"https:\/\/daisyjames.eu\/","logo":{"@type":"ImageObject","inLanguage":"de","@id":"https:\/\/daisyjames.eu\/#\/schema\/logo\/image\/","url":"https:\/\/daisyjames.eu\/wp-content\/uploads\/2024\/09\/LogoDJzwart-1.png","contentUrl":"https:\/\/daisyjames.eu\/wp-content\/uploads\/2024\/09\/LogoDJzwart-1.png","width":1125,"height":199,"caption":"Daisy James"},"image":{"@id":"https:\/\/daisyjames.eu\/#\/schema\/logo\/image\/"},"sameAs":["https:\/\/www.facebook.com\/Daisyjamesinteriorwallcovering\/","https:\/\/x.com\/daisyjamesinterior","https:\/\/pinterest.com\/daisyjameswallcovers\/","https:\/\/nl.linkedin.com\/company\/d-a-i-s-y-j-a-m-e-s-interior-collection"]}]}},"_links":{"self":[{"href":"https:\/\/daisyjames.eu\/de\/wp-json\/wp\/v2\/product\/14107","targetHints":{"allow":["GET"]}}],"collection":[{"href":"https:\/\/daisyjames.eu\/de\/wp-json\/wp\/v2\/product"}],"about":[{"href":"https:\/\/daisyjames.eu\/de\/wp-json\/wp\/v2\/types\/product"}],"replies":[{"embeddable":true,"href":"https:\/\/daisyjames.eu\/de\/wp-json\/wp\/v2\/comments?post=14107"}],"wp:featuredmedia":[{"embeddable":true,"href":"https:\/\/daisyjames.eu\/de\/wp-json\/wp\/v2\/media\/4597"}],"wp:attachment":[{"href":"https:\/\/daisyjames.eu\/de\/wp-json\/wp\/v2\/media?parent=14107"}],"wp:term":[{"taxonomy":"product_brand","embeddable":true,"href":"https:\/\/daisyjames.eu\/de\/wp-json\/wp\/v2\/product_brand?post=14107"},{"taxonomy":"product_cat","embeddable":true,"href":"https:\/\/daisyjames.eu\/de\/wp-json\/wp\/v2\/product_cat?post=14107"},{"taxonomy":"product_tag","embeddable":true,"href":"https:\/\/daisyjames.eu\/de\/wp-json\/wp\/v2\/product_tag?post=14107"}],"curies":[{"name":"wp","href":"https:\/\/api.w.org\/{rel}","templated":true}]}}