
{"id":14276,"date":"2023-07-19T12:28:10","date_gmt":"2023-07-19T12:28:10","guid":{"rendered":"https:\/\/daisyjames.dev001.booom.digital\/collection\/the-hana-grey\/"},"modified":"2025-10-24T12:59:30","modified_gmt":"2025-10-24T12:59:30","slug":"the-hana-grey","status":"publish","type":"product","link":"https:\/\/daisyjames.eu\/de\/collections\/the-hana-grey\/","title":{"rendered":"The Hana Grey"},"content":{"rendered":"","protected":false},"excerpt":{"rendered":"<p>Lebendig, elegant und zeitlos &#8211; dieses Tapetendesign bietet wirklich alles. Der \u00fcppig gr\u00fcne Hintergrund erg\u00e4nzt die lebhaften wei\u00dfen Blumen auf wunderbare Weise und schafft ein faszinierendes Bild, das an einen gl\u00fccklichen, unbeschwerten Sommernachmittag erinnert. Sein fesselnder Charme wird Sie in Momente purer Entspannung versetzen und den Wunsch wecken, dass dieses bezaubernde Ambiente ewig anh\u00e4lt. Mit ihrer dauerhaften Qualit\u00e4t wird diese Tapete Ihren Raum f\u00fcr viele Jahre schm\u00fccken.<\/p>\n","protected":false},"featured_media":7477,"comment_status":"closed","ping_status":"closed","template":"","meta":{"_acf_changed":false},"product_brand":[],"product_cat":[535],"product_tag":[],"class_list":{"0":"post-14276","1":"product","2":"type-product","3":"status-publish","4":"has-post-thumbnail","6":"product_cat-modern-florals-de","7":"pa_colour-benzin","8":"pa_colour-blue-green-de","9":"pa_colour-greys-de","10":"pa_colour-light-blue-de","11":"pa_colour-pastell","12":"pa_theme-trees-de","13":"pa_theme-flowers-de","14":"pa_theme-nature-de","16":"first","17":"instock","18":"purchasable","19":"product-type-simple"},"acf":[],"yoast_head":"<!-- This site is optimized with the Yoast SEO Premium plugin v27.3 (Yoast SEO v27.3) - https:\/\/yoast.com\/product\/yoast-seo-premium-wordpress\/ -->\n<title>The Hana Grey - Dekorative Blumen Tapete | daisy james<\/title>\n<meta name=\"description\" content=\"&quot;The Hana grey&quot; Dieses lebendige und elegante Tapetendesign von daisy james zeigt einen \u00fcppigen gr\u00fcnen Hintergrund und lebhafte wei\u00dfe Blumen, die den Charme eines unbeschwerten Sommernachmittags heraufbeschw\u00f6ren. Zeitlos und fesselnd, bringt es dauerhafte Entspannung und Sch\u00f6nheit in Ihren Raum.\" \/>\n<meta name=\"robots\" content=\"index, follow, max-snippet:-1, max-image-preview:large, max-video-preview:-1\" \/>\n<link rel=\"canonical\" href=\"https:\/\/daisyjames.eu\/de\/collections\/the-hana-grey\/\" \/>\n<script type=\"application\/ld+json\" class=\"yoast-schema-graph\">{\"@context\":\"https:\\\/\\\/schema.org\",\"@graph\":[{\"@type\":\"WebPage\",\"@id\":\"https:\\\/\\\/daisyjames.eu\\\/de\\\/collections\\\/the-hana-grey\\\/\",\"url\":\"https:\\\/\\\/daisyjames.eu\\\/de\\\/collections\\\/the-hana-grey\\\/\",\"name\":\"The Hana Grey - Dekorative Blumen Tapete | daisy james\",\"isPartOf\":{\"@id\":\"https:\\\/\\\/daisyjames.eu\\\/#website\"},\"primaryImageOfPage\":{\"@id\":\"https:\\\/\\\/daisyjames.eu\\\/de\\\/collections\\\/the-hana-grey\\\/#primaryimage\"},\"image\":{\"@id\":\"https:\\\/\\\/daisyjames.eu\\\/de\\\/collections\\\/the-hana-grey\\\/#primaryimage\"},\"thumbnailUrl\":\"https:\\\/\\\/daisyjames.eu\\\/wp-content\\\/uploads\\\/2024\\\/06\\\/dj308-the-hana-grey-1-scaled.jpg\",\"datePublished\":\"2023-07-19T12:28:10+00:00\",\"dateModified\":\"2025-10-24T12:59:30+00:00\",\"description\":\"\\\"The Hana grey\\\" Dieses lebendige und elegante Tapetendesign von daisy james zeigt einen \u00fcppigen gr\u00fcnen Hintergrund und lebhafte wei\u00dfe Blumen, die den Charme eines unbeschwerten Sommernachmittags heraufbeschw\u00f6ren. Zeitlos und fesselnd, bringt es dauerhafte Entspannung und Sch\u00f6nheit in Ihren Raum.\",\"breadcrumb\":{\"@id\":\"https:\\\/\\\/daisyjames.eu\\\/de\\\/collections\\\/the-hana-grey\\\/#breadcrumb\"},\"inLanguage\":\"de\",\"potentialAction\":[{\"@type\":\"ReadAction\",\"target\":[\"https:\\\/\\\/daisyjames.eu\\\/de\\\/collections\\\/the-hana-grey\\\/\"]}]},{\"@type\":\"ImageObject\",\"inLanguage\":\"de\",\"@id\":\"https:\\\/\\\/daisyjames.eu\\\/de\\\/collections\\\/the-hana-grey\\\/#primaryimage\",\"url\":\"https:\\\/\\\/daisyjames.eu\\\/wp-content\\\/uploads\\\/2024\\\/06\\\/dj308-the-hana-grey-1-scaled.jpg\",\"contentUrl\":\"https:\\\/\\\/daisyjames.eu\\\/wp-content\\\/uploads\\\/2024\\\/06\\\/dj308-the-hana-grey-1-scaled.jpg\",\"width\":1873,\"height\":2560},{\"@type\":\"BreadcrumbList\",\"@id\":\"https:\\\/\\\/daisyjames.eu\\\/de\\\/collections\\\/the-hana-grey\\\/#breadcrumb\",\"itemListElement\":[{\"@type\":\"ListItem\",\"position\":1,\"name\":\"Home\",\"item\":\"https:\\\/\\\/daisyjames.eu\\\/de\\\/\"},{\"@type\":\"ListItem\",\"position\":2,\"name\":\"Alle Wandbekleidungen\",\"item\":\"https:\\\/\\\/daisyjames.eu\\\/de\\\/shop\\\/\"},{\"@type\":\"ListItem\",\"position\":3,\"name\":\"The Hana Grey\"}]},{\"@type\":\"WebSite\",\"@id\":\"https:\\\/\\\/daisyjames.eu\\\/#website\",\"url\":\"https:\\\/\\\/daisyjames.eu\\\/\",\"name\":\"Daisy James\",\"description\":\"\",\"publisher\":{\"@id\":\"https:\\\/\\\/daisyjames.eu\\\/#organization\"},\"potentialAction\":[{\"@type\":\"SearchAction\",\"target\":{\"@type\":\"EntryPoint\",\"urlTemplate\":\"https:\\\/\\\/daisyjames.eu\\\/?s={search_term_string}\"},\"query-input\":{\"@type\":\"PropertyValueSpecification\",\"valueRequired\":true,\"valueName\":\"search_term_string\"}}],\"inLanguage\":\"de\"},{\"@type\":\"Organization\",\"@id\":\"https:\\\/\\\/daisyjames.eu\\\/#organization\",\"name\":\"Daisy James\",\"url\":\"https:\\\/\\\/daisyjames.eu\\\/\",\"logo\":{\"@type\":\"ImageObject\",\"inLanguage\":\"de\",\"@id\":\"https:\\\/\\\/daisyjames.eu\\\/#\\\/schema\\\/logo\\\/image\\\/\",\"url\":\"https:\\\/\\\/daisyjames.eu\\\/wp-content\\\/uploads\\\/2024\\\/09\\\/LogoDJzwart-1.png\",\"contentUrl\":\"https:\\\/\\\/daisyjames.eu\\\/wp-content\\\/uploads\\\/2024\\\/09\\\/LogoDJzwart-1.png\",\"width\":1125,\"height\":199,\"caption\":\"Daisy James\"},\"image\":{\"@id\":\"https:\\\/\\\/daisyjames.eu\\\/#\\\/schema\\\/logo\\\/image\\\/\"},\"sameAs\":[\"https:\\\/\\\/www.facebook.com\\\/Daisyjamesinteriorwallcovering\\\/\",\"https:\\\/\\\/x.com\\\/daisyjamesinterior\",\"https:\\\/\\\/pinterest.com\\\/daisyjameswallcovers\\\/\",\"https:\\\/\\\/nl.linkedin.com\\\/company\\\/d-a-i-s-y-j-a-m-e-s-interior-collection\"]}]}<\/script>\n<!-- \/ Yoast SEO Premium plugin. -->","yoast_head_json":{"title":"The Hana Grey - Dekorative Blumen Tapete | daisy james","description":"\"The Hana grey\" Dieses lebendige und elegante Tapetendesign von daisy james zeigt einen \u00fcppigen gr\u00fcnen Hintergrund und lebhafte wei\u00dfe Blumen, die den Charme eines unbeschwerten Sommernachmittags heraufbeschw\u00f6ren. Zeitlos und fesselnd, bringt es dauerhafte Entspannung und Sch\u00f6nheit in Ihren Raum.","robots":{"index":"index","follow":"follow","max-snippet":"max-snippet:-1","max-image-preview":"max-image-preview:large","max-video-preview":"max-video-preview:-1"},"canonical":"https:\/\/daisyjames.eu\/de\/collections\/the-hana-grey\/","schema":{"@context":"https:\/\/schema.org","@graph":[{"@type":"WebPage","@id":"https:\/\/daisyjames.eu\/de\/collections\/the-hana-grey\/","url":"https:\/\/daisyjames.eu\/de\/collections\/the-hana-grey\/","name":"The Hana Grey - Dekorative Blumen Tapete | daisy james","isPartOf":{"@id":"https:\/\/daisyjames.eu\/#website"},"primaryImageOfPage":{"@id":"https:\/\/daisyjames.eu\/de\/collections\/the-hana-grey\/#primaryimage"},"image":{"@id":"https:\/\/daisyjames.eu\/de\/collections\/the-hana-grey\/#primaryimage"},"thumbnailUrl":"https:\/\/daisyjames.eu\/wp-content\/uploads\/2024\/06\/dj308-the-hana-grey-1-scaled.jpg","datePublished":"2023-07-19T12:28:10+00:00","dateModified":"2025-10-24T12:59:30+00:00","description":"\"The Hana grey\" Dieses lebendige und elegante Tapetendesign von daisy james zeigt einen \u00fcppigen gr\u00fcnen Hintergrund und lebhafte wei\u00dfe Blumen, die den Charme eines unbeschwerten Sommernachmittags heraufbeschw\u00f6ren. Zeitlos und fesselnd, bringt es dauerhafte Entspannung und Sch\u00f6nheit in Ihren Raum.","breadcrumb":{"@id":"https:\/\/daisyjames.eu\/de\/collections\/the-hana-grey\/#breadcrumb"},"inLanguage":"de","potentialAction":[{"@type":"ReadAction","target":["https:\/\/daisyjames.eu\/de\/collections\/the-hana-grey\/"]}]},{"@type":"ImageObject","inLanguage":"de","@id":"https:\/\/daisyjames.eu\/de\/collections\/the-hana-grey\/#primaryimage","url":"https:\/\/daisyjames.eu\/wp-content\/uploads\/2024\/06\/dj308-the-hana-grey-1-scaled.jpg","contentUrl":"https:\/\/daisyjames.eu\/wp-content\/uploads\/2024\/06\/dj308-the-hana-grey-1-scaled.jpg","width":1873,"height":2560},{"@type":"BreadcrumbList","@id":"https:\/\/daisyjames.eu\/de\/collections\/the-hana-grey\/#breadcrumb","itemListElement":[{"@type":"ListItem","position":1,"name":"Home","item":"https:\/\/daisyjames.eu\/de\/"},{"@type":"ListItem","position":2,"name":"Alle Wandbekleidungen","item":"https:\/\/daisyjames.eu\/de\/shop\/"},{"@type":"ListItem","position":3,"name":"The Hana Grey"}]},{"@type":"WebSite","@id":"https:\/\/daisyjames.eu\/#website","url":"https:\/\/daisyjames.eu\/","name":"Daisy James","description":"","publisher":{"@id":"https:\/\/daisyjames.eu\/#organization"},"potentialAction":[{"@type":"SearchAction","target":{"@type":"EntryPoint","urlTemplate":"https:\/\/daisyjames.eu\/?s={search_term_string}"},"query-input":{"@type":"PropertyValueSpecification","valueRequired":true,"valueName":"search_term_string"}}],"inLanguage":"de"},{"@type":"Organization","@id":"https:\/\/daisyjames.eu\/#organization","name":"Daisy James","url":"https:\/\/daisyjames.eu\/","logo":{"@type":"ImageObject","inLanguage":"de","@id":"https:\/\/daisyjames.eu\/#\/schema\/logo\/image\/","url":"https:\/\/daisyjames.eu\/wp-content\/uploads\/2024\/09\/LogoDJzwart-1.png","contentUrl":"https:\/\/daisyjames.eu\/wp-content\/uploads\/2024\/09\/LogoDJzwart-1.png","width":1125,"height":199,"caption":"Daisy James"},"image":{"@id":"https:\/\/daisyjames.eu\/#\/schema\/logo\/image\/"},"sameAs":["https:\/\/www.facebook.com\/Daisyjamesinteriorwallcovering\/","https:\/\/x.com\/daisyjamesinterior","https:\/\/pinterest.com\/daisyjameswallcovers\/","https:\/\/nl.linkedin.com\/company\/d-a-i-s-y-j-a-m-e-s-interior-collection"]}]}},"_links":{"self":[{"href":"https:\/\/daisyjames.eu\/de\/wp-json\/wp\/v2\/product\/14276","targetHints":{"allow":["GET"]}}],"collection":[{"href":"https:\/\/daisyjames.eu\/de\/wp-json\/wp\/v2\/product"}],"about":[{"href":"https:\/\/daisyjames.eu\/de\/wp-json\/wp\/v2\/types\/product"}],"replies":[{"embeddable":true,"href":"https:\/\/daisyjames.eu\/de\/wp-json\/wp\/v2\/comments?post=14276"}],"wp:featuredmedia":[{"embeddable":true,"href":"https:\/\/daisyjames.eu\/de\/wp-json\/wp\/v2\/media\/7477"}],"wp:attachment":[{"href":"https:\/\/daisyjames.eu\/de\/wp-json\/wp\/v2\/media?parent=14276"}],"wp:term":[{"taxonomy":"product_brand","embeddable":true,"href":"https:\/\/daisyjames.eu\/de\/wp-json\/wp\/v2\/product_brand?post=14276"},{"taxonomy":"product_cat","embeddable":true,"href":"https:\/\/daisyjames.eu\/de\/wp-json\/wp\/v2\/product_cat?post=14276"},{"taxonomy":"product_tag","embeddable":true,"href":"https:\/\/daisyjames.eu\/de\/wp-json\/wp\/v2\/product_tag?post=14276"}],"curies":[{"name":"wp","href":"https:\/\/api.w.org\/{rel}","templated":true}]}}