
{"id":14376,"date":"2023-07-19T11:23:21","date_gmt":"2023-07-19T11:23:21","guid":{"rendered":"https:\/\/daisyjames.dev001.booom.digital\/collection\/the-canopy-soft-salmon\/"},"modified":"2025-10-24T14:03:50","modified_gmt":"2025-10-24T14:03:50","slug":"the-canopy-soft-salmon","status":"publish","type":"product","link":"https:\/\/daisyjames.eu\/de\/collections\/the-canopy-soft-salmon\/","title":{"rendered":"The Canopy Soft Salmon"},"content":{"rendered":"","protected":false},"excerpt":{"rendered":"<p>Das Leben ist anders in <em>&#8220;The Canopy&#8221;<\/em>. Eine v\u00f6llig neue Welt, in der die k\u00fchnsten Kletterer zusammen mit fliegenden V\u00f6geln leben. Die Wipfel der B\u00e4ume k\u00f6nnen wie Inseln sein, mit komplexen \u00d6kosystemen und vielen gro\u00dfen und kleinen Lebewesen. Sie sind wie Str\u00e4nde; \u00dcbergangszonen zwischen Land und Himmel. Reich an Artenvielfalt, sehr seltsam und sehr sch\u00f6n. <strong>daisy james<\/strong> lie\u00df sich von dieser seltsamen, aber sch\u00f6nen Welt f\u00fcr unser Hintergrundbild inspirieren: <em>&#8220;The Canopy&#8221;<\/em>. Sehr farbenfroh und reich an Dingen, die es zu sehen gibt.<\/p>\n","protected":false},"featured_media":7677,"comment_status":"closed","ping_status":"closed","template":"","meta":{"_acf_changed":false},"product_brand":[],"product_cat":[535,660],"product_tag":[],"class_list":{"0":"post-14376","1":"product","2":"type-product","3":"status-publish","4":"has-post-thumbnail","6":"product_cat-modern-florals-de","7":"product_cat-organic-harmony-de","8":"pa_colour-salmon-de","9":"pa_colour-orange-de","10":"pa_colour-pastell","11":"pa_colour-terra-de","12":"pa_theme-trees-de","13":"pa_theme-leaves-de","14":"pa_theme-landscape-de","15":"pa_theme-nature-de","16":"pa_theme-animals-de","18":"first","19":"instock","20":"purchasable","21":"product-type-simple"},"acf":[],"yoast_head":"<!-- This site is optimized with the Yoast SEO Premium plugin v27.3 (Yoast SEO v27.3) - https:\/\/yoast.com\/product\/yoast-seo-premium-wordpress\/ -->\n<title>The Canopy Zarter Lachs Dekorative Natur Tapete von daisy james<\/title>\n<meta name=\"description\" content=\"Entdecken Sie &quot;The Canopy soft salmon&quot; von daisy james, eine Tapete, die von der reichen Artenvielfalt der Baumkronen inspiriert ist. Ein farbenfrohes Design voller Komplexit\u00e4t und Sch\u00f6nheit, perfekt f\u00fcr ein einzigartiges Interieur.\" \/>\n<meta name=\"robots\" content=\"index, follow, max-snippet:-1, max-image-preview:large, max-video-preview:-1\" \/>\n<link rel=\"canonical\" href=\"https:\/\/daisyjames.eu\/de\/collections\/the-canopy-soft-salmon\/\" \/>\n<script type=\"application\/ld+json\" class=\"yoast-schema-graph\">{\"@context\":\"https:\\\/\\\/schema.org\",\"@graph\":[{\"@type\":\"WebPage\",\"@id\":\"https:\\\/\\\/daisyjames.eu\\\/de\\\/collections\\\/the-canopy-soft-salmon\\\/\",\"url\":\"https:\\\/\\\/daisyjames.eu\\\/de\\\/collections\\\/the-canopy-soft-salmon\\\/\",\"name\":\"The Canopy Zarter Lachs Dekorative Natur Tapete von daisy james\",\"isPartOf\":{\"@id\":\"https:\\\/\\\/daisyjames.eu\\\/#website\"},\"primaryImageOfPage\":{\"@id\":\"https:\\\/\\\/daisyjames.eu\\\/de\\\/collections\\\/the-canopy-soft-salmon\\\/#primaryimage\"},\"image\":{\"@id\":\"https:\\\/\\\/daisyjames.eu\\\/de\\\/collections\\\/the-canopy-soft-salmon\\\/#primaryimage\"},\"thumbnailUrl\":\"https:\\\/\\\/daisyjames.eu\\\/wp-content\\\/uploads\\\/2024\\\/06\\\/dj202-the-canopy-soft-salmon-1-scaled.jpg\",\"datePublished\":\"2023-07-19T11:23:21+00:00\",\"dateModified\":\"2025-10-24T14:03:50+00:00\",\"description\":\"Entdecken Sie \\\"The Canopy soft salmon\\\" von daisy james, eine Tapete, die von der reichen Artenvielfalt der Baumkronen inspiriert ist. Ein farbenfrohes Design voller Komplexit\u00e4t und Sch\u00f6nheit, perfekt f\u00fcr ein einzigartiges Interieur.\",\"breadcrumb\":{\"@id\":\"https:\\\/\\\/daisyjames.eu\\\/de\\\/collections\\\/the-canopy-soft-salmon\\\/#breadcrumb\"},\"inLanguage\":\"de\",\"potentialAction\":[{\"@type\":\"ReadAction\",\"target\":[\"https:\\\/\\\/daisyjames.eu\\\/de\\\/collections\\\/the-canopy-soft-salmon\\\/\"]}]},{\"@type\":\"ImageObject\",\"inLanguage\":\"de\",\"@id\":\"https:\\\/\\\/daisyjames.eu\\\/de\\\/collections\\\/the-canopy-soft-salmon\\\/#primaryimage\",\"url\":\"https:\\\/\\\/daisyjames.eu\\\/wp-content\\\/uploads\\\/2024\\\/06\\\/dj202-the-canopy-soft-salmon-1-scaled.jpg\",\"contentUrl\":\"https:\\\/\\\/daisyjames.eu\\\/wp-content\\\/uploads\\\/2024\\\/06\\\/dj202-the-canopy-soft-salmon-1-scaled.jpg\",\"width\":1877,\"height\":2560},{\"@type\":\"BreadcrumbList\",\"@id\":\"https:\\\/\\\/daisyjames.eu\\\/de\\\/collections\\\/the-canopy-soft-salmon\\\/#breadcrumb\",\"itemListElement\":[{\"@type\":\"ListItem\",\"position\":1,\"name\":\"Home\",\"item\":\"https:\\\/\\\/daisyjames.eu\\\/de\\\/\"},{\"@type\":\"ListItem\",\"position\":2,\"name\":\"Alle Wandbekleidungen\",\"item\":\"https:\\\/\\\/daisyjames.eu\\\/de\\\/shop\\\/\"},{\"@type\":\"ListItem\",\"position\":3,\"name\":\"The Canopy Soft Salmon\"}]},{\"@type\":\"WebSite\",\"@id\":\"https:\\\/\\\/daisyjames.eu\\\/#website\",\"url\":\"https:\\\/\\\/daisyjames.eu\\\/\",\"name\":\"Daisy James\",\"description\":\"\",\"publisher\":{\"@id\":\"https:\\\/\\\/daisyjames.eu\\\/#organization\"},\"potentialAction\":[{\"@type\":\"SearchAction\",\"target\":{\"@type\":\"EntryPoint\",\"urlTemplate\":\"https:\\\/\\\/daisyjames.eu\\\/?s={search_term_string}\"},\"query-input\":{\"@type\":\"PropertyValueSpecification\",\"valueRequired\":true,\"valueName\":\"search_term_string\"}}],\"inLanguage\":\"de\"},{\"@type\":\"Organization\",\"@id\":\"https:\\\/\\\/daisyjames.eu\\\/#organization\",\"name\":\"Daisy James\",\"url\":\"https:\\\/\\\/daisyjames.eu\\\/\",\"logo\":{\"@type\":\"ImageObject\",\"inLanguage\":\"de\",\"@id\":\"https:\\\/\\\/daisyjames.eu\\\/#\\\/schema\\\/logo\\\/image\\\/\",\"url\":\"https:\\\/\\\/daisyjames.eu\\\/wp-content\\\/uploads\\\/2024\\\/09\\\/LogoDJzwart-1.png\",\"contentUrl\":\"https:\\\/\\\/daisyjames.eu\\\/wp-content\\\/uploads\\\/2024\\\/09\\\/LogoDJzwart-1.png\",\"width\":1125,\"height\":199,\"caption\":\"Daisy James\"},\"image\":{\"@id\":\"https:\\\/\\\/daisyjames.eu\\\/#\\\/schema\\\/logo\\\/image\\\/\"},\"sameAs\":[\"https:\\\/\\\/www.facebook.com\\\/Daisyjamesinteriorwallcovering\\\/\",\"https:\\\/\\\/x.com\\\/daisyjamesinterior\",\"https:\\\/\\\/pinterest.com\\\/daisyjameswallcovers\\\/\",\"https:\\\/\\\/nl.linkedin.com\\\/company\\\/d-a-i-s-y-j-a-m-e-s-interior-collection\"]}]}<\/script>\n<!-- \/ Yoast SEO Premium plugin. -->","yoast_head_json":{"title":"The Canopy Zarter Lachs Dekorative Natur Tapete von daisy james","description":"Entdecken Sie \"The Canopy soft salmon\" von daisy james, eine Tapete, die von der reichen Artenvielfalt der Baumkronen inspiriert ist. Ein farbenfrohes Design voller Komplexit\u00e4t und Sch\u00f6nheit, perfekt f\u00fcr ein einzigartiges Interieur.","robots":{"index":"index","follow":"follow","max-snippet":"max-snippet:-1","max-image-preview":"max-image-preview:large","max-video-preview":"max-video-preview:-1"},"canonical":"https:\/\/daisyjames.eu\/de\/collections\/the-canopy-soft-salmon\/","schema":{"@context":"https:\/\/schema.org","@graph":[{"@type":"WebPage","@id":"https:\/\/daisyjames.eu\/de\/collections\/the-canopy-soft-salmon\/","url":"https:\/\/daisyjames.eu\/de\/collections\/the-canopy-soft-salmon\/","name":"The Canopy Zarter Lachs Dekorative Natur Tapete von daisy james","isPartOf":{"@id":"https:\/\/daisyjames.eu\/#website"},"primaryImageOfPage":{"@id":"https:\/\/daisyjames.eu\/de\/collections\/the-canopy-soft-salmon\/#primaryimage"},"image":{"@id":"https:\/\/daisyjames.eu\/de\/collections\/the-canopy-soft-salmon\/#primaryimage"},"thumbnailUrl":"https:\/\/daisyjames.eu\/wp-content\/uploads\/2024\/06\/dj202-the-canopy-soft-salmon-1-scaled.jpg","datePublished":"2023-07-19T11:23:21+00:00","dateModified":"2025-10-24T14:03:50+00:00","description":"Entdecken Sie \"The Canopy soft salmon\" von daisy james, eine Tapete, die von der reichen Artenvielfalt der Baumkronen inspiriert ist. Ein farbenfrohes Design voller Komplexit\u00e4t und Sch\u00f6nheit, perfekt f\u00fcr ein einzigartiges Interieur.","breadcrumb":{"@id":"https:\/\/daisyjames.eu\/de\/collections\/the-canopy-soft-salmon\/#breadcrumb"},"inLanguage":"de","potentialAction":[{"@type":"ReadAction","target":["https:\/\/daisyjames.eu\/de\/collections\/the-canopy-soft-salmon\/"]}]},{"@type":"ImageObject","inLanguage":"de","@id":"https:\/\/daisyjames.eu\/de\/collections\/the-canopy-soft-salmon\/#primaryimage","url":"https:\/\/daisyjames.eu\/wp-content\/uploads\/2024\/06\/dj202-the-canopy-soft-salmon-1-scaled.jpg","contentUrl":"https:\/\/daisyjames.eu\/wp-content\/uploads\/2024\/06\/dj202-the-canopy-soft-salmon-1-scaled.jpg","width":1877,"height":2560},{"@type":"BreadcrumbList","@id":"https:\/\/daisyjames.eu\/de\/collections\/the-canopy-soft-salmon\/#breadcrumb","itemListElement":[{"@type":"ListItem","position":1,"name":"Home","item":"https:\/\/daisyjames.eu\/de\/"},{"@type":"ListItem","position":2,"name":"Alle Wandbekleidungen","item":"https:\/\/daisyjames.eu\/de\/shop\/"},{"@type":"ListItem","position":3,"name":"The Canopy Soft Salmon"}]},{"@type":"WebSite","@id":"https:\/\/daisyjames.eu\/#website","url":"https:\/\/daisyjames.eu\/","name":"Daisy James","description":"","publisher":{"@id":"https:\/\/daisyjames.eu\/#organization"},"potentialAction":[{"@type":"SearchAction","target":{"@type":"EntryPoint","urlTemplate":"https:\/\/daisyjames.eu\/?s={search_term_string}"},"query-input":{"@type":"PropertyValueSpecification","valueRequired":true,"valueName":"search_term_string"}}],"inLanguage":"de"},{"@type":"Organization","@id":"https:\/\/daisyjames.eu\/#organization","name":"Daisy James","url":"https:\/\/daisyjames.eu\/","logo":{"@type":"ImageObject","inLanguage":"de","@id":"https:\/\/daisyjames.eu\/#\/schema\/logo\/image\/","url":"https:\/\/daisyjames.eu\/wp-content\/uploads\/2024\/09\/LogoDJzwart-1.png","contentUrl":"https:\/\/daisyjames.eu\/wp-content\/uploads\/2024\/09\/LogoDJzwart-1.png","width":1125,"height":199,"caption":"Daisy James"},"image":{"@id":"https:\/\/daisyjames.eu\/#\/schema\/logo\/image\/"},"sameAs":["https:\/\/www.facebook.com\/Daisyjamesinteriorwallcovering\/","https:\/\/x.com\/daisyjamesinterior","https:\/\/pinterest.com\/daisyjameswallcovers\/","https:\/\/nl.linkedin.com\/company\/d-a-i-s-y-j-a-m-e-s-interior-collection"]}]}},"_links":{"self":[{"href":"https:\/\/daisyjames.eu\/de\/wp-json\/wp\/v2\/product\/14376","targetHints":{"allow":["GET"]}}],"collection":[{"href":"https:\/\/daisyjames.eu\/de\/wp-json\/wp\/v2\/product"}],"about":[{"href":"https:\/\/daisyjames.eu\/de\/wp-json\/wp\/v2\/types\/product"}],"replies":[{"embeddable":true,"href":"https:\/\/daisyjames.eu\/de\/wp-json\/wp\/v2\/comments?post=14376"}],"wp:featuredmedia":[{"embeddable":true,"href":"https:\/\/daisyjames.eu\/de\/wp-json\/wp\/v2\/media\/7677"}],"wp:attachment":[{"href":"https:\/\/daisyjames.eu\/de\/wp-json\/wp\/v2\/media?parent=14376"}],"wp:term":[{"taxonomy":"product_brand","embeddable":true,"href":"https:\/\/daisyjames.eu\/de\/wp-json\/wp\/v2\/product_brand?post=14376"},{"taxonomy":"product_cat","embeddable":true,"href":"https:\/\/daisyjames.eu\/de\/wp-json\/wp\/v2\/product_cat?post=14376"},{"taxonomy":"product_tag","embeddable":true,"href":"https:\/\/daisyjames.eu\/de\/wp-json\/wp\/v2\/product_tag?post=14376"}],"curies":[{"name":"wp","href":"https:\/\/api.w.org\/{rel}","templated":true}]}}