
{"id":14731,"date":"2023-06-30T21:10:12","date_gmt":"2023-06-30T21:10:12","guid":{"rendered":"https:\/\/daisyjames.dev001.booom.digital\/collection\/the-basilstone\/"},"modified":"2025-10-27T11:15:59","modified_gmt":"2025-10-27T11:15:59","slug":"the-basilstone","status":"publish","type":"product","link":"https:\/\/daisyjames.eu\/de\/collections\/the-basilstone\/","title":{"rendered":"The Basilstone"},"content":{"rendered":"","protected":false},"excerpt":{"rendered":"<p>Entdecken Sie unsere <strong>daisy james<\/strong> Tapete <em>&#8220;The Basilstone&#8221;<\/em>, die sorgf\u00e4ltig entworfen wurde, um das charmante Aussehen einer abgenutzten und bemalten Wand zu replizieren. Ihre erdige Textur und die dezenten Farben machen sie zu einer vielseitigen Wahl f\u00fcr verschiedene W\u00e4nde. Dank der gro\u00dfen Auswahl an Farben k\u00f6nnen Sie die perfekte Kombination f\u00fcr Ihre Bed\u00fcrfnisse finden. Vertrauen Sie auf die Qualit\u00e4t und Beliebtheit dieser <strong>daisy james<\/strong> Tapete, die Ihren Raum mit ihrem rustikalen Charme bereichert.<\/p>\n","protected":false},"featured_media":8381,"comment_status":"closed","ping_status":"closed","template":"","meta":{"_acf_changed":false},"product_brand":[],"product_cat":[510],"product_tag":[],"class_list":{"0":"post-14731","1":"product","2":"type-product","3":"status-publish","4":"has-post-thumbnail","6":"product_cat-expressive-statement-de","7":"pa_colour-blue-green-de","8":"pa_colour-dark-green-de","9":"pa_colour-greys-de","10":"pa_colour-greens-de","11":"pa_colour-naturals-de","12":"pa_theme-abstract-de","13":"pa_theme-basics-de","14":"pa_theme-stones-de","16":"first","17":"instock","18":"purchasable","19":"product-type-simple"},"acf":[],"yoast_head":"<!-- This site is optimized with the Yoast SEO Premium plugin v27.3 (Yoast SEO v27.3) - https:\/\/yoast.com\/product\/yoast-seo-premium-wordpress\/ -->\n<title>Der Basilikumstein - Nat\u00fcrliche Struktur Tapete | daisy james<\/title>\n<meta name=\"description\" content=\"&quot;The Basilstone&quot; von daisy james ahmt den Charme einer abgenutzten, bemalten Wand mit erdigen Texturen und subtilen Farben nach. Diese vielseitige Tapete ist in verschiedenen Farbt\u00f6nen erh\u00e4ltlich und verleiht Ihrem Raum einen rustikalen Charme und zeitlosen Reiz.\" \/>\n<meta name=\"robots\" content=\"index, follow, max-snippet:-1, max-image-preview:large, max-video-preview:-1\" \/>\n<link rel=\"canonical\" href=\"https:\/\/daisyjames.eu\/de\/collections\/the-basilstone\/\" \/>\n<script type=\"application\/ld+json\" class=\"yoast-schema-graph\">{\"@context\":\"https:\\\/\\\/schema.org\",\"@graph\":[{\"@type\":\"WebPage\",\"@id\":\"https:\\\/\\\/daisyjames.eu\\\/de\\\/collections\\\/the-basilstone\\\/\",\"url\":\"https:\\\/\\\/daisyjames.eu\\\/de\\\/collections\\\/the-basilstone\\\/\",\"name\":\"Der Basilikumstein - Nat\u00fcrliche Struktur Tapete | daisy james\",\"isPartOf\":{\"@id\":\"https:\\\/\\\/daisyjames.eu\\\/de\\\/#website\"},\"primaryImageOfPage\":{\"@id\":\"https:\\\/\\\/daisyjames.eu\\\/de\\\/collections\\\/the-basilstone\\\/#primaryimage\"},\"image\":{\"@id\":\"https:\\\/\\\/daisyjames.eu\\\/de\\\/collections\\\/the-basilstone\\\/#primaryimage\"},\"thumbnailUrl\":\"https:\\\/\\\/daisyjames.eu\\\/wp-content\\\/uploads\\\/2024\\\/06\\\/dj302-the-basilstone-3-scaled.jpg\",\"datePublished\":\"2023-06-30T21:10:12+00:00\",\"dateModified\":\"2025-10-27T11:15:59+00:00\",\"description\":\"\\\"The Basilstone\\\" von daisy james ahmt den Charme einer abgenutzten, bemalten Wand mit erdigen Texturen und subtilen Farben nach. Diese vielseitige Tapete ist in verschiedenen Farbt\u00f6nen erh\u00e4ltlich und verleiht Ihrem Raum einen rustikalen Charme und zeitlosen Reiz.\",\"breadcrumb\":{\"@id\":\"https:\\\/\\\/daisyjames.eu\\\/de\\\/collections\\\/the-basilstone\\\/#breadcrumb\"},\"inLanguage\":\"de\",\"potentialAction\":[{\"@type\":\"ReadAction\",\"target\":[\"https:\\\/\\\/daisyjames.eu\\\/de\\\/collections\\\/the-basilstone\\\/\"]}]},{\"@type\":\"ImageObject\",\"inLanguage\":\"de\",\"@id\":\"https:\\\/\\\/daisyjames.eu\\\/de\\\/collections\\\/the-basilstone\\\/#primaryimage\",\"url\":\"https:\\\/\\\/daisyjames.eu\\\/wp-content\\\/uploads\\\/2024\\\/06\\\/dj302-the-basilstone-3-scaled.jpg\",\"contentUrl\":\"https:\\\/\\\/daisyjames.eu\\\/wp-content\\\/uploads\\\/2024\\\/06\\\/dj302-the-basilstone-3-scaled.jpg\",\"width\":1707,\"height\":2560},{\"@type\":\"BreadcrumbList\",\"@id\":\"https:\\\/\\\/daisyjames.eu\\\/de\\\/collections\\\/the-basilstone\\\/#breadcrumb\",\"itemListElement\":[{\"@type\":\"ListItem\",\"position\":1,\"name\":\"Home\",\"item\":\"https:\\\/\\\/daisyjames.eu\\\/de\\\/\"},{\"@type\":\"ListItem\",\"position\":2,\"name\":\"Alle Wandbekleidungen\",\"item\":\"https:\\\/\\\/daisyjames.eu\\\/de\\\/shop\\\/\"},{\"@type\":\"ListItem\",\"position\":3,\"name\":\"The Basilstone\"}]},{\"@type\":\"WebSite\",\"@id\":\"https:\\\/\\\/daisyjames.eu\\\/de\\\/#website\",\"url\":\"https:\\\/\\\/daisyjames.eu\\\/de\\\/\",\"name\":\"Daisy James\",\"description\":\"\",\"publisher\":{\"@id\":\"https:\\\/\\\/daisyjames.eu\\\/de\\\/#organization\"},\"potentialAction\":[{\"@type\":\"SearchAction\",\"target\":{\"@type\":\"EntryPoint\",\"urlTemplate\":\"https:\\\/\\\/daisyjames.eu\\\/de\\\/?s={search_term_string}\"},\"query-input\":{\"@type\":\"PropertyValueSpecification\",\"valueRequired\":true,\"valueName\":\"search_term_string\"}}],\"inLanguage\":\"de\"},{\"@type\":\"Organization\",\"@id\":\"https:\\\/\\\/daisyjames.eu\\\/de\\\/#organization\",\"name\":\"Daisy James\",\"url\":\"https:\\\/\\\/daisyjames.eu\\\/de\\\/\",\"logo\":{\"@type\":\"ImageObject\",\"inLanguage\":\"de\",\"@id\":\"https:\\\/\\\/daisyjames.eu\\\/de\\\/#\\\/schema\\\/logo\\\/image\\\/\",\"url\":\"https:\\\/\\\/daisyjames.eu\\\/wp-content\\\/uploads\\\/2024\\\/09\\\/LogoDJzwart-1.png\",\"contentUrl\":\"https:\\\/\\\/daisyjames.eu\\\/wp-content\\\/uploads\\\/2024\\\/09\\\/LogoDJzwart-1.png\",\"width\":1125,\"height\":199,\"caption\":\"Daisy James\"},\"image\":{\"@id\":\"https:\\\/\\\/daisyjames.eu\\\/de\\\/#\\\/schema\\\/logo\\\/image\\\/\"},\"sameAs\":[\"https:\\\/\\\/www.facebook.com\\\/Daisyjamesinteriorwallcovering\\\/\",\"https:\\\/\\\/x.com\\\/daisyjamesinterior\",\"https:\\\/\\\/pinterest.com\\\/daisyjameswallcovers\\\/\",\"https:\\\/\\\/nl.linkedin.com\\\/company\\\/d-a-i-s-y-j-a-m-e-s-interior-collection\"]}]}<\/script>\n<!-- \/ Yoast SEO Premium plugin. -->","yoast_head_json":{"title":"Der Basilikumstein - Nat\u00fcrliche Struktur Tapete | daisy james","description":"\"The Basilstone\" von daisy james ahmt den Charme einer abgenutzten, bemalten Wand mit erdigen Texturen und subtilen Farben nach. Diese vielseitige Tapete ist in verschiedenen Farbt\u00f6nen erh\u00e4ltlich und verleiht Ihrem Raum einen rustikalen Charme und zeitlosen Reiz.","robots":{"index":"index","follow":"follow","max-snippet":"max-snippet:-1","max-image-preview":"max-image-preview:large","max-video-preview":"max-video-preview:-1"},"canonical":"https:\/\/daisyjames.eu\/de\/collections\/the-basilstone\/","schema":{"@context":"https:\/\/schema.org","@graph":[{"@type":"WebPage","@id":"https:\/\/daisyjames.eu\/de\/collections\/the-basilstone\/","url":"https:\/\/daisyjames.eu\/de\/collections\/the-basilstone\/","name":"Der Basilikumstein - Nat\u00fcrliche Struktur Tapete | daisy james","isPartOf":{"@id":"https:\/\/daisyjames.eu\/de\/#website"},"primaryImageOfPage":{"@id":"https:\/\/daisyjames.eu\/de\/collections\/the-basilstone\/#primaryimage"},"image":{"@id":"https:\/\/daisyjames.eu\/de\/collections\/the-basilstone\/#primaryimage"},"thumbnailUrl":"https:\/\/daisyjames.eu\/wp-content\/uploads\/2024\/06\/dj302-the-basilstone-3-scaled.jpg","datePublished":"2023-06-30T21:10:12+00:00","dateModified":"2025-10-27T11:15:59+00:00","description":"\"The Basilstone\" von daisy james ahmt den Charme einer abgenutzten, bemalten Wand mit erdigen Texturen und subtilen Farben nach. Diese vielseitige Tapete ist in verschiedenen Farbt\u00f6nen erh\u00e4ltlich und verleiht Ihrem Raum einen rustikalen Charme und zeitlosen Reiz.","breadcrumb":{"@id":"https:\/\/daisyjames.eu\/de\/collections\/the-basilstone\/#breadcrumb"},"inLanguage":"de","potentialAction":[{"@type":"ReadAction","target":["https:\/\/daisyjames.eu\/de\/collections\/the-basilstone\/"]}]},{"@type":"ImageObject","inLanguage":"de","@id":"https:\/\/daisyjames.eu\/de\/collections\/the-basilstone\/#primaryimage","url":"https:\/\/daisyjames.eu\/wp-content\/uploads\/2024\/06\/dj302-the-basilstone-3-scaled.jpg","contentUrl":"https:\/\/daisyjames.eu\/wp-content\/uploads\/2024\/06\/dj302-the-basilstone-3-scaled.jpg","width":1707,"height":2560},{"@type":"BreadcrumbList","@id":"https:\/\/daisyjames.eu\/de\/collections\/the-basilstone\/#breadcrumb","itemListElement":[{"@type":"ListItem","position":1,"name":"Home","item":"https:\/\/daisyjames.eu\/de\/"},{"@type":"ListItem","position":2,"name":"Alle Wandbekleidungen","item":"https:\/\/daisyjames.eu\/de\/shop\/"},{"@type":"ListItem","position":3,"name":"The Basilstone"}]},{"@type":"WebSite","@id":"https:\/\/daisyjames.eu\/de\/#website","url":"https:\/\/daisyjames.eu\/de\/","name":"Daisy James","description":"","publisher":{"@id":"https:\/\/daisyjames.eu\/de\/#organization"},"potentialAction":[{"@type":"SearchAction","target":{"@type":"EntryPoint","urlTemplate":"https:\/\/daisyjames.eu\/de\/?s={search_term_string}"},"query-input":{"@type":"PropertyValueSpecification","valueRequired":true,"valueName":"search_term_string"}}],"inLanguage":"de"},{"@type":"Organization","@id":"https:\/\/daisyjames.eu\/de\/#organization","name":"Daisy James","url":"https:\/\/daisyjames.eu\/de\/","logo":{"@type":"ImageObject","inLanguage":"de","@id":"https:\/\/daisyjames.eu\/de\/#\/schema\/logo\/image\/","url":"https:\/\/daisyjames.eu\/wp-content\/uploads\/2024\/09\/LogoDJzwart-1.png","contentUrl":"https:\/\/daisyjames.eu\/wp-content\/uploads\/2024\/09\/LogoDJzwart-1.png","width":1125,"height":199,"caption":"Daisy James"},"image":{"@id":"https:\/\/daisyjames.eu\/de\/#\/schema\/logo\/image\/"},"sameAs":["https:\/\/www.facebook.com\/Daisyjamesinteriorwallcovering\/","https:\/\/x.com\/daisyjamesinterior","https:\/\/pinterest.com\/daisyjameswallcovers\/","https:\/\/nl.linkedin.com\/company\/d-a-i-s-y-j-a-m-e-s-interior-collection"]}]}},"_links":{"self":[{"href":"https:\/\/daisyjames.eu\/de\/wp-json\/wp\/v2\/product\/14731","targetHints":{"allow":["GET"]}}],"collection":[{"href":"https:\/\/daisyjames.eu\/de\/wp-json\/wp\/v2\/product"}],"about":[{"href":"https:\/\/daisyjames.eu\/de\/wp-json\/wp\/v2\/types\/product"}],"replies":[{"embeddable":true,"href":"https:\/\/daisyjames.eu\/de\/wp-json\/wp\/v2\/comments?post=14731"}],"wp:featuredmedia":[{"embeddable":true,"href":"https:\/\/daisyjames.eu\/de\/wp-json\/wp\/v2\/media\/8381"}],"wp:attachment":[{"href":"https:\/\/daisyjames.eu\/de\/wp-json\/wp\/v2\/media?parent=14731"}],"wp:term":[{"taxonomy":"product_brand","embeddable":true,"href":"https:\/\/daisyjames.eu\/de\/wp-json\/wp\/v2\/product_brand?post=14731"},{"taxonomy":"product_cat","embeddable":true,"href":"https:\/\/daisyjames.eu\/de\/wp-json\/wp\/v2\/product_cat?post=14731"},{"taxonomy":"product_tag","embeddable":true,"href":"https:\/\/daisyjames.eu\/de\/wp-json\/wp\/v2\/product_tag?post=14731"}],"curies":[{"name":"wp","href":"https:\/\/api.w.org\/{rel}","templated":true}]}}