
{"id":15624,"date":"2023-06-30T20:10:39","date_gmt":"2023-06-30T20:10:39","guid":{"rendered":"https:\/\/daisyjames.dev001.booom.digital\/collection\/the-palette-pink\/"},"modified":"2025-10-28T15:44:22","modified_gmt":"2025-10-28T15:44:22","slug":"the-palette-pink","status":"publish","type":"product","link":"https:\/\/daisyjames.eu\/de\/collections\/the-palette-pink\/","title":{"rendered":"The Palette Pink"},"content":{"rendered":"","protected":false},"excerpt":{"rendered":"<p>Effizienz ist der Schl\u00fcssel, wenn es um anpassungsf\u00e4hige Tapeten geht. Wir pr\u00e4sentieren <em>&#8220;The Palette Pink&#8221;<\/em> von <strong>daisy james<\/strong>, ein abstraktes Design, das Vielseitigkeit verk\u00f6rpert. Mit sechs Variationen, aus denen Sie w\u00e4hlen k\u00f6nnen, repr\u00e4sentiert es die wahre Essenz von <strong>daisy james<\/strong>. Es ist zwar in Pink abgebildet, aber auch in f\u00fcnf anderen atemberaubenden Farben erh\u00e4ltlich. Erleben Sie die bemerkenswerte Flexibilit\u00e4t von <em>&#8220;The Palette Pink&#8221;<\/em>, die m\u00fchelos eine Vielzahl von W\u00e4nden versch\u00f6nert.<\/p>\n","protected":false},"featured_media":11547,"comment_status":"closed","ping_status":"closed","template":"","meta":{"_acf_changed":false},"product_brand":[],"product_cat":[787],"product_tag":[],"class_list":{"0":"post-15624","1":"product","2":"type-product","3":"status-publish","4":"has-post-thumbnail","6":"product_cat-cultural-fusion-de","7":"pa_colour-aubergine-de","8":"pa_colour-salmon-de","9":"pa_colour-pastell","10":"pa_colour-rosa","11":"pa_colour-rot","12":"pa_colour-terra-de","13":"pa_theme-abstract-de","14":"pa_theme-basics-de","16":"first","17":"instock","18":"purchasable","19":"product-type-simple"},"acf":[],"yoast_head":"<!-- This site is optimized with the Yoast SEO Premium plugin v27.3 (Yoast SEO v27.3) - https:\/\/yoast.com\/product\/yoast-seo-premium-wordpress\/ -->\n<title>The Palette Pink - Abstrakte Tapete | daisy james<\/title>\n<meta name=\"description\" content=\"Effizienz trifft Vielseitigkeit mit &quot;The Palette Pink&quot; von daisy james, einem anpassungsf\u00e4higen abstrakten Tapetendesign, das in sechs atemberaubenden Farben erh\u00e4ltlich ist. Diese bemerkenswerte Tapete wertet jeden Raum mit Leichtigkeit auf und verk\u00f6rpert die wahre Essenz von daisy james.\" \/>\n<meta name=\"robots\" content=\"index, follow, max-snippet:-1, max-image-preview:large, max-video-preview:-1\" \/>\n<link rel=\"canonical\" href=\"https:\/\/daisyjames.eu\/de\/collections\/the-palette-pink\/\" \/>\n<script type=\"application\/ld+json\" class=\"yoast-schema-graph\">{\"@context\":\"https:\\\/\\\/schema.org\",\"@graph\":[{\"@type\":\"WebPage\",\"@id\":\"https:\\\/\\\/daisyjames.eu\\\/de\\\/collections\\\/the-palette-pink\\\/\",\"url\":\"https:\\\/\\\/daisyjames.eu\\\/de\\\/collections\\\/the-palette-pink\\\/\",\"name\":\"The Palette Pink - Abstrakte Tapete | daisy james\",\"isPartOf\":{\"@id\":\"https:\\\/\\\/daisyjames.eu\\\/#website\"},\"primaryImageOfPage\":{\"@id\":\"https:\\\/\\\/daisyjames.eu\\\/de\\\/collections\\\/the-palette-pink\\\/#primaryimage\"},\"image\":{\"@id\":\"https:\\\/\\\/daisyjames.eu\\\/de\\\/collections\\\/the-palette-pink\\\/#primaryimage\"},\"thumbnailUrl\":\"https:\\\/\\\/daisyjames.eu\\\/wp-content\\\/uploads\\\/2024\\\/07\\\/dj245-the-palette-pink-2-scaled.jpg\",\"datePublished\":\"2023-06-30T20:10:39+00:00\",\"dateModified\":\"2025-10-28T15:44:22+00:00\",\"description\":\"Effizienz trifft Vielseitigkeit mit \\\"The Palette Pink\\\" von daisy james, einem anpassungsf\u00e4higen abstrakten Tapetendesign, das in sechs atemberaubenden Farben erh\u00e4ltlich ist. Diese bemerkenswerte Tapete wertet jeden Raum mit Leichtigkeit auf und verk\u00f6rpert die wahre Essenz von daisy james.\",\"breadcrumb\":{\"@id\":\"https:\\\/\\\/daisyjames.eu\\\/de\\\/collections\\\/the-palette-pink\\\/#breadcrumb\"},\"inLanguage\":\"de\",\"potentialAction\":[{\"@type\":\"ReadAction\",\"target\":[\"https:\\\/\\\/daisyjames.eu\\\/de\\\/collections\\\/the-palette-pink\\\/\"]}]},{\"@type\":\"ImageObject\",\"inLanguage\":\"de\",\"@id\":\"https:\\\/\\\/daisyjames.eu\\\/de\\\/collections\\\/the-palette-pink\\\/#primaryimage\",\"url\":\"https:\\\/\\\/daisyjames.eu\\\/wp-content\\\/uploads\\\/2024\\\/07\\\/dj245-the-palette-pink-2-scaled.jpg\",\"contentUrl\":\"https:\\\/\\\/daisyjames.eu\\\/wp-content\\\/uploads\\\/2024\\\/07\\\/dj245-the-palette-pink-2-scaled.jpg\",\"width\":2560,\"height\":1463},{\"@type\":\"BreadcrumbList\",\"@id\":\"https:\\\/\\\/daisyjames.eu\\\/de\\\/collections\\\/the-palette-pink\\\/#breadcrumb\",\"itemListElement\":[{\"@type\":\"ListItem\",\"position\":1,\"name\":\"Home\",\"item\":\"https:\\\/\\\/daisyjames.eu\\\/de\\\/\"},{\"@type\":\"ListItem\",\"position\":2,\"name\":\"Alle Wandbekleidungen\",\"item\":\"https:\\\/\\\/daisyjames.eu\\\/de\\\/shop\\\/\"},{\"@type\":\"ListItem\",\"position\":3,\"name\":\"The Palette Pink\"}]},{\"@type\":\"WebSite\",\"@id\":\"https:\\\/\\\/daisyjames.eu\\\/#website\",\"url\":\"https:\\\/\\\/daisyjames.eu\\\/\",\"name\":\"Daisy James\",\"description\":\"\",\"publisher\":{\"@id\":\"https:\\\/\\\/daisyjames.eu\\\/#organization\"},\"potentialAction\":[{\"@type\":\"SearchAction\",\"target\":{\"@type\":\"EntryPoint\",\"urlTemplate\":\"https:\\\/\\\/daisyjames.eu\\\/?s={search_term_string}\"},\"query-input\":{\"@type\":\"PropertyValueSpecification\",\"valueRequired\":true,\"valueName\":\"search_term_string\"}}],\"inLanguage\":\"de\"},{\"@type\":\"Organization\",\"@id\":\"https:\\\/\\\/daisyjames.eu\\\/#organization\",\"name\":\"Daisy James\",\"url\":\"https:\\\/\\\/daisyjames.eu\\\/\",\"logo\":{\"@type\":\"ImageObject\",\"inLanguage\":\"de\",\"@id\":\"https:\\\/\\\/daisyjames.eu\\\/#\\\/schema\\\/logo\\\/image\\\/\",\"url\":\"https:\\\/\\\/daisyjames.eu\\\/wp-content\\\/uploads\\\/2024\\\/09\\\/LogoDJzwart-1.png\",\"contentUrl\":\"https:\\\/\\\/daisyjames.eu\\\/wp-content\\\/uploads\\\/2024\\\/09\\\/LogoDJzwart-1.png\",\"width\":1125,\"height\":199,\"caption\":\"Daisy James\"},\"image\":{\"@id\":\"https:\\\/\\\/daisyjames.eu\\\/#\\\/schema\\\/logo\\\/image\\\/\"},\"sameAs\":[\"https:\\\/\\\/www.facebook.com\\\/Daisyjamesinteriorwallcovering\\\/\",\"https:\\\/\\\/x.com\\\/daisyjamesinterior\",\"https:\\\/\\\/pinterest.com\\\/daisyjameswallcovers\\\/\",\"https:\\\/\\\/nl.linkedin.com\\\/company\\\/d-a-i-s-y-j-a-m-e-s-interior-collection\"]}]}<\/script>\n<!-- \/ Yoast SEO Premium plugin. -->","yoast_head_json":{"title":"The Palette Pink - Abstrakte Tapete | daisy james","description":"Effizienz trifft Vielseitigkeit mit \"The Palette Pink\" von daisy james, einem anpassungsf\u00e4higen abstrakten Tapetendesign, das in sechs atemberaubenden Farben erh\u00e4ltlich ist. Diese bemerkenswerte Tapete wertet jeden Raum mit Leichtigkeit auf und verk\u00f6rpert die wahre Essenz von daisy james.","robots":{"index":"index","follow":"follow","max-snippet":"max-snippet:-1","max-image-preview":"max-image-preview:large","max-video-preview":"max-video-preview:-1"},"canonical":"https:\/\/daisyjames.eu\/de\/collections\/the-palette-pink\/","schema":{"@context":"https:\/\/schema.org","@graph":[{"@type":"WebPage","@id":"https:\/\/daisyjames.eu\/de\/collections\/the-palette-pink\/","url":"https:\/\/daisyjames.eu\/de\/collections\/the-palette-pink\/","name":"The Palette Pink - Abstrakte Tapete | daisy james","isPartOf":{"@id":"https:\/\/daisyjames.eu\/#website"},"primaryImageOfPage":{"@id":"https:\/\/daisyjames.eu\/de\/collections\/the-palette-pink\/#primaryimage"},"image":{"@id":"https:\/\/daisyjames.eu\/de\/collections\/the-palette-pink\/#primaryimage"},"thumbnailUrl":"https:\/\/daisyjames.eu\/wp-content\/uploads\/2024\/07\/dj245-the-palette-pink-2-scaled.jpg","datePublished":"2023-06-30T20:10:39+00:00","dateModified":"2025-10-28T15:44:22+00:00","description":"Effizienz trifft Vielseitigkeit mit \"The Palette Pink\" von daisy james, einem anpassungsf\u00e4higen abstrakten Tapetendesign, das in sechs atemberaubenden Farben erh\u00e4ltlich ist. Diese bemerkenswerte Tapete wertet jeden Raum mit Leichtigkeit auf und verk\u00f6rpert die wahre Essenz von daisy james.","breadcrumb":{"@id":"https:\/\/daisyjames.eu\/de\/collections\/the-palette-pink\/#breadcrumb"},"inLanguage":"de","potentialAction":[{"@type":"ReadAction","target":["https:\/\/daisyjames.eu\/de\/collections\/the-palette-pink\/"]}]},{"@type":"ImageObject","inLanguage":"de","@id":"https:\/\/daisyjames.eu\/de\/collections\/the-palette-pink\/#primaryimage","url":"https:\/\/daisyjames.eu\/wp-content\/uploads\/2024\/07\/dj245-the-palette-pink-2-scaled.jpg","contentUrl":"https:\/\/daisyjames.eu\/wp-content\/uploads\/2024\/07\/dj245-the-palette-pink-2-scaled.jpg","width":2560,"height":1463},{"@type":"BreadcrumbList","@id":"https:\/\/daisyjames.eu\/de\/collections\/the-palette-pink\/#breadcrumb","itemListElement":[{"@type":"ListItem","position":1,"name":"Home","item":"https:\/\/daisyjames.eu\/de\/"},{"@type":"ListItem","position":2,"name":"Alle Wandbekleidungen","item":"https:\/\/daisyjames.eu\/de\/shop\/"},{"@type":"ListItem","position":3,"name":"The Palette Pink"}]},{"@type":"WebSite","@id":"https:\/\/daisyjames.eu\/#website","url":"https:\/\/daisyjames.eu\/","name":"Daisy James","description":"","publisher":{"@id":"https:\/\/daisyjames.eu\/#organization"},"potentialAction":[{"@type":"SearchAction","target":{"@type":"EntryPoint","urlTemplate":"https:\/\/daisyjames.eu\/?s={search_term_string}"},"query-input":{"@type":"PropertyValueSpecification","valueRequired":true,"valueName":"search_term_string"}}],"inLanguage":"de"},{"@type":"Organization","@id":"https:\/\/daisyjames.eu\/#organization","name":"Daisy James","url":"https:\/\/daisyjames.eu\/","logo":{"@type":"ImageObject","inLanguage":"de","@id":"https:\/\/daisyjames.eu\/#\/schema\/logo\/image\/","url":"https:\/\/daisyjames.eu\/wp-content\/uploads\/2024\/09\/LogoDJzwart-1.png","contentUrl":"https:\/\/daisyjames.eu\/wp-content\/uploads\/2024\/09\/LogoDJzwart-1.png","width":1125,"height":199,"caption":"Daisy James"},"image":{"@id":"https:\/\/daisyjames.eu\/#\/schema\/logo\/image\/"},"sameAs":["https:\/\/www.facebook.com\/Daisyjamesinteriorwallcovering\/","https:\/\/x.com\/daisyjamesinterior","https:\/\/pinterest.com\/daisyjameswallcovers\/","https:\/\/nl.linkedin.com\/company\/d-a-i-s-y-j-a-m-e-s-interior-collection"]}]}},"_links":{"self":[{"href":"https:\/\/daisyjames.eu\/de\/wp-json\/wp\/v2\/product\/15624","targetHints":{"allow":["GET"]}}],"collection":[{"href":"https:\/\/daisyjames.eu\/de\/wp-json\/wp\/v2\/product"}],"about":[{"href":"https:\/\/daisyjames.eu\/de\/wp-json\/wp\/v2\/types\/product"}],"replies":[{"embeddable":true,"href":"https:\/\/daisyjames.eu\/de\/wp-json\/wp\/v2\/comments?post=15624"}],"wp:featuredmedia":[{"embeddable":true,"href":"https:\/\/daisyjames.eu\/de\/wp-json\/wp\/v2\/media\/11547"}],"wp:attachment":[{"href":"https:\/\/daisyjames.eu\/de\/wp-json\/wp\/v2\/media?parent=15624"}],"wp:term":[{"taxonomy":"product_brand","embeddable":true,"href":"https:\/\/daisyjames.eu\/de\/wp-json\/wp\/v2\/product_brand?post=15624"},{"taxonomy":"product_cat","embeddable":true,"href":"https:\/\/daisyjames.eu\/de\/wp-json\/wp\/v2\/product_cat?post=15624"},{"taxonomy":"product_tag","embeddable":true,"href":"https:\/\/daisyjames.eu\/de\/wp-json\/wp\/v2\/product_tag?post=15624"}],"curies":[{"name":"wp","href":"https:\/\/api.w.org\/{rel}","templated":true}]}}