
{"id":15635,"date":"2023-06-30T20:10:02","date_gmt":"2023-06-30T20:10:02","guid":{"rendered":"https:\/\/daisyjames.dev001.booom.digital\/collection\/the-palette-orange-red\/"},"modified":"2025-10-28T15:47:21","modified_gmt":"2025-10-28T15:47:21","slug":"the-palette-orange-red","status":"publish","type":"product","link":"https:\/\/daisyjames.eu\/de\/collections\/the-palette-orange-red\/","title":{"rendered":"The Palette Orange Red"},"content":{"rendered":"","protected":false},"excerpt":{"rendered":"<p>Vielseitigkeit ist der Schl\u00fcssel, wenn es um Tapeten geht. Einige sind spezifisch, w\u00e4hrend andere, wie<em> &#8220;The Palette Orange Red&#8221;<\/em> von <strong>daisy james<\/strong>, wunderbar anpassungsf\u00e4hig sind. Dieses abstrakte Design bietet 6 Variationen, darunter diese atemberaubende Orange\/Rot-Option, sowie 5 weitere Farben, die sich effizient und stilvoll an jede Wand anpassen. Machen Sie sich den intelligenten Ansatz beim Dekorieren zu eigen und erzielen Sie mit <em>&#8220;The Palette&#8221;<\/em> ein herausragendes Endergebnis.<\/p>\n","protected":false},"featured_media":11563,"comment_status":"closed","ping_status":"closed","template":"","meta":{"_acf_changed":false},"product_brand":[],"product_cat":[787],"product_tag":[],"class_list":{"0":"post-15635","1":"product","2":"type-product","3":"status-publish","4":"has-post-thumbnail","6":"product_cat-cultural-fusion-de","7":"pa_colour-aubergine-de","8":"pa_colour-salmon-de","9":"pa_colour-rosa","10":"pa_colour-rot","11":"pa_colour-terra-de","12":"pa_theme-abstract-de","14":"first","15":"instock","16":"purchasable","17":"product-type-simple"},"acf":[],"yoast_head":"<!-- This site is optimized with the Yoast SEO Premium plugin v27.3 (Yoast SEO v27.3) - https:\/\/yoast.com\/product\/yoast-seo-premium-wordpress\/ -->\n<title>The Palette Orange Red - Abstrakte Tapete | daisy james<\/title>\n<meta name=\"description\" content=\"Genie\u00dfen Sie die Vielseitigkeit von &quot;The Palette Orange Red&quot; von daisy james, einem abstrakten Design, das in 6 atemberaubenden Variationen erh\u00e4ltlich ist. Diese anpassungsf\u00e4hige Tapete, einschlie\u00dflich der leuchtenden Orange\/Rot-Variante, passt zu jeder Wand mit Effizienz und Stil.\" \/>\n<meta name=\"robots\" content=\"index, follow, max-snippet:-1, max-image-preview:large, max-video-preview:-1\" \/>\n<link rel=\"canonical\" href=\"https:\/\/daisyjames.eu\/de\/collections\/the-palette-orange-red\/\" \/>\n<script type=\"application\/ld+json\" class=\"yoast-schema-graph\">{\"@context\":\"https:\\\/\\\/schema.org\",\"@graph\":[{\"@type\":\"WebPage\",\"@id\":\"https:\\\/\\\/daisyjames.eu\\\/de\\\/collections\\\/the-palette-orange-red\\\/\",\"url\":\"https:\\\/\\\/daisyjames.eu\\\/de\\\/collections\\\/the-palette-orange-red\\\/\",\"name\":\"The Palette Orange Red - Abstrakte Tapete | daisy james\",\"isPartOf\":{\"@id\":\"https:\\\/\\\/daisyjames.eu\\\/#website\"},\"primaryImageOfPage\":{\"@id\":\"https:\\\/\\\/daisyjames.eu\\\/de\\\/collections\\\/the-palette-orange-red\\\/#primaryimage\"},\"image\":{\"@id\":\"https:\\\/\\\/daisyjames.eu\\\/de\\\/collections\\\/the-palette-orange-red\\\/#primaryimage\"},\"thumbnailUrl\":\"https:\\\/\\\/daisyjames.eu\\\/wp-content\\\/uploads\\\/2024\\\/07\\\/dj245-the-palette-orange-red-3-scaled.jpg\",\"datePublished\":\"2023-06-30T20:10:02+00:00\",\"dateModified\":\"2025-10-28T15:47:21+00:00\",\"description\":\"Genie\u00dfen Sie die Vielseitigkeit von \\\"The Palette Orange Red\\\" von daisy james, einem abstrakten Design, das in 6 atemberaubenden Variationen erh\u00e4ltlich ist. Diese anpassungsf\u00e4hige Tapete, einschlie\u00dflich der leuchtenden Orange\\\/Rot-Variante, passt zu jeder Wand mit Effizienz und Stil.\",\"breadcrumb\":{\"@id\":\"https:\\\/\\\/daisyjames.eu\\\/de\\\/collections\\\/the-palette-orange-red\\\/#breadcrumb\"},\"inLanguage\":\"de\",\"potentialAction\":[{\"@type\":\"ReadAction\",\"target\":[\"https:\\\/\\\/daisyjames.eu\\\/de\\\/collections\\\/the-palette-orange-red\\\/\"]}]},{\"@type\":\"ImageObject\",\"inLanguage\":\"de\",\"@id\":\"https:\\\/\\\/daisyjames.eu\\\/de\\\/collections\\\/the-palette-orange-red\\\/#primaryimage\",\"url\":\"https:\\\/\\\/daisyjames.eu\\\/wp-content\\\/uploads\\\/2024\\\/07\\\/dj245-the-palette-orange-red-3-scaled.jpg\",\"contentUrl\":\"https:\\\/\\\/daisyjames.eu\\\/wp-content\\\/uploads\\\/2024\\\/07\\\/dj245-the-palette-orange-red-3-scaled.jpg\",\"width\":1536,\"height\":2560},{\"@type\":\"BreadcrumbList\",\"@id\":\"https:\\\/\\\/daisyjames.eu\\\/de\\\/collections\\\/the-palette-orange-red\\\/#breadcrumb\",\"itemListElement\":[{\"@type\":\"ListItem\",\"position\":1,\"name\":\"Home\",\"item\":\"https:\\\/\\\/daisyjames.eu\\\/de\\\/\"},{\"@type\":\"ListItem\",\"position\":2,\"name\":\"Alle Wandbekleidungen\",\"item\":\"https:\\\/\\\/daisyjames.eu\\\/de\\\/shop\\\/\"},{\"@type\":\"ListItem\",\"position\":3,\"name\":\"The Palette Orange Red\"}]},{\"@type\":\"WebSite\",\"@id\":\"https:\\\/\\\/daisyjames.eu\\\/#website\",\"url\":\"https:\\\/\\\/daisyjames.eu\\\/\",\"name\":\"Daisy James\",\"description\":\"\",\"publisher\":{\"@id\":\"https:\\\/\\\/daisyjames.eu\\\/#organization\"},\"potentialAction\":[{\"@type\":\"SearchAction\",\"target\":{\"@type\":\"EntryPoint\",\"urlTemplate\":\"https:\\\/\\\/daisyjames.eu\\\/?s={search_term_string}\"},\"query-input\":{\"@type\":\"PropertyValueSpecification\",\"valueRequired\":true,\"valueName\":\"search_term_string\"}}],\"inLanguage\":\"de\"},{\"@type\":\"Organization\",\"@id\":\"https:\\\/\\\/daisyjames.eu\\\/#organization\",\"name\":\"Daisy James\",\"url\":\"https:\\\/\\\/daisyjames.eu\\\/\",\"logo\":{\"@type\":\"ImageObject\",\"inLanguage\":\"de\",\"@id\":\"https:\\\/\\\/daisyjames.eu\\\/#\\\/schema\\\/logo\\\/image\\\/\",\"url\":\"https:\\\/\\\/daisyjames.eu\\\/wp-content\\\/uploads\\\/2024\\\/09\\\/LogoDJzwart-1.png\",\"contentUrl\":\"https:\\\/\\\/daisyjames.eu\\\/wp-content\\\/uploads\\\/2024\\\/09\\\/LogoDJzwart-1.png\",\"width\":1125,\"height\":199,\"caption\":\"Daisy James\"},\"image\":{\"@id\":\"https:\\\/\\\/daisyjames.eu\\\/#\\\/schema\\\/logo\\\/image\\\/\"},\"sameAs\":[\"https:\\\/\\\/www.facebook.com\\\/Daisyjamesinteriorwallcovering\\\/\",\"https:\\\/\\\/x.com\\\/daisyjamesinterior\",\"https:\\\/\\\/pinterest.com\\\/daisyjameswallcovers\\\/\",\"https:\\\/\\\/nl.linkedin.com\\\/company\\\/d-a-i-s-y-j-a-m-e-s-interior-collection\"]}]}<\/script>\n<!-- \/ Yoast SEO Premium plugin. -->","yoast_head_json":{"title":"The Palette Orange Red - Abstrakte Tapete | daisy james","description":"Genie\u00dfen Sie die Vielseitigkeit von \"The Palette Orange Red\" von daisy james, einem abstrakten Design, das in 6 atemberaubenden Variationen erh\u00e4ltlich ist. Diese anpassungsf\u00e4hige Tapete, einschlie\u00dflich der leuchtenden Orange\/Rot-Variante, passt zu jeder Wand mit Effizienz und Stil.","robots":{"index":"index","follow":"follow","max-snippet":"max-snippet:-1","max-image-preview":"max-image-preview:large","max-video-preview":"max-video-preview:-1"},"canonical":"https:\/\/daisyjames.eu\/de\/collections\/the-palette-orange-red\/","schema":{"@context":"https:\/\/schema.org","@graph":[{"@type":"WebPage","@id":"https:\/\/daisyjames.eu\/de\/collections\/the-palette-orange-red\/","url":"https:\/\/daisyjames.eu\/de\/collections\/the-palette-orange-red\/","name":"The Palette Orange Red - Abstrakte Tapete | daisy james","isPartOf":{"@id":"https:\/\/daisyjames.eu\/#website"},"primaryImageOfPage":{"@id":"https:\/\/daisyjames.eu\/de\/collections\/the-palette-orange-red\/#primaryimage"},"image":{"@id":"https:\/\/daisyjames.eu\/de\/collections\/the-palette-orange-red\/#primaryimage"},"thumbnailUrl":"https:\/\/daisyjames.eu\/wp-content\/uploads\/2024\/07\/dj245-the-palette-orange-red-3-scaled.jpg","datePublished":"2023-06-30T20:10:02+00:00","dateModified":"2025-10-28T15:47:21+00:00","description":"Genie\u00dfen Sie die Vielseitigkeit von \"The Palette Orange Red\" von daisy james, einem abstrakten Design, das in 6 atemberaubenden Variationen erh\u00e4ltlich ist. Diese anpassungsf\u00e4hige Tapete, einschlie\u00dflich der leuchtenden Orange\/Rot-Variante, passt zu jeder Wand mit Effizienz und Stil.","breadcrumb":{"@id":"https:\/\/daisyjames.eu\/de\/collections\/the-palette-orange-red\/#breadcrumb"},"inLanguage":"de","potentialAction":[{"@type":"ReadAction","target":["https:\/\/daisyjames.eu\/de\/collections\/the-palette-orange-red\/"]}]},{"@type":"ImageObject","inLanguage":"de","@id":"https:\/\/daisyjames.eu\/de\/collections\/the-palette-orange-red\/#primaryimage","url":"https:\/\/daisyjames.eu\/wp-content\/uploads\/2024\/07\/dj245-the-palette-orange-red-3-scaled.jpg","contentUrl":"https:\/\/daisyjames.eu\/wp-content\/uploads\/2024\/07\/dj245-the-palette-orange-red-3-scaled.jpg","width":1536,"height":2560},{"@type":"BreadcrumbList","@id":"https:\/\/daisyjames.eu\/de\/collections\/the-palette-orange-red\/#breadcrumb","itemListElement":[{"@type":"ListItem","position":1,"name":"Home","item":"https:\/\/daisyjames.eu\/de\/"},{"@type":"ListItem","position":2,"name":"Alle Wandbekleidungen","item":"https:\/\/daisyjames.eu\/de\/shop\/"},{"@type":"ListItem","position":3,"name":"The Palette Orange Red"}]},{"@type":"WebSite","@id":"https:\/\/daisyjames.eu\/#website","url":"https:\/\/daisyjames.eu\/","name":"Daisy James","description":"","publisher":{"@id":"https:\/\/daisyjames.eu\/#organization"},"potentialAction":[{"@type":"SearchAction","target":{"@type":"EntryPoint","urlTemplate":"https:\/\/daisyjames.eu\/?s={search_term_string}"},"query-input":{"@type":"PropertyValueSpecification","valueRequired":true,"valueName":"search_term_string"}}],"inLanguage":"de"},{"@type":"Organization","@id":"https:\/\/daisyjames.eu\/#organization","name":"Daisy James","url":"https:\/\/daisyjames.eu\/","logo":{"@type":"ImageObject","inLanguage":"de","@id":"https:\/\/daisyjames.eu\/#\/schema\/logo\/image\/","url":"https:\/\/daisyjames.eu\/wp-content\/uploads\/2024\/09\/LogoDJzwart-1.png","contentUrl":"https:\/\/daisyjames.eu\/wp-content\/uploads\/2024\/09\/LogoDJzwart-1.png","width":1125,"height":199,"caption":"Daisy James"},"image":{"@id":"https:\/\/daisyjames.eu\/#\/schema\/logo\/image\/"},"sameAs":["https:\/\/www.facebook.com\/Daisyjamesinteriorwallcovering\/","https:\/\/x.com\/daisyjamesinterior","https:\/\/pinterest.com\/daisyjameswallcovers\/","https:\/\/nl.linkedin.com\/company\/d-a-i-s-y-j-a-m-e-s-interior-collection"]}]}},"_links":{"self":[{"href":"https:\/\/daisyjames.eu\/de\/wp-json\/wp\/v2\/product\/15635","targetHints":{"allow":["GET"]}}],"collection":[{"href":"https:\/\/daisyjames.eu\/de\/wp-json\/wp\/v2\/product"}],"about":[{"href":"https:\/\/daisyjames.eu\/de\/wp-json\/wp\/v2\/types\/product"}],"replies":[{"embeddable":true,"href":"https:\/\/daisyjames.eu\/de\/wp-json\/wp\/v2\/comments?post=15635"}],"wp:featuredmedia":[{"embeddable":true,"href":"https:\/\/daisyjames.eu\/de\/wp-json\/wp\/v2\/media\/11563"}],"wp:attachment":[{"href":"https:\/\/daisyjames.eu\/de\/wp-json\/wp\/v2\/media?parent=15635"}],"wp:term":[{"taxonomy":"product_brand","embeddable":true,"href":"https:\/\/daisyjames.eu\/de\/wp-json\/wp\/v2\/product_brand?post=15635"},{"taxonomy":"product_cat","embeddable":true,"href":"https:\/\/daisyjames.eu\/de\/wp-json\/wp\/v2\/product_cat?post=15635"},{"taxonomy":"product_tag","embeddable":true,"href":"https:\/\/daisyjames.eu\/de\/wp-json\/wp\/v2\/product_tag?post=15635"}],"curies":[{"name":"wp","href":"https:\/\/api.w.org\/{rel}","templated":true}]}}