
{"id":15757,"date":"2023-06-30T20:01:05","date_gmt":"2023-06-30T20:01:05","guid":{"rendered":"https:\/\/daisyjames.dev001.booom.digital\/collection\/the-singer\/"},"modified":"2025-10-29T11:49:52","modified_gmt":"2025-10-29T11:49:52","slug":"the-singer","status":"publish","type":"product","link":"https:\/\/daisyjames.eu\/de\/collections\/the-singer\/","title":{"rendered":"The Singer"},"content":{"rendered":"","protected":false},"excerpt":{"rendered":"<p>Entdecken Sie den schwer fassbaren S\u00e4nger in diesem Design! Versteckt hinter Zweigen und sch\u00f6nen Blumen singt er sein sch\u00f6nes Lied. Halten Sie Augen und Ohren offen, denken Sie \u00fcber den Tellerrand hinaus, und Sie werden seine melodische Pr\u00e4senz bald entdecken!<\/p>\n","protected":false},"featured_media":11771,"comment_status":"closed","ping_status":"closed","template":"","meta":{"_acf_changed":false},"product_brand":[],"product_cat":[660,464],"product_tag":[],"class_list":{"0":"post-15757","1":"product","2":"type-product","3":"status-publish","4":"has-post-thumbnail","6":"product_cat-organic-harmony-de","7":"product_cat-timeless-classics-de","8":"pa_colour-greys-de","9":"pa_colour-light-blue-de","10":"pa_colour-pastell","11":"pa_theme-leaves-de","12":"pa_theme-flowers-de","13":"pa_theme-landscape-de","14":"pa_theme-nature-de","16":"first","17":"instock","18":"purchasable","19":"product-type-simple"},"acf":[],"yoast_head":"<!-- This site is optimized with the Yoast SEO Premium plugin v27.3 (Yoast SEO v27.3) - https:\/\/yoast.com\/product\/yoast-seo-premium-wordpress\/ -->\n<title>The Singer - Blumentapete | daisy james<\/title>\n<meta name=\"description\" content=\"&quot;The Singer&quot; von daisy james zeigt einen schwer fassbaren Vogel, der sich zwischen Zweigen und Blumen versteckt und ein sch\u00f6nes Lied singt. Dieses bezaubernde Design l\u00e4dt Sie dazu ein, \u00fcber den Tellerrand hinauszuschauen, denn die versteckten Melodien warten darauf, entdeckt zu werden.\" \/>\n<meta name=\"robots\" content=\"index, follow, max-snippet:-1, max-image-preview:large, max-video-preview:-1\" \/>\n<link rel=\"canonical\" href=\"https:\/\/daisyjames.eu\/de\/collections\/the-singer\/\" \/>\n<script type=\"application\/ld+json\" class=\"yoast-schema-graph\">{\"@context\":\"https:\\\/\\\/schema.org\",\"@graph\":[{\"@type\":\"WebPage\",\"@id\":\"https:\\\/\\\/daisyjames.eu\\\/de\\\/collections\\\/the-singer\\\/\",\"url\":\"https:\\\/\\\/daisyjames.eu\\\/de\\\/collections\\\/the-singer\\\/\",\"name\":\"The Singer - Blumentapete | daisy james\",\"isPartOf\":{\"@id\":\"https:\\\/\\\/daisyjames.eu\\\/de\\\/#website\"},\"primaryImageOfPage\":{\"@id\":\"https:\\\/\\\/daisyjames.eu\\\/de\\\/collections\\\/the-singer\\\/#primaryimage\"},\"image\":{\"@id\":\"https:\\\/\\\/daisyjames.eu\\\/de\\\/collections\\\/the-singer\\\/#primaryimage\"},\"thumbnailUrl\":\"https:\\\/\\\/daisyjames.eu\\\/wp-content\\\/uploads\\\/2024\\\/07\\\/dj108-the-singer-2-scaled.jpg\",\"datePublished\":\"2023-06-30T20:01:05+00:00\",\"dateModified\":\"2025-10-29T11:49:52+00:00\",\"description\":\"\\\"The Singer\\\" von daisy james zeigt einen schwer fassbaren Vogel, der sich zwischen Zweigen und Blumen versteckt und ein sch\u00f6nes Lied singt. Dieses bezaubernde Design l\u00e4dt Sie dazu ein, \u00fcber den Tellerrand hinauszuschauen, denn die versteckten Melodien warten darauf, entdeckt zu werden.\",\"breadcrumb\":{\"@id\":\"https:\\\/\\\/daisyjames.eu\\\/de\\\/collections\\\/the-singer\\\/#breadcrumb\"},\"inLanguage\":\"de\",\"potentialAction\":[{\"@type\":\"ReadAction\",\"target\":[\"https:\\\/\\\/daisyjames.eu\\\/de\\\/collections\\\/the-singer\\\/\"]}]},{\"@type\":\"ImageObject\",\"inLanguage\":\"de\",\"@id\":\"https:\\\/\\\/daisyjames.eu\\\/de\\\/collections\\\/the-singer\\\/#primaryimage\",\"url\":\"https:\\\/\\\/daisyjames.eu\\\/wp-content\\\/uploads\\\/2024\\\/07\\\/dj108-the-singer-2-scaled.jpg\",\"contentUrl\":\"https:\\\/\\\/daisyjames.eu\\\/wp-content\\\/uploads\\\/2024\\\/07\\\/dj108-the-singer-2-scaled.jpg\",\"width\":2246,\"height\":2560},{\"@type\":\"BreadcrumbList\",\"@id\":\"https:\\\/\\\/daisyjames.eu\\\/de\\\/collections\\\/the-singer\\\/#breadcrumb\",\"itemListElement\":[{\"@type\":\"ListItem\",\"position\":1,\"name\":\"Home\",\"item\":\"https:\\\/\\\/daisyjames.eu\\\/de\\\/\"},{\"@type\":\"ListItem\",\"position\":2,\"name\":\"Alle Wandbekleidungen\",\"item\":\"https:\\\/\\\/daisyjames.eu\\\/de\\\/shop\\\/\"},{\"@type\":\"ListItem\",\"position\":3,\"name\":\"The Singer\"}]},{\"@type\":\"WebSite\",\"@id\":\"https:\\\/\\\/daisyjames.eu\\\/de\\\/#website\",\"url\":\"https:\\\/\\\/daisyjames.eu\\\/de\\\/\",\"name\":\"Daisy James\",\"description\":\"\",\"publisher\":{\"@id\":\"https:\\\/\\\/daisyjames.eu\\\/de\\\/#organization\"},\"potentialAction\":[{\"@type\":\"SearchAction\",\"target\":{\"@type\":\"EntryPoint\",\"urlTemplate\":\"https:\\\/\\\/daisyjames.eu\\\/de\\\/?s={search_term_string}\"},\"query-input\":{\"@type\":\"PropertyValueSpecification\",\"valueRequired\":true,\"valueName\":\"search_term_string\"}}],\"inLanguage\":\"de\"},{\"@type\":\"Organization\",\"@id\":\"https:\\\/\\\/daisyjames.eu\\\/de\\\/#organization\",\"name\":\"Daisy James\",\"url\":\"https:\\\/\\\/daisyjames.eu\\\/de\\\/\",\"logo\":{\"@type\":\"ImageObject\",\"inLanguage\":\"de\",\"@id\":\"https:\\\/\\\/daisyjames.eu\\\/de\\\/#\\\/schema\\\/logo\\\/image\\\/\",\"url\":\"https:\\\/\\\/daisyjames.eu\\\/wp-content\\\/uploads\\\/2024\\\/09\\\/LogoDJzwart-1.png\",\"contentUrl\":\"https:\\\/\\\/daisyjames.eu\\\/wp-content\\\/uploads\\\/2024\\\/09\\\/LogoDJzwart-1.png\",\"width\":1125,\"height\":199,\"caption\":\"Daisy James\"},\"image\":{\"@id\":\"https:\\\/\\\/daisyjames.eu\\\/de\\\/#\\\/schema\\\/logo\\\/image\\\/\"},\"sameAs\":[\"https:\\\/\\\/www.facebook.com\\\/Daisyjamesinteriorwallcovering\\\/\",\"https:\\\/\\\/x.com\\\/daisyjamesinterior\",\"https:\\\/\\\/pinterest.com\\\/daisyjameswallcovers\\\/\",\"https:\\\/\\\/nl.linkedin.com\\\/company\\\/d-a-i-s-y-j-a-m-e-s-interior-collection\"]}]}<\/script>\n<!-- \/ Yoast SEO Premium plugin. -->","yoast_head_json":{"title":"The Singer - Blumentapete | daisy james","description":"\"The Singer\" von daisy james zeigt einen schwer fassbaren Vogel, der sich zwischen Zweigen und Blumen versteckt und ein sch\u00f6nes Lied singt. Dieses bezaubernde Design l\u00e4dt Sie dazu ein, \u00fcber den Tellerrand hinauszuschauen, denn die versteckten Melodien warten darauf, entdeckt zu werden.","robots":{"index":"index","follow":"follow","max-snippet":"max-snippet:-1","max-image-preview":"max-image-preview:large","max-video-preview":"max-video-preview:-1"},"canonical":"https:\/\/daisyjames.eu\/de\/collections\/the-singer\/","schema":{"@context":"https:\/\/schema.org","@graph":[{"@type":"WebPage","@id":"https:\/\/daisyjames.eu\/de\/collections\/the-singer\/","url":"https:\/\/daisyjames.eu\/de\/collections\/the-singer\/","name":"The Singer - Blumentapete | daisy james","isPartOf":{"@id":"https:\/\/daisyjames.eu\/de\/#website"},"primaryImageOfPage":{"@id":"https:\/\/daisyjames.eu\/de\/collections\/the-singer\/#primaryimage"},"image":{"@id":"https:\/\/daisyjames.eu\/de\/collections\/the-singer\/#primaryimage"},"thumbnailUrl":"https:\/\/daisyjames.eu\/wp-content\/uploads\/2024\/07\/dj108-the-singer-2-scaled.jpg","datePublished":"2023-06-30T20:01:05+00:00","dateModified":"2025-10-29T11:49:52+00:00","description":"\"The Singer\" von daisy james zeigt einen schwer fassbaren Vogel, der sich zwischen Zweigen und Blumen versteckt und ein sch\u00f6nes Lied singt. Dieses bezaubernde Design l\u00e4dt Sie dazu ein, \u00fcber den Tellerrand hinauszuschauen, denn die versteckten Melodien warten darauf, entdeckt zu werden.","breadcrumb":{"@id":"https:\/\/daisyjames.eu\/de\/collections\/the-singer\/#breadcrumb"},"inLanguage":"de","potentialAction":[{"@type":"ReadAction","target":["https:\/\/daisyjames.eu\/de\/collections\/the-singer\/"]}]},{"@type":"ImageObject","inLanguage":"de","@id":"https:\/\/daisyjames.eu\/de\/collections\/the-singer\/#primaryimage","url":"https:\/\/daisyjames.eu\/wp-content\/uploads\/2024\/07\/dj108-the-singer-2-scaled.jpg","contentUrl":"https:\/\/daisyjames.eu\/wp-content\/uploads\/2024\/07\/dj108-the-singer-2-scaled.jpg","width":2246,"height":2560},{"@type":"BreadcrumbList","@id":"https:\/\/daisyjames.eu\/de\/collections\/the-singer\/#breadcrumb","itemListElement":[{"@type":"ListItem","position":1,"name":"Home","item":"https:\/\/daisyjames.eu\/de\/"},{"@type":"ListItem","position":2,"name":"Alle Wandbekleidungen","item":"https:\/\/daisyjames.eu\/de\/shop\/"},{"@type":"ListItem","position":3,"name":"The Singer"}]},{"@type":"WebSite","@id":"https:\/\/daisyjames.eu\/de\/#website","url":"https:\/\/daisyjames.eu\/de\/","name":"Daisy James","description":"","publisher":{"@id":"https:\/\/daisyjames.eu\/de\/#organization"},"potentialAction":[{"@type":"SearchAction","target":{"@type":"EntryPoint","urlTemplate":"https:\/\/daisyjames.eu\/de\/?s={search_term_string}"},"query-input":{"@type":"PropertyValueSpecification","valueRequired":true,"valueName":"search_term_string"}}],"inLanguage":"de"},{"@type":"Organization","@id":"https:\/\/daisyjames.eu\/de\/#organization","name":"Daisy James","url":"https:\/\/daisyjames.eu\/de\/","logo":{"@type":"ImageObject","inLanguage":"de","@id":"https:\/\/daisyjames.eu\/de\/#\/schema\/logo\/image\/","url":"https:\/\/daisyjames.eu\/wp-content\/uploads\/2024\/09\/LogoDJzwart-1.png","contentUrl":"https:\/\/daisyjames.eu\/wp-content\/uploads\/2024\/09\/LogoDJzwart-1.png","width":1125,"height":199,"caption":"Daisy James"},"image":{"@id":"https:\/\/daisyjames.eu\/de\/#\/schema\/logo\/image\/"},"sameAs":["https:\/\/www.facebook.com\/Daisyjamesinteriorwallcovering\/","https:\/\/x.com\/daisyjamesinterior","https:\/\/pinterest.com\/daisyjameswallcovers\/","https:\/\/nl.linkedin.com\/company\/d-a-i-s-y-j-a-m-e-s-interior-collection"]}]}},"_links":{"self":[{"href":"https:\/\/daisyjames.eu\/de\/wp-json\/wp\/v2\/product\/15757","targetHints":{"allow":["GET"]}}],"collection":[{"href":"https:\/\/daisyjames.eu\/de\/wp-json\/wp\/v2\/product"}],"about":[{"href":"https:\/\/daisyjames.eu\/de\/wp-json\/wp\/v2\/types\/product"}],"replies":[{"embeddable":true,"href":"https:\/\/daisyjames.eu\/de\/wp-json\/wp\/v2\/comments?post=15757"}],"wp:featuredmedia":[{"embeddable":true,"href":"https:\/\/daisyjames.eu\/de\/wp-json\/wp\/v2\/media\/11771"}],"wp:attachment":[{"href":"https:\/\/daisyjames.eu\/de\/wp-json\/wp\/v2\/media?parent=15757"}],"wp:term":[{"taxonomy":"product_brand","embeddable":true,"href":"https:\/\/daisyjames.eu\/de\/wp-json\/wp\/v2\/product_brand?post=15757"},{"taxonomy":"product_cat","embeddable":true,"href":"https:\/\/daisyjames.eu\/de\/wp-json\/wp\/v2\/product_cat?post=15757"},{"taxonomy":"product_tag","embeddable":true,"href":"https:\/\/daisyjames.eu\/de\/wp-json\/wp\/v2\/product_tag?post=15757"}],"curies":[{"name":"wp","href":"https:\/\/api.w.org\/{rel}","templated":true}]}}