
{"id":15907,"date":"2023-06-30T19:47:35","date_gmt":"2023-06-30T19:47:35","guid":{"rendered":"https:\/\/daisyjames.dev001.booom.digital\/collection\/the-pure-lime\/"},"modified":"2025-10-29T13:32:10","modified_gmt":"2025-10-29T13:32:10","slug":"the-pure-lime","status":"publish","type":"product","link":"https:\/\/daisyjames.eu\/de\/collections\/the-pure-lime\/","title":{"rendered":"The Pure Lime"},"content":{"rendered":"","protected":false},"excerpt":{"rendered":"<p><em>&#8220;The Pure Lime&#8221;<\/em> von <strong>daisy james<\/strong> &#8211; Finden Sie friedliche Ruhe in dieser einfachen und doch eleganten Tapete. Mit einem \u00fcberw\u00e4ltigenden warmen Hintergrund, beruhigenden Bl\u00e4ttern und einem fernen Hauch von Insel schafft sie einen sofortigen Klassiker f\u00fcr R\u00e4ume, die ein \u00fcbergreifendes, angenehmes Ambiente ohne Ablenkung suchen.<\/p>\n","protected":false},"featured_media":21977,"comment_status":"closed","ping_status":"closed","template":"","meta":{"_acf_changed":false},"product_brand":[],"product_cat":[521],"product_tag":[],"class_list":{"0":"post-15907","1":"product","2":"type-product","3":"status-publish","4":"has-post-thumbnail","6":"product_cat-calm-minimal-de","7":"pa_colour-yellow-de","8":"pa_colour-yellow-green-de","9":"pa_colour-greens-de","10":"pa_colour-lime-green-de","11":"pa_colour-ocher-de","12":"pa_colour-pastell","13":"pa_theme-leaves-de","14":"pa_theme-basics-de","16":"first","17":"instock","18":"purchasable","19":"product-type-simple"},"acf":[],"yoast_head":"<!-- This site is optimized with the Yoast SEO Premium plugin v27.3 (Yoast SEO v27.3) - https:\/\/yoast.com\/product\/yoast-seo-premium-wordpress\/ -->\n<title>The Pure Lime - Einfache Tapete | daisy james<\/title>\n<meta name=\"description\" content=\"&quot;The Pure Lime&quot; von daisy james bietet friedliche Ruhe mit einem warmen Hintergrund, beruhigenden Bl\u00e4ttern und einem Hauch von entferntem Inselcharme. Dieses elegante Design ist ein sofortiger Klassiker, perfekt f\u00fcr R\u00e4ume, die ein ruhiges, ablenkungsfreies Ambiente suchen.\" \/>\n<meta name=\"robots\" content=\"index, follow, max-snippet:-1, max-image-preview:large, max-video-preview:-1\" \/>\n<link rel=\"canonical\" href=\"https:\/\/daisyjames.eu\/de\/collections\/the-pure-lime\/\" \/>\n<script type=\"application\/ld+json\" class=\"yoast-schema-graph\">{\"@context\":\"https:\\\/\\\/schema.org\",\"@graph\":[{\"@type\":\"WebPage\",\"@id\":\"https:\\\/\\\/daisyjames.eu\\\/de\\\/collections\\\/the-pure-lime\\\/\",\"url\":\"https:\\\/\\\/daisyjames.eu\\\/de\\\/collections\\\/the-pure-lime\\\/\",\"name\":\"The Pure Lime - Einfache Tapete | daisy james\",\"isPartOf\":{\"@id\":\"https:\\\/\\\/daisyjames.eu\\\/#website\"},\"primaryImageOfPage\":{\"@id\":\"https:\\\/\\\/daisyjames.eu\\\/de\\\/collections\\\/the-pure-lime\\\/#primaryimage\"},\"image\":{\"@id\":\"https:\\\/\\\/daisyjames.eu\\\/de\\\/collections\\\/the-pure-lime\\\/#primaryimage\"},\"thumbnailUrl\":\"https:\\\/\\\/daisyjames.eu\\\/wp-content\\\/uploads\\\/2023\\\/06\\\/DJ253-The-Pure-Lime-1.jpg\",\"datePublished\":\"2023-06-30T19:47:35+00:00\",\"dateModified\":\"2025-10-29T13:32:10+00:00\",\"description\":\"\\\"The Pure Lime\\\" von daisy james bietet friedliche Ruhe mit einem warmen Hintergrund, beruhigenden Bl\u00e4ttern und einem Hauch von entferntem Inselcharme. Dieses elegante Design ist ein sofortiger Klassiker, perfekt f\u00fcr R\u00e4ume, die ein ruhiges, ablenkungsfreies Ambiente suchen.\",\"breadcrumb\":{\"@id\":\"https:\\\/\\\/daisyjames.eu\\\/de\\\/collections\\\/the-pure-lime\\\/#breadcrumb\"},\"inLanguage\":\"de\",\"potentialAction\":[{\"@type\":\"ReadAction\",\"target\":[\"https:\\\/\\\/daisyjames.eu\\\/de\\\/collections\\\/the-pure-lime\\\/\"]}]},{\"@type\":\"ImageObject\",\"inLanguage\":\"de\",\"@id\":\"https:\\\/\\\/daisyjames.eu\\\/de\\\/collections\\\/the-pure-lime\\\/#primaryimage\",\"url\":\"https:\\\/\\\/daisyjames.eu\\\/wp-content\\\/uploads\\\/2023\\\/06\\\/DJ253-The-Pure-Lime-1.jpg\",\"contentUrl\":\"https:\\\/\\\/daisyjames.eu\\\/wp-content\\\/uploads\\\/2023\\\/06\\\/DJ253-The-Pure-Lime-1.jpg\",\"width\":804,\"height\":1125},{\"@type\":\"BreadcrumbList\",\"@id\":\"https:\\\/\\\/daisyjames.eu\\\/de\\\/collections\\\/the-pure-lime\\\/#breadcrumb\",\"itemListElement\":[{\"@type\":\"ListItem\",\"position\":1,\"name\":\"Home\",\"item\":\"https:\\\/\\\/daisyjames.eu\\\/de\\\/\"},{\"@type\":\"ListItem\",\"position\":2,\"name\":\"Alle Wandbekleidungen\",\"item\":\"https:\\\/\\\/daisyjames.eu\\\/de\\\/shop\\\/\"},{\"@type\":\"ListItem\",\"position\":3,\"name\":\"The Pure Lime\"}]},{\"@type\":\"WebSite\",\"@id\":\"https:\\\/\\\/daisyjames.eu\\\/#website\",\"url\":\"https:\\\/\\\/daisyjames.eu\\\/\",\"name\":\"Daisy James\",\"description\":\"\",\"publisher\":{\"@id\":\"https:\\\/\\\/daisyjames.eu\\\/#organization\"},\"potentialAction\":[{\"@type\":\"SearchAction\",\"target\":{\"@type\":\"EntryPoint\",\"urlTemplate\":\"https:\\\/\\\/daisyjames.eu\\\/?s={search_term_string}\"},\"query-input\":{\"@type\":\"PropertyValueSpecification\",\"valueRequired\":true,\"valueName\":\"search_term_string\"}}],\"inLanguage\":\"de\"},{\"@type\":\"Organization\",\"@id\":\"https:\\\/\\\/daisyjames.eu\\\/#organization\",\"name\":\"Daisy James\",\"url\":\"https:\\\/\\\/daisyjames.eu\\\/\",\"logo\":{\"@type\":\"ImageObject\",\"inLanguage\":\"de\",\"@id\":\"https:\\\/\\\/daisyjames.eu\\\/#\\\/schema\\\/logo\\\/image\\\/\",\"url\":\"https:\\\/\\\/daisyjames.eu\\\/wp-content\\\/uploads\\\/2024\\\/09\\\/LogoDJzwart-1.png\",\"contentUrl\":\"https:\\\/\\\/daisyjames.eu\\\/wp-content\\\/uploads\\\/2024\\\/09\\\/LogoDJzwart-1.png\",\"width\":1125,\"height\":199,\"caption\":\"Daisy James\"},\"image\":{\"@id\":\"https:\\\/\\\/daisyjames.eu\\\/#\\\/schema\\\/logo\\\/image\\\/\"},\"sameAs\":[\"https:\\\/\\\/www.facebook.com\\\/Daisyjamesinteriorwallcovering\\\/\",\"https:\\\/\\\/x.com\\\/daisyjamesinterior\",\"https:\\\/\\\/pinterest.com\\\/daisyjameswallcovers\\\/\",\"https:\\\/\\\/nl.linkedin.com\\\/company\\\/d-a-i-s-y-j-a-m-e-s-interior-collection\"]}]}<\/script>\n<!-- \/ Yoast SEO Premium plugin. -->","yoast_head_json":{"title":"The Pure Lime - Einfache Tapete | daisy james","description":"\"The Pure Lime\" von daisy james bietet friedliche Ruhe mit einem warmen Hintergrund, beruhigenden Bl\u00e4ttern und einem Hauch von entferntem Inselcharme. Dieses elegante Design ist ein sofortiger Klassiker, perfekt f\u00fcr R\u00e4ume, die ein ruhiges, ablenkungsfreies Ambiente suchen.","robots":{"index":"index","follow":"follow","max-snippet":"max-snippet:-1","max-image-preview":"max-image-preview:large","max-video-preview":"max-video-preview:-1"},"canonical":"https:\/\/daisyjames.eu\/de\/collections\/the-pure-lime\/","schema":{"@context":"https:\/\/schema.org","@graph":[{"@type":"WebPage","@id":"https:\/\/daisyjames.eu\/de\/collections\/the-pure-lime\/","url":"https:\/\/daisyjames.eu\/de\/collections\/the-pure-lime\/","name":"The Pure Lime - Einfache Tapete | daisy james","isPartOf":{"@id":"https:\/\/daisyjames.eu\/#website"},"primaryImageOfPage":{"@id":"https:\/\/daisyjames.eu\/de\/collections\/the-pure-lime\/#primaryimage"},"image":{"@id":"https:\/\/daisyjames.eu\/de\/collections\/the-pure-lime\/#primaryimage"},"thumbnailUrl":"https:\/\/daisyjames.eu\/wp-content\/uploads\/2023\/06\/DJ253-The-Pure-Lime-1.jpg","datePublished":"2023-06-30T19:47:35+00:00","dateModified":"2025-10-29T13:32:10+00:00","description":"\"The Pure Lime\" von daisy james bietet friedliche Ruhe mit einem warmen Hintergrund, beruhigenden Bl\u00e4ttern und einem Hauch von entferntem Inselcharme. Dieses elegante Design ist ein sofortiger Klassiker, perfekt f\u00fcr R\u00e4ume, die ein ruhiges, ablenkungsfreies Ambiente suchen.","breadcrumb":{"@id":"https:\/\/daisyjames.eu\/de\/collections\/the-pure-lime\/#breadcrumb"},"inLanguage":"de","potentialAction":[{"@type":"ReadAction","target":["https:\/\/daisyjames.eu\/de\/collections\/the-pure-lime\/"]}]},{"@type":"ImageObject","inLanguage":"de","@id":"https:\/\/daisyjames.eu\/de\/collections\/the-pure-lime\/#primaryimage","url":"https:\/\/daisyjames.eu\/wp-content\/uploads\/2023\/06\/DJ253-The-Pure-Lime-1.jpg","contentUrl":"https:\/\/daisyjames.eu\/wp-content\/uploads\/2023\/06\/DJ253-The-Pure-Lime-1.jpg","width":804,"height":1125},{"@type":"BreadcrumbList","@id":"https:\/\/daisyjames.eu\/de\/collections\/the-pure-lime\/#breadcrumb","itemListElement":[{"@type":"ListItem","position":1,"name":"Home","item":"https:\/\/daisyjames.eu\/de\/"},{"@type":"ListItem","position":2,"name":"Alle Wandbekleidungen","item":"https:\/\/daisyjames.eu\/de\/shop\/"},{"@type":"ListItem","position":3,"name":"The Pure Lime"}]},{"@type":"WebSite","@id":"https:\/\/daisyjames.eu\/#website","url":"https:\/\/daisyjames.eu\/","name":"Daisy James","description":"","publisher":{"@id":"https:\/\/daisyjames.eu\/#organization"},"potentialAction":[{"@type":"SearchAction","target":{"@type":"EntryPoint","urlTemplate":"https:\/\/daisyjames.eu\/?s={search_term_string}"},"query-input":{"@type":"PropertyValueSpecification","valueRequired":true,"valueName":"search_term_string"}}],"inLanguage":"de"},{"@type":"Organization","@id":"https:\/\/daisyjames.eu\/#organization","name":"Daisy James","url":"https:\/\/daisyjames.eu\/","logo":{"@type":"ImageObject","inLanguage":"de","@id":"https:\/\/daisyjames.eu\/#\/schema\/logo\/image\/","url":"https:\/\/daisyjames.eu\/wp-content\/uploads\/2024\/09\/LogoDJzwart-1.png","contentUrl":"https:\/\/daisyjames.eu\/wp-content\/uploads\/2024\/09\/LogoDJzwart-1.png","width":1125,"height":199,"caption":"Daisy James"},"image":{"@id":"https:\/\/daisyjames.eu\/#\/schema\/logo\/image\/"},"sameAs":["https:\/\/www.facebook.com\/Daisyjamesinteriorwallcovering\/","https:\/\/x.com\/daisyjamesinterior","https:\/\/pinterest.com\/daisyjameswallcovers\/","https:\/\/nl.linkedin.com\/company\/d-a-i-s-y-j-a-m-e-s-interior-collection"]}]}},"_links":{"self":[{"href":"https:\/\/daisyjames.eu\/de\/wp-json\/wp\/v2\/product\/15907","targetHints":{"allow":["GET"]}}],"collection":[{"href":"https:\/\/daisyjames.eu\/de\/wp-json\/wp\/v2\/product"}],"about":[{"href":"https:\/\/daisyjames.eu\/de\/wp-json\/wp\/v2\/types\/product"}],"replies":[{"embeddable":true,"href":"https:\/\/daisyjames.eu\/de\/wp-json\/wp\/v2\/comments?post=15907"}],"wp:featuredmedia":[{"embeddable":true,"href":"https:\/\/daisyjames.eu\/de\/wp-json\/wp\/v2\/media\/21977"}],"wp:attachment":[{"href":"https:\/\/daisyjames.eu\/de\/wp-json\/wp\/v2\/media?parent=15907"}],"wp:term":[{"taxonomy":"product_brand","embeddable":true,"href":"https:\/\/daisyjames.eu\/de\/wp-json\/wp\/v2\/product_brand?post=15907"},{"taxonomy":"product_cat","embeddable":true,"href":"https:\/\/daisyjames.eu\/de\/wp-json\/wp\/v2\/product_cat?post=15907"},{"taxonomy":"product_tag","embeddable":true,"href":"https:\/\/daisyjames.eu\/de\/wp-json\/wp\/v2\/product_tag?post=15907"}],"curies":[{"name":"wp","href":"https:\/\/api.w.org\/{rel}","templated":true}]}}