
{"id":16187,"date":"2023-06-30T18:13:39","date_gmt":"2023-06-30T18:13:39","guid":{"rendered":"https:\/\/daisyjames.dev001.booom.digital\/collection\/the-salmon\/"},"modified":"2025-10-30T10:08:38","modified_gmt":"2025-10-30T10:08:38","slug":"the-salmon","status":"publish","type":"product","link":"https:\/\/daisyjames.eu\/de\/collections\/the-salmon\/","title":{"rendered":"The Salmon"},"content":{"rendered":"","protected":false},"excerpt":{"rendered":"<p>Entdecken Sie die Raffinesse der Tapete <em>&#8220;The Salmon&#8221;<\/em> von <strong>daisy james<\/strong>, die mit ihren besonderen Gr\u00fcnt\u00f6nen, sch\u00f6nen Muscheln und leuchtend rosa Fischen und Seepferdchen die Unterwasserwelt einf\u00e4ngt. Die komplizierten Details in diesem Design sind eine Augenweide und laden dazu ein, sich in seinem hypnotisierenden Charme zu verlieren. Genie\u00dfen Sie die Eleganz des Meeres mit dieser atemberaubenden Tapete, bei der jeder Blick ein neues, faszinierendes Element enth\u00fcllt.<\/p>\n","protected":false},"featured_media":12296,"comment_status":"closed","ping_status":"closed","template":"","meta":{"_acf_changed":false},"product_brand":[],"product_cat":[464],"product_tag":[],"class_list":{"0":"post-16187","1":"product","2":"type-product","3":"status-publish","4":"has-post-thumbnail","6":"product_cat-timeless-classics-de","7":"pa_colour-yellow-green-de","8":"pa_colour-greens-de","9":"pa_colour-multi-colours-de","10":"pa_colour-orange-de","11":"pa_colour-rot","12":"pa_colour-terra-de","13":"pa_theme-nature-de","14":"pa_theme-animals-de","16":"first","17":"instock","18":"purchasable","19":"product-type-simple"},"acf":[],"yoast_head":"<!-- This site is optimized with the Yoast SEO Premium plugin v27.3 (Yoast SEO v27.3) - https:\/\/yoast.com\/product\/yoast-seo-premium-wordpress\/ -->\n<title>The Salmon - Fisch-Tapete | daisy james<\/title>\n<meta name=\"description\" content=\"&quot;The Salmon&quot; von daisy james f\u00e4ngt die Sch\u00f6nheit der Unterwasserwelt mit ihren Gr\u00fcnt\u00f6nen, Muscheln und leuchtend rosa Fischen und Seepferdchen ein. Dieses raffinierte Design l\u00e4dt Sie ein, mit jedem Blick Eleganz und Charme zu entdecken und bringt die Raffinesse des Meeres in Ihren Raum.\" \/>\n<meta name=\"robots\" content=\"index, follow, max-snippet:-1, max-image-preview:large, max-video-preview:-1\" \/>\n<link rel=\"canonical\" href=\"https:\/\/daisyjames.eu\/de\/collections\/the-salmon\/\" \/>\n<script type=\"application\/ld+json\" class=\"yoast-schema-graph\">{\"@context\":\"https:\\\/\\\/schema.org\",\"@graph\":[{\"@type\":\"WebPage\",\"@id\":\"https:\\\/\\\/daisyjames.eu\\\/de\\\/collections\\\/the-salmon\\\/\",\"url\":\"https:\\\/\\\/daisyjames.eu\\\/de\\\/collections\\\/the-salmon\\\/\",\"name\":\"The Salmon - Fisch-Tapete | daisy james\",\"isPartOf\":{\"@id\":\"https:\\\/\\\/daisyjames.eu\\\/de\\\/#website\"},\"primaryImageOfPage\":{\"@id\":\"https:\\\/\\\/daisyjames.eu\\\/de\\\/collections\\\/the-salmon\\\/#primaryimage\"},\"image\":{\"@id\":\"https:\\\/\\\/daisyjames.eu\\\/de\\\/collections\\\/the-salmon\\\/#primaryimage\"},\"thumbnailUrl\":\"https:\\\/\\\/daisyjames.eu\\\/wp-content\\\/uploads\\\/2024\\\/07\\\/dj244-the-salmon-1-scaled.jpg\",\"datePublished\":\"2023-06-30T18:13:39+00:00\",\"dateModified\":\"2025-10-30T10:08:38+00:00\",\"description\":\"\\\"The Salmon\\\" von daisy james f\u00e4ngt die Sch\u00f6nheit der Unterwasserwelt mit ihren Gr\u00fcnt\u00f6nen, Muscheln und leuchtend rosa Fischen und Seepferdchen ein. Dieses raffinierte Design l\u00e4dt Sie ein, mit jedem Blick Eleganz und Charme zu entdecken und bringt die Raffinesse des Meeres in Ihren Raum.\",\"breadcrumb\":{\"@id\":\"https:\\\/\\\/daisyjames.eu\\\/de\\\/collections\\\/the-salmon\\\/#breadcrumb\"},\"inLanguage\":\"de\",\"potentialAction\":[{\"@type\":\"ReadAction\",\"target\":[\"https:\\\/\\\/daisyjames.eu\\\/de\\\/collections\\\/the-salmon\\\/\"]}]},{\"@type\":\"ImageObject\",\"inLanguage\":\"de\",\"@id\":\"https:\\\/\\\/daisyjames.eu\\\/de\\\/collections\\\/the-salmon\\\/#primaryimage\",\"url\":\"https:\\\/\\\/daisyjames.eu\\\/wp-content\\\/uploads\\\/2024\\\/07\\\/dj244-the-salmon-1-scaled.jpg\",\"contentUrl\":\"https:\\\/\\\/daisyjames.eu\\\/wp-content\\\/uploads\\\/2024\\\/07\\\/dj244-the-salmon-1-scaled.jpg\",\"width\":2560,\"height\":1920},{\"@type\":\"BreadcrumbList\",\"@id\":\"https:\\\/\\\/daisyjames.eu\\\/de\\\/collections\\\/the-salmon\\\/#breadcrumb\",\"itemListElement\":[{\"@type\":\"ListItem\",\"position\":1,\"name\":\"Home\",\"item\":\"https:\\\/\\\/daisyjames.eu\\\/de\\\/\"},{\"@type\":\"ListItem\",\"position\":2,\"name\":\"Alle Wandbekleidungen\",\"item\":\"https:\\\/\\\/daisyjames.eu\\\/de\\\/shop\\\/\"},{\"@type\":\"ListItem\",\"position\":3,\"name\":\"The Salmon\"}]},{\"@type\":\"WebSite\",\"@id\":\"https:\\\/\\\/daisyjames.eu\\\/de\\\/#website\",\"url\":\"https:\\\/\\\/daisyjames.eu\\\/de\\\/\",\"name\":\"Daisy James\",\"description\":\"\",\"publisher\":{\"@id\":\"https:\\\/\\\/daisyjames.eu\\\/de\\\/#organization\"},\"potentialAction\":[{\"@type\":\"SearchAction\",\"target\":{\"@type\":\"EntryPoint\",\"urlTemplate\":\"https:\\\/\\\/daisyjames.eu\\\/de\\\/?s={search_term_string}\"},\"query-input\":{\"@type\":\"PropertyValueSpecification\",\"valueRequired\":true,\"valueName\":\"search_term_string\"}}],\"inLanguage\":\"de\"},{\"@type\":\"Organization\",\"@id\":\"https:\\\/\\\/daisyjames.eu\\\/de\\\/#organization\",\"name\":\"Daisy James\",\"url\":\"https:\\\/\\\/daisyjames.eu\\\/de\\\/\",\"logo\":{\"@type\":\"ImageObject\",\"inLanguage\":\"de\",\"@id\":\"https:\\\/\\\/daisyjames.eu\\\/de\\\/#\\\/schema\\\/logo\\\/image\\\/\",\"url\":\"https:\\\/\\\/daisyjames.eu\\\/wp-content\\\/uploads\\\/2024\\\/09\\\/LogoDJzwart-1.png\",\"contentUrl\":\"https:\\\/\\\/daisyjames.eu\\\/wp-content\\\/uploads\\\/2024\\\/09\\\/LogoDJzwart-1.png\",\"width\":1125,\"height\":199,\"caption\":\"Daisy James\"},\"image\":{\"@id\":\"https:\\\/\\\/daisyjames.eu\\\/de\\\/#\\\/schema\\\/logo\\\/image\\\/\"},\"sameAs\":[\"https:\\\/\\\/www.facebook.com\\\/Daisyjamesinteriorwallcovering\\\/\",\"https:\\\/\\\/x.com\\\/daisyjamesinterior\",\"https:\\\/\\\/pinterest.com\\\/daisyjameswallcovers\\\/\",\"https:\\\/\\\/nl.linkedin.com\\\/company\\\/d-a-i-s-y-j-a-m-e-s-interior-collection\"]}]}<\/script>\n<!-- \/ Yoast SEO Premium plugin. -->","yoast_head_json":{"title":"The Salmon - Fisch-Tapete | daisy james","description":"\"The Salmon\" von daisy james f\u00e4ngt die Sch\u00f6nheit der Unterwasserwelt mit ihren Gr\u00fcnt\u00f6nen, Muscheln und leuchtend rosa Fischen und Seepferdchen ein. Dieses raffinierte Design l\u00e4dt Sie ein, mit jedem Blick Eleganz und Charme zu entdecken und bringt die Raffinesse des Meeres in Ihren Raum.","robots":{"index":"index","follow":"follow","max-snippet":"max-snippet:-1","max-image-preview":"max-image-preview:large","max-video-preview":"max-video-preview:-1"},"canonical":"https:\/\/daisyjames.eu\/de\/collections\/the-salmon\/","schema":{"@context":"https:\/\/schema.org","@graph":[{"@type":"WebPage","@id":"https:\/\/daisyjames.eu\/de\/collections\/the-salmon\/","url":"https:\/\/daisyjames.eu\/de\/collections\/the-salmon\/","name":"The Salmon - Fisch-Tapete | daisy james","isPartOf":{"@id":"https:\/\/daisyjames.eu\/de\/#website"},"primaryImageOfPage":{"@id":"https:\/\/daisyjames.eu\/de\/collections\/the-salmon\/#primaryimage"},"image":{"@id":"https:\/\/daisyjames.eu\/de\/collections\/the-salmon\/#primaryimage"},"thumbnailUrl":"https:\/\/daisyjames.eu\/wp-content\/uploads\/2024\/07\/dj244-the-salmon-1-scaled.jpg","datePublished":"2023-06-30T18:13:39+00:00","dateModified":"2025-10-30T10:08:38+00:00","description":"\"The Salmon\" von daisy james f\u00e4ngt die Sch\u00f6nheit der Unterwasserwelt mit ihren Gr\u00fcnt\u00f6nen, Muscheln und leuchtend rosa Fischen und Seepferdchen ein. Dieses raffinierte Design l\u00e4dt Sie ein, mit jedem Blick Eleganz und Charme zu entdecken und bringt die Raffinesse des Meeres in Ihren Raum.","breadcrumb":{"@id":"https:\/\/daisyjames.eu\/de\/collections\/the-salmon\/#breadcrumb"},"inLanguage":"de","potentialAction":[{"@type":"ReadAction","target":["https:\/\/daisyjames.eu\/de\/collections\/the-salmon\/"]}]},{"@type":"ImageObject","inLanguage":"de","@id":"https:\/\/daisyjames.eu\/de\/collections\/the-salmon\/#primaryimage","url":"https:\/\/daisyjames.eu\/wp-content\/uploads\/2024\/07\/dj244-the-salmon-1-scaled.jpg","contentUrl":"https:\/\/daisyjames.eu\/wp-content\/uploads\/2024\/07\/dj244-the-salmon-1-scaled.jpg","width":2560,"height":1920},{"@type":"BreadcrumbList","@id":"https:\/\/daisyjames.eu\/de\/collections\/the-salmon\/#breadcrumb","itemListElement":[{"@type":"ListItem","position":1,"name":"Home","item":"https:\/\/daisyjames.eu\/de\/"},{"@type":"ListItem","position":2,"name":"Alle Wandbekleidungen","item":"https:\/\/daisyjames.eu\/de\/shop\/"},{"@type":"ListItem","position":3,"name":"The Salmon"}]},{"@type":"WebSite","@id":"https:\/\/daisyjames.eu\/de\/#website","url":"https:\/\/daisyjames.eu\/de\/","name":"Daisy James","description":"","publisher":{"@id":"https:\/\/daisyjames.eu\/de\/#organization"},"potentialAction":[{"@type":"SearchAction","target":{"@type":"EntryPoint","urlTemplate":"https:\/\/daisyjames.eu\/de\/?s={search_term_string}"},"query-input":{"@type":"PropertyValueSpecification","valueRequired":true,"valueName":"search_term_string"}}],"inLanguage":"de"},{"@type":"Organization","@id":"https:\/\/daisyjames.eu\/de\/#organization","name":"Daisy James","url":"https:\/\/daisyjames.eu\/de\/","logo":{"@type":"ImageObject","inLanguage":"de","@id":"https:\/\/daisyjames.eu\/de\/#\/schema\/logo\/image\/","url":"https:\/\/daisyjames.eu\/wp-content\/uploads\/2024\/09\/LogoDJzwart-1.png","contentUrl":"https:\/\/daisyjames.eu\/wp-content\/uploads\/2024\/09\/LogoDJzwart-1.png","width":1125,"height":199,"caption":"Daisy James"},"image":{"@id":"https:\/\/daisyjames.eu\/de\/#\/schema\/logo\/image\/"},"sameAs":["https:\/\/www.facebook.com\/Daisyjamesinteriorwallcovering\/","https:\/\/x.com\/daisyjamesinterior","https:\/\/pinterest.com\/daisyjameswallcovers\/","https:\/\/nl.linkedin.com\/company\/d-a-i-s-y-j-a-m-e-s-interior-collection"]}]}},"_links":{"self":[{"href":"https:\/\/daisyjames.eu\/de\/wp-json\/wp\/v2\/product\/16187","targetHints":{"allow":["GET"]}}],"collection":[{"href":"https:\/\/daisyjames.eu\/de\/wp-json\/wp\/v2\/product"}],"about":[{"href":"https:\/\/daisyjames.eu\/de\/wp-json\/wp\/v2\/types\/product"}],"replies":[{"embeddable":true,"href":"https:\/\/daisyjames.eu\/de\/wp-json\/wp\/v2\/comments?post=16187"}],"wp:featuredmedia":[{"embeddable":true,"href":"https:\/\/daisyjames.eu\/de\/wp-json\/wp\/v2\/media\/12296"}],"wp:attachment":[{"href":"https:\/\/daisyjames.eu\/de\/wp-json\/wp\/v2\/media?parent=16187"}],"wp:term":[{"taxonomy":"product_brand","embeddable":true,"href":"https:\/\/daisyjames.eu\/de\/wp-json\/wp\/v2\/product_brand?post=16187"},{"taxonomy":"product_cat","embeddable":true,"href":"https:\/\/daisyjames.eu\/de\/wp-json\/wp\/v2\/product_cat?post=16187"},{"taxonomy":"product_tag","embeddable":true,"href":"https:\/\/daisyjames.eu\/de\/wp-json\/wp\/v2\/product_tag?post=16187"}],"curies":[{"name":"wp","href":"https:\/\/api.w.org\/{rel}","templated":true}]}}