
{"id":16250,"date":"2023-06-30T18:10:51","date_gmt":"2023-06-30T18:10:51","guid":{"rendered":"https:\/\/daisyjames.dev001.booom.digital\/collection\/the-ash-no-3\/"},"modified":"2026-03-24T11:10:48","modified_gmt":"2026-03-24T11:10:48","slug":"the-ash-no-3","status":"publish","type":"product","link":"https:\/\/daisyjames.eu\/de\/collections\/the-ash-no-3\/","title":{"rendered":"The Ash NO.3"},"content":{"rendered":"","protected":false},"excerpt":{"rendered":"<p>Entdecken Sie die neuesten <strong>daisy james<\/strong> Wallpaper mit jungen Eschen in verschiedenen Farbthemen. Die flachen, cartoonartigen Farben erzeugen einen \u00f6lgem\u00e4lde\u00e4hnlichen Effekt mit allm\u00e4hlichen \u00dcberg\u00e4ngen. <em>&#8220;The Ash No.3&#8221;<\/em> bietet eine dunklere und geheimnisvollere Kulisse, die perfekt geeignet ist, um gut beleuchteten R\u00e4umen einen geheimnisvollen Touch zu verleihen. Verbessern Sie Ihr Ambiente mit diesem fesselnden Design.<\/p>\n","protected":false},"featured_media":36021,"comment_status":"closed","ping_status":"closed","template":"","meta":{"_acf_changed":false},"product_brand":[],"product_cat":[535,660],"product_tag":[],"class_list":{"0":"post-16250","1":"product","2":"type-product","3":"status-publish","4":"has-post-thumbnail","6":"product_cat-modern-florals-de","7":"product_cat-organic-harmony-de","8":"pa_colour-benzin","9":"pa_colour-blue","10":"pa_colour-blue-green-de","11":"pa_colour-blue-dark-de","12":"pa_colour-dark-green-de","13":"pa_colour-yellow-green-de","14":"pa_colour-greens-de","15":"pa_colour-cobalt-de","16":"pa_colour-black-de","17":"pa_colour-turquose-de","18":"pa_theme-leaves-de","19":"pa_theme-flowers-de","20":"pa_theme-nature-de","22":"first","23":"instock","24":"purchasable","25":"product-type-simple"},"acf":[],"yoast_head":"<!-- This site is optimized with the Yoast SEO Premium plugin v27.3 (Yoast SEO v27.3) - https:\/\/yoast.com\/product\/yoast-seo-premium-wordpress\/ -->\n<title>The Ash No.3 - Dunkles Blatt Tapete | daisy james<\/title>\n<meta name=\"description\" content=\"&quot;The Ash No.3&quot; von daisy james zeigt junge Eschen in leuchtenden, von der \u00d6lmalerei inspirierten Farben. Mit seinen dunkleren T\u00f6nen und seiner geheimnisvollen Atmosph\u00e4re verleiht dieses Design einen r\u00e4tselhaften Touch, der perfekt f\u00fcr gut beleuchtete R\u00e4ume ist.\" \/>\n<meta name=\"robots\" content=\"index, follow, max-snippet:-1, max-image-preview:large, max-video-preview:-1\" \/>\n<link rel=\"canonical\" href=\"https:\/\/daisyjames.eu\/de\/collections\/the-ash-no-3\/\" \/>\n<script type=\"application\/ld+json\" class=\"yoast-schema-graph\">{\"@context\":\"https:\\\/\\\/schema.org\",\"@graph\":[{\"@type\":\"WebPage\",\"@id\":\"https:\\\/\\\/daisyjames.eu\\\/de\\\/collections\\\/the-ash-no-3\\\/\",\"url\":\"https:\\\/\\\/daisyjames.eu\\\/de\\\/collections\\\/the-ash-no-3\\\/\",\"name\":\"The Ash No.3 - Dunkles Blatt Tapete | daisy james\",\"isPartOf\":{\"@id\":\"https:\\\/\\\/daisyjames.eu\\\/de\\\/#website\"},\"primaryImageOfPage\":{\"@id\":\"https:\\\/\\\/daisyjames.eu\\\/de\\\/collections\\\/the-ash-no-3\\\/#primaryimage\"},\"image\":{\"@id\":\"https:\\\/\\\/daisyjames.eu\\\/de\\\/collections\\\/the-ash-no-3\\\/#primaryimage\"},\"thumbnailUrl\":\"https:\\\/\\\/daisyjames.eu\\\/wp-content\\\/uploads\\\/2024\\\/07\\\/dj254-the-ash-no-3-1.jpg\",\"datePublished\":\"2023-06-30T18:10:51+00:00\",\"dateModified\":\"2026-03-24T11:10:48+00:00\",\"description\":\"\\\"The Ash No.3\\\" von daisy james zeigt junge Eschen in leuchtenden, von der \u00d6lmalerei inspirierten Farben. Mit seinen dunkleren T\u00f6nen und seiner geheimnisvollen Atmosph\u00e4re verleiht dieses Design einen r\u00e4tselhaften Touch, der perfekt f\u00fcr gut beleuchtete R\u00e4ume ist.\",\"breadcrumb\":{\"@id\":\"https:\\\/\\\/daisyjames.eu\\\/de\\\/collections\\\/the-ash-no-3\\\/#breadcrumb\"},\"inLanguage\":\"de\",\"potentialAction\":[{\"@type\":\"ReadAction\",\"target\":[\"https:\\\/\\\/daisyjames.eu\\\/de\\\/collections\\\/the-ash-no-3\\\/\"]}]},{\"@type\":\"ImageObject\",\"inLanguage\":\"de\",\"@id\":\"https:\\\/\\\/daisyjames.eu\\\/de\\\/collections\\\/the-ash-no-3\\\/#primaryimage\",\"url\":\"https:\\\/\\\/daisyjames.eu\\\/wp-content\\\/uploads\\\/2024\\\/07\\\/dj254-the-ash-no-3-1.jpg\",\"contentUrl\":\"https:\\\/\\\/daisyjames.eu\\\/wp-content\\\/uploads\\\/2024\\\/07\\\/dj254-the-ash-no-3-1.jpg\",\"width\":2497,\"height\":2193},{\"@type\":\"BreadcrumbList\",\"@id\":\"https:\\\/\\\/daisyjames.eu\\\/de\\\/collections\\\/the-ash-no-3\\\/#breadcrumb\",\"itemListElement\":[{\"@type\":\"ListItem\",\"position\":1,\"name\":\"Home\",\"item\":\"https:\\\/\\\/daisyjames.eu\\\/de\\\/\"},{\"@type\":\"ListItem\",\"position\":2,\"name\":\"Alle Wandbekleidungen\",\"item\":\"https:\\\/\\\/daisyjames.eu\\\/de\\\/shop\\\/\"},{\"@type\":\"ListItem\",\"position\":3,\"name\":\"The Ash NO.3\"}]},{\"@type\":\"WebSite\",\"@id\":\"https:\\\/\\\/daisyjames.eu\\\/de\\\/#website\",\"url\":\"https:\\\/\\\/daisyjames.eu\\\/de\\\/\",\"name\":\"Daisy James\",\"description\":\"\",\"publisher\":{\"@id\":\"https:\\\/\\\/daisyjames.eu\\\/de\\\/#organization\"},\"potentialAction\":[{\"@type\":\"SearchAction\",\"target\":{\"@type\":\"EntryPoint\",\"urlTemplate\":\"https:\\\/\\\/daisyjames.eu\\\/de\\\/?s={search_term_string}\"},\"query-input\":{\"@type\":\"PropertyValueSpecification\",\"valueRequired\":true,\"valueName\":\"search_term_string\"}}],\"inLanguage\":\"de\"},{\"@type\":\"Organization\",\"@id\":\"https:\\\/\\\/daisyjames.eu\\\/de\\\/#organization\",\"name\":\"Daisy James\",\"url\":\"https:\\\/\\\/daisyjames.eu\\\/de\\\/\",\"logo\":{\"@type\":\"ImageObject\",\"inLanguage\":\"de\",\"@id\":\"https:\\\/\\\/daisyjames.eu\\\/de\\\/#\\\/schema\\\/logo\\\/image\\\/\",\"url\":\"https:\\\/\\\/daisyjames.eu\\\/wp-content\\\/uploads\\\/2024\\\/09\\\/LogoDJzwart-1.png\",\"contentUrl\":\"https:\\\/\\\/daisyjames.eu\\\/wp-content\\\/uploads\\\/2024\\\/09\\\/LogoDJzwart-1.png\",\"width\":1125,\"height\":199,\"caption\":\"Daisy James\"},\"image\":{\"@id\":\"https:\\\/\\\/daisyjames.eu\\\/de\\\/#\\\/schema\\\/logo\\\/image\\\/\"},\"sameAs\":[\"https:\\\/\\\/www.facebook.com\\\/Daisyjamesinteriorwallcovering\\\/\",\"https:\\\/\\\/x.com\\\/daisyjamesinterior\",\"https:\\\/\\\/pinterest.com\\\/daisyjameswallcovers\\\/\",\"https:\\\/\\\/nl.linkedin.com\\\/company\\\/d-a-i-s-y-j-a-m-e-s-interior-collection\"]}]}<\/script>\n<!-- \/ Yoast SEO Premium plugin. -->","yoast_head_json":{"title":"The Ash No.3 - Dunkles Blatt Tapete | daisy james","description":"\"The Ash No.3\" von daisy james zeigt junge Eschen in leuchtenden, von der \u00d6lmalerei inspirierten Farben. Mit seinen dunkleren T\u00f6nen und seiner geheimnisvollen Atmosph\u00e4re verleiht dieses Design einen r\u00e4tselhaften Touch, der perfekt f\u00fcr gut beleuchtete R\u00e4ume ist.","robots":{"index":"index","follow":"follow","max-snippet":"max-snippet:-1","max-image-preview":"max-image-preview:large","max-video-preview":"max-video-preview:-1"},"canonical":"https:\/\/daisyjames.eu\/de\/collections\/the-ash-no-3\/","schema":{"@context":"https:\/\/schema.org","@graph":[{"@type":"WebPage","@id":"https:\/\/daisyjames.eu\/de\/collections\/the-ash-no-3\/","url":"https:\/\/daisyjames.eu\/de\/collections\/the-ash-no-3\/","name":"The Ash No.3 - Dunkles Blatt Tapete | daisy james","isPartOf":{"@id":"https:\/\/daisyjames.eu\/de\/#website"},"primaryImageOfPage":{"@id":"https:\/\/daisyjames.eu\/de\/collections\/the-ash-no-3\/#primaryimage"},"image":{"@id":"https:\/\/daisyjames.eu\/de\/collections\/the-ash-no-3\/#primaryimage"},"thumbnailUrl":"https:\/\/daisyjames.eu\/wp-content\/uploads\/2024\/07\/dj254-the-ash-no-3-1.jpg","datePublished":"2023-06-30T18:10:51+00:00","dateModified":"2026-03-24T11:10:48+00:00","description":"\"The Ash No.3\" von daisy james zeigt junge Eschen in leuchtenden, von der \u00d6lmalerei inspirierten Farben. Mit seinen dunkleren T\u00f6nen und seiner geheimnisvollen Atmosph\u00e4re verleiht dieses Design einen r\u00e4tselhaften Touch, der perfekt f\u00fcr gut beleuchtete R\u00e4ume ist.","breadcrumb":{"@id":"https:\/\/daisyjames.eu\/de\/collections\/the-ash-no-3\/#breadcrumb"},"inLanguage":"de","potentialAction":[{"@type":"ReadAction","target":["https:\/\/daisyjames.eu\/de\/collections\/the-ash-no-3\/"]}]},{"@type":"ImageObject","inLanguage":"de","@id":"https:\/\/daisyjames.eu\/de\/collections\/the-ash-no-3\/#primaryimage","url":"https:\/\/daisyjames.eu\/wp-content\/uploads\/2024\/07\/dj254-the-ash-no-3-1.jpg","contentUrl":"https:\/\/daisyjames.eu\/wp-content\/uploads\/2024\/07\/dj254-the-ash-no-3-1.jpg","width":2497,"height":2193},{"@type":"BreadcrumbList","@id":"https:\/\/daisyjames.eu\/de\/collections\/the-ash-no-3\/#breadcrumb","itemListElement":[{"@type":"ListItem","position":1,"name":"Home","item":"https:\/\/daisyjames.eu\/de\/"},{"@type":"ListItem","position":2,"name":"Alle Wandbekleidungen","item":"https:\/\/daisyjames.eu\/de\/shop\/"},{"@type":"ListItem","position":3,"name":"The Ash NO.3"}]},{"@type":"WebSite","@id":"https:\/\/daisyjames.eu\/de\/#website","url":"https:\/\/daisyjames.eu\/de\/","name":"Daisy James","description":"","publisher":{"@id":"https:\/\/daisyjames.eu\/de\/#organization"},"potentialAction":[{"@type":"SearchAction","target":{"@type":"EntryPoint","urlTemplate":"https:\/\/daisyjames.eu\/de\/?s={search_term_string}"},"query-input":{"@type":"PropertyValueSpecification","valueRequired":true,"valueName":"search_term_string"}}],"inLanguage":"de"},{"@type":"Organization","@id":"https:\/\/daisyjames.eu\/de\/#organization","name":"Daisy James","url":"https:\/\/daisyjames.eu\/de\/","logo":{"@type":"ImageObject","inLanguage":"de","@id":"https:\/\/daisyjames.eu\/de\/#\/schema\/logo\/image\/","url":"https:\/\/daisyjames.eu\/wp-content\/uploads\/2024\/09\/LogoDJzwart-1.png","contentUrl":"https:\/\/daisyjames.eu\/wp-content\/uploads\/2024\/09\/LogoDJzwart-1.png","width":1125,"height":199,"caption":"Daisy James"},"image":{"@id":"https:\/\/daisyjames.eu\/de\/#\/schema\/logo\/image\/"},"sameAs":["https:\/\/www.facebook.com\/Daisyjamesinteriorwallcovering\/","https:\/\/x.com\/daisyjamesinterior","https:\/\/pinterest.com\/daisyjameswallcovers\/","https:\/\/nl.linkedin.com\/company\/d-a-i-s-y-j-a-m-e-s-interior-collection"]}]}},"_links":{"self":[{"href":"https:\/\/daisyjames.eu\/de\/wp-json\/wp\/v2\/product\/16250","targetHints":{"allow":["GET"]}}],"collection":[{"href":"https:\/\/daisyjames.eu\/de\/wp-json\/wp\/v2\/product"}],"about":[{"href":"https:\/\/daisyjames.eu\/de\/wp-json\/wp\/v2\/types\/product"}],"replies":[{"embeddable":true,"href":"https:\/\/daisyjames.eu\/de\/wp-json\/wp\/v2\/comments?post=16250"}],"wp:featuredmedia":[{"embeddable":true,"href":"https:\/\/daisyjames.eu\/de\/wp-json\/wp\/v2\/media\/36021"}],"wp:attachment":[{"href":"https:\/\/daisyjames.eu\/de\/wp-json\/wp\/v2\/media?parent=16250"}],"wp:term":[{"taxonomy":"product_brand","embeddable":true,"href":"https:\/\/daisyjames.eu\/de\/wp-json\/wp\/v2\/product_brand?post=16250"},{"taxonomy":"product_cat","embeddable":true,"href":"https:\/\/daisyjames.eu\/de\/wp-json\/wp\/v2\/product_cat?post=16250"},{"taxonomy":"product_tag","embeddable":true,"href":"https:\/\/daisyjames.eu\/de\/wp-json\/wp\/v2\/product_tag?post=16250"}],"curies":[{"name":"wp","href":"https:\/\/api.w.org\/{rel}","templated":true}]}}