
{"id":16673,"date":"2003-06-30T17:44:21","date_gmt":"2003-06-30T17:44:21","guid":{"rendered":"https:\/\/daisyjames.dev001.booom.digital\/collection\/the-viridity-turquoise\/"},"modified":"2025-11-04T10:09:06","modified_gmt":"2025-11-04T10:09:06","slug":"the-viridity-turquoise","status":"publish","type":"product","link":"https:\/\/daisyjames.eu\/de\/collections\/the-viridity-turquoise\/","title":{"rendered":"The Viridity Turquoise"},"content":{"rendered":"","protected":false},"excerpt":{"rendered":"<p>Erleben Sie die Essenz von Gr\u00fcn mit der Tapete von <strong>daisy james<\/strong>: <em>&#8220;The Viridity Turquoise&#8221;<\/em>. Umarmen Sie die Farbe des Lebens, des Fr\u00fchlings und der Hoffnung, w\u00e4hrend Sie in den Reichtum der nat\u00fcrlichen Sch\u00f6nheit von Gr\u00fcn eintauchen. Lassen Sie diese Tapete die Frische und Vitalit\u00e4t der Natur in Ihren Raum bringen und feiern Sie die Wunder des Chlorophylls und den Charme von Gr\u00fcn in all seiner Pracht.<\/p>\n","protected":false},"featured_media":12872,"comment_status":"closed","ping_status":"closed","template":"","meta":{"_acf_changed":false},"product_brand":[],"product_cat":[660],"product_tag":[],"class_list":{"0":"post-16673","1":"product","2":"type-product","3":"status-publish","4":"has-post-thumbnail","6":"product_cat-organic-harmony-de","7":"pa_colour-blue","8":"pa_colour-turquose-de","9":"pa_theme-leaves-de","10":"pa_theme-nature-de","11":"pa_theme-tropical-de","13":"first","14":"instock","15":"purchasable","16":"product-type-simple"},"acf":[],"yoast_head":"<!-- This site is optimized with the Yoast SEO Premium plugin v27.3 (Yoast SEO v27.3) - https:\/\/yoast.com\/product\/yoast-seo-premium-wordpress\/ -->\n<title>The Viridity Turquoise - K\u00fcnstlerische Luxus-Tapete | daisy james<\/title>\n<meta name=\"description\" content=\"&quot;The Viridity Turquoise&quot; von daisy james greift die lebendige Essenz des Gr\u00fcns auf, das Leben, Fr\u00fchling und Hoffnung symbolisiert. Dieses Design f\u00e4ngt die nat\u00fcrliche Sch\u00f6nheit des Chlorophylls ein und bringt die Frische und Vitalit\u00e4t der Natur in Ihren Raum.\" \/>\n<meta name=\"robots\" content=\"index, follow, max-snippet:-1, max-image-preview:large, max-video-preview:-1\" \/>\n<link rel=\"canonical\" href=\"https:\/\/daisyjames.eu\/de\/collections\/the-viridity-turquoise\/\" \/>\n<script type=\"application\/ld+json\" class=\"yoast-schema-graph\">{\"@context\":\"https:\\\/\\\/schema.org\",\"@graph\":[{\"@type\":\"WebPage\",\"@id\":\"https:\\\/\\\/daisyjames.eu\\\/de\\\/collections\\\/the-viridity-turquoise\\\/\",\"url\":\"https:\\\/\\\/daisyjames.eu\\\/de\\\/collections\\\/the-viridity-turquoise\\\/\",\"name\":\"The Viridity Turquoise - K\u00fcnstlerische Luxus-Tapete | daisy james\",\"isPartOf\":{\"@id\":\"https:\\\/\\\/daisyjames.eu\\\/de\\\/#website\"},\"primaryImageOfPage\":{\"@id\":\"https:\\\/\\\/daisyjames.eu\\\/de\\\/collections\\\/the-viridity-turquoise\\\/#primaryimage\"},\"image\":{\"@id\":\"https:\\\/\\\/daisyjames.eu\\\/de\\\/collections\\\/the-viridity-turquoise\\\/#primaryimage\"},\"thumbnailUrl\":\"https:\\\/\\\/daisyjames.eu\\\/wp-content\\\/uploads\\\/2024\\\/07\\\/dj284-the-viridity-turquoise-1-scaled.jpg\",\"datePublished\":\"2003-06-30T17:44:21+00:00\",\"dateModified\":\"2025-11-04T10:09:06+00:00\",\"description\":\"\\\"The Viridity Turquoise\\\" von daisy james greift die lebendige Essenz des Gr\u00fcns auf, das Leben, Fr\u00fchling und Hoffnung symbolisiert. Dieses Design f\u00e4ngt die nat\u00fcrliche Sch\u00f6nheit des Chlorophylls ein und bringt die Frische und Vitalit\u00e4t der Natur in Ihren Raum.\",\"breadcrumb\":{\"@id\":\"https:\\\/\\\/daisyjames.eu\\\/de\\\/collections\\\/the-viridity-turquoise\\\/#breadcrumb\"},\"inLanguage\":\"de\",\"potentialAction\":[{\"@type\":\"ReadAction\",\"target\":[\"https:\\\/\\\/daisyjames.eu\\\/de\\\/collections\\\/the-viridity-turquoise\\\/\"]}]},{\"@type\":\"ImageObject\",\"inLanguage\":\"de\",\"@id\":\"https:\\\/\\\/daisyjames.eu\\\/de\\\/collections\\\/the-viridity-turquoise\\\/#primaryimage\",\"url\":\"https:\\\/\\\/daisyjames.eu\\\/wp-content\\\/uploads\\\/2024\\\/07\\\/dj284-the-viridity-turquoise-1-scaled.jpg\",\"contentUrl\":\"https:\\\/\\\/daisyjames.eu\\\/wp-content\\\/uploads\\\/2024\\\/07\\\/dj284-the-viridity-turquoise-1-scaled.jpg\",\"width\":1707,\"height\":2560},{\"@type\":\"BreadcrumbList\",\"@id\":\"https:\\\/\\\/daisyjames.eu\\\/de\\\/collections\\\/the-viridity-turquoise\\\/#breadcrumb\",\"itemListElement\":[{\"@type\":\"ListItem\",\"position\":1,\"name\":\"Home\",\"item\":\"https:\\\/\\\/daisyjames.eu\\\/de\\\/\"},{\"@type\":\"ListItem\",\"position\":2,\"name\":\"Alle Wandbekleidungen\",\"item\":\"https:\\\/\\\/daisyjames.eu\\\/de\\\/shop\\\/\"},{\"@type\":\"ListItem\",\"position\":3,\"name\":\"The Viridity Turquoise\"}]},{\"@type\":\"WebSite\",\"@id\":\"https:\\\/\\\/daisyjames.eu\\\/de\\\/#website\",\"url\":\"https:\\\/\\\/daisyjames.eu\\\/de\\\/\",\"name\":\"Daisy James\",\"description\":\"\",\"publisher\":{\"@id\":\"https:\\\/\\\/daisyjames.eu\\\/de\\\/#organization\"},\"potentialAction\":[{\"@type\":\"SearchAction\",\"target\":{\"@type\":\"EntryPoint\",\"urlTemplate\":\"https:\\\/\\\/daisyjames.eu\\\/de\\\/?s={search_term_string}\"},\"query-input\":{\"@type\":\"PropertyValueSpecification\",\"valueRequired\":true,\"valueName\":\"search_term_string\"}}],\"inLanguage\":\"de\"},{\"@type\":\"Organization\",\"@id\":\"https:\\\/\\\/daisyjames.eu\\\/de\\\/#organization\",\"name\":\"Daisy James\",\"url\":\"https:\\\/\\\/daisyjames.eu\\\/de\\\/\",\"logo\":{\"@type\":\"ImageObject\",\"inLanguage\":\"de\",\"@id\":\"https:\\\/\\\/daisyjames.eu\\\/de\\\/#\\\/schema\\\/logo\\\/image\\\/\",\"url\":\"https:\\\/\\\/daisyjames.eu\\\/wp-content\\\/uploads\\\/2024\\\/09\\\/LogoDJzwart-1.png\",\"contentUrl\":\"https:\\\/\\\/daisyjames.eu\\\/wp-content\\\/uploads\\\/2024\\\/09\\\/LogoDJzwart-1.png\",\"width\":1125,\"height\":199,\"caption\":\"Daisy James\"},\"image\":{\"@id\":\"https:\\\/\\\/daisyjames.eu\\\/de\\\/#\\\/schema\\\/logo\\\/image\\\/\"},\"sameAs\":[\"https:\\\/\\\/www.facebook.com\\\/Daisyjamesinteriorwallcovering\\\/\",\"https:\\\/\\\/x.com\\\/daisyjamesinterior\",\"https:\\\/\\\/pinterest.com\\\/daisyjameswallcovers\\\/\",\"https:\\\/\\\/nl.linkedin.com\\\/company\\\/d-a-i-s-y-j-a-m-e-s-interior-collection\"]}]}<\/script>\n<!-- \/ Yoast SEO Premium plugin. -->","yoast_head_json":{"title":"The Viridity Turquoise - K\u00fcnstlerische Luxus-Tapete | daisy james","description":"\"The Viridity Turquoise\" von daisy james greift die lebendige Essenz des Gr\u00fcns auf, das Leben, Fr\u00fchling und Hoffnung symbolisiert. Dieses Design f\u00e4ngt die nat\u00fcrliche Sch\u00f6nheit des Chlorophylls ein und bringt die Frische und Vitalit\u00e4t der Natur in Ihren Raum.","robots":{"index":"index","follow":"follow","max-snippet":"max-snippet:-1","max-image-preview":"max-image-preview:large","max-video-preview":"max-video-preview:-1"},"canonical":"https:\/\/daisyjames.eu\/de\/collections\/the-viridity-turquoise\/","schema":{"@context":"https:\/\/schema.org","@graph":[{"@type":"WebPage","@id":"https:\/\/daisyjames.eu\/de\/collections\/the-viridity-turquoise\/","url":"https:\/\/daisyjames.eu\/de\/collections\/the-viridity-turquoise\/","name":"The Viridity Turquoise - K\u00fcnstlerische Luxus-Tapete | daisy james","isPartOf":{"@id":"https:\/\/daisyjames.eu\/de\/#website"},"primaryImageOfPage":{"@id":"https:\/\/daisyjames.eu\/de\/collections\/the-viridity-turquoise\/#primaryimage"},"image":{"@id":"https:\/\/daisyjames.eu\/de\/collections\/the-viridity-turquoise\/#primaryimage"},"thumbnailUrl":"https:\/\/daisyjames.eu\/wp-content\/uploads\/2024\/07\/dj284-the-viridity-turquoise-1-scaled.jpg","datePublished":"2003-06-30T17:44:21+00:00","dateModified":"2025-11-04T10:09:06+00:00","description":"\"The Viridity Turquoise\" von daisy james greift die lebendige Essenz des Gr\u00fcns auf, das Leben, Fr\u00fchling und Hoffnung symbolisiert. Dieses Design f\u00e4ngt die nat\u00fcrliche Sch\u00f6nheit des Chlorophylls ein und bringt die Frische und Vitalit\u00e4t der Natur in Ihren Raum.","breadcrumb":{"@id":"https:\/\/daisyjames.eu\/de\/collections\/the-viridity-turquoise\/#breadcrumb"},"inLanguage":"de","potentialAction":[{"@type":"ReadAction","target":["https:\/\/daisyjames.eu\/de\/collections\/the-viridity-turquoise\/"]}]},{"@type":"ImageObject","inLanguage":"de","@id":"https:\/\/daisyjames.eu\/de\/collections\/the-viridity-turquoise\/#primaryimage","url":"https:\/\/daisyjames.eu\/wp-content\/uploads\/2024\/07\/dj284-the-viridity-turquoise-1-scaled.jpg","contentUrl":"https:\/\/daisyjames.eu\/wp-content\/uploads\/2024\/07\/dj284-the-viridity-turquoise-1-scaled.jpg","width":1707,"height":2560},{"@type":"BreadcrumbList","@id":"https:\/\/daisyjames.eu\/de\/collections\/the-viridity-turquoise\/#breadcrumb","itemListElement":[{"@type":"ListItem","position":1,"name":"Home","item":"https:\/\/daisyjames.eu\/de\/"},{"@type":"ListItem","position":2,"name":"Alle Wandbekleidungen","item":"https:\/\/daisyjames.eu\/de\/shop\/"},{"@type":"ListItem","position":3,"name":"The Viridity Turquoise"}]},{"@type":"WebSite","@id":"https:\/\/daisyjames.eu\/de\/#website","url":"https:\/\/daisyjames.eu\/de\/","name":"Daisy James","description":"","publisher":{"@id":"https:\/\/daisyjames.eu\/de\/#organization"},"potentialAction":[{"@type":"SearchAction","target":{"@type":"EntryPoint","urlTemplate":"https:\/\/daisyjames.eu\/de\/?s={search_term_string}"},"query-input":{"@type":"PropertyValueSpecification","valueRequired":true,"valueName":"search_term_string"}}],"inLanguage":"de"},{"@type":"Organization","@id":"https:\/\/daisyjames.eu\/de\/#organization","name":"Daisy James","url":"https:\/\/daisyjames.eu\/de\/","logo":{"@type":"ImageObject","inLanguage":"de","@id":"https:\/\/daisyjames.eu\/de\/#\/schema\/logo\/image\/","url":"https:\/\/daisyjames.eu\/wp-content\/uploads\/2024\/09\/LogoDJzwart-1.png","contentUrl":"https:\/\/daisyjames.eu\/wp-content\/uploads\/2024\/09\/LogoDJzwart-1.png","width":1125,"height":199,"caption":"Daisy James"},"image":{"@id":"https:\/\/daisyjames.eu\/de\/#\/schema\/logo\/image\/"},"sameAs":["https:\/\/www.facebook.com\/Daisyjamesinteriorwallcovering\/","https:\/\/x.com\/daisyjamesinterior","https:\/\/pinterest.com\/daisyjameswallcovers\/","https:\/\/nl.linkedin.com\/company\/d-a-i-s-y-j-a-m-e-s-interior-collection"]}]}},"_links":{"self":[{"href":"https:\/\/daisyjames.eu\/de\/wp-json\/wp\/v2\/product\/16673","targetHints":{"allow":["GET"]}}],"collection":[{"href":"https:\/\/daisyjames.eu\/de\/wp-json\/wp\/v2\/product"}],"about":[{"href":"https:\/\/daisyjames.eu\/de\/wp-json\/wp\/v2\/types\/product"}],"replies":[{"embeddable":true,"href":"https:\/\/daisyjames.eu\/de\/wp-json\/wp\/v2\/comments?post=16673"}],"wp:featuredmedia":[{"embeddable":true,"href":"https:\/\/daisyjames.eu\/de\/wp-json\/wp\/v2\/media\/12872"}],"wp:attachment":[{"href":"https:\/\/daisyjames.eu\/de\/wp-json\/wp\/v2\/media?parent=16673"}],"wp:term":[{"taxonomy":"product_brand","embeddable":true,"href":"https:\/\/daisyjames.eu\/de\/wp-json\/wp\/v2\/product_brand?post=16673"},{"taxonomy":"product_cat","embeddable":true,"href":"https:\/\/daisyjames.eu\/de\/wp-json\/wp\/v2\/product_cat?post=16673"},{"taxonomy":"product_tag","embeddable":true,"href":"https:\/\/daisyjames.eu\/de\/wp-json\/wp\/v2\/product_tag?post=16673"}],"curies":[{"name":"wp","href":"https:\/\/api.w.org\/{rel}","templated":true}]}}