
{"id":17014,"date":"2023-06-30T16:45:09","date_gmt":"2023-06-30T16:45:09","guid":{"rendered":"https:\/\/daisyjames.dev001.booom.digital\/collection\/the-rush-no-1\/"},"modified":"2025-11-03T15:25:45","modified_gmt":"2025-11-03T15:25:45","slug":"the-rush-no-1","status":"publish","type":"product","link":"https:\/\/daisyjames.eu\/de\/collections\/the-rush-no-1\/","title":{"rendered":"The Rush NO.1"},"content":{"rendered":"","protected":false},"excerpt":{"rendered":"<p>Entdecken Sie die unz\u00e4hligen Formen von Gr\u00fcn und Bl\u00e4ttern, die die Natur in unserer lebendigen Tapete bietet. Inspiriert von tropischen Pflanzen, bringt sie einen Hauch von Tropen in Ihren Raum. Embrace the beauty of nature with this <strong>daisy james<\/strong> design.<span style=\"color: #ffffff;\">!&#8212;&#8212;&#8212;&#8212;&#8212;&#8212;&#8212;&#8212;&#8212;&#8212;&#8212;&#8212;&#8212;&#8212;&#8212;&#8212;&#8212;&#8212;&#8212;&#8212;&#8212;&#8212;&#8212;&#8212;&#8212;&#8212;&#8212;&#8212;&#8212;&#8212;&#8212;&#8212;&#8212;&#8212;&#8212;&#8212;&#8212;&#8212;&#8212;&#8212;&#8212;&#8212;&#8212;&#8212;&#8212;&#8212;&#8212;&#8212;&#8212;&#8212;&#8212;&#8212;&#8212;&#8212;&#8212;&#8212;&#8212;&#8212;&#8212;&#8212;&#8212;&#8212;&#8212;&#8212;&#8212;&#8212;&#8212;&#8212;&#8212;&#8212;&#8212;&#8212;&#8212;&#8212;&#8212;&#8212;&#8212;&#8212;&#8212;&#8212;&#8212;&#8212;&#8212;&#8212;&#8212;&#8212;&#8212;&#8212;&#8212;&#8212;&#8212;&#8212;&#8212;&#8212;&#8212;&#8212;&#8212;&#8212;&#8212;&#8212;&#8212;&#8212;&#8212;&#8212;&#8212;&#8212;&#8212;&#8212;&#8212;&#8212;&#8212;&#8212;&#8212;&#8212;&#8212;&#8212;&#8212;&#8212;&#8212;&#8212;&#8212;&#8212;&#8212;&#8212;&#8212;&#8212;&#8212;&#8212;&#8212;&#8212;&#8212;&#8212;&#8212;&#8212;<\/span><\/p>\n<p>&#8220;Entdecken Sie, wie <em>&#8220;The Rush No.1&#8221;<\/em> in einem unserer Innenraumprojekte verwendet wurde. Sehen Sie das Ergebnis <strong><a href=\"https:\/\/daisyjames.eu\/de\/projects\/restaurant-the-local-club\/\">hier<\/a><\/strong>.&#8221;<\/p>\n","protected":false},"featured_media":13281,"comment_status":"closed","ping_status":"closed","template":"","meta":{"_acf_changed":false},"product_brand":[],"product_cat":[660],"product_tag":[],"class_list":{"0":"post-17014","1":"product","2":"type-product","3":"status-publish","4":"has-post-thumbnail","6":"product_cat-organic-harmony-de","7":"pa_colour-yellow-de","8":"pa_colour-yellow-green-de","9":"pa_colour-greens-de","10":"pa_colour-ocher-de","11":"pa_theme-trees-de","12":"pa_theme-leaves-de","13":"pa_theme-nature-de","14":"pa_theme-tropical-de","16":"first","17":"instock","18":"purchasable","19":"product-type-simple"},"acf":[],"yoast_head":"<!-- This site is optimized with the Yoast SEO Premium plugin v27.3 (Yoast SEO v27.3) - https:\/\/yoast.com\/product\/yoast-seo-premium-wordpress\/ -->\n<title>The Rush No.1 - Blatt-Tapete | daisy james<\/title>\n<meta name=\"description\" content=\"Bringen Sie die lebendige Sch\u00f6nheit der Tropen in Ihren Raum mit &quot;The Rush No.1&quot;. Leaves Tapete von daisy james. Mit einer Vielzahl von Gr\u00fcnt\u00f6nen und Blattformen f\u00e4ngt dieses Design die Essenz der Sch\u00f6nheit der Natur ein.\" \/>\n<meta name=\"robots\" content=\"index, follow, max-snippet:-1, max-image-preview:large, max-video-preview:-1\" \/>\n<link rel=\"canonical\" href=\"https:\/\/daisyjames.eu\/de\/collections\/the-rush-no-1\/\" \/>\n<script type=\"application\/ld+json\" class=\"yoast-schema-graph\">{\"@context\":\"https:\\\/\\\/schema.org\",\"@graph\":[{\"@type\":\"WebPage\",\"@id\":\"https:\\\/\\\/daisyjames.eu\\\/de\\\/collections\\\/the-rush-no-1\\\/\",\"url\":\"https:\\\/\\\/daisyjames.eu\\\/de\\\/collections\\\/the-rush-no-1\\\/\",\"name\":\"The Rush No.1 - Blatt-Tapete | daisy james\",\"isPartOf\":{\"@id\":\"https:\\\/\\\/daisyjames.eu\\\/de\\\/#website\"},\"primaryImageOfPage\":{\"@id\":\"https:\\\/\\\/daisyjames.eu\\\/de\\\/collections\\\/the-rush-no-1\\\/#primaryimage\"},\"image\":{\"@id\":\"https:\\\/\\\/daisyjames.eu\\\/de\\\/collections\\\/the-rush-no-1\\\/#primaryimage\"},\"thumbnailUrl\":\"https:\\\/\\\/daisyjames.eu\\\/wp-content\\\/uploads\\\/2024\\\/07\\\/dj312-the-rush-no-1-1-scaled.jpg\",\"datePublished\":\"2023-06-30T16:45:09+00:00\",\"dateModified\":\"2025-11-03T15:25:45+00:00\",\"description\":\"Bringen Sie die lebendige Sch\u00f6nheit der Tropen in Ihren Raum mit \\\"The Rush No.1\\\". Leaves Tapete von daisy james. Mit einer Vielzahl von Gr\u00fcnt\u00f6nen und Blattformen f\u00e4ngt dieses Design die Essenz der Sch\u00f6nheit der Natur ein.\",\"breadcrumb\":{\"@id\":\"https:\\\/\\\/daisyjames.eu\\\/de\\\/collections\\\/the-rush-no-1\\\/#breadcrumb\"},\"inLanguage\":\"de\",\"potentialAction\":[{\"@type\":\"ReadAction\",\"target\":[\"https:\\\/\\\/daisyjames.eu\\\/de\\\/collections\\\/the-rush-no-1\\\/\"]}]},{\"@type\":\"ImageObject\",\"inLanguage\":\"de\",\"@id\":\"https:\\\/\\\/daisyjames.eu\\\/de\\\/collections\\\/the-rush-no-1\\\/#primaryimage\",\"url\":\"https:\\\/\\\/daisyjames.eu\\\/wp-content\\\/uploads\\\/2024\\\/07\\\/dj312-the-rush-no-1-1-scaled.jpg\",\"contentUrl\":\"https:\\\/\\\/daisyjames.eu\\\/wp-content\\\/uploads\\\/2024\\\/07\\\/dj312-the-rush-no-1-1-scaled.jpg\",\"width\":1707,\"height\":2560},{\"@type\":\"BreadcrumbList\",\"@id\":\"https:\\\/\\\/daisyjames.eu\\\/de\\\/collections\\\/the-rush-no-1\\\/#breadcrumb\",\"itemListElement\":[{\"@type\":\"ListItem\",\"position\":1,\"name\":\"Home\",\"item\":\"https:\\\/\\\/daisyjames.eu\\\/de\\\/\"},{\"@type\":\"ListItem\",\"position\":2,\"name\":\"Alle Wandbekleidungen\",\"item\":\"https:\\\/\\\/daisyjames.eu\\\/de\\\/shop\\\/\"},{\"@type\":\"ListItem\",\"position\":3,\"name\":\"The Rush NO.1\"}]},{\"@type\":\"WebSite\",\"@id\":\"https:\\\/\\\/daisyjames.eu\\\/de\\\/#website\",\"url\":\"https:\\\/\\\/daisyjames.eu\\\/de\\\/\",\"name\":\"Daisy James\",\"description\":\"\",\"publisher\":{\"@id\":\"https:\\\/\\\/daisyjames.eu\\\/de\\\/#organization\"},\"potentialAction\":[{\"@type\":\"SearchAction\",\"target\":{\"@type\":\"EntryPoint\",\"urlTemplate\":\"https:\\\/\\\/daisyjames.eu\\\/de\\\/?s={search_term_string}\"},\"query-input\":{\"@type\":\"PropertyValueSpecification\",\"valueRequired\":true,\"valueName\":\"search_term_string\"}}],\"inLanguage\":\"de\"},{\"@type\":\"Organization\",\"@id\":\"https:\\\/\\\/daisyjames.eu\\\/de\\\/#organization\",\"name\":\"Daisy James\",\"url\":\"https:\\\/\\\/daisyjames.eu\\\/de\\\/\",\"logo\":{\"@type\":\"ImageObject\",\"inLanguage\":\"de\",\"@id\":\"https:\\\/\\\/daisyjames.eu\\\/de\\\/#\\\/schema\\\/logo\\\/image\\\/\",\"url\":\"https:\\\/\\\/daisyjames.eu\\\/wp-content\\\/uploads\\\/2024\\\/09\\\/LogoDJzwart-1.png\",\"contentUrl\":\"https:\\\/\\\/daisyjames.eu\\\/wp-content\\\/uploads\\\/2024\\\/09\\\/LogoDJzwart-1.png\",\"width\":1125,\"height\":199,\"caption\":\"Daisy James\"},\"image\":{\"@id\":\"https:\\\/\\\/daisyjames.eu\\\/de\\\/#\\\/schema\\\/logo\\\/image\\\/\"},\"sameAs\":[\"https:\\\/\\\/www.facebook.com\\\/Daisyjamesinteriorwallcovering\\\/\",\"https:\\\/\\\/x.com\\\/daisyjamesinterior\",\"https:\\\/\\\/pinterest.com\\\/daisyjameswallcovers\\\/\",\"https:\\\/\\\/nl.linkedin.com\\\/company\\\/d-a-i-s-y-j-a-m-e-s-interior-collection\"]}]}<\/script>\n<!-- \/ Yoast SEO Premium plugin. -->","yoast_head_json":{"title":"The Rush No.1 - Blatt-Tapete | daisy james","description":"Bringen Sie die lebendige Sch\u00f6nheit der Tropen in Ihren Raum mit \"The Rush No.1\". Leaves Tapete von daisy james. Mit einer Vielzahl von Gr\u00fcnt\u00f6nen und Blattformen f\u00e4ngt dieses Design die Essenz der Sch\u00f6nheit der Natur ein.","robots":{"index":"index","follow":"follow","max-snippet":"max-snippet:-1","max-image-preview":"max-image-preview:large","max-video-preview":"max-video-preview:-1"},"canonical":"https:\/\/daisyjames.eu\/de\/collections\/the-rush-no-1\/","schema":{"@context":"https:\/\/schema.org","@graph":[{"@type":"WebPage","@id":"https:\/\/daisyjames.eu\/de\/collections\/the-rush-no-1\/","url":"https:\/\/daisyjames.eu\/de\/collections\/the-rush-no-1\/","name":"The Rush No.1 - Blatt-Tapete | daisy james","isPartOf":{"@id":"https:\/\/daisyjames.eu\/de\/#website"},"primaryImageOfPage":{"@id":"https:\/\/daisyjames.eu\/de\/collections\/the-rush-no-1\/#primaryimage"},"image":{"@id":"https:\/\/daisyjames.eu\/de\/collections\/the-rush-no-1\/#primaryimage"},"thumbnailUrl":"https:\/\/daisyjames.eu\/wp-content\/uploads\/2024\/07\/dj312-the-rush-no-1-1-scaled.jpg","datePublished":"2023-06-30T16:45:09+00:00","dateModified":"2025-11-03T15:25:45+00:00","description":"Bringen Sie die lebendige Sch\u00f6nheit der Tropen in Ihren Raum mit \"The Rush No.1\". Leaves Tapete von daisy james. Mit einer Vielzahl von Gr\u00fcnt\u00f6nen und Blattformen f\u00e4ngt dieses Design die Essenz der Sch\u00f6nheit der Natur ein.","breadcrumb":{"@id":"https:\/\/daisyjames.eu\/de\/collections\/the-rush-no-1\/#breadcrumb"},"inLanguage":"de","potentialAction":[{"@type":"ReadAction","target":["https:\/\/daisyjames.eu\/de\/collections\/the-rush-no-1\/"]}]},{"@type":"ImageObject","inLanguage":"de","@id":"https:\/\/daisyjames.eu\/de\/collections\/the-rush-no-1\/#primaryimage","url":"https:\/\/daisyjames.eu\/wp-content\/uploads\/2024\/07\/dj312-the-rush-no-1-1-scaled.jpg","contentUrl":"https:\/\/daisyjames.eu\/wp-content\/uploads\/2024\/07\/dj312-the-rush-no-1-1-scaled.jpg","width":1707,"height":2560},{"@type":"BreadcrumbList","@id":"https:\/\/daisyjames.eu\/de\/collections\/the-rush-no-1\/#breadcrumb","itemListElement":[{"@type":"ListItem","position":1,"name":"Home","item":"https:\/\/daisyjames.eu\/de\/"},{"@type":"ListItem","position":2,"name":"Alle Wandbekleidungen","item":"https:\/\/daisyjames.eu\/de\/shop\/"},{"@type":"ListItem","position":3,"name":"The Rush NO.1"}]},{"@type":"WebSite","@id":"https:\/\/daisyjames.eu\/de\/#website","url":"https:\/\/daisyjames.eu\/de\/","name":"Daisy James","description":"","publisher":{"@id":"https:\/\/daisyjames.eu\/de\/#organization"},"potentialAction":[{"@type":"SearchAction","target":{"@type":"EntryPoint","urlTemplate":"https:\/\/daisyjames.eu\/de\/?s={search_term_string}"},"query-input":{"@type":"PropertyValueSpecification","valueRequired":true,"valueName":"search_term_string"}}],"inLanguage":"de"},{"@type":"Organization","@id":"https:\/\/daisyjames.eu\/de\/#organization","name":"Daisy James","url":"https:\/\/daisyjames.eu\/de\/","logo":{"@type":"ImageObject","inLanguage":"de","@id":"https:\/\/daisyjames.eu\/de\/#\/schema\/logo\/image\/","url":"https:\/\/daisyjames.eu\/wp-content\/uploads\/2024\/09\/LogoDJzwart-1.png","contentUrl":"https:\/\/daisyjames.eu\/wp-content\/uploads\/2024\/09\/LogoDJzwart-1.png","width":1125,"height":199,"caption":"Daisy James"},"image":{"@id":"https:\/\/daisyjames.eu\/de\/#\/schema\/logo\/image\/"},"sameAs":["https:\/\/www.facebook.com\/Daisyjamesinteriorwallcovering\/","https:\/\/x.com\/daisyjamesinterior","https:\/\/pinterest.com\/daisyjameswallcovers\/","https:\/\/nl.linkedin.com\/company\/d-a-i-s-y-j-a-m-e-s-interior-collection"]}]}},"_links":{"self":[{"href":"https:\/\/daisyjames.eu\/de\/wp-json\/wp\/v2\/product\/17014","targetHints":{"allow":["GET"]}}],"collection":[{"href":"https:\/\/daisyjames.eu\/de\/wp-json\/wp\/v2\/product"}],"about":[{"href":"https:\/\/daisyjames.eu\/de\/wp-json\/wp\/v2\/types\/product"}],"replies":[{"embeddable":true,"href":"https:\/\/daisyjames.eu\/de\/wp-json\/wp\/v2\/comments?post=17014"}],"wp:featuredmedia":[{"embeddable":true,"href":"https:\/\/daisyjames.eu\/de\/wp-json\/wp\/v2\/media\/13281"}],"wp:attachment":[{"href":"https:\/\/daisyjames.eu\/de\/wp-json\/wp\/v2\/media?parent=17014"}],"wp:term":[{"taxonomy":"product_brand","embeddable":true,"href":"https:\/\/daisyjames.eu\/de\/wp-json\/wp\/v2\/product_brand?post=17014"},{"taxonomy":"product_cat","embeddable":true,"href":"https:\/\/daisyjames.eu\/de\/wp-json\/wp\/v2\/product_cat?post=17014"},{"taxonomy":"product_tag","embeddable":true,"href":"https:\/\/daisyjames.eu\/de\/wp-json\/wp\/v2\/product_tag?post=17014"}],"curies":[{"name":"wp","href":"https:\/\/api.w.org\/{rel}","templated":true}]}}