
{"id":24022,"date":"2025-06-05T11:37:11","date_gmt":"2025-06-05T11:37:11","guid":{"rendered":"https:\/\/staging.daisyjames.eu\/?post_type=product&#038;p=24022"},"modified":"2025-10-08T13:33:09","modified_gmt":"2025-10-08T13:33:09","slug":"the-bliss-orange","status":"publish","type":"product","link":"https:\/\/daisyjames.eu\/de\/collections\/the-bliss-orange\/","title":{"rendered":"The Bliss Orange"},"content":{"rendered":"","protected":false},"excerpt":{"rendered":"<p><em>&#8220;The Bliss&#8221;<\/em> ist ein Wandbelag von <strong>daisy james<\/strong>, der Gelassenheit und raffinierte Schlichtheit widerspiegelt.<br \/>\nInspiriert von den sanften Rhythmen der Natur, bietet er eine weiche Leinenstruktur in sechs ged\u00e4mpften Pastellt\u00f6nen, die von einem Paar floraler Zweige \u00fcberlagert wird.<br \/>\nEin entfernter Horizont f\u00fcgt ruhige Tiefe hinzu und bringt Ruhe und Licht in jedes Interieur. <em>&#8220;The Bliss&#8221;<\/em> wurde f\u00fcr diejenigen entworfen, die auf die Details achten. Es verwandelt eine Wand in einen Moment der Stille &#8211; nahtlos, elegant und unverkennbar gelassen.<\/p>\n<p>Ein sanfter Apricot-Ton &#8211; weich, sonnenverblasst und raffiniert. Strahlt ruhigen Komfort und eine subtile, einladende W\u00e4rme aus.<\/p>\n","protected":false},"featured_media":36214,"comment_status":"open","ping_status":"closed","template":"","meta":{"_acf_changed":false},"product_brand":[],"product_cat":[521,535,546],"product_tag":[],"class_list":{"0":"post-24022","1":"product","2":"type-product","3":"status-publish","4":"has-post-thumbnail","6":"product_cat-calm-minimal-de","7":"product_cat-modern-florals-de","8":"product_cat-refined-luxe-de","9":"pa_colour-salmon-de","10":"pa_colour-orange-de","11":"pa_colour-pastell","12":"pa_colour-rot","13":"pa_colour-terra-de","14":"pa_theme-trees-de","15":"pa_theme-flowers-de","16":"pa_theme-nature-de","18":"first","19":"instock","20":"purchasable","21":"product-type-simple"},"acf":[],"yoast_head":"<!-- This site is optimized with the Yoast SEO Premium plugin v27.3 (Yoast SEO v27.3) - https:\/\/yoast.com\/product\/yoast-seo-premium-wordpress\/ -->\n<title>The Bliss \u2013 Orange Pastell Tapete | daisy james<\/title>\n<meta name=\"description\" content=\"&quot;The Bliss orange&quot; ist eine nahtlose Wandbekleidung in Pastellt\u00f6nen mit Leinenstruktur und zarten floralen Details \u2013 raffiniert, beruhigend und f\u00fcr moderne Innenr\u00e4ume geschaffen.\" \/>\n<meta name=\"robots\" content=\"index, follow, max-snippet:-1, max-image-preview:large, max-video-preview:-1\" \/>\n<link rel=\"canonical\" href=\"https:\/\/daisyjames.eu\/de\/collections\/the-bliss-orange\/\" \/>\n<script type=\"application\/ld+json\" class=\"yoast-schema-graph\">{\"@context\":\"https:\\\/\\\/schema.org\",\"@graph\":[{\"@type\":\"WebPage\",\"@id\":\"https:\\\/\\\/daisyjames.eu\\\/de\\\/collections\\\/the-bliss-orange\\\/\",\"url\":\"https:\\\/\\\/daisyjames.eu\\\/de\\\/collections\\\/the-bliss-orange\\\/\",\"name\":\"The Bliss \u2013 Orange Pastell Tapete | daisy james\",\"isPartOf\":{\"@id\":\"https:\\\/\\\/daisyjames.eu\\\/#website\"},\"primaryImageOfPage\":{\"@id\":\"https:\\\/\\\/daisyjames.eu\\\/de\\\/collections\\\/the-bliss-orange\\\/#primaryimage\"},\"image\":{\"@id\":\"https:\\\/\\\/daisyjames.eu\\\/de\\\/collections\\\/the-bliss-orange\\\/#primaryimage\"},\"thumbnailUrl\":\"https:\\\/\\\/daisyjames.eu\\\/wp-content\\\/uploads\\\/2025\\\/06\\\/DJ382-The-Bliss-orange-12aaab.jpg\",\"datePublished\":\"2025-06-05T11:37:11+00:00\",\"dateModified\":\"2025-10-08T13:33:09+00:00\",\"description\":\"\\\"The Bliss orange\\\" ist eine nahtlose Wandbekleidung in Pastellt\u00f6nen mit Leinenstruktur und zarten floralen Details \u2013 raffiniert, beruhigend und f\u00fcr moderne Innenr\u00e4ume geschaffen.\",\"breadcrumb\":{\"@id\":\"https:\\\/\\\/daisyjames.eu\\\/de\\\/collections\\\/the-bliss-orange\\\/#breadcrumb\"},\"inLanguage\":\"de\",\"potentialAction\":[{\"@type\":\"ReadAction\",\"target\":[\"https:\\\/\\\/daisyjames.eu\\\/de\\\/collections\\\/the-bliss-orange\\\/\"]}]},{\"@type\":\"ImageObject\",\"inLanguage\":\"de\",\"@id\":\"https:\\\/\\\/daisyjames.eu\\\/de\\\/collections\\\/the-bliss-orange\\\/#primaryimage\",\"url\":\"https:\\\/\\\/daisyjames.eu\\\/wp-content\\\/uploads\\\/2025\\\/06\\\/DJ382-The-Bliss-orange-12aaab.jpg\",\"contentUrl\":\"https:\\\/\\\/daisyjames.eu\\\/wp-content\\\/uploads\\\/2025\\\/06\\\/DJ382-The-Bliss-orange-12aaab.jpg\",\"width\":2206,\"height\":2536},{\"@type\":\"BreadcrumbList\",\"@id\":\"https:\\\/\\\/daisyjames.eu\\\/de\\\/collections\\\/the-bliss-orange\\\/#breadcrumb\",\"itemListElement\":[{\"@type\":\"ListItem\",\"position\":1,\"name\":\"Home\",\"item\":\"https:\\\/\\\/daisyjames.eu\\\/de\\\/\"},{\"@type\":\"ListItem\",\"position\":2,\"name\":\"Alle Wandbekleidungen\",\"item\":\"https:\\\/\\\/daisyjames.eu\\\/de\\\/shop\\\/\"},{\"@type\":\"ListItem\",\"position\":3,\"name\":\"The Bliss Orange\"}]},{\"@type\":\"WebSite\",\"@id\":\"https:\\\/\\\/daisyjames.eu\\\/#website\",\"url\":\"https:\\\/\\\/daisyjames.eu\\\/\",\"name\":\"Daisy James\",\"description\":\"\",\"publisher\":{\"@id\":\"https:\\\/\\\/daisyjames.eu\\\/#organization\"},\"potentialAction\":[{\"@type\":\"SearchAction\",\"target\":{\"@type\":\"EntryPoint\",\"urlTemplate\":\"https:\\\/\\\/daisyjames.eu\\\/?s={search_term_string}\"},\"query-input\":{\"@type\":\"PropertyValueSpecification\",\"valueRequired\":true,\"valueName\":\"search_term_string\"}}],\"inLanguage\":\"de\"},{\"@type\":\"Organization\",\"@id\":\"https:\\\/\\\/daisyjames.eu\\\/#organization\",\"name\":\"Daisy James\",\"url\":\"https:\\\/\\\/daisyjames.eu\\\/\",\"logo\":{\"@type\":\"ImageObject\",\"inLanguage\":\"de\",\"@id\":\"https:\\\/\\\/daisyjames.eu\\\/#\\\/schema\\\/logo\\\/image\\\/\",\"url\":\"https:\\\/\\\/daisyjames.eu\\\/wp-content\\\/uploads\\\/2024\\\/09\\\/LogoDJzwart-1.png\",\"contentUrl\":\"https:\\\/\\\/daisyjames.eu\\\/wp-content\\\/uploads\\\/2024\\\/09\\\/LogoDJzwart-1.png\",\"width\":1125,\"height\":199,\"caption\":\"Daisy James\"},\"image\":{\"@id\":\"https:\\\/\\\/daisyjames.eu\\\/#\\\/schema\\\/logo\\\/image\\\/\"},\"sameAs\":[\"https:\\\/\\\/www.facebook.com\\\/Daisyjamesinteriorwallcovering\\\/\",\"https:\\\/\\\/x.com\\\/daisyjamesinterior\",\"https:\\\/\\\/pinterest.com\\\/daisyjameswallcovers\\\/\",\"https:\\\/\\\/nl.linkedin.com\\\/company\\\/d-a-i-s-y-j-a-m-e-s-interior-collection\"]}]}<\/script>\n<!-- \/ Yoast SEO Premium plugin. -->","yoast_head_json":{"title":"The Bliss \u2013 Orange Pastell Tapete | daisy james","description":"\"The Bliss orange\" ist eine nahtlose Wandbekleidung in Pastellt\u00f6nen mit Leinenstruktur und zarten floralen Details \u2013 raffiniert, beruhigend und f\u00fcr moderne Innenr\u00e4ume geschaffen.","robots":{"index":"index","follow":"follow","max-snippet":"max-snippet:-1","max-image-preview":"max-image-preview:large","max-video-preview":"max-video-preview:-1"},"canonical":"https:\/\/daisyjames.eu\/de\/collections\/the-bliss-orange\/","schema":{"@context":"https:\/\/schema.org","@graph":[{"@type":"WebPage","@id":"https:\/\/daisyjames.eu\/de\/collections\/the-bliss-orange\/","url":"https:\/\/daisyjames.eu\/de\/collections\/the-bliss-orange\/","name":"The Bliss \u2013 Orange Pastell Tapete | daisy james","isPartOf":{"@id":"https:\/\/daisyjames.eu\/#website"},"primaryImageOfPage":{"@id":"https:\/\/daisyjames.eu\/de\/collections\/the-bliss-orange\/#primaryimage"},"image":{"@id":"https:\/\/daisyjames.eu\/de\/collections\/the-bliss-orange\/#primaryimage"},"thumbnailUrl":"https:\/\/daisyjames.eu\/wp-content\/uploads\/2025\/06\/DJ382-The-Bliss-orange-12aaab.jpg","datePublished":"2025-06-05T11:37:11+00:00","dateModified":"2025-10-08T13:33:09+00:00","description":"\"The Bliss orange\" ist eine nahtlose Wandbekleidung in Pastellt\u00f6nen mit Leinenstruktur und zarten floralen Details \u2013 raffiniert, beruhigend und f\u00fcr moderne Innenr\u00e4ume geschaffen.","breadcrumb":{"@id":"https:\/\/daisyjames.eu\/de\/collections\/the-bliss-orange\/#breadcrumb"},"inLanguage":"de","potentialAction":[{"@type":"ReadAction","target":["https:\/\/daisyjames.eu\/de\/collections\/the-bliss-orange\/"]}]},{"@type":"ImageObject","inLanguage":"de","@id":"https:\/\/daisyjames.eu\/de\/collections\/the-bliss-orange\/#primaryimage","url":"https:\/\/daisyjames.eu\/wp-content\/uploads\/2025\/06\/DJ382-The-Bliss-orange-12aaab.jpg","contentUrl":"https:\/\/daisyjames.eu\/wp-content\/uploads\/2025\/06\/DJ382-The-Bliss-orange-12aaab.jpg","width":2206,"height":2536},{"@type":"BreadcrumbList","@id":"https:\/\/daisyjames.eu\/de\/collections\/the-bliss-orange\/#breadcrumb","itemListElement":[{"@type":"ListItem","position":1,"name":"Home","item":"https:\/\/daisyjames.eu\/de\/"},{"@type":"ListItem","position":2,"name":"Alle Wandbekleidungen","item":"https:\/\/daisyjames.eu\/de\/shop\/"},{"@type":"ListItem","position":3,"name":"The Bliss Orange"}]},{"@type":"WebSite","@id":"https:\/\/daisyjames.eu\/#website","url":"https:\/\/daisyjames.eu\/","name":"Daisy James","description":"","publisher":{"@id":"https:\/\/daisyjames.eu\/#organization"},"potentialAction":[{"@type":"SearchAction","target":{"@type":"EntryPoint","urlTemplate":"https:\/\/daisyjames.eu\/?s={search_term_string}"},"query-input":{"@type":"PropertyValueSpecification","valueRequired":true,"valueName":"search_term_string"}}],"inLanguage":"de"},{"@type":"Organization","@id":"https:\/\/daisyjames.eu\/#organization","name":"Daisy James","url":"https:\/\/daisyjames.eu\/","logo":{"@type":"ImageObject","inLanguage":"de","@id":"https:\/\/daisyjames.eu\/#\/schema\/logo\/image\/","url":"https:\/\/daisyjames.eu\/wp-content\/uploads\/2024\/09\/LogoDJzwart-1.png","contentUrl":"https:\/\/daisyjames.eu\/wp-content\/uploads\/2024\/09\/LogoDJzwart-1.png","width":1125,"height":199,"caption":"Daisy James"},"image":{"@id":"https:\/\/daisyjames.eu\/#\/schema\/logo\/image\/"},"sameAs":["https:\/\/www.facebook.com\/Daisyjamesinteriorwallcovering\/","https:\/\/x.com\/daisyjamesinterior","https:\/\/pinterest.com\/daisyjameswallcovers\/","https:\/\/nl.linkedin.com\/company\/d-a-i-s-y-j-a-m-e-s-interior-collection"]}]}},"_links":{"self":[{"href":"https:\/\/daisyjames.eu\/de\/wp-json\/wp\/v2\/product\/24022","targetHints":{"allow":["GET"]}}],"collection":[{"href":"https:\/\/daisyjames.eu\/de\/wp-json\/wp\/v2\/product"}],"about":[{"href":"https:\/\/daisyjames.eu\/de\/wp-json\/wp\/v2\/types\/product"}],"replies":[{"embeddable":true,"href":"https:\/\/daisyjames.eu\/de\/wp-json\/wp\/v2\/comments?post=24022"}],"wp:featuredmedia":[{"embeddable":true,"href":"https:\/\/daisyjames.eu\/de\/wp-json\/wp\/v2\/media\/36214"}],"wp:attachment":[{"href":"https:\/\/daisyjames.eu\/de\/wp-json\/wp\/v2\/media?parent=24022"}],"wp:term":[{"taxonomy":"product_brand","embeddable":true,"href":"https:\/\/daisyjames.eu\/de\/wp-json\/wp\/v2\/product_brand?post=24022"},{"taxonomy":"product_cat","embeddable":true,"href":"https:\/\/daisyjames.eu\/de\/wp-json\/wp\/v2\/product_cat?post=24022"},{"taxonomy":"product_tag","embeddable":true,"href":"https:\/\/daisyjames.eu\/de\/wp-json\/wp\/v2\/product_tag?post=24022"}],"curies":[{"name":"wp","href":"https:\/\/api.w.org\/{rel}","templated":true}]}}