
{"id":24641,"date":"2025-07-12T09:40:21","date_gmt":"2025-07-12T09:40:21","guid":{"rendered":"https:\/\/staging.daisyjames.eu\/?post_type=product&#038;p=24641"},"modified":"2026-04-13T21:42:41","modified_gmt":"2026-04-13T21:42:41","slug":"tropical-wallcovering-the-hilo-red-flowers","status":"publish","type":"product","link":"https:\/\/daisyjames.eu\/de\/collections\/tropical-wallcovering-the-hilo-red-flowers\/","title":{"rendered":"The Hilo"},"content":{"rendered":"","protected":false},"excerpt":{"rendered":"<p>Bringen Sie die W\u00e4rme der Tropen in Ihren Raum mit <em>&#8220;The Hilo&#8221; <\/em>von <strong>daisy james<\/strong>. Dieser elegante tropische Wandbelag hat einen weichen beigen Hintergrund, der mit lebhaften roten und wei\u00dfen Blumen verziert ist. Die subtile tropische Stimmung erinnert an hawaiianische Str\u00e4nde und endlose Sommerabende. Perfekt f\u00fcr Wohnr\u00e4ume, Boutique-Hotels oder B\u00fcros, die ein warmes, stilvolles Ambiente suchen. Verwandeln Sie Ihre W\u00e4nde mit diesem hochwertigen, nahtlosen Wandbelag.<\/p>\n","protected":false},"featured_media":24664,"comment_status":"open","ping_status":"closed","template":"","meta":{"_acf_changed":false},"product_brand":[],"product_cat":[535,660],"product_tag":[],"class_list":{"0":"post-24641","1":"product","2":"type-product","3":"status-publish","4":"has-post-thumbnail","6":"product_cat-modern-florals-de","7":"product_cat-organic-harmony-de","8":"pa_colour-beige-de","9":"pa_colour-brown-de","10":"pa_colour-orange-de","11":"pa_colour-rot","12":"pa_theme-trees-de","13":"pa_theme-leaves-de","14":"pa_theme-flowers-de","15":"pa_theme-nature-de","16":"pa_theme-tropical-de","18":"first","19":"instock","20":"purchasable","21":"product-type-simple"},"acf":[],"yoast_head":"<!-- This site is optimized with the Yoast SEO Premium plugin v27.3 (Yoast SEO v27.3) - https:\/\/yoast.com\/product\/yoast-seo-premium-wordpress\/ -->\n<title>Der Hilo - Tropische Wandbekleidung | daisy james<\/title>\n<meta name=\"description\" content=\"Verleihen Sie Ihrer Einrichtung eine tropische Atmosph\u00e4re mit &quot;The Hilo&quot; von daisy james. Dieser luxuri\u00f6se tropische Wandbelag mit einem beigen Grundton und roten Blumen bringt W\u00e4rme und Eleganz in jeden Raum. Entdecken Sie dieses von Hawaii inspirierte Design noch heute.\" \/>\n<meta name=\"robots\" content=\"index, follow, max-snippet:-1, max-image-preview:large, max-video-preview:-1\" \/>\n<link rel=\"canonical\" href=\"https:\/\/daisyjames.eu\/de\/collections\/tropical-wallcovering-the-hilo-red-flowers\/\" \/>\n<script type=\"application\/ld+json\" class=\"yoast-schema-graph\">{\"@context\":\"https:\\\/\\\/schema.org\",\"@graph\":[{\"@type\":\"WebPage\",\"@id\":\"https:\\\/\\\/daisyjames.eu\\\/de\\\/collections\\\/tropical-wallcovering-the-hilo-red-flowers\\\/\",\"url\":\"https:\\\/\\\/daisyjames.eu\\\/de\\\/collections\\\/tropical-wallcovering-the-hilo-red-flowers\\\/\",\"name\":\"Der Hilo - Tropische Wandbekleidung | daisy james\",\"isPartOf\":{\"@id\":\"https:\\\/\\\/daisyjames.eu\\\/#website\"},\"primaryImageOfPage\":{\"@id\":\"https:\\\/\\\/daisyjames.eu\\\/de\\\/collections\\\/tropical-wallcovering-the-hilo-red-flowers\\\/#primaryimage\"},\"image\":{\"@id\":\"https:\\\/\\\/daisyjames.eu\\\/de\\\/collections\\\/tropical-wallcovering-the-hilo-red-flowers\\\/#primaryimage\"},\"thumbnailUrl\":\"https:\\\/\\\/daisyjames.eu\\\/wp-content\\\/uploads\\\/2025\\\/07\\\/DJ385-The-Hilo-2-scaled.jpg\",\"datePublished\":\"2025-07-12T09:40:21+00:00\",\"dateModified\":\"2026-04-13T21:42:41+00:00\",\"description\":\"Verleihen Sie Ihrer Einrichtung eine tropische Atmosph\u00e4re mit \\\"The Hilo\\\" von daisy james. Dieser luxuri\u00f6se tropische Wandbelag mit einem beigen Grundton und roten Blumen bringt W\u00e4rme und Eleganz in jeden Raum. Entdecken Sie dieses von Hawaii inspirierte Design noch heute.\",\"breadcrumb\":{\"@id\":\"https:\\\/\\\/daisyjames.eu\\\/de\\\/collections\\\/tropical-wallcovering-the-hilo-red-flowers\\\/#breadcrumb\"},\"inLanguage\":\"de\",\"potentialAction\":[{\"@type\":\"ReadAction\",\"target\":[\"https:\\\/\\\/daisyjames.eu\\\/de\\\/collections\\\/tropical-wallcovering-the-hilo-red-flowers\\\/\"]}]},{\"@type\":\"ImageObject\",\"inLanguage\":\"de\",\"@id\":\"https:\\\/\\\/daisyjames.eu\\\/de\\\/collections\\\/tropical-wallcovering-the-hilo-red-flowers\\\/#primaryimage\",\"url\":\"https:\\\/\\\/daisyjames.eu\\\/wp-content\\\/uploads\\\/2025\\\/07\\\/DJ385-The-Hilo-2-scaled.jpg\",\"contentUrl\":\"https:\\\/\\\/daisyjames.eu\\\/wp-content\\\/uploads\\\/2025\\\/07\\\/DJ385-The-Hilo-2-scaled.jpg\",\"width\":1707,\"height\":2560},{\"@type\":\"BreadcrumbList\",\"@id\":\"https:\\\/\\\/daisyjames.eu\\\/de\\\/collections\\\/tropical-wallcovering-the-hilo-red-flowers\\\/#breadcrumb\",\"itemListElement\":[{\"@type\":\"ListItem\",\"position\":1,\"name\":\"Home\",\"item\":\"https:\\\/\\\/daisyjames.eu\\\/de\\\/\"},{\"@type\":\"ListItem\",\"position\":2,\"name\":\"Alle Wandbekleidungen\",\"item\":\"https:\\\/\\\/daisyjames.eu\\\/de\\\/shop\\\/\"},{\"@type\":\"ListItem\",\"position\":3,\"name\":\"The Hilo\"}]},{\"@type\":\"WebSite\",\"@id\":\"https:\\\/\\\/daisyjames.eu\\\/#website\",\"url\":\"https:\\\/\\\/daisyjames.eu\\\/\",\"name\":\"Daisy James\",\"description\":\"\",\"publisher\":{\"@id\":\"https:\\\/\\\/daisyjames.eu\\\/#organization\"},\"potentialAction\":[{\"@type\":\"SearchAction\",\"target\":{\"@type\":\"EntryPoint\",\"urlTemplate\":\"https:\\\/\\\/daisyjames.eu\\\/?s={search_term_string}\"},\"query-input\":{\"@type\":\"PropertyValueSpecification\",\"valueRequired\":true,\"valueName\":\"search_term_string\"}}],\"inLanguage\":\"de\"},{\"@type\":\"Organization\",\"@id\":\"https:\\\/\\\/daisyjames.eu\\\/#organization\",\"name\":\"Daisy James\",\"url\":\"https:\\\/\\\/daisyjames.eu\\\/\",\"logo\":{\"@type\":\"ImageObject\",\"inLanguage\":\"de\",\"@id\":\"https:\\\/\\\/daisyjames.eu\\\/#\\\/schema\\\/logo\\\/image\\\/\",\"url\":\"https:\\\/\\\/daisyjames.eu\\\/wp-content\\\/uploads\\\/2024\\\/09\\\/LogoDJzwart-1.png\",\"contentUrl\":\"https:\\\/\\\/daisyjames.eu\\\/wp-content\\\/uploads\\\/2024\\\/09\\\/LogoDJzwart-1.png\",\"width\":1125,\"height\":199,\"caption\":\"Daisy James\"},\"image\":{\"@id\":\"https:\\\/\\\/daisyjames.eu\\\/#\\\/schema\\\/logo\\\/image\\\/\"},\"sameAs\":[\"https:\\\/\\\/www.facebook.com\\\/Daisyjamesinteriorwallcovering\\\/\",\"https:\\\/\\\/x.com\\\/daisyjamesinterior\",\"https:\\\/\\\/pinterest.com\\\/daisyjameswallcovers\\\/\",\"https:\\\/\\\/nl.linkedin.com\\\/company\\\/d-a-i-s-y-j-a-m-e-s-interior-collection\"]}]}<\/script>\n<!-- \/ Yoast SEO Premium plugin. -->","yoast_head_json":{"title":"Der Hilo - Tropische Wandbekleidung | daisy james","description":"Verleihen Sie Ihrer Einrichtung eine tropische Atmosph\u00e4re mit \"The Hilo\" von daisy james. Dieser luxuri\u00f6se tropische Wandbelag mit einem beigen Grundton und roten Blumen bringt W\u00e4rme und Eleganz in jeden Raum. Entdecken Sie dieses von Hawaii inspirierte Design noch heute.","robots":{"index":"index","follow":"follow","max-snippet":"max-snippet:-1","max-image-preview":"max-image-preview:large","max-video-preview":"max-video-preview:-1"},"canonical":"https:\/\/daisyjames.eu\/de\/collections\/tropical-wallcovering-the-hilo-red-flowers\/","schema":{"@context":"https:\/\/schema.org","@graph":[{"@type":"WebPage","@id":"https:\/\/daisyjames.eu\/de\/collections\/tropical-wallcovering-the-hilo-red-flowers\/","url":"https:\/\/daisyjames.eu\/de\/collections\/tropical-wallcovering-the-hilo-red-flowers\/","name":"Der Hilo - Tropische Wandbekleidung | daisy james","isPartOf":{"@id":"https:\/\/daisyjames.eu\/#website"},"primaryImageOfPage":{"@id":"https:\/\/daisyjames.eu\/de\/collections\/tropical-wallcovering-the-hilo-red-flowers\/#primaryimage"},"image":{"@id":"https:\/\/daisyjames.eu\/de\/collections\/tropical-wallcovering-the-hilo-red-flowers\/#primaryimage"},"thumbnailUrl":"https:\/\/daisyjames.eu\/wp-content\/uploads\/2025\/07\/DJ385-The-Hilo-2-scaled.jpg","datePublished":"2025-07-12T09:40:21+00:00","dateModified":"2026-04-13T21:42:41+00:00","description":"Verleihen Sie Ihrer Einrichtung eine tropische Atmosph\u00e4re mit \"The Hilo\" von daisy james. Dieser luxuri\u00f6se tropische Wandbelag mit einem beigen Grundton und roten Blumen bringt W\u00e4rme und Eleganz in jeden Raum. Entdecken Sie dieses von Hawaii inspirierte Design noch heute.","breadcrumb":{"@id":"https:\/\/daisyjames.eu\/de\/collections\/tropical-wallcovering-the-hilo-red-flowers\/#breadcrumb"},"inLanguage":"de","potentialAction":[{"@type":"ReadAction","target":["https:\/\/daisyjames.eu\/de\/collections\/tropical-wallcovering-the-hilo-red-flowers\/"]}]},{"@type":"ImageObject","inLanguage":"de","@id":"https:\/\/daisyjames.eu\/de\/collections\/tropical-wallcovering-the-hilo-red-flowers\/#primaryimage","url":"https:\/\/daisyjames.eu\/wp-content\/uploads\/2025\/07\/DJ385-The-Hilo-2-scaled.jpg","contentUrl":"https:\/\/daisyjames.eu\/wp-content\/uploads\/2025\/07\/DJ385-The-Hilo-2-scaled.jpg","width":1707,"height":2560},{"@type":"BreadcrumbList","@id":"https:\/\/daisyjames.eu\/de\/collections\/tropical-wallcovering-the-hilo-red-flowers\/#breadcrumb","itemListElement":[{"@type":"ListItem","position":1,"name":"Home","item":"https:\/\/daisyjames.eu\/de\/"},{"@type":"ListItem","position":2,"name":"Alle Wandbekleidungen","item":"https:\/\/daisyjames.eu\/de\/shop\/"},{"@type":"ListItem","position":3,"name":"The Hilo"}]},{"@type":"WebSite","@id":"https:\/\/daisyjames.eu\/#website","url":"https:\/\/daisyjames.eu\/","name":"Daisy James","description":"","publisher":{"@id":"https:\/\/daisyjames.eu\/#organization"},"potentialAction":[{"@type":"SearchAction","target":{"@type":"EntryPoint","urlTemplate":"https:\/\/daisyjames.eu\/?s={search_term_string}"},"query-input":{"@type":"PropertyValueSpecification","valueRequired":true,"valueName":"search_term_string"}}],"inLanguage":"de"},{"@type":"Organization","@id":"https:\/\/daisyjames.eu\/#organization","name":"Daisy James","url":"https:\/\/daisyjames.eu\/","logo":{"@type":"ImageObject","inLanguage":"de","@id":"https:\/\/daisyjames.eu\/#\/schema\/logo\/image\/","url":"https:\/\/daisyjames.eu\/wp-content\/uploads\/2024\/09\/LogoDJzwart-1.png","contentUrl":"https:\/\/daisyjames.eu\/wp-content\/uploads\/2024\/09\/LogoDJzwart-1.png","width":1125,"height":199,"caption":"Daisy James"},"image":{"@id":"https:\/\/daisyjames.eu\/#\/schema\/logo\/image\/"},"sameAs":["https:\/\/www.facebook.com\/Daisyjamesinteriorwallcovering\/","https:\/\/x.com\/daisyjamesinterior","https:\/\/pinterest.com\/daisyjameswallcovers\/","https:\/\/nl.linkedin.com\/company\/d-a-i-s-y-j-a-m-e-s-interior-collection"]}]}},"_links":{"self":[{"href":"https:\/\/daisyjames.eu\/de\/wp-json\/wp\/v2\/product\/24641","targetHints":{"allow":["GET"]}}],"collection":[{"href":"https:\/\/daisyjames.eu\/de\/wp-json\/wp\/v2\/product"}],"about":[{"href":"https:\/\/daisyjames.eu\/de\/wp-json\/wp\/v2\/types\/product"}],"replies":[{"embeddable":true,"href":"https:\/\/daisyjames.eu\/de\/wp-json\/wp\/v2\/comments?post=24641"}],"wp:featuredmedia":[{"embeddable":true,"href":"https:\/\/daisyjames.eu\/de\/wp-json\/wp\/v2\/media\/24664"}],"wp:attachment":[{"href":"https:\/\/daisyjames.eu\/de\/wp-json\/wp\/v2\/media?parent=24641"}],"wp:term":[{"taxonomy":"product_brand","embeddable":true,"href":"https:\/\/daisyjames.eu\/de\/wp-json\/wp\/v2\/product_brand?post=24641"},{"taxonomy":"product_cat","embeddable":true,"href":"https:\/\/daisyjames.eu\/de\/wp-json\/wp\/v2\/product_cat?post=24641"},{"taxonomy":"product_tag","embeddable":true,"href":"https:\/\/daisyjames.eu\/de\/wp-json\/wp\/v2\/product_tag?post=24641"}],"curies":[{"name":"wp","href":"https:\/\/api.w.org\/{rel}","templated":true}]}}