
{"id":27652,"date":"2024-06-07T17:54:44","date_gmt":"2024-06-07T17:54:44","guid":{"rendered":"https:\/\/staging.daisyjames.eu\/collection\/die-mischung\/"},"modified":"2025-10-24T12:09:29","modified_gmt":"2025-10-24T12:09:29","slug":"die-mischung","status":"publish","type":"product","link":"https:\/\/daisyjames.eu\/de\/collections\/die-mischung\/","title":{"rendered":"The Blend"},"content":{"rendered":"","protected":false},"excerpt":{"rendered":"<p>Dieses einzigartige Design zeichnet sich durch eine warme Basis aus Beige- und Braunt\u00f6nen aus, die durch konfettiartige Flecken in verschiedenen Farben wunderbar akzentuiert wird. Die abstrakte Komposition erzeugt einen lebendigen und dynamischen visuellen Effekt und macht <em>&#8220;The Blend&#8221;<\/em> zu einer perfekten Wahl, um jedem Raum einen Hauch von Raffinesse und Energie zu verleihen.<br \/>\n<em>&#8220;The Blend&#8221;<\/em> ist nicht nur ein eigenst\u00e4ndiges Meisterwerk, sondern l\u00e4sst sich auch nahtlos mit <em>&#8220;The View No.1&#8221;<\/em> und <em>&#8220;The View No.2&#8221;<\/em> kombinieren. Zusammen bilden sie eine koh\u00e4rente und stilvolle \u00c4sthetik, die unendliche M\u00f6glichkeiten f\u00fcr eine kreative Innenraumgestaltung bietet.<\/p>\n","protected":false},"featured_media":37140,"comment_status":"closed","ping_status":"closed","template":"","meta":{"_acf_changed":false},"product_brand":[],"product_cat":[510],"product_tag":[],"class_list":{"0":"post-27652","1":"product","2":"type-product","3":"status-publish","4":"has-post-thumbnail","6":"product_cat-expressive-statement-de","7":"pa_colour-aubergine-de","8":"pa_colour-multi-colours-de","9":"pa_colour-orange-de","10":"pa_colour-rot","11":"pa_colour-terra-de","12":"pa_theme-abstract-de","14":"first","15":"instock","16":"purchasable","17":"product-type-simple"},"acf":[],"yoast_head":"<!-- This site is optimized with the Yoast SEO Premium plugin v27.3 (Yoast SEO v27.3) - https:\/\/yoast.com\/product\/yoast-seo-premium-wordpress\/ -->\n<title>The Blend - Dynamische abstrakte Tapete | daisy james<\/title>\n<meta name=\"description\" content=\"&quot;The Blend&quot; von daisy james zeichnet sich durch einen warmen beigen und braunen Grundton aus, der mit leuchtenden konfettiartigen Flecken akzentuiert ist. Dieses abstrakte Design sorgt f\u00fcr einen lebendigen, dynamischen Effekt, der perfekt ist, um Ihrem Raum Raffinesse und Energie zu verleihen. Es l\u00e4sst sich wunderbar mit &quot;The View No.1&quot; und &quot;The View No.2&quot; kombinieren und sorgt so f\u00fcr einen stimmigen, stilvollen Look.\" \/>\n<meta name=\"robots\" content=\"index, follow, max-snippet:-1, max-image-preview:large, max-video-preview:-1\" \/>\n<link rel=\"canonical\" href=\"https:\/\/daisyjames.eu\/de\/collections\/die-mischung\/\" \/>\n<script type=\"application\/ld+json\" class=\"yoast-schema-graph\">{\"@context\":\"https:\\\/\\\/schema.org\",\"@graph\":[{\"@type\":\"WebPage\",\"@id\":\"https:\\\/\\\/daisyjames.eu\\\/de\\\/collections\\\/die-mischung\\\/\",\"url\":\"https:\\\/\\\/daisyjames.eu\\\/de\\\/collections\\\/die-mischung\\\/\",\"name\":\"The Blend - Dynamische abstrakte Tapete | daisy james\",\"isPartOf\":{\"@id\":\"https:\\\/\\\/daisyjames.eu\\\/#website\"},\"primaryImageOfPage\":{\"@id\":\"https:\\\/\\\/daisyjames.eu\\\/de\\\/collections\\\/die-mischung\\\/#primaryimage\"},\"image\":{\"@id\":\"https:\\\/\\\/daisyjames.eu\\\/de\\\/collections\\\/die-mischung\\\/#primaryimage\"},\"thumbnailUrl\":\"https:\\\/\\\/daisyjames.eu\\\/wp-content\\\/uploads\\\/2024\\\/07\\\/dj354-the-blend-2-scaled.jpg\",\"datePublished\":\"2024-06-07T17:54:44+00:00\",\"dateModified\":\"2025-10-24T12:09:29+00:00\",\"description\":\"\\\"The Blend\\\" von daisy james zeichnet sich durch einen warmen beigen und braunen Grundton aus, der mit leuchtenden konfettiartigen Flecken akzentuiert ist. Dieses abstrakte Design sorgt f\u00fcr einen lebendigen, dynamischen Effekt, der perfekt ist, um Ihrem Raum Raffinesse und Energie zu verleihen. Es l\u00e4sst sich wunderbar mit \\\"The View No.1\\\" und \\\"The View No.2\\\" kombinieren und sorgt so f\u00fcr einen stimmigen, stilvollen Look.\",\"breadcrumb\":{\"@id\":\"https:\\\/\\\/daisyjames.eu\\\/de\\\/collections\\\/die-mischung\\\/#breadcrumb\"},\"inLanguage\":\"de\",\"potentialAction\":[{\"@type\":\"ReadAction\",\"target\":[\"https:\\\/\\\/daisyjames.eu\\\/de\\\/collections\\\/die-mischung\\\/\"]}]},{\"@type\":\"ImageObject\",\"inLanguage\":\"de\",\"@id\":\"https:\\\/\\\/daisyjames.eu\\\/de\\\/collections\\\/die-mischung\\\/#primaryimage\",\"url\":\"https:\\\/\\\/daisyjames.eu\\\/wp-content\\\/uploads\\\/2024\\\/07\\\/dj354-the-blend-2-scaled.jpg\",\"contentUrl\":\"https:\\\/\\\/daisyjames.eu\\\/wp-content\\\/uploads\\\/2024\\\/07\\\/dj354-the-blend-2-scaled.jpg\",\"width\":2560,\"height\":2005},{\"@type\":\"BreadcrumbList\",\"@id\":\"https:\\\/\\\/daisyjames.eu\\\/de\\\/collections\\\/die-mischung\\\/#breadcrumb\",\"itemListElement\":[{\"@type\":\"ListItem\",\"position\":1,\"name\":\"Home\",\"item\":\"https:\\\/\\\/daisyjames.eu\\\/de\\\/\"},{\"@type\":\"ListItem\",\"position\":2,\"name\":\"Alle Wandbekleidungen\",\"item\":\"https:\\\/\\\/daisyjames.eu\\\/de\\\/shop\\\/\"},{\"@type\":\"ListItem\",\"position\":3,\"name\":\"The Blend\"}]},{\"@type\":\"WebSite\",\"@id\":\"https:\\\/\\\/daisyjames.eu\\\/#website\",\"url\":\"https:\\\/\\\/daisyjames.eu\\\/\",\"name\":\"Daisy James\",\"description\":\"\",\"publisher\":{\"@id\":\"https:\\\/\\\/daisyjames.eu\\\/#organization\"},\"potentialAction\":[{\"@type\":\"SearchAction\",\"target\":{\"@type\":\"EntryPoint\",\"urlTemplate\":\"https:\\\/\\\/daisyjames.eu\\\/?s={search_term_string}\"},\"query-input\":{\"@type\":\"PropertyValueSpecification\",\"valueRequired\":true,\"valueName\":\"search_term_string\"}}],\"inLanguage\":\"de\"},{\"@type\":\"Organization\",\"@id\":\"https:\\\/\\\/daisyjames.eu\\\/#organization\",\"name\":\"Daisy James\",\"url\":\"https:\\\/\\\/daisyjames.eu\\\/\",\"logo\":{\"@type\":\"ImageObject\",\"inLanguage\":\"de\",\"@id\":\"https:\\\/\\\/daisyjames.eu\\\/#\\\/schema\\\/logo\\\/image\\\/\",\"url\":\"https:\\\/\\\/daisyjames.eu\\\/wp-content\\\/uploads\\\/2024\\\/09\\\/LogoDJzwart-1.png\",\"contentUrl\":\"https:\\\/\\\/daisyjames.eu\\\/wp-content\\\/uploads\\\/2024\\\/09\\\/LogoDJzwart-1.png\",\"width\":1125,\"height\":199,\"caption\":\"Daisy James\"},\"image\":{\"@id\":\"https:\\\/\\\/daisyjames.eu\\\/#\\\/schema\\\/logo\\\/image\\\/\"},\"sameAs\":[\"https:\\\/\\\/www.facebook.com\\\/Daisyjamesinteriorwallcovering\\\/\",\"https:\\\/\\\/x.com\\\/daisyjamesinterior\",\"https:\\\/\\\/pinterest.com\\\/daisyjameswallcovers\\\/\",\"https:\\\/\\\/nl.linkedin.com\\\/company\\\/d-a-i-s-y-j-a-m-e-s-interior-collection\"]}]}<\/script>\n<!-- \/ Yoast SEO Premium plugin. -->","yoast_head_json":{"title":"The Blend - Dynamische abstrakte Tapete | daisy james","description":"\"The Blend\" von daisy james zeichnet sich durch einen warmen beigen und braunen Grundton aus, der mit leuchtenden konfettiartigen Flecken akzentuiert ist. Dieses abstrakte Design sorgt f\u00fcr einen lebendigen, dynamischen Effekt, der perfekt ist, um Ihrem Raum Raffinesse und Energie zu verleihen. Es l\u00e4sst sich wunderbar mit \"The View No.1\" und \"The View No.2\" kombinieren und sorgt so f\u00fcr einen stimmigen, stilvollen Look.","robots":{"index":"index","follow":"follow","max-snippet":"max-snippet:-1","max-image-preview":"max-image-preview:large","max-video-preview":"max-video-preview:-1"},"canonical":"https:\/\/daisyjames.eu\/de\/collections\/die-mischung\/","schema":{"@context":"https:\/\/schema.org","@graph":[{"@type":"WebPage","@id":"https:\/\/daisyjames.eu\/de\/collections\/die-mischung\/","url":"https:\/\/daisyjames.eu\/de\/collections\/die-mischung\/","name":"The Blend - Dynamische abstrakte Tapete | daisy james","isPartOf":{"@id":"https:\/\/daisyjames.eu\/#website"},"primaryImageOfPage":{"@id":"https:\/\/daisyjames.eu\/de\/collections\/die-mischung\/#primaryimage"},"image":{"@id":"https:\/\/daisyjames.eu\/de\/collections\/die-mischung\/#primaryimage"},"thumbnailUrl":"https:\/\/daisyjames.eu\/wp-content\/uploads\/2024\/07\/dj354-the-blend-2-scaled.jpg","datePublished":"2024-06-07T17:54:44+00:00","dateModified":"2025-10-24T12:09:29+00:00","description":"\"The Blend\" von daisy james zeichnet sich durch einen warmen beigen und braunen Grundton aus, der mit leuchtenden konfettiartigen Flecken akzentuiert ist. Dieses abstrakte Design sorgt f\u00fcr einen lebendigen, dynamischen Effekt, der perfekt ist, um Ihrem Raum Raffinesse und Energie zu verleihen. Es l\u00e4sst sich wunderbar mit \"The View No.1\" und \"The View No.2\" kombinieren und sorgt so f\u00fcr einen stimmigen, stilvollen Look.","breadcrumb":{"@id":"https:\/\/daisyjames.eu\/de\/collections\/die-mischung\/#breadcrumb"},"inLanguage":"de","potentialAction":[{"@type":"ReadAction","target":["https:\/\/daisyjames.eu\/de\/collections\/die-mischung\/"]}]},{"@type":"ImageObject","inLanguage":"de","@id":"https:\/\/daisyjames.eu\/de\/collections\/die-mischung\/#primaryimage","url":"https:\/\/daisyjames.eu\/wp-content\/uploads\/2024\/07\/dj354-the-blend-2-scaled.jpg","contentUrl":"https:\/\/daisyjames.eu\/wp-content\/uploads\/2024\/07\/dj354-the-blend-2-scaled.jpg","width":2560,"height":2005},{"@type":"BreadcrumbList","@id":"https:\/\/daisyjames.eu\/de\/collections\/die-mischung\/#breadcrumb","itemListElement":[{"@type":"ListItem","position":1,"name":"Home","item":"https:\/\/daisyjames.eu\/de\/"},{"@type":"ListItem","position":2,"name":"Alle Wandbekleidungen","item":"https:\/\/daisyjames.eu\/de\/shop\/"},{"@type":"ListItem","position":3,"name":"The Blend"}]},{"@type":"WebSite","@id":"https:\/\/daisyjames.eu\/#website","url":"https:\/\/daisyjames.eu\/","name":"Daisy James","description":"","publisher":{"@id":"https:\/\/daisyjames.eu\/#organization"},"potentialAction":[{"@type":"SearchAction","target":{"@type":"EntryPoint","urlTemplate":"https:\/\/daisyjames.eu\/?s={search_term_string}"},"query-input":{"@type":"PropertyValueSpecification","valueRequired":true,"valueName":"search_term_string"}}],"inLanguage":"de"},{"@type":"Organization","@id":"https:\/\/daisyjames.eu\/#organization","name":"Daisy James","url":"https:\/\/daisyjames.eu\/","logo":{"@type":"ImageObject","inLanguage":"de","@id":"https:\/\/daisyjames.eu\/#\/schema\/logo\/image\/","url":"https:\/\/daisyjames.eu\/wp-content\/uploads\/2024\/09\/LogoDJzwart-1.png","contentUrl":"https:\/\/daisyjames.eu\/wp-content\/uploads\/2024\/09\/LogoDJzwart-1.png","width":1125,"height":199,"caption":"Daisy James"},"image":{"@id":"https:\/\/daisyjames.eu\/#\/schema\/logo\/image\/"},"sameAs":["https:\/\/www.facebook.com\/Daisyjamesinteriorwallcovering\/","https:\/\/x.com\/daisyjamesinterior","https:\/\/pinterest.com\/daisyjameswallcovers\/","https:\/\/nl.linkedin.com\/company\/d-a-i-s-y-j-a-m-e-s-interior-collection"]}]}},"_links":{"self":[{"href":"https:\/\/daisyjames.eu\/de\/wp-json\/wp\/v2\/product\/27652","targetHints":{"allow":["GET"]}}],"collection":[{"href":"https:\/\/daisyjames.eu\/de\/wp-json\/wp\/v2\/product"}],"about":[{"href":"https:\/\/daisyjames.eu\/de\/wp-json\/wp\/v2\/types\/product"}],"replies":[{"embeddable":true,"href":"https:\/\/daisyjames.eu\/de\/wp-json\/wp\/v2\/comments?post=27652"}],"wp:featuredmedia":[{"embeddable":true,"href":"https:\/\/daisyjames.eu\/de\/wp-json\/wp\/v2\/media\/37140"}],"wp:attachment":[{"href":"https:\/\/daisyjames.eu\/de\/wp-json\/wp\/v2\/media?parent=27652"}],"wp:term":[{"taxonomy":"product_brand","embeddable":true,"href":"https:\/\/daisyjames.eu\/de\/wp-json\/wp\/v2\/product_brand?post=27652"},{"taxonomy":"product_cat","embeddable":true,"href":"https:\/\/daisyjames.eu\/de\/wp-json\/wp\/v2\/product_cat?post=27652"},{"taxonomy":"product_tag","embeddable":true,"href":"https:\/\/daisyjames.eu\/de\/wp-json\/wp\/v2\/product_tag?post=27652"}],"curies":[{"name":"wp","href":"https:\/\/api.w.org\/{rel}","templated":true}]}}