
{"id":27666,"date":"2024-06-21T09:34:17","date_gmt":"2024-06-21T09:34:17","guid":{"rendered":"https:\/\/staging.daisyjames.eu\/collection\/das-bluemchen\/"},"modified":"2025-10-24T12:04:38","modified_gmt":"2025-10-24T12:04:38","slug":"das-bluemchen","status":"publish","type":"product","link":"https:\/\/daisyjames.eu\/de\/collections\/das-bluemchen\/","title":{"rendered":"The Floret"},"content":{"rendered":"","protected":false},"excerpt":{"rendered":"<p><em>&#8220;The Floret&#8221;<\/em> ist eine stilvolle Tapete mit bunten Blumen, die jeden Raum in einen Blumengarten verwandelt. Die verspielten Blumenmotive in leuchtenden Farben bringen Fr\u00f6hlichkeit in jedes Interieur, w\u00e4hrend die filigranen Details und lebendigen Farben f\u00fcr einen dynamischen Look sorgen. Die <strong>daisy james <\/strong>Tapete<em> &#8220;The Floret&#8221;<\/em> passt perfekt zu der subtilen Eleganz von<em>&#8220;Ply Beige&#8221;<\/em>. Diese ruhige und raffinierte Farbe bietet einen sch\u00f6nen Kontrast zu den \u00fcppigen Blumen, die sich gegenseitig verst\u00e4rken und ein harmonisches Ganzes bilden. Die Kombination von <em>&#8220;The Floret&#8221;<\/em> und <em>&#8220;Ply Beige&#8221;<\/em> verleiht Ihrem Raum eine warme und einladende Atmosph\u00e4re, ideal f\u00fcr jeden Raum, der ein frisches und inspirierendes Update braucht.<br \/>\nLassen Sie Ihre Einrichtung mit der Sch\u00f6nheit von<em> &#8220;The Floret&#8221;<\/em> und dem raffinierten Charme von<em>&#8220;Ply Beige&#8221; erstrahlen.<\/em> Zusammen bilden sie eine perfekte Sinfonie aus Farbe und Stil, die jeden Raum zum Leben erweckt.<\/p>\n","protected":false},"featured_media":9829,"comment_status":"closed","ping_status":"closed","template":"","meta":{"_acf_changed":false},"product_brand":[],"product_cat":[535],"product_tag":[],"class_list":{"0":"post-27666","1":"product","2":"type-product","3":"status-publish","4":"has-post-thumbnail","6":"product_cat-modern-florals-de","7":"pa_colour-multi-colours-de","8":"pa_colour-rosa","9":"pa_colour-rot","10":"pa_theme-flowers-de","11":"pa_theme-nature-de","13":"first","14":"instock","15":"purchasable","16":"product-type-simple"},"acf":[],"yoast_head":"<!-- This site is optimized with the Yoast SEO Premium plugin v27.3 (Yoast SEO v27.3) - https:\/\/yoast.com\/product\/yoast-seo-premium-wordpress\/ -->\n<title>The Floret - Lebendige Blumentapete | daisy james<\/title>\n<meta name=\"description\" content=\"Verwandeln Sie Ihren Raum mit der Tapete &quot;The Floret&quot; von daisy james, die mit ihren lebendigen Blumen f\u00fcr Fr\u00f6hlichkeit und Eleganz sorgt. Gepaart mit den ruhigen T\u00f6nen von &quot;Ply Beige&quot; schafft diese Kombination eine warme, einladende Atmosph\u00e4re und ein harmonisches, frisches Update f\u00fcr jeden Raum.\" \/>\n<meta name=\"robots\" content=\"index, follow, max-snippet:-1, max-image-preview:large, max-video-preview:-1\" \/>\n<link rel=\"canonical\" href=\"https:\/\/daisyjames.eu\/de\/collections\/das-bluemchen\/\" \/>\n<script type=\"application\/ld+json\" class=\"yoast-schema-graph\">{\"@context\":\"https:\\\/\\\/schema.org\",\"@graph\":[{\"@type\":\"WebPage\",\"@id\":\"https:\\\/\\\/daisyjames.eu\\\/de\\\/collections\\\/das-bluemchen\\\/\",\"url\":\"https:\\\/\\\/daisyjames.eu\\\/de\\\/collections\\\/das-bluemchen\\\/\",\"name\":\"The Floret - Lebendige Blumentapete | daisy james\",\"isPartOf\":{\"@id\":\"https:\\\/\\\/daisyjames.eu\\\/#website\"},\"primaryImageOfPage\":{\"@id\":\"https:\\\/\\\/daisyjames.eu\\\/de\\\/collections\\\/das-bluemchen\\\/#primaryimage\"},\"image\":{\"@id\":\"https:\\\/\\\/daisyjames.eu\\\/de\\\/collections\\\/das-bluemchen\\\/#primaryimage\"},\"thumbnailUrl\":\"https:\\\/\\\/daisyjames.eu\\\/wp-content\\\/uploads\\\/2024\\\/07\\\/dj349-the-floret-1b-scaled.jpg\",\"datePublished\":\"2024-06-21T09:34:17+00:00\",\"dateModified\":\"2025-10-24T12:04:38+00:00\",\"description\":\"Verwandeln Sie Ihren Raum mit der Tapete \\\"The Floret\\\" von daisy james, die mit ihren lebendigen Blumen f\u00fcr Fr\u00f6hlichkeit und Eleganz sorgt. Gepaart mit den ruhigen T\u00f6nen von \\\"Ply Beige\\\" schafft diese Kombination eine warme, einladende Atmosph\u00e4re und ein harmonisches, frisches Update f\u00fcr jeden Raum.\",\"breadcrumb\":{\"@id\":\"https:\\\/\\\/daisyjames.eu\\\/de\\\/collections\\\/das-bluemchen\\\/#breadcrumb\"},\"inLanguage\":\"de\",\"potentialAction\":[{\"@type\":\"ReadAction\",\"target\":[\"https:\\\/\\\/daisyjames.eu\\\/de\\\/collections\\\/das-bluemchen\\\/\"]}]},{\"@type\":\"ImageObject\",\"inLanguage\":\"de\",\"@id\":\"https:\\\/\\\/daisyjames.eu\\\/de\\\/collections\\\/das-bluemchen\\\/#primaryimage\",\"url\":\"https:\\\/\\\/daisyjames.eu\\\/wp-content\\\/uploads\\\/2024\\\/07\\\/dj349-the-floret-1b-scaled.jpg\",\"contentUrl\":\"https:\\\/\\\/daisyjames.eu\\\/wp-content\\\/uploads\\\/2024\\\/07\\\/dj349-the-floret-1b-scaled.jpg\",\"width\":1702,\"height\":2560},{\"@type\":\"BreadcrumbList\",\"@id\":\"https:\\\/\\\/daisyjames.eu\\\/de\\\/collections\\\/das-bluemchen\\\/#breadcrumb\",\"itemListElement\":[{\"@type\":\"ListItem\",\"position\":1,\"name\":\"Home\",\"item\":\"https:\\\/\\\/daisyjames.eu\\\/de\\\/\"},{\"@type\":\"ListItem\",\"position\":2,\"name\":\"Alle Wandbekleidungen\",\"item\":\"https:\\\/\\\/daisyjames.eu\\\/de\\\/shop\\\/\"},{\"@type\":\"ListItem\",\"position\":3,\"name\":\"The Floret\"}]},{\"@type\":\"WebSite\",\"@id\":\"https:\\\/\\\/daisyjames.eu\\\/#website\",\"url\":\"https:\\\/\\\/daisyjames.eu\\\/\",\"name\":\"Daisy James\",\"description\":\"\",\"publisher\":{\"@id\":\"https:\\\/\\\/daisyjames.eu\\\/#organization\"},\"potentialAction\":[{\"@type\":\"SearchAction\",\"target\":{\"@type\":\"EntryPoint\",\"urlTemplate\":\"https:\\\/\\\/daisyjames.eu\\\/?s={search_term_string}\"},\"query-input\":{\"@type\":\"PropertyValueSpecification\",\"valueRequired\":true,\"valueName\":\"search_term_string\"}}],\"inLanguage\":\"de\"},{\"@type\":\"Organization\",\"@id\":\"https:\\\/\\\/daisyjames.eu\\\/#organization\",\"name\":\"Daisy James\",\"url\":\"https:\\\/\\\/daisyjames.eu\\\/\",\"logo\":{\"@type\":\"ImageObject\",\"inLanguage\":\"de\",\"@id\":\"https:\\\/\\\/daisyjames.eu\\\/#\\\/schema\\\/logo\\\/image\\\/\",\"url\":\"https:\\\/\\\/daisyjames.eu\\\/wp-content\\\/uploads\\\/2024\\\/09\\\/LogoDJzwart-1.png\",\"contentUrl\":\"https:\\\/\\\/daisyjames.eu\\\/wp-content\\\/uploads\\\/2024\\\/09\\\/LogoDJzwart-1.png\",\"width\":1125,\"height\":199,\"caption\":\"Daisy James\"},\"image\":{\"@id\":\"https:\\\/\\\/daisyjames.eu\\\/#\\\/schema\\\/logo\\\/image\\\/\"},\"sameAs\":[\"https:\\\/\\\/www.facebook.com\\\/Daisyjamesinteriorwallcovering\\\/\",\"https:\\\/\\\/x.com\\\/daisyjamesinterior\",\"https:\\\/\\\/pinterest.com\\\/daisyjameswallcovers\\\/\",\"https:\\\/\\\/nl.linkedin.com\\\/company\\\/d-a-i-s-y-j-a-m-e-s-interior-collection\"]}]}<\/script>\n<!-- \/ Yoast SEO Premium plugin. -->","yoast_head_json":{"title":"The Floret - Lebendige Blumentapete | daisy james","description":"Verwandeln Sie Ihren Raum mit der Tapete \"The Floret\" von daisy james, die mit ihren lebendigen Blumen f\u00fcr Fr\u00f6hlichkeit und Eleganz sorgt. Gepaart mit den ruhigen T\u00f6nen von \"Ply Beige\" schafft diese Kombination eine warme, einladende Atmosph\u00e4re und ein harmonisches, frisches Update f\u00fcr jeden Raum.","robots":{"index":"index","follow":"follow","max-snippet":"max-snippet:-1","max-image-preview":"max-image-preview:large","max-video-preview":"max-video-preview:-1"},"canonical":"https:\/\/daisyjames.eu\/de\/collections\/das-bluemchen\/","schema":{"@context":"https:\/\/schema.org","@graph":[{"@type":"WebPage","@id":"https:\/\/daisyjames.eu\/de\/collections\/das-bluemchen\/","url":"https:\/\/daisyjames.eu\/de\/collections\/das-bluemchen\/","name":"The Floret - Lebendige Blumentapete | daisy james","isPartOf":{"@id":"https:\/\/daisyjames.eu\/#website"},"primaryImageOfPage":{"@id":"https:\/\/daisyjames.eu\/de\/collections\/das-bluemchen\/#primaryimage"},"image":{"@id":"https:\/\/daisyjames.eu\/de\/collections\/das-bluemchen\/#primaryimage"},"thumbnailUrl":"https:\/\/daisyjames.eu\/wp-content\/uploads\/2024\/07\/dj349-the-floret-1b-scaled.jpg","datePublished":"2024-06-21T09:34:17+00:00","dateModified":"2025-10-24T12:04:38+00:00","description":"Verwandeln Sie Ihren Raum mit der Tapete \"The Floret\" von daisy james, die mit ihren lebendigen Blumen f\u00fcr Fr\u00f6hlichkeit und Eleganz sorgt. Gepaart mit den ruhigen T\u00f6nen von \"Ply Beige\" schafft diese Kombination eine warme, einladende Atmosph\u00e4re und ein harmonisches, frisches Update f\u00fcr jeden Raum.","breadcrumb":{"@id":"https:\/\/daisyjames.eu\/de\/collections\/das-bluemchen\/#breadcrumb"},"inLanguage":"de","potentialAction":[{"@type":"ReadAction","target":["https:\/\/daisyjames.eu\/de\/collections\/das-bluemchen\/"]}]},{"@type":"ImageObject","inLanguage":"de","@id":"https:\/\/daisyjames.eu\/de\/collections\/das-bluemchen\/#primaryimage","url":"https:\/\/daisyjames.eu\/wp-content\/uploads\/2024\/07\/dj349-the-floret-1b-scaled.jpg","contentUrl":"https:\/\/daisyjames.eu\/wp-content\/uploads\/2024\/07\/dj349-the-floret-1b-scaled.jpg","width":1702,"height":2560},{"@type":"BreadcrumbList","@id":"https:\/\/daisyjames.eu\/de\/collections\/das-bluemchen\/#breadcrumb","itemListElement":[{"@type":"ListItem","position":1,"name":"Home","item":"https:\/\/daisyjames.eu\/de\/"},{"@type":"ListItem","position":2,"name":"Alle Wandbekleidungen","item":"https:\/\/daisyjames.eu\/de\/shop\/"},{"@type":"ListItem","position":3,"name":"The Floret"}]},{"@type":"WebSite","@id":"https:\/\/daisyjames.eu\/#website","url":"https:\/\/daisyjames.eu\/","name":"Daisy James","description":"","publisher":{"@id":"https:\/\/daisyjames.eu\/#organization"},"potentialAction":[{"@type":"SearchAction","target":{"@type":"EntryPoint","urlTemplate":"https:\/\/daisyjames.eu\/?s={search_term_string}"},"query-input":{"@type":"PropertyValueSpecification","valueRequired":true,"valueName":"search_term_string"}}],"inLanguage":"de"},{"@type":"Organization","@id":"https:\/\/daisyjames.eu\/#organization","name":"Daisy James","url":"https:\/\/daisyjames.eu\/","logo":{"@type":"ImageObject","inLanguage":"de","@id":"https:\/\/daisyjames.eu\/#\/schema\/logo\/image\/","url":"https:\/\/daisyjames.eu\/wp-content\/uploads\/2024\/09\/LogoDJzwart-1.png","contentUrl":"https:\/\/daisyjames.eu\/wp-content\/uploads\/2024\/09\/LogoDJzwart-1.png","width":1125,"height":199,"caption":"Daisy James"},"image":{"@id":"https:\/\/daisyjames.eu\/#\/schema\/logo\/image\/"},"sameAs":["https:\/\/www.facebook.com\/Daisyjamesinteriorwallcovering\/","https:\/\/x.com\/daisyjamesinterior","https:\/\/pinterest.com\/daisyjameswallcovers\/","https:\/\/nl.linkedin.com\/company\/d-a-i-s-y-j-a-m-e-s-interior-collection"]}]}},"_links":{"self":[{"href":"https:\/\/daisyjames.eu\/de\/wp-json\/wp\/v2\/product\/27666","targetHints":{"allow":["GET"]}}],"collection":[{"href":"https:\/\/daisyjames.eu\/de\/wp-json\/wp\/v2\/product"}],"about":[{"href":"https:\/\/daisyjames.eu\/de\/wp-json\/wp\/v2\/types\/product"}],"replies":[{"embeddable":true,"href":"https:\/\/daisyjames.eu\/de\/wp-json\/wp\/v2\/comments?post=27666"}],"wp:featuredmedia":[{"embeddable":true,"href":"https:\/\/daisyjames.eu\/de\/wp-json\/wp\/v2\/media\/9829"}],"wp:attachment":[{"href":"https:\/\/daisyjames.eu\/de\/wp-json\/wp\/v2\/media?parent=27666"}],"wp:term":[{"taxonomy":"product_brand","embeddable":true,"href":"https:\/\/daisyjames.eu\/de\/wp-json\/wp\/v2\/product_brand?post=27666"},{"taxonomy":"product_cat","embeddable":true,"href":"https:\/\/daisyjames.eu\/de\/wp-json\/wp\/v2\/product_cat?post=27666"},{"taxonomy":"product_tag","embeddable":true,"href":"https:\/\/daisyjames.eu\/de\/wp-json\/wp\/v2\/product_tag?post=27666"}],"curies":[{"name":"wp","href":"https:\/\/api.w.org\/{rel}","templated":true}]}}