
{"id":29605,"date":"2025-09-17T13:40:07","date_gmt":"2025-09-17T13:40:07","guid":{"rendered":"https:\/\/staging.daisyjames.eu\/collection\/the-palma\/"},"modified":"2025-10-24T09:51:14","modified_gmt":"2025-10-24T09:51:14","slug":"the-palma","status":"publish","type":"product","link":"https:\/\/daisyjames.eu\/de\/collections\/the-palma\/","title":{"rendered":"The Palma"},"content":{"rendered":"<p data-start=\"3877\" data-end=\"4178\">\u201e<em>The Palma<\/em>\u201c von <strong data-start=\"3891\" data-end=\"3906\">daisy james<\/strong> verbindet tropische Eleganz mit einem modern-klassischen Touch. Das Motiv aus Palmbl\u00e4ttern und V\u00f6geln entfaltet sich auf einem warmen lachsorangefarbenen Hintergrund, der durch dezente bordeauxfarbene Details aufgewertet wird. Die Farbpalette ist stilvoll, stimmungsvoll und perfekt auf aktuelle Interior-Trends abgestimmt.<\/p>\n<p data-start=\"4180\" data-end=\"4385\">This refined design makes<em> \u201cThe Palma\u201d<\/em> highly versatile. It looks stunning in luxury living rooms or suites, while also being ideal for <strong data-start=\"4314\" data-end=\"4339\">hospitality interiors<\/strong> seeking a welcoming yet sophisticated look.<\/p>\n<p data-start=\"4387\" data-end=\"4403\"><strong data-start=\"4387\" data-end=\"4401\">Highlights<\/strong><\/p>\n<ul>\n<li data-start=\"4406\" data-end=\"4448\">Wallcover with <strong data-start=\"4421\" data-end=\"4446\">palm leaves and birds<\/strong><\/li>\n<li data-start=\"4451\" data-end=\"4508\">Warm <strong data-start=\"4456\" data-end=\"4484\">salmon-orange background<\/strong> with bordeaux accents<\/li>\n<li data-start=\"4511\" data-end=\"4563\"><strong data-start=\"4511\" data-end=\"4529\">Modern-classic<\/strong> design: stylish and atmospheric<\/li>\n<li data-start=\"4566\" data-end=\"4611\">Features the <strong data-start=\"4579\" data-end=\"4609\">trend colours of the moment<\/strong><\/li>\n<li data-start=\"4614\" data-end=\"4664\">Perfect for <strong data-start=\"4626\" data-end=\"4662\">hospitality and luxury interiors<\/strong><\/li>\n<\/ul>\n<p data-start=\"4666\" data-end=\"4871\"><strong data-start=\"4666\" data-end=\"4681\">Styling tip<\/strong><br data-start=\"4681\" data-end=\"4684\" \/>Pair <em>\u201cThe Palma\u201d<\/em> with velvet fabrics with prints, bamboo or rattan furniture, and colourful accents that echo the wallcover\u2019s tones. This creates a warm, lively, and luxurious atmosphere.<\/p>\n","protected":false},"excerpt":{"rendered":"<p><em>\u201eThe Palma\u201c <\/em>von <strong data-start=\"1394\" data-end=\"1409\">daisy james<\/strong> ist eine modern-klassische Tapete mit Palmbl\u00e4ttern und V\u00f6geln auf einem warmen lachsorangefarbenen Hintergrund, angereichert mit dezenten Bordeauxt\u00f6nen. Das Design verbindet tropische Eleganz mit modernem Flair und spiegelt die angesagtesten Farbtrends von heute wider. Perfekt f\u00fcr luxuri\u00f6se Wohnr\u00e4ume und stimmungsvolle Gastr\u00e4ume.<\/p>\n","protected":false},"featured_media":29296,"comment_status":"open","ping_status":"closed","template":"","meta":{"_acf_changed":false},"product_brand":[],"product_cat":[464],"product_tag":[],"class_list":{"0":"post-29605","1":"product","2":"type-product","3":"status-publish","4":"has-post-thumbnail","6":"product_cat-timeless-classics-de","7":"pa_colour-yellow-green-de","8":"pa_colour-ocher-de","9":"pa_colour-orange-de","10":"pa_colour-terra-de","11":"pa_theme-tropical-de","13":"first","14":"instock","15":"shipping-taxable","16":"purchasable","17":"product-type-simple"},"acf":[],"yoast_head":"<!-- This site is optimized with the Yoast SEO Premium plugin v27.3 (Yoast SEO v27.3) - https:\/\/yoast.com\/product\/yoast-seo-premium-wordpress\/ -->\n<title>The Palma \u2013 Schickes Wandcover mit Palmen &amp; V\u00f6geln | daisy james<\/title>\n<meta name=\"description\" content=\"\u201eThe Palma\u201c von daisy james ist eine modern-klassische Tapete mit Palmbl\u00e4ttern und V\u00f6geln auf lachs-orangefarbenem Hintergrund mit bordeauxfarbenen Akzenten. Stimmungsvoll, trendig und perfekt f\u00fcr die Gastronomie und elegante Innenr\u00e4ume.\" \/>\n<meta name=\"robots\" content=\"index, follow, max-snippet:-1, max-image-preview:large, max-video-preview:-1\" \/>\n<link rel=\"canonical\" href=\"https:\/\/daisyjames.eu\/de\/collections\/the-palma\/\" \/>\n<script type=\"application\/ld+json\" class=\"yoast-schema-graph\">{\"@context\":\"https:\\\/\\\/schema.org\",\"@graph\":[{\"@type\":\"WebPage\",\"@id\":\"https:\\\/\\\/daisyjames.eu\\\/de\\\/collections\\\/the-palma\\\/\",\"url\":\"https:\\\/\\\/daisyjames.eu\\\/de\\\/collections\\\/the-palma\\\/\",\"name\":\"The Palma \u2013 Schickes Wandcover mit Palmen & V\u00f6geln | daisy james\",\"isPartOf\":{\"@id\":\"https:\\\/\\\/daisyjames.eu\\\/#website\"},\"primaryImageOfPage\":{\"@id\":\"https:\\\/\\\/daisyjames.eu\\\/de\\\/collections\\\/the-palma\\\/#primaryimage\"},\"image\":{\"@id\":\"https:\\\/\\\/daisyjames.eu\\\/de\\\/collections\\\/the-palma\\\/#primaryimage\"},\"thumbnailUrl\":\"https:\\\/\\\/daisyjames.eu\\\/wp-content\\\/uploads\\\/2025\\\/09\\\/DJ387-The-Palma-3-scaled.jpg\",\"datePublished\":\"2025-09-17T13:40:07+00:00\",\"dateModified\":\"2025-10-24T09:51:14+00:00\",\"description\":\"\u201eThe Palma\u201c von daisy james ist eine modern-klassische Tapete mit Palmbl\u00e4ttern und V\u00f6geln auf lachs-orangefarbenem Hintergrund mit bordeauxfarbenen Akzenten. Stimmungsvoll, trendig und perfekt f\u00fcr die Gastronomie und elegante Innenr\u00e4ume.\",\"breadcrumb\":{\"@id\":\"https:\\\/\\\/daisyjames.eu\\\/de\\\/collections\\\/the-palma\\\/#breadcrumb\"},\"inLanguage\":\"de\",\"potentialAction\":[{\"@type\":\"ReadAction\",\"target\":[\"https:\\\/\\\/daisyjames.eu\\\/de\\\/collections\\\/the-palma\\\/\"]}]},{\"@type\":\"ImageObject\",\"inLanguage\":\"de\",\"@id\":\"https:\\\/\\\/daisyjames.eu\\\/de\\\/collections\\\/the-palma\\\/#primaryimage\",\"url\":\"https:\\\/\\\/daisyjames.eu\\\/wp-content\\\/uploads\\\/2025\\\/09\\\/DJ387-The-Palma-3-scaled.jpg\",\"contentUrl\":\"https:\\\/\\\/daisyjames.eu\\\/wp-content\\\/uploads\\\/2025\\\/09\\\/DJ387-The-Palma-3-scaled.jpg\",\"width\":1202,\"height\":2560},{\"@type\":\"BreadcrumbList\",\"@id\":\"https:\\\/\\\/daisyjames.eu\\\/de\\\/collections\\\/the-palma\\\/#breadcrumb\",\"itemListElement\":[{\"@type\":\"ListItem\",\"position\":1,\"name\":\"Home\",\"item\":\"https:\\\/\\\/daisyjames.eu\\\/de\\\/\"},{\"@type\":\"ListItem\",\"position\":2,\"name\":\"Alle Wandbekleidungen\",\"item\":\"https:\\\/\\\/daisyjames.eu\\\/de\\\/shop\\\/\"},{\"@type\":\"ListItem\",\"position\":3,\"name\":\"The Palma\"}]},{\"@type\":\"WebSite\",\"@id\":\"https:\\\/\\\/daisyjames.eu\\\/#website\",\"url\":\"https:\\\/\\\/daisyjames.eu\\\/\",\"name\":\"Daisy James\",\"description\":\"\",\"publisher\":{\"@id\":\"https:\\\/\\\/daisyjames.eu\\\/#organization\"},\"potentialAction\":[{\"@type\":\"SearchAction\",\"target\":{\"@type\":\"EntryPoint\",\"urlTemplate\":\"https:\\\/\\\/daisyjames.eu\\\/?s={search_term_string}\"},\"query-input\":{\"@type\":\"PropertyValueSpecification\",\"valueRequired\":true,\"valueName\":\"search_term_string\"}}],\"inLanguage\":\"de\"},{\"@type\":\"Organization\",\"@id\":\"https:\\\/\\\/daisyjames.eu\\\/#organization\",\"name\":\"Daisy James\",\"url\":\"https:\\\/\\\/daisyjames.eu\\\/\",\"logo\":{\"@type\":\"ImageObject\",\"inLanguage\":\"de\",\"@id\":\"https:\\\/\\\/daisyjames.eu\\\/#\\\/schema\\\/logo\\\/image\\\/\",\"url\":\"https:\\\/\\\/daisyjames.eu\\\/wp-content\\\/uploads\\\/2024\\\/09\\\/LogoDJzwart-1.png\",\"contentUrl\":\"https:\\\/\\\/daisyjames.eu\\\/wp-content\\\/uploads\\\/2024\\\/09\\\/LogoDJzwart-1.png\",\"width\":1125,\"height\":199,\"caption\":\"Daisy James\"},\"image\":{\"@id\":\"https:\\\/\\\/daisyjames.eu\\\/#\\\/schema\\\/logo\\\/image\\\/\"},\"sameAs\":[\"https:\\\/\\\/www.facebook.com\\\/Daisyjamesinteriorwallcovering\\\/\",\"https:\\\/\\\/x.com\\\/daisyjamesinterior\",\"https:\\\/\\\/pinterest.com\\\/daisyjameswallcovers\\\/\",\"https:\\\/\\\/nl.linkedin.com\\\/company\\\/d-a-i-s-y-j-a-m-e-s-interior-collection\"]}]}<\/script>\n<!-- \/ Yoast SEO Premium plugin. -->","yoast_head_json":{"title":"The Palma \u2013 Schickes Wandcover mit Palmen & V\u00f6geln | daisy james","description":"\u201eThe Palma\u201c von daisy james ist eine modern-klassische Tapete mit Palmbl\u00e4ttern und V\u00f6geln auf lachs-orangefarbenem Hintergrund mit bordeauxfarbenen Akzenten. Stimmungsvoll, trendig und perfekt f\u00fcr die Gastronomie und elegante Innenr\u00e4ume.","robots":{"index":"index","follow":"follow","max-snippet":"max-snippet:-1","max-image-preview":"max-image-preview:large","max-video-preview":"max-video-preview:-1"},"canonical":"https:\/\/daisyjames.eu\/de\/collections\/the-palma\/","schema":{"@context":"https:\/\/schema.org","@graph":[{"@type":"WebPage","@id":"https:\/\/daisyjames.eu\/de\/collections\/the-palma\/","url":"https:\/\/daisyjames.eu\/de\/collections\/the-palma\/","name":"The Palma \u2013 Schickes Wandcover mit Palmen & V\u00f6geln | daisy james","isPartOf":{"@id":"https:\/\/daisyjames.eu\/#website"},"primaryImageOfPage":{"@id":"https:\/\/daisyjames.eu\/de\/collections\/the-palma\/#primaryimage"},"image":{"@id":"https:\/\/daisyjames.eu\/de\/collections\/the-palma\/#primaryimage"},"thumbnailUrl":"https:\/\/daisyjames.eu\/wp-content\/uploads\/2025\/09\/DJ387-The-Palma-3-scaled.jpg","datePublished":"2025-09-17T13:40:07+00:00","dateModified":"2025-10-24T09:51:14+00:00","description":"\u201eThe Palma\u201c von daisy james ist eine modern-klassische Tapete mit Palmbl\u00e4ttern und V\u00f6geln auf lachs-orangefarbenem Hintergrund mit bordeauxfarbenen Akzenten. Stimmungsvoll, trendig und perfekt f\u00fcr die Gastronomie und elegante Innenr\u00e4ume.","breadcrumb":{"@id":"https:\/\/daisyjames.eu\/de\/collections\/the-palma\/#breadcrumb"},"inLanguage":"de","potentialAction":[{"@type":"ReadAction","target":["https:\/\/daisyjames.eu\/de\/collections\/the-palma\/"]}]},{"@type":"ImageObject","inLanguage":"de","@id":"https:\/\/daisyjames.eu\/de\/collections\/the-palma\/#primaryimage","url":"https:\/\/daisyjames.eu\/wp-content\/uploads\/2025\/09\/DJ387-The-Palma-3-scaled.jpg","contentUrl":"https:\/\/daisyjames.eu\/wp-content\/uploads\/2025\/09\/DJ387-The-Palma-3-scaled.jpg","width":1202,"height":2560},{"@type":"BreadcrumbList","@id":"https:\/\/daisyjames.eu\/de\/collections\/the-palma\/#breadcrumb","itemListElement":[{"@type":"ListItem","position":1,"name":"Home","item":"https:\/\/daisyjames.eu\/de\/"},{"@type":"ListItem","position":2,"name":"Alle Wandbekleidungen","item":"https:\/\/daisyjames.eu\/de\/shop\/"},{"@type":"ListItem","position":3,"name":"The Palma"}]},{"@type":"WebSite","@id":"https:\/\/daisyjames.eu\/#website","url":"https:\/\/daisyjames.eu\/","name":"Daisy James","description":"","publisher":{"@id":"https:\/\/daisyjames.eu\/#organization"},"potentialAction":[{"@type":"SearchAction","target":{"@type":"EntryPoint","urlTemplate":"https:\/\/daisyjames.eu\/?s={search_term_string}"},"query-input":{"@type":"PropertyValueSpecification","valueRequired":true,"valueName":"search_term_string"}}],"inLanguage":"de"},{"@type":"Organization","@id":"https:\/\/daisyjames.eu\/#organization","name":"Daisy James","url":"https:\/\/daisyjames.eu\/","logo":{"@type":"ImageObject","inLanguage":"de","@id":"https:\/\/daisyjames.eu\/#\/schema\/logo\/image\/","url":"https:\/\/daisyjames.eu\/wp-content\/uploads\/2024\/09\/LogoDJzwart-1.png","contentUrl":"https:\/\/daisyjames.eu\/wp-content\/uploads\/2024\/09\/LogoDJzwart-1.png","width":1125,"height":199,"caption":"Daisy James"},"image":{"@id":"https:\/\/daisyjames.eu\/#\/schema\/logo\/image\/"},"sameAs":["https:\/\/www.facebook.com\/Daisyjamesinteriorwallcovering\/","https:\/\/x.com\/daisyjamesinterior","https:\/\/pinterest.com\/daisyjameswallcovers\/","https:\/\/nl.linkedin.com\/company\/d-a-i-s-y-j-a-m-e-s-interior-collection"]}]}},"_links":{"self":[{"href":"https:\/\/daisyjames.eu\/de\/wp-json\/wp\/v2\/product\/29605","targetHints":{"allow":["GET"]}}],"collection":[{"href":"https:\/\/daisyjames.eu\/de\/wp-json\/wp\/v2\/product"}],"about":[{"href":"https:\/\/daisyjames.eu\/de\/wp-json\/wp\/v2\/types\/product"}],"replies":[{"embeddable":true,"href":"https:\/\/daisyjames.eu\/de\/wp-json\/wp\/v2\/comments?post=29605"}],"wp:featuredmedia":[{"embeddable":true,"href":"https:\/\/daisyjames.eu\/de\/wp-json\/wp\/v2\/media\/29296"}],"wp:attachment":[{"href":"https:\/\/daisyjames.eu\/de\/wp-json\/wp\/v2\/media?parent=29605"}],"wp:term":[{"taxonomy":"product_brand","embeddable":true,"href":"https:\/\/daisyjames.eu\/de\/wp-json\/wp\/v2\/product_brand?post=29605"},{"taxonomy":"product_cat","embeddable":true,"href":"https:\/\/daisyjames.eu\/de\/wp-json\/wp\/v2\/product_cat?post=29605"},{"taxonomy":"product_tag","embeddable":true,"href":"https:\/\/daisyjames.eu\/de\/wp-json\/wp\/v2\/product_tag?post=29605"}],"curies":[{"name":"wp","href":"https:\/\/api.w.org\/{rel}","templated":true}]}}