
{"id":33993,"date":"2025-07-16T11:28:22","date_gmt":"2025-07-16T11:28:22","guid":{"rendered":"https:\/\/staging.daisyjames.eu\/politica-de-envios\/"},"modified":"2026-01-19T09:29:51","modified_gmt":"2026-01-19T09:29:51","slug":"politica-de-envios","status":"publish","type":"page","link":"https:\/\/daisyjames.eu\/es\/politica-de-envios\/","title":{"rendered":"Pol\u00edtica de env\u00edos"},"content":{"rendered":"\n<div class=\"wp-block-group has-global-padding is-layout-constrained wp-container-core-group-is-layout-be04af43 wp-block-group-is-layout-constrained\" style=\"margin-top:0;margin-bottom:0\">\n<div style=\"height:var(--wp--preset--spacing--xxxxxl)\" aria-hidden=\"true\" class=\"wp-block-spacer\"><\/div>\n\n\n\n<h1 data-aos-duration=\"1000\" data-aos=\"fade\" class=\"wp-block-heading has-text-align-center\" id=\"h-politica-de-envios\" style=\"margin-top:0;margin-bottom:0\">Pol\u00edtica de env\u00edos<\/h1>\n\n\n\n<div style=\"margin-top:0;margin-bottom:0;height:var(--wp--preset--spacing--xxxxxxxl)\" aria-hidden=\"true\" class=\"wp-block-spacer\"><\/div>\n\n\n \n\t\t\t<div data-aos-duration=\"1500\" data-aos=\"width-full-rtl\" \n\t\t\t\tclass=\"wordpress-container !px-0 origin-left w-full m-0 py-[0px] box-border sm:box-border\"\n\t\t\t>\n\t\t\t\t<div\n\t\t\t\t\tclass=\"w-full h-[1px] bg-[#0d181c]\"\n\t\t\t\t><\/div>\n\t\t\t<\/div>\n\t\t<\/div>\n\n\n\n<div class=\"wp-block-group has-global-padding is-layout-constrained wp-container-core-group-is-layout-e54397f0 wp-block-group-is-layout-constrained\" style=\"padding-top:var(--wp--preset--spacing--xxxxxxxl);padding-right:0;padding-bottom:var(--wp--preset--spacing--xxxxxxxl);padding-left:0\">\n<p data-aos-duration=\"1000\" data-aos=\"fade\" class=\"has-primary-color has-text-color has-link-color wp-elements-2a80b3f4ff25f970cff080870b14de6f\">Pol\u00edtica de env\u00edos | <strong>daisy james <\/strong>Revestimientos murales exclusivos<\/p>\n\n\n\n<p data-aos-duration=\"1000\" data-aos=\"fade\" class=\"has-primary-color has-text-color has-link-color wp-elements-8ba12cc86cd8bbedf54fb6afce5d5aae\">Bienvenido al sitio web oficial de <strong>daisy james<\/strong>, tu especialista en revestimientos murales de lujo exclusivos y decoraci\u00f3n de paredes a medida. La informaci\u00f3n de este sitio web ha sido recopilada con el mayor cuidado posible. Sin embargo, al acceder y utilizar este sitio, aceptas los t\u00e9rminos de esta cl\u00e1usula de exenci\u00f3n de responsabilidad. Esta p\u00e1gina describe las limitaciones de responsabilidad, los derechos de propiedad intelectual y otras condiciones importantes relativas al uso de nuestro sitio web y su contenido. L\u00e9ela atentamente antes de seguir navegando. Si tienes alguna pregunta, no dudes en ponerte en contacto con nosotros en <a href=\"mailto:info@daisyjames.nl\">info@daisyjames.nl.<\/a>     <\/p>\n<\/div>\n\n\n\n<div class=\"wp-block-group has-global-padding is-layout-constrained wp-container-core-group-is-layout-6b6a4723 wp-block-group-is-layout-constrained\" style=\"margin-top:0;margin-bottom:0;padding-bottom:0\"> \n\t\t\t<div data-aos-duration=\"1500\" data-aos=\"width-full-rtl\" \n\t\t\t\tclass=\"wordpress-container !px-0 origin-left w-full m-0 py-[0px] box-border sm:box-border\"\n\t\t\t>\n\t\t\t\t<div\n\t\t\t\t\tclass=\"w-full h-[1px] bg-[#0d181c]\"\n\t\t\t\t><\/div>\n\t\t\t<\/div>\n\t\t\n\n\n<h2 data-aos-duration=\"1000\" data-aos=\"fade\" class=\"wp-block-heading alignfull has-text-align-center has-xxxxxl-font-size\" id=\"h-politica-de-envios-0\" style=\"margin-top:0;margin-bottom:0;padding-top:var(--wp--preset--spacing--xxxxxxxl);padding-bottom:var(--wp--preset--spacing--xxxxxxxl);line-height:1;text-transform:uppercase\">Pol\u00edtica de env\u00edos<\/h2>\n<\/div>\n\n\n\n<div class=\"wp-block-group has-global-padding is-layout-constrained wp-container-core-group-is-layout-639b5052 wp-block-group-is-layout-constrained\" style=\"padding-top:0;padding-right:0;padding-bottom:0;padding-left:0\">\n<p> <strong>Destinos de env\u00edo<\/strong><br>Realizamos env\u00edos a todo el mundo. Los destinos habituales son Holanda, B\u00e9lgica, Alemania, Francia y otros pa\u00edses de la UE. Los env\u00edos internacionales fuera de la UE est\u00e1n disponibles previa solicitud.  <\/p>\n\n\n\n<p><strong>Plazos<\/strong> de <strong>entrega<\/strong><br>El plazo medio de entrega es de 10 a 15 d\u00edas laborables, a partir del momento en que se confirma tu pedido y se aprueba el dise\u00f1o. Como cada pieza se fabrica a medida, los plazos de entrega pueden variar en funci\u00f3n del proyecto. Te mantendremos informado durante todo el proceso.  <\/p>\n\n\n\n<p> <strong>Gastos de env\u00edo<\/strong><\/p>\n\n\n\n<ul class=\"wp-block-list\">\n<li><strong>Pa\u00edses Bajos y B\u00e9lgica: <\/strong>Tarifa indicativa de 35 euros por pedido : Atenci\u00f3n: todas las tarifas de env\u00edo son indicativas. Los gastos de env\u00edo finales pueden variar en funci\u00f3n del tama\u00f1o del pedido, el material, el m\u00e9todo de embalaje y el destino. Los gastos de env\u00edo finales se confirmar\u00e1n en tu presupuesto personal.<\/li>\n\n\n\n<li><strong>Otros pa\u00edses de la UE<\/strong>: los costes var\u00edan seg\u00fan la ubicaci\u00f3n y el tama\u00f1o (se indican durante la oferta)<\/li>\n\n\n\n<li><strong>Internacional (no UE):<\/strong> disponible previa solicitud<\/li>\n<\/ul>\n\n\n\n<p>Los gastos de env\u00edo se comunicar\u00e1n claramente durante el proceso de presupuesto o pedido.<\/p>\n\n\n\n<p> <strong>Producci\u00f3n y manipulaci\u00f3n<\/strong><br>Todos los revestimientos murales se fabrican por encargo. Una vez aprobado el dise\u00f1o y recibido el pago, comenzamos la producci\u00f3n. Los detalles del env\u00edo se comunicar\u00e1n en cuanto el paquete est\u00e9 listo para su env\u00edo.  <\/p>\n\n\n\n<p>Nota: todos los gastos de env\u00edo son orientativos. Los gastos de env\u00edo finales pueden variar en funci\u00f3n del tama\u00f1o del pedido, el material, el m\u00e9todo de embalaje y el destino. Los gastos de env\u00edo finales se confirmar\u00e1n en tu presupuesto personal.  <\/p>\n\n\n\n<p><strong>\u00bfPreguntas?<\/strong><br>Si tienes alguna pregunta sobre los plazos de entrega, las opciones de env\u00edo o la entrega urgente, no dudes en ponerte en contacto con nosotros a trav\u00e9s de nuestro <a href=\"mailto:info@daisyjames.nl\">info@daisyjames.nl <\/a> Estaremos encantados de ayudarte.<\/p>\n<\/div>\n\n\n\n<div class=\"wp-block-group has-global-padding is-layout-constrained wp-block-group-is-layout-constrained\" style=\"margin-top:0;margin-bottom:0;padding-top:var(--wp--preset--spacing--xxxxxxxl);padding-bottom:var(--wp--preset--spacing--xxxxxxxl)\"> \n\t\t\t<div data-aos-duration=\"1500\" data-aos=\"width-full-rtl\" \n\t\t\t\tclass=\"wordpress-container !px-0 origin-left w-full m-0 py-[0px] box-border sm:box-border\"\n\t\t\t>\n\t\t\t\t<div\n\t\t\t\t\tclass=\"w-full h-[1px] bg-[#0d181c]\"\n\t\t\t\t><\/div>\n\t\t\t<\/div>\n\t\t<\/div>\n\n\n\n<h1 class=\"wp-block-heading has-text-align-center\" id=\"h-el-camino-hacia-un-interior-bello-comienza-con-el-cuidado-con-el-que-llega\">El camino hacia un interior bello comienza con el cuidado con el que llega.<\/h1>\n\n\n\n<div style=\"height:var(--wp--preset--spacing--xxxxxxxl)\" aria-hidden=\"true\" class=\"wp-block-spacer\"><\/div>\n\n\n \n\t\t\t<div data-aos-duration=\"1500\" data-aos=\"width-full-rtl\" \n\t\t\t\tclass=\"wordpress-container !px-0 origin-left w-full m-0 py-[0px] box-border sm:box-border\"\n\t\t\t>\n\t\t\t\t<div\n\t\t\t\t\tclass=\"w-full h-[1px] bg-[#0d181c]\"\n\t\t\t\t><\/div>\n\t\t\t<\/div>\n\t\t\n\n\n<div style=\"height:157px\" aria-hidden=\"true\" class=\"wp-block-spacer\"><\/div>\n\n\n\n<p><\/p>\n","protected":false},"excerpt":{"rendered":"<p>Pol\u00edtica de env\u00edos Pol\u00edtica de env\u00edos | daisy james Revestimientos murales exclusivos Bienvenido al sitio web oficial de daisy james, tu especialista en revestimientos murales de lujo exclusivos y decoraci\u00f3n de paredes a medida. La informaci\u00f3n de este sitio web ha sido recopilada con el mayor cuidado posible. Sin embargo, al acceder y utilizar este [&hellip;]<\/p>\n","protected":false},"author":5,"featured_media":30391,"parent":0,"menu_order":2,"comment_status":"closed","ping_status":"closed","template":"","meta":{"_acf_changed":false,"footnotes":""},"class_list":["post-33993","page","type-page","status-publish","has-post-thumbnail","hentry"],"acf":[],"yoast_head":"<!-- This site is optimized with the Yoast SEO Premium plugin v27.3 (Yoast SEO v27.3) - https:\/\/yoast.com\/product\/yoast-seo-premium-wordpress\/ -->\n<title>Pol\u00edtica de env\u00edos | Revestimientos murales de lujo a medida - daisy james<\/title>\n<meta name=\"description\" content=\"Descubre la pol\u00edtica de env\u00edos de daisy james. Informaci\u00f3n sobre plazos de entrega, gastos de env\u00edo y opciones internacionales para nuestros revestimientos murales de lujo a medida.\" \/>\n<meta name=\"robots\" content=\"index, follow, max-snippet:-1, max-image-preview:large, max-video-preview:-1\" \/>\n<link rel=\"canonical\" href=\"https:\/\/daisyjames.eu\/es\/politica-de-envios\/\" \/>\n<script type=\"application\/ld+json\" class=\"yoast-schema-graph\">{\"@context\":\"https:\\\/\\\/schema.org\",\"@graph\":[{\"@type\":\"WebPage\",\"@id\":\"https:\\\/\\\/daisyjames.eu\\\/es\\\/politica-de-envios\\\/\",\"url\":\"https:\\\/\\\/daisyjames.eu\\\/es\\\/politica-de-envios\\\/\",\"name\":\"Pol\u00edtica de env\u00edos | Revestimientos murales de lujo a medida - daisy james\",\"isPartOf\":{\"@id\":\"https:\\\/\\\/daisyjames.eu\\\/#website\"},\"primaryImageOfPage\":{\"@id\":\"https:\\\/\\\/daisyjames.eu\\\/es\\\/politica-de-envios\\\/#primaryimage\"},\"image\":{\"@id\":\"https:\\\/\\\/daisyjames.eu\\\/es\\\/politica-de-envios\\\/#primaryimage\"},\"thumbnailUrl\":\"https:\\\/\\\/daisyjames.eu\\\/wp-content\\\/uploads\\\/2025\\\/09\\\/DJ_instagram_post_vierkant_salmon_3.jpg\",\"datePublished\":\"2025-07-16T11:28:22+00:00\",\"dateModified\":\"2026-01-19T09:29:51+00:00\",\"description\":\"Descubre la pol\u00edtica de env\u00edos de daisy james. Informaci\u00f3n sobre plazos de entrega, gastos de env\u00edo y opciones internacionales para nuestros revestimientos murales de lujo a medida.\",\"breadcrumb\":{\"@id\":\"https:\\\/\\\/daisyjames.eu\\\/es\\\/politica-de-envios\\\/#breadcrumb\"},\"inLanguage\":\"es\",\"potentialAction\":[{\"@type\":\"ReadAction\",\"target\":[\"https:\\\/\\\/daisyjames.eu\\\/es\\\/politica-de-envios\\\/\"]}]},{\"@type\":\"ImageObject\",\"inLanguage\":\"es\",\"@id\":\"https:\\\/\\\/daisyjames.eu\\\/es\\\/politica-de-envios\\\/#primaryimage\",\"url\":\"https:\\\/\\\/daisyjames.eu\\\/wp-content\\\/uploads\\\/2025\\\/09\\\/DJ_instagram_post_vierkant_salmon_3.jpg\",\"contentUrl\":\"https:\\\/\\\/daisyjames.eu\\\/wp-content\\\/uploads\\\/2025\\\/09\\\/DJ_instagram_post_vierkant_salmon_3.jpg\",\"width\":1080,\"height\":1080},{\"@type\":\"BreadcrumbList\",\"@id\":\"https:\\\/\\\/daisyjames.eu\\\/es\\\/politica-de-envios\\\/#breadcrumb\",\"itemListElement\":[{\"@type\":\"ListItem\",\"position\":1,\"name\":\"Home\",\"item\":\"https:\\\/\\\/daisyjames.eu\\\/es\\\/\"},{\"@type\":\"ListItem\",\"position\":2,\"name\":\"Pol\u00edtica de env\u00edos\"}]},{\"@type\":\"WebSite\",\"@id\":\"https:\\\/\\\/daisyjames.eu\\\/#website\",\"url\":\"https:\\\/\\\/daisyjames.eu\\\/\",\"name\":\"Daisy James\",\"description\":\"\",\"publisher\":{\"@id\":\"https:\\\/\\\/daisyjames.eu\\\/#organization\"},\"potentialAction\":[{\"@type\":\"SearchAction\",\"target\":{\"@type\":\"EntryPoint\",\"urlTemplate\":\"https:\\\/\\\/daisyjames.eu\\\/?s={search_term_string}\"},\"query-input\":{\"@type\":\"PropertyValueSpecification\",\"valueRequired\":true,\"valueName\":\"search_term_string\"}}],\"inLanguage\":\"es\"},{\"@type\":\"Organization\",\"@id\":\"https:\\\/\\\/daisyjames.eu\\\/#organization\",\"name\":\"Daisy James\",\"url\":\"https:\\\/\\\/daisyjames.eu\\\/\",\"logo\":{\"@type\":\"ImageObject\",\"inLanguage\":\"es\",\"@id\":\"https:\\\/\\\/daisyjames.eu\\\/#\\\/schema\\\/logo\\\/image\\\/\",\"url\":\"https:\\\/\\\/daisyjames.eu\\\/wp-content\\\/uploads\\\/2024\\\/09\\\/LogoDJzwart-1.png\",\"contentUrl\":\"https:\\\/\\\/daisyjames.eu\\\/wp-content\\\/uploads\\\/2024\\\/09\\\/LogoDJzwart-1.png\",\"width\":1125,\"height\":199,\"caption\":\"Daisy James\"},\"image\":{\"@id\":\"https:\\\/\\\/daisyjames.eu\\\/#\\\/schema\\\/logo\\\/image\\\/\"},\"sameAs\":[\"https:\\\/\\\/www.facebook.com\\\/Daisyjamesinteriorwallcovering\\\/\",\"https:\\\/\\\/x.com\\\/daisyjamesinterior\",\"https:\\\/\\\/pinterest.com\\\/daisyjameswallcovers\\\/\",\"https:\\\/\\\/nl.linkedin.com\\\/company\\\/d-a-i-s-y-j-a-m-e-s-interior-collection\"]}]}<\/script>\n<!-- \/ Yoast SEO Premium plugin. -->","yoast_head_json":{"title":"Pol\u00edtica de env\u00edos | Revestimientos murales de lujo a medida - daisy james","description":"Descubre la pol\u00edtica de env\u00edos de daisy james. Informaci\u00f3n sobre plazos de entrega, gastos de env\u00edo y opciones internacionales para nuestros revestimientos murales de lujo a medida.","robots":{"index":"index","follow":"follow","max-snippet":"max-snippet:-1","max-image-preview":"max-image-preview:large","max-video-preview":"max-video-preview:-1"},"canonical":"https:\/\/daisyjames.eu\/es\/politica-de-envios\/","schema":{"@context":"https:\/\/schema.org","@graph":[{"@type":"WebPage","@id":"https:\/\/daisyjames.eu\/es\/politica-de-envios\/","url":"https:\/\/daisyjames.eu\/es\/politica-de-envios\/","name":"Pol\u00edtica de env\u00edos | Revestimientos murales de lujo a medida - daisy james","isPartOf":{"@id":"https:\/\/daisyjames.eu\/#website"},"primaryImageOfPage":{"@id":"https:\/\/daisyjames.eu\/es\/politica-de-envios\/#primaryimage"},"image":{"@id":"https:\/\/daisyjames.eu\/es\/politica-de-envios\/#primaryimage"},"thumbnailUrl":"https:\/\/daisyjames.eu\/wp-content\/uploads\/2025\/09\/DJ_instagram_post_vierkant_salmon_3.jpg","datePublished":"2025-07-16T11:28:22+00:00","dateModified":"2026-01-19T09:29:51+00:00","description":"Descubre la pol\u00edtica de env\u00edos de daisy james. Informaci\u00f3n sobre plazos de entrega, gastos de env\u00edo y opciones internacionales para nuestros revestimientos murales de lujo a medida.","breadcrumb":{"@id":"https:\/\/daisyjames.eu\/es\/politica-de-envios\/#breadcrumb"},"inLanguage":"es","potentialAction":[{"@type":"ReadAction","target":["https:\/\/daisyjames.eu\/es\/politica-de-envios\/"]}]},{"@type":"ImageObject","inLanguage":"es","@id":"https:\/\/daisyjames.eu\/es\/politica-de-envios\/#primaryimage","url":"https:\/\/daisyjames.eu\/wp-content\/uploads\/2025\/09\/DJ_instagram_post_vierkant_salmon_3.jpg","contentUrl":"https:\/\/daisyjames.eu\/wp-content\/uploads\/2025\/09\/DJ_instagram_post_vierkant_salmon_3.jpg","width":1080,"height":1080},{"@type":"BreadcrumbList","@id":"https:\/\/daisyjames.eu\/es\/politica-de-envios\/#breadcrumb","itemListElement":[{"@type":"ListItem","position":1,"name":"Home","item":"https:\/\/daisyjames.eu\/es\/"},{"@type":"ListItem","position":2,"name":"Pol\u00edtica de env\u00edos"}]},{"@type":"WebSite","@id":"https:\/\/daisyjames.eu\/#website","url":"https:\/\/daisyjames.eu\/","name":"Daisy James","description":"","publisher":{"@id":"https:\/\/daisyjames.eu\/#organization"},"potentialAction":[{"@type":"SearchAction","target":{"@type":"EntryPoint","urlTemplate":"https:\/\/daisyjames.eu\/?s={search_term_string}"},"query-input":{"@type":"PropertyValueSpecification","valueRequired":true,"valueName":"search_term_string"}}],"inLanguage":"es"},{"@type":"Organization","@id":"https:\/\/daisyjames.eu\/#organization","name":"Daisy James","url":"https:\/\/daisyjames.eu\/","logo":{"@type":"ImageObject","inLanguage":"es","@id":"https:\/\/daisyjames.eu\/#\/schema\/logo\/image\/","url":"https:\/\/daisyjames.eu\/wp-content\/uploads\/2024\/09\/LogoDJzwart-1.png","contentUrl":"https:\/\/daisyjames.eu\/wp-content\/uploads\/2024\/09\/LogoDJzwart-1.png","width":1125,"height":199,"caption":"Daisy James"},"image":{"@id":"https:\/\/daisyjames.eu\/#\/schema\/logo\/image\/"},"sameAs":["https:\/\/www.facebook.com\/Daisyjamesinteriorwallcovering\/","https:\/\/x.com\/daisyjamesinterior","https:\/\/pinterest.com\/daisyjameswallcovers\/","https:\/\/nl.linkedin.com\/company\/d-a-i-s-y-j-a-m-e-s-interior-collection"]}]}},"_links":{"self":[{"href":"https:\/\/daisyjames.eu\/es\/wp-json\/wp\/v2\/pages\/33993","targetHints":{"allow":["GET"]}}],"collection":[{"href":"https:\/\/daisyjames.eu\/es\/wp-json\/wp\/v2\/pages"}],"about":[{"href":"https:\/\/daisyjames.eu\/es\/wp-json\/wp\/v2\/types\/page"}],"author":[{"embeddable":true,"href":"https:\/\/daisyjames.eu\/es\/wp-json\/wp\/v2\/users\/5"}],"replies":[{"embeddable":true,"href":"https:\/\/daisyjames.eu\/es\/wp-json\/wp\/v2\/comments?post=33993"}],"version-history":[{"count":2,"href":"https:\/\/daisyjames.eu\/es\/wp-json\/wp\/v2\/pages\/33993\/revisions"}],"predecessor-version":[{"id":34001,"href":"https:\/\/daisyjames.eu\/es\/wp-json\/wp\/v2\/pages\/33993\/revisions\/34001"}],"wp:featuredmedia":[{"embeddable":true,"href":"https:\/\/daisyjames.eu\/es\/wp-json\/wp\/v2\/media\/30391"}],"wp:attachment":[{"href":"https:\/\/daisyjames.eu\/es\/wp-json\/wp\/v2\/media?parent=33993"}],"curies":[{"name":"wp","href":"https:\/\/api.w.org\/{rel}","templated":true}]}}