
{"id":34065,"date":"2024-05-30T07:54:32","date_gmt":"2024-05-30T07:54:32","guid":{"rendered":"https:\/\/staging.daisyjames.eu\/colecciones\/"},"modified":"2026-01-27T09:32:49","modified_gmt":"2026-01-27T09:32:49","slug":"colecciones","status":"publish","type":"page","link":"https:\/\/daisyjames.eu\/es\/colecciones\/","title":{"rendered":"Colecciones"},"content":{"rendered":"\n<div class=\"wp-block-group has-global-padding is-layout-constrained wp-block-group-is-layout-constrained\">\n<div style=\"height:var(--wp--preset--spacing--xxxxxl)\" aria-hidden=\"true\" class=\"wp-block-spacer\"><\/div>\n\n\n\n<h1 data-aos-duration=\"1000\" data-aos=\"fade\" class=\"wp-block-heading has-text-align-center\" id=\"h-colecciones\" style=\"margin-top:0;margin-bottom:0\">Colecciones<\/h1>\n\n\n\n<div style=\"margin-top:0;margin-bottom:0;height:var(--wp--preset--spacing--xxxxxxxl)\" aria-hidden=\"true\" class=\"wp-block-spacer\"><\/div>\n\n\n \n\t\t\t<div data-aos-duration=\"1500\" data-aos=\"width-full-rtl\" \n\t\t\t\tclass=\"wordpress-container !px-0 origin-left w-full m-0 py-[0px] box-border sm:box-border\"\n\t\t\t>\n\t\t\t\t<div\n\t\t\t\t\tclass=\"w-full h-[1px] bg-[#0d181c]\"\n\t\t\t\t><\/div>\n\t\t\t<\/div>\n\t\t<\/div>\n\n\n\n<div class=\"wp-block-group has-global-padding is-layout-constrained wp-block-group-is-layout-constrained\" style=\"margin-top:0;margin-bottom:0;padding-top:var(--wp--preset--spacing--xxxxxxxl);padding-bottom:var(--wp--preset--spacing--xxxxxxxl)\">\n<p data-aos-duration=\"1000\" data-aos=\"fade\"><strong>ENCUENTRA F\u00c1CILMENTE TU ESTILO<\/strong><\/p>\n\n\n\n<p data-aos-duration=\"1000\" data-aos=\"fade\">Descubre las exclusivas colecciones de revestimientos murales de <strong>daisy james<\/strong>. Con m\u00e1s de 300 revestimientos murales de lujo \u00fanicos, hemos dividido nuestros dise\u00f1os en 6 colecciones cuidadosamente seleccionadas que van de lo cl\u00e1sico y lujoso a lo moderno y sereno. D\u00e9jate inspirar por patrones refinados y dise\u00f1os exclusivos en los que confluyen el arte, la naturaleza y la est\u00e9tica interior contempor\u00e1nea. Tanto si quieres crear una pared impactante como a\u00f1adir un acento sutil a tu interior, nuestras colecciones ofrecen la soluci\u00f3n perfecta para cada espacio y estilo. Explora c\u00f3mo los revestimientos murales <strong>daisy james<\/strong> pueden transformar tu interior en un entorno exclusivo y con car\u00e1cter.    <\/p>\n\n\n\n<p data-aos-duration=\"1000\" data-aos=\"fade\"><strong>Haz clic a continuaci\u00f3n y d\u00e9jate inspirar por el mundo de los revestimientos murales de lujo.<\/strong><\/p>\n<\/div>\n\n\n\n<div class=\"wp-block-group has-global-padding is-layout-constrained wp-block-group-is-layout-constrained\" style=\"margin-top:0;margin-bottom:0\">\n<div class=\"wp-block-columns is-layout-flex wp-container-core-columns-is-layout-28f84493 wp-block-columns-is-layout-flex\">\n<div data-aos=\"fade-up\" class=\"wp-block-column is-layout-flow wp-block-column-is-layout-flow\"><div style=\"aspect-ratio:3\/4;min-height:unset;\" class=\"wp-block-cover is-light is-style-scale-on-hover has-aspect-ratio b-stretched-link\"><a href=\"https:\/\/daisyjames.eu\/es\/collection-details\/serenidad\/\" class=\"block-link\"><\/a>\n<img decoding=\"async\" class=\"wp-block-cover__image-background wp-image-26077 size-large\" alt=\"\" src=\"https:\/\/daisyjames.eu\/wp-content\/uploads\/2025\/08\/SERENETY-2-1-769x1024.jpg\" data-object-fit=\"cover\"\/><span aria-hidden=\"true\" class=\"wp-block-cover__background has-background-dim-0 has-background-dim\" style=\"background-color:#d5cfca\"><\/span><div class=\"wp-block-cover__inner-container has-global-padding is-layout-constrained wp-block-cover-is-layout-constrained\">\n<p class=\"has-text-align-center has-large-font-size\"><\/p>\n<\/div><\/div>\n<\/div>\n\n\n\n<div data-aos=\"fade-up\" class=\"wp-block-column is-layout-flow wp-block-column-is-layout-flow\"><div style=\"aspect-ratio:3\/4;min-height:unset;\" class=\"wp-block-cover is-style-scale-on-hover has-aspect-ratio b-stretched-link\"><a href=\"https:\/\/daisyjames.eu\/es\/collection-details\/audaz\/\" class=\"block-link\"><\/a>\n<img loading=\"lazy\" decoding=\"async\" width=\"769\" height=\"1024\" class=\"wp-block-cover__image-background wp-image-26081 size-large\" alt=\"\" src=\"https:\/\/daisyjames.eu\/wp-content\/uploads\/2025\/08\/AUDACIOUS-2-1-769x1024.jpg\" data-object-fit=\"cover\" srcset=\"https:\/\/daisyjames.eu\/wp-content\/uploads\/2025\/08\/AUDACIOUS-2-1-769x1024.jpg 769w, https:\/\/daisyjames.eu\/wp-content\/uploads\/2025\/08\/AUDACIOUS-2-1-225x300.jpg 225w, https:\/\/daisyjames.eu\/wp-content\/uploads\/2025\/08\/AUDACIOUS-2-1-768x1023.jpg 768w, https:\/\/daisyjames.eu\/wp-content\/uploads\/2025\/08\/AUDACIOUS-2-1-1153x1536.jpg 1153w, https:\/\/daisyjames.eu\/wp-content\/uploads\/2025\/08\/AUDACIOUS-2-1-1200x1598.jpg 1200w, https:\/\/daisyjames.eu\/wp-content\/uploads\/2025\/08\/AUDACIOUS-2-1-600x799.jpg 600w, https:\/\/daisyjames.eu\/wp-content\/uploads\/2025\/08\/AUDACIOUS-2-1.jpg 1455w\" sizes=\"auto, (max-width: 769px) 100vw, 769px\" \/><span aria-hidden=\"true\" class=\"wp-block-cover__background has-background-dim-0 has-background-dim\" style=\"background-color:#505e5c\"><\/span><div class=\"wp-block-cover__inner-container has-global-padding is-layout-constrained wp-block-cover-is-layout-constrained\">\n<p class=\"has-text-align-center has-large-font-size\"><\/p>\n<\/div><\/div>\n<\/div>\n\n\n\n<div data-aos=\"fade-up\" class=\"wp-block-column is-layout-flow wp-block-column-is-layout-flow\"><div style=\"aspect-ratio:3\/4;min-height:unset;\" class=\"wp-block-cover is-style-scale-on-hover has-aspect-ratio b-stretched-link\"><a href=\"https:\/\/daisyjames.eu\/es\/collection-details\/allure\/\" class=\"block-link\"><\/a>\n<img loading=\"lazy\" decoding=\"async\" width=\"769\" height=\"1024\" class=\"wp-block-cover__image-background wp-image-26104 size-large\" alt=\"\" src=\"https:\/\/daisyjames.eu\/wp-content\/uploads\/2025\/08\/ALLURE-2-a-769x1024.jpg\" data-object-fit=\"cover\" srcset=\"https:\/\/daisyjames.eu\/wp-content\/uploads\/2025\/08\/ALLURE-2-a-769x1024.jpg 769w, https:\/\/daisyjames.eu\/wp-content\/uploads\/2025\/08\/ALLURE-2-a-225x300.jpg 225w, https:\/\/daisyjames.eu\/wp-content\/uploads\/2025\/08\/ALLURE-2-a-768x1023.jpg 768w, https:\/\/daisyjames.eu\/wp-content\/uploads\/2025\/08\/ALLURE-2-a-1153x1536.jpg 1153w, https:\/\/daisyjames.eu\/wp-content\/uploads\/2025\/08\/ALLURE-2-a-1200x1598.jpg 1200w, https:\/\/daisyjames.eu\/wp-content\/uploads\/2025\/08\/ALLURE-2-a-600x799.jpg 600w, https:\/\/daisyjames.eu\/wp-content\/uploads\/2025\/08\/ALLURE-2-a.jpg 1455w\" sizes=\"auto, (max-width: 769px) 100vw, 769px\" \/><span aria-hidden=\"true\" class=\"wp-block-cover__background has-background-dim-0 has-background-dim\" style=\"background-color:#472f1b\"><\/span><div class=\"wp-block-cover__inner-container has-global-padding is-layout-constrained wp-block-cover-is-layout-constrained\">\n<p class=\"has-text-align-center has-large-font-size\"><\/p>\n<\/div><\/div>\n<\/div>\n<\/div>\n\n\n\n<div data-aos=\"fade-up\" class=\"wp-block-columns is-layout-flex wp-container-core-columns-is-layout-28f84493 wp-block-columns-is-layout-flex\">\n<div data-aos=\"fade-up\" class=\"wp-block-column is-layout-flow wp-block-column-is-layout-flow\"><div style=\"aspect-ratio:3\/4;min-height:unset;\" class=\"wp-block-cover is-style-scale-on-hover has-aspect-ratio b-stretched-link\"><a href=\"https:\/\/daisyjames.eu\/es\/collection-details\/eterno\/\" class=\"block-link\"><\/a>\n<img loading=\"lazy\" decoding=\"async\" width=\"769\" height=\"1024\" class=\"wp-block-cover__image-background wp-image-26106 size-large\" alt=\"\" src=\"https:\/\/daisyjames.eu\/wp-content\/uploads\/2025\/08\/ETERNETY-2-2-769x1024.jpg\" data-object-fit=\"cover\" srcset=\"https:\/\/daisyjames.eu\/wp-content\/uploads\/2025\/08\/ETERNETY-2-2-769x1024.jpg 769w, https:\/\/daisyjames.eu\/wp-content\/uploads\/2025\/08\/ETERNETY-2-2-225x300.jpg 225w, https:\/\/daisyjames.eu\/wp-content\/uploads\/2025\/08\/ETERNETY-2-2-768x1023.jpg 768w, https:\/\/daisyjames.eu\/wp-content\/uploads\/2025\/08\/ETERNETY-2-2-1153x1536.jpg 1153w, https:\/\/daisyjames.eu\/wp-content\/uploads\/2025\/08\/ETERNETY-2-2-1200x1598.jpg 1200w, https:\/\/daisyjames.eu\/wp-content\/uploads\/2025\/08\/ETERNETY-2-2-600x799.jpg 600w, https:\/\/daisyjames.eu\/wp-content\/uploads\/2025\/08\/ETERNETY-2-2.jpg 1455w\" sizes=\"auto, (max-width: 769px) 100vw, 769px\" \/><span aria-hidden=\"true\" class=\"wp-block-cover__background has-background-dim-0 has-background-dim\" style=\"background-color:#d5cfca\"><\/span><div class=\"wp-block-cover__inner-container has-global-padding is-layout-constrained wp-block-cover-is-layout-constrained\">\n<p class=\"has-text-align-center has-large-font-size\"><\/p>\n<\/div><\/div>\n<\/div>\n\n\n\n<div data-aos=\"fade-up\" class=\"wp-block-column is-layout-flow wp-block-column-is-layout-flow\"><div style=\"aspect-ratio:3\/4;min-height:unset;\" class=\"wp-block-cover is-style-scale-on-hover has-aspect-ratio b-stretched-link\"><a href=\"https:\/\/daisyjames.eu\/es\/collection-details\/verdant\/\" class=\"block-link\"><\/a>\n<img loading=\"lazy\" decoding=\"async\" width=\"769\" height=\"1024\" class=\"wp-block-cover__image-background wp-image-26071 size-large\" alt=\"\" src=\"https:\/\/daisyjames.eu\/wp-content\/uploads\/2025\/08\/VERDANT-2-1-769x1024.jpg\" data-object-fit=\"cover\" srcset=\"https:\/\/daisyjames.eu\/wp-content\/uploads\/2025\/08\/VERDANT-2-1-769x1024.jpg 769w, https:\/\/daisyjames.eu\/wp-content\/uploads\/2025\/08\/VERDANT-2-1-225x300.jpg 225w, https:\/\/daisyjames.eu\/wp-content\/uploads\/2025\/08\/VERDANT-2-1-768x1023.jpg 768w, https:\/\/daisyjames.eu\/wp-content\/uploads\/2025\/08\/VERDANT-2-1-1153x1536.jpg 1153w, https:\/\/daisyjames.eu\/wp-content\/uploads\/2025\/08\/VERDANT-2-1-1200x1598.jpg 1200w, https:\/\/daisyjames.eu\/wp-content\/uploads\/2025\/08\/VERDANT-2-1-600x799.jpg 600w, https:\/\/daisyjames.eu\/wp-content\/uploads\/2025\/08\/VERDANT-2-1.jpg 1455w\" sizes=\"auto, (max-width: 769px) 100vw, 769px\" \/><span aria-hidden=\"true\" class=\"wp-block-cover__background has-background-dim-0 has-background-dim\" style=\"background-color:#0c2719\"><\/span><div class=\"wp-block-cover__inner-container has-global-padding is-layout-constrained wp-block-cover-is-layout-constrained\">\n<p class=\"has-text-align-center has-large-font-size\"><\/p>\n<\/div><\/div>\n<\/div>\n\n\n\n<div data-aos=\"fade-up\" class=\"wp-block-column is-layout-flow wp-block-column-is-layout-flow\"><div style=\"aspect-ratio:3\/4;min-height:unset;\" class=\"wp-block-cover is-style-scale-on-hover has-aspect-ratio b-stretched-link\"><a href=\"https:\/\/daisyjames.eu\/es\/collection-details\/vivacidad\/\" class=\"block-link\"><\/a>\n<img loading=\"lazy\" decoding=\"async\" width=\"769\" height=\"1024\" class=\"wp-block-cover__image-background wp-image-26079 size-large\" alt=\"\" src=\"https:\/\/daisyjames.eu\/wp-content\/uploads\/2025\/08\/VIVACITY-2a-769x1024.jpg\" data-object-fit=\"cover\" srcset=\"https:\/\/daisyjames.eu\/wp-content\/uploads\/2025\/08\/VIVACITY-2a-769x1024.jpg 769w, https:\/\/daisyjames.eu\/wp-content\/uploads\/2025\/08\/VIVACITY-2a-225x300.jpg 225w, https:\/\/daisyjames.eu\/wp-content\/uploads\/2025\/08\/VIVACITY-2a-768x1023.jpg 768w, https:\/\/daisyjames.eu\/wp-content\/uploads\/2025\/08\/VIVACITY-2a-1153x1536.jpg 1153w, https:\/\/daisyjames.eu\/wp-content\/uploads\/2025\/08\/VIVACITY-2a-1200x1598.jpg 1200w, https:\/\/daisyjames.eu\/wp-content\/uploads\/2025\/08\/VIVACITY-2a-600x799.jpg 600w, https:\/\/daisyjames.eu\/wp-content\/uploads\/2025\/08\/VIVACITY-2a.jpg 1455w\" sizes=\"auto, (max-width: 769px) 100vw, 769px\" \/><span aria-hidden=\"true\" class=\"wp-block-cover__background has-background-dim-0 has-background-dim\" style=\"background-color:#a83e4f\"><\/span><div class=\"wp-block-cover__inner-container has-global-padding is-layout-constrained wp-block-cover-is-layout-constrained\">\n<p class=\"has-text-align-center has-large-font-size\"><\/p>\n<\/div><\/div>\n<\/div>\n<\/div>\n<\/div>\n\n\n\n<div style=\"height:90px\" aria-hidden=\"true\" class=\"wp-block-spacer\"><\/div>\n\n\n\n<h4 class=\"wp-block-heading\" id=\"h-preguntas-frecuentes-sobre-la-coleccion-daisy-james\"><strong>PREGUNTAS FRECUENTES SOBRE LA COLECCI\u00d3N DAISY JAMES<\/strong><\/h4>\n\n\n\n<p><\/p>\n\n\n\n<div style=\"height:48px\" aria-hidden=\"true\" class=\"wp-block-spacer\"><\/div>\n\n\n\n<div class=\"wp-block-group has-global-padding is-layout-constrained wp-block-group-is-layout-constrained\">\n<p><strong>\u00bfSon adecuadas las colecciones para hoteles o proyectos de interior? <\/strong>Por supuesto. Las colecciones <strong>daisy james <\/strong>se utilizan en todo el mundo en hoteles de lujo, oficinas, restaurantes y proyectos de interior de alta gama. Gracias a sus materiales duraderos y sus opciones de tama\u00f1o personalizado, son ideales para espacios y dise\u00f1os arquitect\u00f3nicos exigentes. <\/p>\n\n\n\n<p><strong>\u00bfCu\u00e1l es la diferencia entre las colecciones de daisy james?<\/strong> Cada colecci\u00f3n de <strong>daisy<\/strong> <strong>james<\/strong> tiene su propia atm\u00f3sfera e identidad visual. <em>Allure<\/em> se define por el lujo oscuro y los acentos dorados, mientras que <em>Serenity<\/em> abraza el minimalismo y la calma. <em>Vivacity<\/em> expresa naturaleza y movimiento, <em>Eternal<\/em> mezcla elementos cl\u00e1sicos y modernos, <em>Verdant<\/em> lleva el aire libre al interior, y <em>Audacious<\/em> celebra la audacia y la individualidad. Juntos, forman una selecci\u00f3n vers\u00e1til que se adapta a una amplia gama de estilos de interior.<\/p>\n\n\n\n<p><\/p>\n<\/div>\n\n\n\n<div class=\"wp-block-group has-global-padding is-layout-constrained wp-block-group-is-layout-constrained\">\n<p><strong>\u00bfLas colecciones daisy james no tienen costuras?<\/strong> S\u00ed, todos los revestimientos murales <strong>daisy<\/strong> <strong>james<\/strong> se entregan como dise\u00f1os sin costuras. Utilizando impresi\u00f3n de alta calidad sobre tejido resistente, el resultado es un acabado liso y continuo sin costuras visibles. Esto los hace ideales para grandes superficies, entornos de hosteler\u00eda y cualquier espacio donde se desee un aspecto refinado e ininterrumpido.<\/p>\n<\/div>\n\n\n\n<div style=\"height:98px\" aria-hidden=\"true\" class=\"wp-block-spacer\"><\/div>\n\n\n\n<p><\/p>\n","protected":false},"excerpt":{"rendered":"<p>Colecciones ENCUENTRA F\u00c1CILMENTE TU ESTILO Descubre las exclusivas colecciones de revestimientos murales de daisy james. Con m\u00e1s de 300 revestimientos murales de lujo \u00fanicos, hemos dividido nuestros dise\u00f1os en 6 colecciones cuidadosamente seleccionadas que van de lo cl\u00e1sico y lujoso a lo moderno y sereno. D\u00e9jate inspirar por patrones refinados y dise\u00f1os exclusivos en los [&hellip;]<\/p>\n","protected":false},"author":1,"featured_media":30387,"parent":0,"menu_order":50,"comment_status":"closed","ping_status":"closed","template":"","meta":{"_acf_changed":false,"footnotes":""},"class_list":["post-34065","page","type-page","status-publish","has-post-thumbnail","hentry"],"acf":[],"yoast_head":"<!-- This site is optimized with the Yoast SEO Premium plugin v27.3 (Yoast SEO v27.3) - https:\/\/yoast.com\/product\/yoast-seo-premium-wordpress\/ -->\n<title>Colecciones de revestimientos murales de lujo | Dise\u00f1os exclusivos de daisy james<\/title>\n<meta name=\"description\" content=\"Descubre m\u00e1s de 300 exclusivos revestimientos murales de lujo de daisy james. Explora 6 colecciones seleccionadas con dise\u00f1os refinados inspirados en el arte, la naturaleza y los interiores contempor\u00e1neos.\" \/>\n<meta name=\"robots\" content=\"index, follow, max-snippet:-1, max-image-preview:large, max-video-preview:-1\" \/>\n<link rel=\"canonical\" href=\"https:\/\/daisyjames.eu\/es\/colecciones\/\" \/>\n<script type=\"application\/ld+json\" class=\"yoast-schema-graph\">{\"@context\":\"https:\\\/\\\/schema.org\",\"@graph\":[{\"@type\":\"WebPage\",\"@id\":\"https:\\\/\\\/daisyjames.eu\\\/es\\\/colecciones\\\/\",\"url\":\"https:\\\/\\\/daisyjames.eu\\\/es\\\/colecciones\\\/\",\"name\":\"Colecciones de revestimientos murales de lujo | Dise\u00f1os exclusivos de daisy james\",\"isPartOf\":{\"@id\":\"https:\\\/\\\/daisyjames.eu\\\/#website\"},\"primaryImageOfPage\":{\"@id\":\"https:\\\/\\\/daisyjames.eu\\\/es\\\/colecciones\\\/#primaryimage\"},\"image\":{\"@id\":\"https:\\\/\\\/daisyjames.eu\\\/es\\\/colecciones\\\/#primaryimage\"},\"thumbnailUrl\":\"https:\\\/\\\/daisyjames.eu\\\/wp-content\\\/uploads\\\/2025\\\/07\\\/DJ_instagram_post_vierkant_salmon_3.jpg\",\"datePublished\":\"2024-05-30T07:54:32+00:00\",\"dateModified\":\"2026-01-27T09:32:49+00:00\",\"description\":\"Descubre m\u00e1s de 300 exclusivos revestimientos murales de lujo de daisy james. Explora 6 colecciones seleccionadas con dise\u00f1os refinados inspirados en el arte, la naturaleza y los interiores contempor\u00e1neos.\",\"breadcrumb\":{\"@id\":\"https:\\\/\\\/daisyjames.eu\\\/es\\\/colecciones\\\/#breadcrumb\"},\"inLanguage\":\"es\",\"potentialAction\":[{\"@type\":\"ReadAction\",\"target\":[\"https:\\\/\\\/daisyjames.eu\\\/es\\\/colecciones\\\/\"]}]},{\"@type\":\"ImageObject\",\"inLanguage\":\"es\",\"@id\":\"https:\\\/\\\/daisyjames.eu\\\/es\\\/colecciones\\\/#primaryimage\",\"url\":\"https:\\\/\\\/daisyjames.eu\\\/wp-content\\\/uploads\\\/2025\\\/07\\\/DJ_instagram_post_vierkant_salmon_3.jpg\",\"contentUrl\":\"https:\\\/\\\/daisyjames.eu\\\/wp-content\\\/uploads\\\/2025\\\/07\\\/DJ_instagram_post_vierkant_salmon_3.jpg\",\"width\":1080,\"height\":1080},{\"@type\":\"BreadcrumbList\",\"@id\":\"https:\\\/\\\/daisyjames.eu\\\/es\\\/colecciones\\\/#breadcrumb\",\"itemListElement\":[{\"@type\":\"ListItem\",\"position\":1,\"name\":\"Home\",\"item\":\"https:\\\/\\\/daisyjames.eu\\\/es\\\/\"},{\"@type\":\"ListItem\",\"position\":2,\"name\":\"Colecciones\"}]},{\"@type\":\"WebSite\",\"@id\":\"https:\\\/\\\/daisyjames.eu\\\/#website\",\"url\":\"https:\\\/\\\/daisyjames.eu\\\/\",\"name\":\"Daisy James\",\"description\":\"\",\"publisher\":{\"@id\":\"https:\\\/\\\/daisyjames.eu\\\/#organization\"},\"potentialAction\":[{\"@type\":\"SearchAction\",\"target\":{\"@type\":\"EntryPoint\",\"urlTemplate\":\"https:\\\/\\\/daisyjames.eu\\\/?s={search_term_string}\"},\"query-input\":{\"@type\":\"PropertyValueSpecification\",\"valueRequired\":true,\"valueName\":\"search_term_string\"}}],\"inLanguage\":\"es\"},{\"@type\":\"Organization\",\"@id\":\"https:\\\/\\\/daisyjames.eu\\\/#organization\",\"name\":\"Daisy James\",\"url\":\"https:\\\/\\\/daisyjames.eu\\\/\",\"logo\":{\"@type\":\"ImageObject\",\"inLanguage\":\"es\",\"@id\":\"https:\\\/\\\/daisyjames.eu\\\/#\\\/schema\\\/logo\\\/image\\\/\",\"url\":\"https:\\\/\\\/daisyjames.eu\\\/wp-content\\\/uploads\\\/2024\\\/09\\\/LogoDJzwart-1.png\",\"contentUrl\":\"https:\\\/\\\/daisyjames.eu\\\/wp-content\\\/uploads\\\/2024\\\/09\\\/LogoDJzwart-1.png\",\"width\":1125,\"height\":199,\"caption\":\"Daisy James\"},\"image\":{\"@id\":\"https:\\\/\\\/daisyjames.eu\\\/#\\\/schema\\\/logo\\\/image\\\/\"},\"sameAs\":[\"https:\\\/\\\/www.facebook.com\\\/Daisyjamesinteriorwallcovering\\\/\",\"https:\\\/\\\/x.com\\\/daisyjamesinterior\",\"https:\\\/\\\/pinterest.com\\\/daisyjameswallcovers\\\/\",\"https:\\\/\\\/nl.linkedin.com\\\/company\\\/d-a-i-s-y-j-a-m-e-s-interior-collection\"]}]}<\/script>\n<!-- \/ Yoast SEO Premium plugin. -->","yoast_head_json":{"title":"Colecciones de revestimientos murales de lujo | Dise\u00f1os exclusivos de daisy james","description":"Descubre m\u00e1s de 300 exclusivos revestimientos murales de lujo de daisy james. Explora 6 colecciones seleccionadas con dise\u00f1os refinados inspirados en el arte, la naturaleza y los interiores contempor\u00e1neos.","robots":{"index":"index","follow":"follow","max-snippet":"max-snippet:-1","max-image-preview":"max-image-preview:large","max-video-preview":"max-video-preview:-1"},"canonical":"https:\/\/daisyjames.eu\/es\/colecciones\/","schema":{"@context":"https:\/\/schema.org","@graph":[{"@type":"WebPage","@id":"https:\/\/daisyjames.eu\/es\/colecciones\/","url":"https:\/\/daisyjames.eu\/es\/colecciones\/","name":"Colecciones de revestimientos murales de lujo | Dise\u00f1os exclusivos de daisy james","isPartOf":{"@id":"https:\/\/daisyjames.eu\/#website"},"primaryImageOfPage":{"@id":"https:\/\/daisyjames.eu\/es\/colecciones\/#primaryimage"},"image":{"@id":"https:\/\/daisyjames.eu\/es\/colecciones\/#primaryimage"},"thumbnailUrl":"https:\/\/daisyjames.eu\/wp-content\/uploads\/2025\/07\/DJ_instagram_post_vierkant_salmon_3.jpg","datePublished":"2024-05-30T07:54:32+00:00","dateModified":"2026-01-27T09:32:49+00:00","description":"Descubre m\u00e1s de 300 exclusivos revestimientos murales de lujo de daisy james. Explora 6 colecciones seleccionadas con dise\u00f1os refinados inspirados en el arte, la naturaleza y los interiores contempor\u00e1neos.","breadcrumb":{"@id":"https:\/\/daisyjames.eu\/es\/colecciones\/#breadcrumb"},"inLanguage":"es","potentialAction":[{"@type":"ReadAction","target":["https:\/\/daisyjames.eu\/es\/colecciones\/"]}]},{"@type":"ImageObject","inLanguage":"es","@id":"https:\/\/daisyjames.eu\/es\/colecciones\/#primaryimage","url":"https:\/\/daisyjames.eu\/wp-content\/uploads\/2025\/07\/DJ_instagram_post_vierkant_salmon_3.jpg","contentUrl":"https:\/\/daisyjames.eu\/wp-content\/uploads\/2025\/07\/DJ_instagram_post_vierkant_salmon_3.jpg","width":1080,"height":1080},{"@type":"BreadcrumbList","@id":"https:\/\/daisyjames.eu\/es\/colecciones\/#breadcrumb","itemListElement":[{"@type":"ListItem","position":1,"name":"Home","item":"https:\/\/daisyjames.eu\/es\/"},{"@type":"ListItem","position":2,"name":"Colecciones"}]},{"@type":"WebSite","@id":"https:\/\/daisyjames.eu\/#website","url":"https:\/\/daisyjames.eu\/","name":"Daisy James","description":"","publisher":{"@id":"https:\/\/daisyjames.eu\/#organization"},"potentialAction":[{"@type":"SearchAction","target":{"@type":"EntryPoint","urlTemplate":"https:\/\/daisyjames.eu\/?s={search_term_string}"},"query-input":{"@type":"PropertyValueSpecification","valueRequired":true,"valueName":"search_term_string"}}],"inLanguage":"es"},{"@type":"Organization","@id":"https:\/\/daisyjames.eu\/#organization","name":"Daisy James","url":"https:\/\/daisyjames.eu\/","logo":{"@type":"ImageObject","inLanguage":"es","@id":"https:\/\/daisyjames.eu\/#\/schema\/logo\/image\/","url":"https:\/\/daisyjames.eu\/wp-content\/uploads\/2024\/09\/LogoDJzwart-1.png","contentUrl":"https:\/\/daisyjames.eu\/wp-content\/uploads\/2024\/09\/LogoDJzwart-1.png","width":1125,"height":199,"caption":"Daisy James"},"image":{"@id":"https:\/\/daisyjames.eu\/#\/schema\/logo\/image\/"},"sameAs":["https:\/\/www.facebook.com\/Daisyjamesinteriorwallcovering\/","https:\/\/x.com\/daisyjamesinterior","https:\/\/pinterest.com\/daisyjameswallcovers\/","https:\/\/nl.linkedin.com\/company\/d-a-i-s-y-j-a-m-e-s-interior-collection"]}]}},"_links":{"self":[{"href":"https:\/\/daisyjames.eu\/es\/wp-json\/wp\/v2\/pages\/34065","targetHints":{"allow":["GET"]}}],"collection":[{"href":"https:\/\/daisyjames.eu\/es\/wp-json\/wp\/v2\/pages"}],"about":[{"href":"https:\/\/daisyjames.eu\/es\/wp-json\/wp\/v2\/types\/page"}],"author":[{"embeddable":true,"href":"https:\/\/daisyjames.eu\/es\/wp-json\/wp\/v2\/users\/1"}],"replies":[{"embeddable":true,"href":"https:\/\/daisyjames.eu\/es\/wp-json\/wp\/v2\/comments?post=34065"}],"version-history":[{"count":3,"href":"https:\/\/daisyjames.eu\/es\/wp-json\/wp\/v2\/pages\/34065\/revisions"}],"predecessor-version":[{"id":34382,"href":"https:\/\/daisyjames.eu\/es\/wp-json\/wp\/v2\/pages\/34065\/revisions\/34382"}],"wp:featuredmedia":[{"embeddable":true,"href":"https:\/\/daisyjames.eu\/es\/wp-json\/wp\/v2\/media\/30387"}],"wp:attachment":[{"href":"https:\/\/daisyjames.eu\/es\/wp-json\/wp\/v2\/media?parent=34065"}],"curies":[{"name":"wp","href":"https:\/\/api.w.org\/{rel}","templated":true}]}}