
{"id":34174,"date":"2024-05-16T13:09:55","date_gmt":"2024-05-16T13:09:55","guid":{"rendered":"https:\/\/staging.daisyjames.eu\/acerca-de\/"},"modified":"2026-01-26T08:09:57","modified_gmt":"2026-01-26T08:09:57","slug":"acerca-de","status":"publish","type":"page","link":"https:\/\/daisyjames.eu\/es\/acerca-de\/","title":{"rendered":"Acerca de"},"content":{"rendered":"\n<div class=\"wp-block-group has-global-padding is-layout-constrained wp-block-group-is-layout-constrained\" style=\"margin-top:0;margin-bottom:0\">\n<div style=\"height:var(--wp--preset--spacing--xxxxxl)\" aria-hidden=\"true\" class=\"wp-block-spacer\"><\/div>\n\n\n\n<div class=\"wp-block-group is-content-justification-center is-nowrap is-layout-flex wp-container-core-group-is-layout-eefe7873 wp-block-group-is-layout-flex\" style=\"margin-top:0;margin-bottom:0;padding-top:0;padding-right:0;padding-bottom:0;padding-left:0\">\n<h1 class=\"wp-block-heading has-text-align-center\" id=\"h-acerca-de\">ACERCA DE<\/h1>\n\n\n\n<h1 class=\"wp-block-heading has-xxxxxl-font-size\" id=\"h-daisy-james\">daisy james<\/h1>\n<\/div>\n\n\n\n<div style=\"margin-top:0;margin-bottom:0;height:var(--wp--preset--spacing--xxxxxxxl)\" aria-hidden=\"true\" class=\"wp-block-spacer\"><\/div>\n\n\n \n\t\t\t<div data-aos-duration=\"1500\" data-aos=\"width-full-rtl\" \n\t\t\t\tclass=\"wordpress-container !px-0 origin-left w-full m-0 py-[0px] box-border sm:box-border\"\n\t\t\t>\n\t\t\t\t<div\n\t\t\t\t\tclass=\"w-full h-[1px] bg-[#0d181c]\"\n\t\t\t\t><\/div>\n\t\t\t<\/div>\n\t\t<\/div>\n\n\n\n<div class=\"wp-block-group has-global-padding is-layout-constrained wp-container-core-group-is-layout-d8184678 wp-block-group-is-layout-constrained\" style=\"margin-top:0;margin-bottom:0;padding-top:var(--wp--preset--spacing--xxxxxxxl);padding-bottom:var(--wp--preset--spacing--xxxxxxxl)\"> \n\t\t\t<section class=\"wordpress-container flex flex-col box-border\">\n\t\t\t\t<div class=\"grid grid-cols-2 gap-[90px] xs:gap-[35px] sm:grid-cols-1\">\n\t\t\t\t\t\t\t\t\t\t\t<div class=\"image_ \">\n\t\t\t\t\t\t\t<img decoding=\"async\" src=\"https:\/\/daisyjames.eu\/wp-content\/uploads\/2024\/07\/DJ353-The-Board-1-scaled-e1721396678448.jpg\" alt=\"\" class=\"w-full h-full aspect-[9\/16] object-cover\" \/>\n\t\t\t\t\t\t<\/div>\n\t\t\t\t\t\n\t\t\t\t\t<div class=\"text_ tracking-wider [&#038;_*]:tracking-wider\">\n\t\t\t\t\t\t\n\n<p><strong>ACERCA DE DAISY JAMES: REVESTIMIENTOS DE LUJO A MEDIDA<\/strong><br>Todo espacio merece un acento llamativo. En <strong>daisy james<\/strong>, no dise\u00f1amos papel pintado est\u00e1ndar, creamos revestimientos murales exclusivos que convierten cualquier habitaci\u00f3n en una aut\u00e9ntica obra de arte. Nuestros dise\u00f1os aportan atm\u00f3sfera, car\u00e1cter y una firma \u00fanica a cada interior.<\/p>\n\n\n\n<p><strong>REVESTIMIENTOS DE DISE\u00d1O CON CAR\u00c1CTER<\/strong><br>Tanto si te gustan los motivos florales, las estructuras gr\u00e1ficas o las composiciones abstractas, nuestra colecci\u00f3n est\u00e1 hecha para quienes buscan algo m\u00e1s que una pared en blanco. Cada dise\u00f1o cuenta una historia y refleja la personalidad de nuestros clientes. Nuestro estilo combina un dise\u00f1o audaz y refinado con un acabado lujoso y una calidad sin fisuras. El impacto visual es poderoso, pero nunca abrumador.   <\/p>\n\n\n\n<p><strong>SOLUCIONES<\/strong> A <strong>MEDIDA PARA ARQUITECTURA Y PROYECTOS DE INTERIOR<\/strong><br>Adem\u00e1s de nuestra colecci\u00f3n fija, ofrecemos soluciones de revestimiento mural a medida. En estrecha colaboraci\u00f3n con arquitectos, dise\u00f1adores de interiores y promotores de proyectos, creamos revestimientos murales que se adaptan perfectamente a cada concepto de interior. Proporcionamos apoyo completo al proyecto, desde el boceto hasta la instalaci\u00f3n, ofrecemos soluciones personalizadas para paredes altas y espacios complejos, e incluimos simulaciones digitales y asistencia t\u00e9cnica durante todo el proceso.  <\/p>\n\n\n\n<p><strong>MATERIALES PARA TODO TIPO DE ESPACIO<\/strong><br>Nuestros revestimientos murales est\u00e1n disponibles en varios acabados, como revestimiento mural sin juntas de hasta cinco metros de altura, papel pintado vin\u00edlico de primera calidad en rollo (500 mm de ancho) y variantes ecol\u00f3gicas sin PVC. Todos los materiales son f\u00e1ciles de mantener, resistentes a los ara\u00f1azos e ign\u00edfugos. Ya sea un hotel, un restaurante, una oficina o una residencia privada, ofrecemos el revestimiento mural perfecto para cada entorno.  <\/p>\n\n\n\n<p><strong>POR QU\u00c9 ELEGIR A DAISY JAMES<\/strong><br>Ofrecemos un servicio personalizado y un apoyo dedicado al proyecto. Todos nuestros dise\u00f1os est\u00e1n hechos a medida y adaptados a tu visi\u00f3n. Profesionales de todo el mundo conf\u00edan en nosotros y ofrecemos soluciones a medida para hoteles, restaurantes, oficinas y viviendas particulares. Nuestros revestimientos murales se fabrican con materiales sostenibles de alta gama y siempre reflejan una calidad de dise\u00f1o exclusiva.   <\/p>\n\n\n\n<p><strong>UNA PARED QUE CUENTA UNA HISTORIA<\/strong><br>En <strong>daisy james<\/strong>, creemos que una pared puede ser mucho m\u00e1s que un simple tel\u00f3n de fondo. Nuestros dise\u00f1os se inspiran en la naturaleza, el arte, la emoci\u00f3n y el Dutch Design, aportando calidez, tranquilidad o energ\u00eda a cada habitaci\u00f3n. Deja que tus paredes hablen.  <\/p>\n\n\n\n<div style=\"height:38px\" aria-hidden=\"true\" class=\"wp-block-spacer\"><\/div>\n\n\n\n<div class=\"wp-block-group is-vertical is-layout-flex wp-container-core-group-is-layout-fe9cc265 wp-block-group-is-layout-flex\">\n<p><strong>Visita nuestras redes sociales para inspirarte:<\/strong><\/p>\n\n\n\n<ul class=\"wp-block-social-links has-large-icon-size has-icon-color is-style-logos-only is-layout-flex wp-block-social-links-is-layout-flex\"><li style=\"color:#1C2D1B;\" class=\"wp-social-link wp-social-link-linkedin has-contrast-color wp-block-social-link\"><a href=\"https:\/\/nl.linkedin.com\/company\/d-a-i-s-y-j-a-m-e-s-interior-collection\" class=\"wp-block-social-link-anchor\"><svg width=\"24\" height=\"24\" viewBox=\"0 0 24 24\" version=\"1.1\" xmlns=\"http:\/\/www.w3.org\/2000\/svg\" aria-hidden=\"true\" focusable=\"false\"><path d=\"M19.7,3H4.3C3.582,3,3,3.582,3,4.3v15.4C3,20.418,3.582,21,4.3,21h15.4c0.718,0,1.3-0.582,1.3-1.3V4.3 C21,3.582,20.418,3,19.7,3z M8.339,18.338H5.667v-8.59h2.672V18.338z M7.004,8.574c-0.857,0-1.549-0.694-1.549-1.548 c0-0.855,0.691-1.548,1.549-1.548c0.854,0,1.547,0.694,1.547,1.548C8.551,7.881,7.858,8.574,7.004,8.574z M18.339,18.338h-2.669 v-4.177c0-0.996-0.017-2.278-1.387-2.278c-1.389,0-1.601,1.086-1.601,2.206v4.249h-2.667v-8.59h2.559v1.174h0.037 c0.356-0.675,1.227-1.387,2.526-1.387c2.703,0,3.203,1.779,3.203,4.092V18.338z\"><\/path><\/svg><span class=\"wp-block-social-link-label screen-reader-text\">LinkedIn<\/span><\/a><\/li>\n\n<li style=\"color:#1C2D1B;\" class=\"wp-social-link wp-social-link-instagram has-contrast-color wp-block-social-link\"><a href=\"https:\/\/www.instagram.com\/daisyjamesinterior\/\" class=\"wp-block-social-link-anchor\"><svg width=\"24\" height=\"24\" viewBox=\"0 0 24 24\" version=\"1.1\" xmlns=\"http:\/\/www.w3.org\/2000\/svg\" aria-hidden=\"true\" focusable=\"false\"><path d=\"M12,4.622c2.403,0,2.688,0.009,3.637,0.052c0.877,0.04,1.354,0.187,1.671,0.31c0.42,0.163,0.72,0.358,1.035,0.673 c0.315,0.315,0.51,0.615,0.673,1.035c0.123,0.317,0.27,0.794,0.31,1.671c0.043,0.949,0.052,1.234,0.052,3.637 s-0.009,2.688-0.052,3.637c-0.04,0.877-0.187,1.354-0.31,1.671c-0.163,0.42-0.358,0.72-0.673,1.035 c-0.315,0.315-0.615,0.51-1.035,0.673c-0.317,0.123-0.794,0.27-1.671,0.31c-0.949,0.043-1.233,0.052-3.637,0.052 s-2.688-0.009-3.637-0.052c-0.877-0.04-1.354-0.187-1.671-0.31c-0.42-0.163-0.72-0.358-1.035-0.673 c-0.315-0.315-0.51-0.615-0.673-1.035c-0.123-0.317-0.27-0.794-0.31-1.671C4.631,14.688,4.622,14.403,4.622,12 s0.009-2.688,0.052-3.637c0.04-0.877,0.187-1.354,0.31-1.671c0.163-0.42,0.358-0.72,0.673-1.035 c0.315-0.315,0.615-0.51,1.035-0.673c0.317-0.123,0.794-0.27,1.671-0.31C9.312,4.631,9.597,4.622,12,4.622 M12,3 C9.556,3,9.249,3.01,8.289,3.054C7.331,3.098,6.677,3.25,6.105,3.472C5.513,3.702,5.011,4.01,4.511,4.511 c-0.5,0.5-0.808,1.002-1.038,1.594C3.25,6.677,3.098,7.331,3.054,8.289C3.01,9.249,3,9.556,3,12c0,2.444,0.01,2.751,0.054,3.711 c0.044,0.958,0.196,1.612,0.418,2.185c0.23,0.592,0.538,1.094,1.038,1.594c0.5,0.5,1.002,0.808,1.594,1.038 c0.572,0.222,1.227,0.375,2.185,0.418C9.249,20.99,9.556,21,12,21s2.751-0.01,3.711-0.054c0.958-0.044,1.612-0.196,2.185-0.418 c0.592-0.23,1.094-0.538,1.594-1.038c0.5-0.5,0.808-1.002,1.038-1.594c0.222-0.572,0.375-1.227,0.418-2.185 C20.99,14.751,21,14.444,21,12s-0.01-2.751-0.054-3.711c-0.044-0.958-0.196-1.612-0.418-2.185c-0.23-0.592-0.538-1.094-1.038-1.594 c-0.5-0.5-1.002-0.808-1.594-1.038c-0.572-0.222-1.227-0.375-2.185-0.418C14.751,3.01,14.444,3,12,3L12,3z M12,7.378 c-2.552,0-4.622,2.069-4.622,4.622S9.448,16.622,12,16.622s4.622-2.069,4.622-4.622S14.552,7.378,12,7.378z M12,15 c-1.657,0-3-1.343-3-3s1.343-3,3-3s3,1.343,3,3S13.657,15,12,15z M16.804,6.116c-0.596,0-1.08,0.484-1.08,1.08 s0.484,1.08,1.08,1.08c0.596,0,1.08-0.484,1.08-1.08S17.401,6.116,16.804,6.116z\"><\/path><\/svg><span class=\"wp-block-social-link-label screen-reader-text\">Instagram<\/span><\/a><\/li>\n\n<li style=\"color:#1C2D1B;\" class=\"wp-social-link wp-social-link-facebook has-contrast-color wp-block-social-link\"><a href=\"https:\/\/www.facebook.com\/Daisyjamesinteriorwallcovering\/\" class=\"wp-block-social-link-anchor\"><svg width=\"24\" height=\"24\" viewBox=\"0 0 24 24\" version=\"1.1\" xmlns=\"http:\/\/www.w3.org\/2000\/svg\" aria-hidden=\"true\" focusable=\"false\"><path d=\"M12 2C6.5 2 2 6.5 2 12c0 5 3.7 9.1 8.4 9.9v-7H7.9V12h2.5V9.8c0-2.5 1.5-3.9 3.8-3.9 1.1 0 2.2.2 2.2.2v2.5h-1.3c-1.2 0-1.6.8-1.6 1.6V12h2.8l-.4 2.9h-2.3v7C18.3 21.1 22 17 22 12c0-5.5-4.5-10-10-10z\"><\/path><\/svg><span class=\"wp-block-social-link-label screen-reader-text\">Facebook<\/span><\/a><\/li>\n\n<li style=\"color:#1C2D1B;\" class=\"wp-social-link wp-social-link-pinterest has-contrast-color wp-block-social-link\"><a href=\"https:\/\/pinterest.com\/daisyjameswallcovers\/\" class=\"wp-block-social-link-anchor\"><svg width=\"24\" height=\"24\" viewBox=\"0 0 24 24\" version=\"1.1\" xmlns=\"http:\/\/www.w3.org\/2000\/svg\" aria-hidden=\"true\" focusable=\"false\"><path d=\"M12.289,2C6.617,2,3.606,5.648,3.606,9.622c0,1.846,1.025,4.146,2.666,4.878c0.25,0.111,0.381,0.063,0.439-0.169 c0.044-0.175,0.267-1.029,0.365-1.428c0.032-0.128,0.017-0.237-0.091-0.362C6.445,11.911,6.01,10.75,6.01,9.668 c0-2.777,2.194-5.464,5.933-5.464c3.23,0,5.49,2.108,5.49,5.122c0,3.407-1.794,5.768-4.13,5.768c-1.291,0-2.257-1.021-1.948-2.277 c0.372-1.495,1.089-3.112,1.089-4.191c0-0.967-0.542-1.775-1.663-1.775c-1.319,0-2.379,1.309-2.379,3.059 c0,1.115,0.394,1.869,0.394,1.869s-1.302,5.279-1.54,6.261c-0.405,1.666,0.053,4.368,0.094,4.604 c0.021,0.126,0.167,0.169,0.25,0.063c0.129-0.165,1.699-2.419,2.142-4.051c0.158-0.59,0.817-2.995,0.817-2.995 c0.43,0.784,1.681,1.446,3.013,1.446c3.963,0,6.822-3.494,6.822-7.833C20.394,5.112,16.849,2,12.289,2\"><\/path><\/svg><span class=\"wp-block-social-link-label screen-reader-text\">Pinterest<\/span><\/a><\/li><\/ul>\n<\/div>\n\n\n\t\t\t\t\t<\/div>\n\t\t\t\t<\/div>\n\t\t\t<\/section>\n\t\t<\/div>\n\n\n \n\t\t\t<div data-aos-duration=\"1500\" data-aos=\"width-full-rtl\" \n\t\t\t\tclass=\"wordpress-container !px-0 origin-left w-full m-0 py-[0px] box-border sm:box-border\"\n\t\t\t>\n\t\t\t\t<div\n\t\t\t\t\tclass=\"w-full h-[1px] bg-[#0d181c]\"\n\t\t\t\t><\/div>\n\t\t\t<\/div>\n\t\t\n\n\n<div style=\"height:var(--wp--preset--spacing--xxxxxxxxxl)\" aria-hidden=\"true\" class=\"wp-block-spacer\"><\/div>\n\n\n\n<p><\/p>\n","protected":false},"excerpt":{"rendered":"<p>ACERCA DE daisy james<\/p>\n","protected":false},"author":1,"featured_media":4555,"parent":0,"menu_order":60,"comment_status":"closed","ping_status":"closed","template":"","meta":{"_acf_changed":false,"footnotes":""},"class_list":["post-34174","page","type-page","status-publish","has-post-thumbnail","hentry"],"acf":[],"yoast_head":"<!-- This site is optimized with the Yoast SEO Premium plugin v27.3 (Yoast SEO v27.3) - https:\/\/yoast.com\/product\/yoast-seo-premium-wordpress\/ -->\n<title>daisy james | Papel pintado de lujo que convierte las paredes en arte<\/title>\n<meta name=\"description\" content=\"Descubre las lujosas colecciones de papel pintado de Daisy James. Dise\u00f1os \u00fanicos, revestimientos murales a medida y patrones art\u00edsticos que transforman cualquier espacio en una belleza atemporal.\" \/>\n<meta name=\"robots\" content=\"index, follow, max-snippet:-1, max-image-preview:large, max-video-preview:-1\" \/>\n<link rel=\"canonical\" href=\"https:\/\/daisyjames.eu\/es\/acerca-de\/\" \/>\n<script type=\"application\/ld+json\" class=\"yoast-schema-graph\">{\"@context\":\"https:\\\/\\\/schema.org\",\"@graph\":[{\"@type\":\"WebPage\",\"@id\":\"https:\\\/\\\/daisyjames.eu\\\/es\\\/acerca-de\\\/\",\"url\":\"https:\\\/\\\/daisyjames.eu\\\/es\\\/acerca-de\\\/\",\"name\":\"daisy james | Papel pintado de lujo que convierte las paredes en arte\",\"isPartOf\":{\"@id\":\"https:\\\/\\\/daisyjames.eu\\\/#website\"},\"primaryImageOfPage\":{\"@id\":\"https:\\\/\\\/daisyjames.eu\\\/es\\\/acerca-de\\\/#primaryimage\"},\"image\":{\"@id\":\"https:\\\/\\\/daisyjames.eu\\\/es\\\/acerca-de\\\/#primaryimage\"},\"thumbnailUrl\":\"https:\\\/\\\/daisyjames.eu\\\/wp-content\\\/uploads\\\/2024\\\/05\\\/dj353-the-board-1-scaled.jpg\",\"datePublished\":\"2024-05-16T13:09:55+00:00\",\"dateModified\":\"2026-01-26T08:09:57+00:00\",\"description\":\"Descubre las lujosas colecciones de papel pintado de Daisy James. Dise\u00f1os \u00fanicos, revestimientos murales a medida y patrones art\u00edsticos que transforman cualquier espacio en una belleza atemporal.\",\"breadcrumb\":{\"@id\":\"https:\\\/\\\/daisyjames.eu\\\/es\\\/acerca-de\\\/#breadcrumb\"},\"inLanguage\":\"es\",\"potentialAction\":[{\"@type\":\"ReadAction\",\"target\":[\"https:\\\/\\\/daisyjames.eu\\\/es\\\/acerca-de\\\/\"]}]},{\"@type\":\"ImageObject\",\"inLanguage\":\"es\",\"@id\":\"https:\\\/\\\/daisyjames.eu\\\/es\\\/acerca-de\\\/#primaryimage\",\"url\":\"https:\\\/\\\/daisyjames.eu\\\/wp-content\\\/uploads\\\/2024\\\/05\\\/dj353-the-board-1-scaled.jpg\",\"contentUrl\":\"https:\\\/\\\/daisyjames.eu\\\/wp-content\\\/uploads\\\/2024\\\/05\\\/dj353-the-board-1-scaled.jpg\",\"width\":1707,\"height\":2560},{\"@type\":\"BreadcrumbList\",\"@id\":\"https:\\\/\\\/daisyjames.eu\\\/es\\\/acerca-de\\\/#breadcrumb\",\"itemListElement\":[{\"@type\":\"ListItem\",\"position\":1,\"name\":\"Home\",\"item\":\"https:\\\/\\\/daisyjames.eu\\\/es\\\/\"},{\"@type\":\"ListItem\",\"position\":2,\"name\":\"Acerca de\"}]},{\"@type\":\"WebSite\",\"@id\":\"https:\\\/\\\/daisyjames.eu\\\/#website\",\"url\":\"https:\\\/\\\/daisyjames.eu\\\/\",\"name\":\"Daisy James\",\"description\":\"\",\"publisher\":{\"@id\":\"https:\\\/\\\/daisyjames.eu\\\/#organization\"},\"potentialAction\":[{\"@type\":\"SearchAction\",\"target\":{\"@type\":\"EntryPoint\",\"urlTemplate\":\"https:\\\/\\\/daisyjames.eu\\\/?s={search_term_string}\"},\"query-input\":{\"@type\":\"PropertyValueSpecification\",\"valueRequired\":true,\"valueName\":\"search_term_string\"}}],\"inLanguage\":\"es\"},{\"@type\":\"Organization\",\"@id\":\"https:\\\/\\\/daisyjames.eu\\\/#organization\",\"name\":\"Daisy James\",\"url\":\"https:\\\/\\\/daisyjames.eu\\\/\",\"logo\":{\"@type\":\"ImageObject\",\"inLanguage\":\"es\",\"@id\":\"https:\\\/\\\/daisyjames.eu\\\/#\\\/schema\\\/logo\\\/image\\\/\",\"url\":\"https:\\\/\\\/daisyjames.eu\\\/wp-content\\\/uploads\\\/2024\\\/09\\\/LogoDJzwart-1.png\",\"contentUrl\":\"https:\\\/\\\/daisyjames.eu\\\/wp-content\\\/uploads\\\/2024\\\/09\\\/LogoDJzwart-1.png\",\"width\":1125,\"height\":199,\"caption\":\"Daisy James\"},\"image\":{\"@id\":\"https:\\\/\\\/daisyjames.eu\\\/#\\\/schema\\\/logo\\\/image\\\/\"},\"sameAs\":[\"https:\\\/\\\/www.facebook.com\\\/Daisyjamesinteriorwallcovering\\\/\",\"https:\\\/\\\/x.com\\\/daisyjamesinterior\",\"https:\\\/\\\/pinterest.com\\\/daisyjameswallcovers\\\/\",\"https:\\\/\\\/nl.linkedin.com\\\/company\\\/d-a-i-s-y-j-a-m-e-s-interior-collection\"]}]}<\/script>\n<!-- \/ Yoast SEO Premium plugin. -->","yoast_head_json":{"title":"daisy james | Papel pintado de lujo que convierte las paredes en arte","description":"Descubre las lujosas colecciones de papel pintado de Daisy James. Dise\u00f1os \u00fanicos, revestimientos murales a medida y patrones art\u00edsticos que transforman cualquier espacio en una belleza atemporal.","robots":{"index":"index","follow":"follow","max-snippet":"max-snippet:-1","max-image-preview":"max-image-preview:large","max-video-preview":"max-video-preview:-1"},"canonical":"https:\/\/daisyjames.eu\/es\/acerca-de\/","schema":{"@context":"https:\/\/schema.org","@graph":[{"@type":"WebPage","@id":"https:\/\/daisyjames.eu\/es\/acerca-de\/","url":"https:\/\/daisyjames.eu\/es\/acerca-de\/","name":"daisy james | Papel pintado de lujo que convierte las paredes en arte","isPartOf":{"@id":"https:\/\/daisyjames.eu\/#website"},"primaryImageOfPage":{"@id":"https:\/\/daisyjames.eu\/es\/acerca-de\/#primaryimage"},"image":{"@id":"https:\/\/daisyjames.eu\/es\/acerca-de\/#primaryimage"},"thumbnailUrl":"https:\/\/daisyjames.eu\/wp-content\/uploads\/2024\/05\/dj353-the-board-1-scaled.jpg","datePublished":"2024-05-16T13:09:55+00:00","dateModified":"2026-01-26T08:09:57+00:00","description":"Descubre las lujosas colecciones de papel pintado de Daisy James. Dise\u00f1os \u00fanicos, revestimientos murales a medida y patrones art\u00edsticos que transforman cualquier espacio en una belleza atemporal.","breadcrumb":{"@id":"https:\/\/daisyjames.eu\/es\/acerca-de\/#breadcrumb"},"inLanguage":"es","potentialAction":[{"@type":"ReadAction","target":["https:\/\/daisyjames.eu\/es\/acerca-de\/"]}]},{"@type":"ImageObject","inLanguage":"es","@id":"https:\/\/daisyjames.eu\/es\/acerca-de\/#primaryimage","url":"https:\/\/daisyjames.eu\/wp-content\/uploads\/2024\/05\/dj353-the-board-1-scaled.jpg","contentUrl":"https:\/\/daisyjames.eu\/wp-content\/uploads\/2024\/05\/dj353-the-board-1-scaled.jpg","width":1707,"height":2560},{"@type":"BreadcrumbList","@id":"https:\/\/daisyjames.eu\/es\/acerca-de\/#breadcrumb","itemListElement":[{"@type":"ListItem","position":1,"name":"Home","item":"https:\/\/daisyjames.eu\/es\/"},{"@type":"ListItem","position":2,"name":"Acerca de"}]},{"@type":"WebSite","@id":"https:\/\/daisyjames.eu\/#website","url":"https:\/\/daisyjames.eu\/","name":"Daisy James","description":"","publisher":{"@id":"https:\/\/daisyjames.eu\/#organization"},"potentialAction":[{"@type":"SearchAction","target":{"@type":"EntryPoint","urlTemplate":"https:\/\/daisyjames.eu\/?s={search_term_string}"},"query-input":{"@type":"PropertyValueSpecification","valueRequired":true,"valueName":"search_term_string"}}],"inLanguage":"es"},{"@type":"Organization","@id":"https:\/\/daisyjames.eu\/#organization","name":"Daisy James","url":"https:\/\/daisyjames.eu\/","logo":{"@type":"ImageObject","inLanguage":"es","@id":"https:\/\/daisyjames.eu\/#\/schema\/logo\/image\/","url":"https:\/\/daisyjames.eu\/wp-content\/uploads\/2024\/09\/LogoDJzwart-1.png","contentUrl":"https:\/\/daisyjames.eu\/wp-content\/uploads\/2024\/09\/LogoDJzwart-1.png","width":1125,"height":199,"caption":"Daisy James"},"image":{"@id":"https:\/\/daisyjames.eu\/#\/schema\/logo\/image\/"},"sameAs":["https:\/\/www.facebook.com\/Daisyjamesinteriorwallcovering\/","https:\/\/x.com\/daisyjamesinterior","https:\/\/pinterest.com\/daisyjameswallcovers\/","https:\/\/nl.linkedin.com\/company\/d-a-i-s-y-j-a-m-e-s-interior-collection"]}]}},"_links":{"self":[{"href":"https:\/\/daisyjames.eu\/es\/wp-json\/wp\/v2\/pages\/34174","targetHints":{"allow":["GET"]}}],"collection":[{"href":"https:\/\/daisyjames.eu\/es\/wp-json\/wp\/v2\/pages"}],"about":[{"href":"https:\/\/daisyjames.eu\/es\/wp-json\/wp\/v2\/types\/page"}],"author":[{"embeddable":true,"href":"https:\/\/daisyjames.eu\/es\/wp-json\/wp\/v2\/users\/1"}],"replies":[{"embeddable":true,"href":"https:\/\/daisyjames.eu\/es\/wp-json\/wp\/v2\/comments?post=34174"}],"version-history":[{"count":2,"href":"https:\/\/daisyjames.eu\/es\/wp-json\/wp\/v2\/pages\/34174\/revisions"}],"predecessor-version":[{"id":34178,"href":"https:\/\/daisyjames.eu\/es\/wp-json\/wp\/v2\/pages\/34174\/revisions\/34178"}],"wp:featuredmedia":[{"embeddable":true,"href":"https:\/\/daisyjames.eu\/es\/wp-json\/wp\/v2\/media\/4555"}],"wp:attachment":[{"href":"https:\/\/daisyjames.eu\/es\/wp-json\/wp\/v2\/media?parent=34174"}],"curies":[{"name":"wp","href":"https:\/\/api.w.org\/{rel}","templated":true}]}}