
{"id":14417,"date":"2023-07-19T10:56:04","date_gmt":"2023-07-19T10:56:04","guid":{"rendered":"https:\/\/daisyjames.dev001.booom.digital\/collection\/the-bird-of-paradise-colour\/"},"modified":"2026-03-24T11:25:34","modified_gmt":"2026-03-24T11:25:34","slug":"the-bird-of-paradise-colour","status":"publish","type":"product","link":"https:\/\/daisyjames.eu\/es\/collections\/the-bird-of-paradise-colour\/","title":{"rendered":"The Bird Of Paradise Colour"},"content":{"rendered":"","protected":false},"excerpt":{"rendered":"<p>En el para\u00edso, los p\u00e1jaros prosperan con abundante comida, lo que permite a algunos pap\u00e1s-p\u00e1jaros centrarse \u00fanicamente en los rituales de apareamiento. Sus extra\u00f1os pero cautivadores cantos y coreograf\u00edas evolucionan constantemente debido a la competencia. Estas maravillas existen en Pap\u00faa Nueva Guinea, Indonesia y el noreste de Australia, pero la deforestaci\u00f3n amenaza su h\u00e1bitat. Capta su esplendor con el papel pintado de <strong>daisy<\/strong> <strong>james<\/strong> <em>&#8220;The Bird Of Paradise<\/em>&#8220;, un recordatorio de su belleza y de la necesidad de protegerlas.<\/p>\n","protected":false},"featured_media":36099,"comment_status":"closed","ping_status":"closed","template":"","meta":{"_acf_changed":false},"product_brand":[],"product_cat":[539,664],"product_tag":[],"class_list":{"0":"post-14417","1":"product","2":"type-product","3":"status-publish","4":"has-post-thumbnail","6":"product_cat-modern-florals-es","7":"product_cat-organic-harmony-es","8":"pa_colour-black-and-white-es","9":"pa_colour-multi-colours-es","10":"pa_colour-orange-es","11":"pa_colour-black-es","12":"pa_colour-rojo","13":"pa_colour-terra-es","14":"pa_theme-animals-es","15":"pa_theme-flowers-es","16":"pa_theme-leaves-es","17":"pa_theme-nature-es","18":"pa_theme-patterns-es","19":"pa_theme-tropical-es","21":"first","22":"instock","23":"purchasable","24":"product-type-simple"},"acf":[],"yoast_head":"<!-- This site is optimized with the Yoast SEO Premium plugin v27.3 (Yoast SEO v27.3) - https:\/\/yoast.com\/product\/yoast-seo-premium-wordpress\/ -->\n<title>The Bird Of Paradise Colour - Papel pintado | daisy james<\/title>\n<meta name=\"description\" content=\"&quot;The Bird Of Paradise Colour&quot; de daisy james capta la vibrante belleza de estas fascinantes aves, conocidas por sus cantos y rituales \u00fanicos. Este impresionante papel pintado sirve para recordar su esplendor y la importancia de proteger sus h\u00e1bitats amenazados.Frase clave:\" \/>\n<meta name=\"robots\" content=\"index, follow, max-snippet:-1, max-image-preview:large, max-video-preview:-1\" \/>\n<link rel=\"canonical\" href=\"https:\/\/daisyjames.eu\/es\/collections\/the-bird-of-paradise-colour\/\" \/>\n<script type=\"application\/ld+json\" class=\"yoast-schema-graph\">{\"@context\":\"https:\\\/\\\/schema.org\",\"@graph\":[{\"@type\":\"WebPage\",\"@id\":\"https:\\\/\\\/daisyjames.eu\\\/es\\\/collections\\\/the-bird-of-paradise-colour\\\/\",\"url\":\"https:\\\/\\\/daisyjames.eu\\\/es\\\/collections\\\/the-bird-of-paradise-colour\\\/\",\"name\":\"The Bird Of Paradise Colour - Papel pintado | daisy james\",\"isPartOf\":{\"@id\":\"https:\\\/\\\/daisyjames.eu\\\/#website\"},\"primaryImageOfPage\":{\"@id\":\"https:\\\/\\\/daisyjames.eu\\\/es\\\/collections\\\/the-bird-of-paradise-colour\\\/#primaryimage\"},\"image\":{\"@id\":\"https:\\\/\\\/daisyjames.eu\\\/es\\\/collections\\\/the-bird-of-paradise-colour\\\/#primaryimage\"},\"thumbnailUrl\":\"https:\\\/\\\/daisyjames.eu\\\/wp-content\\\/uploads\\\/2024\\\/06\\\/dj218-the-bird-of-paradise-colour-1-scaled.jpg\",\"datePublished\":\"2023-07-19T10:56:04+00:00\",\"dateModified\":\"2026-03-24T11:25:34+00:00\",\"description\":\"\\\"The Bird Of Paradise Colour\\\" de daisy james capta la vibrante belleza de estas fascinantes aves, conocidas por sus cantos y rituales \u00fanicos. Este impresionante papel pintado sirve para recordar su esplendor y la importancia de proteger sus h\u00e1bitats amenazados.Frase clave:\",\"breadcrumb\":{\"@id\":\"https:\\\/\\\/daisyjames.eu\\\/es\\\/collections\\\/the-bird-of-paradise-colour\\\/#breadcrumb\"},\"inLanguage\":\"es\",\"potentialAction\":[{\"@type\":\"ReadAction\",\"target\":[\"https:\\\/\\\/daisyjames.eu\\\/es\\\/collections\\\/the-bird-of-paradise-colour\\\/\"]}]},{\"@type\":\"ImageObject\",\"inLanguage\":\"es\",\"@id\":\"https:\\\/\\\/daisyjames.eu\\\/es\\\/collections\\\/the-bird-of-paradise-colour\\\/#primaryimage\",\"url\":\"https:\\\/\\\/daisyjames.eu\\\/wp-content\\\/uploads\\\/2024\\\/06\\\/dj218-the-bird-of-paradise-colour-1-scaled.jpg\",\"contentUrl\":\"https:\\\/\\\/daisyjames.eu\\\/wp-content\\\/uploads\\\/2024\\\/06\\\/dj218-the-bird-of-paradise-colour-1-scaled.jpg\",\"width\":2008,\"height\":2560},{\"@type\":\"BreadcrumbList\",\"@id\":\"https:\\\/\\\/daisyjames.eu\\\/es\\\/collections\\\/the-bird-of-paradise-colour\\\/#breadcrumb\",\"itemListElement\":[{\"@type\":\"ListItem\",\"position\":1,\"name\":\"Home\",\"item\":\"https:\\\/\\\/daisyjames.eu\\\/es\\\/\"},{\"@type\":\"ListItem\",\"position\":2,\"name\":\"Todos los revestimientos murales\",\"item\":\"https:\\\/\\\/daisyjames.eu\\\/es\\\/tienda\\\/\"},{\"@type\":\"ListItem\",\"position\":3,\"name\":\"The Bird Of Paradise Colour\"}]},{\"@type\":\"WebSite\",\"@id\":\"https:\\\/\\\/daisyjames.eu\\\/#website\",\"url\":\"https:\\\/\\\/daisyjames.eu\\\/\",\"name\":\"Daisy James\",\"description\":\"\",\"publisher\":{\"@id\":\"https:\\\/\\\/daisyjames.eu\\\/#organization\"},\"potentialAction\":[{\"@type\":\"SearchAction\",\"target\":{\"@type\":\"EntryPoint\",\"urlTemplate\":\"https:\\\/\\\/daisyjames.eu\\\/?s={search_term_string}\"},\"query-input\":{\"@type\":\"PropertyValueSpecification\",\"valueRequired\":true,\"valueName\":\"search_term_string\"}}],\"inLanguage\":\"es\"},{\"@type\":\"Organization\",\"@id\":\"https:\\\/\\\/daisyjames.eu\\\/#organization\",\"name\":\"Daisy James\",\"url\":\"https:\\\/\\\/daisyjames.eu\\\/\",\"logo\":{\"@type\":\"ImageObject\",\"inLanguage\":\"es\",\"@id\":\"https:\\\/\\\/daisyjames.eu\\\/#\\\/schema\\\/logo\\\/image\\\/\",\"url\":\"https:\\\/\\\/daisyjames.eu\\\/wp-content\\\/uploads\\\/2024\\\/09\\\/LogoDJzwart-1.png\",\"contentUrl\":\"https:\\\/\\\/daisyjames.eu\\\/wp-content\\\/uploads\\\/2024\\\/09\\\/LogoDJzwart-1.png\",\"width\":1125,\"height\":199,\"caption\":\"Daisy James\"},\"image\":{\"@id\":\"https:\\\/\\\/daisyjames.eu\\\/#\\\/schema\\\/logo\\\/image\\\/\"},\"sameAs\":[\"https:\\\/\\\/www.facebook.com\\\/Daisyjamesinteriorwallcovering\\\/\",\"https:\\\/\\\/x.com\\\/daisyjamesinterior\",\"https:\\\/\\\/pinterest.com\\\/daisyjameswallcovers\\\/\",\"https:\\\/\\\/nl.linkedin.com\\\/company\\\/d-a-i-s-y-j-a-m-e-s-interior-collection\"]}]}<\/script>\n<!-- \/ Yoast SEO Premium plugin. -->","yoast_head_json":{"title":"The Bird Of Paradise Colour - Papel pintado | daisy james","description":"\"The Bird Of Paradise Colour\" de daisy james capta la vibrante belleza de estas fascinantes aves, conocidas por sus cantos y rituales \u00fanicos. Este impresionante papel pintado sirve para recordar su esplendor y la importancia de proteger sus h\u00e1bitats amenazados.Frase clave:","robots":{"index":"index","follow":"follow","max-snippet":"max-snippet:-1","max-image-preview":"max-image-preview:large","max-video-preview":"max-video-preview:-1"},"canonical":"https:\/\/daisyjames.eu\/es\/collections\/the-bird-of-paradise-colour\/","schema":{"@context":"https:\/\/schema.org","@graph":[{"@type":"WebPage","@id":"https:\/\/daisyjames.eu\/es\/collections\/the-bird-of-paradise-colour\/","url":"https:\/\/daisyjames.eu\/es\/collections\/the-bird-of-paradise-colour\/","name":"The Bird Of Paradise Colour - Papel pintado | daisy james","isPartOf":{"@id":"https:\/\/daisyjames.eu\/#website"},"primaryImageOfPage":{"@id":"https:\/\/daisyjames.eu\/es\/collections\/the-bird-of-paradise-colour\/#primaryimage"},"image":{"@id":"https:\/\/daisyjames.eu\/es\/collections\/the-bird-of-paradise-colour\/#primaryimage"},"thumbnailUrl":"https:\/\/daisyjames.eu\/wp-content\/uploads\/2024\/06\/dj218-the-bird-of-paradise-colour-1-scaled.jpg","datePublished":"2023-07-19T10:56:04+00:00","dateModified":"2026-03-24T11:25:34+00:00","description":"\"The Bird Of Paradise Colour\" de daisy james capta la vibrante belleza de estas fascinantes aves, conocidas por sus cantos y rituales \u00fanicos. Este impresionante papel pintado sirve para recordar su esplendor y la importancia de proteger sus h\u00e1bitats amenazados.Frase clave:","breadcrumb":{"@id":"https:\/\/daisyjames.eu\/es\/collections\/the-bird-of-paradise-colour\/#breadcrumb"},"inLanguage":"es","potentialAction":[{"@type":"ReadAction","target":["https:\/\/daisyjames.eu\/es\/collections\/the-bird-of-paradise-colour\/"]}]},{"@type":"ImageObject","inLanguage":"es","@id":"https:\/\/daisyjames.eu\/es\/collections\/the-bird-of-paradise-colour\/#primaryimage","url":"https:\/\/daisyjames.eu\/wp-content\/uploads\/2024\/06\/dj218-the-bird-of-paradise-colour-1-scaled.jpg","contentUrl":"https:\/\/daisyjames.eu\/wp-content\/uploads\/2024\/06\/dj218-the-bird-of-paradise-colour-1-scaled.jpg","width":2008,"height":2560},{"@type":"BreadcrumbList","@id":"https:\/\/daisyjames.eu\/es\/collections\/the-bird-of-paradise-colour\/#breadcrumb","itemListElement":[{"@type":"ListItem","position":1,"name":"Home","item":"https:\/\/daisyjames.eu\/es\/"},{"@type":"ListItem","position":2,"name":"Todos los revestimientos murales","item":"https:\/\/daisyjames.eu\/es\/tienda\/"},{"@type":"ListItem","position":3,"name":"The Bird Of Paradise Colour"}]},{"@type":"WebSite","@id":"https:\/\/daisyjames.eu\/#website","url":"https:\/\/daisyjames.eu\/","name":"Daisy James","description":"","publisher":{"@id":"https:\/\/daisyjames.eu\/#organization"},"potentialAction":[{"@type":"SearchAction","target":{"@type":"EntryPoint","urlTemplate":"https:\/\/daisyjames.eu\/?s={search_term_string}"},"query-input":{"@type":"PropertyValueSpecification","valueRequired":true,"valueName":"search_term_string"}}],"inLanguage":"es"},{"@type":"Organization","@id":"https:\/\/daisyjames.eu\/#organization","name":"Daisy James","url":"https:\/\/daisyjames.eu\/","logo":{"@type":"ImageObject","inLanguage":"es","@id":"https:\/\/daisyjames.eu\/#\/schema\/logo\/image\/","url":"https:\/\/daisyjames.eu\/wp-content\/uploads\/2024\/09\/LogoDJzwart-1.png","contentUrl":"https:\/\/daisyjames.eu\/wp-content\/uploads\/2024\/09\/LogoDJzwart-1.png","width":1125,"height":199,"caption":"Daisy James"},"image":{"@id":"https:\/\/daisyjames.eu\/#\/schema\/logo\/image\/"},"sameAs":["https:\/\/www.facebook.com\/Daisyjamesinteriorwallcovering\/","https:\/\/x.com\/daisyjamesinterior","https:\/\/pinterest.com\/daisyjameswallcovers\/","https:\/\/nl.linkedin.com\/company\/d-a-i-s-y-j-a-m-e-s-interior-collection"]}]}},"_links":{"self":[{"href":"https:\/\/daisyjames.eu\/es\/wp-json\/wp\/v2\/product\/14417","targetHints":{"allow":["GET"]}}],"collection":[{"href":"https:\/\/daisyjames.eu\/es\/wp-json\/wp\/v2\/product"}],"about":[{"href":"https:\/\/daisyjames.eu\/es\/wp-json\/wp\/v2\/types\/product"}],"replies":[{"embeddable":true,"href":"https:\/\/daisyjames.eu\/es\/wp-json\/wp\/v2\/comments?post=14417"}],"wp:featuredmedia":[{"embeddable":true,"href":"https:\/\/daisyjames.eu\/es\/wp-json\/wp\/v2\/media\/36099"}],"wp:attachment":[{"href":"https:\/\/daisyjames.eu\/es\/wp-json\/wp\/v2\/media?parent=14417"}],"wp:term":[{"taxonomy":"product_brand","embeddable":true,"href":"https:\/\/daisyjames.eu\/es\/wp-json\/wp\/v2\/product_brand?post=14417"},{"taxonomy":"product_cat","embeddable":true,"href":"https:\/\/daisyjames.eu\/es\/wp-json\/wp\/v2\/product_cat?post=14417"},{"taxonomy":"product_tag","embeddable":true,"href":"https:\/\/daisyjames.eu\/es\/wp-json\/wp\/v2\/product_tag?post=14417"}],"curies":[{"name":"wp","href":"https:\/\/api.w.org\/{rel}","templated":true}]}}