
{"id":15284,"date":"2023-06-30T20:33:19","date_gmt":"2023-06-30T20:33:19","guid":{"rendered":"https:\/\/daisyjames.dev001.booom.digital\/collection\/the-areca-grey\/"},"modified":"2025-11-19T09:07:26","modified_gmt":"2025-11-19T09:07:26","slug":"the-areca-grey","status":"publish","type":"product","link":"https:\/\/daisyjames.eu\/es\/collections\/the-areca-grey\/","title":{"rendered":"The Areca Grey"},"content":{"rendered":"","protected":false},"excerpt":{"rendered":"<p>Eleva tu espacio con el encanto simb\u00f3lico de <em>&#8220;The Areca Grey&#8221;<\/em> de <strong>daisy james<\/strong>. Sum\u00e9rgete en la acogedora tranquilidad que aporta, adornado con gr\u00e1ciles hojas de palmera que evocan el esp\u00edritu de los antiguos oasis y el Delta del Nilo. Este papel pintado invita a una sensaci\u00f3n de calma y hospitalidad, creando un oasis de serenidad en tu entorno. Palabras clave como &#8220;encanto simb\u00f3lico&#8221;, &#8220;tranquilidad acogedora&#8221; y &#8220;elegantes hojas de palmera&#8221; encapsulan la esencia de este sofisticado dise\u00f1o, realzando tu espacio con una belleza atemporal y evocadora.<\/p>\n","protected":false},"featured_media":11003,"comment_status":"closed","ping_status":"closed","template":"","meta":{"_acf_changed":false},"product_brand":[],"product_cat":[664],"product_tag":[],"class_list":{"0":"post-15284","1":"product","2":"type-product","3":"status-publish","4":"has-post-thumbnail","6":"product_cat-organic-harmony-es","7":"pa_colour-black-and-white-es","8":"pa_colour-greys-es","9":"pa_colour-black-es","10":"pa_colour-greens-es","11":"pa_colour-dark-green-es","12":"pa_theme-basics-es","13":"pa_theme-leaves-es","14":"pa_theme-nature-es","16":"first","17":"instock","18":"purchasable","19":"product-type-simple"},"acf":[],"yoast_head":"<!-- This site is optimized with the Yoast SEO Premium plugin v27.3 (Yoast SEO v27.3) - https:\/\/yoast.com\/product\/yoast-seo-premium-wordpress\/ -->\n<title>The Areca Grey - Papel pintado hoja de palmera | daisy james<\/title>\n<meta name=\"description\" content=\"&quot;La Areca Grey&quot; de daisy james: elegante papel pintado con graciosas hojas de palmera. Aporta encanto simb\u00f3lico, tranquilidad y belleza atemporal a los interiores.\" \/>\n<meta name=\"robots\" content=\"index, follow, max-snippet:-1, max-image-preview:large, max-video-preview:-1\" \/>\n<link rel=\"canonical\" href=\"https:\/\/daisyjames.eu\/es\/collections\/the-areca-grey\/\" \/>\n<script type=\"application\/ld+json\" class=\"yoast-schema-graph\">{\"@context\":\"https:\\\/\\\/schema.org\",\"@graph\":[{\"@type\":\"WebPage\",\"@id\":\"https:\\\/\\\/daisyjames.eu\\\/es\\\/collections\\\/the-areca-grey\\\/\",\"url\":\"https:\\\/\\\/daisyjames.eu\\\/es\\\/collections\\\/the-areca-grey\\\/\",\"name\":\"The Areca Grey - Papel pintado hoja de palmera | daisy james\",\"isPartOf\":{\"@id\":\"https:\\\/\\\/daisyjames.eu\\\/es\\\/#website\"},\"primaryImageOfPage\":{\"@id\":\"https:\\\/\\\/daisyjames.eu\\\/es\\\/collections\\\/the-areca-grey\\\/#primaryimage\"},\"image\":{\"@id\":\"https:\\\/\\\/daisyjames.eu\\\/es\\\/collections\\\/the-areca-grey\\\/#primaryimage\"},\"thumbnailUrl\":\"https:\\\/\\\/daisyjames.eu\\\/wp-content\\\/uploads\\\/2024\\\/07\\\/dj141-the-areca-grey-1.jpg\",\"datePublished\":\"2023-06-30T20:33:19+00:00\",\"dateModified\":\"2025-11-19T09:07:26+00:00\",\"description\":\"\\\"La Areca Grey\\\" de daisy james: elegante papel pintado con graciosas hojas de palmera. Aporta encanto simb\u00f3lico, tranquilidad y belleza atemporal a los interiores.\",\"breadcrumb\":{\"@id\":\"https:\\\/\\\/daisyjames.eu\\\/es\\\/collections\\\/the-areca-grey\\\/#breadcrumb\"},\"inLanguage\":\"es\",\"potentialAction\":[{\"@type\":\"ReadAction\",\"target\":[\"https:\\\/\\\/daisyjames.eu\\\/es\\\/collections\\\/the-areca-grey\\\/\"]}]},{\"@type\":\"ImageObject\",\"inLanguage\":\"es\",\"@id\":\"https:\\\/\\\/daisyjames.eu\\\/es\\\/collections\\\/the-areca-grey\\\/#primaryimage\",\"url\":\"https:\\\/\\\/daisyjames.eu\\\/wp-content\\\/uploads\\\/2024\\\/07\\\/dj141-the-areca-grey-1.jpg\",\"contentUrl\":\"https:\\\/\\\/daisyjames.eu\\\/wp-content\\\/uploads\\\/2024\\\/07\\\/dj141-the-areca-grey-1.jpg\",\"width\":1635,\"height\":1951},{\"@type\":\"BreadcrumbList\",\"@id\":\"https:\\\/\\\/daisyjames.eu\\\/es\\\/collections\\\/the-areca-grey\\\/#breadcrumb\",\"itemListElement\":[{\"@type\":\"ListItem\",\"position\":1,\"name\":\"Home\",\"item\":\"https:\\\/\\\/daisyjames.eu\\\/es\\\/\"},{\"@type\":\"ListItem\",\"position\":2,\"name\":\"Todos los revestimientos murales\",\"item\":\"https:\\\/\\\/daisyjames.eu\\\/es\\\/tienda\\\/\"},{\"@type\":\"ListItem\",\"position\":3,\"name\":\"The Areca Grey\"}]},{\"@type\":\"WebSite\",\"@id\":\"https:\\\/\\\/daisyjames.eu\\\/es\\\/#website\",\"url\":\"https:\\\/\\\/daisyjames.eu\\\/es\\\/\",\"name\":\"Daisy James\",\"description\":\"\",\"publisher\":{\"@id\":\"https:\\\/\\\/daisyjames.eu\\\/es\\\/#organization\"},\"potentialAction\":[{\"@type\":\"SearchAction\",\"target\":{\"@type\":\"EntryPoint\",\"urlTemplate\":\"https:\\\/\\\/daisyjames.eu\\\/es\\\/?s={search_term_string}\"},\"query-input\":{\"@type\":\"PropertyValueSpecification\",\"valueRequired\":true,\"valueName\":\"search_term_string\"}}],\"inLanguage\":\"es\"},{\"@type\":\"Organization\",\"@id\":\"https:\\\/\\\/daisyjames.eu\\\/es\\\/#organization\",\"name\":\"Daisy James\",\"url\":\"https:\\\/\\\/daisyjames.eu\\\/es\\\/\",\"logo\":{\"@type\":\"ImageObject\",\"inLanguage\":\"es\",\"@id\":\"https:\\\/\\\/daisyjames.eu\\\/es\\\/#\\\/schema\\\/logo\\\/image\\\/\",\"url\":\"https:\\\/\\\/daisyjames.eu\\\/wp-content\\\/uploads\\\/2024\\\/09\\\/LogoDJzwart-1.png\",\"contentUrl\":\"https:\\\/\\\/daisyjames.eu\\\/wp-content\\\/uploads\\\/2024\\\/09\\\/LogoDJzwart-1.png\",\"width\":1125,\"height\":199,\"caption\":\"Daisy James\"},\"image\":{\"@id\":\"https:\\\/\\\/daisyjames.eu\\\/es\\\/#\\\/schema\\\/logo\\\/image\\\/\"},\"sameAs\":[\"https:\\\/\\\/www.facebook.com\\\/Daisyjamesinteriorwallcovering\\\/\",\"https:\\\/\\\/x.com\\\/daisyjamesinterior\",\"https:\\\/\\\/pinterest.com\\\/daisyjameswallcovers\\\/\",\"https:\\\/\\\/nl.linkedin.com\\\/company\\\/d-a-i-s-y-j-a-m-e-s-interior-collection\"]}]}<\/script>\n<!-- \/ Yoast SEO Premium plugin. -->","yoast_head_json":{"title":"The Areca Grey - Papel pintado hoja de palmera | daisy james","description":"\"La Areca Grey\" de daisy james: elegante papel pintado con graciosas hojas de palmera. Aporta encanto simb\u00f3lico, tranquilidad y belleza atemporal a los interiores.","robots":{"index":"index","follow":"follow","max-snippet":"max-snippet:-1","max-image-preview":"max-image-preview:large","max-video-preview":"max-video-preview:-1"},"canonical":"https:\/\/daisyjames.eu\/es\/collections\/the-areca-grey\/","schema":{"@context":"https:\/\/schema.org","@graph":[{"@type":"WebPage","@id":"https:\/\/daisyjames.eu\/es\/collections\/the-areca-grey\/","url":"https:\/\/daisyjames.eu\/es\/collections\/the-areca-grey\/","name":"The Areca Grey - Papel pintado hoja de palmera | daisy james","isPartOf":{"@id":"https:\/\/daisyjames.eu\/es\/#website"},"primaryImageOfPage":{"@id":"https:\/\/daisyjames.eu\/es\/collections\/the-areca-grey\/#primaryimage"},"image":{"@id":"https:\/\/daisyjames.eu\/es\/collections\/the-areca-grey\/#primaryimage"},"thumbnailUrl":"https:\/\/daisyjames.eu\/wp-content\/uploads\/2024\/07\/dj141-the-areca-grey-1.jpg","datePublished":"2023-06-30T20:33:19+00:00","dateModified":"2025-11-19T09:07:26+00:00","description":"\"La Areca Grey\" de daisy james: elegante papel pintado con graciosas hojas de palmera. Aporta encanto simb\u00f3lico, tranquilidad y belleza atemporal a los interiores.","breadcrumb":{"@id":"https:\/\/daisyjames.eu\/es\/collections\/the-areca-grey\/#breadcrumb"},"inLanguage":"es","potentialAction":[{"@type":"ReadAction","target":["https:\/\/daisyjames.eu\/es\/collections\/the-areca-grey\/"]}]},{"@type":"ImageObject","inLanguage":"es","@id":"https:\/\/daisyjames.eu\/es\/collections\/the-areca-grey\/#primaryimage","url":"https:\/\/daisyjames.eu\/wp-content\/uploads\/2024\/07\/dj141-the-areca-grey-1.jpg","contentUrl":"https:\/\/daisyjames.eu\/wp-content\/uploads\/2024\/07\/dj141-the-areca-grey-1.jpg","width":1635,"height":1951},{"@type":"BreadcrumbList","@id":"https:\/\/daisyjames.eu\/es\/collections\/the-areca-grey\/#breadcrumb","itemListElement":[{"@type":"ListItem","position":1,"name":"Home","item":"https:\/\/daisyjames.eu\/es\/"},{"@type":"ListItem","position":2,"name":"Todos los revestimientos murales","item":"https:\/\/daisyjames.eu\/es\/tienda\/"},{"@type":"ListItem","position":3,"name":"The Areca Grey"}]},{"@type":"WebSite","@id":"https:\/\/daisyjames.eu\/es\/#website","url":"https:\/\/daisyjames.eu\/es\/","name":"Daisy James","description":"","publisher":{"@id":"https:\/\/daisyjames.eu\/es\/#organization"},"potentialAction":[{"@type":"SearchAction","target":{"@type":"EntryPoint","urlTemplate":"https:\/\/daisyjames.eu\/es\/?s={search_term_string}"},"query-input":{"@type":"PropertyValueSpecification","valueRequired":true,"valueName":"search_term_string"}}],"inLanguage":"es"},{"@type":"Organization","@id":"https:\/\/daisyjames.eu\/es\/#organization","name":"Daisy James","url":"https:\/\/daisyjames.eu\/es\/","logo":{"@type":"ImageObject","inLanguage":"es","@id":"https:\/\/daisyjames.eu\/es\/#\/schema\/logo\/image\/","url":"https:\/\/daisyjames.eu\/wp-content\/uploads\/2024\/09\/LogoDJzwart-1.png","contentUrl":"https:\/\/daisyjames.eu\/wp-content\/uploads\/2024\/09\/LogoDJzwart-1.png","width":1125,"height":199,"caption":"Daisy James"},"image":{"@id":"https:\/\/daisyjames.eu\/es\/#\/schema\/logo\/image\/"},"sameAs":["https:\/\/www.facebook.com\/Daisyjamesinteriorwallcovering\/","https:\/\/x.com\/daisyjamesinterior","https:\/\/pinterest.com\/daisyjameswallcovers\/","https:\/\/nl.linkedin.com\/company\/d-a-i-s-y-j-a-m-e-s-interior-collection"]}]}},"_links":{"self":[{"href":"https:\/\/daisyjames.eu\/es\/wp-json\/wp\/v2\/product\/15284","targetHints":{"allow":["GET"]}}],"collection":[{"href":"https:\/\/daisyjames.eu\/es\/wp-json\/wp\/v2\/product"}],"about":[{"href":"https:\/\/daisyjames.eu\/es\/wp-json\/wp\/v2\/types\/product"}],"replies":[{"embeddable":true,"href":"https:\/\/daisyjames.eu\/es\/wp-json\/wp\/v2\/comments?post=15284"}],"wp:featuredmedia":[{"embeddable":true,"href":"https:\/\/daisyjames.eu\/es\/wp-json\/wp\/v2\/media\/11003"}],"wp:attachment":[{"href":"https:\/\/daisyjames.eu\/es\/wp-json\/wp\/v2\/media?parent=15284"}],"wp:term":[{"taxonomy":"product_brand","embeddable":true,"href":"https:\/\/daisyjames.eu\/es\/wp-json\/wp\/v2\/product_brand?post=15284"},{"taxonomy":"product_cat","embeddable":true,"href":"https:\/\/daisyjames.eu\/es\/wp-json\/wp\/v2\/product_cat?post=15284"},{"taxonomy":"product_tag","embeddable":true,"href":"https:\/\/daisyjames.eu\/es\/wp-json\/wp\/v2\/product_tag?post=15284"}],"curies":[{"name":"wp","href":"https:\/\/api.w.org\/{rel}","templated":true}]}}