
{"id":15565,"date":"2023-06-30T20:15:12","date_gmt":"2023-06-30T20:15:12","guid":{"rendered":"https:\/\/daisyjames.dev001.booom.digital\/collection\/the-panache-blue\/"},"modified":"2026-03-24T11:38:31","modified_gmt":"2026-03-24T11:38:31","slug":"the-panache-blue","status":"publish","type":"product","link":"https:\/\/daisyjames.eu\/es\/collections\/the-panache-blue\/","title":{"rendered":"The Panache Blue"},"content":{"rendered":"","protected":false},"excerpt":{"rendered":"<p><strong>daisy<\/strong> <strong>james<\/strong> presenta un impresionante papel pintado compuesto por plumas de trapo, disponible en cinco colores que representan el a\u00f1o chino actual. Con una gama tan amplia para elegir, puedes a\u00f1adir un toque de <strong>daisy james<\/strong> a cualquier habitaci\u00f3n, realzando su atractivo est\u00e9tico.<\/p>\n","protected":false},"featured_media":36151,"comment_status":"closed","ping_status":"closed","template":"","meta":{"_acf_changed":false},"product_brand":[],"product_cat":[516],"product_tag":[],"class_list":{"0":"post-15565","1":"product","2":"type-product","3":"status-publish","4":"has-post-thumbnail","6":"product_cat-expressive-statement-es","7":"pa_colour-blues-es","8":"pa_colour-cobalt-es","9":"pa_colour-turquose-es","10":"pa_theme-abstract-es","11":"pa_theme-basics-es","12":"pa_theme-leaves-es","13":"pa_theme-nature-es","14":"pa_theme-tropical-es","16":"first","17":"instock","18":"purchasable","19":"product-type-simple"},"acf":[],"yoast_head":"<!-- This site is optimized with the Yoast SEO Premium plugin v27.3 (Yoast SEO v27.3) - https:\/\/yoast.com\/product\/yoast-seo-premium-wordpress\/ -->\n<title>The Panache Blue- Papel pintado abstracto | daisy james<\/title>\n<meta name=\"description\" content=\"daisy james presenta un impresionante papel pintado &quot;The Panache Blue&quot; con plumas de trapo, disponible en cinco colores que representan el a\u00f1o chino actual. Este dise\u00f1o vers\u00e1til realza cualquier habitaci\u00f3n con su atractivo est\u00e9tico \u00fanico.\" \/>\n<meta name=\"robots\" content=\"index, follow, max-snippet:-1, max-image-preview:large, max-video-preview:-1\" \/>\n<link rel=\"canonical\" href=\"https:\/\/daisyjames.eu\/es\/collections\/the-panache-blue\/\" \/>\n<script type=\"application\/ld+json\" class=\"yoast-schema-graph\">{\"@context\":\"https:\\\/\\\/schema.org\",\"@graph\":[{\"@type\":\"WebPage\",\"@id\":\"https:\\\/\\\/daisyjames.eu\\\/es\\\/collections\\\/the-panache-blue\\\/\",\"url\":\"https:\\\/\\\/daisyjames.eu\\\/es\\\/collections\\\/the-panache-blue\\\/\",\"name\":\"The Panache Blue- Papel pintado abstracto | daisy james\",\"isPartOf\":{\"@id\":\"https:\\\/\\\/daisyjames.eu\\\/#website\"},\"primaryImageOfPage\":{\"@id\":\"https:\\\/\\\/daisyjames.eu\\\/es\\\/collections\\\/the-panache-blue\\\/#primaryimage\"},\"image\":{\"@id\":\"https:\\\/\\\/daisyjames.eu\\\/es\\\/collections\\\/the-panache-blue\\\/#primaryimage\"},\"thumbnailUrl\":\"https:\\\/\\\/daisyjames.eu\\\/wp-content\\\/uploads\\\/2024\\\/07\\\/dj217-the-panache-blue-1-scaled.jpg\",\"datePublished\":\"2023-06-30T20:15:12+00:00\",\"dateModified\":\"2026-03-24T11:38:31+00:00\",\"description\":\"daisy james presenta un impresionante papel pintado \\\"The Panache Blue\\\" con plumas de trapo, disponible en cinco colores que representan el a\u00f1o chino actual. Este dise\u00f1o vers\u00e1til realza cualquier habitaci\u00f3n con su atractivo est\u00e9tico \u00fanico.\",\"breadcrumb\":{\"@id\":\"https:\\\/\\\/daisyjames.eu\\\/es\\\/collections\\\/the-panache-blue\\\/#breadcrumb\"},\"inLanguage\":\"es\",\"potentialAction\":[{\"@type\":\"ReadAction\",\"target\":[\"https:\\\/\\\/daisyjames.eu\\\/es\\\/collections\\\/the-panache-blue\\\/\"]}]},{\"@type\":\"ImageObject\",\"inLanguage\":\"es\",\"@id\":\"https:\\\/\\\/daisyjames.eu\\\/es\\\/collections\\\/the-panache-blue\\\/#primaryimage\",\"url\":\"https:\\\/\\\/daisyjames.eu\\\/wp-content\\\/uploads\\\/2024\\\/07\\\/dj217-the-panache-blue-1-scaled.jpg\",\"contentUrl\":\"https:\\\/\\\/daisyjames.eu\\\/wp-content\\\/uploads\\\/2024\\\/07\\\/dj217-the-panache-blue-1-scaled.jpg\",\"width\":2560,\"height\":1706},{\"@type\":\"BreadcrumbList\",\"@id\":\"https:\\\/\\\/daisyjames.eu\\\/es\\\/collections\\\/the-panache-blue\\\/#breadcrumb\",\"itemListElement\":[{\"@type\":\"ListItem\",\"position\":1,\"name\":\"Home\",\"item\":\"https:\\\/\\\/daisyjames.eu\\\/es\\\/\"},{\"@type\":\"ListItem\",\"position\":2,\"name\":\"Todos los revestimientos murales\",\"item\":\"https:\\\/\\\/daisyjames.eu\\\/es\\\/tienda\\\/\"},{\"@type\":\"ListItem\",\"position\":3,\"name\":\"The Panache Blue\"}]},{\"@type\":\"WebSite\",\"@id\":\"https:\\\/\\\/daisyjames.eu\\\/#website\",\"url\":\"https:\\\/\\\/daisyjames.eu\\\/\",\"name\":\"Daisy James\",\"description\":\"\",\"publisher\":{\"@id\":\"https:\\\/\\\/daisyjames.eu\\\/#organization\"},\"potentialAction\":[{\"@type\":\"SearchAction\",\"target\":{\"@type\":\"EntryPoint\",\"urlTemplate\":\"https:\\\/\\\/daisyjames.eu\\\/?s={search_term_string}\"},\"query-input\":{\"@type\":\"PropertyValueSpecification\",\"valueRequired\":true,\"valueName\":\"search_term_string\"}}],\"inLanguage\":\"es\"},{\"@type\":\"Organization\",\"@id\":\"https:\\\/\\\/daisyjames.eu\\\/#organization\",\"name\":\"Daisy James\",\"url\":\"https:\\\/\\\/daisyjames.eu\\\/\",\"logo\":{\"@type\":\"ImageObject\",\"inLanguage\":\"es\",\"@id\":\"https:\\\/\\\/daisyjames.eu\\\/#\\\/schema\\\/logo\\\/image\\\/\",\"url\":\"https:\\\/\\\/daisyjames.eu\\\/wp-content\\\/uploads\\\/2024\\\/09\\\/LogoDJzwart-1.png\",\"contentUrl\":\"https:\\\/\\\/daisyjames.eu\\\/wp-content\\\/uploads\\\/2024\\\/09\\\/LogoDJzwart-1.png\",\"width\":1125,\"height\":199,\"caption\":\"Daisy James\"},\"image\":{\"@id\":\"https:\\\/\\\/daisyjames.eu\\\/#\\\/schema\\\/logo\\\/image\\\/\"},\"sameAs\":[\"https:\\\/\\\/www.facebook.com\\\/Daisyjamesinteriorwallcovering\\\/\",\"https:\\\/\\\/x.com\\\/daisyjamesinterior\",\"https:\\\/\\\/pinterest.com\\\/daisyjameswallcovers\\\/\",\"https:\\\/\\\/nl.linkedin.com\\\/company\\\/d-a-i-s-y-j-a-m-e-s-interior-collection\"]}]}<\/script>\n<!-- \/ Yoast SEO Premium plugin. -->","yoast_head_json":{"title":"The Panache Blue- Papel pintado abstracto | daisy james","description":"daisy james presenta un impresionante papel pintado \"The Panache Blue\" con plumas de trapo, disponible en cinco colores que representan el a\u00f1o chino actual. Este dise\u00f1o vers\u00e1til realza cualquier habitaci\u00f3n con su atractivo est\u00e9tico \u00fanico.","robots":{"index":"index","follow":"follow","max-snippet":"max-snippet:-1","max-image-preview":"max-image-preview:large","max-video-preview":"max-video-preview:-1"},"canonical":"https:\/\/daisyjames.eu\/es\/collections\/the-panache-blue\/","schema":{"@context":"https:\/\/schema.org","@graph":[{"@type":"WebPage","@id":"https:\/\/daisyjames.eu\/es\/collections\/the-panache-blue\/","url":"https:\/\/daisyjames.eu\/es\/collections\/the-panache-blue\/","name":"The Panache Blue- Papel pintado abstracto | daisy james","isPartOf":{"@id":"https:\/\/daisyjames.eu\/#website"},"primaryImageOfPage":{"@id":"https:\/\/daisyjames.eu\/es\/collections\/the-panache-blue\/#primaryimage"},"image":{"@id":"https:\/\/daisyjames.eu\/es\/collections\/the-panache-blue\/#primaryimage"},"thumbnailUrl":"https:\/\/daisyjames.eu\/wp-content\/uploads\/2024\/07\/dj217-the-panache-blue-1-scaled.jpg","datePublished":"2023-06-30T20:15:12+00:00","dateModified":"2026-03-24T11:38:31+00:00","description":"daisy james presenta un impresionante papel pintado \"The Panache Blue\" con plumas de trapo, disponible en cinco colores que representan el a\u00f1o chino actual. Este dise\u00f1o vers\u00e1til realza cualquier habitaci\u00f3n con su atractivo est\u00e9tico \u00fanico.","breadcrumb":{"@id":"https:\/\/daisyjames.eu\/es\/collections\/the-panache-blue\/#breadcrumb"},"inLanguage":"es","potentialAction":[{"@type":"ReadAction","target":["https:\/\/daisyjames.eu\/es\/collections\/the-panache-blue\/"]}]},{"@type":"ImageObject","inLanguage":"es","@id":"https:\/\/daisyjames.eu\/es\/collections\/the-panache-blue\/#primaryimage","url":"https:\/\/daisyjames.eu\/wp-content\/uploads\/2024\/07\/dj217-the-panache-blue-1-scaled.jpg","contentUrl":"https:\/\/daisyjames.eu\/wp-content\/uploads\/2024\/07\/dj217-the-panache-blue-1-scaled.jpg","width":2560,"height":1706},{"@type":"BreadcrumbList","@id":"https:\/\/daisyjames.eu\/es\/collections\/the-panache-blue\/#breadcrumb","itemListElement":[{"@type":"ListItem","position":1,"name":"Home","item":"https:\/\/daisyjames.eu\/es\/"},{"@type":"ListItem","position":2,"name":"Todos los revestimientos murales","item":"https:\/\/daisyjames.eu\/es\/tienda\/"},{"@type":"ListItem","position":3,"name":"The Panache Blue"}]},{"@type":"WebSite","@id":"https:\/\/daisyjames.eu\/#website","url":"https:\/\/daisyjames.eu\/","name":"Daisy James","description":"","publisher":{"@id":"https:\/\/daisyjames.eu\/#organization"},"potentialAction":[{"@type":"SearchAction","target":{"@type":"EntryPoint","urlTemplate":"https:\/\/daisyjames.eu\/?s={search_term_string}"},"query-input":{"@type":"PropertyValueSpecification","valueRequired":true,"valueName":"search_term_string"}}],"inLanguage":"es"},{"@type":"Organization","@id":"https:\/\/daisyjames.eu\/#organization","name":"Daisy James","url":"https:\/\/daisyjames.eu\/","logo":{"@type":"ImageObject","inLanguage":"es","@id":"https:\/\/daisyjames.eu\/#\/schema\/logo\/image\/","url":"https:\/\/daisyjames.eu\/wp-content\/uploads\/2024\/09\/LogoDJzwart-1.png","contentUrl":"https:\/\/daisyjames.eu\/wp-content\/uploads\/2024\/09\/LogoDJzwart-1.png","width":1125,"height":199,"caption":"Daisy James"},"image":{"@id":"https:\/\/daisyjames.eu\/#\/schema\/logo\/image\/"},"sameAs":["https:\/\/www.facebook.com\/Daisyjamesinteriorwallcovering\/","https:\/\/x.com\/daisyjamesinterior","https:\/\/pinterest.com\/daisyjameswallcovers\/","https:\/\/nl.linkedin.com\/company\/d-a-i-s-y-j-a-m-e-s-interior-collection"]}]}},"_links":{"self":[{"href":"https:\/\/daisyjames.eu\/es\/wp-json\/wp\/v2\/product\/15565","targetHints":{"allow":["GET"]}}],"collection":[{"href":"https:\/\/daisyjames.eu\/es\/wp-json\/wp\/v2\/product"}],"about":[{"href":"https:\/\/daisyjames.eu\/es\/wp-json\/wp\/v2\/types\/product"}],"replies":[{"embeddable":true,"href":"https:\/\/daisyjames.eu\/es\/wp-json\/wp\/v2\/comments?post=15565"}],"wp:featuredmedia":[{"embeddable":true,"href":"https:\/\/daisyjames.eu\/es\/wp-json\/wp\/v2\/media\/36151"}],"wp:attachment":[{"href":"https:\/\/daisyjames.eu\/es\/wp-json\/wp\/v2\/media?parent=15565"}],"wp:term":[{"taxonomy":"product_brand","embeddable":true,"href":"https:\/\/daisyjames.eu\/es\/wp-json\/wp\/v2\/product_brand?post=15565"},{"taxonomy":"product_cat","embeddable":true,"href":"https:\/\/daisyjames.eu\/es\/wp-json\/wp\/v2\/product_cat?post=15565"},{"taxonomy":"product_tag","embeddable":true,"href":"https:\/\/daisyjames.eu\/es\/wp-json\/wp\/v2\/product_tag?post=15565"}],"curies":[{"name":"wp","href":"https:\/\/api.w.org\/{rel}","templated":true}]}}