
{"id":15829,"date":"2023-06-30T19:50:41","date_gmt":"2023-06-30T19:50:41","guid":{"rendered":"https:\/\/daisyjames.dev001.booom.digital\/collection\/the-jumbo-beige\/"},"modified":"2025-11-20T11:04:30","modified_gmt":"2025-11-20T11:04:30","slug":"the-jumbo-beige","status":"publish","type":"product","link":"https:\/\/daisyjames.eu\/es\/collections\/the-jumbo-beige\/","title":{"rendered":"The Jumbo Beige"},"content":{"rendered":"","protected":false},"excerpt":{"rendered":"<p>Nuestro m\u00edstico papel pintado <strong>daisy<\/strong> <strong>james<\/strong> se inspira en el sagrado monte Meru, donde crecen los \u00e1rboles Jambu, de los que se dice que dan \u00e1rboles tan grandes como elefantes. El famoso elefante del zoo de Londres, Jumbo, recibi\u00f3 su nombre de estos \u00e1rboles. Su historia cautiv\u00f3 corazones, ya que 100.000 escolares suplicaron a la reina Victoria que impidiera su venta. Los elefantes, con su grandeza y su naturaleza gentil, siempre nos han fascinado, por lo que encajan perfectamente en este encantador papel pintado. <span style=\"color: #ffffff;\">&#8212;&#8212;&#8212;&#8212;&#8212;&#8212;&#8212;&#8212;&#8212;&#8212;&#8212;&#8212;&#8212;&#8212;&#8212;&#8212;&#8212;&#8212;&#8212;&#8212;&#8212;&#8212;&#8212;&#8212;&#8212;&#8212;&#8212;&#8212;&#8212;&#8212;&#8212;&#8212;&#8212;&#8212;&#8212;&#8212;&#8212;&#8212;&#8212;&#8212;&#8212;&#8212;&#8212;&#8212;&#8212;&#8212;&#8212;&#8212;&#8212;&#8212;&#8212;&#8212;&#8212;&#8212;&#8212;&#8212;&#8212;&#8212;&#8212;&#8212;&#8212;&#8212;&#8212;&#8212;&#8212;&#8212;&#8212;&#8212;&#8212;&#8212;&#8212;&#8212;&#8212;&#8212;&#8212;&#8212;&#8212;&#8212;&#8212;&#8212;&#8212;&#8212;&#8212;&#8212;&#8212;&#8212;&#8212;&#8212;&#8212;&#8212;&#8212;&#8212;&#8212;&#8212;&#8212;&#8212;&#8212;&#8212;&#8212;&#8212;&#8212;&#8212;&#8212;&#8212;&#8212;&#8212;&#8212;&#8212;&#8212;&#8212;&#8212;&#8212;&#8212;&#8212;&#8212;&#8212;&#8212;&#8212;&#8212;&#8212;&#8212;&#8212;&#8212;&#8212;&#8212;&#8212;&#8212;&#8212;&#8212;&#8212;&#8212;&#8212;&#8212;&#8212;<\/span><\/p>\n<p>&#8220;Descubre c\u00f3mo se utiliz\u00f3 <em>&#8220;The Jumbo <\/em>&#8221; en uno de nuestros proyectos de interiores. Mira el resultado <a href=\"https:\/\/daisyjames.eu\/es\/projects\/hotel-bar-van-der-valk-duiven-paises-bajos\/\"><strong>aqu\u00ed<\/strong><\/a>&#8221; .<\/p>\n","protected":false},"featured_media":36200,"comment_status":"closed","ping_status":"closed","template":"","meta":{"_acf_changed":false},"product_brand":[],"product_cat":[789,552],"product_tag":[],"class_list":{"0":"post-15829","1":"product","2":"type-product","3":"status-publish","4":"has-post-thumbnail","6":"product_cat-cultural-fusion-es","7":"product_cat-refined-luxe-es","8":"pa_colour-beige-es","9":"pa_colour-black-and-white-es","10":"pa_colour-brown-es","11":"pa_colour-naturals-es","12":"pa_theme-animals-es","14":"first","15":"instock","16":"purchasable","17":"product-type-simple"},"acf":[],"yoast_head":"<!-- This site is optimized with the Yoast SEO Premium plugin v27.3 (Yoast SEO v27.3) - https:\/\/yoast.com\/product\/yoast-seo-premium-wordpress\/ -->\n<title>The Jumbo Beige - Papel pintado estampado | daisy james<\/title>\n<meta name=\"description\" content=\"Inspirado en el sagrado Monte Meru y los majestuosos \u00e1rboles Jambu, daisy james crea un m\u00edstico papel pintado &quot;The Jumbo beige&quot; que celebra a los elefantes y su grandeza. Este dise\u00f1o recoge la encantadora historia de Jumboo, el famoso elefante del zoo de Londres, y lleva la elegancia de la naturaleza a tu espacio.\" \/>\n<meta name=\"robots\" content=\"index, follow, max-snippet:-1, max-image-preview:large, max-video-preview:-1\" \/>\n<link rel=\"canonical\" href=\"https:\/\/daisyjames.eu\/es\/collections\/the-jumbo-beige\/\" \/>\n<script type=\"application\/ld+json\" class=\"yoast-schema-graph\">{\"@context\":\"https:\\\/\\\/schema.org\",\"@graph\":[{\"@type\":\"WebPage\",\"@id\":\"https:\\\/\\\/daisyjames.eu\\\/es\\\/collections\\\/the-jumbo-beige\\\/\",\"url\":\"https:\\\/\\\/daisyjames.eu\\\/es\\\/collections\\\/the-jumbo-beige\\\/\",\"name\":\"The Jumbo Beige - Papel pintado estampado | daisy james\",\"isPartOf\":{\"@id\":\"https:\\\/\\\/daisyjames.eu\\\/es\\\/#website\"},\"primaryImageOfPage\":{\"@id\":\"https:\\\/\\\/daisyjames.eu\\\/es\\\/collections\\\/the-jumbo-beige\\\/#primaryimage\"},\"image\":{\"@id\":\"https:\\\/\\\/daisyjames.eu\\\/es\\\/collections\\\/the-jumbo-beige\\\/#primaryimage\"},\"thumbnailUrl\":\"https:\\\/\\\/daisyjames.eu\\\/wp-content\\\/uploads\\\/2024\\\/07\\\/dj222-the-jumbo-beige-1-scaled.jpg\",\"datePublished\":\"2023-06-30T19:50:41+00:00\",\"dateModified\":\"2025-11-20T11:04:30+00:00\",\"description\":\"Inspirado en el sagrado Monte Meru y los majestuosos \u00e1rboles Jambu, daisy james crea un m\u00edstico papel pintado \\\"The Jumbo beige\\\" que celebra a los elefantes y su grandeza. Este dise\u00f1o recoge la encantadora historia de Jumboo, el famoso elefante del zoo de Londres, y lleva la elegancia de la naturaleza a tu espacio.\",\"breadcrumb\":{\"@id\":\"https:\\\/\\\/daisyjames.eu\\\/es\\\/collections\\\/the-jumbo-beige\\\/#breadcrumb\"},\"inLanguage\":\"es\",\"potentialAction\":[{\"@type\":\"ReadAction\",\"target\":[\"https:\\\/\\\/daisyjames.eu\\\/es\\\/collections\\\/the-jumbo-beige\\\/\"]}]},{\"@type\":\"ImageObject\",\"inLanguage\":\"es\",\"@id\":\"https:\\\/\\\/daisyjames.eu\\\/es\\\/collections\\\/the-jumbo-beige\\\/#primaryimage\",\"url\":\"https:\\\/\\\/daisyjames.eu\\\/wp-content\\\/uploads\\\/2024\\\/07\\\/dj222-the-jumbo-beige-1-scaled.jpg\",\"contentUrl\":\"https:\\\/\\\/daisyjames.eu\\\/wp-content\\\/uploads\\\/2024\\\/07\\\/dj222-the-jumbo-beige-1-scaled.jpg\",\"width\":2560,\"height\":1963},{\"@type\":\"BreadcrumbList\",\"@id\":\"https:\\\/\\\/daisyjames.eu\\\/es\\\/collections\\\/the-jumbo-beige\\\/#breadcrumb\",\"itemListElement\":[{\"@type\":\"ListItem\",\"position\":1,\"name\":\"Home\",\"item\":\"https:\\\/\\\/daisyjames.eu\\\/es\\\/\"},{\"@type\":\"ListItem\",\"position\":2,\"name\":\"Todos los revestimientos murales\",\"item\":\"https:\\\/\\\/daisyjames.eu\\\/es\\\/tienda\\\/\"},{\"@type\":\"ListItem\",\"position\":3,\"name\":\"The Jumbo Beige\"}]},{\"@type\":\"WebSite\",\"@id\":\"https:\\\/\\\/daisyjames.eu\\\/es\\\/#website\",\"url\":\"https:\\\/\\\/daisyjames.eu\\\/es\\\/\",\"name\":\"Daisy James\",\"description\":\"\",\"publisher\":{\"@id\":\"https:\\\/\\\/daisyjames.eu\\\/es\\\/#organization\"},\"potentialAction\":[{\"@type\":\"SearchAction\",\"target\":{\"@type\":\"EntryPoint\",\"urlTemplate\":\"https:\\\/\\\/daisyjames.eu\\\/es\\\/?s={search_term_string}\"},\"query-input\":{\"@type\":\"PropertyValueSpecification\",\"valueRequired\":true,\"valueName\":\"search_term_string\"}}],\"inLanguage\":\"es\"},{\"@type\":\"Organization\",\"@id\":\"https:\\\/\\\/daisyjames.eu\\\/es\\\/#organization\",\"name\":\"Daisy James\",\"url\":\"https:\\\/\\\/daisyjames.eu\\\/es\\\/\",\"logo\":{\"@type\":\"ImageObject\",\"inLanguage\":\"es\",\"@id\":\"https:\\\/\\\/daisyjames.eu\\\/es\\\/#\\\/schema\\\/logo\\\/image\\\/\",\"url\":\"https:\\\/\\\/daisyjames.eu\\\/wp-content\\\/uploads\\\/2024\\\/09\\\/LogoDJzwart-1.png\",\"contentUrl\":\"https:\\\/\\\/daisyjames.eu\\\/wp-content\\\/uploads\\\/2024\\\/09\\\/LogoDJzwart-1.png\",\"width\":1125,\"height\":199,\"caption\":\"Daisy James\"},\"image\":{\"@id\":\"https:\\\/\\\/daisyjames.eu\\\/es\\\/#\\\/schema\\\/logo\\\/image\\\/\"},\"sameAs\":[\"https:\\\/\\\/www.facebook.com\\\/Daisyjamesinteriorwallcovering\\\/\",\"https:\\\/\\\/x.com\\\/daisyjamesinterior\",\"https:\\\/\\\/pinterest.com\\\/daisyjameswallcovers\\\/\",\"https:\\\/\\\/nl.linkedin.com\\\/company\\\/d-a-i-s-y-j-a-m-e-s-interior-collection\"]}]}<\/script>\n<!-- \/ Yoast SEO Premium plugin. -->","yoast_head_json":{"title":"The Jumbo Beige - Papel pintado estampado | daisy james","description":"Inspirado en el sagrado Monte Meru y los majestuosos \u00e1rboles Jambu, daisy james crea un m\u00edstico papel pintado \"The Jumbo beige\" que celebra a los elefantes y su grandeza. Este dise\u00f1o recoge la encantadora historia de Jumboo, el famoso elefante del zoo de Londres, y lleva la elegancia de la naturaleza a tu espacio.","robots":{"index":"index","follow":"follow","max-snippet":"max-snippet:-1","max-image-preview":"max-image-preview:large","max-video-preview":"max-video-preview:-1"},"canonical":"https:\/\/daisyjames.eu\/es\/collections\/the-jumbo-beige\/","schema":{"@context":"https:\/\/schema.org","@graph":[{"@type":"WebPage","@id":"https:\/\/daisyjames.eu\/es\/collections\/the-jumbo-beige\/","url":"https:\/\/daisyjames.eu\/es\/collections\/the-jumbo-beige\/","name":"The Jumbo Beige - Papel pintado estampado | daisy james","isPartOf":{"@id":"https:\/\/daisyjames.eu\/es\/#website"},"primaryImageOfPage":{"@id":"https:\/\/daisyjames.eu\/es\/collections\/the-jumbo-beige\/#primaryimage"},"image":{"@id":"https:\/\/daisyjames.eu\/es\/collections\/the-jumbo-beige\/#primaryimage"},"thumbnailUrl":"https:\/\/daisyjames.eu\/wp-content\/uploads\/2024\/07\/dj222-the-jumbo-beige-1-scaled.jpg","datePublished":"2023-06-30T19:50:41+00:00","dateModified":"2025-11-20T11:04:30+00:00","description":"Inspirado en el sagrado Monte Meru y los majestuosos \u00e1rboles Jambu, daisy james crea un m\u00edstico papel pintado \"The Jumbo beige\" que celebra a los elefantes y su grandeza. Este dise\u00f1o recoge la encantadora historia de Jumboo, el famoso elefante del zoo de Londres, y lleva la elegancia de la naturaleza a tu espacio.","breadcrumb":{"@id":"https:\/\/daisyjames.eu\/es\/collections\/the-jumbo-beige\/#breadcrumb"},"inLanguage":"es","potentialAction":[{"@type":"ReadAction","target":["https:\/\/daisyjames.eu\/es\/collections\/the-jumbo-beige\/"]}]},{"@type":"ImageObject","inLanguage":"es","@id":"https:\/\/daisyjames.eu\/es\/collections\/the-jumbo-beige\/#primaryimage","url":"https:\/\/daisyjames.eu\/wp-content\/uploads\/2024\/07\/dj222-the-jumbo-beige-1-scaled.jpg","contentUrl":"https:\/\/daisyjames.eu\/wp-content\/uploads\/2024\/07\/dj222-the-jumbo-beige-1-scaled.jpg","width":2560,"height":1963},{"@type":"BreadcrumbList","@id":"https:\/\/daisyjames.eu\/es\/collections\/the-jumbo-beige\/#breadcrumb","itemListElement":[{"@type":"ListItem","position":1,"name":"Home","item":"https:\/\/daisyjames.eu\/es\/"},{"@type":"ListItem","position":2,"name":"Todos los revestimientos murales","item":"https:\/\/daisyjames.eu\/es\/tienda\/"},{"@type":"ListItem","position":3,"name":"The Jumbo Beige"}]},{"@type":"WebSite","@id":"https:\/\/daisyjames.eu\/es\/#website","url":"https:\/\/daisyjames.eu\/es\/","name":"Daisy James","description":"","publisher":{"@id":"https:\/\/daisyjames.eu\/es\/#organization"},"potentialAction":[{"@type":"SearchAction","target":{"@type":"EntryPoint","urlTemplate":"https:\/\/daisyjames.eu\/es\/?s={search_term_string}"},"query-input":{"@type":"PropertyValueSpecification","valueRequired":true,"valueName":"search_term_string"}}],"inLanguage":"es"},{"@type":"Organization","@id":"https:\/\/daisyjames.eu\/es\/#organization","name":"Daisy James","url":"https:\/\/daisyjames.eu\/es\/","logo":{"@type":"ImageObject","inLanguage":"es","@id":"https:\/\/daisyjames.eu\/es\/#\/schema\/logo\/image\/","url":"https:\/\/daisyjames.eu\/wp-content\/uploads\/2024\/09\/LogoDJzwart-1.png","contentUrl":"https:\/\/daisyjames.eu\/wp-content\/uploads\/2024\/09\/LogoDJzwart-1.png","width":1125,"height":199,"caption":"Daisy James"},"image":{"@id":"https:\/\/daisyjames.eu\/es\/#\/schema\/logo\/image\/"},"sameAs":["https:\/\/www.facebook.com\/Daisyjamesinteriorwallcovering\/","https:\/\/x.com\/daisyjamesinterior","https:\/\/pinterest.com\/daisyjameswallcovers\/","https:\/\/nl.linkedin.com\/company\/d-a-i-s-y-j-a-m-e-s-interior-collection"]}]}},"_links":{"self":[{"href":"https:\/\/daisyjames.eu\/es\/wp-json\/wp\/v2\/product\/15829","targetHints":{"allow":["GET"]}}],"collection":[{"href":"https:\/\/daisyjames.eu\/es\/wp-json\/wp\/v2\/product"}],"about":[{"href":"https:\/\/daisyjames.eu\/es\/wp-json\/wp\/v2\/types\/product"}],"replies":[{"embeddable":true,"href":"https:\/\/daisyjames.eu\/es\/wp-json\/wp\/v2\/comments?post=15829"}],"wp:featuredmedia":[{"embeddable":true,"href":"https:\/\/daisyjames.eu\/es\/wp-json\/wp\/v2\/media\/36200"}],"wp:attachment":[{"href":"https:\/\/daisyjames.eu\/es\/wp-json\/wp\/v2\/media?parent=15829"}],"wp:term":[{"taxonomy":"product_brand","embeddable":true,"href":"https:\/\/daisyjames.eu\/es\/wp-json\/wp\/v2\/product_brand?post=15829"},{"taxonomy":"product_cat","embeddable":true,"href":"https:\/\/daisyjames.eu\/es\/wp-json\/wp\/v2\/product_cat?post=15829"},{"taxonomy":"product_tag","embeddable":true,"href":"https:\/\/daisyjames.eu\/es\/wp-json\/wp\/v2\/product_tag?post=15829"}],"curies":[{"name":"wp","href":"https:\/\/api.w.org\/{rel}","templated":true}]}}