
{"id":15889,"date":"2023-06-30T19:48:35","date_gmt":"2023-06-30T19:48:35","guid":{"rendered":"https:\/\/daisyjames.dev001.booom.digital\/collection\/the-virgin-forest-color\/"},"modified":"2026-03-24T11:22:29","modified_gmt":"2026-03-24T11:22:29","slug":"the-virgin-forest-color","status":"publish","type":"product","link":"https:\/\/daisyjames.eu\/es\/collections\/the-virgin-forest-color\/","title":{"rendered":"The Virgin Forest No.2"},"content":{"rendered":"","protected":false},"excerpt":{"rendered":"<p><strong>daisy james<\/strong> se esfuerza por llevar la belleza intacta de la naturaleza a tu pared. Hay un encanto \u00fanico en los lugares v\u00edrgenes, como las selvas v\u00edrgenes, donde la naturaleza permanece cerca de su estado natural, lejos de la intervenci\u00f3n humana. Como estas zonas pr\u00edstinas son cada vez m\u00e1s raras y preciosas, <strong>daisy<\/strong> <strong>james<\/strong> pretende captar su esencia, evocando en tu pared la sensaci\u00f3n de naturaleza cruda e intacta.<\/p>\n","protected":false},"featured_media":36075,"comment_status":"closed","ping_status":"closed","template":"","meta":{"_acf_changed":false},"product_brand":[],"product_cat":[664],"product_tag":[],"class_list":{"0":"post-15889","1":"product","2":"type-product","3":"status-publish","4":"has-post-thumbnail","6":"product_cat-organic-harmony-es","7":"pa_colour-yellow-green-es","8":"pa_colour-greens-es","9":"pa_colour-lime-green-es","10":"pa_colour-dark-green-es","11":"pa_theme-trees-es","12":"pa_theme-leaves-es","13":"pa_theme-nature-es","14":"pa_theme-landscape-es","15":"pa_theme-tropical-es","17":"first","18":"instock","19":"purchasable","20":"product-type-simple"},"acf":[],"yoast_head":"<!-- This site is optimized with the Yoast SEO Premium plugin v27.3 (Yoast SEO v27.3) - https:\/\/yoast.com\/product\/yoast-seo-premium-wordpress\/ -->\n<title>The Virgin Forest No.2 - Papel pintado Naturaleza intacta | daisy james<\/title>\n<meta name=\"description\" content=\"&quot;The Virgin Forest No.2&quot; de daisy james: papel pintado inspirado en bosques v\u00edrgenes. Captura la belleza en bruto de la naturaleza virgen en un dise\u00f1o atemporal.\" \/>\n<meta name=\"robots\" content=\"index, follow, max-snippet:-1, max-image-preview:large, max-video-preview:-1\" \/>\n<link rel=\"canonical\" href=\"https:\/\/daisyjames.eu\/es\/collections\/the-virgin-forest-color\/\" \/>\n<script type=\"application\/ld+json\" class=\"yoast-schema-graph\">{\"@context\":\"https:\\\/\\\/schema.org\",\"@graph\":[{\"@type\":\"WebPage\",\"@id\":\"https:\\\/\\\/daisyjames.eu\\\/es\\\/collections\\\/the-virgin-forest-color\\\/\",\"url\":\"https:\\\/\\\/daisyjames.eu\\\/es\\\/collections\\\/the-virgin-forest-color\\\/\",\"name\":\"The Virgin Forest No.2 - Papel pintado Naturaleza intacta | daisy james\",\"isPartOf\":{\"@id\":\"https:\\\/\\\/daisyjames.eu\\\/#website\"},\"primaryImageOfPage\":{\"@id\":\"https:\\\/\\\/daisyjames.eu\\\/es\\\/collections\\\/the-virgin-forest-color\\\/#primaryimage\"},\"image\":{\"@id\":\"https:\\\/\\\/daisyjames.eu\\\/es\\\/collections\\\/the-virgin-forest-color\\\/#primaryimage\"},\"thumbnailUrl\":\"https:\\\/\\\/daisyjames.eu\\\/wp-content\\\/uploads\\\/2024\\\/07\\\/dj179-the-virgin-forest-no-2-1.jpg\",\"datePublished\":\"2023-06-30T19:48:35+00:00\",\"dateModified\":\"2026-03-24T11:22:29+00:00\",\"description\":\"\\\"The Virgin Forest No.2\\\" de daisy james: papel pintado inspirado en bosques v\u00edrgenes. Captura la belleza en bruto de la naturaleza virgen en un dise\u00f1o atemporal.\",\"breadcrumb\":{\"@id\":\"https:\\\/\\\/daisyjames.eu\\\/es\\\/collections\\\/the-virgin-forest-color\\\/#breadcrumb\"},\"inLanguage\":\"es\",\"potentialAction\":[{\"@type\":\"ReadAction\",\"target\":[\"https:\\\/\\\/daisyjames.eu\\\/es\\\/collections\\\/the-virgin-forest-color\\\/\"]}]},{\"@type\":\"ImageObject\",\"inLanguage\":\"es\",\"@id\":\"https:\\\/\\\/daisyjames.eu\\\/es\\\/collections\\\/the-virgin-forest-color\\\/#primaryimage\",\"url\":\"https:\\\/\\\/daisyjames.eu\\\/wp-content\\\/uploads\\\/2024\\\/07\\\/dj179-the-virgin-forest-no-2-1.jpg\",\"contentUrl\":\"https:\\\/\\\/daisyjames.eu\\\/wp-content\\\/uploads\\\/2024\\\/07\\\/dj179-the-virgin-forest-no-2-1.jpg\",\"width\":2416,\"height\":2196},{\"@type\":\"BreadcrumbList\",\"@id\":\"https:\\\/\\\/daisyjames.eu\\\/es\\\/collections\\\/the-virgin-forest-color\\\/#breadcrumb\",\"itemListElement\":[{\"@type\":\"ListItem\",\"position\":1,\"name\":\"Home\",\"item\":\"https:\\\/\\\/daisyjames.eu\\\/es\\\/\"},{\"@type\":\"ListItem\",\"position\":2,\"name\":\"Todos los revestimientos murales\",\"item\":\"https:\\\/\\\/daisyjames.eu\\\/es\\\/tienda\\\/\"},{\"@type\":\"ListItem\",\"position\":3,\"name\":\"The Virgin Forest No.2\"}]},{\"@type\":\"WebSite\",\"@id\":\"https:\\\/\\\/daisyjames.eu\\\/#website\",\"url\":\"https:\\\/\\\/daisyjames.eu\\\/\",\"name\":\"Daisy James\",\"description\":\"\",\"publisher\":{\"@id\":\"https:\\\/\\\/daisyjames.eu\\\/#organization\"},\"potentialAction\":[{\"@type\":\"SearchAction\",\"target\":{\"@type\":\"EntryPoint\",\"urlTemplate\":\"https:\\\/\\\/daisyjames.eu\\\/?s={search_term_string}\"},\"query-input\":{\"@type\":\"PropertyValueSpecification\",\"valueRequired\":true,\"valueName\":\"search_term_string\"}}],\"inLanguage\":\"es\"},{\"@type\":\"Organization\",\"@id\":\"https:\\\/\\\/daisyjames.eu\\\/#organization\",\"name\":\"Daisy James\",\"url\":\"https:\\\/\\\/daisyjames.eu\\\/\",\"logo\":{\"@type\":\"ImageObject\",\"inLanguage\":\"es\",\"@id\":\"https:\\\/\\\/daisyjames.eu\\\/#\\\/schema\\\/logo\\\/image\\\/\",\"url\":\"https:\\\/\\\/daisyjames.eu\\\/wp-content\\\/uploads\\\/2024\\\/09\\\/LogoDJzwart-1.png\",\"contentUrl\":\"https:\\\/\\\/daisyjames.eu\\\/wp-content\\\/uploads\\\/2024\\\/09\\\/LogoDJzwart-1.png\",\"width\":1125,\"height\":199,\"caption\":\"Daisy James\"},\"image\":{\"@id\":\"https:\\\/\\\/daisyjames.eu\\\/#\\\/schema\\\/logo\\\/image\\\/\"},\"sameAs\":[\"https:\\\/\\\/www.facebook.com\\\/Daisyjamesinteriorwallcovering\\\/\",\"https:\\\/\\\/x.com\\\/daisyjamesinterior\",\"https:\\\/\\\/pinterest.com\\\/daisyjameswallcovers\\\/\",\"https:\\\/\\\/nl.linkedin.com\\\/company\\\/d-a-i-s-y-j-a-m-e-s-interior-collection\"]}]}<\/script>\n<!-- \/ Yoast SEO Premium plugin. -->","yoast_head_json":{"title":"The Virgin Forest No.2 - Papel pintado Naturaleza intacta | daisy james","description":"\"The Virgin Forest No.2\" de daisy james: papel pintado inspirado en bosques v\u00edrgenes. Captura la belleza en bruto de la naturaleza virgen en un dise\u00f1o atemporal.","robots":{"index":"index","follow":"follow","max-snippet":"max-snippet:-1","max-image-preview":"max-image-preview:large","max-video-preview":"max-video-preview:-1"},"canonical":"https:\/\/daisyjames.eu\/es\/collections\/the-virgin-forest-color\/","schema":{"@context":"https:\/\/schema.org","@graph":[{"@type":"WebPage","@id":"https:\/\/daisyjames.eu\/es\/collections\/the-virgin-forest-color\/","url":"https:\/\/daisyjames.eu\/es\/collections\/the-virgin-forest-color\/","name":"The Virgin Forest No.2 - Papel pintado Naturaleza intacta | daisy james","isPartOf":{"@id":"https:\/\/daisyjames.eu\/#website"},"primaryImageOfPage":{"@id":"https:\/\/daisyjames.eu\/es\/collections\/the-virgin-forest-color\/#primaryimage"},"image":{"@id":"https:\/\/daisyjames.eu\/es\/collections\/the-virgin-forest-color\/#primaryimage"},"thumbnailUrl":"https:\/\/daisyjames.eu\/wp-content\/uploads\/2024\/07\/dj179-the-virgin-forest-no-2-1.jpg","datePublished":"2023-06-30T19:48:35+00:00","dateModified":"2026-03-24T11:22:29+00:00","description":"\"The Virgin Forest No.2\" de daisy james: papel pintado inspirado en bosques v\u00edrgenes. Captura la belleza en bruto de la naturaleza virgen en un dise\u00f1o atemporal.","breadcrumb":{"@id":"https:\/\/daisyjames.eu\/es\/collections\/the-virgin-forest-color\/#breadcrumb"},"inLanguage":"es","potentialAction":[{"@type":"ReadAction","target":["https:\/\/daisyjames.eu\/es\/collections\/the-virgin-forest-color\/"]}]},{"@type":"ImageObject","inLanguage":"es","@id":"https:\/\/daisyjames.eu\/es\/collections\/the-virgin-forest-color\/#primaryimage","url":"https:\/\/daisyjames.eu\/wp-content\/uploads\/2024\/07\/dj179-the-virgin-forest-no-2-1.jpg","contentUrl":"https:\/\/daisyjames.eu\/wp-content\/uploads\/2024\/07\/dj179-the-virgin-forest-no-2-1.jpg","width":2416,"height":2196},{"@type":"BreadcrumbList","@id":"https:\/\/daisyjames.eu\/es\/collections\/the-virgin-forest-color\/#breadcrumb","itemListElement":[{"@type":"ListItem","position":1,"name":"Home","item":"https:\/\/daisyjames.eu\/es\/"},{"@type":"ListItem","position":2,"name":"Todos los revestimientos murales","item":"https:\/\/daisyjames.eu\/es\/tienda\/"},{"@type":"ListItem","position":3,"name":"The Virgin Forest No.2"}]},{"@type":"WebSite","@id":"https:\/\/daisyjames.eu\/#website","url":"https:\/\/daisyjames.eu\/","name":"Daisy James","description":"","publisher":{"@id":"https:\/\/daisyjames.eu\/#organization"},"potentialAction":[{"@type":"SearchAction","target":{"@type":"EntryPoint","urlTemplate":"https:\/\/daisyjames.eu\/?s={search_term_string}"},"query-input":{"@type":"PropertyValueSpecification","valueRequired":true,"valueName":"search_term_string"}}],"inLanguage":"es"},{"@type":"Organization","@id":"https:\/\/daisyjames.eu\/#organization","name":"Daisy James","url":"https:\/\/daisyjames.eu\/","logo":{"@type":"ImageObject","inLanguage":"es","@id":"https:\/\/daisyjames.eu\/#\/schema\/logo\/image\/","url":"https:\/\/daisyjames.eu\/wp-content\/uploads\/2024\/09\/LogoDJzwart-1.png","contentUrl":"https:\/\/daisyjames.eu\/wp-content\/uploads\/2024\/09\/LogoDJzwart-1.png","width":1125,"height":199,"caption":"Daisy James"},"image":{"@id":"https:\/\/daisyjames.eu\/#\/schema\/logo\/image\/"},"sameAs":["https:\/\/www.facebook.com\/Daisyjamesinteriorwallcovering\/","https:\/\/x.com\/daisyjamesinterior","https:\/\/pinterest.com\/daisyjameswallcovers\/","https:\/\/nl.linkedin.com\/company\/d-a-i-s-y-j-a-m-e-s-interior-collection"]}]}},"_links":{"self":[{"href":"https:\/\/daisyjames.eu\/es\/wp-json\/wp\/v2\/product\/15889","targetHints":{"allow":["GET"]}}],"collection":[{"href":"https:\/\/daisyjames.eu\/es\/wp-json\/wp\/v2\/product"}],"about":[{"href":"https:\/\/daisyjames.eu\/es\/wp-json\/wp\/v2\/types\/product"}],"replies":[{"embeddable":true,"href":"https:\/\/daisyjames.eu\/es\/wp-json\/wp\/v2\/comments?post=15889"}],"wp:featuredmedia":[{"embeddable":true,"href":"https:\/\/daisyjames.eu\/es\/wp-json\/wp\/v2\/media\/36075"}],"wp:attachment":[{"href":"https:\/\/daisyjames.eu\/es\/wp-json\/wp\/v2\/media?parent=15889"}],"wp:term":[{"taxonomy":"product_brand","embeddable":true,"href":"https:\/\/daisyjames.eu\/es\/wp-json\/wp\/v2\/product_brand?post=15889"},{"taxonomy":"product_cat","embeddable":true,"href":"https:\/\/daisyjames.eu\/es\/wp-json\/wp\/v2\/product_cat?post=15889"},{"taxonomy":"product_tag","embeddable":true,"href":"https:\/\/daisyjames.eu\/es\/wp-json\/wp\/v2\/product_tag?post=15889"}],"curies":[{"name":"wp","href":"https:\/\/api.w.org\/{rel}","templated":true}]}}