
{"id":15928,"date":"2023-06-30T19:46:35","date_gmt":"2023-06-30T19:46:35","guid":{"rendered":"https:\/\/daisyjames.dev001.booom.digital\/collection\/the-crane-no-2\/"},"modified":"2025-11-20T11:22:58","modified_gmt":"2025-11-20T11:22:58","slug":"the-crane-no-2","status":"publish","type":"product","link":"https:\/\/daisyjames.eu\/es\/collections\/the-crane-no-2\/","title":{"rendered":"The Crane No.2"},"content":{"rendered":"","protected":false},"excerpt":{"rendered":"<p>Inspirado en la majestuosa grulla, nuestro papel pintado <em>&#8220;The Crane<\/em>&#8221; combina el arte tradicional japon\u00e9s con un toque de estilo &#8220;Art dec\u00f3&#8221; de los a\u00f1os 20 y 30. Esta ave com\u00fan pero gr\u00e1cil habita en todo el norte de Eurasia, excepto en Jap\u00f3n, donde no vuela. Sin embargo, hemos aprovechado su encanto para crear un papel pintado que destila clase y elegancia. Al igual que el p\u00e1jaro que representa, a\u00f1ade belleza a tu espacio sin esfuerzo, por lo que es f\u00e1cil conseguir un aspecto impresionante.<\/p>\n","protected":false},"featured_media":11985,"comment_status":"closed","ping_status":"closed","template":"","meta":{"_acf_changed":false},"product_brand":[],"product_cat":[552,468],"product_tag":[],"class_list":{"0":"post-15928","1":"product","2":"type-product","3":"status-publish","4":"has-post-thumbnail","6":"product_cat-refined-luxe-es","7":"product_cat-timeless-classics-es","8":"pa_colour-yellow-es","9":"pa_colour-yellow-green-es","10":"pa_colour-ocher-es","11":"pa_colour-greens-es","12":"pa_theme-animals-es","14":"first","15":"instock","16":"purchasable","17":"product-type-simple"},"acf":[],"yoast_head":"<!-- This site is optimized with the Yoast SEO Premium plugin v27.3 (Yoast SEO v27.3) - https:\/\/yoast.com\/product\/yoast-seo-premium-wordpress\/ -->\n<title>The Crane No.2 - Papel pintado Art Dec\u00f3 | daisy james<\/title>\n<meta name=\"description\" content=\"&quot;The Crane no.2&quot; de daisy james mezcla el arte tradicional japon\u00e9s con el estilo Art Dec\u00f3 de los a\u00f1os 20-30, capturando la gracia de esta majestuosa ave. Este elegante papel pintado a\u00f1ade clase y belleza a tu espacio, creando sin esfuerzo un aspecto asombroso y atemporal.\" \/>\n<meta name=\"robots\" content=\"index, follow, max-snippet:-1, max-image-preview:large, max-video-preview:-1\" \/>\n<link rel=\"canonical\" href=\"https:\/\/daisyjames.eu\/es\/collections\/the-crane-no-2\/\" \/>\n<script type=\"application\/ld+json\" class=\"yoast-schema-graph\">{\"@context\":\"https:\\\/\\\/schema.org\",\"@graph\":[{\"@type\":\"WebPage\",\"@id\":\"https:\\\/\\\/daisyjames.eu\\\/es\\\/collections\\\/the-crane-no-2\\\/\",\"url\":\"https:\\\/\\\/daisyjames.eu\\\/es\\\/collections\\\/the-crane-no-2\\\/\",\"name\":\"The Crane No.2 - Papel pintado Art Dec\u00f3 | daisy james\",\"isPartOf\":{\"@id\":\"https:\\\/\\\/daisyjames.eu\\\/es\\\/#website\"},\"primaryImageOfPage\":{\"@id\":\"https:\\\/\\\/daisyjames.eu\\\/es\\\/collections\\\/the-crane-no-2\\\/#primaryimage\"},\"image\":{\"@id\":\"https:\\\/\\\/daisyjames.eu\\\/es\\\/collections\\\/the-crane-no-2\\\/#primaryimage\"},\"thumbnailUrl\":\"https:\\\/\\\/daisyjames.eu\\\/wp-content\\\/uploads\\\/2024\\\/07\\\/dj201-the-crane-no-2-2-scaled.jpg\",\"datePublished\":\"2023-06-30T19:46:35+00:00\",\"dateModified\":\"2025-11-20T11:22:58+00:00\",\"description\":\"\\\"The Crane no.2\\\" de daisy james mezcla el arte tradicional japon\u00e9s con el estilo Art Dec\u00f3 de los a\u00f1os 20-30, capturando la gracia de esta majestuosa ave. Este elegante papel pintado a\u00f1ade clase y belleza a tu espacio, creando sin esfuerzo un aspecto asombroso y atemporal.\",\"breadcrumb\":{\"@id\":\"https:\\\/\\\/daisyjames.eu\\\/es\\\/collections\\\/the-crane-no-2\\\/#breadcrumb\"},\"inLanguage\":\"es\",\"potentialAction\":[{\"@type\":\"ReadAction\",\"target\":[\"https:\\\/\\\/daisyjames.eu\\\/es\\\/collections\\\/the-crane-no-2\\\/\"]}]},{\"@type\":\"ImageObject\",\"inLanguage\":\"es\",\"@id\":\"https:\\\/\\\/daisyjames.eu\\\/es\\\/collections\\\/the-crane-no-2\\\/#primaryimage\",\"url\":\"https:\\\/\\\/daisyjames.eu\\\/wp-content\\\/uploads\\\/2024\\\/07\\\/dj201-the-crane-no-2-2-scaled.jpg\",\"contentUrl\":\"https:\\\/\\\/daisyjames.eu\\\/wp-content\\\/uploads\\\/2024\\\/07\\\/dj201-the-crane-no-2-2-scaled.jpg\",\"width\":1707,\"height\":2560},{\"@type\":\"BreadcrumbList\",\"@id\":\"https:\\\/\\\/daisyjames.eu\\\/es\\\/collections\\\/the-crane-no-2\\\/#breadcrumb\",\"itemListElement\":[{\"@type\":\"ListItem\",\"position\":1,\"name\":\"Home\",\"item\":\"https:\\\/\\\/daisyjames.eu\\\/es\\\/\"},{\"@type\":\"ListItem\",\"position\":2,\"name\":\"Todos los revestimientos murales\",\"item\":\"https:\\\/\\\/daisyjames.eu\\\/es\\\/tienda\\\/\"},{\"@type\":\"ListItem\",\"position\":3,\"name\":\"The Crane No.2\"}]},{\"@type\":\"WebSite\",\"@id\":\"https:\\\/\\\/daisyjames.eu\\\/es\\\/#website\",\"url\":\"https:\\\/\\\/daisyjames.eu\\\/es\\\/\",\"name\":\"Daisy James\",\"description\":\"\",\"publisher\":{\"@id\":\"https:\\\/\\\/daisyjames.eu\\\/es\\\/#organization\"},\"potentialAction\":[{\"@type\":\"SearchAction\",\"target\":{\"@type\":\"EntryPoint\",\"urlTemplate\":\"https:\\\/\\\/daisyjames.eu\\\/es\\\/?s={search_term_string}\"},\"query-input\":{\"@type\":\"PropertyValueSpecification\",\"valueRequired\":true,\"valueName\":\"search_term_string\"}}],\"inLanguage\":\"es\"},{\"@type\":\"Organization\",\"@id\":\"https:\\\/\\\/daisyjames.eu\\\/es\\\/#organization\",\"name\":\"Daisy James\",\"url\":\"https:\\\/\\\/daisyjames.eu\\\/es\\\/\",\"logo\":{\"@type\":\"ImageObject\",\"inLanguage\":\"es\",\"@id\":\"https:\\\/\\\/daisyjames.eu\\\/es\\\/#\\\/schema\\\/logo\\\/image\\\/\",\"url\":\"https:\\\/\\\/daisyjames.eu\\\/wp-content\\\/uploads\\\/2024\\\/09\\\/LogoDJzwart-1.png\",\"contentUrl\":\"https:\\\/\\\/daisyjames.eu\\\/wp-content\\\/uploads\\\/2024\\\/09\\\/LogoDJzwart-1.png\",\"width\":1125,\"height\":199,\"caption\":\"Daisy James\"},\"image\":{\"@id\":\"https:\\\/\\\/daisyjames.eu\\\/es\\\/#\\\/schema\\\/logo\\\/image\\\/\"},\"sameAs\":[\"https:\\\/\\\/www.facebook.com\\\/Daisyjamesinteriorwallcovering\\\/\",\"https:\\\/\\\/x.com\\\/daisyjamesinterior\",\"https:\\\/\\\/pinterest.com\\\/daisyjameswallcovers\\\/\",\"https:\\\/\\\/nl.linkedin.com\\\/company\\\/d-a-i-s-y-j-a-m-e-s-interior-collection\"]}]}<\/script>\n<!-- \/ Yoast SEO Premium plugin. -->","yoast_head_json":{"title":"The Crane No.2 - Papel pintado Art Dec\u00f3 | daisy james","description":"\"The Crane no.2\" de daisy james mezcla el arte tradicional japon\u00e9s con el estilo Art Dec\u00f3 de los a\u00f1os 20-30, capturando la gracia de esta majestuosa ave. Este elegante papel pintado a\u00f1ade clase y belleza a tu espacio, creando sin esfuerzo un aspecto asombroso y atemporal.","robots":{"index":"index","follow":"follow","max-snippet":"max-snippet:-1","max-image-preview":"max-image-preview:large","max-video-preview":"max-video-preview:-1"},"canonical":"https:\/\/daisyjames.eu\/es\/collections\/the-crane-no-2\/","schema":{"@context":"https:\/\/schema.org","@graph":[{"@type":"WebPage","@id":"https:\/\/daisyjames.eu\/es\/collections\/the-crane-no-2\/","url":"https:\/\/daisyjames.eu\/es\/collections\/the-crane-no-2\/","name":"The Crane No.2 - Papel pintado Art Dec\u00f3 | daisy james","isPartOf":{"@id":"https:\/\/daisyjames.eu\/es\/#website"},"primaryImageOfPage":{"@id":"https:\/\/daisyjames.eu\/es\/collections\/the-crane-no-2\/#primaryimage"},"image":{"@id":"https:\/\/daisyjames.eu\/es\/collections\/the-crane-no-2\/#primaryimage"},"thumbnailUrl":"https:\/\/daisyjames.eu\/wp-content\/uploads\/2024\/07\/dj201-the-crane-no-2-2-scaled.jpg","datePublished":"2023-06-30T19:46:35+00:00","dateModified":"2025-11-20T11:22:58+00:00","description":"\"The Crane no.2\" de daisy james mezcla el arte tradicional japon\u00e9s con el estilo Art Dec\u00f3 de los a\u00f1os 20-30, capturando la gracia de esta majestuosa ave. Este elegante papel pintado a\u00f1ade clase y belleza a tu espacio, creando sin esfuerzo un aspecto asombroso y atemporal.","breadcrumb":{"@id":"https:\/\/daisyjames.eu\/es\/collections\/the-crane-no-2\/#breadcrumb"},"inLanguage":"es","potentialAction":[{"@type":"ReadAction","target":["https:\/\/daisyjames.eu\/es\/collections\/the-crane-no-2\/"]}]},{"@type":"ImageObject","inLanguage":"es","@id":"https:\/\/daisyjames.eu\/es\/collections\/the-crane-no-2\/#primaryimage","url":"https:\/\/daisyjames.eu\/wp-content\/uploads\/2024\/07\/dj201-the-crane-no-2-2-scaled.jpg","contentUrl":"https:\/\/daisyjames.eu\/wp-content\/uploads\/2024\/07\/dj201-the-crane-no-2-2-scaled.jpg","width":1707,"height":2560},{"@type":"BreadcrumbList","@id":"https:\/\/daisyjames.eu\/es\/collections\/the-crane-no-2\/#breadcrumb","itemListElement":[{"@type":"ListItem","position":1,"name":"Home","item":"https:\/\/daisyjames.eu\/es\/"},{"@type":"ListItem","position":2,"name":"Todos los revestimientos murales","item":"https:\/\/daisyjames.eu\/es\/tienda\/"},{"@type":"ListItem","position":3,"name":"The Crane No.2"}]},{"@type":"WebSite","@id":"https:\/\/daisyjames.eu\/es\/#website","url":"https:\/\/daisyjames.eu\/es\/","name":"Daisy James","description":"","publisher":{"@id":"https:\/\/daisyjames.eu\/es\/#organization"},"potentialAction":[{"@type":"SearchAction","target":{"@type":"EntryPoint","urlTemplate":"https:\/\/daisyjames.eu\/es\/?s={search_term_string}"},"query-input":{"@type":"PropertyValueSpecification","valueRequired":true,"valueName":"search_term_string"}}],"inLanguage":"es"},{"@type":"Organization","@id":"https:\/\/daisyjames.eu\/es\/#organization","name":"Daisy James","url":"https:\/\/daisyjames.eu\/es\/","logo":{"@type":"ImageObject","inLanguage":"es","@id":"https:\/\/daisyjames.eu\/es\/#\/schema\/logo\/image\/","url":"https:\/\/daisyjames.eu\/wp-content\/uploads\/2024\/09\/LogoDJzwart-1.png","contentUrl":"https:\/\/daisyjames.eu\/wp-content\/uploads\/2024\/09\/LogoDJzwart-1.png","width":1125,"height":199,"caption":"Daisy James"},"image":{"@id":"https:\/\/daisyjames.eu\/es\/#\/schema\/logo\/image\/"},"sameAs":["https:\/\/www.facebook.com\/Daisyjamesinteriorwallcovering\/","https:\/\/x.com\/daisyjamesinterior","https:\/\/pinterest.com\/daisyjameswallcovers\/","https:\/\/nl.linkedin.com\/company\/d-a-i-s-y-j-a-m-e-s-interior-collection"]}]}},"_links":{"self":[{"href":"https:\/\/daisyjames.eu\/es\/wp-json\/wp\/v2\/product\/15928","targetHints":{"allow":["GET"]}}],"collection":[{"href":"https:\/\/daisyjames.eu\/es\/wp-json\/wp\/v2\/product"}],"about":[{"href":"https:\/\/daisyjames.eu\/es\/wp-json\/wp\/v2\/types\/product"}],"replies":[{"embeddable":true,"href":"https:\/\/daisyjames.eu\/es\/wp-json\/wp\/v2\/comments?post=15928"}],"wp:featuredmedia":[{"embeddable":true,"href":"https:\/\/daisyjames.eu\/es\/wp-json\/wp\/v2\/media\/11985"}],"wp:attachment":[{"href":"https:\/\/daisyjames.eu\/es\/wp-json\/wp\/v2\/media?parent=15928"}],"wp:term":[{"taxonomy":"product_brand","embeddable":true,"href":"https:\/\/daisyjames.eu\/es\/wp-json\/wp\/v2\/product_brand?post=15928"},{"taxonomy":"product_cat","embeddable":true,"href":"https:\/\/daisyjames.eu\/es\/wp-json\/wp\/v2\/product_cat?post=15928"},{"taxonomy":"product_tag","embeddable":true,"href":"https:\/\/daisyjames.eu\/es\/wp-json\/wp\/v2\/product_tag?post=15928"}],"curies":[{"name":"wp","href":"https:\/\/api.w.org\/{rel}","templated":true}]}}