
{"id":16572,"date":"2023-06-30T17:51:49","date_gmt":"2023-06-30T17:51:49","guid":{"rendered":"https:\/\/daisyjames.dev001.booom.digital\/collection\/the-zircon\/"},"modified":"2025-12-19T11:06:32","modified_gmt":"2025-12-19T11:06:32","slug":"the-zircon","status":"publish","type":"product","link":"https:\/\/daisyjames.eu\/es\/collections\/the-zircon\/","title":{"rendered":"The Zircon"},"content":{"rendered":"","protected":false},"excerpt":{"rendered":"<p>En <strong>daisy<\/strong> <strong>james<\/strong> nos encantan los colores, pero a veces brilla la sutileza. Presentamos<em> &#8220;The Zircon&#8221;<\/em>, donde el negro prepara el escenario para que los colores vibrantes resalten, igual que las hojas del circ\u00f3n. Crea una atm\u00f3sfera intensa pero acogedora con este dise\u00f1o perfecto.<\/p>\n<p>&#8220;Descubre c\u00f3mo se utiliz\u00f3 <em>&#8220;The Zircon&#8221;<\/em> en uno de nuestros proyectos de interiorismo. Ver el resultado <a href=\"https:\/\/daisyjames.eu\/es\/projects\/restaurante-de-comida-ilimitada\/\"><strong>aqu\u00ed<\/strong><\/a>.&#8221;<\/p>\n","protected":false},"featured_media":12742,"comment_status":"closed","ping_status":"closed","template":"","meta":{"_acf_changed":false},"product_brand":[],"product_cat":[664],"product_tag":[],"class_list":{"0":"post-16572","1":"product","2":"type-product","3":"status-publish","4":"has-post-thumbnail","6":"product_cat-organic-harmony-es","7":"pa_colour-yellow-green-es","8":"pa_colour-blues-es","9":"pa_colour-blue-dark-es","10":"pa_colour-blue-green-es","11":"pa_colour-cobalt-es","12":"pa_colour-gold-es","13":"pa_colour-gasolina","14":"pa_colour-multi-colours-es","15":"pa_colour-black-es","16":"pa_colour-turquose-es","17":"pa_colour-greens-es","18":"pa_colour-dark-green-es","19":"pa_theme-leaves-es","20":"pa_theme-nature-es","22":"first","23":"instock","24":"purchasable","25":"product-type-simple"},"acf":[],"yoast_head":"<!-- This site is optimized with the Yoast SEO Premium plugin v27.3 (Yoast SEO v27.3) - https:\/\/yoast.com\/product\/yoast-seo-premium-wordpress\/ -->\n<title>The Zircon - Papel pintado oscuro | daisy james<\/title>\n<meta name=\"description\" content=\"&quot;The Zircon&quot; de daisy james presenta un llamativo fondo negro que hace resaltar los colores vibrantes, como las hojas del circ\u00f3n. Este dise\u00f1o crea una atm\u00f3sfera intensa pero acogedora, perfecta para cualquier espacio.\" \/>\n<meta name=\"robots\" content=\"index, follow, max-snippet:-1, max-image-preview:large, max-video-preview:-1\" \/>\n<link rel=\"canonical\" href=\"https:\/\/daisyjames.eu\/es\/collections\/the-zircon\/\" \/>\n<script type=\"application\/ld+json\" class=\"yoast-schema-graph\">{\"@context\":\"https:\\\/\\\/schema.org\",\"@graph\":[{\"@type\":\"WebPage\",\"@id\":\"https:\\\/\\\/daisyjames.eu\\\/es\\\/collections\\\/the-zircon\\\/\",\"url\":\"https:\\\/\\\/daisyjames.eu\\\/es\\\/collections\\\/the-zircon\\\/\",\"name\":\"The Zircon - Papel pintado oscuro | daisy james\",\"isPartOf\":{\"@id\":\"https:\\\/\\\/daisyjames.eu\\\/es\\\/#website\"},\"primaryImageOfPage\":{\"@id\":\"https:\\\/\\\/daisyjames.eu\\\/es\\\/collections\\\/the-zircon\\\/#primaryimage\"},\"image\":{\"@id\":\"https:\\\/\\\/daisyjames.eu\\\/es\\\/collections\\\/the-zircon\\\/#primaryimage\"},\"thumbnailUrl\":\"https:\\\/\\\/daisyjames.eu\\\/wp-content\\\/uploads\\\/2024\\\/07\\\/dj280-the-zircon-1-scaled.jpg\",\"datePublished\":\"2023-06-30T17:51:49+00:00\",\"dateModified\":\"2025-12-19T11:06:32+00:00\",\"description\":\"\\\"The Zircon\\\" de daisy james presenta un llamativo fondo negro que hace resaltar los colores vibrantes, como las hojas del circ\u00f3n. Este dise\u00f1o crea una atm\u00f3sfera intensa pero acogedora, perfecta para cualquier espacio.\",\"breadcrumb\":{\"@id\":\"https:\\\/\\\/daisyjames.eu\\\/es\\\/collections\\\/the-zircon\\\/#breadcrumb\"},\"inLanguage\":\"es\",\"potentialAction\":[{\"@type\":\"ReadAction\",\"target\":[\"https:\\\/\\\/daisyjames.eu\\\/es\\\/collections\\\/the-zircon\\\/\"]}]},{\"@type\":\"ImageObject\",\"inLanguage\":\"es\",\"@id\":\"https:\\\/\\\/daisyjames.eu\\\/es\\\/collections\\\/the-zircon\\\/#primaryimage\",\"url\":\"https:\\\/\\\/daisyjames.eu\\\/wp-content\\\/uploads\\\/2024\\\/07\\\/dj280-the-zircon-1-scaled.jpg\",\"contentUrl\":\"https:\\\/\\\/daisyjames.eu\\\/wp-content\\\/uploads\\\/2024\\\/07\\\/dj280-the-zircon-1-scaled.jpg\",\"width\":2560,\"height\":1707},{\"@type\":\"BreadcrumbList\",\"@id\":\"https:\\\/\\\/daisyjames.eu\\\/es\\\/collections\\\/the-zircon\\\/#breadcrumb\",\"itemListElement\":[{\"@type\":\"ListItem\",\"position\":1,\"name\":\"Home\",\"item\":\"https:\\\/\\\/daisyjames.eu\\\/es\\\/\"},{\"@type\":\"ListItem\",\"position\":2,\"name\":\"Todos los revestimientos murales\",\"item\":\"https:\\\/\\\/daisyjames.eu\\\/es\\\/tienda\\\/\"},{\"@type\":\"ListItem\",\"position\":3,\"name\":\"The Zircon\"}]},{\"@type\":\"WebSite\",\"@id\":\"https:\\\/\\\/daisyjames.eu\\\/es\\\/#website\",\"url\":\"https:\\\/\\\/daisyjames.eu\\\/es\\\/\",\"name\":\"Daisy James\",\"description\":\"\",\"publisher\":{\"@id\":\"https:\\\/\\\/daisyjames.eu\\\/es\\\/#organization\"},\"potentialAction\":[{\"@type\":\"SearchAction\",\"target\":{\"@type\":\"EntryPoint\",\"urlTemplate\":\"https:\\\/\\\/daisyjames.eu\\\/es\\\/?s={search_term_string}\"},\"query-input\":{\"@type\":\"PropertyValueSpecification\",\"valueRequired\":true,\"valueName\":\"search_term_string\"}}],\"inLanguage\":\"es\"},{\"@type\":\"Organization\",\"@id\":\"https:\\\/\\\/daisyjames.eu\\\/es\\\/#organization\",\"name\":\"Daisy James\",\"url\":\"https:\\\/\\\/daisyjames.eu\\\/es\\\/\",\"logo\":{\"@type\":\"ImageObject\",\"inLanguage\":\"es\",\"@id\":\"https:\\\/\\\/daisyjames.eu\\\/es\\\/#\\\/schema\\\/logo\\\/image\\\/\",\"url\":\"https:\\\/\\\/daisyjames.eu\\\/wp-content\\\/uploads\\\/2024\\\/09\\\/LogoDJzwart-1.png\",\"contentUrl\":\"https:\\\/\\\/daisyjames.eu\\\/wp-content\\\/uploads\\\/2024\\\/09\\\/LogoDJzwart-1.png\",\"width\":1125,\"height\":199,\"caption\":\"Daisy James\"},\"image\":{\"@id\":\"https:\\\/\\\/daisyjames.eu\\\/es\\\/#\\\/schema\\\/logo\\\/image\\\/\"},\"sameAs\":[\"https:\\\/\\\/www.facebook.com\\\/Daisyjamesinteriorwallcovering\\\/\",\"https:\\\/\\\/x.com\\\/daisyjamesinterior\",\"https:\\\/\\\/pinterest.com\\\/daisyjameswallcovers\\\/\",\"https:\\\/\\\/nl.linkedin.com\\\/company\\\/d-a-i-s-y-j-a-m-e-s-interior-collection\"]}]}<\/script>\n<!-- \/ Yoast SEO Premium plugin. -->","yoast_head_json":{"title":"The Zircon - Papel pintado oscuro | daisy james","description":"\"The Zircon\" de daisy james presenta un llamativo fondo negro que hace resaltar los colores vibrantes, como las hojas del circ\u00f3n. Este dise\u00f1o crea una atm\u00f3sfera intensa pero acogedora, perfecta para cualquier espacio.","robots":{"index":"index","follow":"follow","max-snippet":"max-snippet:-1","max-image-preview":"max-image-preview:large","max-video-preview":"max-video-preview:-1"},"canonical":"https:\/\/daisyjames.eu\/es\/collections\/the-zircon\/","schema":{"@context":"https:\/\/schema.org","@graph":[{"@type":"WebPage","@id":"https:\/\/daisyjames.eu\/es\/collections\/the-zircon\/","url":"https:\/\/daisyjames.eu\/es\/collections\/the-zircon\/","name":"The Zircon - Papel pintado oscuro | daisy james","isPartOf":{"@id":"https:\/\/daisyjames.eu\/es\/#website"},"primaryImageOfPage":{"@id":"https:\/\/daisyjames.eu\/es\/collections\/the-zircon\/#primaryimage"},"image":{"@id":"https:\/\/daisyjames.eu\/es\/collections\/the-zircon\/#primaryimage"},"thumbnailUrl":"https:\/\/daisyjames.eu\/wp-content\/uploads\/2024\/07\/dj280-the-zircon-1-scaled.jpg","datePublished":"2023-06-30T17:51:49+00:00","dateModified":"2025-12-19T11:06:32+00:00","description":"\"The Zircon\" de daisy james presenta un llamativo fondo negro que hace resaltar los colores vibrantes, como las hojas del circ\u00f3n. Este dise\u00f1o crea una atm\u00f3sfera intensa pero acogedora, perfecta para cualquier espacio.","breadcrumb":{"@id":"https:\/\/daisyjames.eu\/es\/collections\/the-zircon\/#breadcrumb"},"inLanguage":"es","potentialAction":[{"@type":"ReadAction","target":["https:\/\/daisyjames.eu\/es\/collections\/the-zircon\/"]}]},{"@type":"ImageObject","inLanguage":"es","@id":"https:\/\/daisyjames.eu\/es\/collections\/the-zircon\/#primaryimage","url":"https:\/\/daisyjames.eu\/wp-content\/uploads\/2024\/07\/dj280-the-zircon-1-scaled.jpg","contentUrl":"https:\/\/daisyjames.eu\/wp-content\/uploads\/2024\/07\/dj280-the-zircon-1-scaled.jpg","width":2560,"height":1707},{"@type":"BreadcrumbList","@id":"https:\/\/daisyjames.eu\/es\/collections\/the-zircon\/#breadcrumb","itemListElement":[{"@type":"ListItem","position":1,"name":"Home","item":"https:\/\/daisyjames.eu\/es\/"},{"@type":"ListItem","position":2,"name":"Todos los revestimientos murales","item":"https:\/\/daisyjames.eu\/es\/tienda\/"},{"@type":"ListItem","position":3,"name":"The Zircon"}]},{"@type":"WebSite","@id":"https:\/\/daisyjames.eu\/es\/#website","url":"https:\/\/daisyjames.eu\/es\/","name":"Daisy James","description":"","publisher":{"@id":"https:\/\/daisyjames.eu\/es\/#organization"},"potentialAction":[{"@type":"SearchAction","target":{"@type":"EntryPoint","urlTemplate":"https:\/\/daisyjames.eu\/es\/?s={search_term_string}"},"query-input":{"@type":"PropertyValueSpecification","valueRequired":true,"valueName":"search_term_string"}}],"inLanguage":"es"},{"@type":"Organization","@id":"https:\/\/daisyjames.eu\/es\/#organization","name":"Daisy James","url":"https:\/\/daisyjames.eu\/es\/","logo":{"@type":"ImageObject","inLanguage":"es","@id":"https:\/\/daisyjames.eu\/es\/#\/schema\/logo\/image\/","url":"https:\/\/daisyjames.eu\/wp-content\/uploads\/2024\/09\/LogoDJzwart-1.png","contentUrl":"https:\/\/daisyjames.eu\/wp-content\/uploads\/2024\/09\/LogoDJzwart-1.png","width":1125,"height":199,"caption":"Daisy James"},"image":{"@id":"https:\/\/daisyjames.eu\/es\/#\/schema\/logo\/image\/"},"sameAs":["https:\/\/www.facebook.com\/Daisyjamesinteriorwallcovering\/","https:\/\/x.com\/daisyjamesinterior","https:\/\/pinterest.com\/daisyjameswallcovers\/","https:\/\/nl.linkedin.com\/company\/d-a-i-s-y-j-a-m-e-s-interior-collection"]}]}},"_links":{"self":[{"href":"https:\/\/daisyjames.eu\/es\/wp-json\/wp\/v2\/product\/16572","targetHints":{"allow":["GET"]}}],"collection":[{"href":"https:\/\/daisyjames.eu\/es\/wp-json\/wp\/v2\/product"}],"about":[{"href":"https:\/\/daisyjames.eu\/es\/wp-json\/wp\/v2\/types\/product"}],"replies":[{"embeddable":true,"href":"https:\/\/daisyjames.eu\/es\/wp-json\/wp\/v2\/comments?post=16572"}],"wp:featuredmedia":[{"embeddable":true,"href":"https:\/\/daisyjames.eu\/es\/wp-json\/wp\/v2\/media\/12742"}],"wp:attachment":[{"href":"https:\/\/daisyjames.eu\/es\/wp-json\/wp\/v2\/media?parent=16572"}],"wp:term":[{"taxonomy":"product_brand","embeddable":true,"href":"https:\/\/daisyjames.eu\/es\/wp-json\/wp\/v2\/product_brand?post=16572"},{"taxonomy":"product_cat","embeddable":true,"href":"https:\/\/daisyjames.eu\/es\/wp-json\/wp\/v2\/product_cat?post=16572"},{"taxonomy":"product_tag","embeddable":true,"href":"https:\/\/daisyjames.eu\/es\/wp-json\/wp\/v2\/product_tag?post=16572"}],"curies":[{"name":"wp","href":"https:\/\/api.w.org\/{rel}","templated":true}]}}