
{"id":24603,"date":"2025-07-11T13:23:26","date_gmt":"2025-07-11T13:23:26","guid":{"rendered":"https:\/\/staging.daisyjames.eu\/?post_type=product&#038;p=24603"},"modified":"2025-11-12T09:58:01","modified_gmt":"2025-11-12T09:58:01","slug":"natural-wallcovering-the-eve-ochre-birds-organic","status":"publish","type":"product","link":"https:\/\/daisyjames.eu\/es\/collections\/natural-wallcovering-the-eve-ochre-birds-organic\/","title":{"rendered":"The Eve"},"content":{"rendered":"","protected":false},"excerpt":{"rendered":"<p>A\u00f1ade un toque refinado y natural a tu interior con<em>&#8220;The Eve&#8221;<\/em>, un revestimiento mural abstracto natural de<strong> daisy james<\/strong>. Este dise\u00f1o sin costuras revela sutilmente un rostro entre formas abstractas, c\u00e1lidos tonos ocres, c\u00edrculos suaves y hojas estilizadas. Los p\u00e1jaros abstractos se entrelazan elegantemente a trav\u00e9s del motivo, aportando una sensaci\u00f3n l\u00fadica y org\u00e1nica a tu espacio.<\/p>\n<p>Inspirado en la belleza de la naturaleza y moldeado por el dise\u00f1o contempor\u00e1neo, este revestimiento mural abstracto natural crea una composici\u00f3n art\u00edstica sin fisuras. Ideal para casas particulares, hoteles boutique, oficinas modernas y estudios creativos. Gracias a su aplicaci\u00f3n sin juntas, el dise\u00f1o fluye sin esfuerzo por tu pared, transformando cualquier habitaci\u00f3n en una sofisticada declaraci\u00f3n atmosf\u00e9rica.<\/p>\n","protected":false},"featured_media":24618,"comment_status":"open","ping_status":"closed","template":"","meta":{"_acf_changed":false},"product_brand":[],"product_cat":[516],"product_tag":[],"class_list":{"0":"post-24603","1":"product","2":"type-product","3":"status-publish","4":"has-post-thumbnail","6":"product_cat-expressive-statement-es","7":"pa_colour-beige-es","8":"pa_colour-black-and-white-es","9":"pa_colour-greys-es","10":"pa_colour-brown-es","11":"pa_colour-naturals-es","12":"pa_colour-ocher-es","13":"pa_theme-faces-es","15":"first","16":"instock","17":"purchasable","18":"product-type-simple"},"acf":[],"yoast_head":"<!-- This site is optimized with the Yoast SEO Premium plugin v27.3 (Yoast SEO v27.3) - https:\/\/yoast.com\/product\/yoast-seo-premium-wordpress\/ -->\n<title>The Eve - revestimiento mural abstracto natural | daisy james<\/title>\n<meta name=\"description\" content=\"Descubre &quot;The Eve&quot; de daisy james un revestimiento mural natural abstracto con c\u00e1lidos tonos ocres, p\u00e1jaros abstractos y formas org\u00e1nicas para un interior refinado.\" \/>\n<meta name=\"robots\" content=\"index, follow, max-snippet:-1, max-image-preview:large, max-video-preview:-1\" \/>\n<link rel=\"canonical\" href=\"https:\/\/daisyjames.eu\/es\/collections\/natural-wallcovering-the-eve-ochre-birds-organic\/\" \/>\n<script type=\"application\/ld+json\" class=\"yoast-schema-graph\">{\"@context\":\"https:\\\/\\\/schema.org\",\"@graph\":[{\"@type\":\"WebPage\",\"@id\":\"https:\\\/\\\/daisyjames.eu\\\/es\\\/collections\\\/natural-wallcovering-the-eve-ochre-birds-organic\\\/\",\"url\":\"https:\\\/\\\/daisyjames.eu\\\/es\\\/collections\\\/natural-wallcovering-the-eve-ochre-birds-organic\\\/\",\"name\":\"The Eve - revestimiento mural abstracto natural | daisy james\",\"isPartOf\":{\"@id\":\"https:\\\/\\\/daisyjames.eu\\\/#website\"},\"primaryImageOfPage\":{\"@id\":\"https:\\\/\\\/daisyjames.eu\\\/es\\\/collections\\\/natural-wallcovering-the-eve-ochre-birds-organic\\\/#primaryimage\"},\"image\":{\"@id\":\"https:\\\/\\\/daisyjames.eu\\\/es\\\/collections\\\/natural-wallcovering-the-eve-ochre-birds-organic\\\/#primaryimage\"},\"thumbnailUrl\":\"https:\\\/\\\/daisyjames.eu\\\/wp-content\\\/uploads\\\/2025\\\/07\\\/DJ384-The-Eve-3-scaled.jpg\",\"datePublished\":\"2025-07-11T13:23:26+00:00\",\"dateModified\":\"2025-11-12T09:58:01+00:00\",\"description\":\"Descubre \\\"The Eve\\\" de daisy james un revestimiento mural natural abstracto con c\u00e1lidos tonos ocres, p\u00e1jaros abstractos y formas org\u00e1nicas para un interior refinado.\",\"breadcrumb\":{\"@id\":\"https:\\\/\\\/daisyjames.eu\\\/es\\\/collections\\\/natural-wallcovering-the-eve-ochre-birds-organic\\\/#breadcrumb\"},\"inLanguage\":\"es\",\"potentialAction\":[{\"@type\":\"ReadAction\",\"target\":[\"https:\\\/\\\/daisyjames.eu\\\/es\\\/collections\\\/natural-wallcovering-the-eve-ochre-birds-organic\\\/\"]}]},{\"@type\":\"ImageObject\",\"inLanguage\":\"es\",\"@id\":\"https:\\\/\\\/daisyjames.eu\\\/es\\\/collections\\\/natural-wallcovering-the-eve-ochre-birds-organic\\\/#primaryimage\",\"url\":\"https:\\\/\\\/daisyjames.eu\\\/wp-content\\\/uploads\\\/2025\\\/07\\\/DJ384-The-Eve-3-scaled.jpg\",\"contentUrl\":\"https:\\\/\\\/daisyjames.eu\\\/wp-content\\\/uploads\\\/2025\\\/07\\\/DJ384-The-Eve-3-scaled.jpg\",\"width\":1740,\"height\":2560},{\"@type\":\"BreadcrumbList\",\"@id\":\"https:\\\/\\\/daisyjames.eu\\\/es\\\/collections\\\/natural-wallcovering-the-eve-ochre-birds-organic\\\/#breadcrumb\",\"itemListElement\":[{\"@type\":\"ListItem\",\"position\":1,\"name\":\"Home\",\"item\":\"https:\\\/\\\/daisyjames.eu\\\/es\\\/\"},{\"@type\":\"ListItem\",\"position\":2,\"name\":\"Todos los revestimientos murales\",\"item\":\"https:\\\/\\\/daisyjames.eu\\\/es\\\/tienda\\\/\"},{\"@type\":\"ListItem\",\"position\":3,\"name\":\"The Eve\"}]},{\"@type\":\"WebSite\",\"@id\":\"https:\\\/\\\/daisyjames.eu\\\/#website\",\"url\":\"https:\\\/\\\/daisyjames.eu\\\/\",\"name\":\"Daisy James\",\"description\":\"\",\"publisher\":{\"@id\":\"https:\\\/\\\/daisyjames.eu\\\/#organization\"},\"potentialAction\":[{\"@type\":\"SearchAction\",\"target\":{\"@type\":\"EntryPoint\",\"urlTemplate\":\"https:\\\/\\\/daisyjames.eu\\\/?s={search_term_string}\"},\"query-input\":{\"@type\":\"PropertyValueSpecification\",\"valueRequired\":true,\"valueName\":\"search_term_string\"}}],\"inLanguage\":\"es\"},{\"@type\":\"Organization\",\"@id\":\"https:\\\/\\\/daisyjames.eu\\\/#organization\",\"name\":\"Daisy James\",\"url\":\"https:\\\/\\\/daisyjames.eu\\\/\",\"logo\":{\"@type\":\"ImageObject\",\"inLanguage\":\"es\",\"@id\":\"https:\\\/\\\/daisyjames.eu\\\/#\\\/schema\\\/logo\\\/image\\\/\",\"url\":\"https:\\\/\\\/daisyjames.eu\\\/wp-content\\\/uploads\\\/2024\\\/09\\\/LogoDJzwart-1.png\",\"contentUrl\":\"https:\\\/\\\/daisyjames.eu\\\/wp-content\\\/uploads\\\/2024\\\/09\\\/LogoDJzwart-1.png\",\"width\":1125,\"height\":199,\"caption\":\"Daisy James\"},\"image\":{\"@id\":\"https:\\\/\\\/daisyjames.eu\\\/#\\\/schema\\\/logo\\\/image\\\/\"},\"sameAs\":[\"https:\\\/\\\/www.facebook.com\\\/Daisyjamesinteriorwallcovering\\\/\",\"https:\\\/\\\/x.com\\\/daisyjamesinterior\",\"https:\\\/\\\/pinterest.com\\\/daisyjameswallcovers\\\/\",\"https:\\\/\\\/nl.linkedin.com\\\/company\\\/d-a-i-s-y-j-a-m-e-s-interior-collection\"]}]}<\/script>\n<!-- \/ Yoast SEO Premium plugin. -->","yoast_head_json":{"title":"The Eve - revestimiento mural abstracto natural | daisy james","description":"Descubre \"The Eve\" de daisy james un revestimiento mural natural abstracto con c\u00e1lidos tonos ocres, p\u00e1jaros abstractos y formas org\u00e1nicas para un interior refinado.","robots":{"index":"index","follow":"follow","max-snippet":"max-snippet:-1","max-image-preview":"max-image-preview:large","max-video-preview":"max-video-preview:-1"},"canonical":"https:\/\/daisyjames.eu\/es\/collections\/natural-wallcovering-the-eve-ochre-birds-organic\/","schema":{"@context":"https:\/\/schema.org","@graph":[{"@type":"WebPage","@id":"https:\/\/daisyjames.eu\/es\/collections\/natural-wallcovering-the-eve-ochre-birds-organic\/","url":"https:\/\/daisyjames.eu\/es\/collections\/natural-wallcovering-the-eve-ochre-birds-organic\/","name":"The Eve - revestimiento mural abstracto natural | daisy james","isPartOf":{"@id":"https:\/\/daisyjames.eu\/#website"},"primaryImageOfPage":{"@id":"https:\/\/daisyjames.eu\/es\/collections\/natural-wallcovering-the-eve-ochre-birds-organic\/#primaryimage"},"image":{"@id":"https:\/\/daisyjames.eu\/es\/collections\/natural-wallcovering-the-eve-ochre-birds-organic\/#primaryimage"},"thumbnailUrl":"https:\/\/daisyjames.eu\/wp-content\/uploads\/2025\/07\/DJ384-The-Eve-3-scaled.jpg","datePublished":"2025-07-11T13:23:26+00:00","dateModified":"2025-11-12T09:58:01+00:00","description":"Descubre \"The Eve\" de daisy james un revestimiento mural natural abstracto con c\u00e1lidos tonos ocres, p\u00e1jaros abstractos y formas org\u00e1nicas para un interior refinado.","breadcrumb":{"@id":"https:\/\/daisyjames.eu\/es\/collections\/natural-wallcovering-the-eve-ochre-birds-organic\/#breadcrumb"},"inLanguage":"es","potentialAction":[{"@type":"ReadAction","target":["https:\/\/daisyjames.eu\/es\/collections\/natural-wallcovering-the-eve-ochre-birds-organic\/"]}]},{"@type":"ImageObject","inLanguage":"es","@id":"https:\/\/daisyjames.eu\/es\/collections\/natural-wallcovering-the-eve-ochre-birds-organic\/#primaryimage","url":"https:\/\/daisyjames.eu\/wp-content\/uploads\/2025\/07\/DJ384-The-Eve-3-scaled.jpg","contentUrl":"https:\/\/daisyjames.eu\/wp-content\/uploads\/2025\/07\/DJ384-The-Eve-3-scaled.jpg","width":1740,"height":2560},{"@type":"BreadcrumbList","@id":"https:\/\/daisyjames.eu\/es\/collections\/natural-wallcovering-the-eve-ochre-birds-organic\/#breadcrumb","itemListElement":[{"@type":"ListItem","position":1,"name":"Home","item":"https:\/\/daisyjames.eu\/es\/"},{"@type":"ListItem","position":2,"name":"Todos los revestimientos murales","item":"https:\/\/daisyjames.eu\/es\/tienda\/"},{"@type":"ListItem","position":3,"name":"The Eve"}]},{"@type":"WebSite","@id":"https:\/\/daisyjames.eu\/#website","url":"https:\/\/daisyjames.eu\/","name":"Daisy James","description":"","publisher":{"@id":"https:\/\/daisyjames.eu\/#organization"},"potentialAction":[{"@type":"SearchAction","target":{"@type":"EntryPoint","urlTemplate":"https:\/\/daisyjames.eu\/?s={search_term_string}"},"query-input":{"@type":"PropertyValueSpecification","valueRequired":true,"valueName":"search_term_string"}}],"inLanguage":"es"},{"@type":"Organization","@id":"https:\/\/daisyjames.eu\/#organization","name":"Daisy James","url":"https:\/\/daisyjames.eu\/","logo":{"@type":"ImageObject","inLanguage":"es","@id":"https:\/\/daisyjames.eu\/#\/schema\/logo\/image\/","url":"https:\/\/daisyjames.eu\/wp-content\/uploads\/2024\/09\/LogoDJzwart-1.png","contentUrl":"https:\/\/daisyjames.eu\/wp-content\/uploads\/2024\/09\/LogoDJzwart-1.png","width":1125,"height":199,"caption":"Daisy James"},"image":{"@id":"https:\/\/daisyjames.eu\/#\/schema\/logo\/image\/"},"sameAs":["https:\/\/www.facebook.com\/Daisyjamesinteriorwallcovering\/","https:\/\/x.com\/daisyjamesinterior","https:\/\/pinterest.com\/daisyjameswallcovers\/","https:\/\/nl.linkedin.com\/company\/d-a-i-s-y-j-a-m-e-s-interior-collection"]}]}},"_links":{"self":[{"href":"https:\/\/daisyjames.eu\/es\/wp-json\/wp\/v2\/product\/24603","targetHints":{"allow":["GET"]}}],"collection":[{"href":"https:\/\/daisyjames.eu\/es\/wp-json\/wp\/v2\/product"}],"about":[{"href":"https:\/\/daisyjames.eu\/es\/wp-json\/wp\/v2\/types\/product"}],"replies":[{"embeddable":true,"href":"https:\/\/daisyjames.eu\/es\/wp-json\/wp\/v2\/comments?post=24603"}],"wp:featuredmedia":[{"embeddable":true,"href":"https:\/\/daisyjames.eu\/es\/wp-json\/wp\/v2\/media\/24618"}],"wp:attachment":[{"href":"https:\/\/daisyjames.eu\/es\/wp-json\/wp\/v2\/media?parent=24603"}],"wp:term":[{"taxonomy":"product_brand","embeddable":true,"href":"https:\/\/daisyjames.eu\/es\/wp-json\/wp\/v2\/product_brand?post=24603"},{"taxonomy":"product_cat","embeddable":true,"href":"https:\/\/daisyjames.eu\/es\/wp-json\/wp\/v2\/product_cat?post=24603"},{"taxonomy":"product_tag","embeddable":true,"href":"https:\/\/daisyjames.eu\/es\/wp-json\/wp\/v2\/product_tag?post=24603"}],"curies":[{"name":"wp","href":"https:\/\/api.w.org\/{rel}","templated":true}]}}