
{"id":31385,"date":"2024-12-28T18:10:14","date_gmt":"2024-12-28T18:10:14","guid":{"rendered":"https:\/\/staging.daisyjames.eu\/collection\/la-abby-terra\/"},"modified":"2025-11-12T12:05:49","modified_gmt":"2025-11-12T12:05:49","slug":"la-abby-terra","status":"publish","type":"product","link":"https:\/\/daisyjames.eu\/es\/collections\/la-abby-terra\/","title":{"rendered":"The Abby Terra"},"content":{"rendered":"<p><img loading=\"lazy\" decoding=\"async\" class=\"alignnone size-medium wp-image-21237\" src=\"https:\/\/daisyjames.eu\/wp-content\/uploads\/2024\/12\/DJ373-The-Abby-terra-1-225x300.jpg\" alt=\"\" width=\"225\" height=\"300\" srcset=\"https:\/\/daisyjames.eu\/wp-content\/uploads\/2024\/12\/DJ373-The-Abby-terra-1-225x300.jpg 225w, https:\/\/daisyjames.eu\/wp-content\/uploads\/2024\/12\/DJ373-The-Abby-terra-1-768x1023.jpg 768w, https:\/\/daisyjames.eu\/wp-content\/uploads\/2024\/12\/DJ373-The-Abby-terra-1-1153x1536.jpg 1153w, https:\/\/daisyjames.eu\/wp-content\/uploads\/2024\/12\/DJ373-The-Abby-terra-1-1537x2048.jpg 1537w, https:\/\/daisyjames.eu\/wp-content\/uploads\/2024\/12\/DJ373-The-Abby-terra-1-1200x1599.jpg 1200w, https:\/\/daisyjames.eu\/wp-content\/uploads\/2024\/12\/DJ373-The-Abby-terra-1-600x800.jpg 600w, https:\/\/daisyjames.eu\/wp-content\/uploads\/2024\/12\/DJ373-The-Abby-terra-1-scaled.jpg 1921w\" sizes=\"auto, (max-width: 225px) 100vw, 225px\" \/> <img loading=\"lazy\" decoding=\"async\" class=\"alignnone size-medium wp-image-21239\" src=\"https:\/\/daisyjames.eu\/wp-content\/uploads\/2024\/12\/DJ373-The-Abby-terra-2-300x225.jpg\" alt=\"\" width=\"300\" height=\"225\" srcset=\"https:\/\/daisyjames.eu\/wp-content\/uploads\/2024\/12\/DJ373-The-Abby-terra-2-300x225.jpg 300w, https:\/\/daisyjames.eu\/wp-content\/uploads\/2024\/12\/DJ373-The-Abby-terra-2-1024x768.jpg 1024w, https:\/\/daisyjames.eu\/wp-content\/uploads\/2024\/12\/DJ373-The-Abby-terra-2-768x576.jpg 768w, https:\/\/daisyjames.eu\/wp-content\/uploads\/2024\/12\/DJ373-The-Abby-terra-2-1536x1152.jpg 1536w, https:\/\/daisyjames.eu\/wp-content\/uploads\/2024\/12\/DJ373-The-Abby-terra-2-2048x1536.jpg 2048w, https:\/\/daisyjames.eu\/wp-content\/uploads\/2024\/12\/DJ373-The-Abby-terra-2-1200x900.jpg 1200w, https:\/\/daisyjames.eu\/wp-content\/uploads\/2024\/12\/DJ373-The-Abby-terra-2-600x450.jpg 600w\" sizes=\"auto, (max-width: 300px) 100vw, 300px\" \/> <img loading=\"lazy\" decoding=\"async\" class=\"alignnone size-medium wp-image-21241\" src=\"https:\/\/daisyjames.eu\/wp-content\/uploads\/2024\/12\/DJ373-The-Abby-terra-3-157x300.jpg\" alt=\"\" width=\"157\" height=\"300\" srcset=\"https:\/\/daisyjames.eu\/wp-content\/uploads\/2024\/12\/DJ373-The-Abby-terra-3-157x300.jpg 157w, https:\/\/daisyjames.eu\/wp-content\/uploads\/2024\/12\/DJ373-The-Abby-terra-3-536x1024.jpg 536w, https:\/\/daisyjames.eu\/wp-content\/uploads\/2024\/12\/DJ373-The-Abby-terra-3-768x1468.jpg 768w, https:\/\/daisyjames.eu\/wp-content\/uploads\/2024\/12\/DJ373-The-Abby-terra-3-804x1536.jpg 804w, https:\/\/daisyjames.eu\/wp-content\/uploads\/2024\/12\/DJ373-The-Abby-terra-3-1072x2048.jpg 1072w, https:\/\/daisyjames.eu\/wp-content\/uploads\/2024\/12\/DJ373-The-Abby-terra-3-1200x2293.jpg 1200w, https:\/\/daisyjames.eu\/wp-content\/uploads\/2024\/12\/DJ373-The-Abby-terra-3-600x1147.jpg 600w, https:\/\/daisyjames.eu\/wp-content\/uploads\/2024\/12\/DJ373-The-Abby-terra-3-scaled.jpg 1340w\" sizes=\"auto, (max-width: 157px) 100vw, 157px\" \/><\/p>\n","protected":false},"excerpt":{"rendered":"<p>Introduce estilo y sofisticaci\u00f3n en tu interior con el papel pintado <em>&#8220;The Abby&#8221;<\/em> de<strong> daisy james<\/strong>, un moderno papel pintado abstracto que combina arte y elegancia. Con una armoniosa paleta de tonos rojos y salm\u00f3n, este papel pintado forma un sutil dibujo que revela profundidad e intriga desde la distancia. <em>&#8220;The Abby<\/em>&#8221; es perfecto para crear un ambiente contempor\u00e1neo y elegante, ya sea en el sal\u00f3n, el dormitorio o el despacho. Deja que tus paredes hagan una declaraci\u00f3n de intenciones con la refinada belleza de <em>&#8220;The Abby<\/em>&#8220;.<\/p>\n","protected":false},"featured_media":31386,"comment_status":"open","ping_status":"closed","template":"","meta":{"_acf_changed":false},"product_brand":[],"product_cat":[789],"product_tag":[],"class_list":{"0":"post-31385","1":"product","2":"type-product","3":"status-publish","4":"has-post-thumbnail","6":"product_cat-cultural-fusion-es","7":"pa_colour-yellow-es","8":"pa_colour-brown-es","9":"pa_colour-orange-es","10":"pa_colour-naturals-es","11":"pa_colour-ocher-es","12":"pa_colour-salmon-es","13":"pa_colour-terra-es","14":"pa_theme-abstract-es","16":"first","17":"instock","18":"shipping-taxable","19":"purchasable","20":"product-type-simple"},"acf":[],"yoast_head":"<!-- This site is optimized with the Yoast SEO Premium plugin v27.3 (Yoast SEO v27.3) - https:\/\/yoast.com\/product\/yoast-seo-premium-wordpress\/ -->\n<title>The Abby - Papel pintado abstracto moderno | daisy james<\/title>\n<meta name=\"description\" content=\"Transforma tu interior con el papel pintado de Daisy James &quot;The Abby&quot;, un moderno y elegante papel pintado abstracto. Con armoniosos tonos rojos y salm\u00f3n, este elegante papel pintado a\u00f1ade profundidad y sofisticaci\u00f3n a cualquier sal\u00f3n, dormitorio u oficina.\" \/>\n<meta name=\"robots\" content=\"index, follow, max-snippet:-1, max-image-preview:large, max-video-preview:-1\" \/>\n<link rel=\"canonical\" href=\"https:\/\/daisyjames.eu\/es\/collections\/la-abby-terra\/\" \/>\n<script type=\"application\/ld+json\" class=\"yoast-schema-graph\">{\"@context\":\"https:\\\/\\\/schema.org\",\"@graph\":[{\"@type\":\"WebPage\",\"@id\":\"https:\\\/\\\/daisyjames.eu\\\/es\\\/collections\\\/la-abby-terra\\\/\",\"url\":\"https:\\\/\\\/daisyjames.eu\\\/es\\\/collections\\\/la-abby-terra\\\/\",\"name\":\"The Abby - Papel pintado abstracto moderno | daisy james\",\"isPartOf\":{\"@id\":\"https:\\\/\\\/daisyjames.eu\\\/#website\"},\"primaryImageOfPage\":{\"@id\":\"https:\\\/\\\/daisyjames.eu\\\/es\\\/collections\\\/la-abby-terra\\\/#primaryimage\"},\"image\":{\"@id\":\"https:\\\/\\\/daisyjames.eu\\\/es\\\/collections\\\/la-abby-terra\\\/#primaryimage\"},\"thumbnailUrl\":\"https:\\\/\\\/daisyjames.eu\\\/wp-content\\\/uploads\\\/2024\\\/12\\\/DJ373-The-Abby-terra-1-scaled.jpg\",\"datePublished\":\"2024-12-28T18:10:14+00:00\",\"dateModified\":\"2025-11-12T12:05:49+00:00\",\"description\":\"Transforma tu interior con el papel pintado de Daisy James \\\"The Abby\\\", un moderno y elegante papel pintado abstracto. Con armoniosos tonos rojos y salm\u00f3n, este elegante papel pintado a\u00f1ade profundidad y sofisticaci\u00f3n a cualquier sal\u00f3n, dormitorio u oficina.\",\"breadcrumb\":{\"@id\":\"https:\\\/\\\/daisyjames.eu\\\/es\\\/collections\\\/la-abby-terra\\\/#breadcrumb\"},\"inLanguage\":\"es\",\"potentialAction\":[{\"@type\":\"ReadAction\",\"target\":[\"https:\\\/\\\/daisyjames.eu\\\/es\\\/collections\\\/la-abby-terra\\\/\"]}]},{\"@type\":\"ImageObject\",\"inLanguage\":\"es\",\"@id\":\"https:\\\/\\\/daisyjames.eu\\\/es\\\/collections\\\/la-abby-terra\\\/#primaryimage\",\"url\":\"https:\\\/\\\/daisyjames.eu\\\/wp-content\\\/uploads\\\/2024\\\/12\\\/DJ373-The-Abby-terra-1-scaled.jpg\",\"contentUrl\":\"https:\\\/\\\/daisyjames.eu\\\/wp-content\\\/uploads\\\/2024\\\/12\\\/DJ373-The-Abby-terra-1-scaled.jpg\",\"width\":1921,\"height\":2560},{\"@type\":\"BreadcrumbList\",\"@id\":\"https:\\\/\\\/daisyjames.eu\\\/es\\\/collections\\\/la-abby-terra\\\/#breadcrumb\",\"itemListElement\":[{\"@type\":\"ListItem\",\"position\":1,\"name\":\"Home\",\"item\":\"https:\\\/\\\/daisyjames.eu\\\/es\\\/\"},{\"@type\":\"ListItem\",\"position\":2,\"name\":\"Todos los revestimientos murales\",\"item\":\"https:\\\/\\\/daisyjames.eu\\\/es\\\/tienda\\\/\"},{\"@type\":\"ListItem\",\"position\":3,\"name\":\"The Abby Terra\"}]},{\"@type\":\"WebSite\",\"@id\":\"https:\\\/\\\/daisyjames.eu\\\/#website\",\"url\":\"https:\\\/\\\/daisyjames.eu\\\/\",\"name\":\"Daisy James\",\"description\":\"\",\"publisher\":{\"@id\":\"https:\\\/\\\/daisyjames.eu\\\/#organization\"},\"potentialAction\":[{\"@type\":\"SearchAction\",\"target\":{\"@type\":\"EntryPoint\",\"urlTemplate\":\"https:\\\/\\\/daisyjames.eu\\\/?s={search_term_string}\"},\"query-input\":{\"@type\":\"PropertyValueSpecification\",\"valueRequired\":true,\"valueName\":\"search_term_string\"}}],\"inLanguage\":\"es\"},{\"@type\":\"Organization\",\"@id\":\"https:\\\/\\\/daisyjames.eu\\\/#organization\",\"name\":\"Daisy James\",\"url\":\"https:\\\/\\\/daisyjames.eu\\\/\",\"logo\":{\"@type\":\"ImageObject\",\"inLanguage\":\"es\",\"@id\":\"https:\\\/\\\/daisyjames.eu\\\/#\\\/schema\\\/logo\\\/image\\\/\",\"url\":\"https:\\\/\\\/daisyjames.eu\\\/wp-content\\\/uploads\\\/2024\\\/09\\\/LogoDJzwart-1.png\",\"contentUrl\":\"https:\\\/\\\/daisyjames.eu\\\/wp-content\\\/uploads\\\/2024\\\/09\\\/LogoDJzwart-1.png\",\"width\":1125,\"height\":199,\"caption\":\"Daisy James\"},\"image\":{\"@id\":\"https:\\\/\\\/daisyjames.eu\\\/#\\\/schema\\\/logo\\\/image\\\/\"},\"sameAs\":[\"https:\\\/\\\/www.facebook.com\\\/Daisyjamesinteriorwallcovering\\\/\",\"https:\\\/\\\/x.com\\\/daisyjamesinterior\",\"https:\\\/\\\/pinterest.com\\\/daisyjameswallcovers\\\/\",\"https:\\\/\\\/nl.linkedin.com\\\/company\\\/d-a-i-s-y-j-a-m-e-s-interior-collection\"]}]}<\/script>\n<!-- \/ Yoast SEO Premium plugin. -->","yoast_head_json":{"title":"The Abby - Papel pintado abstracto moderno | daisy james","description":"Transforma tu interior con el papel pintado de Daisy James \"The Abby\", un moderno y elegante papel pintado abstracto. Con armoniosos tonos rojos y salm\u00f3n, este elegante papel pintado a\u00f1ade profundidad y sofisticaci\u00f3n a cualquier sal\u00f3n, dormitorio u oficina.","robots":{"index":"index","follow":"follow","max-snippet":"max-snippet:-1","max-image-preview":"max-image-preview:large","max-video-preview":"max-video-preview:-1"},"canonical":"https:\/\/daisyjames.eu\/es\/collections\/la-abby-terra\/","schema":{"@context":"https:\/\/schema.org","@graph":[{"@type":"WebPage","@id":"https:\/\/daisyjames.eu\/es\/collections\/la-abby-terra\/","url":"https:\/\/daisyjames.eu\/es\/collections\/la-abby-terra\/","name":"The Abby - Papel pintado abstracto moderno | daisy james","isPartOf":{"@id":"https:\/\/daisyjames.eu\/#website"},"primaryImageOfPage":{"@id":"https:\/\/daisyjames.eu\/es\/collections\/la-abby-terra\/#primaryimage"},"image":{"@id":"https:\/\/daisyjames.eu\/es\/collections\/la-abby-terra\/#primaryimage"},"thumbnailUrl":"https:\/\/daisyjames.eu\/wp-content\/uploads\/2024\/12\/DJ373-The-Abby-terra-1-scaled.jpg","datePublished":"2024-12-28T18:10:14+00:00","dateModified":"2025-11-12T12:05:49+00:00","description":"Transforma tu interior con el papel pintado de Daisy James \"The Abby\", un moderno y elegante papel pintado abstracto. Con armoniosos tonos rojos y salm\u00f3n, este elegante papel pintado a\u00f1ade profundidad y sofisticaci\u00f3n a cualquier sal\u00f3n, dormitorio u oficina.","breadcrumb":{"@id":"https:\/\/daisyjames.eu\/es\/collections\/la-abby-terra\/#breadcrumb"},"inLanguage":"es","potentialAction":[{"@type":"ReadAction","target":["https:\/\/daisyjames.eu\/es\/collections\/la-abby-terra\/"]}]},{"@type":"ImageObject","inLanguage":"es","@id":"https:\/\/daisyjames.eu\/es\/collections\/la-abby-terra\/#primaryimage","url":"https:\/\/daisyjames.eu\/wp-content\/uploads\/2024\/12\/DJ373-The-Abby-terra-1-scaled.jpg","contentUrl":"https:\/\/daisyjames.eu\/wp-content\/uploads\/2024\/12\/DJ373-The-Abby-terra-1-scaled.jpg","width":1921,"height":2560},{"@type":"BreadcrumbList","@id":"https:\/\/daisyjames.eu\/es\/collections\/la-abby-terra\/#breadcrumb","itemListElement":[{"@type":"ListItem","position":1,"name":"Home","item":"https:\/\/daisyjames.eu\/es\/"},{"@type":"ListItem","position":2,"name":"Todos los revestimientos murales","item":"https:\/\/daisyjames.eu\/es\/tienda\/"},{"@type":"ListItem","position":3,"name":"The Abby Terra"}]},{"@type":"WebSite","@id":"https:\/\/daisyjames.eu\/#website","url":"https:\/\/daisyjames.eu\/","name":"Daisy James","description":"","publisher":{"@id":"https:\/\/daisyjames.eu\/#organization"},"potentialAction":[{"@type":"SearchAction","target":{"@type":"EntryPoint","urlTemplate":"https:\/\/daisyjames.eu\/?s={search_term_string}"},"query-input":{"@type":"PropertyValueSpecification","valueRequired":true,"valueName":"search_term_string"}}],"inLanguage":"es"},{"@type":"Organization","@id":"https:\/\/daisyjames.eu\/#organization","name":"Daisy James","url":"https:\/\/daisyjames.eu\/","logo":{"@type":"ImageObject","inLanguage":"es","@id":"https:\/\/daisyjames.eu\/#\/schema\/logo\/image\/","url":"https:\/\/daisyjames.eu\/wp-content\/uploads\/2024\/09\/LogoDJzwart-1.png","contentUrl":"https:\/\/daisyjames.eu\/wp-content\/uploads\/2024\/09\/LogoDJzwart-1.png","width":1125,"height":199,"caption":"Daisy James"},"image":{"@id":"https:\/\/daisyjames.eu\/#\/schema\/logo\/image\/"},"sameAs":["https:\/\/www.facebook.com\/Daisyjamesinteriorwallcovering\/","https:\/\/x.com\/daisyjamesinterior","https:\/\/pinterest.com\/daisyjameswallcovers\/","https:\/\/nl.linkedin.com\/company\/d-a-i-s-y-j-a-m-e-s-interior-collection"]}]}},"_links":{"self":[{"href":"https:\/\/daisyjames.eu\/es\/wp-json\/wp\/v2\/product\/31385","targetHints":{"allow":["GET"]}}],"collection":[{"href":"https:\/\/daisyjames.eu\/es\/wp-json\/wp\/v2\/product"}],"about":[{"href":"https:\/\/daisyjames.eu\/es\/wp-json\/wp\/v2\/types\/product"}],"replies":[{"embeddable":true,"href":"https:\/\/daisyjames.eu\/es\/wp-json\/wp\/v2\/comments?post=31385"}],"wp:featuredmedia":[{"embeddable":true,"href":"https:\/\/daisyjames.eu\/es\/wp-json\/wp\/v2\/media\/31386"}],"wp:attachment":[{"href":"https:\/\/daisyjames.eu\/es\/wp-json\/wp\/v2\/media?parent=31385"}],"wp:term":[{"taxonomy":"product_brand","embeddable":true,"href":"https:\/\/daisyjames.eu\/es\/wp-json\/wp\/v2\/product_brand?post=31385"},{"taxonomy":"product_cat","embeddable":true,"href":"https:\/\/daisyjames.eu\/es\/wp-json\/wp\/v2\/product_cat?post=31385"},{"taxonomy":"product_tag","embeddable":true,"href":"https:\/\/daisyjames.eu\/es\/wp-json\/wp\/v2\/product_tag?post=31385"}],"curies":[{"name":"wp","href":"https:\/\/api.w.org\/{rel}","templated":true}]}}