
{"id":31985,"date":"2024-06-07T16:29:31","date_gmt":"2024-06-07T16:29:31","guid":{"rendered":"https:\/\/staging.daisyjames.eu\/collection\/el-nervio\/"},"modified":"2025-11-14T11:39:15","modified_gmt":"2025-11-14T11:39:15","slug":"the-nerve","status":"publish","type":"product","link":"https:\/\/daisyjames.eu\/es\/collections\/the-nerve\/","title":{"rendered":"The Nerve"},"content":{"rendered":"","protected":false},"excerpt":{"rendered":"<p>El papel pintado <em>&#8220;The Nerve&#8221;<\/em> de <strong>daisy<\/strong> <strong>james<\/strong> es un refinado dise\u00f1o marr\u00f3n que presenta un patr\u00f3n gr\u00e1fico de delicadas venas. Este sofisticado dise\u00f1o de papel pintado introduce una textura visual sutil pero llamativa, perfecta para a\u00f1adir profundidad y car\u00e1cter a cualquier espacio. Complem\u00e9ntalo con <em>&#8220;The Fade&#8221;<\/em>, un dise\u00f1o que muestra un sereno motivo de bosque con m\u00faltiples tonos ricos y terrosos que se mezclan a la perfecci\u00f3n. Estos colores naturales se combinan ingeniosamente para crear un ambiente tranquilizador, por lo que es una combinaci\u00f3n ideal con <em>&#8220;The Nerve&#8221;<\/em>.<\/p>\n","protected":false},"featured_media":9919,"comment_status":"closed","ping_status":"closed","template":"","meta":{"_acf_changed":false},"product_brand":[],"product_cat":[529],"product_tag":[],"class_list":{"0":"post-31985","1":"product","2":"type-product","3":"status-publish","4":"has-post-thumbnail","6":"product_cat-calm-minimal-es","7":"pa_colour-brown-es","8":"pa_colour-naturals-es","9":"pa_theme-leaves-es","10":"pa_theme-nature-es","12":"first","13":"instock","14":"purchasable","15":"product-type-simple"},"acf":[],"yoast_head":"<!-- This site is optimized with the Yoast SEO Premium plugin v27.3 (Yoast SEO v27.3) - https:\/\/yoast.com\/product\/yoast-seo-premium-wordpress\/ -->\n<title>The Nerve - Papel pintado marr\u00f3n refinado | daisy james<\/title>\n<meta name=\"description\" content=\"&quot;The Nerve&quot; de daisy james es un refinado papel pintado marr\u00f3n con un motivo gr\u00e1fico de delicadas vetas, que a\u00f1ade una sutil textura y profundidad. Combinado con &quot;The Fade&quot;, con un sereno motivo de bosque en tonos terrosos, esta combinaci\u00f3n crea un ambiente tranquilo y sofisticado.\" \/>\n<meta name=\"robots\" content=\"index, follow, max-snippet:-1, max-image-preview:large, max-video-preview:-1\" \/>\n<link rel=\"canonical\" href=\"https:\/\/daisyjames.eu\/es\/collections\/the-nerve\/\" \/>\n<script type=\"application\/ld+json\" class=\"yoast-schema-graph\">{\"@context\":\"https:\\\/\\\/schema.org\",\"@graph\":[{\"@type\":\"WebPage\",\"@id\":\"https:\\\/\\\/daisyjames.eu\\\/es\\\/collections\\\/the-nerve\\\/\",\"url\":\"https:\\\/\\\/daisyjames.eu\\\/es\\\/collections\\\/the-nerve\\\/\",\"name\":\"The Nerve - Papel pintado marr\u00f3n refinado | daisy james\",\"isPartOf\":{\"@id\":\"https:\\\/\\\/daisyjames.eu\\\/#website\"},\"primaryImageOfPage\":{\"@id\":\"https:\\\/\\\/daisyjames.eu\\\/es\\\/collections\\\/the-nerve\\\/#primaryimage\"},\"image\":{\"@id\":\"https:\\\/\\\/daisyjames.eu\\\/es\\\/collections\\\/the-nerve\\\/#primaryimage\"},\"thumbnailUrl\":\"https:\\\/\\\/daisyjames.eu\\\/wp-content\\\/uploads\\\/2024\\\/07\\\/dj358-the-nerve-1-scaled.jpg\",\"datePublished\":\"2024-06-07T16:29:31+00:00\",\"dateModified\":\"2025-11-14T11:39:15+00:00\",\"description\":\"\\\"The Nerve\\\" de daisy james es un refinado papel pintado marr\u00f3n con un motivo gr\u00e1fico de delicadas vetas, que a\u00f1ade una sutil textura y profundidad. Combinado con \\\"The Fade\\\", con un sereno motivo de bosque en tonos terrosos, esta combinaci\u00f3n crea un ambiente tranquilo y sofisticado.\",\"breadcrumb\":{\"@id\":\"https:\\\/\\\/daisyjames.eu\\\/es\\\/collections\\\/the-nerve\\\/#breadcrumb\"},\"inLanguage\":\"es\",\"potentialAction\":[{\"@type\":\"ReadAction\",\"target\":[\"https:\\\/\\\/daisyjames.eu\\\/es\\\/collections\\\/the-nerve\\\/\"]}]},{\"@type\":\"ImageObject\",\"inLanguage\":\"es\",\"@id\":\"https:\\\/\\\/daisyjames.eu\\\/es\\\/collections\\\/the-nerve\\\/#primaryimage\",\"url\":\"https:\\\/\\\/daisyjames.eu\\\/wp-content\\\/uploads\\\/2024\\\/07\\\/dj358-the-nerve-1-scaled.jpg\",\"contentUrl\":\"https:\\\/\\\/daisyjames.eu\\\/wp-content\\\/uploads\\\/2024\\\/07\\\/dj358-the-nerve-1-scaled.jpg\",\"width\":1704,\"height\":2560},{\"@type\":\"BreadcrumbList\",\"@id\":\"https:\\\/\\\/daisyjames.eu\\\/es\\\/collections\\\/the-nerve\\\/#breadcrumb\",\"itemListElement\":[{\"@type\":\"ListItem\",\"position\":1,\"name\":\"Home\",\"item\":\"https:\\\/\\\/daisyjames.eu\\\/es\\\/\"},{\"@type\":\"ListItem\",\"position\":2,\"name\":\"Todos los revestimientos murales\",\"item\":\"https:\\\/\\\/daisyjames.eu\\\/es\\\/tienda\\\/\"},{\"@type\":\"ListItem\",\"position\":3,\"name\":\"The Nerve\"}]},{\"@type\":\"WebSite\",\"@id\":\"https:\\\/\\\/daisyjames.eu\\\/#website\",\"url\":\"https:\\\/\\\/daisyjames.eu\\\/\",\"name\":\"Daisy James\",\"description\":\"\",\"publisher\":{\"@id\":\"https:\\\/\\\/daisyjames.eu\\\/#organization\"},\"potentialAction\":[{\"@type\":\"SearchAction\",\"target\":{\"@type\":\"EntryPoint\",\"urlTemplate\":\"https:\\\/\\\/daisyjames.eu\\\/?s={search_term_string}\"},\"query-input\":{\"@type\":\"PropertyValueSpecification\",\"valueRequired\":true,\"valueName\":\"search_term_string\"}}],\"inLanguage\":\"es\"},{\"@type\":\"Organization\",\"@id\":\"https:\\\/\\\/daisyjames.eu\\\/#organization\",\"name\":\"Daisy James\",\"url\":\"https:\\\/\\\/daisyjames.eu\\\/\",\"logo\":{\"@type\":\"ImageObject\",\"inLanguage\":\"es\",\"@id\":\"https:\\\/\\\/daisyjames.eu\\\/#\\\/schema\\\/logo\\\/image\\\/\",\"url\":\"https:\\\/\\\/daisyjames.eu\\\/wp-content\\\/uploads\\\/2024\\\/09\\\/LogoDJzwart-1.png\",\"contentUrl\":\"https:\\\/\\\/daisyjames.eu\\\/wp-content\\\/uploads\\\/2024\\\/09\\\/LogoDJzwart-1.png\",\"width\":1125,\"height\":199,\"caption\":\"Daisy James\"},\"image\":{\"@id\":\"https:\\\/\\\/daisyjames.eu\\\/#\\\/schema\\\/logo\\\/image\\\/\"},\"sameAs\":[\"https:\\\/\\\/www.facebook.com\\\/Daisyjamesinteriorwallcovering\\\/\",\"https:\\\/\\\/x.com\\\/daisyjamesinterior\",\"https:\\\/\\\/pinterest.com\\\/daisyjameswallcovers\\\/\",\"https:\\\/\\\/nl.linkedin.com\\\/company\\\/d-a-i-s-y-j-a-m-e-s-interior-collection\"]}]}<\/script>\n<!-- \/ Yoast SEO Premium plugin. -->","yoast_head_json":{"title":"The Nerve - Papel pintado marr\u00f3n refinado | daisy james","description":"\"The Nerve\" de daisy james es un refinado papel pintado marr\u00f3n con un motivo gr\u00e1fico de delicadas vetas, que a\u00f1ade una sutil textura y profundidad. Combinado con \"The Fade\", con un sereno motivo de bosque en tonos terrosos, esta combinaci\u00f3n crea un ambiente tranquilo y sofisticado.","robots":{"index":"index","follow":"follow","max-snippet":"max-snippet:-1","max-image-preview":"max-image-preview:large","max-video-preview":"max-video-preview:-1"},"canonical":"https:\/\/daisyjames.eu\/es\/collections\/the-nerve\/","schema":{"@context":"https:\/\/schema.org","@graph":[{"@type":"WebPage","@id":"https:\/\/daisyjames.eu\/es\/collections\/the-nerve\/","url":"https:\/\/daisyjames.eu\/es\/collections\/the-nerve\/","name":"The Nerve - Papel pintado marr\u00f3n refinado | daisy james","isPartOf":{"@id":"https:\/\/daisyjames.eu\/#website"},"primaryImageOfPage":{"@id":"https:\/\/daisyjames.eu\/es\/collections\/the-nerve\/#primaryimage"},"image":{"@id":"https:\/\/daisyjames.eu\/es\/collections\/the-nerve\/#primaryimage"},"thumbnailUrl":"https:\/\/daisyjames.eu\/wp-content\/uploads\/2024\/07\/dj358-the-nerve-1-scaled.jpg","datePublished":"2024-06-07T16:29:31+00:00","dateModified":"2025-11-14T11:39:15+00:00","description":"\"The Nerve\" de daisy james es un refinado papel pintado marr\u00f3n con un motivo gr\u00e1fico de delicadas vetas, que a\u00f1ade una sutil textura y profundidad. Combinado con \"The Fade\", con un sereno motivo de bosque en tonos terrosos, esta combinaci\u00f3n crea un ambiente tranquilo y sofisticado.","breadcrumb":{"@id":"https:\/\/daisyjames.eu\/es\/collections\/the-nerve\/#breadcrumb"},"inLanguage":"es","potentialAction":[{"@type":"ReadAction","target":["https:\/\/daisyjames.eu\/es\/collections\/the-nerve\/"]}]},{"@type":"ImageObject","inLanguage":"es","@id":"https:\/\/daisyjames.eu\/es\/collections\/the-nerve\/#primaryimage","url":"https:\/\/daisyjames.eu\/wp-content\/uploads\/2024\/07\/dj358-the-nerve-1-scaled.jpg","contentUrl":"https:\/\/daisyjames.eu\/wp-content\/uploads\/2024\/07\/dj358-the-nerve-1-scaled.jpg","width":1704,"height":2560},{"@type":"BreadcrumbList","@id":"https:\/\/daisyjames.eu\/es\/collections\/the-nerve\/#breadcrumb","itemListElement":[{"@type":"ListItem","position":1,"name":"Home","item":"https:\/\/daisyjames.eu\/es\/"},{"@type":"ListItem","position":2,"name":"Todos los revestimientos murales","item":"https:\/\/daisyjames.eu\/es\/tienda\/"},{"@type":"ListItem","position":3,"name":"The Nerve"}]},{"@type":"WebSite","@id":"https:\/\/daisyjames.eu\/#website","url":"https:\/\/daisyjames.eu\/","name":"Daisy James","description":"","publisher":{"@id":"https:\/\/daisyjames.eu\/#organization"},"potentialAction":[{"@type":"SearchAction","target":{"@type":"EntryPoint","urlTemplate":"https:\/\/daisyjames.eu\/?s={search_term_string}"},"query-input":{"@type":"PropertyValueSpecification","valueRequired":true,"valueName":"search_term_string"}}],"inLanguage":"es"},{"@type":"Organization","@id":"https:\/\/daisyjames.eu\/#organization","name":"Daisy James","url":"https:\/\/daisyjames.eu\/","logo":{"@type":"ImageObject","inLanguage":"es","@id":"https:\/\/daisyjames.eu\/#\/schema\/logo\/image\/","url":"https:\/\/daisyjames.eu\/wp-content\/uploads\/2024\/09\/LogoDJzwart-1.png","contentUrl":"https:\/\/daisyjames.eu\/wp-content\/uploads\/2024\/09\/LogoDJzwart-1.png","width":1125,"height":199,"caption":"Daisy James"},"image":{"@id":"https:\/\/daisyjames.eu\/#\/schema\/logo\/image\/"},"sameAs":["https:\/\/www.facebook.com\/Daisyjamesinteriorwallcovering\/","https:\/\/x.com\/daisyjamesinterior","https:\/\/pinterest.com\/daisyjameswallcovers\/","https:\/\/nl.linkedin.com\/company\/d-a-i-s-y-j-a-m-e-s-interior-collection"]}]}},"_links":{"self":[{"href":"https:\/\/daisyjames.eu\/es\/wp-json\/wp\/v2\/product\/31985","targetHints":{"allow":["GET"]}}],"collection":[{"href":"https:\/\/daisyjames.eu\/es\/wp-json\/wp\/v2\/product"}],"about":[{"href":"https:\/\/daisyjames.eu\/es\/wp-json\/wp\/v2\/types\/product"}],"replies":[{"embeddable":true,"href":"https:\/\/daisyjames.eu\/es\/wp-json\/wp\/v2\/comments?post=31985"}],"wp:featuredmedia":[{"embeddable":true,"href":"https:\/\/daisyjames.eu\/es\/wp-json\/wp\/v2\/media\/9919"}],"wp:attachment":[{"href":"https:\/\/daisyjames.eu\/es\/wp-json\/wp\/v2\/media?parent=31985"}],"wp:term":[{"taxonomy":"product_brand","embeddable":true,"href":"https:\/\/daisyjames.eu\/es\/wp-json\/wp\/v2\/product_brand?post=31985"},{"taxonomy":"product_cat","embeddable":true,"href":"https:\/\/daisyjames.eu\/es\/wp-json\/wp\/v2\/product_cat?post=31985"},{"taxonomy":"product_tag","embeddable":true,"href":"https:\/\/daisyjames.eu\/es\/wp-json\/wp\/v2\/product_tag?post=31985"}],"curies":[{"name":"wp","href":"https:\/\/api.w.org\/{rel}","templated":true}]}}