
{"id":32035,"date":"2023-07-17T09:35:53","date_gmt":"2023-07-17T09:35:53","guid":{"rendered":"https:\/\/staging.daisyjames.eu\/collection\/el-spyro\/"},"modified":"2025-11-17T14:42:26","modified_gmt":"2025-11-17T14:42:26","slug":"the-spyro","status":"publish","type":"product","link":"https:\/\/daisyjames.eu\/es\/collections\/the-spyro\/","title":{"rendered":"The Spyro"},"content":{"rendered":"","protected":false},"excerpt":{"rendered":"<p>Experimenta una vibrante danza de colores y motivos con nuestro deslumbrante dise\u00f1o de papel pintado. C\u00edrculos delicados y atrevidos crean movimiento y ritmo, mientras que las l\u00edneas entrelazadas a\u00f1aden fluidez y armon\u00eda. Este dise\u00f1o muestra el poder transformador del dise\u00f1o, convirtiendo elementos sencillos en belleza y alegr\u00eda. Transforma tu espacio con esta cautivadora obra maestra.<\/p>\n","protected":false},"featured_media":8263,"comment_status":"closed","ping_status":"closed","template":"","meta":{"_acf_changed":false},"product_brand":[],"product_cat":[516],"product_tag":[],"class_list":{"0":"post-32035","1":"product","2":"type-product","3":"status-publish","4":"has-post-thumbnail","6":"product_cat-expressive-statement-es","7":"pa_colour-yellow-es","8":"pa_colour-multi-colours-es","9":"pa_colour-orange-es","10":"pa_colour-rojo","11":"pa_theme-abstract-es","13":"first","14":"instock","15":"purchasable","16":"product-type-simple"},"acf":[],"yoast_head":"<!-- This site is optimized with the Yoast SEO Premium plugin v27.3 (Yoast SEO v27.3) - https:\/\/yoast.com\/product\/yoast-seo-premium-wordpress\/ -->\n<title>The Spyro - Papel pintado geom\u00e9trico de colores | daisy james<\/title>\n<meta name=\"description\" content=\"Experimenta &quot;The Spyro&quot; danza de colores y motivos con este deslumbrante dise\u00f1o de papel pintado. Delicados c\u00edrculos y l\u00edneas entrelazadas crean movimiento y armon\u00eda, transformando tu espacio con belleza y alegr\u00eda.\" \/>\n<meta name=\"robots\" content=\"index, follow, max-snippet:-1, max-image-preview:large, max-video-preview:-1\" \/>\n<link rel=\"canonical\" href=\"https:\/\/daisyjames.eu\/es\/collections\/the-spyro\/\" \/>\n<script type=\"application\/ld+json\" class=\"yoast-schema-graph\">{\"@context\":\"https:\\\/\\\/schema.org\",\"@graph\":[{\"@type\":\"WebPage\",\"@id\":\"https:\\\/\\\/daisyjames.eu\\\/es\\\/collections\\\/the-spyro\\\/\",\"url\":\"https:\\\/\\\/daisyjames.eu\\\/es\\\/collections\\\/the-spyro\\\/\",\"name\":\"The Spyro - Papel pintado geom\u00e9trico de colores | daisy james\",\"isPartOf\":{\"@id\":\"https:\\\/\\\/daisyjames.eu\\\/#website\"},\"primaryImageOfPage\":{\"@id\":\"https:\\\/\\\/daisyjames.eu\\\/es\\\/collections\\\/the-spyro\\\/#primaryimage\"},\"image\":{\"@id\":\"https:\\\/\\\/daisyjames.eu\\\/es\\\/collections\\\/the-spyro\\\/#primaryimage\"},\"thumbnailUrl\":\"https:\\\/\\\/daisyjames.eu\\\/wp-content\\\/uploads\\\/2024\\\/06\\\/dj335-the-spyro-1.jpg\",\"datePublished\":\"2023-07-17T09:35:53+00:00\",\"dateModified\":\"2025-11-17T14:42:26+00:00\",\"description\":\"Experimenta \\\"The Spyro\\\" danza de colores y motivos con este deslumbrante dise\u00f1o de papel pintado. Delicados c\u00edrculos y l\u00edneas entrelazadas crean movimiento y armon\u00eda, transformando tu espacio con belleza y alegr\u00eda.\",\"breadcrumb\":{\"@id\":\"https:\\\/\\\/daisyjames.eu\\\/es\\\/collections\\\/the-spyro\\\/#breadcrumb\"},\"inLanguage\":\"es\",\"potentialAction\":[{\"@type\":\"ReadAction\",\"target\":[\"https:\\\/\\\/daisyjames.eu\\\/es\\\/collections\\\/the-spyro\\\/\"]}]},{\"@type\":\"ImageObject\",\"inLanguage\":\"es\",\"@id\":\"https:\\\/\\\/daisyjames.eu\\\/es\\\/collections\\\/the-spyro\\\/#primaryimage\",\"url\":\"https:\\\/\\\/daisyjames.eu\\\/wp-content\\\/uploads\\\/2024\\\/06\\\/dj335-the-spyro-1.jpg\",\"contentUrl\":\"https:\\\/\\\/daisyjames.eu\\\/wp-content\\\/uploads\\\/2024\\\/06\\\/dj335-the-spyro-1.jpg\",\"width\":1710,\"height\":2560},{\"@type\":\"BreadcrumbList\",\"@id\":\"https:\\\/\\\/daisyjames.eu\\\/es\\\/collections\\\/the-spyro\\\/#breadcrumb\",\"itemListElement\":[{\"@type\":\"ListItem\",\"position\":1,\"name\":\"Home\",\"item\":\"https:\\\/\\\/daisyjames.eu\\\/es\\\/\"},{\"@type\":\"ListItem\",\"position\":2,\"name\":\"Todos los revestimientos murales\",\"item\":\"https:\\\/\\\/daisyjames.eu\\\/es\\\/tienda\\\/\"},{\"@type\":\"ListItem\",\"position\":3,\"name\":\"The Spyro\"}]},{\"@type\":\"WebSite\",\"@id\":\"https:\\\/\\\/daisyjames.eu\\\/#website\",\"url\":\"https:\\\/\\\/daisyjames.eu\\\/\",\"name\":\"Daisy James\",\"description\":\"\",\"publisher\":{\"@id\":\"https:\\\/\\\/daisyjames.eu\\\/#organization\"},\"potentialAction\":[{\"@type\":\"SearchAction\",\"target\":{\"@type\":\"EntryPoint\",\"urlTemplate\":\"https:\\\/\\\/daisyjames.eu\\\/?s={search_term_string}\"},\"query-input\":{\"@type\":\"PropertyValueSpecification\",\"valueRequired\":true,\"valueName\":\"search_term_string\"}}],\"inLanguage\":\"es\"},{\"@type\":\"Organization\",\"@id\":\"https:\\\/\\\/daisyjames.eu\\\/#organization\",\"name\":\"Daisy James\",\"url\":\"https:\\\/\\\/daisyjames.eu\\\/\",\"logo\":{\"@type\":\"ImageObject\",\"inLanguage\":\"es\",\"@id\":\"https:\\\/\\\/daisyjames.eu\\\/#\\\/schema\\\/logo\\\/image\\\/\",\"url\":\"https:\\\/\\\/daisyjames.eu\\\/wp-content\\\/uploads\\\/2024\\\/09\\\/LogoDJzwart-1.png\",\"contentUrl\":\"https:\\\/\\\/daisyjames.eu\\\/wp-content\\\/uploads\\\/2024\\\/09\\\/LogoDJzwart-1.png\",\"width\":1125,\"height\":199,\"caption\":\"Daisy James\"},\"image\":{\"@id\":\"https:\\\/\\\/daisyjames.eu\\\/#\\\/schema\\\/logo\\\/image\\\/\"},\"sameAs\":[\"https:\\\/\\\/www.facebook.com\\\/Daisyjamesinteriorwallcovering\\\/\",\"https:\\\/\\\/x.com\\\/daisyjamesinterior\",\"https:\\\/\\\/pinterest.com\\\/daisyjameswallcovers\\\/\",\"https:\\\/\\\/nl.linkedin.com\\\/company\\\/d-a-i-s-y-j-a-m-e-s-interior-collection\"]}]}<\/script>\n<!-- \/ Yoast SEO Premium plugin. -->","yoast_head_json":{"title":"The Spyro - Papel pintado geom\u00e9trico de colores | daisy james","description":"Experimenta \"The Spyro\" danza de colores y motivos con este deslumbrante dise\u00f1o de papel pintado. Delicados c\u00edrculos y l\u00edneas entrelazadas crean movimiento y armon\u00eda, transformando tu espacio con belleza y alegr\u00eda.","robots":{"index":"index","follow":"follow","max-snippet":"max-snippet:-1","max-image-preview":"max-image-preview:large","max-video-preview":"max-video-preview:-1"},"canonical":"https:\/\/daisyjames.eu\/es\/collections\/the-spyro\/","schema":{"@context":"https:\/\/schema.org","@graph":[{"@type":"WebPage","@id":"https:\/\/daisyjames.eu\/es\/collections\/the-spyro\/","url":"https:\/\/daisyjames.eu\/es\/collections\/the-spyro\/","name":"The Spyro - Papel pintado geom\u00e9trico de colores | daisy james","isPartOf":{"@id":"https:\/\/daisyjames.eu\/#website"},"primaryImageOfPage":{"@id":"https:\/\/daisyjames.eu\/es\/collections\/the-spyro\/#primaryimage"},"image":{"@id":"https:\/\/daisyjames.eu\/es\/collections\/the-spyro\/#primaryimage"},"thumbnailUrl":"https:\/\/daisyjames.eu\/wp-content\/uploads\/2024\/06\/dj335-the-spyro-1.jpg","datePublished":"2023-07-17T09:35:53+00:00","dateModified":"2025-11-17T14:42:26+00:00","description":"Experimenta \"The Spyro\" danza de colores y motivos con este deslumbrante dise\u00f1o de papel pintado. Delicados c\u00edrculos y l\u00edneas entrelazadas crean movimiento y armon\u00eda, transformando tu espacio con belleza y alegr\u00eda.","breadcrumb":{"@id":"https:\/\/daisyjames.eu\/es\/collections\/the-spyro\/#breadcrumb"},"inLanguage":"es","potentialAction":[{"@type":"ReadAction","target":["https:\/\/daisyjames.eu\/es\/collections\/the-spyro\/"]}]},{"@type":"ImageObject","inLanguage":"es","@id":"https:\/\/daisyjames.eu\/es\/collections\/the-spyro\/#primaryimage","url":"https:\/\/daisyjames.eu\/wp-content\/uploads\/2024\/06\/dj335-the-spyro-1.jpg","contentUrl":"https:\/\/daisyjames.eu\/wp-content\/uploads\/2024\/06\/dj335-the-spyro-1.jpg","width":1710,"height":2560},{"@type":"BreadcrumbList","@id":"https:\/\/daisyjames.eu\/es\/collections\/the-spyro\/#breadcrumb","itemListElement":[{"@type":"ListItem","position":1,"name":"Home","item":"https:\/\/daisyjames.eu\/es\/"},{"@type":"ListItem","position":2,"name":"Todos los revestimientos murales","item":"https:\/\/daisyjames.eu\/es\/tienda\/"},{"@type":"ListItem","position":3,"name":"The Spyro"}]},{"@type":"WebSite","@id":"https:\/\/daisyjames.eu\/#website","url":"https:\/\/daisyjames.eu\/","name":"Daisy James","description":"","publisher":{"@id":"https:\/\/daisyjames.eu\/#organization"},"potentialAction":[{"@type":"SearchAction","target":{"@type":"EntryPoint","urlTemplate":"https:\/\/daisyjames.eu\/?s={search_term_string}"},"query-input":{"@type":"PropertyValueSpecification","valueRequired":true,"valueName":"search_term_string"}}],"inLanguage":"es"},{"@type":"Organization","@id":"https:\/\/daisyjames.eu\/#organization","name":"Daisy James","url":"https:\/\/daisyjames.eu\/","logo":{"@type":"ImageObject","inLanguage":"es","@id":"https:\/\/daisyjames.eu\/#\/schema\/logo\/image\/","url":"https:\/\/daisyjames.eu\/wp-content\/uploads\/2024\/09\/LogoDJzwart-1.png","contentUrl":"https:\/\/daisyjames.eu\/wp-content\/uploads\/2024\/09\/LogoDJzwart-1.png","width":1125,"height":199,"caption":"Daisy James"},"image":{"@id":"https:\/\/daisyjames.eu\/#\/schema\/logo\/image\/"},"sameAs":["https:\/\/www.facebook.com\/Daisyjamesinteriorwallcovering\/","https:\/\/x.com\/daisyjamesinterior","https:\/\/pinterest.com\/daisyjameswallcovers\/","https:\/\/nl.linkedin.com\/company\/d-a-i-s-y-j-a-m-e-s-interior-collection"]}]}},"_links":{"self":[{"href":"https:\/\/daisyjames.eu\/es\/wp-json\/wp\/v2\/product\/32035","targetHints":{"allow":["GET"]}}],"collection":[{"href":"https:\/\/daisyjames.eu\/es\/wp-json\/wp\/v2\/product"}],"about":[{"href":"https:\/\/daisyjames.eu\/es\/wp-json\/wp\/v2\/types\/product"}],"replies":[{"embeddable":true,"href":"https:\/\/daisyjames.eu\/es\/wp-json\/wp\/v2\/comments?post=32035"}],"wp:featuredmedia":[{"embeddable":true,"href":"https:\/\/daisyjames.eu\/es\/wp-json\/wp\/v2\/media\/8263"}],"wp:attachment":[{"href":"https:\/\/daisyjames.eu\/es\/wp-json\/wp\/v2\/media?parent=32035"}],"wp:term":[{"taxonomy":"product_brand","embeddable":true,"href":"https:\/\/daisyjames.eu\/es\/wp-json\/wp\/v2\/product_brand?post=32035"},{"taxonomy":"product_cat","embeddable":true,"href":"https:\/\/daisyjames.eu\/es\/wp-json\/wp\/v2\/product_cat?post=32035"},{"taxonomy":"product_tag","embeddable":true,"href":"https:\/\/daisyjames.eu\/es\/wp-json\/wp\/v2\/product_tag?post=32035"}],"curies":[{"name":"wp","href":"https:\/\/api.w.org\/{rel}","templated":true}]}}