
{"id":35328,"date":"2026-02-09T15:34:27","date_gmt":"2026-02-09T15:34:27","guid":{"rendered":"https:\/\/staging.daisyjames.eu\/?post_type=product&#038;p=35328"},"modified":"2026-04-09T15:42:28","modified_gmt":"2026-04-09T15:42:28","slug":"the-frame-wallcover-daisy-james","status":"publish","type":"product","link":"https:\/\/daisyjames.eu\/es\/collections\/the-frame-wallcover-daisy-james\/","title":{"rendered":"The Frame"},"content":{"rendered":"<p data-start=\"129\" data-end=\"434\">&#8220;The Frame&#8221; de <strong>daisy james<\/strong> es un revestimiento mural contempor\u00e1neo con una superficie refinada y gr\u00e1fica. El dise\u00f1o consiste en estructuras lineales muy finas con sutiles acentos de color. El revestimiento mural tiene un car\u00e1cter m\u00ednimo y controlado. The Poise&#8221; funciona como un fondo tranquilo, apoyando la arquitectura de un espacio sin dominarlo.<\/p>\n<h2 data-start=\"605\" data-end=\"618\">Consejos de estilo<\/h2>\n<ul>\n<li data-start=\"622\" data-end=\"677\">Comb\u00ednalo con vol\u00famenes limpios y materiales sobrios.<\/li>\n<li data-start=\"680\" data-end=\"755\">El color terra combina bien con los tonos c\u00e1lidos de la madera y los acabados naturales.<\/li>\n<li data-start=\"758\" data-end=\"818\">Adecuado para interiores en los que la sobriedad y el detalle son fundamentales.<\/li>\n<li data-start=\"821\" data-end=\"880\">Mant\u00e9n limitada la paleta circundante para conseguir un resultado cohesionado.<\/li>\n<\/ul>\n","protected":false},"excerpt":{"rendered":"<p><em>&#8220;The Frame&#8221;<\/em> de <strong>daisy james<\/strong> es un revestimiento mural minimalista que presenta estructuras lineales muy finas y sutiles acentos de color. El dise\u00f1o tiene una superficie estratificada y un ritmo visual controlado, lo que da como resultado un aspecto tranquilo y refinado. La tonalidad marr\u00f3n terra a\u00f1ade calidez al tiempo que mantiene un car\u00e1cter comedido, por lo que resulta adecuado como fondo tranquilo en interiores contempor\u00e1neos.<\/p>\n","protected":false},"featured_media":35425,"comment_status":"open","ping_status":"closed","template":"","meta":{"_acf_changed":false},"product_brand":[],"product_cat":[529,552],"product_tag":[],"class_list":{"0":"post-35328","1":"product","2":"type-product","3":"status-publish","4":"has-post-thumbnail","6":"product_cat-calm-minimal-es","7":"product_cat-refined-luxe-es","8":"pa_colour-aubergine-es","9":"pa_colour-orange-es","10":"pa_colour-rojo","11":"pa_colour-rosa","12":"pa_colour-salmon-es","13":"pa_colour-terra-es","14":"pa_theme-basics-es","15":"pa_theme-graphic-es","17":"first","18":"instock","19":"shipping-taxable","20":"purchasable","21":"product-type-simple"},"acf":[],"yoast_head":"<!-- This site is optimized with the Yoast SEO Premium plugin v27.3 (Yoast SEO v27.3) - https:\/\/yoast.com\/product\/yoast-seo-premium-wordpress\/ -->\n<title>The Frame - Revestimiento mural minimalista | daisy james<\/title>\n<meta name=\"description\" content=\"The Frame es un revestimiento mural minimalista de daisy james con finas estructuras lineales y sutiles acentos de color. Disponible en terra, gris, marr\u00f3n y salm\u00f3n.\" \/>\n<meta name=\"robots\" content=\"index, follow, max-snippet:-1, max-image-preview:large, max-video-preview:-1\" \/>\n<link rel=\"canonical\" href=\"https:\/\/daisyjames.eu\/es\/collections\/the-frame-wallcover-daisy-james\/\" \/>\n<script type=\"application\/ld+json\" class=\"yoast-schema-graph\">{\"@context\":\"https:\\\/\\\/schema.org\",\"@graph\":[{\"@type\":\"WebPage\",\"@id\":\"https:\\\/\\\/daisyjames.eu\\\/es\\\/collections\\\/the-frame-wallcover-daisy-james\\\/\",\"url\":\"https:\\\/\\\/daisyjames.eu\\\/es\\\/collections\\\/the-frame-wallcover-daisy-james\\\/\",\"name\":\"The Frame - Revestimiento mural minimalista | daisy james\",\"isPartOf\":{\"@id\":\"https:\\\/\\\/daisyjames.eu\\\/#website\"},\"primaryImageOfPage\":{\"@id\":\"https:\\\/\\\/daisyjames.eu\\\/es\\\/collections\\\/the-frame-wallcover-daisy-james\\\/#primaryimage\"},\"image\":{\"@id\":\"https:\\\/\\\/daisyjames.eu\\\/es\\\/collections\\\/the-frame-wallcover-daisy-james\\\/#primaryimage\"},\"thumbnailUrl\":\"https:\\\/\\\/daisyjames.eu\\\/wp-content\\\/uploads\\\/2026\\\/02\\\/DJ398-The-frame-1a2c-scaled.jpg\",\"datePublished\":\"2026-02-09T15:34:27+00:00\",\"dateModified\":\"2026-04-09T15:42:28+00:00\",\"description\":\"The Frame es un revestimiento mural minimalista de daisy james con finas estructuras lineales y sutiles acentos de color. Disponible en terra, gris, marr\u00f3n y salm\u00f3n.\",\"breadcrumb\":{\"@id\":\"https:\\\/\\\/daisyjames.eu\\\/es\\\/collections\\\/the-frame-wallcover-daisy-james\\\/#breadcrumb\"},\"inLanguage\":\"es\",\"potentialAction\":[{\"@type\":\"ReadAction\",\"target\":[\"https:\\\/\\\/daisyjames.eu\\\/es\\\/collections\\\/the-frame-wallcover-daisy-james\\\/\"]}]},{\"@type\":\"ImageObject\",\"inLanguage\":\"es\",\"@id\":\"https:\\\/\\\/daisyjames.eu\\\/es\\\/collections\\\/the-frame-wallcover-daisy-james\\\/#primaryimage\",\"url\":\"https:\\\/\\\/daisyjames.eu\\\/wp-content\\\/uploads\\\/2026\\\/02\\\/DJ398-The-frame-1a2c-scaled.jpg\",\"contentUrl\":\"https:\\\/\\\/daisyjames.eu\\\/wp-content\\\/uploads\\\/2026\\\/02\\\/DJ398-The-frame-1a2c-scaled.jpg\",\"width\":1445,\"height\":2560},{\"@type\":\"BreadcrumbList\",\"@id\":\"https:\\\/\\\/daisyjames.eu\\\/es\\\/collections\\\/the-frame-wallcover-daisy-james\\\/#breadcrumb\",\"itemListElement\":[{\"@type\":\"ListItem\",\"position\":1,\"name\":\"Home\",\"item\":\"https:\\\/\\\/daisyjames.eu\\\/es\\\/\"},{\"@type\":\"ListItem\",\"position\":2,\"name\":\"Todos los revestimientos murales\",\"item\":\"https:\\\/\\\/daisyjames.eu\\\/es\\\/tienda\\\/\"},{\"@type\":\"ListItem\",\"position\":3,\"name\":\"The Frame\"}]},{\"@type\":\"WebSite\",\"@id\":\"https:\\\/\\\/daisyjames.eu\\\/#website\",\"url\":\"https:\\\/\\\/daisyjames.eu\\\/\",\"name\":\"Daisy James\",\"description\":\"\",\"publisher\":{\"@id\":\"https:\\\/\\\/daisyjames.eu\\\/#organization\"},\"potentialAction\":[{\"@type\":\"SearchAction\",\"target\":{\"@type\":\"EntryPoint\",\"urlTemplate\":\"https:\\\/\\\/daisyjames.eu\\\/?s={search_term_string}\"},\"query-input\":{\"@type\":\"PropertyValueSpecification\",\"valueRequired\":true,\"valueName\":\"search_term_string\"}}],\"inLanguage\":\"es\"},{\"@type\":\"Organization\",\"@id\":\"https:\\\/\\\/daisyjames.eu\\\/#organization\",\"name\":\"Daisy James\",\"url\":\"https:\\\/\\\/daisyjames.eu\\\/\",\"logo\":{\"@type\":\"ImageObject\",\"inLanguage\":\"es\",\"@id\":\"https:\\\/\\\/daisyjames.eu\\\/#\\\/schema\\\/logo\\\/image\\\/\",\"url\":\"https:\\\/\\\/daisyjames.eu\\\/wp-content\\\/uploads\\\/2024\\\/09\\\/LogoDJzwart-1.png\",\"contentUrl\":\"https:\\\/\\\/daisyjames.eu\\\/wp-content\\\/uploads\\\/2024\\\/09\\\/LogoDJzwart-1.png\",\"width\":1125,\"height\":199,\"caption\":\"Daisy James\"},\"image\":{\"@id\":\"https:\\\/\\\/daisyjames.eu\\\/#\\\/schema\\\/logo\\\/image\\\/\"},\"sameAs\":[\"https:\\\/\\\/www.facebook.com\\\/Daisyjamesinteriorwallcovering\\\/\",\"https:\\\/\\\/x.com\\\/daisyjamesinterior\",\"https:\\\/\\\/pinterest.com\\\/daisyjameswallcovers\\\/\",\"https:\\\/\\\/nl.linkedin.com\\\/company\\\/d-a-i-s-y-j-a-m-e-s-interior-collection\"]}]}<\/script>\n<!-- \/ Yoast SEO Premium plugin. -->","yoast_head_json":{"title":"The Frame - Revestimiento mural minimalista | daisy james","description":"The Frame es un revestimiento mural minimalista de daisy james con finas estructuras lineales y sutiles acentos de color. Disponible en terra, gris, marr\u00f3n y salm\u00f3n.","robots":{"index":"index","follow":"follow","max-snippet":"max-snippet:-1","max-image-preview":"max-image-preview:large","max-video-preview":"max-video-preview:-1"},"canonical":"https:\/\/daisyjames.eu\/es\/collections\/the-frame-wallcover-daisy-james\/","schema":{"@context":"https:\/\/schema.org","@graph":[{"@type":"WebPage","@id":"https:\/\/daisyjames.eu\/es\/collections\/the-frame-wallcover-daisy-james\/","url":"https:\/\/daisyjames.eu\/es\/collections\/the-frame-wallcover-daisy-james\/","name":"The Frame - Revestimiento mural minimalista | daisy james","isPartOf":{"@id":"https:\/\/daisyjames.eu\/#website"},"primaryImageOfPage":{"@id":"https:\/\/daisyjames.eu\/es\/collections\/the-frame-wallcover-daisy-james\/#primaryimage"},"image":{"@id":"https:\/\/daisyjames.eu\/es\/collections\/the-frame-wallcover-daisy-james\/#primaryimage"},"thumbnailUrl":"https:\/\/daisyjames.eu\/wp-content\/uploads\/2026\/02\/DJ398-The-frame-1a2c-scaled.jpg","datePublished":"2026-02-09T15:34:27+00:00","dateModified":"2026-04-09T15:42:28+00:00","description":"The Frame es un revestimiento mural minimalista de daisy james con finas estructuras lineales y sutiles acentos de color. Disponible en terra, gris, marr\u00f3n y salm\u00f3n.","breadcrumb":{"@id":"https:\/\/daisyjames.eu\/es\/collections\/the-frame-wallcover-daisy-james\/#breadcrumb"},"inLanguage":"es","potentialAction":[{"@type":"ReadAction","target":["https:\/\/daisyjames.eu\/es\/collections\/the-frame-wallcover-daisy-james\/"]}]},{"@type":"ImageObject","inLanguage":"es","@id":"https:\/\/daisyjames.eu\/es\/collections\/the-frame-wallcover-daisy-james\/#primaryimage","url":"https:\/\/daisyjames.eu\/wp-content\/uploads\/2026\/02\/DJ398-The-frame-1a2c-scaled.jpg","contentUrl":"https:\/\/daisyjames.eu\/wp-content\/uploads\/2026\/02\/DJ398-The-frame-1a2c-scaled.jpg","width":1445,"height":2560},{"@type":"BreadcrumbList","@id":"https:\/\/daisyjames.eu\/es\/collections\/the-frame-wallcover-daisy-james\/#breadcrumb","itemListElement":[{"@type":"ListItem","position":1,"name":"Home","item":"https:\/\/daisyjames.eu\/es\/"},{"@type":"ListItem","position":2,"name":"Todos los revestimientos murales","item":"https:\/\/daisyjames.eu\/es\/tienda\/"},{"@type":"ListItem","position":3,"name":"The Frame"}]},{"@type":"WebSite","@id":"https:\/\/daisyjames.eu\/#website","url":"https:\/\/daisyjames.eu\/","name":"Daisy James","description":"","publisher":{"@id":"https:\/\/daisyjames.eu\/#organization"},"potentialAction":[{"@type":"SearchAction","target":{"@type":"EntryPoint","urlTemplate":"https:\/\/daisyjames.eu\/?s={search_term_string}"},"query-input":{"@type":"PropertyValueSpecification","valueRequired":true,"valueName":"search_term_string"}}],"inLanguage":"es"},{"@type":"Organization","@id":"https:\/\/daisyjames.eu\/#organization","name":"Daisy James","url":"https:\/\/daisyjames.eu\/","logo":{"@type":"ImageObject","inLanguage":"es","@id":"https:\/\/daisyjames.eu\/#\/schema\/logo\/image\/","url":"https:\/\/daisyjames.eu\/wp-content\/uploads\/2024\/09\/LogoDJzwart-1.png","contentUrl":"https:\/\/daisyjames.eu\/wp-content\/uploads\/2024\/09\/LogoDJzwart-1.png","width":1125,"height":199,"caption":"Daisy James"},"image":{"@id":"https:\/\/daisyjames.eu\/#\/schema\/logo\/image\/"},"sameAs":["https:\/\/www.facebook.com\/Daisyjamesinteriorwallcovering\/","https:\/\/x.com\/daisyjamesinterior","https:\/\/pinterest.com\/daisyjameswallcovers\/","https:\/\/nl.linkedin.com\/company\/d-a-i-s-y-j-a-m-e-s-interior-collection"]}]}},"_links":{"self":[{"href":"https:\/\/daisyjames.eu\/es\/wp-json\/wp\/v2\/product\/35328","targetHints":{"allow":["GET"]}}],"collection":[{"href":"https:\/\/daisyjames.eu\/es\/wp-json\/wp\/v2\/product"}],"about":[{"href":"https:\/\/daisyjames.eu\/es\/wp-json\/wp\/v2\/types\/product"}],"replies":[{"embeddable":true,"href":"https:\/\/daisyjames.eu\/es\/wp-json\/wp\/v2\/comments?post=35328"}],"wp:featuredmedia":[{"embeddable":true,"href":"https:\/\/daisyjames.eu\/es\/wp-json\/wp\/v2\/media\/35425"}],"wp:attachment":[{"href":"https:\/\/daisyjames.eu\/es\/wp-json\/wp\/v2\/media?parent=35328"}],"wp:term":[{"taxonomy":"product_brand","embeddable":true,"href":"https:\/\/daisyjames.eu\/es\/wp-json\/wp\/v2\/product_brand?post=35328"},{"taxonomy":"product_cat","embeddable":true,"href":"https:\/\/daisyjames.eu\/es\/wp-json\/wp\/v2\/product_cat?post=35328"},{"taxonomy":"product_tag","embeddable":true,"href":"https:\/\/daisyjames.eu\/es\/wp-json\/wp\/v2\/product_tag?post=35328"}],"curies":[{"name":"wp","href":"https:\/\/api.w.org\/{rel}","templated":true}]}}