
{"id":37420,"date":"2026-04-08T11:06:03","date_gmt":"2026-04-08T11:06:03","guid":{"rendered":"https:\/\/daisyjames.eu\/collections\/el-pebbel-marron\/"},"modified":"2026-04-08T11:29:07","modified_gmt":"2026-04-08T11:29:07","slug":"the-pebbel-brown","status":"publish","type":"product","link":"https:\/\/daisyjames.eu\/es\/collections\/the-pebbel-brown\/","title":{"rendered":"The Pebbel Brown"},"content":{"rendered":"<p data-start=\"143\" data-end=\"609\">&#8220;The Pebbel Brown&#8221; de daisy james es un refinado revestimiento mural con un dise\u00f1o sutil y org\u00e1nico que se asienta tranquilamente en el fondo. El motivo tiene una distribuci\u00f3n natural y una textura suave, creando un aspecto equilibrado y agradable en la pared. El tono marr\u00f3n ocre a\u00f1ade calidez y profundidad al espacio, dando al interior un aspecto terroso y sobrio. Gracias a su dise\u00f1o de 8 metros sin repeticiones, crea un conjunto homog\u00e9neo y cohesionado.<\/p>\n<p data-start=\"611\" data-end=\"945\"><strong data-start=\"611\" data-end=\"625\">Consejos de estilo<\/strong><br data-start=\"625\" data-end=\"628\" \/>&#8211; Comb\u00ednalo con tonos c\u00e1lidos de madera, cuero y tejidos naturales para conseguir un interior rico.<br data-start=\"709\" data-end=\"712\" \/>&#8211; El tono marr\u00f3n ocre combina de maravilla con tonos arenosos, terracota y verdes suaves.<br data-start=\"803\" data-end=\"806\" \/>&#8211; Adecuado para espacios en los que la calidez y la sutileza se dan la mano.<br data-start=\"868\" data-end=\"871\" \/>&#8211; Mant\u00e9n la calma en el aspecto general y trabaja ton-sur-ton para conseguir un resultado armonioso.<\/p>\n","protected":false},"excerpt":{"rendered":"<p><em>&#8220;The Pebbel Brown&#8221;<\/em> de <strong>daisy james<\/strong> es un revestimiento mural con un dibujo fino y org\u00e1nico y una textura suave. El c\u00e1lido tono marr\u00f3n ocre confiere al dise\u00f1o una profundidad natural y un car\u00e1cter acogedor. Con una anchura de 8 metros sin repeticiones, crea un efecto de pared tranquila y continua que encaja perfectamente en interiores contempor\u00e1neos.<\/p>\n","protected":false},"featured_media":37421,"comment_status":"open","ping_status":"closed","template":"","meta":{"_acf_changed":false},"product_brand":[],"product_cat":[529],"product_tag":[],"class_list":{"0":"post-37420","1":"product","2":"type-product","3":"status-publish","4":"has-post-thumbnail","6":"product_cat-calm-minimal-es","7":"pa_colour-brown-es","8":"pa_colour-naturals-es","9":"pa_colour-ocher-es","10":"pa_theme-basics-es","11":"pa_theme-stones-es","13":"first","14":"instock","15":"shipping-taxable","16":"purchasable","17":"product-type-simple"},"acf":[],"yoast_head":"<!-- This site is optimized with the Yoast SEO Premium plugin v27.3 (Yoast SEO v27.3) - https:\/\/yoast.com\/product\/yoast-seo-premium-wordpress\/ -->\n<title>The Pebbel Brown| Revestimiento mural org\u00e1nico | daisy james<\/title>\n<meta name=\"description\" content=\"Revestimiento mural con un motivo org\u00e1nico en un c\u00e1lido tono marr\u00f3n ocre. 8 metros sin repetici\u00f3n para un efecto de pared tranquila y continua.\" \/>\n<meta name=\"robots\" content=\"index, follow, max-snippet:-1, max-image-preview:large, max-video-preview:-1\" \/>\n<link rel=\"canonical\" href=\"https:\/\/daisyjames.eu\/es\/collections\/the-pebbel-brown\/\" \/>\n<script type=\"application\/ld+json\" class=\"yoast-schema-graph\">{\"@context\":\"https:\\\/\\\/schema.org\",\"@graph\":[{\"@type\":\"WebPage\",\"@id\":\"https:\\\/\\\/daisyjames.eu\\\/es\\\/collections\\\/the-pebbel-brown\\\/\",\"url\":\"https:\\\/\\\/daisyjames.eu\\\/es\\\/collections\\\/the-pebbel-brown\\\/\",\"name\":\"The Pebbel Brown| Revestimiento mural org\u00e1nico | daisy james\",\"isPartOf\":{\"@id\":\"https:\\\/\\\/daisyjames.eu\\\/#website\"},\"primaryImageOfPage\":{\"@id\":\"https:\\\/\\\/daisyjames.eu\\\/es\\\/collections\\\/the-pebbel-brown\\\/#primaryimage\"},\"image\":{\"@id\":\"https:\\\/\\\/daisyjames.eu\\\/es\\\/collections\\\/the-pebbel-brown\\\/#primaryimage\"},\"thumbnailUrl\":\"https:\\\/\\\/daisyjames.eu\\\/wp-content\\\/uploads\\\/2026\\\/04\\\/DJ401-The-Pebbel-browm-1a-scaled.jpg\",\"datePublished\":\"2026-04-08T11:06:03+00:00\",\"dateModified\":\"2026-04-08T11:29:07+00:00\",\"description\":\"Revestimiento mural con un motivo org\u00e1nico en un c\u00e1lido tono marr\u00f3n ocre. 8 metros sin repetici\u00f3n para un efecto de pared tranquila y continua.\",\"breadcrumb\":{\"@id\":\"https:\\\/\\\/daisyjames.eu\\\/es\\\/collections\\\/the-pebbel-brown\\\/#breadcrumb\"},\"inLanguage\":\"es\",\"potentialAction\":[{\"@type\":\"ReadAction\",\"target\":[\"https:\\\/\\\/daisyjames.eu\\\/es\\\/collections\\\/the-pebbel-brown\\\/\"]}]},{\"@type\":\"ImageObject\",\"inLanguage\":\"es\",\"@id\":\"https:\\\/\\\/daisyjames.eu\\\/es\\\/collections\\\/the-pebbel-brown\\\/#primaryimage\",\"url\":\"https:\\\/\\\/daisyjames.eu\\\/wp-content\\\/uploads\\\/2026\\\/04\\\/DJ401-The-Pebbel-browm-1a-scaled.jpg\",\"contentUrl\":\"https:\\\/\\\/daisyjames.eu\\\/wp-content\\\/uploads\\\/2026\\\/04\\\/DJ401-The-Pebbel-browm-1a-scaled.jpg\",\"width\":1796,\"height\":2560},{\"@type\":\"BreadcrumbList\",\"@id\":\"https:\\\/\\\/daisyjames.eu\\\/es\\\/collections\\\/the-pebbel-brown\\\/#breadcrumb\",\"itemListElement\":[{\"@type\":\"ListItem\",\"position\":1,\"name\":\"Home\",\"item\":\"https:\\\/\\\/daisyjames.eu\\\/es\\\/\"},{\"@type\":\"ListItem\",\"position\":2,\"name\":\"Todos los revestimientos murales\",\"item\":\"https:\\\/\\\/daisyjames.eu\\\/es\\\/tienda\\\/\"},{\"@type\":\"ListItem\",\"position\":3,\"name\":\"The Pebbel Brown\"}]},{\"@type\":\"WebSite\",\"@id\":\"https:\\\/\\\/daisyjames.eu\\\/#website\",\"url\":\"https:\\\/\\\/daisyjames.eu\\\/\",\"name\":\"Daisy James\",\"description\":\"\",\"publisher\":{\"@id\":\"https:\\\/\\\/daisyjames.eu\\\/#organization\"},\"potentialAction\":[{\"@type\":\"SearchAction\",\"target\":{\"@type\":\"EntryPoint\",\"urlTemplate\":\"https:\\\/\\\/daisyjames.eu\\\/?s={search_term_string}\"},\"query-input\":{\"@type\":\"PropertyValueSpecification\",\"valueRequired\":true,\"valueName\":\"search_term_string\"}}],\"inLanguage\":\"es\"},{\"@type\":\"Organization\",\"@id\":\"https:\\\/\\\/daisyjames.eu\\\/#organization\",\"name\":\"Daisy James\",\"url\":\"https:\\\/\\\/daisyjames.eu\\\/\",\"logo\":{\"@type\":\"ImageObject\",\"inLanguage\":\"es\",\"@id\":\"https:\\\/\\\/daisyjames.eu\\\/#\\\/schema\\\/logo\\\/image\\\/\",\"url\":\"https:\\\/\\\/daisyjames.eu\\\/wp-content\\\/uploads\\\/2024\\\/09\\\/LogoDJzwart-1.png\",\"contentUrl\":\"https:\\\/\\\/daisyjames.eu\\\/wp-content\\\/uploads\\\/2024\\\/09\\\/LogoDJzwart-1.png\",\"width\":1125,\"height\":199,\"caption\":\"Daisy James\"},\"image\":{\"@id\":\"https:\\\/\\\/daisyjames.eu\\\/#\\\/schema\\\/logo\\\/image\\\/\"},\"sameAs\":[\"https:\\\/\\\/www.facebook.com\\\/Daisyjamesinteriorwallcovering\\\/\",\"https:\\\/\\\/x.com\\\/daisyjamesinterior\",\"https:\\\/\\\/pinterest.com\\\/daisyjameswallcovers\\\/\",\"https:\\\/\\\/nl.linkedin.com\\\/company\\\/d-a-i-s-y-j-a-m-e-s-interior-collection\"]}]}<\/script>\n<!-- \/ Yoast SEO Premium plugin. -->","yoast_head_json":{"title":"The Pebbel Brown| Revestimiento mural org\u00e1nico | daisy james","description":"Revestimiento mural con un motivo org\u00e1nico en un c\u00e1lido tono marr\u00f3n ocre. 8 metros sin repetici\u00f3n para un efecto de pared tranquila y continua.","robots":{"index":"index","follow":"follow","max-snippet":"max-snippet:-1","max-image-preview":"max-image-preview:large","max-video-preview":"max-video-preview:-1"},"canonical":"https:\/\/daisyjames.eu\/es\/collections\/the-pebbel-brown\/","schema":{"@context":"https:\/\/schema.org","@graph":[{"@type":"WebPage","@id":"https:\/\/daisyjames.eu\/es\/collections\/the-pebbel-brown\/","url":"https:\/\/daisyjames.eu\/es\/collections\/the-pebbel-brown\/","name":"The Pebbel Brown| Revestimiento mural org\u00e1nico | daisy james","isPartOf":{"@id":"https:\/\/daisyjames.eu\/#website"},"primaryImageOfPage":{"@id":"https:\/\/daisyjames.eu\/es\/collections\/the-pebbel-brown\/#primaryimage"},"image":{"@id":"https:\/\/daisyjames.eu\/es\/collections\/the-pebbel-brown\/#primaryimage"},"thumbnailUrl":"https:\/\/daisyjames.eu\/wp-content\/uploads\/2026\/04\/DJ401-The-Pebbel-browm-1a-scaled.jpg","datePublished":"2026-04-08T11:06:03+00:00","dateModified":"2026-04-08T11:29:07+00:00","description":"Revestimiento mural con un motivo org\u00e1nico en un c\u00e1lido tono marr\u00f3n ocre. 8 metros sin repetici\u00f3n para un efecto de pared tranquila y continua.","breadcrumb":{"@id":"https:\/\/daisyjames.eu\/es\/collections\/the-pebbel-brown\/#breadcrumb"},"inLanguage":"es","potentialAction":[{"@type":"ReadAction","target":["https:\/\/daisyjames.eu\/es\/collections\/the-pebbel-brown\/"]}]},{"@type":"ImageObject","inLanguage":"es","@id":"https:\/\/daisyjames.eu\/es\/collections\/the-pebbel-brown\/#primaryimage","url":"https:\/\/daisyjames.eu\/wp-content\/uploads\/2026\/04\/DJ401-The-Pebbel-browm-1a-scaled.jpg","contentUrl":"https:\/\/daisyjames.eu\/wp-content\/uploads\/2026\/04\/DJ401-The-Pebbel-browm-1a-scaled.jpg","width":1796,"height":2560},{"@type":"BreadcrumbList","@id":"https:\/\/daisyjames.eu\/es\/collections\/the-pebbel-brown\/#breadcrumb","itemListElement":[{"@type":"ListItem","position":1,"name":"Home","item":"https:\/\/daisyjames.eu\/es\/"},{"@type":"ListItem","position":2,"name":"Todos los revestimientos murales","item":"https:\/\/daisyjames.eu\/es\/tienda\/"},{"@type":"ListItem","position":3,"name":"The Pebbel Brown"}]},{"@type":"WebSite","@id":"https:\/\/daisyjames.eu\/#website","url":"https:\/\/daisyjames.eu\/","name":"Daisy James","description":"","publisher":{"@id":"https:\/\/daisyjames.eu\/#organization"},"potentialAction":[{"@type":"SearchAction","target":{"@type":"EntryPoint","urlTemplate":"https:\/\/daisyjames.eu\/?s={search_term_string}"},"query-input":{"@type":"PropertyValueSpecification","valueRequired":true,"valueName":"search_term_string"}}],"inLanguage":"es"},{"@type":"Organization","@id":"https:\/\/daisyjames.eu\/#organization","name":"Daisy James","url":"https:\/\/daisyjames.eu\/","logo":{"@type":"ImageObject","inLanguage":"es","@id":"https:\/\/daisyjames.eu\/#\/schema\/logo\/image\/","url":"https:\/\/daisyjames.eu\/wp-content\/uploads\/2024\/09\/LogoDJzwart-1.png","contentUrl":"https:\/\/daisyjames.eu\/wp-content\/uploads\/2024\/09\/LogoDJzwart-1.png","width":1125,"height":199,"caption":"Daisy James"},"image":{"@id":"https:\/\/daisyjames.eu\/#\/schema\/logo\/image\/"},"sameAs":["https:\/\/www.facebook.com\/Daisyjamesinteriorwallcovering\/","https:\/\/x.com\/daisyjamesinterior","https:\/\/pinterest.com\/daisyjameswallcovers\/","https:\/\/nl.linkedin.com\/company\/d-a-i-s-y-j-a-m-e-s-interior-collection"]}]}},"_links":{"self":[{"href":"https:\/\/daisyjames.eu\/es\/wp-json\/wp\/v2\/product\/37420","targetHints":{"allow":["GET"]}}],"collection":[{"href":"https:\/\/daisyjames.eu\/es\/wp-json\/wp\/v2\/product"}],"about":[{"href":"https:\/\/daisyjames.eu\/es\/wp-json\/wp\/v2\/types\/product"}],"replies":[{"embeddable":true,"href":"https:\/\/daisyjames.eu\/es\/wp-json\/wp\/v2\/comments?post=37420"}],"wp:featuredmedia":[{"embeddable":true,"href":"https:\/\/daisyjames.eu\/es\/wp-json\/wp\/v2\/media\/37421"}],"wp:attachment":[{"href":"https:\/\/daisyjames.eu\/es\/wp-json\/wp\/v2\/media?parent=37420"}],"wp:term":[{"taxonomy":"product_brand","embeddable":true,"href":"https:\/\/daisyjames.eu\/es\/wp-json\/wp\/v2\/product_brand?post=37420"},{"taxonomy":"product_cat","embeddable":true,"href":"https:\/\/daisyjames.eu\/es\/wp-json\/wp\/v2\/product_cat?post=37420"},{"taxonomy":"product_tag","embeddable":true,"href":"https:\/\/daisyjames.eu\/es\/wp-json\/wp\/v2\/product_tag?post=37420"}],"curies":[{"name":"wp","href":"https:\/\/api.w.org\/{rel}","templated":true}]}}