
{"id":27180,"date":"2025-07-16T11:28:22","date_gmt":"2025-07-16T11:28:22","guid":{"rendered":"https:\/\/staging.daisyjames.eu\/politique-dexpedition\/"},"modified":"2026-01-19T09:27:38","modified_gmt":"2026-01-19T09:27:38","slug":"politique-dexpedition","status":"publish","type":"page","link":"https:\/\/daisyjames.eu\/fr\/politique-dexpedition\/","title":{"rendered":"Politique d&#8217;exp\u00e9dition"},"content":{"rendered":"\n<div class=\"wp-block-group has-global-padding is-layout-constrained wp-container-core-group-is-layout-be04af43 wp-block-group-is-layout-constrained\" style=\"margin-top:0;margin-bottom:0\">\n<div style=\"height:var(--wp--preset--spacing--xxxxxl)\" aria-hidden=\"true\" class=\"wp-block-spacer\"><\/div>\n\n\n\n<h1 data-aos-duration=\"1000\" data-aos=\"fade\" class=\"wp-block-heading has-text-align-center\" id=\"h-politique-d-expedition\" style=\"margin-top:0;margin-bottom:0\">Politique d&#8217;exp\u00e9dition<\/h1>\n\n\n\n<div style=\"margin-top:0;margin-bottom:0;height:var(--wp--preset--spacing--xxxxxxxl)\" aria-hidden=\"true\" class=\"wp-block-spacer\"><\/div>\n\n\n \n\t\t\t<div data-aos-duration=\"1500\" data-aos=\"width-full-rtl\" \n\t\t\t\tclass=\"wordpress-container !px-0 origin-left w-full m-0 py-[0px] box-border sm:box-border\"\n\t\t\t>\n\t\t\t\t<div\n\t\t\t\t\tclass=\"w-full h-[1px] bg-[#0d181c]\"\n\t\t\t\t><\/div>\n\t\t\t<\/div>\n\t\t<\/div>\n\n\n\n<div class=\"wp-block-group has-global-padding is-layout-constrained wp-container-core-group-is-layout-e54397f0 wp-block-group-is-layout-constrained\" style=\"padding-top:var(--wp--preset--spacing--xxxxxxxl);padding-right:0;padding-bottom:var(--wp--preset--spacing--xxxxxxxl);padding-left:0\">\n<p data-aos-duration=\"1000\" data-aos=\"fade\" class=\"has-primary-color has-text-color has-link-color wp-elements-29cb3ab20fd043922e0b411a0007440b\">Politique de livraison | <strong>daisy james <\/strong>Exclusive Wallcoverings<\/p>\n\n\n\n<p data-aos-duration=\"1000\" data-aos=\"fade\" class=\"has-primary-color has-text-color has-link-color wp-elements-724575fa0bbfbf5d67868569d25ebbc9\">Bienvenue sur le site officiel de <strong>daisy james<\/strong>, votre sp\u00e9cialiste en rev\u00eatements muraux de luxe exclusifs et en d\u00e9corations murales sur mesure. Les informations contenues dans ce site ont \u00e9t\u00e9 compil\u00e9es avec le plus grand soin. Toutefois, en acc\u00e9dant \u00e0 ce site et en l&#8217;utilisant, vous acceptez les termes de la pr\u00e9sente clause de non-responsabilit\u00e9. Cette page pr\u00e9sente les limitations de responsabilit\u00e9, les droits de propri\u00e9t\u00e9 intellectuelle et d&#8217;autres conditions importantes concernant l&#8217;utilisation de notre site web et de son contenu. Veuillez la lire attentivement avant de poursuivre votre navigation. Si vous avez des questions, n&#8217;h\u00e9sitez pas \u00e0 nous contacter \u00e0 l&#8217;adresse <a href=\"mailto:info@daisyjames.nl\">info@daisyjames.nl.<\/a>     <\/p>\n<\/div>\n\n\n\n<div class=\"wp-block-group has-global-padding is-layout-constrained wp-container-core-group-is-layout-6b6a4723 wp-block-group-is-layout-constrained\" style=\"margin-top:0;margin-bottom:0;padding-bottom:0\"> \n\t\t\t<div data-aos-duration=\"1500\" data-aos=\"width-full-rtl\" \n\t\t\t\tclass=\"wordpress-container !px-0 origin-left w-full m-0 py-[0px] box-border sm:box-border\"\n\t\t\t>\n\t\t\t\t<div\n\t\t\t\t\tclass=\"w-full h-[1px] bg-[#0d181c]\"\n\t\t\t\t><\/div>\n\t\t\t<\/div>\n\t\t\n\n\n<h2 data-aos-duration=\"1000\" data-aos=\"fade\" class=\"wp-block-heading alignfull has-text-align-center has-xxxxxl-font-size\" id=\"h-politique-d-expedition-0\" style=\"margin-top:0;margin-bottom:0;padding-top:var(--wp--preset--spacing--xxxxxxxl);padding-bottom:var(--wp--preset--spacing--xxxxxxxl);line-height:1;text-transform:uppercase\">Politique d&#8217;exp\u00e9dition<\/h2>\n<\/div>\n\n\n\n<div class=\"wp-block-group has-global-padding is-layout-constrained wp-container-core-group-is-layout-639b5052 wp-block-group-is-layout-constrained\" style=\"padding-top:0;padding-right:0;padding-bottom:0;padding-left:0\">\n<p> <strong>Destinations d&#8217;exp\u00e9dition<\/strong><br>Nous exp\u00e9dions dans le monde entier. Les destinations les plus courantes sont les Pays-Bas, la Belgique, l&#8217;Allemagne, la France et d&#8217;autres pays de l&#8217;UE. L&#8217;exp\u00e9dition internationale en dehors de l&#8217;UE est possible sur demande.  <\/p>\n\n\n\n<p><strong>D\u00e9lais de livraison<\/strong><br>Le d\u00e9lai de livraison moyen est de 10 \u00e0 15 jours ouvrables, \u00e0 compter de la confirmation de votre commande et de l&#8217;approbation du dessin. Chaque pi\u00e8ce \u00e9tant r\u00e9alis\u00e9e sur mesure, les d\u00e9lais peuvent varier en fonction du projet. Nous vous tiendrons inform\u00e9s tout au long du processus.  <\/p>\n\n\n\n<p> <strong>Frais d&#8217;exp\u00e9dition<\/strong><\/p>\n\n\n\n<ul class=\"wp-block-list\">\n<li><strong>Pays-Bas et Belgique : <\/strong>Tarif indicatif de 35 \u20ac par commande : Veuillez noter que tous les tarifs d&#8217;exp\u00e9dition sont indicatifs. Les frais d&#8217;exp\u00e9dition d\u00e9finitifs peuvent varier en fonction de la taille de la commande, du mat\u00e9riau, de la m\u00e9thode d&#8217;emballage et de la destination. Les frais d&#8217;exp\u00e9dition d\u00e9finitifs vous seront confirm\u00e9s dans votre devis personnel.<\/li>\n\n\n\n<li><strong>Autres pays de l&#8217;UE<\/strong>: les co\u00fbts varient en fonction de la localisation et de la taille (indiqu\u00e9s pendant l&#8217;offre).<\/li>\n\n\n\n<li><strong>International (hors UE) :<\/strong> disponible sur demande<\/li>\n<\/ul>\n\n\n\n<p>Les \u00e9ventuels frais d&#8217;exp\u00e9dition vous seront clairement communiqu\u00e9s lors du processus de devis ou de commande.<\/p>\n\n\n\n<p> <strong>Production et manutention<\/strong><br>Tous les rev\u00eatements muraux sont fabriqu\u00e9s sur commande. Une fois le design approuv\u00e9 et le paiement re\u00e7u, nous commen\u00e7ons la production. Les d\u00e9tails de l&#8217;exp\u00e9dition vous seront communiqu\u00e9s d\u00e8s que le colis sera pr\u00eat \u00e0 \u00eatre exp\u00e9di\u00e9.  <\/p>\n\n\n\n<p>Veuillez noter que tous les tarifs d&#8217;exp\u00e9dition sont donn\u00e9s \u00e0 titre indicatif. Les frais d&#8217;exp\u00e9dition d\u00e9finitifs peuvent varier en fonction de la taille de la commande, du mat\u00e9riau, de la m\u00e9thode d&#8217;emballage et de la destination. Les frais d&#8217;exp\u00e9dition d\u00e9finitifs vous seront confirm\u00e9s dans votre devis personnel.  <\/p>\n\n\n\n<p><strong>Questions ?<\/strong><br>Si vous avez des questions sur les d\u00e9lais de livraison, les options d&#8217;exp\u00e9dition ou la livraison express, n&#8217;h\u00e9sitez pas \u00e0 nous contacter via notre <a href=\"mailto:info@daisyjames.nl\">info@daisyjames.nl <\/a> Nous nous ferons un plaisir de vous aider.<\/p>\n<\/div>\n\n\n\n<div class=\"wp-block-group has-global-padding is-layout-constrained wp-block-group-is-layout-constrained\" style=\"margin-top:0;margin-bottom:0;padding-top:var(--wp--preset--spacing--xxxxxxxl);padding-bottom:var(--wp--preset--spacing--xxxxxxxl)\"> \n\t\t\t<div data-aos-duration=\"1500\" data-aos=\"width-full-rtl\" \n\t\t\t\tclass=\"wordpress-container !px-0 origin-left w-full m-0 py-[0px] box-border sm:box-border\"\n\t\t\t>\n\t\t\t\t<div\n\t\t\t\t\tclass=\"w-full h-[1px] bg-[#0d181c]\"\n\t\t\t\t><\/div>\n\t\t\t<\/div>\n\t\t<\/div>\n\n\n\n<h1 class=\"wp-block-heading has-text-align-center\" id=\"h-le-chemin-vers-un-bel-interieur-commence-par-le-soin-apporte-a-son-arrivee\">Le chemin vers un bel int\u00e9rieur commence par le soin apport\u00e9 \u00e0 son arriv\u00e9e.<\/h1>\n\n\n\n<div style=\"height:var(--wp--preset--spacing--xxxxxxxl)\" aria-hidden=\"true\" class=\"wp-block-spacer\"><\/div>\n\n\n \n\t\t\t<div data-aos-duration=\"1500\" data-aos=\"width-full-rtl\" \n\t\t\t\tclass=\"wordpress-container !px-0 origin-left w-full m-0 py-[0px] box-border sm:box-border\"\n\t\t\t>\n\t\t\t\t<div\n\t\t\t\t\tclass=\"w-full h-[1px] bg-[#0d181c]\"\n\t\t\t\t><\/div>\n\t\t\t<\/div>\n\t\t\n\n\n<div style=\"height:157px\" aria-hidden=\"true\" class=\"wp-block-spacer\"><\/div>\n\n\n\n<p><\/p>\n","protected":false},"excerpt":{"rendered":"<p>Politique d&#8217;exp\u00e9dition Politique de livraison | daisy james Exclusive Wallcoverings Bienvenue sur le site officiel de daisy james, votre sp\u00e9cialiste en rev\u00eatements muraux de luxe exclusifs et en d\u00e9corations murales sur mesure. Les informations contenues dans ce site ont \u00e9t\u00e9 compil\u00e9es avec le plus grand soin. Toutefois, en acc\u00e9dant \u00e0 ce site et en l&#8217;utilisant, [&hellip;]<\/p>\n","protected":false},"author":5,"featured_media":29003,"parent":0,"menu_order":2,"comment_status":"closed","ping_status":"closed","template":"","meta":{"_acf_changed":false,"footnotes":""},"class_list":["post-27180","page","type-page","status-publish","has-post-thumbnail","hentry"],"acf":[],"yoast_head":"<!-- This site is optimized with the Yoast SEO Premium plugin v27.3 (Yoast SEO v27.3) - https:\/\/yoast.com\/product\/yoast-seo-premium-wordpress\/ -->\n<title>Politique d&#039;exp\u00e9dition | Bespoke Luxury Wallcoverings - daisy james<\/title>\n<meta name=\"description\" content=\"D\u00e9couvrez la politique de livraison de daisy james. Informations sur les d\u00e9lais de livraison, les frais de port et les options internationales pour nos rev\u00eatements muraux de luxe sur mesure.\" \/>\n<meta name=\"robots\" content=\"index, follow, max-snippet:-1, max-image-preview:large, max-video-preview:-1\" \/>\n<link rel=\"canonical\" href=\"https:\/\/daisyjames.eu\/fr\/politique-dexpedition\/\" \/>\n<script type=\"application\/ld+json\" class=\"yoast-schema-graph\">{\"@context\":\"https:\\\/\\\/schema.org\",\"@graph\":[{\"@type\":\"WebPage\",\"@id\":\"https:\\\/\\\/daisyjames.eu\\\/fr\\\/politique-dexpedition\\\/\",\"url\":\"https:\\\/\\\/daisyjames.eu\\\/fr\\\/politique-dexpedition\\\/\",\"name\":\"Politique d'exp\u00e9dition | Bespoke Luxury Wallcoverings - daisy james\",\"isPartOf\":{\"@id\":\"https:\\\/\\\/daisyjames.eu\\\/#website\"},\"primaryImageOfPage\":{\"@id\":\"https:\\\/\\\/daisyjames.eu\\\/fr\\\/politique-dexpedition\\\/#primaryimage\"},\"image\":{\"@id\":\"https:\\\/\\\/daisyjames.eu\\\/fr\\\/politique-dexpedition\\\/#primaryimage\"},\"thumbnailUrl\":\"https:\\\/\\\/daisyjames.eu\\\/wp-content\\\/uploads\\\/2025\\\/09\\\/DJ_instagram_post_vierkant_salmon_3.jpg\",\"datePublished\":\"2025-07-16T11:28:22+00:00\",\"dateModified\":\"2026-01-19T09:27:38+00:00\",\"description\":\"D\u00e9couvrez la politique de livraison de daisy james. Informations sur les d\u00e9lais de livraison, les frais de port et les options internationales pour nos rev\u00eatements muraux de luxe sur mesure.\",\"breadcrumb\":{\"@id\":\"https:\\\/\\\/daisyjames.eu\\\/fr\\\/politique-dexpedition\\\/#breadcrumb\"},\"inLanguage\":\"fr-FR\",\"potentialAction\":[{\"@type\":\"ReadAction\",\"target\":[\"https:\\\/\\\/daisyjames.eu\\\/fr\\\/politique-dexpedition\\\/\"]}]},{\"@type\":\"ImageObject\",\"inLanguage\":\"fr-FR\",\"@id\":\"https:\\\/\\\/daisyjames.eu\\\/fr\\\/politique-dexpedition\\\/#primaryimage\",\"url\":\"https:\\\/\\\/daisyjames.eu\\\/wp-content\\\/uploads\\\/2025\\\/09\\\/DJ_instagram_post_vierkant_salmon_3.jpg\",\"contentUrl\":\"https:\\\/\\\/daisyjames.eu\\\/wp-content\\\/uploads\\\/2025\\\/09\\\/DJ_instagram_post_vierkant_salmon_3.jpg\",\"width\":1080,\"height\":1080},{\"@type\":\"BreadcrumbList\",\"@id\":\"https:\\\/\\\/daisyjames.eu\\\/fr\\\/politique-dexpedition\\\/#breadcrumb\",\"itemListElement\":[{\"@type\":\"ListItem\",\"position\":1,\"name\":\"Home\",\"item\":\"https:\\\/\\\/daisyjames.eu\\\/fr\\\/\"},{\"@type\":\"ListItem\",\"position\":2,\"name\":\"Politique d&#8217;exp\u00e9dition\"}]},{\"@type\":\"WebSite\",\"@id\":\"https:\\\/\\\/daisyjames.eu\\\/#website\",\"url\":\"https:\\\/\\\/daisyjames.eu\\\/\",\"name\":\"Daisy James\",\"description\":\"\",\"publisher\":{\"@id\":\"https:\\\/\\\/daisyjames.eu\\\/#organization\"},\"potentialAction\":[{\"@type\":\"SearchAction\",\"target\":{\"@type\":\"EntryPoint\",\"urlTemplate\":\"https:\\\/\\\/daisyjames.eu\\\/?s={search_term_string}\"},\"query-input\":{\"@type\":\"PropertyValueSpecification\",\"valueRequired\":true,\"valueName\":\"search_term_string\"}}],\"inLanguage\":\"fr-FR\"},{\"@type\":\"Organization\",\"@id\":\"https:\\\/\\\/daisyjames.eu\\\/#organization\",\"name\":\"Daisy James\",\"url\":\"https:\\\/\\\/daisyjames.eu\\\/\",\"logo\":{\"@type\":\"ImageObject\",\"inLanguage\":\"fr-FR\",\"@id\":\"https:\\\/\\\/daisyjames.eu\\\/#\\\/schema\\\/logo\\\/image\\\/\",\"url\":\"https:\\\/\\\/daisyjames.eu\\\/wp-content\\\/uploads\\\/2024\\\/09\\\/LogoDJzwart-1.png\",\"contentUrl\":\"https:\\\/\\\/daisyjames.eu\\\/wp-content\\\/uploads\\\/2024\\\/09\\\/LogoDJzwart-1.png\",\"width\":1125,\"height\":199,\"caption\":\"Daisy James\"},\"image\":{\"@id\":\"https:\\\/\\\/daisyjames.eu\\\/#\\\/schema\\\/logo\\\/image\\\/\"},\"sameAs\":[\"https:\\\/\\\/www.facebook.com\\\/Daisyjamesinteriorwallcovering\\\/\",\"https:\\\/\\\/x.com\\\/daisyjamesinterior\",\"https:\\\/\\\/pinterest.com\\\/daisyjameswallcovers\\\/\",\"https:\\\/\\\/nl.linkedin.com\\\/company\\\/d-a-i-s-y-j-a-m-e-s-interior-collection\"]}]}<\/script>\n<!-- \/ Yoast SEO Premium plugin. -->","yoast_head_json":{"title":"Politique d'exp\u00e9dition | Bespoke Luxury Wallcoverings - daisy james","description":"D\u00e9couvrez la politique de livraison de daisy james. Informations sur les d\u00e9lais de livraison, les frais de port et les options internationales pour nos rev\u00eatements muraux de luxe sur mesure.","robots":{"index":"index","follow":"follow","max-snippet":"max-snippet:-1","max-image-preview":"max-image-preview:large","max-video-preview":"max-video-preview:-1"},"canonical":"https:\/\/daisyjames.eu\/fr\/politique-dexpedition\/","schema":{"@context":"https:\/\/schema.org","@graph":[{"@type":"WebPage","@id":"https:\/\/daisyjames.eu\/fr\/politique-dexpedition\/","url":"https:\/\/daisyjames.eu\/fr\/politique-dexpedition\/","name":"Politique d'exp\u00e9dition | Bespoke Luxury Wallcoverings - daisy james","isPartOf":{"@id":"https:\/\/daisyjames.eu\/#website"},"primaryImageOfPage":{"@id":"https:\/\/daisyjames.eu\/fr\/politique-dexpedition\/#primaryimage"},"image":{"@id":"https:\/\/daisyjames.eu\/fr\/politique-dexpedition\/#primaryimage"},"thumbnailUrl":"https:\/\/daisyjames.eu\/wp-content\/uploads\/2025\/09\/DJ_instagram_post_vierkant_salmon_3.jpg","datePublished":"2025-07-16T11:28:22+00:00","dateModified":"2026-01-19T09:27:38+00:00","description":"D\u00e9couvrez la politique de livraison de daisy james. Informations sur les d\u00e9lais de livraison, les frais de port et les options internationales pour nos rev\u00eatements muraux de luxe sur mesure.","breadcrumb":{"@id":"https:\/\/daisyjames.eu\/fr\/politique-dexpedition\/#breadcrumb"},"inLanguage":"fr-FR","potentialAction":[{"@type":"ReadAction","target":["https:\/\/daisyjames.eu\/fr\/politique-dexpedition\/"]}]},{"@type":"ImageObject","inLanguage":"fr-FR","@id":"https:\/\/daisyjames.eu\/fr\/politique-dexpedition\/#primaryimage","url":"https:\/\/daisyjames.eu\/wp-content\/uploads\/2025\/09\/DJ_instagram_post_vierkant_salmon_3.jpg","contentUrl":"https:\/\/daisyjames.eu\/wp-content\/uploads\/2025\/09\/DJ_instagram_post_vierkant_salmon_3.jpg","width":1080,"height":1080},{"@type":"BreadcrumbList","@id":"https:\/\/daisyjames.eu\/fr\/politique-dexpedition\/#breadcrumb","itemListElement":[{"@type":"ListItem","position":1,"name":"Home","item":"https:\/\/daisyjames.eu\/fr\/"},{"@type":"ListItem","position":2,"name":"Politique d&#8217;exp\u00e9dition"}]},{"@type":"WebSite","@id":"https:\/\/daisyjames.eu\/#website","url":"https:\/\/daisyjames.eu\/","name":"Daisy James","description":"","publisher":{"@id":"https:\/\/daisyjames.eu\/#organization"},"potentialAction":[{"@type":"SearchAction","target":{"@type":"EntryPoint","urlTemplate":"https:\/\/daisyjames.eu\/?s={search_term_string}"},"query-input":{"@type":"PropertyValueSpecification","valueRequired":true,"valueName":"search_term_string"}}],"inLanguage":"fr-FR"},{"@type":"Organization","@id":"https:\/\/daisyjames.eu\/#organization","name":"Daisy James","url":"https:\/\/daisyjames.eu\/","logo":{"@type":"ImageObject","inLanguage":"fr-FR","@id":"https:\/\/daisyjames.eu\/#\/schema\/logo\/image\/","url":"https:\/\/daisyjames.eu\/wp-content\/uploads\/2024\/09\/LogoDJzwart-1.png","contentUrl":"https:\/\/daisyjames.eu\/wp-content\/uploads\/2024\/09\/LogoDJzwart-1.png","width":1125,"height":199,"caption":"Daisy James"},"image":{"@id":"https:\/\/daisyjames.eu\/#\/schema\/logo\/image\/"},"sameAs":["https:\/\/www.facebook.com\/Daisyjamesinteriorwallcovering\/","https:\/\/x.com\/daisyjamesinterior","https:\/\/pinterest.com\/daisyjameswallcovers\/","https:\/\/nl.linkedin.com\/company\/d-a-i-s-y-j-a-m-e-s-interior-collection"]}]}},"_links":{"self":[{"href":"https:\/\/daisyjames.eu\/fr\/wp-json\/wp\/v2\/pages\/27180","targetHints":{"allow":["GET"]}}],"collection":[{"href":"https:\/\/daisyjames.eu\/fr\/wp-json\/wp\/v2\/pages"}],"about":[{"href":"https:\/\/daisyjames.eu\/fr\/wp-json\/wp\/v2\/types\/page"}],"author":[{"embeddable":true,"href":"https:\/\/daisyjames.eu\/fr\/wp-json\/wp\/v2\/users\/5"}],"replies":[{"embeddable":true,"href":"https:\/\/daisyjames.eu\/fr\/wp-json\/wp\/v2\/comments?post=27180"}],"version-history":[{"count":6,"href":"https:\/\/daisyjames.eu\/fr\/wp-json\/wp\/v2\/pages\/27180\/revisions"}],"predecessor-version":[{"id":33999,"href":"https:\/\/daisyjames.eu\/fr\/wp-json\/wp\/v2\/pages\/27180\/revisions\/33999"}],"wp:featuredmedia":[{"embeddable":true,"href":"https:\/\/daisyjames.eu\/fr\/wp-json\/wp\/v2\/media\/29003"}],"wp:attachment":[{"href":"https:\/\/daisyjames.eu\/fr\/wp-json\/wp\/v2\/media?parent=27180"}],"curies":[{"name":"wp","href":"https:\/\/api.w.org\/{rel}","templated":true}]}}