
{"id":27193,"date":"2025-07-16T10:31:16","date_gmt":"2025-07-16T10:31:16","guid":{"rendered":"https:\/\/staging.daisyjames.eu\/clause-de-non-responsabilite\/"},"modified":"2025-10-07T12:44:09","modified_gmt":"2025-10-07T12:44:09","slug":"clause-de-non-responsabilite","status":"publish","type":"page","link":"https:\/\/daisyjames.eu\/fr\/clause-de-non-responsabilite\/","title":{"rendered":"Clause de non-responsabilit\u00e9"},"content":{"rendered":"\n<div class=\"wp-block-group has-global-padding is-layout-constrained wp-container-core-group-is-layout-be04af43 wp-block-group-is-layout-constrained\" style=\"margin-top:0;margin-bottom:0\">\n<div style=\"height:var(--wp--preset--spacing--xxxxxl)\" aria-hidden=\"true\" class=\"wp-block-spacer\"><\/div>\n\n\n\n<h1 data-aos-duration=\"1000\" data-aos=\"fade\" class=\"wp-block-heading has-text-align-center\" style=\"margin-top:0;margin-bottom:0\">Clause de non-responsabilit\u00e9<\/h1>\n\n\n\n<div style=\"margin-top:0;margin-bottom:0;height:var(--wp--preset--spacing--xxxxxxxl)\" aria-hidden=\"true\" class=\"wp-block-spacer\"><\/div>\n\n\n \n\t\t\t<div data-aos-duration=\"1500\" data-aos=\"width-full-rtl\" \n\t\t\t\tclass=\"wordpress-container !px-0 origin-left w-full m-0 py-[0px] box-border sm:box-border\"\n\t\t\t>\n\t\t\t\t<div\n\t\t\t\t\tclass=\"w-full h-[1px] bg-[#0d181c]\"\n\t\t\t\t><\/div>\n\t\t\t<\/div>\n\t\t<\/div>\n\n<div class=\"wp-block-group has-global-padding is-layout-constrained wp-container-core-group-is-layout-e54397f0 wp-block-group-is-layout-constrained\" style=\"padding-top:var(--wp--preset--spacing--xxxxxxxl);padding-right:0;padding-bottom:var(--wp--preset--spacing--xxxxxxxl);padding-left:0\">\n<p data-aos-duration=\"1000\" data-aos=\"fade\" class=\"has-primary-color has-text-color has-link-color wp-elements-2379a591c851715bebde704913477241\">Clause de non-responsabilit\u00e9 du site web | <strong>daisy james <\/strong>Exclusive Wallcoverings<\/p>\n\n\n\n<p data-aos-duration=\"1000\" data-aos=\"fade\" class=\"has-primary-color has-text-color has-link-color wp-elements-327fee0d80c9b4579ac762d25cb7f534\">Bienvenue sur le site officiel de <strong>daisy james<\/strong>, votre sp\u00e9cialiste en rev\u00eatements muraux de luxe exclusifs et en d\u00e9corations murales sur mesure. Les informations contenues dans ce site ont \u00e9t\u00e9 compil\u00e9es avec le plus grand soin. Toutefois, en acc\u00e9dant \u00e0 ce site et en l&#8217;utilisant, vous acceptez les termes de la pr\u00e9sente clause de non-responsabilit\u00e9. Cette page pr\u00e9sente les limitations de responsabilit\u00e9, les droits de propri\u00e9t\u00e9 intellectuelle et d&#8217;autres conditions importantes concernant l&#8217;utilisation de notre site web et de son contenu. Veuillez la lire attentivement avant de poursuivre votre navigation. Si vous avez des questions, n&#8217;h\u00e9sitez pas \u00e0 nous contacter \u00e0 l&#8217;adresse <a href=\"mailto:info@daisyjames.nl\">info@daisyjames.nl.<\/a>     <\/p>\n<\/div>\n\n<div class=\"wp-block-group has-global-padding is-layout-constrained wp-container-core-group-is-layout-6b6a4723 wp-block-group-is-layout-constrained\" style=\"margin-top:0;margin-bottom:0;padding-bottom:0\"> \n\t\t\t<div data-aos-duration=\"1500\" data-aos=\"width-full-rtl\" \n\t\t\t\tclass=\"wordpress-container !px-0 origin-left w-full m-0 py-[0px] box-border sm:box-border\"\n\t\t\t>\n\t\t\t\t<div\n\t\t\t\t\tclass=\"w-full h-[1px] bg-[#0d181c]\"\n\t\t\t\t><\/div>\n\t\t\t<\/div>\n\t\t\n\n\n<h2 data-aos-duration=\"1000\" data-aos=\"fade\" class=\"wp-block-heading alignfull has-text-align-center has-xxxxxl-font-size\" style=\"margin-top:0;margin-bottom:0;padding-top:var(--wp--preset--spacing--xxxxxxxl);padding-bottom:var(--wp--preset--spacing--xxxxxxxl);line-height:1;text-transform:uppercase\">Clause de non-responsabilit\u00e9<\/h2>\n<\/div>\n\n<div class=\"wp-block-group has-global-padding is-layout-constrained wp-container-core-group-is-layout-639b5052 wp-block-group-is-layout-constrained\" style=\"padding-top:0;padding-right:0;padding-bottom:0;padding-left:0\">\n<details data-aos-duration=\"1000\" data-aos=\"fade\" class=\"wp-block-details is-layout-flow wp-block-details-is-layout-flow\"><summary>Contenu du site web<\/summary>\n<div class=\"wp-block-group has-global-padding is-layout-constrained wp-block-group-is-layout-constrained\" style=\"padding-top:var(--wp--preset--spacing--xl);padding-bottom:var(--wp--preset--spacing--xl)\">\n<p>Ce site web a \u00e9t\u00e9 \u00e9labor\u00e9 avec le plus grand soin. N\u00e9anmoins, <strong>daisy james<\/strong> ne peut garantir l&#8217;exactitude, l&#8217;exhaustivit\u00e9 ou l&#8217;actualit\u00e9 de toutes les informations pr\u00e9sent\u00e9es. Aucun droit ne peut \u00eatre tir\u00e9 du contenu de ce site web. En utilisant ce site web, vous acceptez cette clause de non-responsabilit\u00e9 et notre politique de confidentialit\u00e9.   <\/p>\n<\/div>\n<\/details>\n\n\n\n<details data-aos-duration=\"1000\" data-aos=\"fade\" class=\"wp-block-details is-layout-flow wp-block-details-is-layout-flow\" open><summary>Responsabilit\u00e9<\/summary>\n<p style=\"padding-top:var(--wp--preset--spacing--xl);padding-bottom:var(--wp--preset--spacing--xl)\"><strong>daisy james<\/strong> d\u00e9cline toute responsabilit\u00e9 pour les dommages directs, indirects, accessoires ou cons\u00e9cutifs r\u00e9sultant de l&#8217;utilisation des informations fournies sur ce site web ou de l&#8217;indisponibilit\u00e9 temporaire du site web. L&#8217;utilisation du contenu de ce site web est enti\u00e8rement \u00e0 vos risques et p\u00e9rils. <\/p>\n<\/details>\n\n\n\n<details data-aos-duration=\"1000\" data-aos=\"fade\" class=\"wp-block-details is-layout-flow wp-block-details-is-layout-flow\"><summary>Liens externes<\/summary>\n<p style=\"padding-top:var(--wp--preset--spacing--xl);padding-bottom:var(--wp--preset--spacing--xl)\">Ce site web peut contenir des liens vers des sites web externes. <strong>daisy james<\/strong> n&#8217;est pas responsable du contenu, des politiques de confidentialit\u00e9 ou des pratiques des sites web de tiers. L&#8217;inclusion de ces liens n&#8217;implique pas le soutien ou l&#8217;approbation de <strong>daisy james<\/strong>. <\/p>\n<\/details>\n\n\n\n<details data-aos-duration=\"1000\" data-aos=\"fade\" class=\"wp-block-details is-layout-flow wp-block-details-is-layout-flow\"><summary>Propri\u00e9t\u00e9 intellectuelle<\/summary>\n<div class=\"wp-block-group has-global-padding is-layout-constrained wp-block-group-is-layout-constrained\" style=\"padding-top:var(--wp--preset--spacing--xl);padding-bottom:var(--wp--preset--spacing--xl)\">\n<p>Tout le contenu de ce site web &#8211; y compris les textes, les images, les logos, les informations sur les produits et les documents t\u00e9l\u00e9chargeables &#8211; est la propri\u00e9t\u00e9 intellectuelle de <strong>daisy james<\/strong>, sauf indication contraire. Il est interdit de copier, distribuer, publier ou stocker toute partie de ce site web sans l&#8217;accord \u00e9crit pr\u00e9alable de <strong>daisy james<\/strong>. <\/p>\n<\/div>\n<\/details>\n\n\n\n<details data-aos-duration=\"1000\" data-aos=\"fade\" class=\"wp-block-details is-layout-flow wp-block-details-is-layout-flow\"><summary>Amendements<\/summary>\n<p style=\"padding-top:var(--wp--preset--spacing--xl);padding-bottom:var(--wp--preset--spacing--xl)\"><strong>daisy james<\/strong> se r\u00e9serve le droit de modifier ou de mettre \u00e0 jour le contenu de ce site web et cette clause de non-responsabilit\u00e9 \u00e0 tout moment et sans pr\u00e9avis. Il est recommand\u00e9 de consulter r\u00e9guli\u00e8rement cette page pour rester inform\u00e9 des derniers termes&#8230; <\/p>\n<\/details>\n\n\n\n<details data-aos-duration=\"1000\" data-aos=\"fade\" class=\"wp-block-details is-layout-flow wp-block-details-is-layout-flow\"><summary>Contact<\/summary>\n<p><\/p>\n\n\n\n<p style=\"padding-top:var(--wp--preset--spacing--xl);padding-bottom:var(--wp--preset--spacing--xl)\">Pour toute question concernant cette clause de non-responsabilit\u00e9, notre politique de confidentialit\u00e9 ou l&#8217;utilisation de ce site web, veuillez nous contacter \u00e0 l&#8217;adresse suivante : <strong>\n  <a href=\"mailto:info@daisyjames.nl\">info@daisyjames.nl<\/a>\n<\/strong><\/p>\n<\/details>\n<\/div>\n\n<div class=\"wp-block-group has-global-padding is-layout-constrained wp-block-group-is-layout-constrained\" style=\"margin-top:0;margin-bottom:0;padding-top:var(--wp--preset--spacing--xxxxxxxl);padding-bottom:var(--wp--preset--spacing--xxxxxxxl)\">\n<div data-aos-duration=\"1000\" data-aos=\"fade\" class=\"wp-block-buttons is-layout-flex wp-block-buttons-is-layout-flex\" style=\"margin-top:0;margin-bottom:var(--wp--preset--spacing--xxxxxxxl)\">\n<div class=\"wp-block-button is-style-download-icon\"><a class=\"wp-block-button__link wp-element-button\" href=\"\/wp-content\/uploads\/2024\/05\/privacyverklaring-daisyjames.pdf\" target=\"_blank\" rel=\"noreferrer noopener nofollow\">T\u00e9l\u00e9chargez les conditions g\u00e9n\u00e9rales (pdf)<\/a><\/div>\n<\/div>\n\n\n \n\t\t\t<div data-aos-duration=\"1500\" data-aos=\"width-full-rtl\" \n\t\t\t\tclass=\"wordpress-container !px-0 origin-left w-full m-0 py-[0px] box-border sm:box-border\"\n\t\t\t>\n\t\t\t\t<div\n\t\t\t\t\tclass=\"w-full h-[1px] bg-[#0d181c]\"\n\t\t\t\t><\/div>\n\t\t\t<\/div>\n\t\t<\/div>\n\n<h1 class=\"wp-block-heading has-text-align-center\">Con\u00e7u avec soin, partag\u00e9 avec int\u00e9grit\u00e9.<\/h1>\n\n<div style=\"height:var(--wp--preset--spacing--xxxxxxxl)\" aria-hidden=\"true\" class=\"wp-block-spacer\"><\/div>\n \n\t\t\t<div data-aos-duration=\"1500\" data-aos=\"width-full-rtl\" \n\t\t\t\tclass=\"wordpress-container !px-0 origin-left w-full m-0 py-[0px] box-border sm:box-border\"\n\t\t\t>\n\t\t\t\t<div\n\t\t\t\t\tclass=\"w-full h-[1px] bg-[#0d181c]\"\n\t\t\t\t><\/div>\n\t\t\t<\/div>\n\t\t\n<div style=\"height:157px\" aria-hidden=\"true\" class=\"wp-block-spacer\"><\/div>\n\n<p><\/p>\n","protected":false},"excerpt":{"rendered":"<p>Clause de non-responsabilit\u00e9 Clause de non-responsabilit\u00e9 du site web | daisy james Exclusive Wallcoverings Bienvenue sur le site officiel de daisy james, votre sp\u00e9cialiste en rev\u00eatements muraux de luxe exclusifs et en d\u00e9corations murales sur mesure. Les informations contenues dans ce site ont \u00e9t\u00e9 compil\u00e9es avec le plus grand soin. Toutefois, en acc\u00e9dant \u00e0 ce [&hellip;]<\/p>\n","protected":false},"author":5,"featured_media":29003,"parent":0,"menu_order":2,"comment_status":"closed","ping_status":"closed","template":"","meta":{"_acf_changed":false,"footnotes":""},"class_list":["post-27193","page","type-page","status-publish","has-post-thumbnail","hentry"],"acf":[],"yoast_head":"<!-- This site is optimized with the Yoast SEO Premium plugin v27.3 (Yoast SEO v27.3) - https:\/\/yoast.com\/product\/yoast-seo-premium-wordpress\/ -->\n<title>Clause de non-responsabilit\u00e9| Bespoke Wallcoverings - daisy james<\/title>\n<meta name=\"description\" content=\"Consultez la clause de non-responsabilit\u00e9 officielle de daisy james pour conna\u00eetre les conditions importantes du site web, la responsabilit\u00e9 du contenu et les droits de propri\u00e9t\u00e9 intellectuelle.\" \/>\n<meta name=\"robots\" content=\"index, follow, max-snippet:-1, max-image-preview:large, max-video-preview:-1\" \/>\n<link rel=\"canonical\" href=\"https:\/\/daisyjames.eu\/fr\/clause-de-non-responsabilite\/\" \/>\n<script type=\"application\/ld+json\" class=\"yoast-schema-graph\">{\"@context\":\"https:\\\/\\\/schema.org\",\"@graph\":[{\"@type\":\"WebPage\",\"@id\":\"https:\\\/\\\/daisyjames.eu\\\/fr\\\/clause-de-non-responsabilite\\\/\",\"url\":\"https:\\\/\\\/daisyjames.eu\\\/fr\\\/clause-de-non-responsabilite\\\/\",\"name\":\"Clause de non-responsabilit\u00e9| Bespoke Wallcoverings - daisy james\",\"isPartOf\":{\"@id\":\"https:\\\/\\\/daisyjames.eu\\\/fr\\\/#website\"},\"primaryImageOfPage\":{\"@id\":\"https:\\\/\\\/daisyjames.eu\\\/fr\\\/clause-de-non-responsabilite\\\/#primaryimage\"},\"image\":{\"@id\":\"https:\\\/\\\/daisyjames.eu\\\/fr\\\/clause-de-non-responsabilite\\\/#primaryimage\"},\"thumbnailUrl\":\"https:\\\/\\\/daisyjames.eu\\\/wp-content\\\/uploads\\\/2025\\\/09\\\/DJ_instagram_post_vierkant_salmon_3.jpg\",\"datePublished\":\"2025-07-16T10:31:16+00:00\",\"dateModified\":\"2025-10-07T12:44:09+00:00\",\"description\":\"Consultez la clause de non-responsabilit\u00e9 officielle de daisy james pour conna\u00eetre les conditions importantes du site web, la responsabilit\u00e9 du contenu et les droits de propri\u00e9t\u00e9 intellectuelle.\",\"breadcrumb\":{\"@id\":\"https:\\\/\\\/daisyjames.eu\\\/fr\\\/clause-de-non-responsabilite\\\/#breadcrumb\"},\"inLanguage\":\"fr-FR\",\"potentialAction\":[{\"@type\":\"ReadAction\",\"target\":[\"https:\\\/\\\/daisyjames.eu\\\/fr\\\/clause-de-non-responsabilite\\\/\"]}]},{\"@type\":\"ImageObject\",\"inLanguage\":\"fr-FR\",\"@id\":\"https:\\\/\\\/daisyjames.eu\\\/fr\\\/clause-de-non-responsabilite\\\/#primaryimage\",\"url\":\"https:\\\/\\\/daisyjames.eu\\\/wp-content\\\/uploads\\\/2025\\\/09\\\/DJ_instagram_post_vierkant_salmon_3.jpg\",\"contentUrl\":\"https:\\\/\\\/daisyjames.eu\\\/wp-content\\\/uploads\\\/2025\\\/09\\\/DJ_instagram_post_vierkant_salmon_3.jpg\",\"width\":1080,\"height\":1080},{\"@type\":\"BreadcrumbList\",\"@id\":\"https:\\\/\\\/daisyjames.eu\\\/fr\\\/clause-de-non-responsabilite\\\/#breadcrumb\",\"itemListElement\":[{\"@type\":\"ListItem\",\"position\":1,\"name\":\"Home\",\"item\":\"https:\\\/\\\/daisyjames.eu\\\/fr\\\/\"},{\"@type\":\"ListItem\",\"position\":2,\"name\":\"Clause de non-responsabilit\u00e9\"}]},{\"@type\":\"WebSite\",\"@id\":\"https:\\\/\\\/daisyjames.eu\\\/fr\\\/#website\",\"url\":\"https:\\\/\\\/daisyjames.eu\\\/fr\\\/\",\"name\":\"Daisy James\",\"description\":\"\",\"publisher\":{\"@id\":\"https:\\\/\\\/daisyjames.eu\\\/fr\\\/#organization\"},\"potentialAction\":[{\"@type\":\"SearchAction\",\"target\":{\"@type\":\"EntryPoint\",\"urlTemplate\":\"https:\\\/\\\/daisyjames.eu\\\/fr\\\/?s={search_term_string}\"},\"query-input\":{\"@type\":\"PropertyValueSpecification\",\"valueRequired\":true,\"valueName\":\"search_term_string\"}}],\"inLanguage\":\"fr-FR\"},{\"@type\":\"Organization\",\"@id\":\"https:\\\/\\\/daisyjames.eu\\\/fr\\\/#organization\",\"name\":\"Daisy James\",\"url\":\"https:\\\/\\\/daisyjames.eu\\\/fr\\\/\",\"logo\":{\"@type\":\"ImageObject\",\"inLanguage\":\"fr-FR\",\"@id\":\"https:\\\/\\\/daisyjames.eu\\\/fr\\\/#\\\/schema\\\/logo\\\/image\\\/\",\"url\":\"https:\\\/\\\/daisyjames.eu\\\/wp-content\\\/uploads\\\/2024\\\/09\\\/LogoDJzwart-1.png\",\"contentUrl\":\"https:\\\/\\\/daisyjames.eu\\\/wp-content\\\/uploads\\\/2024\\\/09\\\/LogoDJzwart-1.png\",\"width\":1125,\"height\":199,\"caption\":\"Daisy James\"},\"image\":{\"@id\":\"https:\\\/\\\/daisyjames.eu\\\/fr\\\/#\\\/schema\\\/logo\\\/image\\\/\"},\"sameAs\":[\"https:\\\/\\\/www.facebook.com\\\/Daisyjamesinteriorwallcovering\\\/\",\"https:\\\/\\\/x.com\\\/daisyjamesinterior\",\"https:\\\/\\\/pinterest.com\\\/daisyjameswallcovers\\\/\",\"https:\\\/\\\/nl.linkedin.com\\\/company\\\/d-a-i-s-y-j-a-m-e-s-interior-collection\"]}]}<\/script>\n<!-- \/ Yoast SEO Premium plugin. -->","yoast_head_json":{"title":"Clause de non-responsabilit\u00e9| Bespoke Wallcoverings - daisy james","description":"Consultez la clause de non-responsabilit\u00e9 officielle de daisy james pour conna\u00eetre les conditions importantes du site web, la responsabilit\u00e9 du contenu et les droits de propri\u00e9t\u00e9 intellectuelle.","robots":{"index":"index","follow":"follow","max-snippet":"max-snippet:-1","max-image-preview":"max-image-preview:large","max-video-preview":"max-video-preview:-1"},"canonical":"https:\/\/daisyjames.eu\/fr\/clause-de-non-responsabilite\/","schema":{"@context":"https:\/\/schema.org","@graph":[{"@type":"WebPage","@id":"https:\/\/daisyjames.eu\/fr\/clause-de-non-responsabilite\/","url":"https:\/\/daisyjames.eu\/fr\/clause-de-non-responsabilite\/","name":"Clause de non-responsabilit\u00e9| Bespoke Wallcoverings - daisy james","isPartOf":{"@id":"https:\/\/daisyjames.eu\/fr\/#website"},"primaryImageOfPage":{"@id":"https:\/\/daisyjames.eu\/fr\/clause-de-non-responsabilite\/#primaryimage"},"image":{"@id":"https:\/\/daisyjames.eu\/fr\/clause-de-non-responsabilite\/#primaryimage"},"thumbnailUrl":"https:\/\/daisyjames.eu\/wp-content\/uploads\/2025\/09\/DJ_instagram_post_vierkant_salmon_3.jpg","datePublished":"2025-07-16T10:31:16+00:00","dateModified":"2025-10-07T12:44:09+00:00","description":"Consultez la clause de non-responsabilit\u00e9 officielle de daisy james pour conna\u00eetre les conditions importantes du site web, la responsabilit\u00e9 du contenu et les droits de propri\u00e9t\u00e9 intellectuelle.","breadcrumb":{"@id":"https:\/\/daisyjames.eu\/fr\/clause-de-non-responsabilite\/#breadcrumb"},"inLanguage":"fr-FR","potentialAction":[{"@type":"ReadAction","target":["https:\/\/daisyjames.eu\/fr\/clause-de-non-responsabilite\/"]}]},{"@type":"ImageObject","inLanguage":"fr-FR","@id":"https:\/\/daisyjames.eu\/fr\/clause-de-non-responsabilite\/#primaryimage","url":"https:\/\/daisyjames.eu\/wp-content\/uploads\/2025\/09\/DJ_instagram_post_vierkant_salmon_3.jpg","contentUrl":"https:\/\/daisyjames.eu\/wp-content\/uploads\/2025\/09\/DJ_instagram_post_vierkant_salmon_3.jpg","width":1080,"height":1080},{"@type":"BreadcrumbList","@id":"https:\/\/daisyjames.eu\/fr\/clause-de-non-responsabilite\/#breadcrumb","itemListElement":[{"@type":"ListItem","position":1,"name":"Home","item":"https:\/\/daisyjames.eu\/fr\/"},{"@type":"ListItem","position":2,"name":"Clause de non-responsabilit\u00e9"}]},{"@type":"WebSite","@id":"https:\/\/daisyjames.eu\/fr\/#website","url":"https:\/\/daisyjames.eu\/fr\/","name":"Daisy James","description":"","publisher":{"@id":"https:\/\/daisyjames.eu\/fr\/#organization"},"potentialAction":[{"@type":"SearchAction","target":{"@type":"EntryPoint","urlTemplate":"https:\/\/daisyjames.eu\/fr\/?s={search_term_string}"},"query-input":{"@type":"PropertyValueSpecification","valueRequired":true,"valueName":"search_term_string"}}],"inLanguage":"fr-FR"},{"@type":"Organization","@id":"https:\/\/daisyjames.eu\/fr\/#organization","name":"Daisy James","url":"https:\/\/daisyjames.eu\/fr\/","logo":{"@type":"ImageObject","inLanguage":"fr-FR","@id":"https:\/\/daisyjames.eu\/fr\/#\/schema\/logo\/image\/","url":"https:\/\/daisyjames.eu\/wp-content\/uploads\/2024\/09\/LogoDJzwart-1.png","contentUrl":"https:\/\/daisyjames.eu\/wp-content\/uploads\/2024\/09\/LogoDJzwart-1.png","width":1125,"height":199,"caption":"Daisy James"},"image":{"@id":"https:\/\/daisyjames.eu\/fr\/#\/schema\/logo\/image\/"},"sameAs":["https:\/\/www.facebook.com\/Daisyjamesinteriorwallcovering\/","https:\/\/x.com\/daisyjamesinterior","https:\/\/pinterest.com\/daisyjameswallcovers\/","https:\/\/nl.linkedin.com\/company\/d-a-i-s-y-j-a-m-e-s-interior-collection"]}]}},"_links":{"self":[{"href":"https:\/\/daisyjames.eu\/fr\/wp-json\/wp\/v2\/pages\/27193","targetHints":{"allow":["GET"]}}],"collection":[{"href":"https:\/\/daisyjames.eu\/fr\/wp-json\/wp\/v2\/pages"}],"about":[{"href":"https:\/\/daisyjames.eu\/fr\/wp-json\/wp\/v2\/types\/page"}],"author":[{"embeddable":true,"href":"https:\/\/daisyjames.eu\/fr\/wp-json\/wp\/v2\/users\/5"}],"replies":[{"embeddable":true,"href":"https:\/\/daisyjames.eu\/fr\/wp-json\/wp\/v2\/comments?post=27193"}],"version-history":[{"count":2,"href":"https:\/\/daisyjames.eu\/fr\/wp-json\/wp\/v2\/pages\/27193\/revisions"}],"predecessor-version":[{"id":29576,"href":"https:\/\/daisyjames.eu\/fr\/wp-json\/wp\/v2\/pages\/27193\/revisions\/29576"}],"wp:featuredmedia":[{"embeddable":true,"href":"https:\/\/daisyjames.eu\/fr\/wp-json\/wp\/v2\/media\/29003"}],"wp:attachment":[{"href":"https:\/\/daisyjames.eu\/fr\/wp-json\/wp\/v2\/media?parent=27193"}],"curies":[{"name":"wp","href":"https:\/\/api.w.org\/{rel}","templated":true}]}}