
{"id":27211,"date":"2024-05-30T07:54:32","date_gmt":"2024-05-30T07:54:32","guid":{"rendered":"https:\/\/staging.daisyjames.eu\/collections-2\/"},"modified":"2026-01-27T10:07:00","modified_gmt":"2026-01-27T10:07:00","slug":"collections-2","status":"publish","type":"page","link":"https:\/\/daisyjames.eu\/fr\/collections-2\/","title":{"rendered":"Collections"},"content":{"rendered":"\n<div class=\"wp-block-group has-global-padding is-layout-constrained wp-block-group-is-layout-constrained\">\n<div style=\"height:var(--wp--preset--spacing--xxxxxl)\" aria-hidden=\"true\" class=\"wp-block-spacer\"><\/div>\n\n\n\n<h1 data-aos-duration=\"1000\" data-aos=\"fade\" class=\"wp-block-heading has-text-align-center\" id=\"h-collections\" style=\"margin-top:0;margin-bottom:0\">Collections<\/h1>\n\n\n\n<div style=\"margin-top:0;margin-bottom:0;height:var(--wp--preset--spacing--xxxxxxxl)\" aria-hidden=\"true\" class=\"wp-block-spacer\"><\/div>\n\n\n \n\t\t\t<div data-aos-duration=\"1500\" data-aos=\"width-full-rtl\" \n\t\t\t\tclass=\"wordpress-container !px-0 origin-left w-full m-0 py-[0px] box-border sm:box-border\"\n\t\t\t>\n\t\t\t\t<div\n\t\t\t\t\tclass=\"w-full h-[1px] bg-[#0d181c]\"\n\t\t\t\t><\/div>\n\t\t\t<\/div>\n\t\t<\/div>\n\n\n\n<div class=\"wp-block-group has-global-padding is-layout-constrained wp-block-group-is-layout-constrained\" style=\"margin-top:0;margin-bottom:0;padding-top:var(--wp--preset--spacing--xxxxxxxl);padding-bottom:var(--wp--preset--spacing--xxxxxxxl)\">\n<p data-aos-duration=\"1000\" data-aos=\"fade\"><strong>TROUVEZ FACILEMENT VOTRE STYLE<\/strong><\/p>\n\n\n\n<p data-aos-duration=\"1000\" data-aos=\"fade\">D\u00e9couvrez les collections exclusives de rev\u00eatements muraux de <strong>daisy james<\/strong>. Avec plus de 300 rev\u00eatements muraux de luxe uniques, nous avons divis\u00e9 nos cr\u00e9ations en 6 collections soigneusement s\u00e9lectionn\u00e9es, allant du classique et luxueux au moderne et serein. Laissez-vous inspirer par des motifs raffin\u00e9s et des dessins exclusifs o\u00f9 l&#8217;art, la nature et l&#8217;esth\u00e9tique int\u00e9rieure contemporaine se rencontrent. Que vous souhaitiez cr\u00e9er un mur d&#8217;expression ou ajouter un accent subtil \u00e0 votre int\u00e9rieur, nos collections offrent la solution parfaite pour chaque espace et chaque style. D\u00e9couvrez comment les rev\u00eatements muraux <strong>daisy james<\/strong> peuvent transformer votre int\u00e9rieur en un environnement exclusif et plein de caract\u00e8re.    <\/p>\n\n\n\n<p data-aos-duration=\"1000\" data-aos=\"fade\"><strong>Cliquez ci-dessous et laissez-vous inspirer par le monde des rev\u00eatements muraux de luxe.<\/strong><\/p>\n<\/div>\n\n\n\n<div class=\"wp-block-group has-global-padding is-layout-constrained wp-block-group-is-layout-constrained\" style=\"margin-top:0;margin-bottom:0\">\n<div class=\"wp-block-columns is-layout-flex wp-container-core-columns-is-layout-28f84493 wp-block-columns-is-layout-flex\">\n<div data-aos=\"fade-up\" class=\"wp-block-column is-layout-flow wp-block-column-is-layout-flow\"><div style=\"aspect-ratio:3\/4;min-height:unset;\" class=\"wp-block-cover is-light is-style-scale-on-hover has-aspect-ratio b-stretched-link\"><a href=\"https:\/\/daisyjames.eu\/fr\/collection-details\/serenite\/\" class=\"block-link\"><\/a>\n<img decoding=\"async\" class=\"wp-block-cover__image-background wp-image-26077 size-large\" alt=\"\" src=\"https:\/\/daisyjames.eu\/wp-content\/uploads\/2025\/08\/SERENETY-2-1-769x1024.jpg\" data-object-fit=\"cover\"\/><span aria-hidden=\"true\" class=\"wp-block-cover__background has-background-dim-0 has-background-dim\" style=\"background-color:#d5cfca\"><\/span><div class=\"wp-block-cover__inner-container has-global-padding is-layout-constrained wp-block-cover-is-layout-constrained\">\n<p class=\"has-text-align-center has-large-font-size\"><\/p>\n<\/div><\/div>\n<\/div>\n\n\n\n<div data-aos=\"fade-up\" class=\"wp-block-column is-layout-flow wp-block-column-is-layout-flow\"><div style=\"aspect-ratio:3\/4;min-height:unset;\" class=\"wp-block-cover is-style-scale-on-hover has-aspect-ratio b-stretched-link\"><a href=\"https:\/\/daisyjames.eu\/fr\/collection-details\/audacieux\/\" class=\"block-link\"><\/a>\n<img loading=\"lazy\" decoding=\"async\" width=\"769\" height=\"1024\" class=\"wp-block-cover__image-background wp-image-26081 size-large\" alt=\"\" src=\"https:\/\/daisyjames.eu\/wp-content\/uploads\/2025\/08\/AUDACIOUS-2-1-769x1024.jpg\" data-object-fit=\"cover\" srcset=\"https:\/\/daisyjames.eu\/wp-content\/uploads\/2025\/08\/AUDACIOUS-2-1-769x1024.jpg 769w, https:\/\/daisyjames.eu\/wp-content\/uploads\/2025\/08\/AUDACIOUS-2-1-225x300.jpg 225w, https:\/\/daisyjames.eu\/wp-content\/uploads\/2025\/08\/AUDACIOUS-2-1-768x1023.jpg 768w, https:\/\/daisyjames.eu\/wp-content\/uploads\/2025\/08\/AUDACIOUS-2-1-1153x1536.jpg 1153w, https:\/\/daisyjames.eu\/wp-content\/uploads\/2025\/08\/AUDACIOUS-2-1-1200x1598.jpg 1200w, https:\/\/daisyjames.eu\/wp-content\/uploads\/2025\/08\/AUDACIOUS-2-1-600x799.jpg 600w, https:\/\/daisyjames.eu\/wp-content\/uploads\/2025\/08\/AUDACIOUS-2-1.jpg 1455w\" sizes=\"auto, (max-width: 769px) 100vw, 769px\" \/><span aria-hidden=\"true\" class=\"wp-block-cover__background has-background-dim-0 has-background-dim\" style=\"background-color:#505e5c\"><\/span><div class=\"wp-block-cover__inner-container has-global-padding is-layout-constrained wp-block-cover-is-layout-constrained\">\n<p class=\"has-text-align-center has-large-font-size\"><\/p>\n<\/div><\/div>\n<\/div>\n\n\n\n<div data-aos=\"fade-up\" class=\"wp-block-column is-layout-flow wp-block-column-is-layout-flow\"><div style=\"aspect-ratio:3\/4;min-height:unset;\" class=\"wp-block-cover is-style-scale-on-hover has-aspect-ratio b-stretched-link\"><a href=\"https:\/\/daisyjames.eu\/fr\/collection-details\/allure\/\" class=\"block-link\"><\/a>\n<img loading=\"lazy\" decoding=\"async\" width=\"769\" height=\"1024\" class=\"wp-block-cover__image-background wp-image-26104 size-large\" alt=\"\" src=\"https:\/\/daisyjames.eu\/wp-content\/uploads\/2025\/08\/ALLURE-2-a-769x1024.jpg\" data-object-fit=\"cover\" srcset=\"https:\/\/daisyjames.eu\/wp-content\/uploads\/2025\/08\/ALLURE-2-a-769x1024.jpg 769w, https:\/\/daisyjames.eu\/wp-content\/uploads\/2025\/08\/ALLURE-2-a-225x300.jpg 225w, https:\/\/daisyjames.eu\/wp-content\/uploads\/2025\/08\/ALLURE-2-a-768x1023.jpg 768w, https:\/\/daisyjames.eu\/wp-content\/uploads\/2025\/08\/ALLURE-2-a-1153x1536.jpg 1153w, https:\/\/daisyjames.eu\/wp-content\/uploads\/2025\/08\/ALLURE-2-a-1200x1598.jpg 1200w, https:\/\/daisyjames.eu\/wp-content\/uploads\/2025\/08\/ALLURE-2-a-600x799.jpg 600w, https:\/\/daisyjames.eu\/wp-content\/uploads\/2025\/08\/ALLURE-2-a.jpg 1455w\" sizes=\"auto, (max-width: 769px) 100vw, 769px\" \/><span aria-hidden=\"true\" class=\"wp-block-cover__background has-background-dim-0 has-background-dim\" style=\"background-color:#472f1b\"><\/span><div class=\"wp-block-cover__inner-container has-global-padding is-layout-constrained wp-block-cover-is-layout-constrained\">\n<p class=\"has-text-align-center has-large-font-size\"><\/p>\n<\/div><\/div>\n<\/div>\n<\/div>\n\n\n\n<div data-aos=\"fade-up\" class=\"wp-block-columns is-layout-flex wp-container-core-columns-is-layout-28f84493 wp-block-columns-is-layout-flex\">\n<div data-aos=\"fade-up\" class=\"wp-block-column is-layout-flow wp-block-column-is-layout-flow\"><div style=\"aspect-ratio:3\/4;min-height:unset;\" class=\"wp-block-cover is-style-scale-on-hover has-aspect-ratio b-stretched-link\"><a href=\"https:\/\/daisyjames.eu\/fr\/collection-details\/eternel\/\" class=\"block-link\"><\/a>\n<img loading=\"lazy\" decoding=\"async\" width=\"769\" height=\"1024\" class=\"wp-block-cover__image-background wp-image-26106 size-large\" alt=\"\" src=\"https:\/\/daisyjames.eu\/wp-content\/uploads\/2025\/08\/ETERNETY-2-2-769x1024.jpg\" data-object-fit=\"cover\" srcset=\"https:\/\/daisyjames.eu\/wp-content\/uploads\/2025\/08\/ETERNETY-2-2-769x1024.jpg 769w, https:\/\/daisyjames.eu\/wp-content\/uploads\/2025\/08\/ETERNETY-2-2-225x300.jpg 225w, https:\/\/daisyjames.eu\/wp-content\/uploads\/2025\/08\/ETERNETY-2-2-768x1023.jpg 768w, https:\/\/daisyjames.eu\/wp-content\/uploads\/2025\/08\/ETERNETY-2-2-1153x1536.jpg 1153w, https:\/\/daisyjames.eu\/wp-content\/uploads\/2025\/08\/ETERNETY-2-2-1200x1598.jpg 1200w, https:\/\/daisyjames.eu\/wp-content\/uploads\/2025\/08\/ETERNETY-2-2-600x799.jpg 600w, https:\/\/daisyjames.eu\/wp-content\/uploads\/2025\/08\/ETERNETY-2-2.jpg 1455w\" sizes=\"auto, (max-width: 769px) 100vw, 769px\" \/><span aria-hidden=\"true\" class=\"wp-block-cover__background has-background-dim-0 has-background-dim\" style=\"background-color:#d5cfca\"><\/span><div class=\"wp-block-cover__inner-container has-global-padding is-layout-constrained wp-block-cover-is-layout-constrained\">\n<p class=\"has-text-align-center has-large-font-size\"><\/p>\n<\/div><\/div>\n<\/div>\n\n\n\n<div data-aos=\"fade-up\" class=\"wp-block-column is-layout-flow wp-block-column-is-layout-flow\"><div style=\"aspect-ratio:3\/4;min-height:unset;\" class=\"wp-block-cover is-style-scale-on-hover has-aspect-ratio b-stretched-link\"><a href=\"https:\/\/daisyjames.eu\/fr\/collection-details\/verdoyant\/\" class=\"block-link\"><\/a>\n<img loading=\"lazy\" decoding=\"async\" width=\"769\" height=\"1024\" class=\"wp-block-cover__image-background wp-image-26071 size-large\" alt=\"\" src=\"https:\/\/daisyjames.eu\/wp-content\/uploads\/2025\/08\/VERDANT-2-1-769x1024.jpg\" data-object-fit=\"cover\" srcset=\"https:\/\/daisyjames.eu\/wp-content\/uploads\/2025\/08\/VERDANT-2-1-769x1024.jpg 769w, https:\/\/daisyjames.eu\/wp-content\/uploads\/2025\/08\/VERDANT-2-1-225x300.jpg 225w, https:\/\/daisyjames.eu\/wp-content\/uploads\/2025\/08\/VERDANT-2-1-768x1023.jpg 768w, https:\/\/daisyjames.eu\/wp-content\/uploads\/2025\/08\/VERDANT-2-1-1153x1536.jpg 1153w, https:\/\/daisyjames.eu\/wp-content\/uploads\/2025\/08\/VERDANT-2-1-1200x1598.jpg 1200w, https:\/\/daisyjames.eu\/wp-content\/uploads\/2025\/08\/VERDANT-2-1-600x799.jpg 600w, https:\/\/daisyjames.eu\/wp-content\/uploads\/2025\/08\/VERDANT-2-1.jpg 1455w\" sizes=\"auto, (max-width: 769px) 100vw, 769px\" \/><span aria-hidden=\"true\" class=\"wp-block-cover__background has-background-dim-0 has-background-dim\" style=\"background-color:#0c2719\"><\/span><div class=\"wp-block-cover__inner-container has-global-padding is-layout-constrained wp-block-cover-is-layout-constrained\">\n<p class=\"has-text-align-center has-large-font-size\"><\/p>\n<\/div><\/div>\n<\/div>\n\n\n\n<div data-aos=\"fade-up\" class=\"wp-block-column is-layout-flow wp-block-column-is-layout-flow\"><div style=\"aspect-ratio:3\/4;min-height:unset;\" class=\"wp-block-cover is-style-scale-on-hover has-aspect-ratio b-stretched-link\"><a href=\"https:\/\/daisyjames.eu\/fr\/collection-details\/vivacite\/\" class=\"block-link\"><\/a>\n<img loading=\"lazy\" decoding=\"async\" width=\"769\" height=\"1024\" class=\"wp-block-cover__image-background wp-image-26079 size-large\" alt=\"\" src=\"https:\/\/daisyjames.eu\/wp-content\/uploads\/2025\/08\/VIVACITY-2a-769x1024.jpg\" data-object-fit=\"cover\" srcset=\"https:\/\/daisyjames.eu\/wp-content\/uploads\/2025\/08\/VIVACITY-2a-769x1024.jpg 769w, https:\/\/daisyjames.eu\/wp-content\/uploads\/2025\/08\/VIVACITY-2a-225x300.jpg 225w, https:\/\/daisyjames.eu\/wp-content\/uploads\/2025\/08\/VIVACITY-2a-768x1023.jpg 768w, https:\/\/daisyjames.eu\/wp-content\/uploads\/2025\/08\/VIVACITY-2a-1153x1536.jpg 1153w, https:\/\/daisyjames.eu\/wp-content\/uploads\/2025\/08\/VIVACITY-2a-1200x1598.jpg 1200w, https:\/\/daisyjames.eu\/wp-content\/uploads\/2025\/08\/VIVACITY-2a-600x799.jpg 600w, https:\/\/daisyjames.eu\/wp-content\/uploads\/2025\/08\/VIVACITY-2a.jpg 1455w\" sizes=\"auto, (max-width: 769px) 100vw, 769px\" \/><span aria-hidden=\"true\" class=\"wp-block-cover__background has-background-dim-0 has-background-dim\" style=\"background-color:#a83e4f\"><\/span><div class=\"wp-block-cover__inner-container has-global-padding is-layout-constrained wp-block-cover-is-layout-constrained\">\n<p class=\"has-text-align-center has-large-font-size\"><\/p>\n<\/div><\/div>\n<\/div>\n<\/div>\n<\/div>\n\n\n\n<div style=\"height:90px\" aria-hidden=\"true\" class=\"wp-block-spacer\"><\/div>\n\n\n\n<h4 class=\"wp-block-heading\" id=\"h-questions-frequemment-posees-sur-la-collection-daisy-james\"><strong>QUESTIONS FR\u00c9QUEMMENT POS\u00c9ES SUR LA COLLECTION DAISY JAMES<\/strong><\/h4>\n\n\n\n<p><\/p>\n\n\n\n<div style=\"height:48px\" aria-hidden=\"true\" class=\"wp-block-spacer\"><\/div>\n\n\n\n<div class=\"wp-block-group has-global-padding is-layout-constrained wp-block-group-is-layout-constrained\">\n<p><strong>Les collections conviennent-elles aux h\u00f4tels ou aux projets d&#8217;int\u00e9rieur ? <\/strong>Les collections <strong>daisy james <\/strong>sont utilis\u00e9es dans le monde entier dans les h\u00f4tels de luxe, les bureaux, les restaurants et les projets d&#8217;int\u00e9rieur haut de gamme. Gr\u00e2ce \u00e0 leurs mat\u00e9riaux durables et \u00e0 leurs options de dimensionnement sur mesure, elles sont id\u00e9ales pour les espaces exigeants et les conceptions architecturales. <\/p>\n\n\n\n<p><strong>Quelle est la diff\u00e9rence entre les collections daisy james ?<\/strong> Chaque collection <strong>daisy james<\/strong> poss\u00e8de une atmosph\u00e8re et une identit\u00e9 visuelle uniques. <em>Allure<\/em> est d\u00e9finie par un luxe sombre et des accents dor\u00e9s, tandis que <em>Serenity<\/em> embrasse le minimalisme et le calme. <em>Vivacity<\/em> exprime la nature et le mouvement, <em>Eternal<\/em> m\u00e9lange des \u00e9l\u00e9ments classiques et modernes, <em>Verdant<\/em> fait entrer l&#8217;ext\u00e9rieur \u00e0 l&#8217;int\u00e9rieur et <em>Audacious<\/em> c\u00e9l\u00e8bre l&#8217;audace et l&#8217;individualit\u00e9. Ensemble, ils forment une s\u00e9lection polyvalente qui s&#8217;adapte \u00e0 un large \u00e9ventail de styles d&#8217;int\u00e9rieur. <\/p>\n\n\n\n<p><\/p>\n<\/div>\n\n\n\n<div class=\"wp-block-group has-global-padding is-layout-constrained wp-block-group-is-layout-constrained\">\n<p><strong>Les collections daisy james sont-elles sans couture ?<\/strong> Oui, tous les rev\u00eatements muraux <strong>daisy james<\/strong> sont livr\u00e9s sans couture. Gr\u00e2ce \u00e0 une impression de haute qualit\u00e9 sur un textile robuste, le r\u00e9sultat est une finition lisse et continue, sans coutures visibles. Ils sont donc id\u00e9aux pour les grandes surfaces, les environnements d&#8217;accueil et tous les espaces o\u00f9 un aspect raffin\u00e9 et ininterrompu est souhait\u00e9.  <\/p>\n<\/div>\n\n\n\n<div style=\"height:98px\" aria-hidden=\"true\" class=\"wp-block-spacer\"><\/div>\n\n\n\n<p><\/p>\n","protected":false},"excerpt":{"rendered":"<p>Collections TROUVEZ FACILEMENT VOTRE STYLE D\u00e9couvrez les collections exclusives de rev\u00eatements muraux de daisy james. Avec plus de 300 rev\u00eatements muraux de luxe uniques, nous avons divis\u00e9 nos cr\u00e9ations en 6 collections soigneusement s\u00e9lectionn\u00e9es, allant du classique et luxueux au moderne et serein. Laissez-vous inspirer par des motifs raffin\u00e9s et des dessins exclusifs o\u00f9 l&#8217;art, [&hellip;]<\/p>\n","protected":false},"author":1,"featured_media":27229,"parent":0,"menu_order":50,"comment_status":"closed","ping_status":"closed","template":"","meta":{"_acf_changed":false,"footnotes":""},"class_list":["post-27211","page","type-page","status-publish","has-post-thumbnail","hentry"],"acf":[],"yoast_head":"<!-- This site is optimized with the Yoast SEO Premium plugin v27.3 (Yoast SEO v27.3) - https:\/\/yoast.com\/product\/yoast-seo-premium-wordpress\/ -->\n<title>Collections de rev\u00eatements muraux de luxe | Designs exclusifs par daisy james<\/title>\n<meta name=\"description\" content=\"D\u00e9couvrez plus de 300 rev\u00eatements muraux de luxe exclusifs de daisy james. Explorez 6 collections s\u00e9lectionn\u00e9es pr\u00e9sentant des motifs raffin\u00e9s inspir\u00e9s par l&#039;art, la nature et les int\u00e9rieurs contemporains.\" \/>\n<meta name=\"robots\" content=\"index, follow, max-snippet:-1, max-image-preview:large, max-video-preview:-1\" \/>\n<link rel=\"canonical\" href=\"https:\/\/daisyjames.eu\/fr\/collections-2\/\" \/>\n<script type=\"application\/ld+json\" class=\"yoast-schema-graph\">{\"@context\":\"https:\\\/\\\/schema.org\",\"@graph\":[{\"@type\":\"WebPage\",\"@id\":\"https:\\\/\\\/daisyjames.eu\\\/fr\\\/collections-2\\\/\",\"url\":\"https:\\\/\\\/daisyjames.eu\\\/fr\\\/collections-2\\\/\",\"name\":\"Collections de rev\u00eatements muraux de luxe | Designs exclusifs par daisy james\",\"isPartOf\":{\"@id\":\"https:\\\/\\\/daisyjames.eu\\\/#website\"},\"primaryImageOfPage\":{\"@id\":\"https:\\\/\\\/daisyjames.eu\\\/fr\\\/collections-2\\\/#primaryimage\"},\"image\":{\"@id\":\"https:\\\/\\\/daisyjames.eu\\\/fr\\\/collections-2\\\/#primaryimage\"},\"thumbnailUrl\":\"https:\\\/\\\/daisyjames.eu\\\/wp-content\\\/uploads\\\/2025\\\/07\\\/DJ_instagram_post_vierkant_salmon_3.jpg\",\"datePublished\":\"2024-05-30T07:54:32+00:00\",\"dateModified\":\"2026-01-27T10:07:00+00:00\",\"description\":\"D\u00e9couvrez plus de 300 rev\u00eatements muraux de luxe exclusifs de daisy james. Explorez 6 collections s\u00e9lectionn\u00e9es pr\u00e9sentant des motifs raffin\u00e9s inspir\u00e9s par l'art, la nature et les int\u00e9rieurs contemporains.\",\"breadcrumb\":{\"@id\":\"https:\\\/\\\/daisyjames.eu\\\/fr\\\/collections-2\\\/#breadcrumb\"},\"inLanguage\":\"fr-FR\",\"potentialAction\":[{\"@type\":\"ReadAction\",\"target\":[\"https:\\\/\\\/daisyjames.eu\\\/fr\\\/collections-2\\\/\"]}]},{\"@type\":\"ImageObject\",\"inLanguage\":\"fr-FR\",\"@id\":\"https:\\\/\\\/daisyjames.eu\\\/fr\\\/collections-2\\\/#primaryimage\",\"url\":\"https:\\\/\\\/daisyjames.eu\\\/wp-content\\\/uploads\\\/2025\\\/07\\\/DJ_instagram_post_vierkant_salmon_3.jpg\",\"contentUrl\":\"https:\\\/\\\/daisyjames.eu\\\/wp-content\\\/uploads\\\/2025\\\/07\\\/DJ_instagram_post_vierkant_salmon_3.jpg\",\"width\":1080,\"height\":1080},{\"@type\":\"BreadcrumbList\",\"@id\":\"https:\\\/\\\/daisyjames.eu\\\/fr\\\/collections-2\\\/#breadcrumb\",\"itemListElement\":[{\"@type\":\"ListItem\",\"position\":1,\"name\":\"Home\",\"item\":\"https:\\\/\\\/daisyjames.eu\\\/fr\\\/\"},{\"@type\":\"ListItem\",\"position\":2,\"name\":\"Collections\"}]},{\"@type\":\"WebSite\",\"@id\":\"https:\\\/\\\/daisyjames.eu\\\/#website\",\"url\":\"https:\\\/\\\/daisyjames.eu\\\/\",\"name\":\"Daisy James\",\"description\":\"\",\"publisher\":{\"@id\":\"https:\\\/\\\/daisyjames.eu\\\/#organization\"},\"potentialAction\":[{\"@type\":\"SearchAction\",\"target\":{\"@type\":\"EntryPoint\",\"urlTemplate\":\"https:\\\/\\\/daisyjames.eu\\\/?s={search_term_string}\"},\"query-input\":{\"@type\":\"PropertyValueSpecification\",\"valueRequired\":true,\"valueName\":\"search_term_string\"}}],\"inLanguage\":\"fr-FR\"},{\"@type\":\"Organization\",\"@id\":\"https:\\\/\\\/daisyjames.eu\\\/#organization\",\"name\":\"Daisy James\",\"url\":\"https:\\\/\\\/daisyjames.eu\\\/\",\"logo\":{\"@type\":\"ImageObject\",\"inLanguage\":\"fr-FR\",\"@id\":\"https:\\\/\\\/daisyjames.eu\\\/#\\\/schema\\\/logo\\\/image\\\/\",\"url\":\"https:\\\/\\\/daisyjames.eu\\\/wp-content\\\/uploads\\\/2024\\\/09\\\/LogoDJzwart-1.png\",\"contentUrl\":\"https:\\\/\\\/daisyjames.eu\\\/wp-content\\\/uploads\\\/2024\\\/09\\\/LogoDJzwart-1.png\",\"width\":1125,\"height\":199,\"caption\":\"Daisy James\"},\"image\":{\"@id\":\"https:\\\/\\\/daisyjames.eu\\\/#\\\/schema\\\/logo\\\/image\\\/\"},\"sameAs\":[\"https:\\\/\\\/www.facebook.com\\\/Daisyjamesinteriorwallcovering\\\/\",\"https:\\\/\\\/x.com\\\/daisyjamesinterior\",\"https:\\\/\\\/pinterest.com\\\/daisyjameswallcovers\\\/\",\"https:\\\/\\\/nl.linkedin.com\\\/company\\\/d-a-i-s-y-j-a-m-e-s-interior-collection\"]}]}<\/script>\n<!-- \/ Yoast SEO Premium plugin. -->","yoast_head_json":{"title":"Collections de rev\u00eatements muraux de luxe | Designs exclusifs par daisy james","description":"D\u00e9couvrez plus de 300 rev\u00eatements muraux de luxe exclusifs de daisy james. Explorez 6 collections s\u00e9lectionn\u00e9es pr\u00e9sentant des motifs raffin\u00e9s inspir\u00e9s par l'art, la nature et les int\u00e9rieurs contemporains.","robots":{"index":"index","follow":"follow","max-snippet":"max-snippet:-1","max-image-preview":"max-image-preview:large","max-video-preview":"max-video-preview:-1"},"canonical":"https:\/\/daisyjames.eu\/fr\/collections-2\/","schema":{"@context":"https:\/\/schema.org","@graph":[{"@type":"WebPage","@id":"https:\/\/daisyjames.eu\/fr\/collections-2\/","url":"https:\/\/daisyjames.eu\/fr\/collections-2\/","name":"Collections de rev\u00eatements muraux de luxe | Designs exclusifs par daisy james","isPartOf":{"@id":"https:\/\/daisyjames.eu\/#website"},"primaryImageOfPage":{"@id":"https:\/\/daisyjames.eu\/fr\/collections-2\/#primaryimage"},"image":{"@id":"https:\/\/daisyjames.eu\/fr\/collections-2\/#primaryimage"},"thumbnailUrl":"https:\/\/daisyjames.eu\/wp-content\/uploads\/2025\/07\/DJ_instagram_post_vierkant_salmon_3.jpg","datePublished":"2024-05-30T07:54:32+00:00","dateModified":"2026-01-27T10:07:00+00:00","description":"D\u00e9couvrez plus de 300 rev\u00eatements muraux de luxe exclusifs de daisy james. Explorez 6 collections s\u00e9lectionn\u00e9es pr\u00e9sentant des motifs raffin\u00e9s inspir\u00e9s par l'art, la nature et les int\u00e9rieurs contemporains.","breadcrumb":{"@id":"https:\/\/daisyjames.eu\/fr\/collections-2\/#breadcrumb"},"inLanguage":"fr-FR","potentialAction":[{"@type":"ReadAction","target":["https:\/\/daisyjames.eu\/fr\/collections-2\/"]}]},{"@type":"ImageObject","inLanguage":"fr-FR","@id":"https:\/\/daisyjames.eu\/fr\/collections-2\/#primaryimage","url":"https:\/\/daisyjames.eu\/wp-content\/uploads\/2025\/07\/DJ_instagram_post_vierkant_salmon_3.jpg","contentUrl":"https:\/\/daisyjames.eu\/wp-content\/uploads\/2025\/07\/DJ_instagram_post_vierkant_salmon_3.jpg","width":1080,"height":1080},{"@type":"BreadcrumbList","@id":"https:\/\/daisyjames.eu\/fr\/collections-2\/#breadcrumb","itemListElement":[{"@type":"ListItem","position":1,"name":"Home","item":"https:\/\/daisyjames.eu\/fr\/"},{"@type":"ListItem","position":2,"name":"Collections"}]},{"@type":"WebSite","@id":"https:\/\/daisyjames.eu\/#website","url":"https:\/\/daisyjames.eu\/","name":"Daisy James","description":"","publisher":{"@id":"https:\/\/daisyjames.eu\/#organization"},"potentialAction":[{"@type":"SearchAction","target":{"@type":"EntryPoint","urlTemplate":"https:\/\/daisyjames.eu\/?s={search_term_string}"},"query-input":{"@type":"PropertyValueSpecification","valueRequired":true,"valueName":"search_term_string"}}],"inLanguage":"fr-FR"},{"@type":"Organization","@id":"https:\/\/daisyjames.eu\/#organization","name":"Daisy James","url":"https:\/\/daisyjames.eu\/","logo":{"@type":"ImageObject","inLanguage":"fr-FR","@id":"https:\/\/daisyjames.eu\/#\/schema\/logo\/image\/","url":"https:\/\/daisyjames.eu\/wp-content\/uploads\/2024\/09\/LogoDJzwart-1.png","contentUrl":"https:\/\/daisyjames.eu\/wp-content\/uploads\/2024\/09\/LogoDJzwart-1.png","width":1125,"height":199,"caption":"Daisy James"},"image":{"@id":"https:\/\/daisyjames.eu\/#\/schema\/logo\/image\/"},"sameAs":["https:\/\/www.facebook.com\/Daisyjamesinteriorwallcovering\/","https:\/\/x.com\/daisyjamesinterior","https:\/\/pinterest.com\/daisyjameswallcovers\/","https:\/\/nl.linkedin.com\/company\/d-a-i-s-y-j-a-m-e-s-interior-collection"]}]}},"_links":{"self":[{"href":"https:\/\/daisyjames.eu\/fr\/wp-json\/wp\/v2\/pages\/27211","targetHints":{"allow":["GET"]}}],"collection":[{"href":"https:\/\/daisyjames.eu\/fr\/wp-json\/wp\/v2\/pages"}],"about":[{"href":"https:\/\/daisyjames.eu\/fr\/wp-json\/wp\/v2\/types\/page"}],"author":[{"embeddable":true,"href":"https:\/\/daisyjames.eu\/fr\/wp-json\/wp\/v2\/users\/1"}],"replies":[{"embeddable":true,"href":"https:\/\/daisyjames.eu\/fr\/wp-json\/wp\/v2\/comments?post=27211"}],"version-history":[{"count":4,"href":"https:\/\/daisyjames.eu\/fr\/wp-json\/wp\/v2\/pages\/27211\/revisions"}],"predecessor-version":[{"id":34389,"href":"https:\/\/daisyjames.eu\/fr\/wp-json\/wp\/v2\/pages\/27211\/revisions\/34389"}],"wp:featuredmedia":[{"embeddable":true,"href":"https:\/\/daisyjames.eu\/fr\/wp-json\/wp\/v2\/media\/27229"}],"wp:attachment":[{"href":"https:\/\/daisyjames.eu\/fr\/wp-json\/wp\/v2\/media?parent=27211"}],"curies":[{"name":"wp","href":"https:\/\/api.w.org\/{rel}","templated":true}]}}