
{"id":27269,"date":"2024-05-17T09:53:17","date_gmt":"2024-05-17T09:53:17","guid":{"rendered":"https:\/\/staging.daisyjames.eu\/conditions-dutilisation\/"},"modified":"2025-09-17T16:01:27","modified_gmt":"2025-09-17T16:01:27","slug":"conditions-dutilisation-2","status":"publish","type":"page","link":"https:\/\/daisyjames.eu\/fr\/conditions-dutilisation-2\/","title":{"rendered":"Conditions d&#8217;utilisation"},"content":{"rendered":"\n<div class=\"wp-block-group has-global-padding is-layout-constrained wp-container-core-group-is-layout-be04af43 wp-block-group-is-layout-constrained\" style=\"margin-top:0;margin-bottom:0\">\n<div style=\"height:var(--wp--preset--spacing--xxxxxl)\" aria-hidden=\"true\" class=\"wp-block-spacer\"><\/div>\n\n\n\n<h1 data-aos-duration=\"1000\" data-aos=\"fade\" class=\"wp-block-heading has-text-align-center\" id=\"h-terms-and-conditions\" style=\"margin-top:0;margin-bottom:0\">CONDITIONS G\u00c9N\u00c9RALES<\/h1>\n\n\n\n<div style=\"margin-top:0;margin-bottom:0;height:var(--wp--preset--spacing--xxxxxxxl)\" aria-hidden=\"true\" class=\"wp-block-spacer\"><\/div>\n\n\n \n\t\t\t<div data-aos-duration=\"1500\" data-aos=\"width-full-rtl\" \n\t\t\t\tclass=\"wordpress-container !px-0 origin-left w-full m-0 py-[0px] box-border sm:box-border\"\n\t\t\t>\n\t\t\t\t<div\n\t\t\t\t\tclass=\"w-full h-[1px] bg-[#0d181c]\"\n\t\t\t\t><\/div>\n\t\t\t<\/div>\n\t\t<\/div>\n\n<div class=\"wp-block-group has-global-padding is-layout-constrained wp-container-core-group-is-layout-e54397f0 wp-block-group-is-layout-constrained\" style=\"padding-top:var(--wp--preset--spacing--xxxxxxxl);padding-right:0;padding-bottom:var(--wp--preset--spacing--xxxxxxxl);padding-left:0\">\n<p data-aos-duration=\"1000\" data-aos=\"fade\" class=\"has-primary-color has-text-color has-link-color wp-elements-76009cf546cfe5647cdb4cf05ce15786\">Chez <strong>daisy james<\/strong>, la qualit\u00e9, le service et la fiabilit\u00e9 sont au c\u0153ur de tout ce que nous faisons. Sur cette page, vous trouverez un r\u00e9sum\u00e9 de nos principales conditions et lignes directrices concernant l&#8217;utilisation de notre site web, la passation de commandes et le traitement des donn\u00e9es personnelles. Pour les documents juridiques complets, veuillez vous r\u00e9f\u00e9rer aux pages d\u00e9di\u00e9es dans le pied de page de notre site web.  <\/p>\n<\/div>\n\n<div class=\"wp-block-group has-global-padding is-layout-constrained wp-container-core-group-is-layout-6b6a4723 wp-block-group-is-layout-constrained\" style=\"margin-top:0;margin-bottom:0;padding-bottom:0\"> \n\t\t\t<div data-aos-duration=\"1500\" data-aos=\"width-full-rtl\" \n\t\t\t\tclass=\"wordpress-container !px-0 origin-left w-full m-0 py-[0px] box-border sm:box-border\"\n\t\t\t>\n\t\t\t\t<div\n\t\t\t\t\tclass=\"w-full h-[1px] bg-[#0d181c]\"\n\t\t\t\t><\/div>\n\t\t\t<\/div>\n\t\t\n\n\n<h2 data-aos-duration=\"1000\" data-aos=\"fade\" class=\"wp-block-heading alignfull has-text-align-center has-xxxxxl-font-size\" id=\"h-terms-and-conditions-0\" style=\"margin-top:0;margin-bottom:0;padding-top:var(--wp--preset--spacing--xxxxxxxl);padding-bottom:var(--wp--preset--spacing--xxxxxxxl);line-height:1;text-transform:uppercase\">CONDITIONS G\u00c9N\u00c9RALES<\/h2>\n<\/div>\n\n<div class=\"wp-block-group has-global-padding is-layout-constrained wp-container-core-group-is-layout-639b5052 wp-block-group-is-layout-constrained\" style=\"padding-top:0;padding-right:0;padding-bottom:0;padding-left:0\">\n<details data-aos-duration=\"1000\" data-aos=\"fade\" class=\"wp-block-details is-layout-flow wp-block-details-is-layout-flow\" open><summary>Utilisation du site web<\/summary>\n<p style=\"padding-top:var(--wp--preset--spacing--xl);padding-bottom:var(--wp--preset--spacing--xl)\">Les informations figurant sur notre site web sont compil\u00e9es avec soin. Bien que nous nous efforcions de maintenir tout le contenu \u00e0 jour et exact, <strong>daisy james<\/strong> ne peut \u00eatre tenu responsable des erreurs, des omissions ou des informations obsol\u00e8tes. L&#8217;utilisation du site web et de son contenu se fait \u00e0 vos propres risques.  <\/p>\n<\/details>\n\n\n\n<details data-aos-duration=\"1000\" data-aos=\"fade\" class=\"wp-block-details is-layout-flow wp-block-details-is-layout-flow\"><summary>Orders &amp; Returns<\/summary>\n<p style=\"padding-top:var(--wp--preset--spacing--xl);padding-bottom:var(--wp--preset--spacing--xl)\">Vous avez le droit de retourner votre commande dans un d\u00e9lai de 14 jours, \u00e0 condition que l&#8217;article n&#8217;ait pas \u00e9t\u00e9 utilis\u00e9, qu&#8217;il ne soit pas endommag\u00e9 et qu&#8217;il se trouve dans son emballage d&#8217;origine. Les produits fabriqu\u00e9s sur mesure ne peuvent \u00eatre retourn\u00e9s qu&#8217;en cas de d\u00e9fauts de production ou de dommages survenus lors de la livraison. Pour plus de d\u00e9tails, consultez notre page <a class=\"\" href=\"#\">Politique de retour<\/a>.  <\/p>\n<\/details>\n\n\n\n<details data-aos-duration=\"1000\" data-aos=\"fade\" class=\"wp-block-details is-layout-flow wp-block-details-is-layout-flow\"><summary>Privacy &amp; Data Protection<\/summary>\n<p style=\"padding-top:var(--wp--preset--spacing--xl);padding-bottom:var(--wp--preset--spacing--xl)\">Nous accordons de l&#8217;importance \u00e0 votre vie priv\u00e9e et traitons les donn\u00e9es personnelles conform\u00e9ment au GDPR. Lisez l&#8217;int\u00e9gralit\u00e9 de notre <a class=\"\" href=\"#\">politique de confidentialit\u00e9<\/a> pour savoir comment nous collectons, utilisons et prot\u00e9geons vos informations. <\/p>\n<\/details>\n\n\n\n<details data-aos-duration=\"1000\" data-aos=\"fade\" class=\"wp-block-details is-layout-flow wp-block-details-is-layout-flow\"><summary>Propri\u00e9t\u00e9 intellectuelle<\/summary>\n<p style=\"padding-top:var(--wp--preset--spacing--xl);padding-bottom:var(--wp--preset--spacing--xl)\">Tous les textes, images et dessins figurant sur ce site web sont la propri\u00e9t\u00e9 de <strong>daisy james<\/strong> et ne peuvent \u00eatre copi\u00e9s, stock\u00e9s ou partag\u00e9s sans autorisation \u00e9crite.<\/p>\n<\/details>\n\n\n\n<details data-aos-duration=\"1000\" data-aos=\"fade\" class=\"wp-block-details is-layout-flow wp-block-details-is-layout-flow\"><summary>Clause de non-responsabilit\u00e9<\/summary>\n<p style=\"padding-top:var(--wp--preset--spacing--xl);padding-bottom:var(--wp--preset--spacing--xl)\">Bien que nous nous efforcions d&#8217;offrir un contenu pr\u00e9cis et actualis\u00e9, aucun droit ne peut \u00eatre tir\u00e9 des informations figurant sur notre site web. Consultez notre <a class=\"\" href=\"#\">avis de non-responsabilit\u00e9<\/a> pour plus de d\u00e9tails. <\/p>\n<\/details>\n<\/div>\n\n<div class=\"wp-block-group has-global-padding is-layout-constrained wp-block-group-is-layout-constrained\" style=\"margin-top:0;margin-bottom:0;padding-top:var(--wp--preset--spacing--xxxxxxxl);padding-bottom:var(--wp--preset--spacing--xxxxxxxl)\">\n<p data-aos-duration=\"1000\" data-aos=\"fade\">Vous pouvez t\u00e9l\u00e9charger nos conditions g\u00e9n\u00e9rales ci-dessous. Ces lignes directrices sont con\u00e7ues pour offrir une exp\u00e9rience claire et positive \u00e0 tous les utilisateurs. Si vous avez des questions, n&#8217;h\u00e9sitez pas \u00e0 nous contacter. Nous sommes l\u00e0 pour vous aider.   <\/p>\n\n\n\n<div data-aos-duration=\"1000\" data-aos=\"fade\" class=\"wp-block-buttons is-layout-flex wp-block-buttons-is-layout-flex\" style=\"margin-top:0;margin-bottom:var(--wp--preset--spacing--xxxxxxxl)\">\n<div class=\"wp-block-button is-style-download-icon\"><a class=\"wp-block-button__link wp-element-button\" href=\"\/wp-content\/uploads\/2024\/05\/privacyverklaring-daisyjames.pdf\" target=\"_blank\" rel=\"noreferrer noopener nofollow\">T\u00e9l\u00e9chargez les conditions g\u00e9n\u00e9rales (pdf)<\/a><\/div>\n<\/div>\n\n\n \n\t\t\t<div data-aos-duration=\"1500\" data-aos=\"width-full-rtl\" \n\t\t\t\tclass=\"wordpress-container !px-0 origin-left w-full m-0 py-[0px] box-border sm:box-border\"\n\t\t\t>\n\t\t\t\t<div\n\t\t\t\t\tclass=\"w-full h-[1px] bg-[#0d181c]\"\n\t\t\t\t><\/div>\n\t\t\t<\/div>\n\t\t<\/div>\n\n<div style=\"height:51px\" aria-hidden=\"true\" class=\"wp-block-spacer\"><\/div>\n\n<h1 class=\"wp-block-heading has-text-align-center\" id=\"h-enduring-quality-transparent-terms\">QUALIT\u00c9 DURABLE, CONDITIONS TRANSPARENTES.<\/h1>\n\n<div style=\"height:115px\" aria-hidden=\"true\" class=\"wp-block-spacer\"><\/div>\n \n\t\t\t<div data-aos-duration=\"1500\" data-aos=\"width-full-rtl\" \n\t\t\t\tclass=\"wordpress-container !px-0 origin-left w-full m-0 py-[0px] box-border sm:box-border\"\n\t\t\t>\n\t\t\t\t<div\n\t\t\t\t\tclass=\"w-full h-[1px] bg-[#0d181c]\"\n\t\t\t\t><\/div>\n\t\t\t<\/div>\n\t\t\n<div style=\"height:51px\" aria-hidden=\"true\" class=\"wp-block-spacer\"><\/div>\n\n<div style=\"height:51px\" aria-hidden=\"true\" class=\"wp-block-spacer\"><\/div>\n\n<div style=\"height:51px\" aria-hidden=\"true\" class=\"wp-block-spacer\"><\/div>\n\n<p><\/p>\n","protected":false},"excerpt":{"rendered":"<p>CONDITIONS G\u00c9N\u00c9RALES Chez daisy james, la qualit\u00e9, le service et la fiabilit\u00e9 sont au c\u0153ur de tout ce que nous faisons. Sur cette page, vous trouverez un r\u00e9sum\u00e9 de nos principales conditions et lignes directrices concernant l&#8217;utilisation de notre site web, la passation de commandes et le traitement des donn\u00e9es personnelles. Pour les documents juridiques [&hellip;]<\/p>\n","protected":false},"author":1,"featured_media":29003,"parent":0,"menu_order":55,"comment_status":"closed","ping_status":"closed","template":"","meta":{"_acf_changed":false,"footnotes":""},"class_list":["post-27269","page","type-page","status-publish","has-post-thumbnail","hentry"],"acf":[],"yoast_head":"<!-- This site is optimized with the Yoast SEO Premium plugin v27.5 (Yoast SEO v27.5) - https:\/\/yoast.com\/product\/yoast-seo-premium-wordpress\/ -->\n<title>Conditions d&#039;utilisation | daisy james Luxury Wallcoverings<\/title>\n<meta name=\"description\" content=\"D\u00e9couvrez les conditions g\u00e9n\u00e9rales de vente de daisy james. Tous les d\u00e9tails concernant les commandes, la livraison, les retours, la responsabilit\u00e9 et la confidentialit\u00e9 de nos rev\u00eatements muraux de luxe exclusifs.\" \/>\n<meta name=\"robots\" content=\"index, follow, max-snippet:-1, max-image-preview:large, max-video-preview:-1\" \/>\n<link rel=\"canonical\" href=\"https:\/\/daisyjames.eu\/fr\/conditions-dutilisation-2\/\" \/>\n<script type=\"application\/ld+json\" class=\"yoast-schema-graph\">{\"@context\":\"https:\\\/\\\/schema.org\",\"@graph\":[{\"@type\":\"WebPage\",\"@id\":\"https:\\\/\\\/daisyjames.eu\\\/fr\\\/conditions-dutilisation-2\\\/\",\"url\":\"https:\\\/\\\/daisyjames.eu\\\/fr\\\/conditions-dutilisation-2\\\/\",\"name\":\"Conditions d'utilisation | daisy james Luxury Wallcoverings\",\"isPartOf\":{\"@id\":\"https:\\\/\\\/daisyjames.eu\\\/#website\"},\"primaryImageOfPage\":{\"@id\":\"https:\\\/\\\/daisyjames.eu\\\/fr\\\/conditions-dutilisation-2\\\/#primaryimage\"},\"image\":{\"@id\":\"https:\\\/\\\/daisyjames.eu\\\/fr\\\/conditions-dutilisation-2\\\/#primaryimage\"},\"thumbnailUrl\":\"https:\\\/\\\/daisyjames.eu\\\/wp-content\\\/uploads\\\/2025\\\/09\\\/DJ_instagram_post_vierkant_salmon_3.jpg\",\"datePublished\":\"2024-05-17T09:53:17+00:00\",\"dateModified\":\"2025-09-17T16:01:27+00:00\",\"description\":\"D\u00e9couvrez les conditions g\u00e9n\u00e9rales de vente de daisy james. Tous les d\u00e9tails concernant les commandes, la livraison, les retours, la responsabilit\u00e9 et la confidentialit\u00e9 de nos rev\u00eatements muraux de luxe exclusifs.\",\"breadcrumb\":{\"@id\":\"https:\\\/\\\/daisyjames.eu\\\/fr\\\/conditions-dutilisation-2\\\/#breadcrumb\"},\"inLanguage\":\"fr-FR\",\"potentialAction\":[{\"@type\":\"ReadAction\",\"target\":[\"https:\\\/\\\/daisyjames.eu\\\/fr\\\/conditions-dutilisation-2\\\/\"]}]},{\"@type\":\"ImageObject\",\"inLanguage\":\"fr-FR\",\"@id\":\"https:\\\/\\\/daisyjames.eu\\\/fr\\\/conditions-dutilisation-2\\\/#primaryimage\",\"url\":\"https:\\\/\\\/daisyjames.eu\\\/wp-content\\\/uploads\\\/2025\\\/09\\\/DJ_instagram_post_vierkant_salmon_3.jpg\",\"contentUrl\":\"https:\\\/\\\/daisyjames.eu\\\/wp-content\\\/uploads\\\/2025\\\/09\\\/DJ_instagram_post_vierkant_salmon_3.jpg\",\"width\":1080,\"height\":1080},{\"@type\":\"BreadcrumbList\",\"@id\":\"https:\\\/\\\/daisyjames.eu\\\/fr\\\/conditions-dutilisation-2\\\/#breadcrumb\",\"itemListElement\":[{\"@type\":\"ListItem\",\"position\":1,\"name\":\"Home\",\"item\":\"https:\\\/\\\/daisyjames.eu\\\/fr\\\/\"},{\"@type\":\"ListItem\",\"position\":2,\"name\":\"Conditions d&#8217;utilisation\"}]},{\"@type\":\"WebSite\",\"@id\":\"https:\\\/\\\/daisyjames.eu\\\/#website\",\"url\":\"https:\\\/\\\/daisyjames.eu\\\/\",\"name\":\"Daisy James\",\"description\":\"\",\"publisher\":{\"@id\":\"https:\\\/\\\/daisyjames.eu\\\/#organization\"},\"potentialAction\":[{\"@type\":\"SearchAction\",\"target\":{\"@type\":\"EntryPoint\",\"urlTemplate\":\"https:\\\/\\\/daisyjames.eu\\\/?s={search_term_string}\"},\"query-input\":{\"@type\":\"PropertyValueSpecification\",\"valueRequired\":true,\"valueName\":\"search_term_string\"}}],\"inLanguage\":\"fr-FR\"},{\"@type\":\"Organization\",\"@id\":\"https:\\\/\\\/daisyjames.eu\\\/#organization\",\"name\":\"Daisy James\",\"url\":\"https:\\\/\\\/daisyjames.eu\\\/\",\"logo\":{\"@type\":\"ImageObject\",\"inLanguage\":\"fr-FR\",\"@id\":\"https:\\\/\\\/daisyjames.eu\\\/#\\\/schema\\\/logo\\\/image\\\/\",\"url\":\"https:\\\/\\\/daisyjames.eu\\\/wp-content\\\/uploads\\\/2024\\\/09\\\/LogoDJzwart-1.png\",\"contentUrl\":\"https:\\\/\\\/daisyjames.eu\\\/wp-content\\\/uploads\\\/2024\\\/09\\\/LogoDJzwart-1.png\",\"width\":1125,\"height\":199,\"caption\":\"Daisy James\"},\"image\":{\"@id\":\"https:\\\/\\\/daisyjames.eu\\\/#\\\/schema\\\/logo\\\/image\\\/\"},\"sameAs\":[\"https:\\\/\\\/www.facebook.com\\\/Daisyjamesinteriorwallcovering\\\/\",\"https:\\\/\\\/x.com\\\/daisyjamesinterior\",\"https:\\\/\\\/pinterest.com\\\/daisyjameswallcovers\\\/\",\"https:\\\/\\\/nl.linkedin.com\\\/company\\\/d-a-i-s-y-j-a-m-e-s-interior-collection\"]}]}<\/script>\n<!-- \/ Yoast SEO Premium plugin. -->","yoast_head_json":{"title":"Conditions d'utilisation | daisy james Luxury Wallcoverings","description":"D\u00e9couvrez les conditions g\u00e9n\u00e9rales de vente de daisy james. Tous les d\u00e9tails concernant les commandes, la livraison, les retours, la responsabilit\u00e9 et la confidentialit\u00e9 de nos rev\u00eatements muraux de luxe exclusifs.","robots":{"index":"index","follow":"follow","max-snippet":"max-snippet:-1","max-image-preview":"max-image-preview:large","max-video-preview":"max-video-preview:-1"},"canonical":"https:\/\/daisyjames.eu\/fr\/conditions-dutilisation-2\/","schema":{"@context":"https:\/\/schema.org","@graph":[{"@type":"WebPage","@id":"https:\/\/daisyjames.eu\/fr\/conditions-dutilisation-2\/","url":"https:\/\/daisyjames.eu\/fr\/conditions-dutilisation-2\/","name":"Conditions d'utilisation | daisy james Luxury Wallcoverings","isPartOf":{"@id":"https:\/\/daisyjames.eu\/#website"},"primaryImageOfPage":{"@id":"https:\/\/daisyjames.eu\/fr\/conditions-dutilisation-2\/#primaryimage"},"image":{"@id":"https:\/\/daisyjames.eu\/fr\/conditions-dutilisation-2\/#primaryimage"},"thumbnailUrl":"https:\/\/daisyjames.eu\/wp-content\/uploads\/2025\/09\/DJ_instagram_post_vierkant_salmon_3.jpg","datePublished":"2024-05-17T09:53:17+00:00","dateModified":"2025-09-17T16:01:27+00:00","description":"D\u00e9couvrez les conditions g\u00e9n\u00e9rales de vente de daisy james. Tous les d\u00e9tails concernant les commandes, la livraison, les retours, la responsabilit\u00e9 et la confidentialit\u00e9 de nos rev\u00eatements muraux de luxe exclusifs.","breadcrumb":{"@id":"https:\/\/daisyjames.eu\/fr\/conditions-dutilisation-2\/#breadcrumb"},"inLanguage":"fr-FR","potentialAction":[{"@type":"ReadAction","target":["https:\/\/daisyjames.eu\/fr\/conditions-dutilisation-2\/"]}]},{"@type":"ImageObject","inLanguage":"fr-FR","@id":"https:\/\/daisyjames.eu\/fr\/conditions-dutilisation-2\/#primaryimage","url":"https:\/\/daisyjames.eu\/wp-content\/uploads\/2025\/09\/DJ_instagram_post_vierkant_salmon_3.jpg","contentUrl":"https:\/\/daisyjames.eu\/wp-content\/uploads\/2025\/09\/DJ_instagram_post_vierkant_salmon_3.jpg","width":1080,"height":1080},{"@type":"BreadcrumbList","@id":"https:\/\/daisyjames.eu\/fr\/conditions-dutilisation-2\/#breadcrumb","itemListElement":[{"@type":"ListItem","position":1,"name":"Home","item":"https:\/\/daisyjames.eu\/fr\/"},{"@type":"ListItem","position":2,"name":"Conditions d&#8217;utilisation"}]},{"@type":"WebSite","@id":"https:\/\/daisyjames.eu\/#website","url":"https:\/\/daisyjames.eu\/","name":"Daisy James","description":"","publisher":{"@id":"https:\/\/daisyjames.eu\/#organization"},"potentialAction":[{"@type":"SearchAction","target":{"@type":"EntryPoint","urlTemplate":"https:\/\/daisyjames.eu\/?s={search_term_string}"},"query-input":{"@type":"PropertyValueSpecification","valueRequired":true,"valueName":"search_term_string"}}],"inLanguage":"fr-FR"},{"@type":"Organization","@id":"https:\/\/daisyjames.eu\/#organization","name":"Daisy James","url":"https:\/\/daisyjames.eu\/","logo":{"@type":"ImageObject","inLanguage":"fr-FR","@id":"https:\/\/daisyjames.eu\/#\/schema\/logo\/image\/","url":"https:\/\/daisyjames.eu\/wp-content\/uploads\/2024\/09\/LogoDJzwart-1.png","contentUrl":"https:\/\/daisyjames.eu\/wp-content\/uploads\/2024\/09\/LogoDJzwart-1.png","width":1125,"height":199,"caption":"Daisy James"},"image":{"@id":"https:\/\/daisyjames.eu\/#\/schema\/logo\/image\/"},"sameAs":["https:\/\/www.facebook.com\/Daisyjamesinteriorwallcovering\/","https:\/\/x.com\/daisyjamesinterior","https:\/\/pinterest.com\/daisyjameswallcovers\/","https:\/\/nl.linkedin.com\/company\/d-a-i-s-y-j-a-m-e-s-interior-collection"]}]}},"_links":{"self":[{"href":"https:\/\/daisyjames.eu\/fr\/wp-json\/wp\/v2\/pages\/27269","targetHints":{"allow":["GET"]}}],"collection":[{"href":"https:\/\/daisyjames.eu\/fr\/wp-json\/wp\/v2\/pages"}],"about":[{"href":"https:\/\/daisyjames.eu\/fr\/wp-json\/wp\/v2\/types\/page"}],"author":[{"embeddable":true,"href":"https:\/\/daisyjames.eu\/fr\/wp-json\/wp\/v2\/users\/1"}],"replies":[{"embeddable":true,"href":"https:\/\/daisyjames.eu\/fr\/wp-json\/wp\/v2\/comments?post=27269"}],"version-history":[{"count":2,"href":"https:\/\/daisyjames.eu\/fr\/wp-json\/wp\/v2\/pages\/27269\/revisions"}],"predecessor-version":[{"id":29365,"href":"https:\/\/daisyjames.eu\/fr\/wp-json\/wp\/v2\/pages\/27269\/revisions\/29365"}],"wp:featuredmedia":[{"embeddable":true,"href":"https:\/\/daisyjames.eu\/fr\/wp-json\/wp\/v2\/media\/29003"}],"wp:attachment":[{"href":"https:\/\/daisyjames.eu\/fr\/wp-json\/wp\/v2\/media?parent=27269"}],"curies":[{"name":"wp","href":"https:\/\/api.w.org\/{rel}","templated":true}]}}