
{"id":4345,"date":"2024-05-16T12:12:29","date_gmt":"2024-05-16T12:12:29","guid":{"rendered":"https:\/\/daisyjames.dev001.booom.digital\/panier\/"},"modified":"2026-01-26T08:18:58","modified_gmt":"2026-01-26T08:18:58","slug":"panier","status":"publish","type":"page","link":"https:\/\/daisyjames.eu\/fr\/panier\/","title":{"rendered":"Panier"},"content":{"rendered":"\n<div data-block-name=\"woocommerce\/cart\" class=\"wp-block-woocommerce-cart alignwide is-loading\">\n<div data-block-name=\"woocommerce\/filled-cart-block\" class=\"wp-block-woocommerce-filled-cart-block\">\n<div data-block-name=\"woocommerce\/cart-items-block\" data-translated-with-w-p-m-l-t-m=\"1\" class=\"wp-block-woocommerce-cart-items-block\">\n<div data-block-name=\"woocommerce\/cart-line-items-block\" data-translated-with-w-p-m-l-t-m=\"1\" class=\"wp-block-woocommerce-cart-line-items-block\"\/>\n<\/div>\n\n\n\n<div data-block-name=\"woocommerce\/cart-totals-block\" class=\"wp-block-woocommerce-cart-totals-block\">\n<div data-block-name=\"woocommerce\/cart-order-summary-block\" class=\"wp-block-woocommerce-cart-order-summary-block\">\n\t\t\t<div data-block-name=\"woocommerce\/cart-order-summary-heading-block\" class=\"wp-block-woocommerce-cart-order-summary-heading-block\"><\/div>\n\t\t\t<div data-block-name=\"woocommerce\/cart-order-summary-subtotal-block\" class=\"wp-block-woocommerce-cart-order-summary-subtotal-block\"><\/div>\n\t\t\t<div data-block-name=\"woocommerce\/cart-order-summary-fee-block\" class=\"wp-block-woocommerce-cart-order-summary-fee-block\"><\/div>\n\t\t\t<div data-block-name=\"woocommerce\/cart-order-summary-discount-block\" class=\"wp-block-woocommerce-cart-order-summary-discount-block\"><\/div>\n\t\t\t<div data-block-name=\"woocommerce\/cart-order-summary-coupon-form-block\" class=\"wp-block-woocommerce-cart-order-summary-coupon-form-block\"><\/div>\n\t\t\t<div data-block-name=\"woocommerce\/cart-order-summary-shipping-form-block\" class=\"wp-block-woocommerce-cart-order-summary-shipping-block\"><\/div>\n\t\t\t<div data-block-name=\"woocommerce\/cart-order-summary-taxes-block\" class=\"wp-block-woocommerce-cart-order-summary-taxes-block\"><\/div>\n\t\t\n<div data-block-name=\"woocommerce\/cart-order-summary-heading-block\" class=\"wp-block-woocommerce-cart-order-summary-heading-block\"><\/div><div data-block-name=\"woocommerce\/cart-order-summary-coupon-form-block\" data-translated-with-w-p-m-l-t-m=\"1\" class=\"wp-block-woocommerce-cart-order-summary-coupon-form-block hidden\"\/>\n\n\n\n<div data-block-name=\"woocommerce\/cart-express-payment-block\" data-translated-with-w-p-m-l-t-m=\"1\" class=\"wp-block-woocommerce-cart-express-payment-block\"\/>\n\n\n\n<div data-block-name=\"woocommerce\/proceed-to-checkout-block\" class=\"wp-block-woocommerce-proceed-to-checkout-block hidden\"><\/div>\n\n\n\n<div data-block-name=\"woocommerce\/cart-accepted-payment-methods-block\" data-translated-with-w-p-m-l-t-m=\"1\" class=\"wp-block-woocommerce-cart-accepted-payment-methods-block\"\/>\n<\/div>\n<\/div>\n\n\n\n<div data-block-name=\"woocommerce\/empty-cart-block\" class=\"wp-block-woocommerce-empty-cart-block\">\n<h2 class=\"wp-block-heading has-text-align-center with-empty-cart-icon wc-block-cart__empty-cart__title\">Votre panier est actuellement vide!<\/h2>\n\n\n\n<p class=\"has-text-align-center\"><a href=\"https:\/\/daisyjames.eu\/fr\/boutique\/\">Parcourir la boutique<\/a><\/p>\n\n\n\n<hr class=\"wp-block-separator has-alpha-channel-opacity is-style-dots\"\/>\n\n\n\n<h2 class=\"wp-block-heading has-text-align-center\">Nouveau en magasin<\/h2>\n\n\n<div data-block-name=\"woocommerce\/product-new\" data-columns=\"4\" data-rows=\"1\" class=\"wc-block-grid wp-block-product-new wp-block-woocommerce-product-new wc-block-product-new has-4-columns\"><ul class=\"wc-block-grid__products\"><li class=\"wc-block-grid__product\"><span class=\"gtm4wp_productdata\" style=\"display:none; visibility:hidden;\" data-gtm4wp_product_data=\"{&quot;internal_id&quot;:36364,&quot;item_id&quot;:36364,&quot;item_name&quot;:&quot;The Frame Brown&quot;,&quot;sku&quot;:&quot;DJ398-The-Frame-Brown&quot;,&quot;price&quot;:5.5,&quot;stocklevel&quot;:null,&quot;stockstatus&quot;:&quot;instock&quot;,&quot;google_business_vertical&quot;:&quot;retail&quot;,&quot;item_category&quot;:&quot;Refined Luxe&quot;,&quot;id&quot;:36364,&quot;productlink&quot;:&quot;https:\\\/\\\/daisyjames.eu\\\/fr\\\/collections\\\/the-frame-brown\\\/&quot;,&quot;item_list_name&quot;:&quot;Liste g\\u00e9n\\u00e9rale des produits&quot;,&quot;index&quot;:0,&quot;product_type&quot;:&quot;simple&quot;,&quot;item_brand&quot;:&quot;&quot;}\"><\/span>\n\t\t\t\t<a href=\"https:\/\/daisyjames.eu\/fr\/collections\/the-frame-brown\/\" class=\"wc-block-grid__product-link\">\n\t\t\t\t\t\n\t\t\t\t\t<div class=\"wc-block-grid__product-image\"><img loading=\"lazy\" decoding=\"async\" width=\"1200\" height=\"1878\" src=\"https:\/\/daisyjames.eu\/wp-content\/uploads\/2026\/03\/DJ398-The-Frame-brown-1-1b-1200x1878.jpg\" class=\"attachment-woocommerce_thumbnail size-woocommerce_thumbnail\" alt=\"The Frame Brown\" srcset=\"https:\/\/daisyjames.eu\/wp-content\/uploads\/2026\/03\/DJ398-The-Frame-brown-1-1b-1200x1878.jpg 1200w, https:\/\/daisyjames.eu\/wp-content\/uploads\/2026\/03\/DJ398-The-Frame-brown-1-1b-192x300.jpg 192w, https:\/\/daisyjames.eu\/wp-content\/uploads\/2026\/03\/DJ398-The-Frame-brown-1-1b-654x1024.jpg 654w, https:\/\/daisyjames.eu\/wp-content\/uploads\/2026\/03\/DJ398-The-Frame-brown-1-1b-768x1202.jpg 768w, https:\/\/daisyjames.eu\/wp-content\/uploads\/2026\/03\/DJ398-The-Frame-brown-1-1b-981x1536.jpg 981w, https:\/\/daisyjames.eu\/wp-content\/uploads\/2026\/03\/DJ398-The-Frame-brown-1-1b-1309x2048.jpg 1309w, https:\/\/daisyjames.eu\/wp-content\/uploads\/2026\/03\/DJ398-The-Frame-brown-1-1b-600x939.jpg 600w, https:\/\/daisyjames.eu\/wp-content\/uploads\/2026\/03\/DJ398-The-Frame-brown-1-1b-scaled.jpg 1636w\" sizes=\"auto, (max-width: 1200px) 100vw, 1200px\" \/><\/div>\n\t\t\t\t\t<div class=\"wc-block-grid__product-title\">The Frame Brown<\/div>\n\t\t\t\t<\/a>\n\t\t\t\t<div class=\"wc-block-grid__product-price price\"><span class=\"woocommerce-Price-amount amount\"><span class=\"woocommerce-Price-currencySymbol\">&euro;<\/span>&nbsp;5,50<\/span><\/div>\n\t\t\t\t\n\t\t\t\t<div class=\"wp-block-button wc-block-grid__product-add-to-cart\"><a href=\"\/fr\/wp-json\/wp\/v2\/pages\/4345?add-to-cart=36364\" aria-label=\"Ajouter au panier\u00a0: &ldquo;The Frame Brown&rdquo;\" data-quantity=\"1\" data-product_id=\"36364\" data-product_sku=\"DJ398-The-Frame-Brown\" data-price=\"5.5\" rel=\"nofollow\" class=\"wp-block-button__link wp-element-button add_to_cart_button ajax_add_to_cart\">Ajouter au panier<\/a><\/div>\n\t\t\t<\/li><li class=\"wc-block-grid__product\"><span class=\"gtm4wp_productdata\" style=\"display:none; visibility:hidden;\" data-gtm4wp_product_data=\"{&quot;internal_id&quot;:36433,&quot;item_id&quot;:36433,&quot;item_name&quot;:&quot;The Ilex Beige&quot;,&quot;sku&quot;:&quot;DJ399-The Ilex Beige&quot;,&quot;price&quot;:5.5,&quot;stocklevel&quot;:null,&quot;stockstatus&quot;:&quot;instock&quot;,&quot;google_business_vertical&quot;:&quot;retail&quot;,&quot;item_category&quot;:&quot;Organic Harmony&quot;,&quot;id&quot;:36433,&quot;productlink&quot;:&quot;https:\\\/\\\/daisyjames.eu\\\/fr\\\/collections\\\/the-ilex-beige-wallcover-daisy-james\\\/&quot;,&quot;item_list_name&quot;:&quot;Liste g\\u00e9n\\u00e9rale des produits&quot;,&quot;index&quot;:0,&quot;product_type&quot;:&quot;simple&quot;,&quot;item_brand&quot;:&quot;&quot;}\"><\/span>\n\t\t\t\t<a href=\"https:\/\/daisyjames.eu\/fr\/collections\/the-ilex-beige-wallcover-daisy-james\/\" class=\"wc-block-grid__product-link\">\n\t\t\t\t\t\n\t\t\t\t\t<div class=\"wc-block-grid__product-image\"><img loading=\"lazy\" decoding=\"async\" width=\"1200\" height=\"1629\" src=\"https:\/\/daisyjames.eu\/wp-content\/uploads\/2026\/03\/DJ399-The-Ilex-Beige-1-1200x1629.jpg\" class=\"attachment-woocommerce_thumbnail size-woocommerce_thumbnail\" alt=\"The Ilex Beige\" srcset=\"https:\/\/daisyjames.eu\/wp-content\/uploads\/2026\/03\/DJ399-The-Ilex-Beige-1-1200x1629.jpg 1200w, https:\/\/daisyjames.eu\/wp-content\/uploads\/2026\/03\/DJ399-The-Ilex-Beige-1-221x300.jpg 221w, https:\/\/daisyjames.eu\/wp-content\/uploads\/2026\/03\/DJ399-The-Ilex-Beige-1-754x1024.jpg 754w, https:\/\/daisyjames.eu\/wp-content\/uploads\/2026\/03\/DJ399-The-Ilex-Beige-1-768x1043.jpg 768w, https:\/\/daisyjames.eu\/wp-content\/uploads\/2026\/03\/DJ399-The-Ilex-Beige-1-1132x1536.jpg 1132w, https:\/\/daisyjames.eu\/wp-content\/uploads\/2026\/03\/DJ399-The-Ilex-Beige-1-1509x2048.jpg 1509w, https:\/\/daisyjames.eu\/wp-content\/uploads\/2026\/03\/DJ399-The-Ilex-Beige-1-600x814.jpg 600w, https:\/\/daisyjames.eu\/wp-content\/uploads\/2026\/03\/DJ399-The-Ilex-Beige-1-scaled.jpg 1886w\" sizes=\"auto, (max-width: 1200px) 100vw, 1200px\" \/><\/div>\n\t\t\t\t\t<div class=\"wc-block-grid__product-title\">The Ilex Beige<\/div>\n\t\t\t\t<\/a>\n\t\t\t\t<div class=\"wc-block-grid__product-price price\"><span class=\"woocommerce-Price-amount amount\"><span class=\"woocommerce-Price-currencySymbol\">&euro;<\/span>&nbsp;5,50<\/span><\/div>\n\t\t\t\t\n\t\t\t\t<div class=\"wp-block-button wc-block-grid__product-add-to-cart\"><a href=\"\/fr\/wp-json\/wp\/v2\/pages\/4345?add-to-cart=36433\" aria-label=\"Ajouter au panier\u00a0: &ldquo;The Ilex Beige&rdquo;\" data-quantity=\"1\" data-product_id=\"36433\" data-product_sku=\"DJ399-The Ilex Beige\" data-price=\"5.5\" rel=\"nofollow\" class=\"wp-block-button__link wp-element-button add_to_cart_button ajax_add_to_cart\">Ajouter au panier<\/a><\/div>\n\t\t\t<\/li><li class=\"wc-block-grid__product\"><span class=\"gtm4wp_productdata\" style=\"display:none; visibility:hidden;\" data-gtm4wp_product_data=\"{&quot;internal_id&quot;:36385,&quot;item_id&quot;:36385,&quot;item_name&quot;:&quot;The Ilex Brown&quot;,&quot;sku&quot;:&quot;DJ399-The Ilex Brown&quot;,&quot;price&quot;:5.5,&quot;stocklevel&quot;:null,&quot;stockstatus&quot;:&quot;instock&quot;,&quot;google_business_vertical&quot;:&quot;retail&quot;,&quot;item_category&quot;:&quot;Organic Harmony&quot;,&quot;id&quot;:36385,&quot;productlink&quot;:&quot;https:\\\/\\\/daisyjames.eu\\\/fr\\\/collections\\\/the-ilex-brown-wallcover-daisy-james\\\/&quot;,&quot;item_list_name&quot;:&quot;Liste g\\u00e9n\\u00e9rale des produits&quot;,&quot;index&quot;:0,&quot;product_type&quot;:&quot;simple&quot;,&quot;item_brand&quot;:&quot;&quot;}\"><\/span>\n\t\t\t\t<a href=\"https:\/\/daisyjames.eu\/fr\/collections\/the-ilex-brown-wallcover-daisy-james\/\" class=\"wc-block-grid__product-link\">\n\t\t\t\t\t\n\t\t\t\t\t<div class=\"wc-block-grid__product-image\"><img loading=\"lazy\" decoding=\"async\" width=\"1200\" height=\"1422\" src=\"https:\/\/daisyjames.eu\/wp-content\/uploads\/2026\/03\/DJ399-The-Ilex-Brown-1-1-1200x1422.jpg\" class=\"attachment-woocommerce_thumbnail size-woocommerce_thumbnail\" alt=\"The Ilex Brown\" srcset=\"https:\/\/daisyjames.eu\/wp-content\/uploads\/2026\/03\/DJ399-The-Ilex-Brown-1-1-1200x1422.jpg 1200w, https:\/\/daisyjames.eu\/wp-content\/uploads\/2026\/03\/DJ399-The-Ilex-Brown-1-1-253x300.jpg 253w, https:\/\/daisyjames.eu\/wp-content\/uploads\/2026\/03\/DJ399-The-Ilex-Brown-1-1-864x1024.jpg 864w, https:\/\/daisyjames.eu\/wp-content\/uploads\/2026\/03\/DJ399-The-Ilex-Brown-1-1-768x910.jpg 768w, https:\/\/daisyjames.eu\/wp-content\/uploads\/2026\/03\/DJ399-The-Ilex-Brown-1-1-1296x1536.jpg 1296w, https:\/\/daisyjames.eu\/wp-content\/uploads\/2026\/03\/DJ399-The-Ilex-Brown-1-1-1729x2048.jpg 1729w, https:\/\/daisyjames.eu\/wp-content\/uploads\/2026\/03\/DJ399-The-Ilex-Brown-1-1-600x711.jpg 600w\" sizes=\"auto, (max-width: 1200px) 100vw, 1200px\" \/><\/div>\n\t\t\t\t\t<div class=\"wc-block-grid__product-title\">The Ilex Brown<\/div>\n\t\t\t\t<\/a>\n\t\t\t\t<div class=\"wc-block-grid__product-price price\"><span class=\"woocommerce-Price-amount amount\"><span class=\"woocommerce-Price-currencySymbol\">&euro;<\/span>&nbsp;5,50<\/span><\/div>\n\t\t\t\t\n\t\t\t\t<div class=\"wp-block-button wc-block-grid__product-add-to-cart\"><a href=\"\/fr\/wp-json\/wp\/v2\/pages\/4345?add-to-cart=36385\" aria-label=\"Ajouter au panier\u00a0: &ldquo;The Ilex Brown&rdquo;\" data-quantity=\"1\" data-product_id=\"36385\" data-product_sku=\"DJ399-The Ilex Brown\" data-price=\"5.5\" rel=\"nofollow\" class=\"wp-block-button__link wp-element-button add_to_cart_button ajax_add_to_cart\">Ajouter au panier<\/a><\/div>\n\t\t\t<\/li><li class=\"wc-block-grid__product\"><span class=\"gtm4wp_productdata\" style=\"display:none; visibility:hidden;\" data-gtm4wp_product_data=\"{&quot;internal_id&quot;:37339,&quot;item_id&quot;:37339,&quot;item_name&quot;:&quot;The Ilex Terra&quot;,&quot;sku&quot;:&quot;DJ399 \\u2013 The Ilex Terra&quot;,&quot;price&quot;:5.5,&quot;stocklevel&quot;:null,&quot;stockstatus&quot;:&quot;instock&quot;,&quot;google_business_vertical&quot;:&quot;retail&quot;,&quot;item_category&quot;:&quot;Organic Harmony&quot;,&quot;id&quot;:37339,&quot;productlink&quot;:&quot;https:\\\/\\\/daisyjames.eu\\\/fr\\\/collections\\\/the-ilex-terra-wallcover-daisy-james\\\/&quot;,&quot;item_list_name&quot;:&quot;Liste g\\u00e9n\\u00e9rale des produits&quot;,&quot;index&quot;:0,&quot;product_type&quot;:&quot;simple&quot;,&quot;item_brand&quot;:&quot;&quot;}\"><\/span>\n\t\t\t\t<a href=\"https:\/\/daisyjames.eu\/fr\/collections\/the-ilex-terra-wallcover-daisy-james\/\" class=\"wc-block-grid__product-link\">\n\t\t\t\t\t\n\t\t\t\t\t<div class=\"wc-block-grid__product-image\"><img loading=\"lazy\" decoding=\"async\" width=\"1200\" height=\"1816\" src=\"https:\/\/daisyjames.eu\/wp-content\/uploads\/2026\/04\/DJ399-The-Ilex-Terra-1b-1200x1816.jpg\" class=\"attachment-woocommerce_thumbnail size-woocommerce_thumbnail\" alt=\"The Ilex Terra\" srcset=\"https:\/\/daisyjames.eu\/wp-content\/uploads\/2026\/04\/DJ399-The-Ilex-Terra-1b-1200x1816.jpg 1200w, https:\/\/daisyjames.eu\/wp-content\/uploads\/2026\/04\/DJ399-The-Ilex-Terra-1b-198x300.jpg 198w, https:\/\/daisyjames.eu\/wp-content\/uploads\/2026\/04\/DJ399-The-Ilex-Terra-1b-677x1024.jpg 677w, https:\/\/daisyjames.eu\/wp-content\/uploads\/2026\/04\/DJ399-The-Ilex-Terra-1b-768x1162.jpg 768w, https:\/\/daisyjames.eu\/wp-content\/uploads\/2026\/04\/DJ399-The-Ilex-Terra-1b-1015x1536.jpg 1015w, https:\/\/daisyjames.eu\/wp-content\/uploads\/2026\/04\/DJ399-The-Ilex-Terra-1b-1353x2048.jpg 1353w, https:\/\/daisyjames.eu\/wp-content\/uploads\/2026\/04\/DJ399-The-Ilex-Terra-1b-600x908.jpg 600w, https:\/\/daisyjames.eu\/wp-content\/uploads\/2026\/04\/DJ399-The-Ilex-Terra-1b-scaled.jpg 1692w\" sizes=\"auto, (max-width: 1200px) 100vw, 1200px\" \/><\/div>\n\t\t\t\t\t<div class=\"wc-block-grid__product-title\">The Ilex Terra<\/div>\n\t\t\t\t<\/a>\n\t\t\t\t<div class=\"wc-block-grid__product-price price\"><span class=\"woocommerce-Price-amount amount\"><span class=\"woocommerce-Price-currencySymbol\">&euro;<\/span>&nbsp;5,50<\/span><\/div>\n\t\t\t\t\n\t\t\t\t<div class=\"wp-block-button wc-block-grid__product-add-to-cart\"><a href=\"\/fr\/wp-json\/wp\/v2\/pages\/4345?add-to-cart=37339\" aria-label=\"Ajouter au panier\u00a0: &ldquo;The Ilex Terra&rdquo;\" data-quantity=\"1\" data-product_id=\"37339\" data-product_sku=\"DJ399 \u2013 The Ilex Terra\" data-price=\"5.5\" rel=\"nofollow\" class=\"wp-block-button__link wp-element-button add_to_cart_button ajax_add_to_cart\">Ajouter au panier<\/a><\/div>\n\t\t\t<\/li><\/ul><\/div><\/div>\n<\/div>\n","protected":false},"excerpt":{"rendered":"","protected":false},"author":1,"featured_media":29003,"parent":0,"menu_order":71,"comment_status":"closed","ping_status":"closed","template":"","meta":{"_acf_changed":false,"footnotes":""},"class_list":["post-4345","page","type-page","status-publish","has-post-thumbnail","hentry"],"acf":[],"yoast_head":"<!-- This site is optimized with the Yoast SEO Premium plugin v27.3 (Yoast SEO v27.3) - https:\/\/yoast.com\/product\/yoast-seo-premium-wordpress\/ -->\n<title>Panier | daisy james wallcovering<\/title>\n<meta name=\"description\" content=\"V\u00e9rifiez les articles de votre panier avant de passer commande. D\u00e9couvrez les rev\u00eatements muraux luxueux et les papiers peints exclusifs de daisy james.\" \/>\n<meta name=\"robots\" content=\"index, follow, max-snippet:-1, max-image-preview:large, max-video-preview:-1\" \/>\n<link rel=\"canonical\" href=\"https:\/\/daisyjames.eu\/fr\/panier\/\" \/>\n<script type=\"application\/ld+json\" class=\"yoast-schema-graph\">{\"@context\":\"https:\\\/\\\/schema.org\",\"@graph\":[{\"@type\":\"WebPage\",\"@id\":\"https:\\\/\\\/daisyjames.eu\\\/fr\\\/panier\\\/\",\"url\":\"https:\\\/\\\/daisyjames.eu\\\/fr\\\/panier\\\/\",\"name\":\"Panier | daisy james wallcovering\",\"isPartOf\":{\"@id\":\"https:\\\/\\\/daisyjames.eu\\\/#website\"},\"primaryImageOfPage\":{\"@id\":\"https:\\\/\\\/daisyjames.eu\\\/fr\\\/panier\\\/#primaryimage\"},\"image\":{\"@id\":\"https:\\\/\\\/daisyjames.eu\\\/fr\\\/panier\\\/#primaryimage\"},\"thumbnailUrl\":\"https:\\\/\\\/daisyjames.eu\\\/wp-content\\\/uploads\\\/2025\\\/09\\\/DJ_instagram_post_vierkant_salmon_3.jpg\",\"datePublished\":\"2024-05-16T12:12:29+00:00\",\"dateModified\":\"2026-01-26T08:18:58+00:00\",\"description\":\"V\u00e9rifiez les articles de votre panier avant de passer commande. D\u00e9couvrez les rev\u00eatements muraux luxueux et les papiers peints exclusifs de daisy james.\",\"breadcrumb\":{\"@id\":\"https:\\\/\\\/daisyjames.eu\\\/fr\\\/panier\\\/#breadcrumb\"},\"inLanguage\":\"fr-FR\",\"potentialAction\":[{\"@type\":\"ReadAction\",\"target\":[\"https:\\\/\\\/daisyjames.eu\\\/fr\\\/panier\\\/\"]}]},{\"@type\":\"ImageObject\",\"inLanguage\":\"fr-FR\",\"@id\":\"https:\\\/\\\/daisyjames.eu\\\/fr\\\/panier\\\/#primaryimage\",\"url\":\"https:\\\/\\\/daisyjames.eu\\\/wp-content\\\/uploads\\\/2025\\\/09\\\/DJ_instagram_post_vierkant_salmon_3.jpg\",\"contentUrl\":\"https:\\\/\\\/daisyjames.eu\\\/wp-content\\\/uploads\\\/2025\\\/09\\\/DJ_instagram_post_vierkant_salmon_3.jpg\",\"width\":1080,\"height\":1080},{\"@type\":\"BreadcrumbList\",\"@id\":\"https:\\\/\\\/daisyjames.eu\\\/fr\\\/panier\\\/#breadcrumb\",\"itemListElement\":[{\"@type\":\"ListItem\",\"position\":1,\"name\":\"Home\",\"item\":\"https:\\\/\\\/daisyjames.eu\\\/fr\\\/\"},{\"@type\":\"ListItem\",\"position\":2,\"name\":\"Panier\"}]},{\"@type\":\"WebSite\",\"@id\":\"https:\\\/\\\/daisyjames.eu\\\/#website\",\"url\":\"https:\\\/\\\/daisyjames.eu\\\/\",\"name\":\"Daisy James\",\"description\":\"\",\"publisher\":{\"@id\":\"https:\\\/\\\/daisyjames.eu\\\/#organization\"},\"potentialAction\":[{\"@type\":\"SearchAction\",\"target\":{\"@type\":\"EntryPoint\",\"urlTemplate\":\"https:\\\/\\\/daisyjames.eu\\\/?s={search_term_string}\"},\"query-input\":{\"@type\":\"PropertyValueSpecification\",\"valueRequired\":true,\"valueName\":\"search_term_string\"}}],\"inLanguage\":\"fr-FR\"},{\"@type\":\"Organization\",\"@id\":\"https:\\\/\\\/daisyjames.eu\\\/#organization\",\"name\":\"Daisy James\",\"url\":\"https:\\\/\\\/daisyjames.eu\\\/\",\"logo\":{\"@type\":\"ImageObject\",\"inLanguage\":\"fr-FR\",\"@id\":\"https:\\\/\\\/daisyjames.eu\\\/#\\\/schema\\\/logo\\\/image\\\/\",\"url\":\"https:\\\/\\\/daisyjames.eu\\\/wp-content\\\/uploads\\\/2024\\\/09\\\/LogoDJzwart-1.png\",\"contentUrl\":\"https:\\\/\\\/daisyjames.eu\\\/wp-content\\\/uploads\\\/2024\\\/09\\\/LogoDJzwart-1.png\",\"width\":1125,\"height\":199,\"caption\":\"Daisy James\"},\"image\":{\"@id\":\"https:\\\/\\\/daisyjames.eu\\\/#\\\/schema\\\/logo\\\/image\\\/\"},\"sameAs\":[\"https:\\\/\\\/www.facebook.com\\\/Daisyjamesinteriorwallcovering\\\/\",\"https:\\\/\\\/x.com\\\/daisyjamesinterior\",\"https:\\\/\\\/pinterest.com\\\/daisyjameswallcovers\\\/\",\"https:\\\/\\\/nl.linkedin.com\\\/company\\\/d-a-i-s-y-j-a-m-e-s-interior-collection\"]}]}<\/script>\n<!-- \/ Yoast SEO Premium plugin. -->","yoast_head_json":{"title":"Panier | daisy james wallcovering","description":"V\u00e9rifiez les articles de votre panier avant de passer commande. D\u00e9couvrez les rev\u00eatements muraux luxueux et les papiers peints exclusifs de daisy james.","robots":{"index":"index","follow":"follow","max-snippet":"max-snippet:-1","max-image-preview":"max-image-preview:large","max-video-preview":"max-video-preview:-1"},"canonical":"https:\/\/daisyjames.eu\/fr\/panier\/","schema":{"@context":"https:\/\/schema.org","@graph":[{"@type":"WebPage","@id":"https:\/\/daisyjames.eu\/fr\/panier\/","url":"https:\/\/daisyjames.eu\/fr\/panier\/","name":"Panier | daisy james wallcovering","isPartOf":{"@id":"https:\/\/daisyjames.eu\/#website"},"primaryImageOfPage":{"@id":"https:\/\/daisyjames.eu\/fr\/panier\/#primaryimage"},"image":{"@id":"https:\/\/daisyjames.eu\/fr\/panier\/#primaryimage"},"thumbnailUrl":"https:\/\/daisyjames.eu\/wp-content\/uploads\/2025\/09\/DJ_instagram_post_vierkant_salmon_3.jpg","datePublished":"2024-05-16T12:12:29+00:00","dateModified":"2026-01-26T08:18:58+00:00","description":"V\u00e9rifiez les articles de votre panier avant de passer commande. D\u00e9couvrez les rev\u00eatements muraux luxueux et les papiers peints exclusifs de daisy james.","breadcrumb":{"@id":"https:\/\/daisyjames.eu\/fr\/panier\/#breadcrumb"},"inLanguage":"fr-FR","potentialAction":[{"@type":"ReadAction","target":["https:\/\/daisyjames.eu\/fr\/panier\/"]}]},{"@type":"ImageObject","inLanguage":"fr-FR","@id":"https:\/\/daisyjames.eu\/fr\/panier\/#primaryimage","url":"https:\/\/daisyjames.eu\/wp-content\/uploads\/2025\/09\/DJ_instagram_post_vierkant_salmon_3.jpg","contentUrl":"https:\/\/daisyjames.eu\/wp-content\/uploads\/2025\/09\/DJ_instagram_post_vierkant_salmon_3.jpg","width":1080,"height":1080},{"@type":"BreadcrumbList","@id":"https:\/\/daisyjames.eu\/fr\/panier\/#breadcrumb","itemListElement":[{"@type":"ListItem","position":1,"name":"Home","item":"https:\/\/daisyjames.eu\/fr\/"},{"@type":"ListItem","position":2,"name":"Panier"}]},{"@type":"WebSite","@id":"https:\/\/daisyjames.eu\/#website","url":"https:\/\/daisyjames.eu\/","name":"Daisy James","description":"","publisher":{"@id":"https:\/\/daisyjames.eu\/#organization"},"potentialAction":[{"@type":"SearchAction","target":{"@type":"EntryPoint","urlTemplate":"https:\/\/daisyjames.eu\/?s={search_term_string}"},"query-input":{"@type":"PropertyValueSpecification","valueRequired":true,"valueName":"search_term_string"}}],"inLanguage":"fr-FR"},{"@type":"Organization","@id":"https:\/\/daisyjames.eu\/#organization","name":"Daisy James","url":"https:\/\/daisyjames.eu\/","logo":{"@type":"ImageObject","inLanguage":"fr-FR","@id":"https:\/\/daisyjames.eu\/#\/schema\/logo\/image\/","url":"https:\/\/daisyjames.eu\/wp-content\/uploads\/2024\/09\/LogoDJzwart-1.png","contentUrl":"https:\/\/daisyjames.eu\/wp-content\/uploads\/2024\/09\/LogoDJzwart-1.png","width":1125,"height":199,"caption":"Daisy James"},"image":{"@id":"https:\/\/daisyjames.eu\/#\/schema\/logo\/image\/"},"sameAs":["https:\/\/www.facebook.com\/Daisyjamesinteriorwallcovering\/","https:\/\/x.com\/daisyjamesinterior","https:\/\/pinterest.com\/daisyjameswallcovers\/","https:\/\/nl.linkedin.com\/company\/d-a-i-s-y-j-a-m-e-s-interior-collection"]}]}},"_links":{"self":[{"href":"https:\/\/daisyjames.eu\/fr\/wp-json\/wp\/v2\/pages\/4345","targetHints":{"allow":["GET"]}}],"collection":[{"href":"https:\/\/daisyjames.eu\/fr\/wp-json\/wp\/v2\/pages"}],"about":[{"href":"https:\/\/daisyjames.eu\/fr\/wp-json\/wp\/v2\/types\/page"}],"author":[{"embeddable":true,"href":"https:\/\/daisyjames.eu\/fr\/wp-json\/wp\/v2\/users\/1"}],"replies":[{"embeddable":true,"href":"https:\/\/daisyjames.eu\/fr\/wp-json\/wp\/v2\/comments?post=4345"}],"version-history":[{"count":4,"href":"https:\/\/daisyjames.eu\/fr\/wp-json\/wp\/v2\/pages\/4345\/revisions"}],"predecessor-version":[{"id":34195,"href":"https:\/\/daisyjames.eu\/fr\/wp-json\/wp\/v2\/pages\/4345\/revisions\/34195"}],"wp:featuredmedia":[{"embeddable":true,"href":"https:\/\/daisyjames.eu\/fr\/wp-json\/wp\/v2\/media\/29003"}],"wp:attachment":[{"href":"https:\/\/daisyjames.eu\/fr\/wp-json\/wp\/v2\/media?parent=4345"}],"curies":[{"name":"wp","href":"https:\/\/api.w.org\/{rel}","templated":true}]}}