
{"id":14106,"date":"2024-04-30T19:50:08","date_gmt":"2024-04-30T19:50:08","guid":{"rendered":"https:\/\/daisyjames.dev001.booom.digital\/collection\/the-splendour-no-2\/"},"modified":"2025-10-24T12:27:39","modified_gmt":"2025-10-24T12:27:39","slug":"the-splendour-no-2","status":"publish","type":"product","link":"https:\/\/daisyjames.eu\/fr\/collections\/the-splendour-no-2\/","title":{"rendered":"The Splendour No.2"},"content":{"rendered":"","protected":false},"excerpt":{"rendered":"<p>&#8220;<em>The Splendour No.2&#8243;<\/em> peut sembler assez similaire \u00e0 <em>&#8220;The Splendour No.1&#8221;<\/em> de <strong>daisy<\/strong> <strong>james<\/strong>, mais en y regardant de plus pr\u00e8s, on constate une diff\u00e9rence dans la palette de couleurs entre les deux. Alors que &#8220;The Splendour No.1&#8221; penche vers des tons plus rouges, <em>&#8220;The Splendour No.2&#8221;<\/em> pr\u00e9sente des teintes saumon\u00e9es. Bien que faisant partie de la m\u00eame famille, chaque s\u00e9rie <em>&#8220;Splendour&#8221;<\/em>, y compris <em>No.1, No.2 et No.3,<\/em> poss\u00e8de sa propre palette de couleurs. Toutefois, les magnifiques grandes fleurs, dont le motif ne se r\u00e9p\u00e8te pas, restent le point central des trois mod\u00e8les de papier peint.<\/p>\n","protected":false},"featured_media":4596,"comment_status":"closed","ping_status":"closed","template":"","meta":{"_acf_changed":false},"product_brand":[],"product_cat":[533],"product_tag":[],"class_list":{"0":"post-14106","1":"product","2":"type-product","3":"status-publish","4":"has-post-thumbnail","6":"product_cat-modern-florals-fr","7":"pa_colour-yellow-fr","8":"pa_colour-yellow-green-fr","9":"pa_colour-multi-colours-fr","10":"pa_colour-ocher-fr","11":"pa_colour-orange-fr","12":"pa_colour-rouge","13":"pa_colour-salmon-fr","14":"pa_colour-terra-fr","15":"pa_theme-leaves-fr","16":"pa_theme-flowers-fr","17":"pa_theme-nature-fr","19":"first","20":"instock","21":"purchasable","22":"product-type-simple"},"acf":[],"yoast_head":"<!-- This site is optimized with the Yoast SEO Premium plugin v27.5 (Yoast SEO v27.5) - https:\/\/yoast.com\/product\/yoast-seo-premium-wordpress\/ -->\n<title>The Splendour No.2 - Papier peint floral saumon | daisy james<\/title>\n<meta name=\"description\" content=\"D\u00e9couvrez &quot;The Splendour No.2&quot; de daisy james, qui pr\u00e9sente de grands motifs floraux non r\u00e9p\u00e9titifs dans une teinte saumon\u00e9e unique. Faisant partie de la s\u00e9rie Splendour, chaque motif No.1, No.2 et No.3 poss\u00e8de sa propre palette de couleurs tout en mettant en valeur la beaut\u00e9 intemporelle des fleurs audacieuses.\" \/>\n<meta name=\"robots\" content=\"index, follow, max-snippet:-1, max-image-preview:large, max-video-preview:-1\" \/>\n<link rel=\"canonical\" href=\"https:\/\/daisyjames.eu\/fr\/collections\/the-splendour-no-2\/\" \/>\n<script type=\"application\/ld+json\" class=\"yoast-schema-graph\">{\"@context\":\"https:\\\/\\\/schema.org\",\"@graph\":[{\"@type\":\"WebPage\",\"@id\":\"https:\\\/\\\/daisyjames.eu\\\/fr\\\/collections\\\/the-splendour-no-2\\\/\",\"url\":\"https:\\\/\\\/daisyjames.eu\\\/fr\\\/collections\\\/the-splendour-no-2\\\/\",\"name\":\"The Splendour No.2 - Papier peint floral saumon | daisy james\",\"isPartOf\":{\"@id\":\"https:\\\/\\\/daisyjames.eu\\\/#website\"},\"primaryImageOfPage\":{\"@id\":\"https:\\\/\\\/daisyjames.eu\\\/fr\\\/collections\\\/the-splendour-no-2\\\/#primaryimage\"},\"image\":{\"@id\":\"https:\\\/\\\/daisyjames.eu\\\/fr\\\/collections\\\/the-splendour-no-2\\\/#primaryimage\"},\"thumbnailUrl\":\"https:\\\/\\\/daisyjames.eu\\\/wp-content\\\/uploads\\\/2024\\\/05\\\/dj352-the-splendour-no-2-3-scaled.jpg\",\"datePublished\":\"2024-04-30T19:50:08+00:00\",\"dateModified\":\"2025-10-24T12:27:39+00:00\",\"description\":\"D\u00e9couvrez \\\"The Splendour No.2\\\" de daisy james, qui pr\u00e9sente de grands motifs floraux non r\u00e9p\u00e9titifs dans une teinte saumon\u00e9e unique. Faisant partie de la s\u00e9rie Splendour, chaque motif No.1, No.2 et No.3 poss\u00e8de sa propre palette de couleurs tout en mettant en valeur la beaut\u00e9 intemporelle des fleurs audacieuses.\",\"breadcrumb\":{\"@id\":\"https:\\\/\\\/daisyjames.eu\\\/fr\\\/collections\\\/the-splendour-no-2\\\/#breadcrumb\"},\"inLanguage\":\"fr-FR\",\"potentialAction\":[{\"@type\":\"ReadAction\",\"target\":[\"https:\\\/\\\/daisyjames.eu\\\/fr\\\/collections\\\/the-splendour-no-2\\\/\"]}]},{\"@type\":\"ImageObject\",\"inLanguage\":\"fr-FR\",\"@id\":\"https:\\\/\\\/daisyjames.eu\\\/fr\\\/collections\\\/the-splendour-no-2\\\/#primaryimage\",\"url\":\"https:\\\/\\\/daisyjames.eu\\\/wp-content\\\/uploads\\\/2024\\\/05\\\/dj352-the-splendour-no-2-3-scaled.jpg\",\"contentUrl\":\"https:\\\/\\\/daisyjames.eu\\\/wp-content\\\/uploads\\\/2024\\\/05\\\/dj352-the-splendour-no-2-3-scaled.jpg\",\"width\":1707,\"height\":2560},{\"@type\":\"BreadcrumbList\",\"@id\":\"https:\\\/\\\/daisyjames.eu\\\/fr\\\/collections\\\/the-splendour-no-2\\\/#breadcrumb\",\"itemListElement\":[{\"@type\":\"ListItem\",\"position\":1,\"name\":\"Home\",\"item\":\"https:\\\/\\\/daisyjames.eu\\\/fr\\\/\"},{\"@type\":\"ListItem\",\"position\":2,\"name\":\"Tous les rev\u00eatements muraux\",\"item\":\"https:\\\/\\\/daisyjames.eu\\\/fr\\\/boutique\\\/\"},{\"@type\":\"ListItem\",\"position\":3,\"name\":\"The Splendour No.2\"}]},{\"@type\":\"WebSite\",\"@id\":\"https:\\\/\\\/daisyjames.eu\\\/#website\",\"url\":\"https:\\\/\\\/daisyjames.eu\\\/\",\"name\":\"Daisy James\",\"description\":\"\",\"publisher\":{\"@id\":\"https:\\\/\\\/daisyjames.eu\\\/#organization\"},\"potentialAction\":[{\"@type\":\"SearchAction\",\"target\":{\"@type\":\"EntryPoint\",\"urlTemplate\":\"https:\\\/\\\/daisyjames.eu\\\/?s={search_term_string}\"},\"query-input\":{\"@type\":\"PropertyValueSpecification\",\"valueRequired\":true,\"valueName\":\"search_term_string\"}}],\"inLanguage\":\"fr-FR\"},{\"@type\":\"Organization\",\"@id\":\"https:\\\/\\\/daisyjames.eu\\\/#organization\",\"name\":\"Daisy James\",\"url\":\"https:\\\/\\\/daisyjames.eu\\\/\",\"logo\":{\"@type\":\"ImageObject\",\"inLanguage\":\"fr-FR\",\"@id\":\"https:\\\/\\\/daisyjames.eu\\\/#\\\/schema\\\/logo\\\/image\\\/\",\"url\":\"https:\\\/\\\/daisyjames.eu\\\/wp-content\\\/uploads\\\/2024\\\/09\\\/LogoDJzwart-1.png\",\"contentUrl\":\"https:\\\/\\\/daisyjames.eu\\\/wp-content\\\/uploads\\\/2024\\\/09\\\/LogoDJzwart-1.png\",\"width\":1125,\"height\":199,\"caption\":\"Daisy James\"},\"image\":{\"@id\":\"https:\\\/\\\/daisyjames.eu\\\/#\\\/schema\\\/logo\\\/image\\\/\"},\"sameAs\":[\"https:\\\/\\\/www.facebook.com\\\/Daisyjamesinteriorwallcovering\\\/\",\"https:\\\/\\\/x.com\\\/daisyjamesinterior\",\"https:\\\/\\\/pinterest.com\\\/daisyjameswallcovers\\\/\",\"https:\\\/\\\/nl.linkedin.com\\\/company\\\/d-a-i-s-y-j-a-m-e-s-interior-collection\"]}]}<\/script>\n<!-- \/ Yoast SEO Premium plugin. -->","yoast_head_json":{"title":"The Splendour No.2 - Papier peint floral saumon | daisy james","description":"D\u00e9couvrez \"The Splendour No.2\" de daisy james, qui pr\u00e9sente de grands motifs floraux non r\u00e9p\u00e9titifs dans une teinte saumon\u00e9e unique. Faisant partie de la s\u00e9rie Splendour, chaque motif No.1, No.2 et No.3 poss\u00e8de sa propre palette de couleurs tout en mettant en valeur la beaut\u00e9 intemporelle des fleurs audacieuses.","robots":{"index":"index","follow":"follow","max-snippet":"max-snippet:-1","max-image-preview":"max-image-preview:large","max-video-preview":"max-video-preview:-1"},"canonical":"https:\/\/daisyjames.eu\/fr\/collections\/the-splendour-no-2\/","schema":{"@context":"https:\/\/schema.org","@graph":[{"@type":"WebPage","@id":"https:\/\/daisyjames.eu\/fr\/collections\/the-splendour-no-2\/","url":"https:\/\/daisyjames.eu\/fr\/collections\/the-splendour-no-2\/","name":"The Splendour No.2 - Papier peint floral saumon | daisy james","isPartOf":{"@id":"https:\/\/daisyjames.eu\/#website"},"primaryImageOfPage":{"@id":"https:\/\/daisyjames.eu\/fr\/collections\/the-splendour-no-2\/#primaryimage"},"image":{"@id":"https:\/\/daisyjames.eu\/fr\/collections\/the-splendour-no-2\/#primaryimage"},"thumbnailUrl":"https:\/\/daisyjames.eu\/wp-content\/uploads\/2024\/05\/dj352-the-splendour-no-2-3-scaled.jpg","datePublished":"2024-04-30T19:50:08+00:00","dateModified":"2025-10-24T12:27:39+00:00","description":"D\u00e9couvrez \"The Splendour No.2\" de daisy james, qui pr\u00e9sente de grands motifs floraux non r\u00e9p\u00e9titifs dans une teinte saumon\u00e9e unique. Faisant partie de la s\u00e9rie Splendour, chaque motif No.1, No.2 et No.3 poss\u00e8de sa propre palette de couleurs tout en mettant en valeur la beaut\u00e9 intemporelle des fleurs audacieuses.","breadcrumb":{"@id":"https:\/\/daisyjames.eu\/fr\/collections\/the-splendour-no-2\/#breadcrumb"},"inLanguage":"fr-FR","potentialAction":[{"@type":"ReadAction","target":["https:\/\/daisyjames.eu\/fr\/collections\/the-splendour-no-2\/"]}]},{"@type":"ImageObject","inLanguage":"fr-FR","@id":"https:\/\/daisyjames.eu\/fr\/collections\/the-splendour-no-2\/#primaryimage","url":"https:\/\/daisyjames.eu\/wp-content\/uploads\/2024\/05\/dj352-the-splendour-no-2-3-scaled.jpg","contentUrl":"https:\/\/daisyjames.eu\/wp-content\/uploads\/2024\/05\/dj352-the-splendour-no-2-3-scaled.jpg","width":1707,"height":2560},{"@type":"BreadcrumbList","@id":"https:\/\/daisyjames.eu\/fr\/collections\/the-splendour-no-2\/#breadcrumb","itemListElement":[{"@type":"ListItem","position":1,"name":"Home","item":"https:\/\/daisyjames.eu\/fr\/"},{"@type":"ListItem","position":2,"name":"Tous les rev\u00eatements muraux","item":"https:\/\/daisyjames.eu\/fr\/boutique\/"},{"@type":"ListItem","position":3,"name":"The Splendour No.2"}]},{"@type":"WebSite","@id":"https:\/\/daisyjames.eu\/#website","url":"https:\/\/daisyjames.eu\/","name":"Daisy James","description":"","publisher":{"@id":"https:\/\/daisyjames.eu\/#organization"},"potentialAction":[{"@type":"SearchAction","target":{"@type":"EntryPoint","urlTemplate":"https:\/\/daisyjames.eu\/?s={search_term_string}"},"query-input":{"@type":"PropertyValueSpecification","valueRequired":true,"valueName":"search_term_string"}}],"inLanguage":"fr-FR"},{"@type":"Organization","@id":"https:\/\/daisyjames.eu\/#organization","name":"Daisy James","url":"https:\/\/daisyjames.eu\/","logo":{"@type":"ImageObject","inLanguage":"fr-FR","@id":"https:\/\/daisyjames.eu\/#\/schema\/logo\/image\/","url":"https:\/\/daisyjames.eu\/wp-content\/uploads\/2024\/09\/LogoDJzwart-1.png","contentUrl":"https:\/\/daisyjames.eu\/wp-content\/uploads\/2024\/09\/LogoDJzwart-1.png","width":1125,"height":199,"caption":"Daisy James"},"image":{"@id":"https:\/\/daisyjames.eu\/#\/schema\/logo\/image\/"},"sameAs":["https:\/\/www.facebook.com\/Daisyjamesinteriorwallcovering\/","https:\/\/x.com\/daisyjamesinterior","https:\/\/pinterest.com\/daisyjameswallcovers\/","https:\/\/nl.linkedin.com\/company\/d-a-i-s-y-j-a-m-e-s-interior-collection"]}]}},"_links":{"self":[{"href":"https:\/\/daisyjames.eu\/fr\/wp-json\/wp\/v2\/product\/14106","targetHints":{"allow":["GET"]}}],"collection":[{"href":"https:\/\/daisyjames.eu\/fr\/wp-json\/wp\/v2\/product"}],"about":[{"href":"https:\/\/daisyjames.eu\/fr\/wp-json\/wp\/v2\/types\/product"}],"replies":[{"embeddable":true,"href":"https:\/\/daisyjames.eu\/fr\/wp-json\/wp\/v2\/comments?post=14106"}],"wp:featuredmedia":[{"embeddable":true,"href":"https:\/\/daisyjames.eu\/fr\/wp-json\/wp\/v2\/media\/4596"}],"wp:attachment":[{"href":"https:\/\/daisyjames.eu\/fr\/wp-json\/wp\/v2\/media?parent=14106"}],"wp:term":[{"taxonomy":"product_brand","embeddable":true,"href":"https:\/\/daisyjames.eu\/fr\/wp-json\/wp\/v2\/product_brand?post=14106"},{"taxonomy":"product_cat","embeddable":true,"href":"https:\/\/daisyjames.eu\/fr\/wp-json\/wp\/v2\/product_cat?post=14106"},{"taxonomy":"product_tag","embeddable":true,"href":"https:\/\/daisyjames.eu\/fr\/wp-json\/wp\/v2\/product_tag?post=14106"}],"curies":[{"name":"wp","href":"https:\/\/api.w.org\/{rel}","templated":true}]}}