
{"id":14414,"date":"2023-07-19T10:56:04","date_gmt":"2023-07-19T10:56:04","guid":{"rendered":"https:\/\/daisyjames.dev001.booom.digital\/collection\/the-bird-of-paradise-colour\/"},"modified":"2026-03-24T11:24:48","modified_gmt":"2026-03-24T11:24:48","slug":"the-bird-of-paradise-colour","status":"publish","type":"product","link":"https:\/\/daisyjames.eu\/fr\/collections\/the-bird-of-paradise-colour\/","title":{"rendered":"The Bird of Paradise Colour"},"content":{"rendered":"","protected":false},"excerpt":{"rendered":"<p>Au paradis, les oiseaux prosp\u00e8rent gr\u00e2ce \u00e0 une nourriture abondante, ce qui permet \u00e0 certains p\u00e8res oiseaux de se concentrer exclusivement sur les rituels d&#8217;accouplement. Their bizarre but captivating songs and choreography constantly evolve through competition. Ces merveilles existent en Papouasie-Nouvelle-Guin\u00e9e, en Indon\u00e9sie et dans le nord-est de l&#8217;Australie, mais la d\u00e9forestation menace leur habitat. Capturez leur splendeur avec le papier peint de <strong>daisy james<\/strong> repr\u00e9sentant <em>&#8220;The Birds of Paradise&#8221;<\/em>&#8211; un rappel de leur beaut\u00e9 et de la n\u00e9cessit\u00e9 de les prot\u00e9ger.<\/p>\n","protected":false},"featured_media":36097,"comment_status":"closed","ping_status":"closed","template":"","meta":{"_acf_changed":false},"product_brand":[],"product_cat":[533,658],"product_tag":[],"class_list":{"0":"post-14414","1":"product","2":"type-product","3":"status-publish","4":"has-post-thumbnail","6":"product_cat-modern-florals-fr","7":"product_cat-organic-harmony-fr","8":"pa_colour-multi-colours-fr","9":"pa_colour-black-fr","10":"pa_colour-black-and-white-fr","11":"pa_colour-orange-fr","12":"pa_colour-rouge","13":"pa_colour-terra-fr","14":"pa_theme-animals-fr","15":"pa_theme-leaves-fr","16":"pa_theme-flowers-fr","17":"pa_theme-patterns-fr","18":"pa_theme-nature-fr","19":"pa_theme-tropical-fr","21":"first","22":"instock","23":"purchasable","24":"product-type-simple"},"acf":[],"yoast_head":"<!-- This site is optimized with the Yoast SEO Premium plugin v27.3 (Yoast SEO v27.3) - https:\/\/yoast.com\/product\/yoast-seo-premium-wordpress\/ -->\n<title>L&#039;oiseau de paradis Papier peint en couleurs par daisy james<\/title>\n<meta name=\"description\" content=\"Embrassez la splendeur des &quot;oiseaux de paradis&quot; avec ce papier peint enchanteur de daisy james. Inspir\u00e9 par les oiseaux exotiques de Papouasie-Nouvelle-Guin\u00e9e, d&#039;Indon\u00e9sie et du nord-est de l&#039;Australie, ce motif capture leur beaut\u00e9 et nous rappelle qu&#039;il est urgent de les prot\u00e9ger de la d\u00e9forestation.\" \/>\n<meta name=\"robots\" content=\"index, follow, max-snippet:-1, max-image-preview:large, max-video-preview:-1\" \/>\n<link rel=\"canonical\" href=\"https:\/\/daisyjames.eu\/fr\/collections\/the-bird-of-paradise-colour\/\" \/>\n<script type=\"application\/ld+json\" class=\"yoast-schema-graph\">{\"@context\":\"https:\\\/\\\/schema.org\",\"@graph\":[{\"@type\":\"WebPage\",\"@id\":\"https:\\\/\\\/daisyjames.eu\\\/fr\\\/collections\\\/the-bird-of-paradise-colour\\\/\",\"url\":\"https:\\\/\\\/daisyjames.eu\\\/fr\\\/collections\\\/the-bird-of-paradise-colour\\\/\",\"name\":\"L'oiseau de paradis Papier peint en couleurs par daisy james\",\"isPartOf\":{\"@id\":\"https:\\\/\\\/daisyjames.eu\\\/#website\"},\"primaryImageOfPage\":{\"@id\":\"https:\\\/\\\/daisyjames.eu\\\/fr\\\/collections\\\/the-bird-of-paradise-colour\\\/#primaryimage\"},\"image\":{\"@id\":\"https:\\\/\\\/daisyjames.eu\\\/fr\\\/collections\\\/the-bird-of-paradise-colour\\\/#primaryimage\"},\"thumbnailUrl\":\"https:\\\/\\\/daisyjames.eu\\\/wp-content\\\/uploads\\\/2024\\\/06\\\/dj218-the-bird-of-paradise-colour-1-scaled.jpg\",\"datePublished\":\"2023-07-19T10:56:04+00:00\",\"dateModified\":\"2026-03-24T11:24:48+00:00\",\"description\":\"Embrassez la splendeur des \\\"oiseaux de paradis\\\" avec ce papier peint enchanteur de daisy james. Inspir\u00e9 par les oiseaux exotiques de Papouasie-Nouvelle-Guin\u00e9e, d'Indon\u00e9sie et du nord-est de l'Australie, ce motif capture leur beaut\u00e9 et nous rappelle qu'il est urgent de les prot\u00e9ger de la d\u00e9forestation.\",\"breadcrumb\":{\"@id\":\"https:\\\/\\\/daisyjames.eu\\\/fr\\\/collections\\\/the-bird-of-paradise-colour\\\/#breadcrumb\"},\"inLanguage\":\"fr-FR\",\"potentialAction\":[{\"@type\":\"ReadAction\",\"target\":[\"https:\\\/\\\/daisyjames.eu\\\/fr\\\/collections\\\/the-bird-of-paradise-colour\\\/\"]}]},{\"@type\":\"ImageObject\",\"inLanguage\":\"fr-FR\",\"@id\":\"https:\\\/\\\/daisyjames.eu\\\/fr\\\/collections\\\/the-bird-of-paradise-colour\\\/#primaryimage\",\"url\":\"https:\\\/\\\/daisyjames.eu\\\/wp-content\\\/uploads\\\/2024\\\/06\\\/dj218-the-bird-of-paradise-colour-1-scaled.jpg\",\"contentUrl\":\"https:\\\/\\\/daisyjames.eu\\\/wp-content\\\/uploads\\\/2024\\\/06\\\/dj218-the-bird-of-paradise-colour-1-scaled.jpg\",\"width\":2008,\"height\":2560},{\"@type\":\"BreadcrumbList\",\"@id\":\"https:\\\/\\\/daisyjames.eu\\\/fr\\\/collections\\\/the-bird-of-paradise-colour\\\/#breadcrumb\",\"itemListElement\":[{\"@type\":\"ListItem\",\"position\":1,\"name\":\"Home\",\"item\":\"https:\\\/\\\/daisyjames.eu\\\/fr\\\/\"},{\"@type\":\"ListItem\",\"position\":2,\"name\":\"Tous les rev\u00eatements muraux\",\"item\":\"https:\\\/\\\/daisyjames.eu\\\/fr\\\/boutique\\\/\"},{\"@type\":\"ListItem\",\"position\":3,\"name\":\"The Bird of Paradise Colour\"}]},{\"@type\":\"WebSite\",\"@id\":\"https:\\\/\\\/daisyjames.eu\\\/#website\",\"url\":\"https:\\\/\\\/daisyjames.eu\\\/\",\"name\":\"Daisy James\",\"description\":\"\",\"publisher\":{\"@id\":\"https:\\\/\\\/daisyjames.eu\\\/#organization\"},\"potentialAction\":[{\"@type\":\"SearchAction\",\"target\":{\"@type\":\"EntryPoint\",\"urlTemplate\":\"https:\\\/\\\/daisyjames.eu\\\/?s={search_term_string}\"},\"query-input\":{\"@type\":\"PropertyValueSpecification\",\"valueRequired\":true,\"valueName\":\"search_term_string\"}}],\"inLanguage\":\"fr-FR\"},{\"@type\":\"Organization\",\"@id\":\"https:\\\/\\\/daisyjames.eu\\\/#organization\",\"name\":\"Daisy James\",\"url\":\"https:\\\/\\\/daisyjames.eu\\\/\",\"logo\":{\"@type\":\"ImageObject\",\"inLanguage\":\"fr-FR\",\"@id\":\"https:\\\/\\\/daisyjames.eu\\\/#\\\/schema\\\/logo\\\/image\\\/\",\"url\":\"https:\\\/\\\/daisyjames.eu\\\/wp-content\\\/uploads\\\/2024\\\/09\\\/LogoDJzwart-1.png\",\"contentUrl\":\"https:\\\/\\\/daisyjames.eu\\\/wp-content\\\/uploads\\\/2024\\\/09\\\/LogoDJzwart-1.png\",\"width\":1125,\"height\":199,\"caption\":\"Daisy James\"},\"image\":{\"@id\":\"https:\\\/\\\/daisyjames.eu\\\/#\\\/schema\\\/logo\\\/image\\\/\"},\"sameAs\":[\"https:\\\/\\\/www.facebook.com\\\/Daisyjamesinteriorwallcovering\\\/\",\"https:\\\/\\\/x.com\\\/daisyjamesinterior\",\"https:\\\/\\\/pinterest.com\\\/daisyjameswallcovers\\\/\",\"https:\\\/\\\/nl.linkedin.com\\\/company\\\/d-a-i-s-y-j-a-m-e-s-interior-collection\"]}]}<\/script>\n<!-- \/ Yoast SEO Premium plugin. -->","yoast_head_json":{"title":"L'oiseau de paradis Papier peint en couleurs par daisy james","description":"Embrassez la splendeur des \"oiseaux de paradis\" avec ce papier peint enchanteur de daisy james. Inspir\u00e9 par les oiseaux exotiques de Papouasie-Nouvelle-Guin\u00e9e, d'Indon\u00e9sie et du nord-est de l'Australie, ce motif capture leur beaut\u00e9 et nous rappelle qu'il est urgent de les prot\u00e9ger de la d\u00e9forestation.","robots":{"index":"index","follow":"follow","max-snippet":"max-snippet:-1","max-image-preview":"max-image-preview:large","max-video-preview":"max-video-preview:-1"},"canonical":"https:\/\/daisyjames.eu\/fr\/collections\/the-bird-of-paradise-colour\/","schema":{"@context":"https:\/\/schema.org","@graph":[{"@type":"WebPage","@id":"https:\/\/daisyjames.eu\/fr\/collections\/the-bird-of-paradise-colour\/","url":"https:\/\/daisyjames.eu\/fr\/collections\/the-bird-of-paradise-colour\/","name":"L'oiseau de paradis Papier peint en couleurs par daisy james","isPartOf":{"@id":"https:\/\/daisyjames.eu\/#website"},"primaryImageOfPage":{"@id":"https:\/\/daisyjames.eu\/fr\/collections\/the-bird-of-paradise-colour\/#primaryimage"},"image":{"@id":"https:\/\/daisyjames.eu\/fr\/collections\/the-bird-of-paradise-colour\/#primaryimage"},"thumbnailUrl":"https:\/\/daisyjames.eu\/wp-content\/uploads\/2024\/06\/dj218-the-bird-of-paradise-colour-1-scaled.jpg","datePublished":"2023-07-19T10:56:04+00:00","dateModified":"2026-03-24T11:24:48+00:00","description":"Embrassez la splendeur des \"oiseaux de paradis\" avec ce papier peint enchanteur de daisy james. Inspir\u00e9 par les oiseaux exotiques de Papouasie-Nouvelle-Guin\u00e9e, d'Indon\u00e9sie et du nord-est de l'Australie, ce motif capture leur beaut\u00e9 et nous rappelle qu'il est urgent de les prot\u00e9ger de la d\u00e9forestation.","breadcrumb":{"@id":"https:\/\/daisyjames.eu\/fr\/collections\/the-bird-of-paradise-colour\/#breadcrumb"},"inLanguage":"fr-FR","potentialAction":[{"@type":"ReadAction","target":["https:\/\/daisyjames.eu\/fr\/collections\/the-bird-of-paradise-colour\/"]}]},{"@type":"ImageObject","inLanguage":"fr-FR","@id":"https:\/\/daisyjames.eu\/fr\/collections\/the-bird-of-paradise-colour\/#primaryimage","url":"https:\/\/daisyjames.eu\/wp-content\/uploads\/2024\/06\/dj218-the-bird-of-paradise-colour-1-scaled.jpg","contentUrl":"https:\/\/daisyjames.eu\/wp-content\/uploads\/2024\/06\/dj218-the-bird-of-paradise-colour-1-scaled.jpg","width":2008,"height":2560},{"@type":"BreadcrumbList","@id":"https:\/\/daisyjames.eu\/fr\/collections\/the-bird-of-paradise-colour\/#breadcrumb","itemListElement":[{"@type":"ListItem","position":1,"name":"Home","item":"https:\/\/daisyjames.eu\/fr\/"},{"@type":"ListItem","position":2,"name":"Tous les rev\u00eatements muraux","item":"https:\/\/daisyjames.eu\/fr\/boutique\/"},{"@type":"ListItem","position":3,"name":"The Bird of Paradise Colour"}]},{"@type":"WebSite","@id":"https:\/\/daisyjames.eu\/#website","url":"https:\/\/daisyjames.eu\/","name":"Daisy James","description":"","publisher":{"@id":"https:\/\/daisyjames.eu\/#organization"},"potentialAction":[{"@type":"SearchAction","target":{"@type":"EntryPoint","urlTemplate":"https:\/\/daisyjames.eu\/?s={search_term_string}"},"query-input":{"@type":"PropertyValueSpecification","valueRequired":true,"valueName":"search_term_string"}}],"inLanguage":"fr-FR"},{"@type":"Organization","@id":"https:\/\/daisyjames.eu\/#organization","name":"Daisy James","url":"https:\/\/daisyjames.eu\/","logo":{"@type":"ImageObject","inLanguage":"fr-FR","@id":"https:\/\/daisyjames.eu\/#\/schema\/logo\/image\/","url":"https:\/\/daisyjames.eu\/wp-content\/uploads\/2024\/09\/LogoDJzwart-1.png","contentUrl":"https:\/\/daisyjames.eu\/wp-content\/uploads\/2024\/09\/LogoDJzwart-1.png","width":1125,"height":199,"caption":"Daisy James"},"image":{"@id":"https:\/\/daisyjames.eu\/#\/schema\/logo\/image\/"},"sameAs":["https:\/\/www.facebook.com\/Daisyjamesinteriorwallcovering\/","https:\/\/x.com\/daisyjamesinterior","https:\/\/pinterest.com\/daisyjameswallcovers\/","https:\/\/nl.linkedin.com\/company\/d-a-i-s-y-j-a-m-e-s-interior-collection"]}]}},"_links":{"self":[{"href":"https:\/\/daisyjames.eu\/fr\/wp-json\/wp\/v2\/product\/14414","targetHints":{"allow":["GET"]}}],"collection":[{"href":"https:\/\/daisyjames.eu\/fr\/wp-json\/wp\/v2\/product"}],"about":[{"href":"https:\/\/daisyjames.eu\/fr\/wp-json\/wp\/v2\/types\/product"}],"replies":[{"embeddable":true,"href":"https:\/\/daisyjames.eu\/fr\/wp-json\/wp\/v2\/comments?post=14414"}],"wp:featuredmedia":[{"embeddable":true,"href":"https:\/\/daisyjames.eu\/fr\/wp-json\/wp\/v2\/media\/36097"}],"wp:attachment":[{"href":"https:\/\/daisyjames.eu\/fr\/wp-json\/wp\/v2\/media?parent=14414"}],"wp:term":[{"taxonomy":"product_brand","embeddable":true,"href":"https:\/\/daisyjames.eu\/fr\/wp-json\/wp\/v2\/product_brand?post=14414"},{"taxonomy":"product_cat","embeddable":true,"href":"https:\/\/daisyjames.eu\/fr\/wp-json\/wp\/v2\/product_cat?post=14414"},{"taxonomy":"product_tag","embeddable":true,"href":"https:\/\/daisyjames.eu\/fr\/wp-json\/wp\/v2\/product_tag?post=14414"}],"curies":[{"name":"wp","href":"https:\/\/api.w.org\/{rel}","templated":true}]}}