
{"id":15178,"date":"2023-06-30T20:39:34","date_gmt":"2023-06-30T20:39:34","guid":{"rendered":"https:\/\/daisyjames.dev001.booom.digital\/collection\/the-sunset-blvd\/"},"modified":"2025-10-27T14:54:06","modified_gmt":"2025-10-27T14:54:06","slug":"the-sunset-blvd","status":"publish","type":"product","link":"https:\/\/daisyjames.eu\/fr\/collections\/the-sunset-blvd\/","title":{"rendered":"The Sunset BLVD Blue"},"content":{"rendered":"","protected":false},"excerpt":{"rendered":"<p>Sunset Boulevard, connu pour son statut d&#8217;ic\u00f4ne dans le film de Billy Wilder de 1950, l&#8217;adaptation musicale d&#8217;Andrew Lloyd Webber et la s\u00e9rie t\u00e9l\u00e9vis\u00e9e 77 Sunset Strip, re\u00e7oit d\u00e9sormais un hommage intemporel sous la forme d&#8217;un papier peint <strong>daisy james<\/strong>. Le papier peint <em>&#8220;The Sunset BLVD Blue&#8221;<\/em> capture l&#8217;essence et l&#8217;allure de Sunset Boulevard, immortalisant son importance et \u00e9voquant la nostalgie associ\u00e9e \u00e0 cette rue l\u00e9gendaire.<\/p>\n","protected":false},"featured_media":36310,"comment_status":"closed","ping_status":"closed","template":"","meta":{"_acf_changed":false},"product_brand":[],"product_cat":[471,658],"product_tag":[],"class_list":{"0":"post-15178","1":"product","2":"type-product","3":"status-publish","4":"has-post-thumbnail","6":"product_cat-calm-minimal-fr","7":"product_cat-organic-harmony-fr","8":"pa_colour-blues-fr","9":"pa_colour-blue-dark-fr","10":"pa_colour-blue-green-fr","11":"pa_colour-cobalt-fr","12":"pa_colour-essence","13":"pa_colour-turquose-fr","14":"pa_theme-trees-fr","15":"pa_theme-leaves-fr","16":"pa_theme-nature-fr","17":"pa_theme-landscape-fr","18":"pa_theme-tropical-fr","20":"first","21":"instock","22":"purchasable","23":"product-type-simple"},"acf":[],"yoast_head":"<!-- This site is optimized with the Yoast SEO Premium plugin v27.3 (Yoast SEO v27.3) - https:\/\/yoast.com\/product\/yoast-seo-premium-wordpress\/ -->\n<title>The Sunset BLVD Blue - Papier peint palmier | daisy james<\/title>\n<meta name=\"description\" content=\"Le papier peint &quot;The Sunset BLVD Blue&quot; de daisy james rend hommage \u00e0 l&#039;embl\u00e9matique Sunset Boulevard, dont il capture l&#039;essence et l&#039;allure. Inspir\u00e9 par le film, la com\u00e9die musicale et la s\u00e9rie t\u00e9l\u00e9vis\u00e9e de 1950, ce papier peint intemporel \u00e9voque la nostalgie et c\u00e9l\u00e8bre l&#039;importance de cette rue l\u00e9gendaire.\" \/>\n<meta name=\"robots\" content=\"index, follow, max-snippet:-1, max-image-preview:large, max-video-preview:-1\" \/>\n<link rel=\"canonical\" href=\"https:\/\/daisyjames.eu\/fr\/collections\/the-sunset-blvd\/\" \/>\n<script type=\"application\/ld+json\" class=\"yoast-schema-graph\">{\"@context\":\"https:\\\/\\\/schema.org\",\"@graph\":[{\"@type\":\"WebPage\",\"@id\":\"https:\\\/\\\/daisyjames.eu\\\/fr\\\/collections\\\/the-sunset-blvd\\\/\",\"url\":\"https:\\\/\\\/daisyjames.eu\\\/fr\\\/collections\\\/the-sunset-blvd\\\/\",\"name\":\"The Sunset BLVD Blue - Papier peint palmier | daisy james\",\"isPartOf\":{\"@id\":\"https:\\\/\\\/daisyjames.eu\\\/#website\"},\"primaryImageOfPage\":{\"@id\":\"https:\\\/\\\/daisyjames.eu\\\/fr\\\/collections\\\/the-sunset-blvd\\\/#primaryimage\"},\"image\":{\"@id\":\"https:\\\/\\\/daisyjames.eu\\\/fr\\\/collections\\\/the-sunset-blvd\\\/#primaryimage\"},\"thumbnailUrl\":\"https:\\\/\\\/daisyjames.eu\\\/wp-content\\\/uploads\\\/2024\\\/07\\\/dj137-the-sunset-blvd-blue-1-scaled.jpg\",\"datePublished\":\"2023-06-30T20:39:34+00:00\",\"dateModified\":\"2025-10-27T14:54:06+00:00\",\"description\":\"Le papier peint \\\"The Sunset BLVD Blue\\\" de daisy james rend hommage \u00e0 l'embl\u00e9matique Sunset Boulevard, dont il capture l'essence et l'allure. Inspir\u00e9 par le film, la com\u00e9die musicale et la s\u00e9rie t\u00e9l\u00e9vis\u00e9e de 1950, ce papier peint intemporel \u00e9voque la nostalgie et c\u00e9l\u00e8bre l'importance de cette rue l\u00e9gendaire.\",\"breadcrumb\":{\"@id\":\"https:\\\/\\\/daisyjames.eu\\\/fr\\\/collections\\\/the-sunset-blvd\\\/#breadcrumb\"},\"inLanguage\":\"fr-FR\",\"potentialAction\":[{\"@type\":\"ReadAction\",\"target\":[\"https:\\\/\\\/daisyjames.eu\\\/fr\\\/collections\\\/the-sunset-blvd\\\/\"]}]},{\"@type\":\"ImageObject\",\"inLanguage\":\"fr-FR\",\"@id\":\"https:\\\/\\\/daisyjames.eu\\\/fr\\\/collections\\\/the-sunset-blvd\\\/#primaryimage\",\"url\":\"https:\\\/\\\/daisyjames.eu\\\/wp-content\\\/uploads\\\/2024\\\/07\\\/dj137-the-sunset-blvd-blue-1-scaled.jpg\",\"contentUrl\":\"https:\\\/\\\/daisyjames.eu\\\/wp-content\\\/uploads\\\/2024\\\/07\\\/dj137-the-sunset-blvd-blue-1-scaled.jpg\",\"width\":2560,\"height\":1949},{\"@type\":\"BreadcrumbList\",\"@id\":\"https:\\\/\\\/daisyjames.eu\\\/fr\\\/collections\\\/the-sunset-blvd\\\/#breadcrumb\",\"itemListElement\":[{\"@type\":\"ListItem\",\"position\":1,\"name\":\"Home\",\"item\":\"https:\\\/\\\/daisyjames.eu\\\/fr\\\/\"},{\"@type\":\"ListItem\",\"position\":2,\"name\":\"Tous les rev\u00eatements muraux\",\"item\":\"https:\\\/\\\/daisyjames.eu\\\/fr\\\/boutique\\\/\"},{\"@type\":\"ListItem\",\"position\":3,\"name\":\"The Sunset BLVD Blue\"}]},{\"@type\":\"WebSite\",\"@id\":\"https:\\\/\\\/daisyjames.eu\\\/#website\",\"url\":\"https:\\\/\\\/daisyjames.eu\\\/\",\"name\":\"Daisy James\",\"description\":\"\",\"publisher\":{\"@id\":\"https:\\\/\\\/daisyjames.eu\\\/#organization\"},\"potentialAction\":[{\"@type\":\"SearchAction\",\"target\":{\"@type\":\"EntryPoint\",\"urlTemplate\":\"https:\\\/\\\/daisyjames.eu\\\/?s={search_term_string}\"},\"query-input\":{\"@type\":\"PropertyValueSpecification\",\"valueRequired\":true,\"valueName\":\"search_term_string\"}}],\"inLanguage\":\"fr-FR\"},{\"@type\":\"Organization\",\"@id\":\"https:\\\/\\\/daisyjames.eu\\\/#organization\",\"name\":\"Daisy James\",\"url\":\"https:\\\/\\\/daisyjames.eu\\\/\",\"logo\":{\"@type\":\"ImageObject\",\"inLanguage\":\"fr-FR\",\"@id\":\"https:\\\/\\\/daisyjames.eu\\\/#\\\/schema\\\/logo\\\/image\\\/\",\"url\":\"https:\\\/\\\/daisyjames.eu\\\/wp-content\\\/uploads\\\/2024\\\/09\\\/LogoDJzwart-1.png\",\"contentUrl\":\"https:\\\/\\\/daisyjames.eu\\\/wp-content\\\/uploads\\\/2024\\\/09\\\/LogoDJzwart-1.png\",\"width\":1125,\"height\":199,\"caption\":\"Daisy James\"},\"image\":{\"@id\":\"https:\\\/\\\/daisyjames.eu\\\/#\\\/schema\\\/logo\\\/image\\\/\"},\"sameAs\":[\"https:\\\/\\\/www.facebook.com\\\/Daisyjamesinteriorwallcovering\\\/\",\"https:\\\/\\\/x.com\\\/daisyjamesinterior\",\"https:\\\/\\\/pinterest.com\\\/daisyjameswallcovers\\\/\",\"https:\\\/\\\/nl.linkedin.com\\\/company\\\/d-a-i-s-y-j-a-m-e-s-interior-collection\"]}]}<\/script>\n<!-- \/ Yoast SEO Premium plugin. -->","yoast_head_json":{"title":"The Sunset BLVD Blue - Papier peint palmier | daisy james","description":"Le papier peint \"The Sunset BLVD Blue\" de daisy james rend hommage \u00e0 l'embl\u00e9matique Sunset Boulevard, dont il capture l'essence et l'allure. Inspir\u00e9 par le film, la com\u00e9die musicale et la s\u00e9rie t\u00e9l\u00e9vis\u00e9e de 1950, ce papier peint intemporel \u00e9voque la nostalgie et c\u00e9l\u00e8bre l'importance de cette rue l\u00e9gendaire.","robots":{"index":"index","follow":"follow","max-snippet":"max-snippet:-1","max-image-preview":"max-image-preview:large","max-video-preview":"max-video-preview:-1"},"canonical":"https:\/\/daisyjames.eu\/fr\/collections\/the-sunset-blvd\/","schema":{"@context":"https:\/\/schema.org","@graph":[{"@type":"WebPage","@id":"https:\/\/daisyjames.eu\/fr\/collections\/the-sunset-blvd\/","url":"https:\/\/daisyjames.eu\/fr\/collections\/the-sunset-blvd\/","name":"The Sunset BLVD Blue - Papier peint palmier | daisy james","isPartOf":{"@id":"https:\/\/daisyjames.eu\/#website"},"primaryImageOfPage":{"@id":"https:\/\/daisyjames.eu\/fr\/collections\/the-sunset-blvd\/#primaryimage"},"image":{"@id":"https:\/\/daisyjames.eu\/fr\/collections\/the-sunset-blvd\/#primaryimage"},"thumbnailUrl":"https:\/\/daisyjames.eu\/wp-content\/uploads\/2024\/07\/dj137-the-sunset-blvd-blue-1-scaled.jpg","datePublished":"2023-06-30T20:39:34+00:00","dateModified":"2025-10-27T14:54:06+00:00","description":"Le papier peint \"The Sunset BLVD Blue\" de daisy james rend hommage \u00e0 l'embl\u00e9matique Sunset Boulevard, dont il capture l'essence et l'allure. Inspir\u00e9 par le film, la com\u00e9die musicale et la s\u00e9rie t\u00e9l\u00e9vis\u00e9e de 1950, ce papier peint intemporel \u00e9voque la nostalgie et c\u00e9l\u00e8bre l'importance de cette rue l\u00e9gendaire.","breadcrumb":{"@id":"https:\/\/daisyjames.eu\/fr\/collections\/the-sunset-blvd\/#breadcrumb"},"inLanguage":"fr-FR","potentialAction":[{"@type":"ReadAction","target":["https:\/\/daisyjames.eu\/fr\/collections\/the-sunset-blvd\/"]}]},{"@type":"ImageObject","inLanguage":"fr-FR","@id":"https:\/\/daisyjames.eu\/fr\/collections\/the-sunset-blvd\/#primaryimage","url":"https:\/\/daisyjames.eu\/wp-content\/uploads\/2024\/07\/dj137-the-sunset-blvd-blue-1-scaled.jpg","contentUrl":"https:\/\/daisyjames.eu\/wp-content\/uploads\/2024\/07\/dj137-the-sunset-blvd-blue-1-scaled.jpg","width":2560,"height":1949},{"@type":"BreadcrumbList","@id":"https:\/\/daisyjames.eu\/fr\/collections\/the-sunset-blvd\/#breadcrumb","itemListElement":[{"@type":"ListItem","position":1,"name":"Home","item":"https:\/\/daisyjames.eu\/fr\/"},{"@type":"ListItem","position":2,"name":"Tous les rev\u00eatements muraux","item":"https:\/\/daisyjames.eu\/fr\/boutique\/"},{"@type":"ListItem","position":3,"name":"The Sunset BLVD Blue"}]},{"@type":"WebSite","@id":"https:\/\/daisyjames.eu\/#website","url":"https:\/\/daisyjames.eu\/","name":"Daisy James","description":"","publisher":{"@id":"https:\/\/daisyjames.eu\/#organization"},"potentialAction":[{"@type":"SearchAction","target":{"@type":"EntryPoint","urlTemplate":"https:\/\/daisyjames.eu\/?s={search_term_string}"},"query-input":{"@type":"PropertyValueSpecification","valueRequired":true,"valueName":"search_term_string"}}],"inLanguage":"fr-FR"},{"@type":"Organization","@id":"https:\/\/daisyjames.eu\/#organization","name":"Daisy James","url":"https:\/\/daisyjames.eu\/","logo":{"@type":"ImageObject","inLanguage":"fr-FR","@id":"https:\/\/daisyjames.eu\/#\/schema\/logo\/image\/","url":"https:\/\/daisyjames.eu\/wp-content\/uploads\/2024\/09\/LogoDJzwart-1.png","contentUrl":"https:\/\/daisyjames.eu\/wp-content\/uploads\/2024\/09\/LogoDJzwart-1.png","width":1125,"height":199,"caption":"Daisy James"},"image":{"@id":"https:\/\/daisyjames.eu\/#\/schema\/logo\/image\/"},"sameAs":["https:\/\/www.facebook.com\/Daisyjamesinteriorwallcovering\/","https:\/\/x.com\/daisyjamesinterior","https:\/\/pinterest.com\/daisyjameswallcovers\/","https:\/\/nl.linkedin.com\/company\/d-a-i-s-y-j-a-m-e-s-interior-collection"]}]}},"_links":{"self":[{"href":"https:\/\/daisyjames.eu\/fr\/wp-json\/wp\/v2\/product\/15178","targetHints":{"allow":["GET"]}}],"collection":[{"href":"https:\/\/daisyjames.eu\/fr\/wp-json\/wp\/v2\/product"}],"about":[{"href":"https:\/\/daisyjames.eu\/fr\/wp-json\/wp\/v2\/types\/product"}],"replies":[{"embeddable":true,"href":"https:\/\/daisyjames.eu\/fr\/wp-json\/wp\/v2\/comments?post=15178"}],"wp:featuredmedia":[{"embeddable":true,"href":"https:\/\/daisyjames.eu\/fr\/wp-json\/wp\/v2\/media\/36310"}],"wp:attachment":[{"href":"https:\/\/daisyjames.eu\/fr\/wp-json\/wp\/v2\/media?parent=15178"}],"wp:term":[{"taxonomy":"product_brand","embeddable":true,"href":"https:\/\/daisyjames.eu\/fr\/wp-json\/wp\/v2\/product_brand?post=15178"},{"taxonomy":"product_cat","embeddable":true,"href":"https:\/\/daisyjames.eu\/fr\/wp-json\/wp\/v2\/product_cat?post=15178"},{"taxonomy":"product_tag","embeddable":true,"href":"https:\/\/daisyjames.eu\/fr\/wp-json\/wp\/v2\/product_tag?post=15178"}],"curies":[{"name":"wp","href":"https:\/\/api.w.org\/{rel}","templated":true}]}}