
{"id":15551,"date":"2023-06-30T20:15:59","date_gmt":"2023-06-30T20:15:59","guid":{"rendered":"https:\/\/daisyjames.dev001.booom.digital\/collection\/the-fence\/"},"modified":"2025-10-28T14:04:11","modified_gmt":"2025-10-28T14:04:11","slug":"the-fence","status":"publish","type":"product","link":"https:\/\/daisyjames.eu\/fr\/collections\/the-fence\/","title":{"rendered":"The Fence"},"content":{"rendered":"","protected":false},"excerpt":{"rendered":"<p><strong>daisy james<\/strong> embrasse la conscience \u00e9cologique avec <em>&#8220;The Fence&#8221;<\/em>, une c\u00e9l\u00e9bration de l&#8217;essence vibrante du printemps. De d\u00e9licates fleurs blanches \u00e9mergent d&#8217;une cl\u00f4ture blanche, \u00e9voquant le bourdonnement des bourdons. La toile de fond verte, orn\u00e9e de fleurs jaunes, compl\u00e8te ce spectacle naturel captivant. Apportez l&#8217;esprit vivifiant du printemps dans votre espace avec ce papier peint enchanteur.<\/p>\n","protected":false},"featured_media":11434,"comment_status":"closed","ping_status":"closed","template":"","meta":{"_acf_changed":false},"product_brand":[],"product_cat":[533],"product_tag":[],"class_list":{"0":"post-15551","1":"product","2":"type-product","3":"status-publish","4":"has-post-thumbnail","6":"product_cat-modern-florals-fr","7":"pa_colour-yellow-green-fr","8":"pa_colour-multi-colours-fr","9":"pa_colour-greens-fr","10":"pa_colour-lime-green-fr","11":"pa_colour-bright-green-fr","12":"pa_theme-leaves-fr","13":"pa_theme-flowers-fr","14":"pa_theme-nature-fr","16":"first","17":"instock","18":"purchasable","19":"product-type-simple"},"acf":[],"yoast_head":"<!-- This site is optimized with the Yoast SEO Premium plugin v27.3 (Yoast SEO v27.3) - https:\/\/yoast.com\/product\/yoast-seo-premium-wordpress\/ -->\n<title>The Fence - Papier peint de jardin | daisy james<\/title>\n<meta name=\"description\" content=\"&quot;The Fence&quot; de daisy james c\u00e9l\u00e8bre l&#039;essence vibrante du printemps avec de d\u00e9licates fleurs blanches s&#039;\u00e9panouissant \u00e0 travers une cl\u00f4ture blanche. La toile de fond verte et les fleurs jaunes compl\u00e8tent l&#039;exposition naturelle, apportant l&#039;esprit vivifiant du printemps dans votre espace.\" \/>\n<meta name=\"robots\" content=\"index, follow, max-snippet:-1, max-image-preview:large, max-video-preview:-1\" \/>\n<link rel=\"canonical\" href=\"https:\/\/daisyjames.eu\/fr\/collections\/the-fence\/\" \/>\n<script type=\"application\/ld+json\" class=\"yoast-schema-graph\">{\"@context\":\"https:\\\/\\\/schema.org\",\"@graph\":[{\"@type\":\"WebPage\",\"@id\":\"https:\\\/\\\/daisyjames.eu\\\/fr\\\/collections\\\/the-fence\\\/\",\"url\":\"https:\\\/\\\/daisyjames.eu\\\/fr\\\/collections\\\/the-fence\\\/\",\"name\":\"The Fence - Papier peint de jardin | daisy james\",\"isPartOf\":{\"@id\":\"https:\\\/\\\/daisyjames.eu\\\/fr\\\/#website\"},\"primaryImageOfPage\":{\"@id\":\"https:\\\/\\\/daisyjames.eu\\\/fr\\\/collections\\\/the-fence\\\/#primaryimage\"},\"image\":{\"@id\":\"https:\\\/\\\/daisyjames.eu\\\/fr\\\/collections\\\/the-fence\\\/#primaryimage\"},\"thumbnailUrl\":\"https:\\\/\\\/daisyjames.eu\\\/wp-content\\\/uploads\\\/2024\\\/07\\\/dj258-the-fence-1-scaled.jpg\",\"datePublished\":\"2023-06-30T20:15:59+00:00\",\"dateModified\":\"2025-10-28T14:04:11+00:00\",\"description\":\"\\\"The Fence\\\" de daisy james c\u00e9l\u00e8bre l'essence vibrante du printemps avec de d\u00e9licates fleurs blanches s'\u00e9panouissant \u00e0 travers une cl\u00f4ture blanche. La toile de fond verte et les fleurs jaunes compl\u00e8tent l'exposition naturelle, apportant l'esprit vivifiant du printemps dans votre espace.\",\"breadcrumb\":{\"@id\":\"https:\\\/\\\/daisyjames.eu\\\/fr\\\/collections\\\/the-fence\\\/#breadcrumb\"},\"inLanguage\":\"fr-FR\",\"potentialAction\":[{\"@type\":\"ReadAction\",\"target\":[\"https:\\\/\\\/daisyjames.eu\\\/fr\\\/collections\\\/the-fence\\\/\"]}]},{\"@type\":\"ImageObject\",\"inLanguage\":\"fr-FR\",\"@id\":\"https:\\\/\\\/daisyjames.eu\\\/fr\\\/collections\\\/the-fence\\\/#primaryimage\",\"url\":\"https:\\\/\\\/daisyjames.eu\\\/wp-content\\\/uploads\\\/2024\\\/07\\\/dj258-the-fence-1-scaled.jpg\",\"contentUrl\":\"https:\\\/\\\/daisyjames.eu\\\/wp-content\\\/uploads\\\/2024\\\/07\\\/dj258-the-fence-1-scaled.jpg\",\"width\":1922,\"height\":2560},{\"@type\":\"BreadcrumbList\",\"@id\":\"https:\\\/\\\/daisyjames.eu\\\/fr\\\/collections\\\/the-fence\\\/#breadcrumb\",\"itemListElement\":[{\"@type\":\"ListItem\",\"position\":1,\"name\":\"Home\",\"item\":\"https:\\\/\\\/daisyjames.eu\\\/fr\\\/\"},{\"@type\":\"ListItem\",\"position\":2,\"name\":\"Tous les rev\u00eatements muraux\",\"item\":\"https:\\\/\\\/daisyjames.eu\\\/fr\\\/boutique\\\/\"},{\"@type\":\"ListItem\",\"position\":3,\"name\":\"The Fence\"}]},{\"@type\":\"WebSite\",\"@id\":\"https:\\\/\\\/daisyjames.eu\\\/fr\\\/#website\",\"url\":\"https:\\\/\\\/daisyjames.eu\\\/fr\\\/\",\"name\":\"Daisy James\",\"description\":\"\",\"publisher\":{\"@id\":\"https:\\\/\\\/daisyjames.eu\\\/fr\\\/#organization\"},\"potentialAction\":[{\"@type\":\"SearchAction\",\"target\":{\"@type\":\"EntryPoint\",\"urlTemplate\":\"https:\\\/\\\/daisyjames.eu\\\/fr\\\/?s={search_term_string}\"},\"query-input\":{\"@type\":\"PropertyValueSpecification\",\"valueRequired\":true,\"valueName\":\"search_term_string\"}}],\"inLanguage\":\"fr-FR\"},{\"@type\":\"Organization\",\"@id\":\"https:\\\/\\\/daisyjames.eu\\\/fr\\\/#organization\",\"name\":\"Daisy James\",\"url\":\"https:\\\/\\\/daisyjames.eu\\\/fr\\\/\",\"logo\":{\"@type\":\"ImageObject\",\"inLanguage\":\"fr-FR\",\"@id\":\"https:\\\/\\\/daisyjames.eu\\\/fr\\\/#\\\/schema\\\/logo\\\/image\\\/\",\"url\":\"https:\\\/\\\/daisyjames.eu\\\/wp-content\\\/uploads\\\/2024\\\/09\\\/LogoDJzwart-1.png\",\"contentUrl\":\"https:\\\/\\\/daisyjames.eu\\\/wp-content\\\/uploads\\\/2024\\\/09\\\/LogoDJzwart-1.png\",\"width\":1125,\"height\":199,\"caption\":\"Daisy James\"},\"image\":{\"@id\":\"https:\\\/\\\/daisyjames.eu\\\/fr\\\/#\\\/schema\\\/logo\\\/image\\\/\"},\"sameAs\":[\"https:\\\/\\\/www.facebook.com\\\/Daisyjamesinteriorwallcovering\\\/\",\"https:\\\/\\\/x.com\\\/daisyjamesinterior\",\"https:\\\/\\\/pinterest.com\\\/daisyjameswallcovers\\\/\",\"https:\\\/\\\/nl.linkedin.com\\\/company\\\/d-a-i-s-y-j-a-m-e-s-interior-collection\"]}]}<\/script>\n<!-- \/ Yoast SEO Premium plugin. -->","yoast_head_json":{"title":"The Fence - Papier peint de jardin | daisy james","description":"\"The Fence\" de daisy james c\u00e9l\u00e8bre l'essence vibrante du printemps avec de d\u00e9licates fleurs blanches s'\u00e9panouissant \u00e0 travers une cl\u00f4ture blanche. La toile de fond verte et les fleurs jaunes compl\u00e8tent l'exposition naturelle, apportant l'esprit vivifiant du printemps dans votre espace.","robots":{"index":"index","follow":"follow","max-snippet":"max-snippet:-1","max-image-preview":"max-image-preview:large","max-video-preview":"max-video-preview:-1"},"canonical":"https:\/\/daisyjames.eu\/fr\/collections\/the-fence\/","schema":{"@context":"https:\/\/schema.org","@graph":[{"@type":"WebPage","@id":"https:\/\/daisyjames.eu\/fr\/collections\/the-fence\/","url":"https:\/\/daisyjames.eu\/fr\/collections\/the-fence\/","name":"The Fence - Papier peint de jardin | daisy james","isPartOf":{"@id":"https:\/\/daisyjames.eu\/fr\/#website"},"primaryImageOfPage":{"@id":"https:\/\/daisyjames.eu\/fr\/collections\/the-fence\/#primaryimage"},"image":{"@id":"https:\/\/daisyjames.eu\/fr\/collections\/the-fence\/#primaryimage"},"thumbnailUrl":"https:\/\/daisyjames.eu\/wp-content\/uploads\/2024\/07\/dj258-the-fence-1-scaled.jpg","datePublished":"2023-06-30T20:15:59+00:00","dateModified":"2025-10-28T14:04:11+00:00","description":"\"The Fence\" de daisy james c\u00e9l\u00e8bre l'essence vibrante du printemps avec de d\u00e9licates fleurs blanches s'\u00e9panouissant \u00e0 travers une cl\u00f4ture blanche. La toile de fond verte et les fleurs jaunes compl\u00e8tent l'exposition naturelle, apportant l'esprit vivifiant du printemps dans votre espace.","breadcrumb":{"@id":"https:\/\/daisyjames.eu\/fr\/collections\/the-fence\/#breadcrumb"},"inLanguage":"fr-FR","potentialAction":[{"@type":"ReadAction","target":["https:\/\/daisyjames.eu\/fr\/collections\/the-fence\/"]}]},{"@type":"ImageObject","inLanguage":"fr-FR","@id":"https:\/\/daisyjames.eu\/fr\/collections\/the-fence\/#primaryimage","url":"https:\/\/daisyjames.eu\/wp-content\/uploads\/2024\/07\/dj258-the-fence-1-scaled.jpg","contentUrl":"https:\/\/daisyjames.eu\/wp-content\/uploads\/2024\/07\/dj258-the-fence-1-scaled.jpg","width":1922,"height":2560},{"@type":"BreadcrumbList","@id":"https:\/\/daisyjames.eu\/fr\/collections\/the-fence\/#breadcrumb","itemListElement":[{"@type":"ListItem","position":1,"name":"Home","item":"https:\/\/daisyjames.eu\/fr\/"},{"@type":"ListItem","position":2,"name":"Tous les rev\u00eatements muraux","item":"https:\/\/daisyjames.eu\/fr\/boutique\/"},{"@type":"ListItem","position":3,"name":"The Fence"}]},{"@type":"WebSite","@id":"https:\/\/daisyjames.eu\/fr\/#website","url":"https:\/\/daisyjames.eu\/fr\/","name":"Daisy James","description":"","publisher":{"@id":"https:\/\/daisyjames.eu\/fr\/#organization"},"potentialAction":[{"@type":"SearchAction","target":{"@type":"EntryPoint","urlTemplate":"https:\/\/daisyjames.eu\/fr\/?s={search_term_string}"},"query-input":{"@type":"PropertyValueSpecification","valueRequired":true,"valueName":"search_term_string"}}],"inLanguage":"fr-FR"},{"@type":"Organization","@id":"https:\/\/daisyjames.eu\/fr\/#organization","name":"Daisy James","url":"https:\/\/daisyjames.eu\/fr\/","logo":{"@type":"ImageObject","inLanguage":"fr-FR","@id":"https:\/\/daisyjames.eu\/fr\/#\/schema\/logo\/image\/","url":"https:\/\/daisyjames.eu\/wp-content\/uploads\/2024\/09\/LogoDJzwart-1.png","contentUrl":"https:\/\/daisyjames.eu\/wp-content\/uploads\/2024\/09\/LogoDJzwart-1.png","width":1125,"height":199,"caption":"Daisy James"},"image":{"@id":"https:\/\/daisyjames.eu\/fr\/#\/schema\/logo\/image\/"},"sameAs":["https:\/\/www.facebook.com\/Daisyjamesinteriorwallcovering\/","https:\/\/x.com\/daisyjamesinterior","https:\/\/pinterest.com\/daisyjameswallcovers\/","https:\/\/nl.linkedin.com\/company\/d-a-i-s-y-j-a-m-e-s-interior-collection"]}]}},"_links":{"self":[{"href":"https:\/\/daisyjames.eu\/fr\/wp-json\/wp\/v2\/product\/15551","targetHints":{"allow":["GET"]}}],"collection":[{"href":"https:\/\/daisyjames.eu\/fr\/wp-json\/wp\/v2\/product"}],"about":[{"href":"https:\/\/daisyjames.eu\/fr\/wp-json\/wp\/v2\/types\/product"}],"replies":[{"embeddable":true,"href":"https:\/\/daisyjames.eu\/fr\/wp-json\/wp\/v2\/comments?post=15551"}],"wp:featuredmedia":[{"embeddable":true,"href":"https:\/\/daisyjames.eu\/fr\/wp-json\/wp\/v2\/media\/11434"}],"wp:attachment":[{"href":"https:\/\/daisyjames.eu\/fr\/wp-json\/wp\/v2\/media?parent=15551"}],"wp:term":[{"taxonomy":"product_brand","embeddable":true,"href":"https:\/\/daisyjames.eu\/fr\/wp-json\/wp\/v2\/product_brand?post=15551"},{"taxonomy":"product_cat","embeddable":true,"href":"https:\/\/daisyjames.eu\/fr\/wp-json\/wp\/v2\/product_cat?post=15551"},{"taxonomy":"product_tag","embeddable":true,"href":"https:\/\/daisyjames.eu\/fr\/wp-json\/wp\/v2\/product_tag?post=15551"}],"curies":[{"name":"wp","href":"https:\/\/api.w.org\/{rel}","templated":true}]}}