
{"id":15613,"date":"2023-06-30T20:11:24","date_gmt":"2023-06-30T20:11:24","guid":{"rendered":"https:\/\/daisyjames.dev001.booom.digital\/collection\/the-panache-aubergine\/"},"modified":"2025-10-28T15:07:52","modified_gmt":"2025-10-28T15:07:52","slug":"the-panache-aubergine","status":"publish","type":"product","link":"https:\/\/daisyjames.eu\/fr\/collections\/the-panache-aubergine\/","title":{"rendered":"The Panache Aubergine"},"content":{"rendered":"","protected":false},"excerpt":{"rendered":"<p><strong>daisy james<\/strong> pr\u00e9sente un papier peint captivant compos\u00e9 de vieilles plumes en lambeaux, disponible en cinq couleurs repr\u00e9sentant l&#8217;ann\u00e9e chinoise en cours (4717). Avec une gamme aussi large, vous pouvez facilement incorporer une touche de <strong>daisy james<\/strong> dans n&#8217;importe quelle pi\u00e8ce, en ajoutant du caract\u00e8re et du style \u00e0 votre espace.<\/p>\n","protected":false},"featured_media":37185,"comment_status":"closed","ping_status":"closed","template":"","meta":{"_acf_changed":false},"product_brand":[],"product_cat":[507],"product_tag":[],"class_list":{"0":"post-15613","1":"product","2":"type-product","3":"status-publish","4":"has-post-thumbnail","6":"product_cat-expressive-statement-fr","7":"pa_colour-aubergine-fr","8":"pa_colour-rose","9":"pa_colour-rouge","10":"pa_theme-abstract-fr","11":"pa_theme-leaves-fr","12":"pa_theme-basics-fr","13":"pa_theme-nature-fr","14":"pa_theme-tropical-fr","16":"first","17":"instock","18":"purchasable","19":"product-type-simple"},"acf":[],"yoast_head":"<!-- This site is optimized with the Yoast SEO Premium plugin v27.3 (Yoast SEO v27.3) - https:\/\/yoast.com\/product\/yoast-seo-premium-wordpress\/ -->\n<title>The Panache Aubergine - Papier peint \u00e0 plumes \u00e9l\u00e9gant | daisy james<\/title>\n<meta name=\"description\" content=\"&quot;Le Panache Aubergine&quot; de daisy james : papier peint enchanteur de plumes vieillies, disponible en cinq couleurs. Un design qui donne du caract\u00e8re et du style.\" \/>\n<meta name=\"robots\" content=\"index, follow, max-snippet:-1, max-image-preview:large, max-video-preview:-1\" \/>\n<link rel=\"canonical\" href=\"https:\/\/daisyjames.eu\/fr\/collections\/the-panache-aubergine\/\" \/>\n<script type=\"application\/ld+json\" class=\"yoast-schema-graph\">{\"@context\":\"https:\\\/\\\/schema.org\",\"@graph\":[{\"@type\":\"WebPage\",\"@id\":\"https:\\\/\\\/daisyjames.eu\\\/fr\\\/collections\\\/the-panache-aubergine\\\/\",\"url\":\"https:\\\/\\\/daisyjames.eu\\\/fr\\\/collections\\\/the-panache-aubergine\\\/\",\"name\":\"The Panache Aubergine - Papier peint \u00e0 plumes \u00e9l\u00e9gant | daisy james\",\"isPartOf\":{\"@id\":\"https:\\\/\\\/daisyjames.eu\\\/fr\\\/#website\"},\"primaryImageOfPage\":{\"@id\":\"https:\\\/\\\/daisyjames.eu\\\/fr\\\/collections\\\/the-panache-aubergine\\\/#primaryimage\"},\"image\":{\"@id\":\"https:\\\/\\\/daisyjames.eu\\\/fr\\\/collections\\\/the-panache-aubergine\\\/#primaryimage\"},\"thumbnailUrl\":\"https:\\\/\\\/daisyjames.eu\\\/wp-content\\\/uploads\\\/2024\\\/07\\\/dj217-the-panache-aubergine-1-scaled.jpg\",\"datePublished\":\"2023-06-30T20:11:24+00:00\",\"dateModified\":\"2025-10-28T15:07:52+00:00\",\"description\":\"\\\"Le Panache Aubergine\\\" de daisy james : papier peint enchanteur de plumes vieillies, disponible en cinq couleurs. Un design qui donne du caract\u00e8re et du style.\",\"breadcrumb\":{\"@id\":\"https:\\\/\\\/daisyjames.eu\\\/fr\\\/collections\\\/the-panache-aubergine\\\/#breadcrumb\"},\"inLanguage\":\"fr-FR\",\"potentialAction\":[{\"@type\":\"ReadAction\",\"target\":[\"https:\\\/\\\/daisyjames.eu\\\/fr\\\/collections\\\/the-panache-aubergine\\\/\"]}]},{\"@type\":\"ImageObject\",\"inLanguage\":\"fr-FR\",\"@id\":\"https:\\\/\\\/daisyjames.eu\\\/fr\\\/collections\\\/the-panache-aubergine\\\/#primaryimage\",\"url\":\"https:\\\/\\\/daisyjames.eu\\\/wp-content\\\/uploads\\\/2024\\\/07\\\/dj217-the-panache-aubergine-1-scaled.jpg\",\"contentUrl\":\"https:\\\/\\\/daisyjames.eu\\\/wp-content\\\/uploads\\\/2024\\\/07\\\/dj217-the-panache-aubergine-1-scaled.jpg\",\"width\":1707,\"height\":2560},{\"@type\":\"BreadcrumbList\",\"@id\":\"https:\\\/\\\/daisyjames.eu\\\/fr\\\/collections\\\/the-panache-aubergine\\\/#breadcrumb\",\"itemListElement\":[{\"@type\":\"ListItem\",\"position\":1,\"name\":\"Home\",\"item\":\"https:\\\/\\\/daisyjames.eu\\\/fr\\\/\"},{\"@type\":\"ListItem\",\"position\":2,\"name\":\"Tous les rev\u00eatements muraux\",\"item\":\"https:\\\/\\\/daisyjames.eu\\\/fr\\\/boutique\\\/\"},{\"@type\":\"ListItem\",\"position\":3,\"name\":\"The Panache Aubergine\"}]},{\"@type\":\"WebSite\",\"@id\":\"https:\\\/\\\/daisyjames.eu\\\/fr\\\/#website\",\"url\":\"https:\\\/\\\/daisyjames.eu\\\/fr\\\/\",\"name\":\"Daisy James\",\"description\":\"\",\"publisher\":{\"@id\":\"https:\\\/\\\/daisyjames.eu\\\/fr\\\/#organization\"},\"potentialAction\":[{\"@type\":\"SearchAction\",\"target\":{\"@type\":\"EntryPoint\",\"urlTemplate\":\"https:\\\/\\\/daisyjames.eu\\\/fr\\\/?s={search_term_string}\"},\"query-input\":{\"@type\":\"PropertyValueSpecification\",\"valueRequired\":true,\"valueName\":\"search_term_string\"}}],\"inLanguage\":\"fr-FR\"},{\"@type\":\"Organization\",\"@id\":\"https:\\\/\\\/daisyjames.eu\\\/fr\\\/#organization\",\"name\":\"Daisy James\",\"url\":\"https:\\\/\\\/daisyjames.eu\\\/fr\\\/\",\"logo\":{\"@type\":\"ImageObject\",\"inLanguage\":\"fr-FR\",\"@id\":\"https:\\\/\\\/daisyjames.eu\\\/fr\\\/#\\\/schema\\\/logo\\\/image\\\/\",\"url\":\"https:\\\/\\\/daisyjames.eu\\\/wp-content\\\/uploads\\\/2024\\\/09\\\/LogoDJzwart-1.png\",\"contentUrl\":\"https:\\\/\\\/daisyjames.eu\\\/wp-content\\\/uploads\\\/2024\\\/09\\\/LogoDJzwart-1.png\",\"width\":1125,\"height\":199,\"caption\":\"Daisy James\"},\"image\":{\"@id\":\"https:\\\/\\\/daisyjames.eu\\\/fr\\\/#\\\/schema\\\/logo\\\/image\\\/\"},\"sameAs\":[\"https:\\\/\\\/www.facebook.com\\\/Daisyjamesinteriorwallcovering\\\/\",\"https:\\\/\\\/x.com\\\/daisyjamesinterior\",\"https:\\\/\\\/pinterest.com\\\/daisyjameswallcovers\\\/\",\"https:\\\/\\\/nl.linkedin.com\\\/company\\\/d-a-i-s-y-j-a-m-e-s-interior-collection\"]}]}<\/script>\n<!-- \/ Yoast SEO Premium plugin. -->","yoast_head_json":{"title":"The Panache Aubergine - Papier peint \u00e0 plumes \u00e9l\u00e9gant | daisy james","description":"\"Le Panache Aubergine\" de daisy james : papier peint enchanteur de plumes vieillies, disponible en cinq couleurs. Un design qui donne du caract\u00e8re et du style.","robots":{"index":"index","follow":"follow","max-snippet":"max-snippet:-1","max-image-preview":"max-image-preview:large","max-video-preview":"max-video-preview:-1"},"canonical":"https:\/\/daisyjames.eu\/fr\/collections\/the-panache-aubergine\/","schema":{"@context":"https:\/\/schema.org","@graph":[{"@type":"WebPage","@id":"https:\/\/daisyjames.eu\/fr\/collections\/the-panache-aubergine\/","url":"https:\/\/daisyjames.eu\/fr\/collections\/the-panache-aubergine\/","name":"The Panache Aubergine - Papier peint \u00e0 plumes \u00e9l\u00e9gant | daisy james","isPartOf":{"@id":"https:\/\/daisyjames.eu\/fr\/#website"},"primaryImageOfPage":{"@id":"https:\/\/daisyjames.eu\/fr\/collections\/the-panache-aubergine\/#primaryimage"},"image":{"@id":"https:\/\/daisyjames.eu\/fr\/collections\/the-panache-aubergine\/#primaryimage"},"thumbnailUrl":"https:\/\/daisyjames.eu\/wp-content\/uploads\/2024\/07\/dj217-the-panache-aubergine-1-scaled.jpg","datePublished":"2023-06-30T20:11:24+00:00","dateModified":"2025-10-28T15:07:52+00:00","description":"\"Le Panache Aubergine\" de daisy james : papier peint enchanteur de plumes vieillies, disponible en cinq couleurs. Un design qui donne du caract\u00e8re et du style.","breadcrumb":{"@id":"https:\/\/daisyjames.eu\/fr\/collections\/the-panache-aubergine\/#breadcrumb"},"inLanguage":"fr-FR","potentialAction":[{"@type":"ReadAction","target":["https:\/\/daisyjames.eu\/fr\/collections\/the-panache-aubergine\/"]}]},{"@type":"ImageObject","inLanguage":"fr-FR","@id":"https:\/\/daisyjames.eu\/fr\/collections\/the-panache-aubergine\/#primaryimage","url":"https:\/\/daisyjames.eu\/wp-content\/uploads\/2024\/07\/dj217-the-panache-aubergine-1-scaled.jpg","contentUrl":"https:\/\/daisyjames.eu\/wp-content\/uploads\/2024\/07\/dj217-the-panache-aubergine-1-scaled.jpg","width":1707,"height":2560},{"@type":"BreadcrumbList","@id":"https:\/\/daisyjames.eu\/fr\/collections\/the-panache-aubergine\/#breadcrumb","itemListElement":[{"@type":"ListItem","position":1,"name":"Home","item":"https:\/\/daisyjames.eu\/fr\/"},{"@type":"ListItem","position":2,"name":"Tous les rev\u00eatements muraux","item":"https:\/\/daisyjames.eu\/fr\/boutique\/"},{"@type":"ListItem","position":3,"name":"The Panache Aubergine"}]},{"@type":"WebSite","@id":"https:\/\/daisyjames.eu\/fr\/#website","url":"https:\/\/daisyjames.eu\/fr\/","name":"Daisy James","description":"","publisher":{"@id":"https:\/\/daisyjames.eu\/fr\/#organization"},"potentialAction":[{"@type":"SearchAction","target":{"@type":"EntryPoint","urlTemplate":"https:\/\/daisyjames.eu\/fr\/?s={search_term_string}"},"query-input":{"@type":"PropertyValueSpecification","valueRequired":true,"valueName":"search_term_string"}}],"inLanguage":"fr-FR"},{"@type":"Organization","@id":"https:\/\/daisyjames.eu\/fr\/#organization","name":"Daisy James","url":"https:\/\/daisyjames.eu\/fr\/","logo":{"@type":"ImageObject","inLanguage":"fr-FR","@id":"https:\/\/daisyjames.eu\/fr\/#\/schema\/logo\/image\/","url":"https:\/\/daisyjames.eu\/wp-content\/uploads\/2024\/09\/LogoDJzwart-1.png","contentUrl":"https:\/\/daisyjames.eu\/wp-content\/uploads\/2024\/09\/LogoDJzwart-1.png","width":1125,"height":199,"caption":"Daisy James"},"image":{"@id":"https:\/\/daisyjames.eu\/fr\/#\/schema\/logo\/image\/"},"sameAs":["https:\/\/www.facebook.com\/Daisyjamesinteriorwallcovering\/","https:\/\/x.com\/daisyjamesinterior","https:\/\/pinterest.com\/daisyjameswallcovers\/","https:\/\/nl.linkedin.com\/company\/d-a-i-s-y-j-a-m-e-s-interior-collection"]}]}},"_links":{"self":[{"href":"https:\/\/daisyjames.eu\/fr\/wp-json\/wp\/v2\/product\/15613","targetHints":{"allow":["GET"]}}],"collection":[{"href":"https:\/\/daisyjames.eu\/fr\/wp-json\/wp\/v2\/product"}],"about":[{"href":"https:\/\/daisyjames.eu\/fr\/wp-json\/wp\/v2\/types\/product"}],"replies":[{"embeddable":true,"href":"https:\/\/daisyjames.eu\/fr\/wp-json\/wp\/v2\/comments?post=15613"}],"wp:featuredmedia":[{"embeddable":true,"href":"https:\/\/daisyjames.eu\/fr\/wp-json\/wp\/v2\/media\/37185"}],"wp:attachment":[{"href":"https:\/\/daisyjames.eu\/fr\/wp-json\/wp\/v2\/media?parent=15613"}],"wp:term":[{"taxonomy":"product_brand","embeddable":true,"href":"https:\/\/daisyjames.eu\/fr\/wp-json\/wp\/v2\/product_brand?post=15613"},{"taxonomy":"product_cat","embeddable":true,"href":"https:\/\/daisyjames.eu\/fr\/wp-json\/wp\/v2\/product_cat?post=15613"},{"taxonomy":"product_tag","embeddable":true,"href":"https:\/\/daisyjames.eu\/fr\/wp-json\/wp\/v2\/product_tag?post=15613"}],"curies":[{"name":"wp","href":"https:\/\/api.w.org\/{rel}","templated":true}]}}