
{"id":16369,"date":"2023-06-30T18:04:14","date_gmt":"2023-06-30T18:04:14","guid":{"rendered":"https:\/\/daisyjames.dev001.booom.digital\/collection\/the-orchid-light\/"},"modified":"2025-10-30T12:17:15","modified_gmt":"2025-10-30T12:17:15","slug":"the-orchid-light","status":"publish","type":"product","link":"https:\/\/daisyjames.eu\/fr\/collections\/the-orchid-light\/","title":{"rendered":"The Orchid Light"},"content":{"rendered":"","protected":false},"excerpt":{"rendered":"<p>L&#8217;orchid\u00e9e, symbole d&#8217;amour, de luxe, de beaut\u00e9 et de force, est une plante ornementale tr\u00e8s recherch\u00e9e. Sa nature exotique et d\u00e9licate exsude la magnificence, repr\u00e9sentant une beaut\u00e9 rare et exquise. Laissez-vous s\u00e9duire par ces fleurs captivantes, dont l&#8217;\u00e9l\u00e9gance gracieuse et la signification intemporelle ne cessent d&#8217;enchanter. Laissez l&#8217;essence des orchid\u00e9es embellir votre espace, en lui insufflant une beaut\u00e9 rare et charmante.<\/p>\n","protected":false},"featured_media":12499,"comment_status":"closed","ping_status":"closed","template":"","meta":{"_acf_changed":false},"product_brand":[],"product_cat":[533,658,543],"product_tag":[],"class_list":{"0":"post-16369","1":"product","2":"type-product","3":"status-publish","4":"has-post-thumbnail","6":"product_cat-modern-florals-fr","7":"product_cat-organic-harmony-fr","8":"product_cat-refined-luxe-fr","9":"pa_colour-beige-fr","10":"pa_colour-white-fr","11":"pa_colour-yellow-fr","12":"pa_colour-naturals-fr","13":"pa_colour-ocher-fr","14":"pa_colour-gold-fr","15":"pa_colour-pastel-fr","16":"pa_theme-leaves-fr","17":"pa_theme-flowers-fr","18":"pa_theme-nature-fr","20":"first","21":"instock","22":"purchasable","23":"product-type-simple"},"acf":[],"yoast_head":"<!-- This site is optimized with the Yoast SEO Premium plugin v27.3 (Yoast SEO v27.3) - https:\/\/yoast.com\/product\/yoast-seo-premium-wordpress\/ -->\n<title>The Orchid Light - Papier peint \u00e0 motifs floraux | daisy james<\/title>\n<meta name=\"description\" content=\"&quot;The Orchid light&quot; de daisy james incarne l&#039;amour, le luxe et la beaut\u00e9. Ce papier peint capture l&#039;allure exotique des orchid\u00e9es, apportant une beaut\u00e9 rare et exquise dans votre espace avec son \u00e9l\u00e9gance intemporelle et son charme captivant.\" \/>\n<meta name=\"robots\" content=\"index, follow, max-snippet:-1, max-image-preview:large, max-video-preview:-1\" \/>\n<link rel=\"canonical\" href=\"https:\/\/daisyjames.eu\/fr\/collections\/the-orchid-light\/\" \/>\n<script type=\"application\/ld+json\" class=\"yoast-schema-graph\">{\"@context\":\"https:\\\/\\\/schema.org\",\"@graph\":[{\"@type\":\"WebPage\",\"@id\":\"https:\\\/\\\/daisyjames.eu\\\/fr\\\/collections\\\/the-orchid-light\\\/\",\"url\":\"https:\\\/\\\/daisyjames.eu\\\/fr\\\/collections\\\/the-orchid-light\\\/\",\"name\":\"The Orchid Light - Papier peint \u00e0 motifs floraux | daisy james\",\"isPartOf\":{\"@id\":\"https:\\\/\\\/daisyjames.eu\\\/#website\"},\"primaryImageOfPage\":{\"@id\":\"https:\\\/\\\/daisyjames.eu\\\/fr\\\/collections\\\/the-orchid-light\\\/#primaryimage\"},\"image\":{\"@id\":\"https:\\\/\\\/daisyjames.eu\\\/fr\\\/collections\\\/the-orchid-light\\\/#primaryimage\"},\"thumbnailUrl\":\"https:\\\/\\\/daisyjames.eu\\\/wp-content\\\/uploads\\\/2024\\\/07\\\/dj267-the-orchid-light-2-scaled.jpg\",\"datePublished\":\"2023-06-30T18:04:14+00:00\",\"dateModified\":\"2025-10-30T12:17:15+00:00\",\"description\":\"\\\"The Orchid light\\\" de daisy james incarne l'amour, le luxe et la beaut\u00e9. Ce papier peint capture l'allure exotique des orchid\u00e9es, apportant une beaut\u00e9 rare et exquise dans votre espace avec son \u00e9l\u00e9gance intemporelle et son charme captivant.\",\"breadcrumb\":{\"@id\":\"https:\\\/\\\/daisyjames.eu\\\/fr\\\/collections\\\/the-orchid-light\\\/#breadcrumb\"},\"inLanguage\":\"fr-FR\",\"potentialAction\":[{\"@type\":\"ReadAction\",\"target\":[\"https:\\\/\\\/daisyjames.eu\\\/fr\\\/collections\\\/the-orchid-light\\\/\"]}]},{\"@type\":\"ImageObject\",\"inLanguage\":\"fr-FR\",\"@id\":\"https:\\\/\\\/daisyjames.eu\\\/fr\\\/collections\\\/the-orchid-light\\\/#primaryimage\",\"url\":\"https:\\\/\\\/daisyjames.eu\\\/wp-content\\\/uploads\\\/2024\\\/07\\\/dj267-the-orchid-light-2-scaled.jpg\",\"contentUrl\":\"https:\\\/\\\/daisyjames.eu\\\/wp-content\\\/uploads\\\/2024\\\/07\\\/dj267-the-orchid-light-2-scaled.jpg\",\"width\":1708,\"height\":2560},{\"@type\":\"BreadcrumbList\",\"@id\":\"https:\\\/\\\/daisyjames.eu\\\/fr\\\/collections\\\/the-orchid-light\\\/#breadcrumb\",\"itemListElement\":[{\"@type\":\"ListItem\",\"position\":1,\"name\":\"Home\",\"item\":\"https:\\\/\\\/daisyjames.eu\\\/fr\\\/\"},{\"@type\":\"ListItem\",\"position\":2,\"name\":\"Tous les rev\u00eatements muraux\",\"item\":\"https:\\\/\\\/daisyjames.eu\\\/fr\\\/boutique\\\/\"},{\"@type\":\"ListItem\",\"position\":3,\"name\":\"The Orchid Light\"}]},{\"@type\":\"WebSite\",\"@id\":\"https:\\\/\\\/daisyjames.eu\\\/#website\",\"url\":\"https:\\\/\\\/daisyjames.eu\\\/\",\"name\":\"Daisy James\",\"description\":\"\",\"publisher\":{\"@id\":\"https:\\\/\\\/daisyjames.eu\\\/#organization\"},\"potentialAction\":[{\"@type\":\"SearchAction\",\"target\":{\"@type\":\"EntryPoint\",\"urlTemplate\":\"https:\\\/\\\/daisyjames.eu\\\/?s={search_term_string}\"},\"query-input\":{\"@type\":\"PropertyValueSpecification\",\"valueRequired\":true,\"valueName\":\"search_term_string\"}}],\"inLanguage\":\"fr-FR\"},{\"@type\":\"Organization\",\"@id\":\"https:\\\/\\\/daisyjames.eu\\\/#organization\",\"name\":\"Daisy James\",\"url\":\"https:\\\/\\\/daisyjames.eu\\\/\",\"logo\":{\"@type\":\"ImageObject\",\"inLanguage\":\"fr-FR\",\"@id\":\"https:\\\/\\\/daisyjames.eu\\\/#\\\/schema\\\/logo\\\/image\\\/\",\"url\":\"https:\\\/\\\/daisyjames.eu\\\/wp-content\\\/uploads\\\/2024\\\/09\\\/LogoDJzwart-1.png\",\"contentUrl\":\"https:\\\/\\\/daisyjames.eu\\\/wp-content\\\/uploads\\\/2024\\\/09\\\/LogoDJzwart-1.png\",\"width\":1125,\"height\":199,\"caption\":\"Daisy James\"},\"image\":{\"@id\":\"https:\\\/\\\/daisyjames.eu\\\/#\\\/schema\\\/logo\\\/image\\\/\"},\"sameAs\":[\"https:\\\/\\\/www.facebook.com\\\/Daisyjamesinteriorwallcovering\\\/\",\"https:\\\/\\\/x.com\\\/daisyjamesinterior\",\"https:\\\/\\\/pinterest.com\\\/daisyjameswallcovers\\\/\",\"https:\\\/\\\/nl.linkedin.com\\\/company\\\/d-a-i-s-y-j-a-m-e-s-interior-collection\"]}]}<\/script>\n<!-- \/ Yoast SEO Premium plugin. -->","yoast_head_json":{"title":"The Orchid Light - Papier peint \u00e0 motifs floraux | daisy james","description":"\"The Orchid light\" de daisy james incarne l'amour, le luxe et la beaut\u00e9. Ce papier peint capture l'allure exotique des orchid\u00e9es, apportant une beaut\u00e9 rare et exquise dans votre espace avec son \u00e9l\u00e9gance intemporelle et son charme captivant.","robots":{"index":"index","follow":"follow","max-snippet":"max-snippet:-1","max-image-preview":"max-image-preview:large","max-video-preview":"max-video-preview:-1"},"canonical":"https:\/\/daisyjames.eu\/fr\/collections\/the-orchid-light\/","schema":{"@context":"https:\/\/schema.org","@graph":[{"@type":"WebPage","@id":"https:\/\/daisyjames.eu\/fr\/collections\/the-orchid-light\/","url":"https:\/\/daisyjames.eu\/fr\/collections\/the-orchid-light\/","name":"The Orchid Light - Papier peint \u00e0 motifs floraux | daisy james","isPartOf":{"@id":"https:\/\/daisyjames.eu\/#website"},"primaryImageOfPage":{"@id":"https:\/\/daisyjames.eu\/fr\/collections\/the-orchid-light\/#primaryimage"},"image":{"@id":"https:\/\/daisyjames.eu\/fr\/collections\/the-orchid-light\/#primaryimage"},"thumbnailUrl":"https:\/\/daisyjames.eu\/wp-content\/uploads\/2024\/07\/dj267-the-orchid-light-2-scaled.jpg","datePublished":"2023-06-30T18:04:14+00:00","dateModified":"2025-10-30T12:17:15+00:00","description":"\"The Orchid light\" de daisy james incarne l'amour, le luxe et la beaut\u00e9. Ce papier peint capture l'allure exotique des orchid\u00e9es, apportant une beaut\u00e9 rare et exquise dans votre espace avec son \u00e9l\u00e9gance intemporelle et son charme captivant.","breadcrumb":{"@id":"https:\/\/daisyjames.eu\/fr\/collections\/the-orchid-light\/#breadcrumb"},"inLanguage":"fr-FR","potentialAction":[{"@type":"ReadAction","target":["https:\/\/daisyjames.eu\/fr\/collections\/the-orchid-light\/"]}]},{"@type":"ImageObject","inLanguage":"fr-FR","@id":"https:\/\/daisyjames.eu\/fr\/collections\/the-orchid-light\/#primaryimage","url":"https:\/\/daisyjames.eu\/wp-content\/uploads\/2024\/07\/dj267-the-orchid-light-2-scaled.jpg","contentUrl":"https:\/\/daisyjames.eu\/wp-content\/uploads\/2024\/07\/dj267-the-orchid-light-2-scaled.jpg","width":1708,"height":2560},{"@type":"BreadcrumbList","@id":"https:\/\/daisyjames.eu\/fr\/collections\/the-orchid-light\/#breadcrumb","itemListElement":[{"@type":"ListItem","position":1,"name":"Home","item":"https:\/\/daisyjames.eu\/fr\/"},{"@type":"ListItem","position":2,"name":"Tous les rev\u00eatements muraux","item":"https:\/\/daisyjames.eu\/fr\/boutique\/"},{"@type":"ListItem","position":3,"name":"The Orchid Light"}]},{"@type":"WebSite","@id":"https:\/\/daisyjames.eu\/#website","url":"https:\/\/daisyjames.eu\/","name":"Daisy James","description":"","publisher":{"@id":"https:\/\/daisyjames.eu\/#organization"},"potentialAction":[{"@type":"SearchAction","target":{"@type":"EntryPoint","urlTemplate":"https:\/\/daisyjames.eu\/?s={search_term_string}"},"query-input":{"@type":"PropertyValueSpecification","valueRequired":true,"valueName":"search_term_string"}}],"inLanguage":"fr-FR"},{"@type":"Organization","@id":"https:\/\/daisyjames.eu\/#organization","name":"Daisy James","url":"https:\/\/daisyjames.eu\/","logo":{"@type":"ImageObject","inLanguage":"fr-FR","@id":"https:\/\/daisyjames.eu\/#\/schema\/logo\/image\/","url":"https:\/\/daisyjames.eu\/wp-content\/uploads\/2024\/09\/LogoDJzwart-1.png","contentUrl":"https:\/\/daisyjames.eu\/wp-content\/uploads\/2024\/09\/LogoDJzwart-1.png","width":1125,"height":199,"caption":"Daisy James"},"image":{"@id":"https:\/\/daisyjames.eu\/#\/schema\/logo\/image\/"},"sameAs":["https:\/\/www.facebook.com\/Daisyjamesinteriorwallcovering\/","https:\/\/x.com\/daisyjamesinterior","https:\/\/pinterest.com\/daisyjameswallcovers\/","https:\/\/nl.linkedin.com\/company\/d-a-i-s-y-j-a-m-e-s-interior-collection"]}]}},"_links":{"self":[{"href":"https:\/\/daisyjames.eu\/fr\/wp-json\/wp\/v2\/product\/16369","targetHints":{"allow":["GET"]}}],"collection":[{"href":"https:\/\/daisyjames.eu\/fr\/wp-json\/wp\/v2\/product"}],"about":[{"href":"https:\/\/daisyjames.eu\/fr\/wp-json\/wp\/v2\/types\/product"}],"replies":[{"embeddable":true,"href":"https:\/\/daisyjames.eu\/fr\/wp-json\/wp\/v2\/comments?post=16369"}],"wp:featuredmedia":[{"embeddable":true,"href":"https:\/\/daisyjames.eu\/fr\/wp-json\/wp\/v2\/media\/12499"}],"wp:attachment":[{"href":"https:\/\/daisyjames.eu\/fr\/wp-json\/wp\/v2\/media?parent=16369"}],"wp:term":[{"taxonomy":"product_brand","embeddable":true,"href":"https:\/\/daisyjames.eu\/fr\/wp-json\/wp\/v2\/product_brand?post=16369"},{"taxonomy":"product_cat","embeddable":true,"href":"https:\/\/daisyjames.eu\/fr\/wp-json\/wp\/v2\/product_cat?post=16369"},{"taxonomy":"product_tag","embeddable":true,"href":"https:\/\/daisyjames.eu\/fr\/wp-json\/wp\/v2\/product_tag?post=16369"}],"curies":[{"name":"wp","href":"https:\/\/api.w.org\/{rel}","templated":true}]}}