
{"id":16419,"date":"2023-06-30T18:00:58","date_gmt":"2023-06-30T18:00:58","guid":{"rendered":"https:\/\/daisyjames.dev001.booom.digital\/collection\/the-stella-black\/"},"modified":"2025-10-30T12:54:45","modified_gmt":"2025-10-30T12:54:45","slug":"the-stella-black","status":"publish","type":"product","link":"https:\/\/daisyjames.eu\/fr\/collections\/the-stella-black\/","title":{"rendered":"The Stella Black"},"content":{"rendered":"","protected":false},"excerpt":{"rendered":"<p>Pr\u00e9senter <em>&#8220;The Stella Black&#8221; <\/em>(inspir\u00e9 par Angry Birds). Regardez bien pour trouver l&#8217;oiseau bleu du jeu cach\u00e9 dans le motif. M\u00eame si vous ne le trouvez pas, la richesse des d\u00e9tails vous captivera pour bien d&#8217;autres raisons. Amusant et unique !<\/p>\n","protected":false},"featured_media":12559,"comment_status":"closed","ping_status":"closed","template":"","meta":{"_acf_changed":false},"product_brand":[],"product_cat":[556],"product_tag":[],"class_list":{"0":"post-16419","1":"product","2":"type-product","3":"status-publish","4":"has-post-thumbnail","6":"product_cat-timeless-classics-fr","7":"pa_colour-essence","8":"pa_colour-multi-colours-fr","9":"pa_colour-rouge","10":"pa_theme-leaves-fr","11":"pa_theme-flowers-fr","12":"pa_theme-nature-fr","14":"first","15":"instock","16":"purchasable","17":"product-type-simple"},"acf":[],"yoast_head":"<!-- This site is optimized with the Yoast SEO Premium plugin v27.3 (Yoast SEO v27.3) - https:\/\/yoast.com\/product\/yoast-seo-premium-wordpress\/ -->\n<title>The Stella Black - Papier peint abstrait ludique | daisy james<\/title>\n<meta name=\"description\" content=\"&quot;The Stella black&quot; par daisy james : papier peint unique avec des d\u00e9tails cach\u00e9s, inspir\u00e9 par Angry Birds. Un design amusant et captivant, plein de richesse ludique.\" \/>\n<meta name=\"robots\" content=\"index, follow, max-snippet:-1, max-image-preview:large, max-video-preview:-1\" \/>\n<link rel=\"canonical\" href=\"https:\/\/daisyjames.eu\/fr\/collections\/the-stella-black\/\" \/>\n<script type=\"application\/ld+json\" class=\"yoast-schema-graph\">{\"@context\":\"https:\\\/\\\/schema.org\",\"@graph\":[{\"@type\":\"WebPage\",\"@id\":\"https:\\\/\\\/daisyjames.eu\\\/fr\\\/collections\\\/the-stella-black\\\/\",\"url\":\"https:\\\/\\\/daisyjames.eu\\\/fr\\\/collections\\\/the-stella-black\\\/\",\"name\":\"The Stella Black - Papier peint abstrait ludique | daisy james\",\"isPartOf\":{\"@id\":\"https:\\\/\\\/daisyjames.eu\\\/#website\"},\"primaryImageOfPage\":{\"@id\":\"https:\\\/\\\/daisyjames.eu\\\/fr\\\/collections\\\/the-stella-black\\\/#primaryimage\"},\"image\":{\"@id\":\"https:\\\/\\\/daisyjames.eu\\\/fr\\\/collections\\\/the-stella-black\\\/#primaryimage\"},\"thumbnailUrl\":\"https:\\\/\\\/daisyjames.eu\\\/wp-content\\\/uploads\\\/2024\\\/07\\\/dj273-the-stella-black-3-scaled.jpg\",\"datePublished\":\"2023-06-30T18:00:58+00:00\",\"dateModified\":\"2025-10-30T12:54:45+00:00\",\"description\":\"\\\"The Stella black\\\" par daisy james : papier peint unique avec des d\u00e9tails cach\u00e9s, inspir\u00e9 par Angry Birds. Un design amusant et captivant, plein de richesse ludique.\",\"breadcrumb\":{\"@id\":\"https:\\\/\\\/daisyjames.eu\\\/fr\\\/collections\\\/the-stella-black\\\/#breadcrumb\"},\"inLanguage\":\"fr-FR\",\"potentialAction\":[{\"@type\":\"ReadAction\",\"target\":[\"https:\\\/\\\/daisyjames.eu\\\/fr\\\/collections\\\/the-stella-black\\\/\"]}]},{\"@type\":\"ImageObject\",\"inLanguage\":\"fr-FR\",\"@id\":\"https:\\\/\\\/daisyjames.eu\\\/fr\\\/collections\\\/the-stella-black\\\/#primaryimage\",\"url\":\"https:\\\/\\\/daisyjames.eu\\\/wp-content\\\/uploads\\\/2024\\\/07\\\/dj273-the-stella-black-3-scaled.jpg\",\"contentUrl\":\"https:\\\/\\\/daisyjames.eu\\\/wp-content\\\/uploads\\\/2024\\\/07\\\/dj273-the-stella-black-3-scaled.jpg\",\"width\":2560,\"height\":1706},{\"@type\":\"BreadcrumbList\",\"@id\":\"https:\\\/\\\/daisyjames.eu\\\/fr\\\/collections\\\/the-stella-black\\\/#breadcrumb\",\"itemListElement\":[{\"@type\":\"ListItem\",\"position\":1,\"name\":\"Home\",\"item\":\"https:\\\/\\\/daisyjames.eu\\\/fr\\\/\"},{\"@type\":\"ListItem\",\"position\":2,\"name\":\"Tous les rev\u00eatements muraux\",\"item\":\"https:\\\/\\\/daisyjames.eu\\\/fr\\\/boutique\\\/\"},{\"@type\":\"ListItem\",\"position\":3,\"name\":\"The Stella Black\"}]},{\"@type\":\"WebSite\",\"@id\":\"https:\\\/\\\/daisyjames.eu\\\/#website\",\"url\":\"https:\\\/\\\/daisyjames.eu\\\/\",\"name\":\"Daisy James\",\"description\":\"\",\"publisher\":{\"@id\":\"https:\\\/\\\/daisyjames.eu\\\/#organization\"},\"potentialAction\":[{\"@type\":\"SearchAction\",\"target\":{\"@type\":\"EntryPoint\",\"urlTemplate\":\"https:\\\/\\\/daisyjames.eu\\\/?s={search_term_string}\"},\"query-input\":{\"@type\":\"PropertyValueSpecification\",\"valueRequired\":true,\"valueName\":\"search_term_string\"}}],\"inLanguage\":\"fr-FR\"},{\"@type\":\"Organization\",\"@id\":\"https:\\\/\\\/daisyjames.eu\\\/#organization\",\"name\":\"Daisy James\",\"url\":\"https:\\\/\\\/daisyjames.eu\\\/\",\"logo\":{\"@type\":\"ImageObject\",\"inLanguage\":\"fr-FR\",\"@id\":\"https:\\\/\\\/daisyjames.eu\\\/#\\\/schema\\\/logo\\\/image\\\/\",\"url\":\"https:\\\/\\\/daisyjames.eu\\\/wp-content\\\/uploads\\\/2024\\\/09\\\/LogoDJzwart-1.png\",\"contentUrl\":\"https:\\\/\\\/daisyjames.eu\\\/wp-content\\\/uploads\\\/2024\\\/09\\\/LogoDJzwart-1.png\",\"width\":1125,\"height\":199,\"caption\":\"Daisy James\"},\"image\":{\"@id\":\"https:\\\/\\\/daisyjames.eu\\\/#\\\/schema\\\/logo\\\/image\\\/\"},\"sameAs\":[\"https:\\\/\\\/www.facebook.com\\\/Daisyjamesinteriorwallcovering\\\/\",\"https:\\\/\\\/x.com\\\/daisyjamesinterior\",\"https:\\\/\\\/pinterest.com\\\/daisyjameswallcovers\\\/\",\"https:\\\/\\\/nl.linkedin.com\\\/company\\\/d-a-i-s-y-j-a-m-e-s-interior-collection\"]}]}<\/script>\n<!-- \/ Yoast SEO Premium plugin. -->","yoast_head_json":{"title":"The Stella Black - Papier peint abstrait ludique | daisy james","description":"\"The Stella black\" par daisy james : papier peint unique avec des d\u00e9tails cach\u00e9s, inspir\u00e9 par Angry Birds. Un design amusant et captivant, plein de richesse ludique.","robots":{"index":"index","follow":"follow","max-snippet":"max-snippet:-1","max-image-preview":"max-image-preview:large","max-video-preview":"max-video-preview:-1"},"canonical":"https:\/\/daisyjames.eu\/fr\/collections\/the-stella-black\/","schema":{"@context":"https:\/\/schema.org","@graph":[{"@type":"WebPage","@id":"https:\/\/daisyjames.eu\/fr\/collections\/the-stella-black\/","url":"https:\/\/daisyjames.eu\/fr\/collections\/the-stella-black\/","name":"The Stella Black - Papier peint abstrait ludique | daisy james","isPartOf":{"@id":"https:\/\/daisyjames.eu\/#website"},"primaryImageOfPage":{"@id":"https:\/\/daisyjames.eu\/fr\/collections\/the-stella-black\/#primaryimage"},"image":{"@id":"https:\/\/daisyjames.eu\/fr\/collections\/the-stella-black\/#primaryimage"},"thumbnailUrl":"https:\/\/daisyjames.eu\/wp-content\/uploads\/2024\/07\/dj273-the-stella-black-3-scaled.jpg","datePublished":"2023-06-30T18:00:58+00:00","dateModified":"2025-10-30T12:54:45+00:00","description":"\"The Stella black\" par daisy james : papier peint unique avec des d\u00e9tails cach\u00e9s, inspir\u00e9 par Angry Birds. Un design amusant et captivant, plein de richesse ludique.","breadcrumb":{"@id":"https:\/\/daisyjames.eu\/fr\/collections\/the-stella-black\/#breadcrumb"},"inLanguage":"fr-FR","potentialAction":[{"@type":"ReadAction","target":["https:\/\/daisyjames.eu\/fr\/collections\/the-stella-black\/"]}]},{"@type":"ImageObject","inLanguage":"fr-FR","@id":"https:\/\/daisyjames.eu\/fr\/collections\/the-stella-black\/#primaryimage","url":"https:\/\/daisyjames.eu\/wp-content\/uploads\/2024\/07\/dj273-the-stella-black-3-scaled.jpg","contentUrl":"https:\/\/daisyjames.eu\/wp-content\/uploads\/2024\/07\/dj273-the-stella-black-3-scaled.jpg","width":2560,"height":1706},{"@type":"BreadcrumbList","@id":"https:\/\/daisyjames.eu\/fr\/collections\/the-stella-black\/#breadcrumb","itemListElement":[{"@type":"ListItem","position":1,"name":"Home","item":"https:\/\/daisyjames.eu\/fr\/"},{"@type":"ListItem","position":2,"name":"Tous les rev\u00eatements muraux","item":"https:\/\/daisyjames.eu\/fr\/boutique\/"},{"@type":"ListItem","position":3,"name":"The Stella Black"}]},{"@type":"WebSite","@id":"https:\/\/daisyjames.eu\/#website","url":"https:\/\/daisyjames.eu\/","name":"Daisy James","description":"","publisher":{"@id":"https:\/\/daisyjames.eu\/#organization"},"potentialAction":[{"@type":"SearchAction","target":{"@type":"EntryPoint","urlTemplate":"https:\/\/daisyjames.eu\/?s={search_term_string}"},"query-input":{"@type":"PropertyValueSpecification","valueRequired":true,"valueName":"search_term_string"}}],"inLanguage":"fr-FR"},{"@type":"Organization","@id":"https:\/\/daisyjames.eu\/#organization","name":"Daisy James","url":"https:\/\/daisyjames.eu\/","logo":{"@type":"ImageObject","inLanguage":"fr-FR","@id":"https:\/\/daisyjames.eu\/#\/schema\/logo\/image\/","url":"https:\/\/daisyjames.eu\/wp-content\/uploads\/2024\/09\/LogoDJzwart-1.png","contentUrl":"https:\/\/daisyjames.eu\/wp-content\/uploads\/2024\/09\/LogoDJzwart-1.png","width":1125,"height":199,"caption":"Daisy James"},"image":{"@id":"https:\/\/daisyjames.eu\/#\/schema\/logo\/image\/"},"sameAs":["https:\/\/www.facebook.com\/Daisyjamesinteriorwallcovering\/","https:\/\/x.com\/daisyjamesinterior","https:\/\/pinterest.com\/daisyjameswallcovers\/","https:\/\/nl.linkedin.com\/company\/d-a-i-s-y-j-a-m-e-s-interior-collection"]}]}},"_links":{"self":[{"href":"https:\/\/daisyjames.eu\/fr\/wp-json\/wp\/v2\/product\/16419","targetHints":{"allow":["GET"]}}],"collection":[{"href":"https:\/\/daisyjames.eu\/fr\/wp-json\/wp\/v2\/product"}],"about":[{"href":"https:\/\/daisyjames.eu\/fr\/wp-json\/wp\/v2\/types\/product"}],"replies":[{"embeddable":true,"href":"https:\/\/daisyjames.eu\/fr\/wp-json\/wp\/v2\/comments?post=16419"}],"wp:featuredmedia":[{"embeddable":true,"href":"https:\/\/daisyjames.eu\/fr\/wp-json\/wp\/v2\/media\/12559"}],"wp:attachment":[{"href":"https:\/\/daisyjames.eu\/fr\/wp-json\/wp\/v2\/media?parent=16419"}],"wp:term":[{"taxonomy":"product_brand","embeddable":true,"href":"https:\/\/daisyjames.eu\/fr\/wp-json\/wp\/v2\/product_brand?post=16419"},{"taxonomy":"product_cat","embeddable":true,"href":"https:\/\/daisyjames.eu\/fr\/wp-json\/wp\/v2\/product_cat?post=16419"},{"taxonomy":"product_tag","embeddable":true,"href":"https:\/\/daisyjames.eu\/fr\/wp-json\/wp\/v2\/product_tag?post=16419"}],"curies":[{"name":"wp","href":"https:\/\/api.w.org\/{rel}","templated":true}]}}